{"id":18062,"date":"2021-11-02T15:07:39","date_gmt":"2021-11-02T15:07:39","guid":{"rendered":"https:\/\/galerie-institut.com\/produit\/rouault-georges-bay-of-the-dead-1939\/"},"modified":"2025-11-21T17:09:28","modified_gmt":"2025-11-21T17:09:28","slug":"rouault-georges-la-baie-des-trepasses-1939","status":"publish","type":"product","link":"https:\/\/galerie-institut.com\/en\/produit\/rouault-georges-la-baie-des-trepasses-1939\/","title":{"rendered":"Rouault, Georges, Bay of the Dead, 1939"},"content":{"rendered":"<p>1939<\/p>\n<p>Original color etching and aquatint on Montval paper<\/p>\n<p>76.2 x 56.5 cm<\/p>\n<p>Signed and dated by the artist in the plate lower right, signed by the artist in black ink lower right<\/p>\n<p>Printed by Roger Lacouri\u00e8re, Paris<\/p>\n<p>Catalogue raisonn\u00e9 : Rouault 287<\/p>\n","protected":false},"excerpt":{"rendered":"<p>La baie des tr\u00e9pass\u00e9s is a Breton place well known to sailors, for it is in this cove that the ocean is said to bring back all the dead who have perished venturing into the dangerous Raz de Sein. The bright colors of the glowing sun illuminate the men in an apocalyptic atmosphere. Death seems to be in abeyance: are the silhouettes survivors or skeletons? Is it the ocean in which the red sky is reflected, or the rocks of the bay? Dusk or dawn?    <\/p>\n","protected":false},"featured_media":18064,"comment_status":"open","ping_status":"closed","template":"","meta":{"_et_pb_use_builder":"","_et_pb_old_content":"","_et_gb_content_width":""},"product_brand":[],"product_cat":[267,285],"product_tag":[159,268],"class_list":{"0":"post-18062","1":"product","2":"type-product","3":"status-publish","4":"has-post-thumbnail","6":"product_cat-estampes","7":"product_cat-rouault","8":"product_tag-aquatint","9":"product_tag-print","11":"first","12":"instock","13":"shipping-taxable","14":"product-type-simple"},"yoast_head":"<!-- This site is optimized with the Yoast SEO plugin v27.3 - https:\/\/yoast.com\/product\/yoast-seo-wordpress\/ -->\n<title>Rouault, Georges, Bay of the Dead, 1939 - Galerie Institut<\/title>\n<meta name=\"description\" content=\"D\u00e9couvrez l&#039;oeuvre Rouault, Georges, Bay of the Dead, 1939 disponible \u00e0 la Galerie de l&#039;Institut. Si vous \u00eates int\u00e9ress\u00e9.e.s par Rouault, Georges, Bay of the Dead, 1939 merci de nous contacter \u00e0 contact@galerie-institut.com\" \/>\n<meta name=\"robots\" content=\"index, follow, max-snippet:-1, max-image-preview:large, max-video-preview:-1\" \/>\n<link rel=\"canonical\" href=\"https:\/\/galerie-institut.com\/en\/produit\/rouault-georges-la-baie-des-trepasses-1939\/\" \/>\n<meta property=\"og:locale\" content=\"en_US\" \/>\n<meta property=\"og:type\" content=\"article\" \/>\n<meta property=\"og:title\" content=\"Rouault, Georges, Bay of the Dead, 1939 - Galerie Institut\" \/>\n<meta property=\"og:description\" content=\"D\u00e9couvrez l&#039;oeuvre Rouault, Georges, Bay of the Dead, 1939 disponible \u00e0 la Galerie de l&#039;Institut. Si vous \u00eates int\u00e9ress\u00e9.e.s par Rouault, Georges, Bay of the Dead, 1939 merci de nous contacter \u00e0 contact@galerie-institut.com\" \/>\n<meta property=\"og:url\" content=\"https:\/\/galerie-institut.com\/en\/produit\/rouault-georges-la-baie-des-trepasses-1939\/\" \/>\n<meta property=\"og:site_name\" content=\"Galerie Institut\" \/>\n<meta property=\"article:modified_time\" content=\"2025-11-21T17:09:28+00:00\" \/>\n<meta property=\"og:image\" content=\"https:\/\/galerie-institut.com\/wp-content\/uploads\/2021\/11\/rouault-georges-1939-la-baie-des-trepasses.jpg\" \/>\n\t<meta property=\"og:image:width\" content=\"1000\" \/>\n\t<meta property=\"og:image:height\" content=\"1000\" \/>\n\t<meta property=\"og:image:type\" content=\"image\/jpeg\" \/>\n<meta name=\"twitter:card\" content=\"summary_large_image\" \/>\n<script type=\"application\/ld+json\" class=\"yoast-schema-graph\">{\"@context\":\"https:\\\/\\\/schema.org\",\"@graph\":[{\"@type\":\"WebPage\",\"@id\":\"https:\\\/\\\/galerie-institut.com\\\/en\\\/produit\\\/rouault-georges-la-baie-des-trepasses-1939\\\/\",\"url\":\"https:\\\/\\\/galerie-institut.com\\\/en\\\/produit\\\/rouault-georges-la-baie-des-trepasses-1939\\\/\",\"name\":\"Rouault, Georges, Bay of the Dead, 1939 - Galerie Institut\",\"isPartOf\":{\"@id\":\"https:\\\/\\\/galerie-institut.com\\\/en\\\/#website\"},\"primaryImageOfPage\":{\"@id\":\"https:\\\/\\\/galerie-institut.com\\\/en\\\/produit\\\/rouault-georges-la-baie-des-trepasses-1939\\\/#primaryimage\"},\"image\":{\"@id\":\"https:\\\/\\\/galerie-institut.com\\\/en\\\/produit\\\/rouault-georges-la-baie-des-trepasses-1939\\\/#primaryimage\"},\"thumbnailUrl\":\"https:\\\/\\\/galerie-institut.com\\\/wp-content\\\/uploads\\\/2021\\\/11\\\/rouault-georges-1939-la-baie-des-trepasses.jpg\",\"datePublished\":\"2021-11-02T15:07:39+00:00\",\"dateModified\":\"2025-11-21T17:09:28+00:00\",\"description\":\"D\u00e9couvrez l'oeuvre Rouault, Georges, Bay of the Dead, 1939 disponible \u00e0 la Galerie de l'Institut. Si vous \u00eates int\u00e9ress\u00e9.e.s par Rouault, Georges, Bay of the Dead, 1939 merci de nous contacter \u00e0 contact@galerie-institut.com\",\"breadcrumb\":{\"@id\":\"https:\\\/\\\/galerie-institut.com\\\/en\\\/produit\\\/rouault-georges-la-baie-des-trepasses-1939\\\/#breadcrumb\"},\"inLanguage\":\"en-US\",\"potentialAction\":[{\"@type\":\"ReadAction\",\"target\":[\"https:\\\/\\\/galerie-institut.com\\\/en\\\/produit\\\/rouault-georges-la-baie-des-trepasses-1939\\\/\"]}]},{\"@type\":\"ImageObject\",\"inLanguage\":\"en-US\",\"@id\":\"https:\\\/\\\/galerie-institut.com\\\/en\\\/produit\\\/rouault-georges-la-baie-des-trepasses-1939\\\/#primaryimage\",\"url\":\"https:\\\/\\\/galerie-institut.com\\\/wp-content\\\/uploads\\\/2021\\\/11\\\/rouault-georges-1939-la-baie-des-trepasses.jpg\",\"contentUrl\":\"https:\\\/\\\/galerie-institut.com\\\/wp-content\\\/uploads\\\/2021\\\/11\\\/rouault-georges-1939-la-baie-des-trepasses.jpg\",\"width\":1000,\"height\":1000},{\"@type\":\"BreadcrumbList\",\"@id\":\"https:\\\/\\\/galerie-institut.com\\\/en\\\/produit\\\/rouault-georges-la-baie-des-trepasses-1939\\\/#breadcrumb\",\"itemListElement\":[{\"@type\":\"ListItem\",\"position\":1,\"name\":\"Accueil\",\"item\":\"https:\\\/\\\/galerie-institut.com\\\/en\\\/accueil\\\/\"},{\"@type\":\"ListItem\",\"position\":2,\"name\":\"Boutique\",\"item\":\"https:\\\/\\\/galerie-institut.com\\\/?page_id=8607\"},{\"@type\":\"ListItem\",\"position\":3,\"name\":\"Rouault, Georges, Bay of the Dead, 1939\"}]},{\"@type\":\"WebSite\",\"@id\":\"https:\\\/\\\/galerie-institut.com\\\/en\\\/#website\",\"url\":\"https:\\\/\\\/galerie-institut.com\\\/en\\\/\",\"name\":\"Galerie Institut\",\"description\":\"\",\"potentialAction\":[{\"@type\":\"SearchAction\",\"target\":{\"@type\":\"EntryPoint\",\"urlTemplate\":\"https:\\\/\\\/galerie-institut.com\\\/en\\\/?s={search_term_string}\"},\"query-input\":{\"@type\":\"PropertyValueSpecification\",\"valueRequired\":true,\"valueName\":\"search_term_string\"}}],\"inLanguage\":\"en-US\"}]}<\/script>\n<!-- \/ Yoast SEO plugin. -->","yoast_head_json":{"title":"Rouault, Georges, Bay of the Dead, 1939 - Galerie Institut","description":"D\u00e9couvrez l'oeuvre Rouault, Georges, Bay of the Dead, 1939 disponible \u00e0 la Galerie de l'Institut. Si vous \u00eates int\u00e9ress\u00e9.e.s par Rouault, Georges, Bay of the Dead, 1939 merci de nous contacter \u00e0 contact@galerie-institut.com","robots":{"index":"index","follow":"follow","max-snippet":"max-snippet:-1","max-image-preview":"max-image-preview:large","max-video-preview":"max-video-preview:-1"},"canonical":"https:\/\/galerie-institut.com\/en\/produit\/rouault-georges-la-baie-des-trepasses-1939\/","og_locale":"en_US","og_type":"article","og_title":"Rouault, Georges, Bay of the Dead, 1939 - Galerie Institut","og_description":"D\u00e9couvrez l'oeuvre Rouault, Georges, Bay of the Dead, 1939 disponible \u00e0 la Galerie de l'Institut. Si vous \u00eates int\u00e9ress\u00e9.e.s par Rouault, Georges, Bay of the Dead, 1939 merci de nous contacter \u00e0 contact@galerie-institut.com","og_url":"https:\/\/galerie-institut.com\/en\/produit\/rouault-georges-la-baie-des-trepasses-1939\/","og_site_name":"Galerie Institut","article_modified_time":"2025-11-21T17:09:28+00:00","og_image":[{"width":1000,"height":1000,"url":"https:\/\/galerie-institut.com\/wp-content\/uploads\/2021\/11\/rouault-georges-1939-la-baie-des-trepasses.jpg","type":"image\/jpeg"}],"twitter_card":"summary_large_image","schema":{"@context":"https:\/\/schema.org","@graph":[{"@type":"WebPage","@id":"https:\/\/galerie-institut.com\/en\/produit\/rouault-georges-la-baie-des-trepasses-1939\/","url":"https:\/\/galerie-institut.com\/en\/produit\/rouault-georges-la-baie-des-trepasses-1939\/","name":"Rouault, Georges, Bay of the Dead, 1939 - Galerie Institut","isPartOf":{"@id":"https:\/\/galerie-institut.com\/en\/#website"},"primaryImageOfPage":{"@id":"https:\/\/galerie-institut.com\/en\/produit\/rouault-georges-la-baie-des-trepasses-1939\/#primaryimage"},"image":{"@id":"https:\/\/galerie-institut.com\/en\/produit\/rouault-georges-la-baie-des-trepasses-1939\/#primaryimage"},"thumbnailUrl":"https:\/\/galerie-institut.com\/wp-content\/uploads\/2021\/11\/rouault-georges-1939-la-baie-des-trepasses.jpg","datePublished":"2021-11-02T15:07:39+00:00","dateModified":"2025-11-21T17:09:28+00:00","description":"D\u00e9couvrez l'oeuvre Rouault, Georges, Bay of the Dead, 1939 disponible \u00e0 la Galerie de l'Institut. Si vous \u00eates int\u00e9ress\u00e9.e.s par Rouault, Georges, Bay of the Dead, 1939 merci de nous contacter \u00e0 contact@galerie-institut.com","breadcrumb":{"@id":"https:\/\/galerie-institut.com\/en\/produit\/rouault-georges-la-baie-des-trepasses-1939\/#breadcrumb"},"inLanguage":"en-US","potentialAction":[{"@type":"ReadAction","target":["https:\/\/galerie-institut.com\/en\/produit\/rouault-georges-la-baie-des-trepasses-1939\/"]}]},{"@type":"ImageObject","inLanguage":"en-US","@id":"https:\/\/galerie-institut.com\/en\/produit\/rouault-georges-la-baie-des-trepasses-1939\/#primaryimage","url":"https:\/\/galerie-institut.com\/wp-content\/uploads\/2021\/11\/rouault-georges-1939-la-baie-des-trepasses.jpg","contentUrl":"https:\/\/galerie-institut.com\/wp-content\/uploads\/2021\/11\/rouault-georges-1939-la-baie-des-trepasses.jpg","width":1000,"height":1000},{"@type":"BreadcrumbList","@id":"https:\/\/galerie-institut.com\/en\/produit\/rouault-georges-la-baie-des-trepasses-1939\/#breadcrumb","itemListElement":[{"@type":"ListItem","position":1,"name":"Accueil","item":"https:\/\/galerie-institut.com\/en\/accueil\/"},{"@type":"ListItem","position":2,"name":"Boutique","item":"https:\/\/galerie-institut.com\/?page_id=8607"},{"@type":"ListItem","position":3,"name":"Rouault, Georges, Bay of the Dead, 1939"}]},{"@type":"WebSite","@id":"https:\/\/galerie-institut.com\/en\/#website","url":"https:\/\/galerie-institut.com\/en\/","name":"Galerie Institut","description":"","potentialAction":[{"@type":"SearchAction","target":{"@type":"EntryPoint","urlTemplate":"https:\/\/galerie-institut.com\/en\/?s={search_term_string}"},"query-input":{"@type":"PropertyValueSpecification","valueRequired":true,"valueName":"search_term_string"}}],"inLanguage":"en-US"}]}},"_links":{"self":[{"href":"https:\/\/galerie-institut.com\/en\/wp-json\/wp\/v2\/product\/18062","targetHints":{"allow":["GET"]}}],"collection":[{"href":"https:\/\/galerie-institut.com\/en\/wp-json\/wp\/v2\/product"}],"about":[{"href":"https:\/\/galerie-institut.com\/en\/wp-json\/wp\/v2\/types\/product"}],"replies":[{"embeddable":true,"href":"https:\/\/galerie-institut.com\/en\/wp-json\/wp\/v2\/comments?post=18062"}],"wp:featuredmedia":[{"embeddable":true,"href":"https:\/\/galerie-institut.com\/en\/wp-json\/wp\/v2\/media\/18064"}],"wp:attachment":[{"href":"https:\/\/galerie-institut.com\/en\/wp-json\/wp\/v2\/media?parent=18062"}],"wp:term":[{"taxonomy":"product_brand","embeddable":true,"href":"https:\/\/galerie-institut.com\/en\/wp-json\/wp\/v2\/product_brand?post=18062"},{"taxonomy":"product_cat","embeddable":true,"href":"https:\/\/galerie-institut.com\/en\/wp-json\/wp\/v2\/product_cat?post=18062"},{"taxonomy":"product_tag","embeddable":true,"href":"https:\/\/galerie-institut.com\/en\/wp-json\/wp\/v2\/product_tag?post=18062"}],"curies":[{"name":"wp","href":"https:\/\/api.w.org\/{rel}","templated":true}]}}