{"id":18055,"date":"2021-11-02T15:27:25","date_gmt":"2021-11-02T15:27:25","guid":{"rendered":"https:\/\/galerie-institut.com\/produit\/rouault-georges-le-pere-ubu-chantre-1928\/"},"modified":"2025-11-21T17:09:26","modified_gmt":"2025-11-21T17:09:26","slug":"rouault-georges-reincarnations-du-pere-ubu-le-pere-ubu-chantre-1918","status":"publish","type":"product","link":"https:\/\/galerie-institut.com\/en\/produit\/rouault-georges-reincarnations-du-pere-ubu-le-pere-ubu-chantre-1918\/","title":{"rendered":"Rouault, Georges, Le P\u00e8re Ubu chantre, 1928"},"content":{"rendered":"<p>1928<\/p>\n<p>Original etching in black for Ambroise Vollard&#8217;s <em>Les <\/em><em>R\u00e9incarnations du P\u00e8re Ubu<\/em>, Paris, Vollard \u00e9diteur, 1932<\/p>\n<p>56 x 37, 3 cm<\/p>\n<p>Signed and dated by the artist in the plate lower left<\/p>\n<p>Catalogue raisonn\u00e9 : Rouault 13<\/p>\n","protected":false},"excerpt":{"rendered":"<p>Ambroise Vollard was Georges Rouault&#8217;s dealer from the 1910s. Also an art publisher, Vollard commissioned numerous works from the painter, including illustrations for his own writings. Rouault produced twenty-one illustrations for <em>R\u00e9incarnations du p\u00e8re Ubu<\/em>, a book about Alfred Jarry&#8217;s play <em>Ubu Roi<\/em>.  <\/p>\n<p>The engravings don&#8217;t correspond exactly to Vollard&#8217;s narrative line; the text is the starting point for an original adventure imagined by the artist. He elevates<em>Ubu <\/em>Roi&#8217;s characters to archetypes: the crooked politician, the opportunistic voter, the ridiculous colonist&#8230; Thanks to their representation in the simplicity of a pause and the density of an atmosphere, they become timeless. <\/p>\n","protected":false},"featured_media":18056,"comment_status":"open","ping_status":"closed","template":"","meta":{"_et_pb_use_builder":"","_et_pb_old_content":"","_et_gb_content_width":""},"product_brand":[],"product_cat":[267,285],"product_tag":[174,268],"class_list":{"0":"post-18055","1":"product","2":"type-product","3":"status-publish","4":"has-post-thumbnail","6":"product_cat-estampes","7":"product_cat-rouault","8":"product_tag-etching","9":"product_tag-print","11":"first","12":"instock","13":"shipping-taxable","14":"product-type-simple"},"yoast_head":"<!-- This site is optimized with the Yoast SEO plugin v27.3 - https:\/\/yoast.com\/product\/yoast-seo-wordpress\/ -->\n<title>Rouault, Georges, Le P\u00e8re Ubu chantre, 1928 - Galerie Institut<\/title>\n<meta name=\"description\" content=\"D\u00e9couvrez l&#039;oeuvre Rouault, Georges, Le P\u00e8re Ubu chantre, 1928 disponible \u00e0 la Galerie de l&#039;Institut. Si vous \u00eates int\u00e9ress\u00e9.e.s par Rouault, Georges, Le P\u00e8re Ubu chantre, 1928 merci de nous contacter \u00e0 contact@galerie-institut.com\" \/>\n<meta name=\"robots\" content=\"index, follow, max-snippet:-1, max-image-preview:large, max-video-preview:-1\" \/>\n<link rel=\"canonical\" href=\"https:\/\/galerie-institut.com\/en\/produit\/rouault-georges-reincarnations-du-pere-ubu-le-pere-ubu-chantre-1918\/\" \/>\n<meta property=\"og:locale\" content=\"en_US\" \/>\n<meta property=\"og:type\" content=\"article\" \/>\n<meta property=\"og:title\" content=\"Rouault, Georges, Le P\u00e8re Ubu chantre, 1928 - Galerie Institut\" \/>\n<meta property=\"og:description\" content=\"D\u00e9couvrez l&#039;oeuvre Rouault, Georges, Le P\u00e8re Ubu chantre, 1928 disponible \u00e0 la Galerie de l&#039;Institut. Si vous \u00eates int\u00e9ress\u00e9.e.s par Rouault, Georges, Le P\u00e8re Ubu chantre, 1928 merci de nous contacter \u00e0 contact@galerie-institut.com\" \/>\n<meta property=\"og:url\" content=\"https:\/\/galerie-institut.com\/en\/produit\/rouault-georges-reincarnations-du-pere-ubu-le-pere-ubu-chantre-1918\/\" \/>\n<meta property=\"og:site_name\" content=\"Galerie Institut\" \/>\n<meta property=\"article:modified_time\" content=\"2025-11-21T17:09:26+00:00\" \/>\n<meta property=\"og:image\" content=\"https:\/\/galerie-institut.com\/wp-content\/uploads\/2021\/11\/rouault-georges-1918-reincarnations-du-pere-ubu-le-pere-ubu-chantre.jpg\" \/>\n\t<meta property=\"og:image:width\" content=\"1000\" \/>\n\t<meta property=\"og:image:height\" content=\"1000\" \/>\n\t<meta property=\"og:image:type\" content=\"image\/jpeg\" \/>\n<meta name=\"twitter:card\" content=\"summary_large_image\" \/>\n<script type=\"application\/ld+json\" class=\"yoast-schema-graph\">{\"@context\":\"https:\\\/\\\/schema.org\",\"@graph\":[{\"@type\":\"WebPage\",\"@id\":\"https:\\\/\\\/galerie-institut.com\\\/en\\\/produit\\\/rouault-georges-reincarnations-du-pere-ubu-le-pere-ubu-chantre-1918\\\/\",\"url\":\"https:\\\/\\\/galerie-institut.com\\\/en\\\/produit\\\/rouault-georges-reincarnations-du-pere-ubu-le-pere-ubu-chantre-1918\\\/\",\"name\":\"Rouault, Georges, Le P\u00e8re Ubu chantre, 1928 - Galerie Institut\",\"isPartOf\":{\"@id\":\"https:\\\/\\\/galerie-institut.com\\\/en\\\/#website\"},\"primaryImageOfPage\":{\"@id\":\"https:\\\/\\\/galerie-institut.com\\\/en\\\/produit\\\/rouault-georges-reincarnations-du-pere-ubu-le-pere-ubu-chantre-1918\\\/#primaryimage\"},\"image\":{\"@id\":\"https:\\\/\\\/galerie-institut.com\\\/en\\\/produit\\\/rouault-georges-reincarnations-du-pere-ubu-le-pere-ubu-chantre-1918\\\/#primaryimage\"},\"thumbnailUrl\":\"https:\\\/\\\/galerie-institut.com\\\/wp-content\\\/uploads\\\/2021\\\/11\\\/rouault-georges-1918-reincarnations-du-pere-ubu-le-pere-ubu-chantre.jpg\",\"datePublished\":\"2021-11-02T15:27:25+00:00\",\"dateModified\":\"2025-11-21T17:09:26+00:00\",\"description\":\"D\u00e9couvrez l'oeuvre Rouault, Georges, Le P\u00e8re Ubu chantre, 1928 disponible \u00e0 la Galerie de l'Institut. Si vous \u00eates int\u00e9ress\u00e9.e.s par Rouault, Georges, Le P\u00e8re Ubu chantre, 1928 merci de nous contacter \u00e0 contact@galerie-institut.com\",\"breadcrumb\":{\"@id\":\"https:\\\/\\\/galerie-institut.com\\\/en\\\/produit\\\/rouault-georges-reincarnations-du-pere-ubu-le-pere-ubu-chantre-1918\\\/#breadcrumb\"},\"inLanguage\":\"en-US\",\"potentialAction\":[{\"@type\":\"ReadAction\",\"target\":[\"https:\\\/\\\/galerie-institut.com\\\/en\\\/produit\\\/rouault-georges-reincarnations-du-pere-ubu-le-pere-ubu-chantre-1918\\\/\"]}]},{\"@type\":\"ImageObject\",\"inLanguage\":\"en-US\",\"@id\":\"https:\\\/\\\/galerie-institut.com\\\/en\\\/produit\\\/rouault-georges-reincarnations-du-pere-ubu-le-pere-ubu-chantre-1918\\\/#primaryimage\",\"url\":\"https:\\\/\\\/galerie-institut.com\\\/wp-content\\\/uploads\\\/2021\\\/11\\\/rouault-georges-1918-reincarnations-du-pere-ubu-le-pere-ubu-chantre.jpg\",\"contentUrl\":\"https:\\\/\\\/galerie-institut.com\\\/wp-content\\\/uploads\\\/2021\\\/11\\\/rouault-georges-1918-reincarnations-du-pere-ubu-le-pere-ubu-chantre.jpg\",\"width\":1000,\"height\":1000},{\"@type\":\"BreadcrumbList\",\"@id\":\"https:\\\/\\\/galerie-institut.com\\\/en\\\/produit\\\/rouault-georges-reincarnations-du-pere-ubu-le-pere-ubu-chantre-1918\\\/#breadcrumb\",\"itemListElement\":[{\"@type\":\"ListItem\",\"position\":1,\"name\":\"Accueil\",\"item\":\"https:\\\/\\\/galerie-institut.com\\\/en\\\/accueil\\\/\"},{\"@type\":\"ListItem\",\"position\":2,\"name\":\"Boutique\",\"item\":\"https:\\\/\\\/galerie-institut.com\\\/?page_id=8607\"},{\"@type\":\"ListItem\",\"position\":3,\"name\":\"Rouault, Georges, Le P\u00e8re Ubu chantre, 1928\"}]},{\"@type\":\"WebSite\",\"@id\":\"https:\\\/\\\/galerie-institut.com\\\/en\\\/#website\",\"url\":\"https:\\\/\\\/galerie-institut.com\\\/en\\\/\",\"name\":\"Galerie Institut\",\"description\":\"\",\"potentialAction\":[{\"@type\":\"SearchAction\",\"target\":{\"@type\":\"EntryPoint\",\"urlTemplate\":\"https:\\\/\\\/galerie-institut.com\\\/en\\\/?s={search_term_string}\"},\"query-input\":{\"@type\":\"PropertyValueSpecification\",\"valueRequired\":true,\"valueName\":\"search_term_string\"}}],\"inLanguage\":\"en-US\"}]}<\/script>\n<!-- \/ Yoast SEO plugin. -->","yoast_head_json":{"title":"Rouault, Georges, Le P\u00e8re Ubu chantre, 1928 - Galerie Institut","description":"D\u00e9couvrez l'oeuvre Rouault, Georges, Le P\u00e8re Ubu chantre, 1928 disponible \u00e0 la Galerie de l'Institut. Si vous \u00eates int\u00e9ress\u00e9.e.s par Rouault, Georges, Le P\u00e8re Ubu chantre, 1928 merci de nous contacter \u00e0 contact@galerie-institut.com","robots":{"index":"index","follow":"follow","max-snippet":"max-snippet:-1","max-image-preview":"max-image-preview:large","max-video-preview":"max-video-preview:-1"},"canonical":"https:\/\/galerie-institut.com\/en\/produit\/rouault-georges-reincarnations-du-pere-ubu-le-pere-ubu-chantre-1918\/","og_locale":"en_US","og_type":"article","og_title":"Rouault, Georges, Le P\u00e8re Ubu chantre, 1928 - Galerie Institut","og_description":"D\u00e9couvrez l'oeuvre Rouault, Georges, Le P\u00e8re Ubu chantre, 1928 disponible \u00e0 la Galerie de l'Institut. Si vous \u00eates int\u00e9ress\u00e9.e.s par Rouault, Georges, Le P\u00e8re Ubu chantre, 1928 merci de nous contacter \u00e0 contact@galerie-institut.com","og_url":"https:\/\/galerie-institut.com\/en\/produit\/rouault-georges-reincarnations-du-pere-ubu-le-pere-ubu-chantre-1918\/","og_site_name":"Galerie Institut","article_modified_time":"2025-11-21T17:09:26+00:00","og_image":[{"width":1000,"height":1000,"url":"https:\/\/galerie-institut.com\/wp-content\/uploads\/2021\/11\/rouault-georges-1918-reincarnations-du-pere-ubu-le-pere-ubu-chantre.jpg","type":"image\/jpeg"}],"twitter_card":"summary_large_image","schema":{"@context":"https:\/\/schema.org","@graph":[{"@type":"WebPage","@id":"https:\/\/galerie-institut.com\/en\/produit\/rouault-georges-reincarnations-du-pere-ubu-le-pere-ubu-chantre-1918\/","url":"https:\/\/galerie-institut.com\/en\/produit\/rouault-georges-reincarnations-du-pere-ubu-le-pere-ubu-chantre-1918\/","name":"Rouault, Georges, Le P\u00e8re Ubu chantre, 1928 - Galerie Institut","isPartOf":{"@id":"https:\/\/galerie-institut.com\/en\/#website"},"primaryImageOfPage":{"@id":"https:\/\/galerie-institut.com\/en\/produit\/rouault-georges-reincarnations-du-pere-ubu-le-pere-ubu-chantre-1918\/#primaryimage"},"image":{"@id":"https:\/\/galerie-institut.com\/en\/produit\/rouault-georges-reincarnations-du-pere-ubu-le-pere-ubu-chantre-1918\/#primaryimage"},"thumbnailUrl":"https:\/\/galerie-institut.com\/wp-content\/uploads\/2021\/11\/rouault-georges-1918-reincarnations-du-pere-ubu-le-pere-ubu-chantre.jpg","datePublished":"2021-11-02T15:27:25+00:00","dateModified":"2025-11-21T17:09:26+00:00","description":"D\u00e9couvrez l'oeuvre Rouault, Georges, Le P\u00e8re Ubu chantre, 1928 disponible \u00e0 la Galerie de l'Institut. Si vous \u00eates int\u00e9ress\u00e9.e.s par Rouault, Georges, Le P\u00e8re Ubu chantre, 1928 merci de nous contacter \u00e0 contact@galerie-institut.com","breadcrumb":{"@id":"https:\/\/galerie-institut.com\/en\/produit\/rouault-georges-reincarnations-du-pere-ubu-le-pere-ubu-chantre-1918\/#breadcrumb"},"inLanguage":"en-US","potentialAction":[{"@type":"ReadAction","target":["https:\/\/galerie-institut.com\/en\/produit\/rouault-georges-reincarnations-du-pere-ubu-le-pere-ubu-chantre-1918\/"]}]},{"@type":"ImageObject","inLanguage":"en-US","@id":"https:\/\/galerie-institut.com\/en\/produit\/rouault-georges-reincarnations-du-pere-ubu-le-pere-ubu-chantre-1918\/#primaryimage","url":"https:\/\/galerie-institut.com\/wp-content\/uploads\/2021\/11\/rouault-georges-1918-reincarnations-du-pere-ubu-le-pere-ubu-chantre.jpg","contentUrl":"https:\/\/galerie-institut.com\/wp-content\/uploads\/2021\/11\/rouault-georges-1918-reincarnations-du-pere-ubu-le-pere-ubu-chantre.jpg","width":1000,"height":1000},{"@type":"BreadcrumbList","@id":"https:\/\/galerie-institut.com\/en\/produit\/rouault-georges-reincarnations-du-pere-ubu-le-pere-ubu-chantre-1918\/#breadcrumb","itemListElement":[{"@type":"ListItem","position":1,"name":"Accueil","item":"https:\/\/galerie-institut.com\/en\/accueil\/"},{"@type":"ListItem","position":2,"name":"Boutique","item":"https:\/\/galerie-institut.com\/?page_id=8607"},{"@type":"ListItem","position":3,"name":"Rouault, Georges, Le P\u00e8re Ubu chantre, 1928"}]},{"@type":"WebSite","@id":"https:\/\/galerie-institut.com\/en\/#website","url":"https:\/\/galerie-institut.com\/en\/","name":"Galerie Institut","description":"","potentialAction":[{"@type":"SearchAction","target":{"@type":"EntryPoint","urlTemplate":"https:\/\/galerie-institut.com\/en\/?s={search_term_string}"},"query-input":{"@type":"PropertyValueSpecification","valueRequired":true,"valueName":"search_term_string"}}],"inLanguage":"en-US"}]}},"_links":{"self":[{"href":"https:\/\/galerie-institut.com\/en\/wp-json\/wp\/v2\/product\/18055","targetHints":{"allow":["GET"]}}],"collection":[{"href":"https:\/\/galerie-institut.com\/en\/wp-json\/wp\/v2\/product"}],"about":[{"href":"https:\/\/galerie-institut.com\/en\/wp-json\/wp\/v2\/types\/product"}],"replies":[{"embeddable":true,"href":"https:\/\/galerie-institut.com\/en\/wp-json\/wp\/v2\/comments?post=18055"}],"wp:featuredmedia":[{"embeddable":true,"href":"https:\/\/galerie-institut.com\/en\/wp-json\/wp\/v2\/media\/18056"}],"wp:attachment":[{"href":"https:\/\/galerie-institut.com\/en\/wp-json\/wp\/v2\/media?parent=18055"}],"wp:term":[{"taxonomy":"product_brand","embeddable":true,"href":"https:\/\/galerie-institut.com\/en\/wp-json\/wp\/v2\/product_brand?post=18055"},{"taxonomy":"product_cat","embeddable":true,"href":"https:\/\/galerie-institut.com\/en\/wp-json\/wp\/v2\/product_cat?post=18055"},{"taxonomy":"product_tag","embeddable":true,"href":"https:\/\/galerie-institut.com\/en\/wp-json\/wp\/v2\/product_tag?post=18055"}],"curies":[{"name":"wp","href":"https:\/\/api.w.org\/{rel}","templated":true}]}}