{"id":18053,"date":"2021-11-02T15:33:53","date_gmt":"2021-11-02T15:33:53","guid":{"rendered":"https:\/\/galerie-institut.com\/produit\/rouault-georges-miserere-study-1922\/"},"modified":"2025-11-21T17:09:19","modified_gmt":"2025-11-21T17:09:19","slug":"rouault-georges-miserere-pl-lviii-pl-xxxiii-1922","status":"publish","type":"product","link":"https:\/\/galerie-institut.com\/en\/produit\/rouault-georges-miserere-pl-lviii-pl-xxxiii-1922\/","title":{"rendered":"Rouault, Georges, Miserere Study, 1922"},"content":{"rendered":"<p>1922<\/p>\n<p>Rotogravure and gouache on paper, study for <em>Miserere<\/em>, Paris, Edition L&#8217;Etoile filante, 1948, plate LVIII inscribed with plate XXXIII<\/p>\n<p>65.5 x 50.5 cm<\/p>\n<p>One-of-a-kind print signed and dated in the lower right-hand plate &#8220;GR\/ 1922&#8221;<\/p>\n<p>Annotated in gouache at bottom &#8220;V\u00e9ronique au tendre lin J\u00e9sus passera toujours sur le chemin du&#8221;, in pencil in the lower right margin &#8220;V\u00e9ronique au tendre lin&#8221;, and in black ink &#8220;Ve&#8221;, signed and dated by the artist in the lower right plate<\/p>\n<p>Unique work<\/p>\n<p>Catalogue raisonn\u00e9 : Rouault 86 and 111<\/p>\n","protected":false},"excerpt":{"rendered":"<p><em>Miserere<\/em>, the ancient word for imploring divine mercy, is a vast fresco of the human condition imagined by Georges Rouault. The artist makes misery, in the sense of both indigence and baseness, the common thread running through the human race. Christ is omnipresent in this work. Both human and divine, he is mankind&#8217;s clearest link with God and the hope of mercy.   <\/p>\n<p>The work was extremely long and tedious for the artist, as can be seen from the various states<em>(see catalog raisonn\u00e9<\/em>). The first plates were designed as early as 1914. Printing took place from 1922 to 1927, under the close supervision of Georges Rouault, before <em>Miserere<\/em> was finally published in 1948.  <\/p>\n<p>The Christ depicted, tired and silent, seems very human. But this is not an immediate portrait of his face, but rather that of the cloth Veronica handed to Jesus on the way to the cross, on which his face was imprinted. <\/p>\n","protected":false},"featured_media":18054,"comment_status":"open","ping_status":"closed","template":"","meta":{"_et_pb_use_builder":"","_et_pb_old_content":"","_et_gb_content_width":""},"product_brand":[],"product_cat":[267,285],"product_tag":[177,311,268],"class_list":{"0":"post-18053","1":"product","2":"type-product","3":"status-publish","4":"has-post-thumbnail","6":"product_cat-estampes","7":"product_cat-rouault","8":"product_tag-gouache-en","9":"product_tag-gravure-printing","10":"product_tag-print","12":"first","13":"instock","14":"shipping-taxable","15":"product-type-simple"},"yoast_head":"<!-- This site is optimized with the Yoast SEO plugin v27.3 - https:\/\/yoast.com\/product\/yoast-seo-wordpress\/ -->\n<title>Rouault, Georges, Miserere Study, 1922 - Galerie Institut<\/title>\n<meta name=\"description\" content=\"D\u00e9couvrez l&#039;oeuvre Rouault, Georges, Miserere Study, 1922 disponible \u00e0 la Galerie de l&#039;Institut. Si vous \u00eates int\u00e9ress\u00e9.e.s par Rouault, Georges, Miserere Study, 1922 merci de nous contacter \u00e0 contact@galerie-institut.com\" \/>\n<meta name=\"robots\" content=\"index, follow, max-snippet:-1, max-image-preview:large, max-video-preview:-1\" \/>\n<link rel=\"canonical\" href=\"https:\/\/galerie-institut.com\/en\/produit\/rouault-georges-miserere-pl-lviii-pl-xxxiii-1922\/\" \/>\n<meta property=\"og:locale\" content=\"en_US\" \/>\n<meta property=\"og:type\" content=\"article\" \/>\n<meta property=\"og:title\" content=\"Rouault, Georges, Miserere Study, 1922 - Galerie Institut\" \/>\n<meta property=\"og:description\" content=\"D\u00e9couvrez l&#039;oeuvre Rouault, Georges, Miserere Study, 1922 disponible \u00e0 la Galerie de l&#039;Institut. Si vous \u00eates int\u00e9ress\u00e9.e.s par Rouault, Georges, Miserere Study, 1922 merci de nous contacter \u00e0 contact@galerie-institut.com\" \/>\n<meta property=\"og:url\" content=\"https:\/\/galerie-institut.com\/en\/produit\/rouault-georges-miserere-pl-lviii-pl-xxxiii-1922\/\" \/>\n<meta property=\"og:site_name\" content=\"Galerie Institut\" \/>\n<meta property=\"article:modified_time\" content=\"2025-11-21T17:09:19+00:00\" \/>\n<meta property=\"og:image\" content=\"https:\/\/galerie-institut.com\/wp-content\/uploads\/2021\/11\/rouault-georges-1922-miserere-pl-lviii-pl-xxxiii.jpg\" \/>\n\t<meta property=\"og:image:width\" content=\"1000\" \/>\n\t<meta property=\"og:image:height\" content=\"1000\" \/>\n\t<meta property=\"og:image:type\" content=\"image\/jpeg\" \/>\n<meta name=\"twitter:card\" content=\"summary_large_image\" \/>\n<script type=\"application\/ld+json\" class=\"yoast-schema-graph\">{\"@context\":\"https:\\\/\\\/schema.org\",\"@graph\":[{\"@type\":\"WebPage\",\"@id\":\"https:\\\/\\\/galerie-institut.com\\\/en\\\/produit\\\/rouault-georges-miserere-pl-lviii-pl-xxxiii-1922\\\/\",\"url\":\"https:\\\/\\\/galerie-institut.com\\\/en\\\/produit\\\/rouault-georges-miserere-pl-lviii-pl-xxxiii-1922\\\/\",\"name\":\"Rouault, Georges, Miserere Study, 1922 - Galerie Institut\",\"isPartOf\":{\"@id\":\"https:\\\/\\\/galerie-institut.com\\\/en\\\/#website\"},\"primaryImageOfPage\":{\"@id\":\"https:\\\/\\\/galerie-institut.com\\\/en\\\/produit\\\/rouault-georges-miserere-pl-lviii-pl-xxxiii-1922\\\/#primaryimage\"},\"image\":{\"@id\":\"https:\\\/\\\/galerie-institut.com\\\/en\\\/produit\\\/rouault-georges-miserere-pl-lviii-pl-xxxiii-1922\\\/#primaryimage\"},\"thumbnailUrl\":\"https:\\\/\\\/galerie-institut.com\\\/wp-content\\\/uploads\\\/2021\\\/11\\\/rouault-georges-1922-miserere-pl-lviii-pl-xxxiii.jpg\",\"datePublished\":\"2021-11-02T15:33:53+00:00\",\"dateModified\":\"2025-11-21T17:09:19+00:00\",\"description\":\"D\u00e9couvrez l'oeuvre Rouault, Georges, Miserere Study, 1922 disponible \u00e0 la Galerie de l'Institut. Si vous \u00eates int\u00e9ress\u00e9.e.s par Rouault, Georges, Miserere Study, 1922 merci de nous contacter \u00e0 contact@galerie-institut.com\",\"breadcrumb\":{\"@id\":\"https:\\\/\\\/galerie-institut.com\\\/en\\\/produit\\\/rouault-georges-miserere-pl-lviii-pl-xxxiii-1922\\\/#breadcrumb\"},\"inLanguage\":\"en-US\",\"potentialAction\":[{\"@type\":\"ReadAction\",\"target\":[\"https:\\\/\\\/galerie-institut.com\\\/en\\\/produit\\\/rouault-georges-miserere-pl-lviii-pl-xxxiii-1922\\\/\"]}]},{\"@type\":\"ImageObject\",\"inLanguage\":\"en-US\",\"@id\":\"https:\\\/\\\/galerie-institut.com\\\/en\\\/produit\\\/rouault-georges-miserere-pl-lviii-pl-xxxiii-1922\\\/#primaryimage\",\"url\":\"https:\\\/\\\/galerie-institut.com\\\/wp-content\\\/uploads\\\/2021\\\/11\\\/rouault-georges-1922-miserere-pl-lviii-pl-xxxiii.jpg\",\"contentUrl\":\"https:\\\/\\\/galerie-institut.com\\\/wp-content\\\/uploads\\\/2021\\\/11\\\/rouault-georges-1922-miserere-pl-lviii-pl-xxxiii.jpg\",\"width\":1000,\"height\":1000},{\"@type\":\"BreadcrumbList\",\"@id\":\"https:\\\/\\\/galerie-institut.com\\\/en\\\/produit\\\/rouault-georges-miserere-pl-lviii-pl-xxxiii-1922\\\/#breadcrumb\",\"itemListElement\":[{\"@type\":\"ListItem\",\"position\":1,\"name\":\"Accueil\",\"item\":\"https:\\\/\\\/galerie-institut.com\\\/en\\\/accueil\\\/\"},{\"@type\":\"ListItem\",\"position\":2,\"name\":\"Boutique\",\"item\":\"https:\\\/\\\/galerie-institut.com\\\/?page_id=8607\"},{\"@type\":\"ListItem\",\"position\":3,\"name\":\"Rouault, Georges, Miserere Study, 1922\"}]},{\"@type\":\"WebSite\",\"@id\":\"https:\\\/\\\/galerie-institut.com\\\/en\\\/#website\",\"url\":\"https:\\\/\\\/galerie-institut.com\\\/en\\\/\",\"name\":\"Galerie Institut\",\"description\":\"\",\"potentialAction\":[{\"@type\":\"SearchAction\",\"target\":{\"@type\":\"EntryPoint\",\"urlTemplate\":\"https:\\\/\\\/galerie-institut.com\\\/en\\\/?s={search_term_string}\"},\"query-input\":{\"@type\":\"PropertyValueSpecification\",\"valueRequired\":true,\"valueName\":\"search_term_string\"}}],\"inLanguage\":\"en-US\"}]}<\/script>\n<!-- \/ Yoast SEO plugin. -->","yoast_head_json":{"title":"Rouault, Georges, Miserere Study, 1922 - Galerie Institut","description":"D\u00e9couvrez l'oeuvre Rouault, Georges, Miserere Study, 1922 disponible \u00e0 la Galerie de l'Institut. Si vous \u00eates int\u00e9ress\u00e9.e.s par Rouault, Georges, Miserere Study, 1922 merci de nous contacter \u00e0 contact@galerie-institut.com","robots":{"index":"index","follow":"follow","max-snippet":"max-snippet:-1","max-image-preview":"max-image-preview:large","max-video-preview":"max-video-preview:-1"},"canonical":"https:\/\/galerie-institut.com\/en\/produit\/rouault-georges-miserere-pl-lviii-pl-xxxiii-1922\/","og_locale":"en_US","og_type":"article","og_title":"Rouault, Georges, Miserere Study, 1922 - Galerie Institut","og_description":"D\u00e9couvrez l'oeuvre Rouault, Georges, Miserere Study, 1922 disponible \u00e0 la Galerie de l'Institut. Si vous \u00eates int\u00e9ress\u00e9.e.s par Rouault, Georges, Miserere Study, 1922 merci de nous contacter \u00e0 contact@galerie-institut.com","og_url":"https:\/\/galerie-institut.com\/en\/produit\/rouault-georges-miserere-pl-lviii-pl-xxxiii-1922\/","og_site_name":"Galerie Institut","article_modified_time":"2025-11-21T17:09:19+00:00","og_image":[{"width":1000,"height":1000,"url":"https:\/\/galerie-institut.com\/wp-content\/uploads\/2021\/11\/rouault-georges-1922-miserere-pl-lviii-pl-xxxiii.jpg","type":"image\/jpeg"}],"twitter_card":"summary_large_image","schema":{"@context":"https:\/\/schema.org","@graph":[{"@type":"WebPage","@id":"https:\/\/galerie-institut.com\/en\/produit\/rouault-georges-miserere-pl-lviii-pl-xxxiii-1922\/","url":"https:\/\/galerie-institut.com\/en\/produit\/rouault-georges-miserere-pl-lviii-pl-xxxiii-1922\/","name":"Rouault, Georges, Miserere Study, 1922 - Galerie Institut","isPartOf":{"@id":"https:\/\/galerie-institut.com\/en\/#website"},"primaryImageOfPage":{"@id":"https:\/\/galerie-institut.com\/en\/produit\/rouault-georges-miserere-pl-lviii-pl-xxxiii-1922\/#primaryimage"},"image":{"@id":"https:\/\/galerie-institut.com\/en\/produit\/rouault-georges-miserere-pl-lviii-pl-xxxiii-1922\/#primaryimage"},"thumbnailUrl":"https:\/\/galerie-institut.com\/wp-content\/uploads\/2021\/11\/rouault-georges-1922-miserere-pl-lviii-pl-xxxiii.jpg","datePublished":"2021-11-02T15:33:53+00:00","dateModified":"2025-11-21T17:09:19+00:00","description":"D\u00e9couvrez l'oeuvre Rouault, Georges, Miserere Study, 1922 disponible \u00e0 la Galerie de l'Institut. Si vous \u00eates int\u00e9ress\u00e9.e.s par Rouault, Georges, Miserere Study, 1922 merci de nous contacter \u00e0 contact@galerie-institut.com","breadcrumb":{"@id":"https:\/\/galerie-institut.com\/en\/produit\/rouault-georges-miserere-pl-lviii-pl-xxxiii-1922\/#breadcrumb"},"inLanguage":"en-US","potentialAction":[{"@type":"ReadAction","target":["https:\/\/galerie-institut.com\/en\/produit\/rouault-georges-miserere-pl-lviii-pl-xxxiii-1922\/"]}]},{"@type":"ImageObject","inLanguage":"en-US","@id":"https:\/\/galerie-institut.com\/en\/produit\/rouault-georges-miserere-pl-lviii-pl-xxxiii-1922\/#primaryimage","url":"https:\/\/galerie-institut.com\/wp-content\/uploads\/2021\/11\/rouault-georges-1922-miserere-pl-lviii-pl-xxxiii.jpg","contentUrl":"https:\/\/galerie-institut.com\/wp-content\/uploads\/2021\/11\/rouault-georges-1922-miserere-pl-lviii-pl-xxxiii.jpg","width":1000,"height":1000},{"@type":"BreadcrumbList","@id":"https:\/\/galerie-institut.com\/en\/produit\/rouault-georges-miserere-pl-lviii-pl-xxxiii-1922\/#breadcrumb","itemListElement":[{"@type":"ListItem","position":1,"name":"Accueil","item":"https:\/\/galerie-institut.com\/en\/accueil\/"},{"@type":"ListItem","position":2,"name":"Boutique","item":"https:\/\/galerie-institut.com\/?page_id=8607"},{"@type":"ListItem","position":3,"name":"Rouault, Georges, Miserere Study, 1922"}]},{"@type":"WebSite","@id":"https:\/\/galerie-institut.com\/en\/#website","url":"https:\/\/galerie-institut.com\/en\/","name":"Galerie Institut","description":"","potentialAction":[{"@type":"SearchAction","target":{"@type":"EntryPoint","urlTemplate":"https:\/\/galerie-institut.com\/en\/?s={search_term_string}"},"query-input":{"@type":"PropertyValueSpecification","valueRequired":true,"valueName":"search_term_string"}}],"inLanguage":"en-US"}]}},"_links":{"self":[{"href":"https:\/\/galerie-institut.com\/en\/wp-json\/wp\/v2\/product\/18053","targetHints":{"allow":["GET"]}}],"collection":[{"href":"https:\/\/galerie-institut.com\/en\/wp-json\/wp\/v2\/product"}],"about":[{"href":"https:\/\/galerie-institut.com\/en\/wp-json\/wp\/v2\/types\/product"}],"replies":[{"embeddable":true,"href":"https:\/\/galerie-institut.com\/en\/wp-json\/wp\/v2\/comments?post=18053"}],"wp:featuredmedia":[{"embeddable":true,"href":"https:\/\/galerie-institut.com\/en\/wp-json\/wp\/v2\/media\/18054"}],"wp:attachment":[{"href":"https:\/\/galerie-institut.com\/en\/wp-json\/wp\/v2\/media?parent=18053"}],"wp:term":[{"taxonomy":"product_brand","embeddable":true,"href":"https:\/\/galerie-institut.com\/en\/wp-json\/wp\/v2\/product_brand?post=18053"},{"taxonomy":"product_cat","embeddable":true,"href":"https:\/\/galerie-institut.com\/en\/wp-json\/wp\/v2\/product_cat?post=18053"},{"taxonomy":"product_tag","embeddable":true,"href":"https:\/\/galerie-institut.com\/en\/wp-json\/wp\/v2\/product_tag?post=18053"}],"curies":[{"name":"wp","href":"https:\/\/api.w.org\/{rel}","templated":true}]}}