{"id":18049,"date":"2021-11-02T15:43:29","date_gmt":"2021-11-02T15:43:29","guid":{"rendered":"https:\/\/galerie-institut.com\/produit\/rouault-georges-cheval-blanc-or-ecuyere-1930\/"},"modified":"2025-11-21T17:09:18","modified_gmt":"2025-11-21T17:09:18","slug":"rouault-georges-cheval-blanc-ou-ecuyere-1930","status":"publish","type":"product","link":"https:\/\/galerie-institut.com\/en\/produit\/rouault-georges-cheval-blanc-ou-ecuyere-1930\/","title":{"rendered":"Rouault, Georges, Cheval blanc or \u00c9cuy\u00e8re, 1930"},"content":{"rendered":"<p>1930<\/p>\n<p>Original lithograph in black on Arches paper for <em>Saltimbanques<\/em><\/p>\n<p>50.2 x 32.7 cm<\/p>\n<p>Signed by the artist in pencil lower right, dry stamp of the Galerie des Peintres Graveurs lower right<\/p>\n<p>Edmond Frapier \u00e9diteur, Paris<\/p>\n<p>Catalogue raisonn\u00e9 : Rouault 333<\/p>\n","protected":false},"excerpt":{"rendered":"<p>&#8220;Cheval blanc ou \u00c9cuy\u00e8re&#8221; is the last plate in the lithographed suite entitled <em>Saltimbanques<\/em>. The circus is a recurring theme among modern artists. The spectacle is seen as a metaphor for the intensity and immediacy that characterize modern life. For Rouault, the lithographic technique is an opportunity to use the randomness of drips and stains. The depth of the black and its contrast with the whiteness of the horse reflects the intensity of the performance, with spectators holding their breath.    <\/p>\n","protected":false},"featured_media":18050,"comment_status":"open","ping_status":"closed","template":"","meta":{"_et_pb_use_builder":"","_et_pb_old_content":"","_et_gb_content_width":""},"product_brand":[],"product_cat":[267,285],"product_tag":[180,268],"class_list":{"0":"post-18049","1":"product","2":"type-product","3":"status-publish","4":"has-post-thumbnail","6":"product_cat-estampes","7":"product_cat-rouault","8":"product_tag-lithography","9":"product_tag-print","11":"first","12":"instock","13":"shipping-taxable","14":"product-type-simple"},"yoast_head":"<!-- This site is optimized with the Yoast SEO plugin v27.3 - https:\/\/yoast.com\/product\/yoast-seo-wordpress\/ -->\n<title>Rouault, Georges, Cheval blanc or \u00c9cuy\u00e8re, 1930 - Galerie Institut<\/title>\n<meta name=\"description\" content=\"D\u00e9couvrez l&#039;oeuvre Rouault, Georges, Cheval blanc or \u00c9cuy\u00e8re, 1930 disponible \u00e0 la Galerie de l&#039;Institut. Si vous \u00eates int\u00e9ress\u00e9.e.s par Rouault, Georges, Cheval blanc or \u00c9cuy\u00e8re, 1930 merci de nous contacter \u00e0 contact@galerie-institut.com\" \/>\n<meta name=\"robots\" content=\"index, follow, max-snippet:-1, max-image-preview:large, max-video-preview:-1\" \/>\n<link rel=\"canonical\" href=\"https:\/\/galerie-institut.com\/en\/produit\/rouault-georges-cheval-blanc-ou-ecuyere-1930\/\" \/>\n<meta property=\"og:locale\" content=\"en_US\" \/>\n<meta property=\"og:type\" content=\"article\" \/>\n<meta property=\"og:title\" content=\"Rouault, Georges, Cheval blanc or \u00c9cuy\u00e8re, 1930 - Galerie Institut\" \/>\n<meta property=\"og:description\" content=\"D\u00e9couvrez l&#039;oeuvre Rouault, Georges, Cheval blanc or \u00c9cuy\u00e8re, 1930 disponible \u00e0 la Galerie de l&#039;Institut. Si vous \u00eates int\u00e9ress\u00e9.e.s par Rouault, Georges, Cheval blanc or \u00c9cuy\u00e8re, 1930 merci de nous contacter \u00e0 contact@galerie-institut.com\" \/>\n<meta property=\"og:url\" content=\"https:\/\/galerie-institut.com\/en\/produit\/rouault-georges-cheval-blanc-ou-ecuyere-1930\/\" \/>\n<meta property=\"og:site_name\" content=\"Galerie Institut\" \/>\n<meta property=\"article:modified_time\" content=\"2025-11-21T17:09:18+00:00\" \/>\n<meta property=\"og:image\" content=\"https:\/\/galerie-institut.com\/wp-content\/uploads\/2021\/11\/rouault-georges-1930-cheval-blanc-ou-ecuyere.jpg\" \/>\n\t<meta property=\"og:image:width\" content=\"1000\" \/>\n\t<meta property=\"og:image:height\" content=\"1000\" \/>\n\t<meta property=\"og:image:type\" content=\"image\/jpeg\" \/>\n<meta name=\"twitter:card\" content=\"summary_large_image\" \/>\n<script type=\"application\/ld+json\" class=\"yoast-schema-graph\">{\"@context\":\"https:\\\/\\\/schema.org\",\"@graph\":[{\"@type\":\"WebPage\",\"@id\":\"https:\\\/\\\/galerie-institut.com\\\/en\\\/produit\\\/rouault-georges-cheval-blanc-ou-ecuyere-1930\\\/\",\"url\":\"https:\\\/\\\/galerie-institut.com\\\/en\\\/produit\\\/rouault-georges-cheval-blanc-ou-ecuyere-1930\\\/\",\"name\":\"Rouault, Georges, Cheval blanc or \u00c9cuy\u00e8re, 1930 - Galerie Institut\",\"isPartOf\":{\"@id\":\"https:\\\/\\\/galerie-institut.com\\\/en\\\/#website\"},\"primaryImageOfPage\":{\"@id\":\"https:\\\/\\\/galerie-institut.com\\\/en\\\/produit\\\/rouault-georges-cheval-blanc-ou-ecuyere-1930\\\/#primaryimage\"},\"image\":{\"@id\":\"https:\\\/\\\/galerie-institut.com\\\/en\\\/produit\\\/rouault-georges-cheval-blanc-ou-ecuyere-1930\\\/#primaryimage\"},\"thumbnailUrl\":\"https:\\\/\\\/galerie-institut.com\\\/wp-content\\\/uploads\\\/2021\\\/11\\\/rouault-georges-1930-cheval-blanc-ou-ecuyere.jpg\",\"datePublished\":\"2021-11-02T15:43:29+00:00\",\"dateModified\":\"2025-11-21T17:09:18+00:00\",\"description\":\"D\u00e9couvrez l'oeuvre Rouault, Georges, Cheval blanc or \u00c9cuy\u00e8re, 1930 disponible \u00e0 la Galerie de l'Institut. Si vous \u00eates int\u00e9ress\u00e9.e.s par Rouault, Georges, Cheval blanc or \u00c9cuy\u00e8re, 1930 merci de nous contacter \u00e0 contact@galerie-institut.com\",\"breadcrumb\":{\"@id\":\"https:\\\/\\\/galerie-institut.com\\\/en\\\/produit\\\/rouault-georges-cheval-blanc-ou-ecuyere-1930\\\/#breadcrumb\"},\"inLanguage\":\"en-US\",\"potentialAction\":[{\"@type\":\"ReadAction\",\"target\":[\"https:\\\/\\\/galerie-institut.com\\\/en\\\/produit\\\/rouault-georges-cheval-blanc-ou-ecuyere-1930\\\/\"]}]},{\"@type\":\"ImageObject\",\"inLanguage\":\"en-US\",\"@id\":\"https:\\\/\\\/galerie-institut.com\\\/en\\\/produit\\\/rouault-georges-cheval-blanc-ou-ecuyere-1930\\\/#primaryimage\",\"url\":\"https:\\\/\\\/galerie-institut.com\\\/wp-content\\\/uploads\\\/2021\\\/11\\\/rouault-georges-1930-cheval-blanc-ou-ecuyere.jpg\",\"contentUrl\":\"https:\\\/\\\/galerie-institut.com\\\/wp-content\\\/uploads\\\/2021\\\/11\\\/rouault-georges-1930-cheval-blanc-ou-ecuyere.jpg\",\"width\":1000,\"height\":1000},{\"@type\":\"BreadcrumbList\",\"@id\":\"https:\\\/\\\/galerie-institut.com\\\/en\\\/produit\\\/rouault-georges-cheval-blanc-ou-ecuyere-1930\\\/#breadcrumb\",\"itemListElement\":[{\"@type\":\"ListItem\",\"position\":1,\"name\":\"Accueil\",\"item\":\"https:\\\/\\\/galerie-institut.com\\\/en\\\/accueil\\\/\"},{\"@type\":\"ListItem\",\"position\":2,\"name\":\"Boutique\",\"item\":\"https:\\\/\\\/galerie-institut.com\\\/?page_id=8607\"},{\"@type\":\"ListItem\",\"position\":3,\"name\":\"Rouault, Georges, Cheval blanc or \u00c9cuy\u00e8re, 1930\"}]},{\"@type\":\"WebSite\",\"@id\":\"https:\\\/\\\/galerie-institut.com\\\/en\\\/#website\",\"url\":\"https:\\\/\\\/galerie-institut.com\\\/en\\\/\",\"name\":\"Galerie Institut\",\"description\":\"\",\"potentialAction\":[{\"@type\":\"SearchAction\",\"target\":{\"@type\":\"EntryPoint\",\"urlTemplate\":\"https:\\\/\\\/galerie-institut.com\\\/en\\\/?s={search_term_string}\"},\"query-input\":{\"@type\":\"PropertyValueSpecification\",\"valueRequired\":true,\"valueName\":\"search_term_string\"}}],\"inLanguage\":\"en-US\"}]}<\/script>\n<!-- \/ Yoast SEO plugin. -->","yoast_head_json":{"title":"Rouault, Georges, Cheval blanc or \u00c9cuy\u00e8re, 1930 - Galerie Institut","description":"D\u00e9couvrez l'oeuvre Rouault, Georges, Cheval blanc or \u00c9cuy\u00e8re, 1930 disponible \u00e0 la Galerie de l'Institut. Si vous \u00eates int\u00e9ress\u00e9.e.s par Rouault, Georges, Cheval blanc or \u00c9cuy\u00e8re, 1930 merci de nous contacter \u00e0 contact@galerie-institut.com","robots":{"index":"index","follow":"follow","max-snippet":"max-snippet:-1","max-image-preview":"max-image-preview:large","max-video-preview":"max-video-preview:-1"},"canonical":"https:\/\/galerie-institut.com\/en\/produit\/rouault-georges-cheval-blanc-ou-ecuyere-1930\/","og_locale":"en_US","og_type":"article","og_title":"Rouault, Georges, Cheval blanc or \u00c9cuy\u00e8re, 1930 - Galerie Institut","og_description":"D\u00e9couvrez l'oeuvre Rouault, Georges, Cheval blanc or \u00c9cuy\u00e8re, 1930 disponible \u00e0 la Galerie de l'Institut. Si vous \u00eates int\u00e9ress\u00e9.e.s par Rouault, Georges, Cheval blanc or \u00c9cuy\u00e8re, 1930 merci de nous contacter \u00e0 contact@galerie-institut.com","og_url":"https:\/\/galerie-institut.com\/en\/produit\/rouault-georges-cheval-blanc-ou-ecuyere-1930\/","og_site_name":"Galerie Institut","article_modified_time":"2025-11-21T17:09:18+00:00","og_image":[{"width":1000,"height":1000,"url":"https:\/\/galerie-institut.com\/wp-content\/uploads\/2021\/11\/rouault-georges-1930-cheval-blanc-ou-ecuyere.jpg","type":"image\/jpeg"}],"twitter_card":"summary_large_image","schema":{"@context":"https:\/\/schema.org","@graph":[{"@type":"WebPage","@id":"https:\/\/galerie-institut.com\/en\/produit\/rouault-georges-cheval-blanc-ou-ecuyere-1930\/","url":"https:\/\/galerie-institut.com\/en\/produit\/rouault-georges-cheval-blanc-ou-ecuyere-1930\/","name":"Rouault, Georges, Cheval blanc or \u00c9cuy\u00e8re, 1930 - Galerie Institut","isPartOf":{"@id":"https:\/\/galerie-institut.com\/en\/#website"},"primaryImageOfPage":{"@id":"https:\/\/galerie-institut.com\/en\/produit\/rouault-georges-cheval-blanc-ou-ecuyere-1930\/#primaryimage"},"image":{"@id":"https:\/\/galerie-institut.com\/en\/produit\/rouault-georges-cheval-blanc-ou-ecuyere-1930\/#primaryimage"},"thumbnailUrl":"https:\/\/galerie-institut.com\/wp-content\/uploads\/2021\/11\/rouault-georges-1930-cheval-blanc-ou-ecuyere.jpg","datePublished":"2021-11-02T15:43:29+00:00","dateModified":"2025-11-21T17:09:18+00:00","description":"D\u00e9couvrez l'oeuvre Rouault, Georges, Cheval blanc or \u00c9cuy\u00e8re, 1930 disponible \u00e0 la Galerie de l'Institut. Si vous \u00eates int\u00e9ress\u00e9.e.s par Rouault, Georges, Cheval blanc or \u00c9cuy\u00e8re, 1930 merci de nous contacter \u00e0 contact@galerie-institut.com","breadcrumb":{"@id":"https:\/\/galerie-institut.com\/en\/produit\/rouault-georges-cheval-blanc-ou-ecuyere-1930\/#breadcrumb"},"inLanguage":"en-US","potentialAction":[{"@type":"ReadAction","target":["https:\/\/galerie-institut.com\/en\/produit\/rouault-georges-cheval-blanc-ou-ecuyere-1930\/"]}]},{"@type":"ImageObject","inLanguage":"en-US","@id":"https:\/\/galerie-institut.com\/en\/produit\/rouault-georges-cheval-blanc-ou-ecuyere-1930\/#primaryimage","url":"https:\/\/galerie-institut.com\/wp-content\/uploads\/2021\/11\/rouault-georges-1930-cheval-blanc-ou-ecuyere.jpg","contentUrl":"https:\/\/galerie-institut.com\/wp-content\/uploads\/2021\/11\/rouault-georges-1930-cheval-blanc-ou-ecuyere.jpg","width":1000,"height":1000},{"@type":"BreadcrumbList","@id":"https:\/\/galerie-institut.com\/en\/produit\/rouault-georges-cheval-blanc-ou-ecuyere-1930\/#breadcrumb","itemListElement":[{"@type":"ListItem","position":1,"name":"Accueil","item":"https:\/\/galerie-institut.com\/en\/accueil\/"},{"@type":"ListItem","position":2,"name":"Boutique","item":"https:\/\/galerie-institut.com\/?page_id=8607"},{"@type":"ListItem","position":3,"name":"Rouault, Georges, Cheval blanc or \u00c9cuy\u00e8re, 1930"}]},{"@type":"WebSite","@id":"https:\/\/galerie-institut.com\/en\/#website","url":"https:\/\/galerie-institut.com\/en\/","name":"Galerie Institut","description":"","potentialAction":[{"@type":"SearchAction","target":{"@type":"EntryPoint","urlTemplate":"https:\/\/galerie-institut.com\/en\/?s={search_term_string}"},"query-input":{"@type":"PropertyValueSpecification","valueRequired":true,"valueName":"search_term_string"}}],"inLanguage":"en-US"}]}},"_links":{"self":[{"href":"https:\/\/galerie-institut.com\/en\/wp-json\/wp\/v2\/product\/18049","targetHints":{"allow":["GET"]}}],"collection":[{"href":"https:\/\/galerie-institut.com\/en\/wp-json\/wp\/v2\/product"}],"about":[{"href":"https:\/\/galerie-institut.com\/en\/wp-json\/wp\/v2\/types\/product"}],"replies":[{"embeddable":true,"href":"https:\/\/galerie-institut.com\/en\/wp-json\/wp\/v2\/comments?post=18049"}],"wp:featuredmedia":[{"embeddable":true,"href":"https:\/\/galerie-institut.com\/en\/wp-json\/wp\/v2\/media\/18050"}],"wp:attachment":[{"href":"https:\/\/galerie-institut.com\/en\/wp-json\/wp\/v2\/media?parent=18049"}],"wp:term":[{"taxonomy":"product_brand","embeddable":true,"href":"https:\/\/galerie-institut.com\/en\/wp-json\/wp\/v2\/product_brand?post=18049"},{"taxonomy":"product_cat","embeddable":true,"href":"https:\/\/galerie-institut.com\/en\/wp-json\/wp\/v2\/product_cat?post=18049"},{"taxonomy":"product_tag","embeddable":true,"href":"https:\/\/galerie-institut.com\/en\/wp-json\/wp\/v2\/product_tag?post=18049"}],"curies":[{"name":"wp","href":"https:\/\/api.w.org\/{rel}","templated":true}]}}