{"id":18044,"date":"2000-11-01T11:43:51","date_gmt":"2000-11-01T11:43:51","guid":{"rendered":"https:\/\/galerie-institut.com\/produit\/picasso-pablo-the-magnificent-cuckold-1968\/"},"modified":"2025-11-21T17:09:16","modified_gmt":"2025-11-21T17:09:16","slug":"picasso-pablo-le-cocu-magnifique-1968","status":"publish","type":"product","link":"https:\/\/galerie-institut.com\/en\/produit\/picasso-pablo-le-cocu-magnifique-1968\/","title":{"rendered":"Picasso, Pablo, The Magnificent Cuckold, 1968"},"content":{"rendered":"<p>Illustrated book<\/p>\n<p>1968<\/p>\n<p>29 x 39.5 cm<\/p>\n<p>Fernand Crommelynck, <em>Le Cocu magnifique<\/em>, original engravings by Pablo Picasso, Paris, Editions de l&#8217;Atelier Crommelynck, 1968<\/p>\n<p>Seven etchings<\/p>\n<p>Four aquatints and etchings<\/p>\n<p>An aquatint, drypoint and etching; all dated 1966 on the copper plate, unsigned.<\/p>\n<p>Justified copy signed by the artist<\/p>\n<p>Catalog raisonn\u00e9: Cramer 140<\/p>\n<p>Succession Picasso 2025<\/p>\n","protected":false},"excerpt":{"rendered":"<p>Le Cocu magnifique is a play written in 1920 by playwright Fernand Crommelynck, father of Aldo, Piero and Milan Crommelynck, engravers and printers, trained in Roger Lacouri\u00e8re&#8217;s workshop and close collaborators of Picasso from 1963 when they set up their studio in Mougins. Picasso populates the illustration of Le <em>Cocu magnifique<\/em> with figures from his personal mythology. <\/p>\n","protected":false},"featured_media":18046,"comment_status":"open","ping_status":"closed","template":"","meta":{"_et_pb_use_builder":"","_et_pb_old_content":"","_et_gb_content_width":""},"product_brand":[],"product_cat":[282,266],"product_tag":[283],"class_list":{"0":"post-18044","1":"product","2":"type-product","3":"status-publish","4":"has-post-thumbnail","6":"product_cat-illustrated-books","7":"product_cat-works-of-art-by-pablo-picasso","8":"product_tag-book","10":"first","11":"instock","12":"shipping-taxable","13":"product-type-simple"},"yoast_head":"<!-- This site is optimized with the Yoast SEO plugin v27.4 - https:\/\/yoast.com\/product\/yoast-seo-wordpress\/ -->\n<title>Picasso, Pablo, The Magnificent Cuckold, 1968 - Galerie Institut<\/title>\n<meta name=\"description\" content=\"D\u00e9couvrez l&#039;oeuvre Picasso, Pablo, The Magnificent Cuckold, 1968 disponible \u00e0 la Galerie de l&#039;Institut. Si vous \u00eates int\u00e9ress\u00e9.e.s par Picasso, Pablo, The Magnificent Cuckold, 1968 merci de nous contacter \u00e0 contact@galerie-institut.com\" \/>\n<meta name=\"robots\" content=\"index, follow, max-snippet:-1, max-image-preview:large, max-video-preview:-1\" \/>\n<link rel=\"canonical\" href=\"https:\/\/galerie-institut.com\/en\/produit\/picasso-pablo-le-cocu-magnifique-1968\/\" \/>\n<meta property=\"og:locale\" content=\"en_US\" \/>\n<meta property=\"og:type\" content=\"article\" \/>\n<meta property=\"og:title\" content=\"Picasso, Pablo, The Magnificent Cuckold, 1968 - Galerie Institut\" \/>\n<meta property=\"og:description\" content=\"D\u00e9couvrez l&#039;oeuvre Picasso, Pablo, The Magnificent Cuckold, 1968 disponible \u00e0 la Galerie de l&#039;Institut. Si vous \u00eates int\u00e9ress\u00e9.e.s par Picasso, Pablo, The Magnificent Cuckold, 1968 merci de nous contacter \u00e0 contact@galerie-institut.com\" \/>\n<meta property=\"og:url\" content=\"https:\/\/galerie-institut.com\/en\/produit\/picasso-pablo-le-cocu-magnifique-1968\/\" \/>\n<meta property=\"og:site_name\" content=\"Galerie Institut\" \/>\n<meta property=\"article:modified_time\" content=\"2025-11-21T17:09:16+00:00\" \/>\n<meta property=\"og:image\" content=\"https:\/\/galerie-institut.com\/wp-content\/uploads\/2021\/11\/picasso-pablo-1968-le-cocu-magnifique.jpg\" \/>\n\t<meta property=\"og:image:width\" content=\"1000\" \/>\n\t<meta property=\"og:image:height\" content=\"1000\" \/>\n\t<meta property=\"og:image:type\" content=\"image\/jpeg\" \/>\n<meta name=\"twitter:card\" content=\"summary_large_image\" \/>\n<script type=\"application\/ld+json\" class=\"yoast-schema-graph\">{\"@context\":\"https:\\\/\\\/schema.org\",\"@graph\":[{\"@type\":\"WebPage\",\"@id\":\"https:\\\/\\\/galerie-institut.com\\\/en\\\/produit\\\/picasso-pablo-le-cocu-magnifique-1968\\\/\",\"url\":\"https:\\\/\\\/galerie-institut.com\\\/en\\\/produit\\\/picasso-pablo-le-cocu-magnifique-1968\\\/\",\"name\":\"Picasso, Pablo, The Magnificent Cuckold, 1968 - Galerie Institut\",\"isPartOf\":{\"@id\":\"https:\\\/\\\/galerie-institut.com\\\/en\\\/#website\"},\"primaryImageOfPage\":{\"@id\":\"https:\\\/\\\/galerie-institut.com\\\/en\\\/produit\\\/picasso-pablo-le-cocu-magnifique-1968\\\/#primaryimage\"},\"image\":{\"@id\":\"https:\\\/\\\/galerie-institut.com\\\/en\\\/produit\\\/picasso-pablo-le-cocu-magnifique-1968\\\/#primaryimage\"},\"thumbnailUrl\":\"https:\\\/\\\/galerie-institut.com\\\/wp-content\\\/uploads\\\/2021\\\/11\\\/picasso-pablo-1968-le-cocu-magnifique.jpg\",\"datePublished\":\"2000-11-01T11:43:51+00:00\",\"dateModified\":\"2025-11-21T17:09:16+00:00\",\"description\":\"D\u00e9couvrez l'oeuvre Picasso, Pablo, The Magnificent Cuckold, 1968 disponible \u00e0 la Galerie de l'Institut. Si vous \u00eates int\u00e9ress\u00e9.e.s par Picasso, Pablo, The Magnificent Cuckold, 1968 merci de nous contacter \u00e0 contact@galerie-institut.com\",\"breadcrumb\":{\"@id\":\"https:\\\/\\\/galerie-institut.com\\\/en\\\/produit\\\/picasso-pablo-le-cocu-magnifique-1968\\\/#breadcrumb\"},\"inLanguage\":\"en-US\",\"potentialAction\":[{\"@type\":\"ReadAction\",\"target\":[\"https:\\\/\\\/galerie-institut.com\\\/en\\\/produit\\\/picasso-pablo-le-cocu-magnifique-1968\\\/\"]}]},{\"@type\":\"ImageObject\",\"inLanguage\":\"en-US\",\"@id\":\"https:\\\/\\\/galerie-institut.com\\\/en\\\/produit\\\/picasso-pablo-le-cocu-magnifique-1968\\\/#primaryimage\",\"url\":\"https:\\\/\\\/galerie-institut.com\\\/wp-content\\\/uploads\\\/2021\\\/11\\\/picasso-pablo-1968-le-cocu-magnifique.jpg\",\"contentUrl\":\"https:\\\/\\\/galerie-institut.com\\\/wp-content\\\/uploads\\\/2021\\\/11\\\/picasso-pablo-1968-le-cocu-magnifique.jpg\",\"width\":1000,\"height\":1000},{\"@type\":\"BreadcrumbList\",\"@id\":\"https:\\\/\\\/galerie-institut.com\\\/en\\\/produit\\\/picasso-pablo-le-cocu-magnifique-1968\\\/#breadcrumb\",\"itemListElement\":[{\"@type\":\"ListItem\",\"position\":1,\"name\":\"Accueil\",\"item\":\"https:\\\/\\\/galerie-institut.com\\\/en\\\/accueil\\\/\"},{\"@type\":\"ListItem\",\"position\":2,\"name\":\"Boutique\",\"item\":\"https:\\\/\\\/galerie-institut.com\\\/?page_id=8607\"},{\"@type\":\"ListItem\",\"position\":3,\"name\":\"Picasso, Pablo, The Magnificent Cuckold, 1968\"}]},{\"@type\":\"WebSite\",\"@id\":\"https:\\\/\\\/galerie-institut.com\\\/en\\\/#website\",\"url\":\"https:\\\/\\\/galerie-institut.com\\\/en\\\/\",\"name\":\"Galerie Institut\",\"description\":\"\",\"potentialAction\":[{\"@type\":\"SearchAction\",\"target\":{\"@type\":\"EntryPoint\",\"urlTemplate\":\"https:\\\/\\\/galerie-institut.com\\\/en\\\/?s={search_term_string}\"},\"query-input\":{\"@type\":\"PropertyValueSpecification\",\"valueRequired\":true,\"valueName\":\"search_term_string\"}}],\"inLanguage\":\"en-US\"}]}<\/script>\n<!-- \/ Yoast SEO plugin. -->","yoast_head_json":{"title":"Picasso, Pablo, The Magnificent Cuckold, 1968 - Galerie Institut","description":"D\u00e9couvrez l'oeuvre Picasso, Pablo, The Magnificent Cuckold, 1968 disponible \u00e0 la Galerie de l'Institut. Si vous \u00eates int\u00e9ress\u00e9.e.s par Picasso, Pablo, The Magnificent Cuckold, 1968 merci de nous contacter \u00e0 contact@galerie-institut.com","robots":{"index":"index","follow":"follow","max-snippet":"max-snippet:-1","max-image-preview":"max-image-preview:large","max-video-preview":"max-video-preview:-1"},"canonical":"https:\/\/galerie-institut.com\/en\/produit\/picasso-pablo-le-cocu-magnifique-1968\/","og_locale":"en_US","og_type":"article","og_title":"Picasso, Pablo, The Magnificent Cuckold, 1968 - Galerie Institut","og_description":"D\u00e9couvrez l'oeuvre Picasso, Pablo, The Magnificent Cuckold, 1968 disponible \u00e0 la Galerie de l'Institut. Si vous \u00eates int\u00e9ress\u00e9.e.s par Picasso, Pablo, The Magnificent Cuckold, 1968 merci de nous contacter \u00e0 contact@galerie-institut.com","og_url":"https:\/\/galerie-institut.com\/en\/produit\/picasso-pablo-le-cocu-magnifique-1968\/","og_site_name":"Galerie Institut","article_modified_time":"2025-11-21T17:09:16+00:00","og_image":[{"width":1000,"height":1000,"url":"https:\/\/galerie-institut.com\/wp-content\/uploads\/2021\/11\/picasso-pablo-1968-le-cocu-magnifique.jpg","type":"image\/jpeg"}],"twitter_card":"summary_large_image","schema":{"@context":"https:\/\/schema.org","@graph":[{"@type":"WebPage","@id":"https:\/\/galerie-institut.com\/en\/produit\/picasso-pablo-le-cocu-magnifique-1968\/","url":"https:\/\/galerie-institut.com\/en\/produit\/picasso-pablo-le-cocu-magnifique-1968\/","name":"Picasso, Pablo, The Magnificent Cuckold, 1968 - Galerie Institut","isPartOf":{"@id":"https:\/\/galerie-institut.com\/en\/#website"},"primaryImageOfPage":{"@id":"https:\/\/galerie-institut.com\/en\/produit\/picasso-pablo-le-cocu-magnifique-1968\/#primaryimage"},"image":{"@id":"https:\/\/galerie-institut.com\/en\/produit\/picasso-pablo-le-cocu-magnifique-1968\/#primaryimage"},"thumbnailUrl":"https:\/\/galerie-institut.com\/wp-content\/uploads\/2021\/11\/picasso-pablo-1968-le-cocu-magnifique.jpg","datePublished":"2000-11-01T11:43:51+00:00","dateModified":"2025-11-21T17:09:16+00:00","description":"D\u00e9couvrez l'oeuvre Picasso, Pablo, The Magnificent Cuckold, 1968 disponible \u00e0 la Galerie de l'Institut. Si vous \u00eates int\u00e9ress\u00e9.e.s par Picasso, Pablo, The Magnificent Cuckold, 1968 merci de nous contacter \u00e0 contact@galerie-institut.com","breadcrumb":{"@id":"https:\/\/galerie-institut.com\/en\/produit\/picasso-pablo-le-cocu-magnifique-1968\/#breadcrumb"},"inLanguage":"en-US","potentialAction":[{"@type":"ReadAction","target":["https:\/\/galerie-institut.com\/en\/produit\/picasso-pablo-le-cocu-magnifique-1968\/"]}]},{"@type":"ImageObject","inLanguage":"en-US","@id":"https:\/\/galerie-institut.com\/en\/produit\/picasso-pablo-le-cocu-magnifique-1968\/#primaryimage","url":"https:\/\/galerie-institut.com\/wp-content\/uploads\/2021\/11\/picasso-pablo-1968-le-cocu-magnifique.jpg","contentUrl":"https:\/\/galerie-institut.com\/wp-content\/uploads\/2021\/11\/picasso-pablo-1968-le-cocu-magnifique.jpg","width":1000,"height":1000},{"@type":"BreadcrumbList","@id":"https:\/\/galerie-institut.com\/en\/produit\/picasso-pablo-le-cocu-magnifique-1968\/#breadcrumb","itemListElement":[{"@type":"ListItem","position":1,"name":"Accueil","item":"https:\/\/galerie-institut.com\/en\/accueil\/"},{"@type":"ListItem","position":2,"name":"Boutique","item":"https:\/\/galerie-institut.com\/?page_id=8607"},{"@type":"ListItem","position":3,"name":"Picasso, Pablo, The Magnificent Cuckold, 1968"}]},{"@type":"WebSite","@id":"https:\/\/galerie-institut.com\/en\/#website","url":"https:\/\/galerie-institut.com\/en\/","name":"Galerie Institut","description":"","potentialAction":[{"@type":"SearchAction","target":{"@type":"EntryPoint","urlTemplate":"https:\/\/galerie-institut.com\/en\/?s={search_term_string}"},"query-input":{"@type":"PropertyValueSpecification","valueRequired":true,"valueName":"search_term_string"}}],"inLanguage":"en-US"}]}},"_links":{"self":[{"href":"https:\/\/galerie-institut.com\/en\/wp-json\/wp\/v2\/product\/18044","targetHints":{"allow":["GET"]}}],"collection":[{"href":"https:\/\/galerie-institut.com\/en\/wp-json\/wp\/v2\/product"}],"about":[{"href":"https:\/\/galerie-institut.com\/en\/wp-json\/wp\/v2\/types\/product"}],"replies":[{"embeddable":true,"href":"https:\/\/galerie-institut.com\/en\/wp-json\/wp\/v2\/comments?post=18044"}],"wp:featuredmedia":[{"embeddable":true,"href":"https:\/\/galerie-institut.com\/en\/wp-json\/wp\/v2\/media\/18046"}],"wp:attachment":[{"href":"https:\/\/galerie-institut.com\/en\/wp-json\/wp\/v2\/media?parent=18044"}],"wp:term":[{"taxonomy":"product_brand","embeddable":true,"href":"https:\/\/galerie-institut.com\/en\/wp-json\/wp\/v2\/product_brand?post=18044"},{"taxonomy":"product_cat","embeddable":true,"href":"https:\/\/galerie-institut.com\/en\/wp-json\/wp\/v2\/product_cat?post=18044"},{"taxonomy":"product_tag","embeddable":true,"href":"https:\/\/galerie-institut.com\/en\/wp-json\/wp\/v2\/product_tag?post=18044"}],"curies":[{"name":"wp","href":"https:\/\/api.w.org\/{rel}","templated":true}]}}