{"id":18032,"date":"2021-10-21T13:22:41","date_gmt":"2021-10-21T13:22:41","guid":{"rendered":"https:\/\/galerie-institut.com\/produit\/buffet-bernard-le-voyage-au-japon-enriched-1981\/"},"modified":"2025-11-21T17:09:15","modified_gmt":"2025-11-21T17:09:15","slug":"buffet-bernard-voyage-japon-enrichi-gouache-1981","status":"publish","type":"product","link":"https:\/\/galerie-institut.com\/en\/produit\/buffet-bernard-voyage-japon-enrichi-gouache-1981\/","title":{"rendered":"Buffet, Bernard, Le Voyage au Japon (enriched), 1981"},"content":{"rendered":"<p>1981<\/p>\n<p>Illustrated book<\/p>\n<p>Vol. 35 x 50 cm.<\/p>\n<p>Illustrated with 24 original color lithographs by Bernard Buffet, who also calligraphed the text.<\/p>\n<p>One of 200 copies, this one enriched with an original full-page gouache and India ink 47.2 x 32 cm, signed in ink by the artist and dedicated on verso &#8220;Pour Madame et Georges S. affectueusement sign\u00e9 B. Buffet&#8221;.<\/p>\n<p>\u00c9d. Alain Mazo, Paris. <\/p>\n<p>Catalog raisonn\u00e9: Sorlier 365-388<\/p>\n","protected":false},"excerpt":{"rendered":"<p style=\"text-align: left;\">Bernard Buffet travelled to Japan in 1981 to visit the &#8220;Bernard Buffet&#8221; museum, created by one of his passionate collectors Kiichiro Okano, and inaugurated in the town of Surugada in 1973. His passion for the land of the rising sun became an inspiration, and it was no doubt with this in mind that he decided to illustrate his wife&#8217;s diary that same year. <\/p>\n<p style=\"text-align: left;\"><em>Voyage au Japon<\/em> is a 104-page illustrated book combining story and image. The story was written by Annabel Buffet during the couple&#8217;s trip to Japan. In the style of a logbook, she recounts her impressions and fascination in discovering Japanese daily life and lifestyles. Bernard Buffet incorporates twenty-four lithographs that illustrate this experience in &#8220;this country at the end of the world&#8221;, inviting us to travel and discover Japan through the eyes of the Buffet couple.   <\/p>\n<p style=\"text-align: left;\">Opposite the justification, the artist has painted a bouquet of anemone presented in a vase with a long, narrow, orange-red neck, with a few stylized green leaves on a yellow background. This watercolor is signed by the artist in ink, making this a unique work. <\/p>\n","protected":false},"featured_media":18033,"comment_status":"open","ping_status":"closed","template":"","meta":{"_et_pb_use_builder":"","_et_pb_old_content":"","_et_gb_content_width":""},"product_brand":[],"product_cat":[273,282],"product_tag":[296],"class_list":{"0":"post-18032","1":"product","2":"type-product","3":"status-publish","4":"has-post-thumbnail","6":"product_cat-buffet","7":"product_cat-illustrated-books","8":"product_tag-illustrated-books","10":"first","11":"instock","12":"shipping-taxable","13":"product-type-simple"},"yoast_head":"<!-- This site is optimized with the Yoast SEO plugin v27.4 - https:\/\/yoast.com\/product\/yoast-seo-wordpress\/ -->\n<title>Buffet, Bernard, Le Voyage au Japon (enriched), 1981 - Galerie Institut<\/title>\n<meta name=\"description\" content=\"D\u00e9couvrez l&#039;oeuvre Buffet, Bernard, Le Voyage au Japon (enriched), 1981 disponible \u00e0 la Galerie de l&#039;Institut. Si vous \u00eates int\u00e9ress\u00e9.e.s par Buffet, Bernard, Le Voyage au Japon (enriched), 1981 merci de nous contacter \u00e0 contact@galerie-institut.com\" \/>\n<meta name=\"robots\" content=\"index, follow, max-snippet:-1, max-image-preview:large, max-video-preview:-1\" \/>\n<link rel=\"canonical\" href=\"https:\/\/galerie-institut.com\/en\/produit\/buffet-bernard-voyage-japon-enrichi-gouache-1981\/\" \/>\n<meta property=\"og:locale\" content=\"en_US\" \/>\n<meta property=\"og:type\" content=\"article\" \/>\n<meta property=\"og:title\" content=\"Buffet, Bernard, Le Voyage au Japon (enriched), 1981 - Galerie Institut\" \/>\n<meta property=\"og:description\" content=\"D\u00e9couvrez l&#039;oeuvre Buffet, Bernard, Le Voyage au Japon (enriched), 1981 disponible \u00e0 la Galerie de l&#039;Institut. Si vous \u00eates int\u00e9ress\u00e9.e.s par Buffet, Bernard, Le Voyage au Japon (enriched), 1981 merci de nous contacter \u00e0 contact@galerie-institut.com\" \/>\n<meta property=\"og:url\" content=\"https:\/\/galerie-institut.com\/en\/produit\/buffet-bernard-voyage-japon-enrichi-gouache-1981\/\" \/>\n<meta property=\"og:site_name\" content=\"Galerie Institut\" \/>\n<meta property=\"article:modified_time\" content=\"2025-11-21T17:09:15+00:00\" \/>\n<meta property=\"og:image\" content=\"https:\/\/galerie-institut.com\/wp-content\/uploads\/2023\/07\/voyage-japon-enrichi-gouache-buffet.jpg\" \/>\n\t<meta property=\"og:image:width\" content=\"1000\" \/>\n\t<meta property=\"og:image:height\" content=\"1000\" \/>\n\t<meta property=\"og:image:type\" content=\"image\/jpeg\" \/>\n<meta name=\"twitter:card\" content=\"summary_large_image\" \/>\n<script type=\"application\/ld+json\" class=\"yoast-schema-graph\">{\"@context\":\"https:\\\/\\\/schema.org\",\"@graph\":[{\"@type\":\"WebPage\",\"@id\":\"https:\\\/\\\/galerie-institut.com\\\/en\\\/produit\\\/buffet-bernard-voyage-japon-enrichi-gouache-1981\\\/\",\"url\":\"https:\\\/\\\/galerie-institut.com\\\/en\\\/produit\\\/buffet-bernard-voyage-japon-enrichi-gouache-1981\\\/\",\"name\":\"Buffet, Bernard, Le Voyage au Japon (enriched), 1981 - Galerie Institut\",\"isPartOf\":{\"@id\":\"https:\\\/\\\/galerie-institut.com\\\/en\\\/#website\"},\"primaryImageOfPage\":{\"@id\":\"https:\\\/\\\/galerie-institut.com\\\/en\\\/produit\\\/buffet-bernard-voyage-japon-enrichi-gouache-1981\\\/#primaryimage\"},\"image\":{\"@id\":\"https:\\\/\\\/galerie-institut.com\\\/en\\\/produit\\\/buffet-bernard-voyage-japon-enrichi-gouache-1981\\\/#primaryimage\"},\"thumbnailUrl\":\"https:\\\/\\\/galerie-institut.com\\\/wp-content\\\/uploads\\\/2023\\\/07\\\/voyage-japon-enrichi-gouache-buffet.jpg\",\"datePublished\":\"2021-10-21T13:22:41+00:00\",\"dateModified\":\"2025-11-21T17:09:15+00:00\",\"description\":\"D\u00e9couvrez l'oeuvre Buffet, Bernard, Le Voyage au Japon (enriched), 1981 disponible \u00e0 la Galerie de l'Institut. Si vous \u00eates int\u00e9ress\u00e9.e.s par Buffet, Bernard, Le Voyage au Japon (enriched), 1981 merci de nous contacter \u00e0 contact@galerie-institut.com\",\"breadcrumb\":{\"@id\":\"https:\\\/\\\/galerie-institut.com\\\/en\\\/produit\\\/buffet-bernard-voyage-japon-enrichi-gouache-1981\\\/#breadcrumb\"},\"inLanguage\":\"en-US\",\"potentialAction\":[{\"@type\":\"ReadAction\",\"target\":[\"https:\\\/\\\/galerie-institut.com\\\/en\\\/produit\\\/buffet-bernard-voyage-japon-enrichi-gouache-1981\\\/\"]}]},{\"@type\":\"ImageObject\",\"inLanguage\":\"en-US\",\"@id\":\"https:\\\/\\\/galerie-institut.com\\\/en\\\/produit\\\/buffet-bernard-voyage-japon-enrichi-gouache-1981\\\/#primaryimage\",\"url\":\"https:\\\/\\\/galerie-institut.com\\\/wp-content\\\/uploads\\\/2023\\\/07\\\/voyage-japon-enrichi-gouache-buffet.jpg\",\"contentUrl\":\"https:\\\/\\\/galerie-institut.com\\\/wp-content\\\/uploads\\\/2023\\\/07\\\/voyage-japon-enrichi-gouache-buffet.jpg\",\"width\":1000,\"height\":1000,\"caption\":\"Gouache venant enrichir en frontispice l'ouvrage Voyage au Japon de Bernard Buffet. Elle repr\u00e9sente un soliflore orange pos\u00e9 sur un gu\u00e9ridon en bois. Dans le soliflore, trois pens\u00e9es violettes et oranges. Le fond est jaune et griffonn\u00e9 de traits noirs. La signature de l'artiste appara\u00eet \u00e0 l'encre de Chine \u00e0 droite du soliflore\"},{\"@type\":\"BreadcrumbList\",\"@id\":\"https:\\\/\\\/galerie-institut.com\\\/en\\\/produit\\\/buffet-bernard-voyage-japon-enrichi-gouache-1981\\\/#breadcrumb\",\"itemListElement\":[{\"@type\":\"ListItem\",\"position\":1,\"name\":\"Accueil\",\"item\":\"https:\\\/\\\/galerie-institut.com\\\/en\\\/accueil\\\/\"},{\"@type\":\"ListItem\",\"position\":2,\"name\":\"Boutique\",\"item\":\"https:\\\/\\\/galerie-institut.com\\\/?page_id=8607\"},{\"@type\":\"ListItem\",\"position\":3,\"name\":\"Buffet, Bernard, Le Voyage au Japon (enriched), 1981\"}]},{\"@type\":\"WebSite\",\"@id\":\"https:\\\/\\\/galerie-institut.com\\\/en\\\/#website\",\"url\":\"https:\\\/\\\/galerie-institut.com\\\/en\\\/\",\"name\":\"Galerie Institut\",\"description\":\"\",\"potentialAction\":[{\"@type\":\"SearchAction\",\"target\":{\"@type\":\"EntryPoint\",\"urlTemplate\":\"https:\\\/\\\/galerie-institut.com\\\/en\\\/?s={search_term_string}\"},\"query-input\":{\"@type\":\"PropertyValueSpecification\",\"valueRequired\":true,\"valueName\":\"search_term_string\"}}],\"inLanguage\":\"en-US\"}]}<\/script>\n<!-- \/ Yoast SEO plugin. -->","yoast_head_json":{"title":"Buffet, Bernard, Le Voyage au Japon (enriched), 1981 - Galerie Institut","description":"D\u00e9couvrez l'oeuvre Buffet, Bernard, Le Voyage au Japon (enriched), 1981 disponible \u00e0 la Galerie de l'Institut. Si vous \u00eates int\u00e9ress\u00e9.e.s par Buffet, Bernard, Le Voyage au Japon (enriched), 1981 merci de nous contacter \u00e0 contact@galerie-institut.com","robots":{"index":"index","follow":"follow","max-snippet":"max-snippet:-1","max-image-preview":"max-image-preview:large","max-video-preview":"max-video-preview:-1"},"canonical":"https:\/\/galerie-institut.com\/en\/produit\/buffet-bernard-voyage-japon-enrichi-gouache-1981\/","og_locale":"en_US","og_type":"article","og_title":"Buffet, Bernard, Le Voyage au Japon (enriched), 1981 - Galerie Institut","og_description":"D\u00e9couvrez l'oeuvre Buffet, Bernard, Le Voyage au Japon (enriched), 1981 disponible \u00e0 la Galerie de l'Institut. Si vous \u00eates int\u00e9ress\u00e9.e.s par Buffet, Bernard, Le Voyage au Japon (enriched), 1981 merci de nous contacter \u00e0 contact@galerie-institut.com","og_url":"https:\/\/galerie-institut.com\/en\/produit\/buffet-bernard-voyage-japon-enrichi-gouache-1981\/","og_site_name":"Galerie Institut","article_modified_time":"2025-11-21T17:09:15+00:00","og_image":[{"width":1000,"height":1000,"url":"https:\/\/galerie-institut.com\/wp-content\/uploads\/2023\/07\/voyage-japon-enrichi-gouache-buffet.jpg","type":"image\/jpeg"}],"twitter_card":"summary_large_image","schema":{"@context":"https:\/\/schema.org","@graph":[{"@type":"WebPage","@id":"https:\/\/galerie-institut.com\/en\/produit\/buffet-bernard-voyage-japon-enrichi-gouache-1981\/","url":"https:\/\/galerie-institut.com\/en\/produit\/buffet-bernard-voyage-japon-enrichi-gouache-1981\/","name":"Buffet, Bernard, Le Voyage au Japon (enriched), 1981 - Galerie Institut","isPartOf":{"@id":"https:\/\/galerie-institut.com\/en\/#website"},"primaryImageOfPage":{"@id":"https:\/\/galerie-institut.com\/en\/produit\/buffet-bernard-voyage-japon-enrichi-gouache-1981\/#primaryimage"},"image":{"@id":"https:\/\/galerie-institut.com\/en\/produit\/buffet-bernard-voyage-japon-enrichi-gouache-1981\/#primaryimage"},"thumbnailUrl":"https:\/\/galerie-institut.com\/wp-content\/uploads\/2023\/07\/voyage-japon-enrichi-gouache-buffet.jpg","datePublished":"2021-10-21T13:22:41+00:00","dateModified":"2025-11-21T17:09:15+00:00","description":"D\u00e9couvrez l'oeuvre Buffet, Bernard, Le Voyage au Japon (enriched), 1981 disponible \u00e0 la Galerie de l'Institut. Si vous \u00eates int\u00e9ress\u00e9.e.s par Buffet, Bernard, Le Voyage au Japon (enriched), 1981 merci de nous contacter \u00e0 contact@galerie-institut.com","breadcrumb":{"@id":"https:\/\/galerie-institut.com\/en\/produit\/buffet-bernard-voyage-japon-enrichi-gouache-1981\/#breadcrumb"},"inLanguage":"en-US","potentialAction":[{"@type":"ReadAction","target":["https:\/\/galerie-institut.com\/en\/produit\/buffet-bernard-voyage-japon-enrichi-gouache-1981\/"]}]},{"@type":"ImageObject","inLanguage":"en-US","@id":"https:\/\/galerie-institut.com\/en\/produit\/buffet-bernard-voyage-japon-enrichi-gouache-1981\/#primaryimage","url":"https:\/\/galerie-institut.com\/wp-content\/uploads\/2023\/07\/voyage-japon-enrichi-gouache-buffet.jpg","contentUrl":"https:\/\/galerie-institut.com\/wp-content\/uploads\/2023\/07\/voyage-japon-enrichi-gouache-buffet.jpg","width":1000,"height":1000,"caption":"Gouache venant enrichir en frontispice l'ouvrage Voyage au Japon de Bernard Buffet. Elle repr\u00e9sente un soliflore orange pos\u00e9 sur un gu\u00e9ridon en bois. Dans le soliflore, trois pens\u00e9es violettes et oranges. Le fond est jaune et griffonn\u00e9 de traits noirs. La signature de l'artiste appara\u00eet \u00e0 l'encre de Chine \u00e0 droite du soliflore"},{"@type":"BreadcrumbList","@id":"https:\/\/galerie-institut.com\/en\/produit\/buffet-bernard-voyage-japon-enrichi-gouache-1981\/#breadcrumb","itemListElement":[{"@type":"ListItem","position":1,"name":"Accueil","item":"https:\/\/galerie-institut.com\/en\/accueil\/"},{"@type":"ListItem","position":2,"name":"Boutique","item":"https:\/\/galerie-institut.com\/?page_id=8607"},{"@type":"ListItem","position":3,"name":"Buffet, Bernard, Le Voyage au Japon (enriched), 1981"}]},{"@type":"WebSite","@id":"https:\/\/galerie-institut.com\/en\/#website","url":"https:\/\/galerie-institut.com\/en\/","name":"Galerie Institut","description":"","potentialAction":[{"@type":"SearchAction","target":{"@type":"EntryPoint","urlTemplate":"https:\/\/galerie-institut.com\/en\/?s={search_term_string}"},"query-input":{"@type":"PropertyValueSpecification","valueRequired":true,"valueName":"search_term_string"}}],"inLanguage":"en-US"}]}},"_links":{"self":[{"href":"https:\/\/galerie-institut.com\/en\/wp-json\/wp\/v2\/product\/18032","targetHints":{"allow":["GET"]}}],"collection":[{"href":"https:\/\/galerie-institut.com\/en\/wp-json\/wp\/v2\/product"}],"about":[{"href":"https:\/\/galerie-institut.com\/en\/wp-json\/wp\/v2\/types\/product"}],"replies":[{"embeddable":true,"href":"https:\/\/galerie-institut.com\/en\/wp-json\/wp\/v2\/comments?post=18032"}],"wp:featuredmedia":[{"embeddable":true,"href":"https:\/\/galerie-institut.com\/en\/wp-json\/wp\/v2\/media\/18033"}],"wp:attachment":[{"href":"https:\/\/galerie-institut.com\/en\/wp-json\/wp\/v2\/media?parent=18032"}],"wp:term":[{"taxonomy":"product_brand","embeddable":true,"href":"https:\/\/galerie-institut.com\/en\/wp-json\/wp\/v2\/product_brand?post=18032"},{"taxonomy":"product_cat","embeddable":true,"href":"https:\/\/galerie-institut.com\/en\/wp-json\/wp\/v2\/product_cat?post=18032"},{"taxonomy":"product_tag","embeddable":true,"href":"https:\/\/galerie-institut.com\/en\/wp-json\/wp\/v2\/product_tag?post=18032"}],"curies":[{"name":"wp","href":"https:\/\/api.w.org\/{rel}","templated":true}]}}