{"id":17971,"date":"2021-10-28T14:28:14","date_gmt":"2021-10-28T14:28:14","guid":{"rendered":"https:\/\/galerie-institut.com\/produit\/lurcat-jean-aquarius-1959\/"},"modified":"2025-11-21T17:08:06","modified_gmt":"2025-11-21T17:08:06","slug":"lurcat-jean-verseau-1959","status":"publish","type":"product","link":"https:\/\/galerie-institut.com\/en\/produit\/lurcat-jean-verseau-1959\/","title":{"rendered":"Lur\u00e7at, Jean, Aquarius, 1959"},"content":{"rendered":"<p>1959<\/p>\n<p>Tapestry<\/p>\n<p>63 X 51 cm<\/p>\n<p>Signed by the artist in ink on the reverse, numbered MI: 134<\/p>\n<p>Weaving by Atelier C.Legoueix<\/p>\n<p>Aubusson<\/p>\n","protected":false},"excerpt":{"rendered":"<p>In Zodiac mythology, Aquarius is the one who &#8220;pours water&#8221;. Since ancient times, he has been depicted holding two jars of water, flowing endlessly. There are also oriental representations of the constellation, where the stars follow the course of the stream created by the upturned vessel. Jean Lur\u00e7at thus combines these two conceptions of myth, as each of the two torrents shines with a star. The floral exuberance of Aquarius is rarer in older iconographic representations, but in <em>Po\u00e9sie<\/em> (tapestry created for the <em>Chant du Monde<\/em> in 1964), he reproduces it with the same proliferation of vegetation.    <\/p>\n<p>The vibrancy created by the bright colors and woollen yarn makes this work stand out, as do its theme and the technique used to create it.<\/p>\n<p>&nbsp;<\/p>\n","protected":false},"featured_media":17972,"comment_status":"open","ping_status":"closed","template":"","meta":{"_et_pb_use_builder":"","_et_pb_old_content":"","_et_gb_content_width":""},"product_brand":[],"product_cat":[314,272],"product_tag":[278],"class_list":{"0":"post-17971","1":"product","2":"type-product","3":"status-publish","4":"has-post-thumbnail","6":"product_cat-lurcat","7":"product_cat-unique-works","8":"product_tag-tapestry","10":"first","11":"instock","12":"shipping-taxable","13":"product-type-simple"},"yoast_head":"<!-- This site is optimized with the Yoast SEO plugin v27.4 - https:\/\/yoast.com\/product\/yoast-seo-wordpress\/ -->\n<title>Lur\u00e7at, Jean, Aquarius, 1959 - Galerie Institut<\/title>\n<meta name=\"description\" content=\"D\u00e9couvrez l&#039;oeuvre Lur\u00e7at, Jean, Aquarius, 1959 disponible \u00e0 la Galerie de l&#039;Institut. Si vous \u00eates int\u00e9ress\u00e9.e.s par Lur\u00e7at, Jean, Aquarius, 1959 merci de nous contacter \u00e0 contact@galerie-institut.com\" \/>\n<meta name=\"robots\" content=\"index, follow, max-snippet:-1, max-image-preview:large, max-video-preview:-1\" \/>\n<link rel=\"canonical\" href=\"https:\/\/galerie-institut.com\/en\/produit\/lurcat-jean-verseau-1959\/\" \/>\n<meta property=\"og:locale\" content=\"en_US\" \/>\n<meta property=\"og:type\" content=\"article\" \/>\n<meta property=\"og:title\" content=\"Lur\u00e7at, Jean, Aquarius, 1959 - Galerie Institut\" \/>\n<meta property=\"og:description\" content=\"D\u00e9couvrez l&#039;oeuvre Lur\u00e7at, Jean, Aquarius, 1959 disponible \u00e0 la Galerie de l&#039;Institut. Si vous \u00eates int\u00e9ress\u00e9.e.s par Lur\u00e7at, Jean, Aquarius, 1959 merci de nous contacter \u00e0 contact@galerie-institut.com\" \/>\n<meta property=\"og:url\" content=\"https:\/\/galerie-institut.com\/en\/produit\/lurcat-jean-verseau-1959\/\" \/>\n<meta property=\"og:site_name\" content=\"Galerie Institut\" \/>\n<meta property=\"article:modified_time\" content=\"2025-11-21T17:08:06+00:00\" \/>\n<meta property=\"og:image\" content=\"https:\/\/galerie-institut.com\/wp-content\/uploads\/2021\/10\/lurcat-jean-1959-verseau-1.jpg\" \/>\n\t<meta property=\"og:image:width\" content=\"1000\" \/>\n\t<meta property=\"og:image:height\" content=\"1000\" \/>\n\t<meta property=\"og:image:type\" content=\"image\/jpeg\" \/>\n<meta name=\"twitter:card\" content=\"summary_large_image\" \/>\n<script type=\"application\/ld+json\" class=\"yoast-schema-graph\">{\"@context\":\"https:\\\/\\\/schema.org\",\"@graph\":[{\"@type\":\"WebPage\",\"@id\":\"https:\\\/\\\/galerie-institut.com\\\/en\\\/produit\\\/lurcat-jean-verseau-1959\\\/\",\"url\":\"https:\\\/\\\/galerie-institut.com\\\/en\\\/produit\\\/lurcat-jean-verseau-1959\\\/\",\"name\":\"Lur\u00e7at, Jean, Aquarius, 1959 - Galerie Institut\",\"isPartOf\":{\"@id\":\"https:\\\/\\\/galerie-institut.com\\\/en\\\/#website\"},\"primaryImageOfPage\":{\"@id\":\"https:\\\/\\\/galerie-institut.com\\\/en\\\/produit\\\/lurcat-jean-verseau-1959\\\/#primaryimage\"},\"image\":{\"@id\":\"https:\\\/\\\/galerie-institut.com\\\/en\\\/produit\\\/lurcat-jean-verseau-1959\\\/#primaryimage\"},\"thumbnailUrl\":\"https:\\\/\\\/galerie-institut.com\\\/wp-content\\\/uploads\\\/2021\\\/10\\\/lurcat-jean-1959-verseau-1.jpg\",\"datePublished\":\"2021-10-28T14:28:14+00:00\",\"dateModified\":\"2025-11-21T17:08:06+00:00\",\"description\":\"D\u00e9couvrez l'oeuvre Lur\u00e7at, Jean, Aquarius, 1959 disponible \u00e0 la Galerie de l'Institut. Si vous \u00eates int\u00e9ress\u00e9.e.s par Lur\u00e7at, Jean, Aquarius, 1959 merci de nous contacter \u00e0 contact@galerie-institut.com\",\"breadcrumb\":{\"@id\":\"https:\\\/\\\/galerie-institut.com\\\/en\\\/produit\\\/lurcat-jean-verseau-1959\\\/#breadcrumb\"},\"inLanguage\":\"en-US\",\"potentialAction\":[{\"@type\":\"ReadAction\",\"target\":[\"https:\\\/\\\/galerie-institut.com\\\/en\\\/produit\\\/lurcat-jean-verseau-1959\\\/\"]}]},{\"@type\":\"ImageObject\",\"inLanguage\":\"en-US\",\"@id\":\"https:\\\/\\\/galerie-institut.com\\\/en\\\/produit\\\/lurcat-jean-verseau-1959\\\/#primaryimage\",\"url\":\"https:\\\/\\\/galerie-institut.com\\\/wp-content\\\/uploads\\\/2021\\\/10\\\/lurcat-jean-1959-verseau-1.jpg\",\"contentUrl\":\"https:\\\/\\\/galerie-institut.com\\\/wp-content\\\/uploads\\\/2021\\\/10\\\/lurcat-jean-1959-verseau-1.jpg\",\"width\":1000,\"height\":1000},{\"@type\":\"BreadcrumbList\",\"@id\":\"https:\\\/\\\/galerie-institut.com\\\/en\\\/produit\\\/lurcat-jean-verseau-1959\\\/#breadcrumb\",\"itemListElement\":[{\"@type\":\"ListItem\",\"position\":1,\"name\":\"Accueil\",\"item\":\"https:\\\/\\\/galerie-institut.com\\\/en\\\/accueil\\\/\"},{\"@type\":\"ListItem\",\"position\":2,\"name\":\"Boutique\",\"item\":\"https:\\\/\\\/galerie-institut.com\\\/?page_id=8607\"},{\"@type\":\"ListItem\",\"position\":3,\"name\":\"Lur\u00e7at, Jean, Aquarius, 1959\"}]},{\"@type\":\"WebSite\",\"@id\":\"https:\\\/\\\/galerie-institut.com\\\/en\\\/#website\",\"url\":\"https:\\\/\\\/galerie-institut.com\\\/en\\\/\",\"name\":\"Galerie Institut\",\"description\":\"\",\"potentialAction\":[{\"@type\":\"SearchAction\",\"target\":{\"@type\":\"EntryPoint\",\"urlTemplate\":\"https:\\\/\\\/galerie-institut.com\\\/en\\\/?s={search_term_string}\"},\"query-input\":{\"@type\":\"PropertyValueSpecification\",\"valueRequired\":true,\"valueName\":\"search_term_string\"}}],\"inLanguage\":\"en-US\"}]}<\/script>\n<!-- \/ Yoast SEO plugin. -->","yoast_head_json":{"title":"Lur\u00e7at, Jean, Aquarius, 1959 - Galerie Institut","description":"D\u00e9couvrez l'oeuvre Lur\u00e7at, Jean, Aquarius, 1959 disponible \u00e0 la Galerie de l'Institut. Si vous \u00eates int\u00e9ress\u00e9.e.s par Lur\u00e7at, Jean, Aquarius, 1959 merci de nous contacter \u00e0 contact@galerie-institut.com","robots":{"index":"index","follow":"follow","max-snippet":"max-snippet:-1","max-image-preview":"max-image-preview:large","max-video-preview":"max-video-preview:-1"},"canonical":"https:\/\/galerie-institut.com\/en\/produit\/lurcat-jean-verseau-1959\/","og_locale":"en_US","og_type":"article","og_title":"Lur\u00e7at, Jean, Aquarius, 1959 - Galerie Institut","og_description":"D\u00e9couvrez l'oeuvre Lur\u00e7at, Jean, Aquarius, 1959 disponible \u00e0 la Galerie de l'Institut. Si vous \u00eates int\u00e9ress\u00e9.e.s par Lur\u00e7at, Jean, Aquarius, 1959 merci de nous contacter \u00e0 contact@galerie-institut.com","og_url":"https:\/\/galerie-institut.com\/en\/produit\/lurcat-jean-verseau-1959\/","og_site_name":"Galerie Institut","article_modified_time":"2025-11-21T17:08:06+00:00","og_image":[{"width":1000,"height":1000,"url":"https:\/\/galerie-institut.com\/wp-content\/uploads\/2021\/10\/lurcat-jean-1959-verseau-1.jpg","type":"image\/jpeg"}],"twitter_card":"summary_large_image","schema":{"@context":"https:\/\/schema.org","@graph":[{"@type":"WebPage","@id":"https:\/\/galerie-institut.com\/en\/produit\/lurcat-jean-verseau-1959\/","url":"https:\/\/galerie-institut.com\/en\/produit\/lurcat-jean-verseau-1959\/","name":"Lur\u00e7at, Jean, Aquarius, 1959 - Galerie Institut","isPartOf":{"@id":"https:\/\/galerie-institut.com\/en\/#website"},"primaryImageOfPage":{"@id":"https:\/\/galerie-institut.com\/en\/produit\/lurcat-jean-verseau-1959\/#primaryimage"},"image":{"@id":"https:\/\/galerie-institut.com\/en\/produit\/lurcat-jean-verseau-1959\/#primaryimage"},"thumbnailUrl":"https:\/\/galerie-institut.com\/wp-content\/uploads\/2021\/10\/lurcat-jean-1959-verseau-1.jpg","datePublished":"2021-10-28T14:28:14+00:00","dateModified":"2025-11-21T17:08:06+00:00","description":"D\u00e9couvrez l'oeuvre Lur\u00e7at, Jean, Aquarius, 1959 disponible \u00e0 la Galerie de l'Institut. Si vous \u00eates int\u00e9ress\u00e9.e.s par Lur\u00e7at, Jean, Aquarius, 1959 merci de nous contacter \u00e0 contact@galerie-institut.com","breadcrumb":{"@id":"https:\/\/galerie-institut.com\/en\/produit\/lurcat-jean-verseau-1959\/#breadcrumb"},"inLanguage":"en-US","potentialAction":[{"@type":"ReadAction","target":["https:\/\/galerie-institut.com\/en\/produit\/lurcat-jean-verseau-1959\/"]}]},{"@type":"ImageObject","inLanguage":"en-US","@id":"https:\/\/galerie-institut.com\/en\/produit\/lurcat-jean-verseau-1959\/#primaryimage","url":"https:\/\/galerie-institut.com\/wp-content\/uploads\/2021\/10\/lurcat-jean-1959-verseau-1.jpg","contentUrl":"https:\/\/galerie-institut.com\/wp-content\/uploads\/2021\/10\/lurcat-jean-1959-verseau-1.jpg","width":1000,"height":1000},{"@type":"BreadcrumbList","@id":"https:\/\/galerie-institut.com\/en\/produit\/lurcat-jean-verseau-1959\/#breadcrumb","itemListElement":[{"@type":"ListItem","position":1,"name":"Accueil","item":"https:\/\/galerie-institut.com\/en\/accueil\/"},{"@type":"ListItem","position":2,"name":"Boutique","item":"https:\/\/galerie-institut.com\/?page_id=8607"},{"@type":"ListItem","position":3,"name":"Lur\u00e7at, Jean, Aquarius, 1959"}]},{"@type":"WebSite","@id":"https:\/\/galerie-institut.com\/en\/#website","url":"https:\/\/galerie-institut.com\/en\/","name":"Galerie Institut","description":"","potentialAction":[{"@type":"SearchAction","target":{"@type":"EntryPoint","urlTemplate":"https:\/\/galerie-institut.com\/en\/?s={search_term_string}"},"query-input":{"@type":"PropertyValueSpecification","valueRequired":true,"valueName":"search_term_string"}}],"inLanguage":"en-US"}]}},"_links":{"self":[{"href":"https:\/\/galerie-institut.com\/en\/wp-json\/wp\/v2\/product\/17971","targetHints":{"allow":["GET"]}}],"collection":[{"href":"https:\/\/galerie-institut.com\/en\/wp-json\/wp\/v2\/product"}],"about":[{"href":"https:\/\/galerie-institut.com\/en\/wp-json\/wp\/v2\/types\/product"}],"replies":[{"embeddable":true,"href":"https:\/\/galerie-institut.com\/en\/wp-json\/wp\/v2\/comments?post=17971"}],"wp:featuredmedia":[{"embeddable":true,"href":"https:\/\/galerie-institut.com\/en\/wp-json\/wp\/v2\/media\/17972"}],"wp:attachment":[{"href":"https:\/\/galerie-institut.com\/en\/wp-json\/wp\/v2\/media?parent=17971"}],"wp:term":[{"taxonomy":"product_brand","embeddable":true,"href":"https:\/\/galerie-institut.com\/en\/wp-json\/wp\/v2\/product_brand?post=17971"},{"taxonomy":"product_cat","embeddable":true,"href":"https:\/\/galerie-institut.com\/en\/wp-json\/wp\/v2\/product_cat?post=17971"},{"taxonomy":"product_tag","embeddable":true,"href":"https:\/\/galerie-institut.com\/en\/wp-json\/wp\/v2\/product_tag?post=17971"}],"curies":[{"name":"wp","href":"https:\/\/api.w.org\/{rel}","templated":true}]}}