{"id":17957,"date":"2021-10-28T14:16:08","date_gmt":"2021-10-28T14:16:08","guid":{"rendered":"https:\/\/galerie-institut.com\/produit\/lurcat-jean-capricorn-1959\/"},"modified":"2025-11-21T17:07:52","modified_gmt":"2025-11-21T17:07:52","slug":"lurcat-jean-capricorne-1959","status":"publish","type":"product","link":"https:\/\/galerie-institut.com\/en\/produit\/lurcat-jean-capricorne-1959\/","title":{"rendered":"Lur\u00e7at, Jean, Capricorn, 1959"},"content":{"rendered":"<p>1959<\/p>\n<p>Tapestry<\/p>\n<p>62 x 81 cm<\/p>\n<p>Signed by the artist in ink on the reverse, numbered 1899\/1\/6<\/p>\n<p>Suzanne Goubely Gatien \u00e9diteur<\/p>\n<p>Aubusson<\/p>\n","protected":false},"excerpt":{"rendered":"<blockquote><p>&#8220;No doubt for some, the Zodiac is a dense forest of facile, futile deceptions and lame symbolism. But the man who knows how to see and believes and loves to know finds in these strange figures, water, earth, vapors, minerals, these four sublimated or familiar corners where are inserted the trusts, the hopes, the seeds and the gestures of the man who sings in front of the sun, his eyes straight into the Light.&#8221;<a href=\"#_ftn1\" name=\"_ftnref1\">[1]<\/a><\/p><\/blockquote>\n<p>Since Antiquity, Capricorn has been embodied in a goat&#8217;s bust and a fish&#8217;s body. Being the first sign of the winter cycle, this explains the cold colors chosen by the artist to represent him. The luminescent shapes surrounding him are thought to be other stars inhabiting the universe.  <\/p>\n<p>&nbsp;<\/p>\n<p>[1] Manuscript by Jean Lur\u00e7at.<\/p>\n<p><a href=\"#_ftnref1\" name=\"_ftn1\"><\/a><\/p>\n","protected":false},"featured_media":17967,"comment_status":"open","ping_status":"closed","template":"","meta":{"_et_pb_use_builder":"","_et_pb_old_content":"","_et_gb_content_width":""},"product_brand":[],"product_cat":[314,272],"product_tag":[278],"class_list":{"0":"post-17957","1":"product","2":"type-product","3":"status-publish","4":"has-post-thumbnail","6":"product_cat-lurcat","7":"product_cat-unique-works","8":"product_tag-tapestry","10":"first","11":"instock","12":"shipping-taxable","13":"product-type-simple"},"yoast_head":"<!-- This site is optimized with the Yoast SEO plugin v27.4 - https:\/\/yoast.com\/product\/yoast-seo-wordpress\/ -->\n<title>Lur\u00e7at, Jean, Capricorn, 1959 - Galerie Institut<\/title>\n<meta name=\"description\" content=\"D\u00e9couvrez l&#039;oeuvre Lur\u00e7at, Jean, Capricorn, 1959 disponible \u00e0 la Galerie de l&#039;Institut. Si vous \u00eates int\u00e9ress\u00e9.e.s par Lur\u00e7at, Jean, Capricorn, 1959 merci de nous contacter \u00e0 contact@galerie-institut.com\" \/>\n<meta name=\"robots\" content=\"index, follow, max-snippet:-1, max-image-preview:large, max-video-preview:-1\" \/>\n<link rel=\"canonical\" href=\"https:\/\/galerie-institut.com\/en\/produit\/lurcat-jean-capricorne-1959\/\" \/>\n<meta property=\"og:locale\" content=\"en_US\" \/>\n<meta property=\"og:type\" content=\"article\" \/>\n<meta property=\"og:title\" content=\"Lur\u00e7at, Jean, Capricorn, 1959 - Galerie Institut\" \/>\n<meta property=\"og:description\" content=\"D\u00e9couvrez l&#039;oeuvre Lur\u00e7at, Jean, Capricorn, 1959 disponible \u00e0 la Galerie de l&#039;Institut. Si vous \u00eates int\u00e9ress\u00e9.e.s par Lur\u00e7at, Jean, Capricorn, 1959 merci de nous contacter \u00e0 contact@galerie-institut.com\" \/>\n<meta property=\"og:url\" content=\"https:\/\/galerie-institut.com\/en\/produit\/lurcat-jean-capricorne-1959\/\" \/>\n<meta property=\"og:site_name\" content=\"Galerie Institut\" \/>\n<meta property=\"article:modified_time\" content=\"2025-11-21T17:07:52+00:00\" \/>\n<meta property=\"og:image\" content=\"https:\/\/galerie-institut.com\/wp-content\/uploads\/2021\/10\/lurcat-jean-1959-capricorne-1.jpg\" \/>\n\t<meta property=\"og:image:width\" content=\"1000\" \/>\n\t<meta property=\"og:image:height\" content=\"1000\" \/>\n\t<meta property=\"og:image:type\" content=\"image\/jpeg\" \/>\n<meta name=\"twitter:card\" content=\"summary_large_image\" \/>\n<script type=\"application\/ld+json\" class=\"yoast-schema-graph\">{\"@context\":\"https:\\\/\\\/schema.org\",\"@graph\":[{\"@type\":\"WebPage\",\"@id\":\"https:\\\/\\\/galerie-institut.com\\\/en\\\/produit\\\/lurcat-jean-capricorne-1959\\\/\",\"url\":\"https:\\\/\\\/galerie-institut.com\\\/en\\\/produit\\\/lurcat-jean-capricorne-1959\\\/\",\"name\":\"Lur\u00e7at, Jean, Capricorn, 1959 - Galerie Institut\",\"isPartOf\":{\"@id\":\"https:\\\/\\\/galerie-institut.com\\\/en\\\/#website\"},\"primaryImageOfPage\":{\"@id\":\"https:\\\/\\\/galerie-institut.com\\\/en\\\/produit\\\/lurcat-jean-capricorne-1959\\\/#primaryimage\"},\"image\":{\"@id\":\"https:\\\/\\\/galerie-institut.com\\\/en\\\/produit\\\/lurcat-jean-capricorne-1959\\\/#primaryimage\"},\"thumbnailUrl\":\"https:\\\/\\\/galerie-institut.com\\\/wp-content\\\/uploads\\\/2021\\\/10\\\/lurcat-jean-1959-capricorne-1.jpg\",\"datePublished\":\"2021-10-28T14:16:08+00:00\",\"dateModified\":\"2025-11-21T17:07:52+00:00\",\"description\":\"D\u00e9couvrez l'oeuvre Lur\u00e7at, Jean, Capricorn, 1959 disponible \u00e0 la Galerie de l'Institut. Si vous \u00eates int\u00e9ress\u00e9.e.s par Lur\u00e7at, Jean, Capricorn, 1959 merci de nous contacter \u00e0 contact@galerie-institut.com\",\"breadcrumb\":{\"@id\":\"https:\\\/\\\/galerie-institut.com\\\/en\\\/produit\\\/lurcat-jean-capricorne-1959\\\/#breadcrumb\"},\"inLanguage\":\"en-US\",\"potentialAction\":[{\"@type\":\"ReadAction\",\"target\":[\"https:\\\/\\\/galerie-institut.com\\\/en\\\/produit\\\/lurcat-jean-capricorne-1959\\\/\"]}]},{\"@type\":\"ImageObject\",\"inLanguage\":\"en-US\",\"@id\":\"https:\\\/\\\/galerie-institut.com\\\/en\\\/produit\\\/lurcat-jean-capricorne-1959\\\/#primaryimage\",\"url\":\"https:\\\/\\\/galerie-institut.com\\\/wp-content\\\/uploads\\\/2021\\\/10\\\/lurcat-jean-1959-capricorne-1.jpg\",\"contentUrl\":\"https:\\\/\\\/galerie-institut.com\\\/wp-content\\\/uploads\\\/2021\\\/10\\\/lurcat-jean-1959-capricorne-1.jpg\",\"width\":1000,\"height\":1000},{\"@type\":\"BreadcrumbList\",\"@id\":\"https:\\\/\\\/galerie-institut.com\\\/en\\\/produit\\\/lurcat-jean-capricorne-1959\\\/#breadcrumb\",\"itemListElement\":[{\"@type\":\"ListItem\",\"position\":1,\"name\":\"Accueil\",\"item\":\"https:\\\/\\\/galerie-institut.com\\\/en\\\/accueil\\\/\"},{\"@type\":\"ListItem\",\"position\":2,\"name\":\"Boutique\",\"item\":\"https:\\\/\\\/galerie-institut.com\\\/?page_id=8607\"},{\"@type\":\"ListItem\",\"position\":3,\"name\":\"Lur\u00e7at, Jean, Capricorn, 1959\"}]},{\"@type\":\"WebSite\",\"@id\":\"https:\\\/\\\/galerie-institut.com\\\/en\\\/#website\",\"url\":\"https:\\\/\\\/galerie-institut.com\\\/en\\\/\",\"name\":\"Galerie Institut\",\"description\":\"\",\"potentialAction\":[{\"@type\":\"SearchAction\",\"target\":{\"@type\":\"EntryPoint\",\"urlTemplate\":\"https:\\\/\\\/galerie-institut.com\\\/en\\\/?s={search_term_string}\"},\"query-input\":{\"@type\":\"PropertyValueSpecification\",\"valueRequired\":true,\"valueName\":\"search_term_string\"}}],\"inLanguage\":\"en-US\"}]}<\/script>\n<!-- \/ Yoast SEO plugin. -->","yoast_head_json":{"title":"Lur\u00e7at, Jean, Capricorn, 1959 - Galerie Institut","description":"D\u00e9couvrez l'oeuvre Lur\u00e7at, Jean, Capricorn, 1959 disponible \u00e0 la Galerie de l'Institut. Si vous \u00eates int\u00e9ress\u00e9.e.s par Lur\u00e7at, Jean, Capricorn, 1959 merci de nous contacter \u00e0 contact@galerie-institut.com","robots":{"index":"index","follow":"follow","max-snippet":"max-snippet:-1","max-image-preview":"max-image-preview:large","max-video-preview":"max-video-preview:-1"},"canonical":"https:\/\/galerie-institut.com\/en\/produit\/lurcat-jean-capricorne-1959\/","og_locale":"en_US","og_type":"article","og_title":"Lur\u00e7at, Jean, Capricorn, 1959 - Galerie Institut","og_description":"D\u00e9couvrez l'oeuvre Lur\u00e7at, Jean, Capricorn, 1959 disponible \u00e0 la Galerie de l'Institut. Si vous \u00eates int\u00e9ress\u00e9.e.s par Lur\u00e7at, Jean, Capricorn, 1959 merci de nous contacter \u00e0 contact@galerie-institut.com","og_url":"https:\/\/galerie-institut.com\/en\/produit\/lurcat-jean-capricorne-1959\/","og_site_name":"Galerie Institut","article_modified_time":"2025-11-21T17:07:52+00:00","og_image":[{"width":1000,"height":1000,"url":"https:\/\/galerie-institut.com\/wp-content\/uploads\/2021\/10\/lurcat-jean-1959-capricorne-1.jpg","type":"image\/jpeg"}],"twitter_card":"summary_large_image","schema":{"@context":"https:\/\/schema.org","@graph":[{"@type":"WebPage","@id":"https:\/\/galerie-institut.com\/en\/produit\/lurcat-jean-capricorne-1959\/","url":"https:\/\/galerie-institut.com\/en\/produit\/lurcat-jean-capricorne-1959\/","name":"Lur\u00e7at, Jean, Capricorn, 1959 - Galerie Institut","isPartOf":{"@id":"https:\/\/galerie-institut.com\/en\/#website"},"primaryImageOfPage":{"@id":"https:\/\/galerie-institut.com\/en\/produit\/lurcat-jean-capricorne-1959\/#primaryimage"},"image":{"@id":"https:\/\/galerie-institut.com\/en\/produit\/lurcat-jean-capricorne-1959\/#primaryimage"},"thumbnailUrl":"https:\/\/galerie-institut.com\/wp-content\/uploads\/2021\/10\/lurcat-jean-1959-capricorne-1.jpg","datePublished":"2021-10-28T14:16:08+00:00","dateModified":"2025-11-21T17:07:52+00:00","description":"D\u00e9couvrez l'oeuvre Lur\u00e7at, Jean, Capricorn, 1959 disponible \u00e0 la Galerie de l'Institut. Si vous \u00eates int\u00e9ress\u00e9.e.s par Lur\u00e7at, Jean, Capricorn, 1959 merci de nous contacter \u00e0 contact@galerie-institut.com","breadcrumb":{"@id":"https:\/\/galerie-institut.com\/en\/produit\/lurcat-jean-capricorne-1959\/#breadcrumb"},"inLanguage":"en-US","potentialAction":[{"@type":"ReadAction","target":["https:\/\/galerie-institut.com\/en\/produit\/lurcat-jean-capricorne-1959\/"]}]},{"@type":"ImageObject","inLanguage":"en-US","@id":"https:\/\/galerie-institut.com\/en\/produit\/lurcat-jean-capricorne-1959\/#primaryimage","url":"https:\/\/galerie-institut.com\/wp-content\/uploads\/2021\/10\/lurcat-jean-1959-capricorne-1.jpg","contentUrl":"https:\/\/galerie-institut.com\/wp-content\/uploads\/2021\/10\/lurcat-jean-1959-capricorne-1.jpg","width":1000,"height":1000},{"@type":"BreadcrumbList","@id":"https:\/\/galerie-institut.com\/en\/produit\/lurcat-jean-capricorne-1959\/#breadcrumb","itemListElement":[{"@type":"ListItem","position":1,"name":"Accueil","item":"https:\/\/galerie-institut.com\/en\/accueil\/"},{"@type":"ListItem","position":2,"name":"Boutique","item":"https:\/\/galerie-institut.com\/?page_id=8607"},{"@type":"ListItem","position":3,"name":"Lur\u00e7at, Jean, Capricorn, 1959"}]},{"@type":"WebSite","@id":"https:\/\/galerie-institut.com\/en\/#website","url":"https:\/\/galerie-institut.com\/en\/","name":"Galerie Institut","description":"","potentialAction":[{"@type":"SearchAction","target":{"@type":"EntryPoint","urlTemplate":"https:\/\/galerie-institut.com\/en\/?s={search_term_string}"},"query-input":{"@type":"PropertyValueSpecification","valueRequired":true,"valueName":"search_term_string"}}],"inLanguage":"en-US"}]}},"_links":{"self":[{"href":"https:\/\/galerie-institut.com\/en\/wp-json\/wp\/v2\/product\/17957","targetHints":{"allow":["GET"]}}],"collection":[{"href":"https:\/\/galerie-institut.com\/en\/wp-json\/wp\/v2\/product"}],"about":[{"href":"https:\/\/galerie-institut.com\/en\/wp-json\/wp\/v2\/types\/product"}],"replies":[{"embeddable":true,"href":"https:\/\/galerie-institut.com\/en\/wp-json\/wp\/v2\/comments?post=17957"}],"wp:featuredmedia":[{"embeddable":true,"href":"https:\/\/galerie-institut.com\/en\/wp-json\/wp\/v2\/media\/17967"}],"wp:attachment":[{"href":"https:\/\/galerie-institut.com\/en\/wp-json\/wp\/v2\/media?parent=17957"}],"wp:term":[{"taxonomy":"product_brand","embeddable":true,"href":"https:\/\/galerie-institut.com\/en\/wp-json\/wp\/v2\/product_brand?post=17957"},{"taxonomy":"product_cat","embeddable":true,"href":"https:\/\/galerie-institut.com\/en\/wp-json\/wp\/v2\/product_cat?post=17957"},{"taxonomy":"product_tag","embeddable":true,"href":"https:\/\/galerie-institut.com\/en\/wp-json\/wp\/v2\/product_tag?post=17957"}],"curies":[{"name":"wp","href":"https:\/\/api.w.org\/{rel}","templated":true}]}}