{"id":17952,"date":"2021-10-28T14:33:47","date_gmt":"2021-10-28T14:33:47","guid":{"rendered":"https:\/\/galerie-institut.com\/produit\/miro-joan-lantitete-iii-le-desesperanto-1949\/"},"modified":"2025-11-21T17:08:22","modified_gmt":"2025-11-21T17:08:22","slug":"miro-joan-lantitete-1949","status":"publish","type":"product","link":"https:\/\/galerie-institut.com\/en\/produit\/miro-joan-lantitete-1949\/","title":{"rendered":"Mir\u00f3, Joan, L&#8217;Antit\u00eate, III Le D\u00e9sesp\u00e9ranto, 1949"},"content":{"rendered":"<p>1949<\/p>\n<p>Illustrated book<\/p>\n<p>25.8 x 16.8 cm<\/p>\n<p>Tristan Tzara,  <em>The Anti-head. III Desperanto <\/em>with 8 etchings by Joan Mir\u00f3, Paris, Bordas, 1949<\/p>\n<p>Eaux-fortes in black heightened with watercolor, all annotated in pencil lower left &#8220;\u00e9preuve d&#8217;essai, pour Hayter&#8221;, signed, localized, dated by the artist in pencil lower right<\/p>\n<p>Unsuccessful test runs<\/p>\n<p>Roger Lacouri\u00e8re print, Paris<\/p>\n<p>Catalog raisonn\u00e9: Cramer 20<\/p>\n","protected":false},"excerpt":{"rendered":"<p>1949 Illustrated book 25.8 x 16.8 cm Tristan Tzara, The Anti-head. III Desperanto with 8 etchings by Joan Mir\u00f3, Paris, Bordas, 1949 Eaux-fortes in black heightened with watercolor, all annotated in pencil lower left &#8220;\u00e9preuve d&#8217;essai, pour Hayter&#8221;, signed, localized, dated by the artist in pencil lower right Unsuccessful test runs Roger Lacouri\u00e8re print, Paris [&hellip;]<\/p>\n","protected":false},"featured_media":17965,"comment_status":"open","ping_status":"closed","template":"","meta":{"_et_pb_use_builder":"","_et_pb_old_content":"","_et_gb_content_width":""},"product_brand":[],"product_cat":[275,267],"product_tag":[174,268],"class_list":{"0":"post-17952","1":"product","2":"type-product","3":"status-publish","4":"has-post-thumbnail","6":"product_cat-miro","7":"product_cat-estampes","8":"product_tag-etching","9":"product_tag-print","11":"first","12":"instock","13":"shipping-taxable","14":"product-type-simple"},"yoast_head":"<!-- This site is optimized with the Yoast SEO plugin v27.3 - https:\/\/yoast.com\/product\/yoast-seo-wordpress\/ -->\n<title>Mir\u00f3, Joan, L&#039;Antit\u00eate, III Le D\u00e9sesp\u00e9ranto, 1949 - Galerie Institut<\/title>\n<meta name=\"description\" content=\"D\u00e9couvrez l&#039;oeuvre Mir\u00f3, Joan, L&#039;Antit\u00eate, III Le D\u00e9sesp\u00e9ranto, 1949 disponible \u00e0 la Galerie de l&#039;Institut. Si vous \u00eates int\u00e9ress\u00e9.e.s par Mir\u00f3, Joan, L&#039;Antit\u00eate, III Le D\u00e9sesp\u00e9ranto, 1949 merci de nous contacter \u00e0 contact@galerie-institut.com\" \/>\n<meta name=\"robots\" content=\"index, follow, max-snippet:-1, max-image-preview:large, max-video-preview:-1\" \/>\n<link rel=\"canonical\" href=\"https:\/\/galerie-institut.com\/en\/produit\/miro-joan-lantitete-1949\/\" \/>\n<meta property=\"og:locale\" content=\"en_US\" \/>\n<meta property=\"og:type\" content=\"article\" \/>\n<meta property=\"og:title\" content=\"Mir\u00f3, Joan, L&#039;Antit\u00eate, III Le D\u00e9sesp\u00e9ranto, 1949 - Galerie Institut\" \/>\n<meta property=\"og:description\" content=\"D\u00e9couvrez l&#039;oeuvre Mir\u00f3, Joan, L&#039;Antit\u00eate, III Le D\u00e9sesp\u00e9ranto, 1949 disponible \u00e0 la Galerie de l&#039;Institut. Si vous \u00eates int\u00e9ress\u00e9.e.s par Mir\u00f3, Joan, L&#039;Antit\u00eate, III Le D\u00e9sesp\u00e9ranto, 1949 merci de nous contacter \u00e0 contact@galerie-institut.com\" \/>\n<meta property=\"og:url\" content=\"https:\/\/galerie-institut.com\/en\/produit\/miro-joan-lantitete-1949\/\" \/>\n<meta property=\"og:site_name\" content=\"Galerie Institut\" \/>\n<meta property=\"article:modified_time\" content=\"2025-11-21T17:08:22+00:00\" \/>\n<meta property=\"og:image\" content=\"https:\/\/galerie-institut.com\/wp-content\/uploads\/2021\/10\/miro-joan-1947-l_antitete-9.jpg\" \/>\n\t<meta property=\"og:image:width\" content=\"1000\" \/>\n\t<meta property=\"og:image:height\" content=\"1000\" \/>\n\t<meta property=\"og:image:type\" content=\"image\/jpeg\" \/>\n<meta name=\"twitter:card\" content=\"summary_large_image\" \/>\n<script type=\"application\/ld+json\" class=\"yoast-schema-graph\">{\"@context\":\"https:\\\/\\\/schema.org\",\"@graph\":[{\"@type\":\"WebPage\",\"@id\":\"https:\\\/\\\/galerie-institut.com\\\/en\\\/produit\\\/miro-joan-lantitete-1949\\\/\",\"url\":\"https:\\\/\\\/galerie-institut.com\\\/en\\\/produit\\\/miro-joan-lantitete-1949\\\/\",\"name\":\"Mir\u00f3, Joan, L'Antit\u00eate, III Le D\u00e9sesp\u00e9ranto, 1949 - Galerie Institut\",\"isPartOf\":{\"@id\":\"https:\\\/\\\/galerie-institut.com\\\/en\\\/#website\"},\"primaryImageOfPage\":{\"@id\":\"https:\\\/\\\/galerie-institut.com\\\/en\\\/produit\\\/miro-joan-lantitete-1949\\\/#primaryimage\"},\"image\":{\"@id\":\"https:\\\/\\\/galerie-institut.com\\\/en\\\/produit\\\/miro-joan-lantitete-1949\\\/#primaryimage\"},\"thumbnailUrl\":\"https:\\\/\\\/galerie-institut.com\\\/wp-content\\\/uploads\\\/2021\\\/10\\\/miro-joan-1947-l_antitete-9.jpg\",\"datePublished\":\"2021-10-28T14:33:47+00:00\",\"dateModified\":\"2025-11-21T17:08:22+00:00\",\"description\":\"D\u00e9couvrez l'oeuvre Mir\u00f3, Joan, L'Antit\u00eate, III Le D\u00e9sesp\u00e9ranto, 1949 disponible \u00e0 la Galerie de l'Institut. Si vous \u00eates int\u00e9ress\u00e9.e.s par Mir\u00f3, Joan, L'Antit\u00eate, III Le D\u00e9sesp\u00e9ranto, 1949 merci de nous contacter \u00e0 contact@galerie-institut.com\",\"breadcrumb\":{\"@id\":\"https:\\\/\\\/galerie-institut.com\\\/en\\\/produit\\\/miro-joan-lantitete-1949\\\/#breadcrumb\"},\"inLanguage\":\"en-US\",\"potentialAction\":[{\"@type\":\"ReadAction\",\"target\":[\"https:\\\/\\\/galerie-institut.com\\\/en\\\/produit\\\/miro-joan-lantitete-1949\\\/\"]}]},{\"@type\":\"ImageObject\",\"inLanguage\":\"en-US\",\"@id\":\"https:\\\/\\\/galerie-institut.com\\\/en\\\/produit\\\/miro-joan-lantitete-1949\\\/#primaryimage\",\"url\":\"https:\\\/\\\/galerie-institut.com\\\/wp-content\\\/uploads\\\/2021\\\/10\\\/miro-joan-1947-l_antitete-9.jpg\",\"contentUrl\":\"https:\\\/\\\/galerie-institut.com\\\/wp-content\\\/uploads\\\/2021\\\/10\\\/miro-joan-1947-l_antitete-9.jpg\",\"width\":1000,\"height\":1000},{\"@type\":\"BreadcrumbList\",\"@id\":\"https:\\\/\\\/galerie-institut.com\\\/en\\\/produit\\\/miro-joan-lantitete-1949\\\/#breadcrumb\",\"itemListElement\":[{\"@type\":\"ListItem\",\"position\":1,\"name\":\"Accueil\",\"item\":\"https:\\\/\\\/galerie-institut.com\\\/en\\\/accueil\\\/\"},{\"@type\":\"ListItem\",\"position\":2,\"name\":\"Boutique\",\"item\":\"https:\\\/\\\/galerie-institut.com\\\/?page_id=8607\"},{\"@type\":\"ListItem\",\"position\":3,\"name\":\"Mir\u00f3, Joan, L&#8217;Antit\u00eate, III Le D\u00e9sesp\u00e9ranto, 1949\"}]},{\"@type\":\"WebSite\",\"@id\":\"https:\\\/\\\/galerie-institut.com\\\/en\\\/#website\",\"url\":\"https:\\\/\\\/galerie-institut.com\\\/en\\\/\",\"name\":\"Galerie Institut\",\"description\":\"\",\"potentialAction\":[{\"@type\":\"SearchAction\",\"target\":{\"@type\":\"EntryPoint\",\"urlTemplate\":\"https:\\\/\\\/galerie-institut.com\\\/en\\\/?s={search_term_string}\"},\"query-input\":{\"@type\":\"PropertyValueSpecification\",\"valueRequired\":true,\"valueName\":\"search_term_string\"}}],\"inLanguage\":\"en-US\"}]}<\/script>\n<!-- \/ Yoast SEO plugin. -->","yoast_head_json":{"title":"Mir\u00f3, Joan, L'Antit\u00eate, III Le D\u00e9sesp\u00e9ranto, 1949 - Galerie Institut","description":"D\u00e9couvrez l'oeuvre Mir\u00f3, Joan, L'Antit\u00eate, III Le D\u00e9sesp\u00e9ranto, 1949 disponible \u00e0 la Galerie de l'Institut. Si vous \u00eates int\u00e9ress\u00e9.e.s par Mir\u00f3, Joan, L'Antit\u00eate, III Le D\u00e9sesp\u00e9ranto, 1949 merci de nous contacter \u00e0 contact@galerie-institut.com","robots":{"index":"index","follow":"follow","max-snippet":"max-snippet:-1","max-image-preview":"max-image-preview:large","max-video-preview":"max-video-preview:-1"},"canonical":"https:\/\/galerie-institut.com\/en\/produit\/miro-joan-lantitete-1949\/","og_locale":"en_US","og_type":"article","og_title":"Mir\u00f3, Joan, L'Antit\u00eate, III Le D\u00e9sesp\u00e9ranto, 1949 - Galerie Institut","og_description":"D\u00e9couvrez l'oeuvre Mir\u00f3, Joan, L'Antit\u00eate, III Le D\u00e9sesp\u00e9ranto, 1949 disponible \u00e0 la Galerie de l'Institut. Si vous \u00eates int\u00e9ress\u00e9.e.s par Mir\u00f3, Joan, L'Antit\u00eate, III Le D\u00e9sesp\u00e9ranto, 1949 merci de nous contacter \u00e0 contact@galerie-institut.com","og_url":"https:\/\/galerie-institut.com\/en\/produit\/miro-joan-lantitete-1949\/","og_site_name":"Galerie Institut","article_modified_time":"2025-11-21T17:08:22+00:00","og_image":[{"width":1000,"height":1000,"url":"https:\/\/galerie-institut.com\/wp-content\/uploads\/2021\/10\/miro-joan-1947-l_antitete-9.jpg","type":"image\/jpeg"}],"twitter_card":"summary_large_image","schema":{"@context":"https:\/\/schema.org","@graph":[{"@type":"WebPage","@id":"https:\/\/galerie-institut.com\/en\/produit\/miro-joan-lantitete-1949\/","url":"https:\/\/galerie-institut.com\/en\/produit\/miro-joan-lantitete-1949\/","name":"Mir\u00f3, Joan, L'Antit\u00eate, III Le D\u00e9sesp\u00e9ranto, 1949 - Galerie Institut","isPartOf":{"@id":"https:\/\/galerie-institut.com\/en\/#website"},"primaryImageOfPage":{"@id":"https:\/\/galerie-institut.com\/en\/produit\/miro-joan-lantitete-1949\/#primaryimage"},"image":{"@id":"https:\/\/galerie-institut.com\/en\/produit\/miro-joan-lantitete-1949\/#primaryimage"},"thumbnailUrl":"https:\/\/galerie-institut.com\/wp-content\/uploads\/2021\/10\/miro-joan-1947-l_antitete-9.jpg","datePublished":"2021-10-28T14:33:47+00:00","dateModified":"2025-11-21T17:08:22+00:00","description":"D\u00e9couvrez l'oeuvre Mir\u00f3, Joan, L'Antit\u00eate, III Le D\u00e9sesp\u00e9ranto, 1949 disponible \u00e0 la Galerie de l'Institut. Si vous \u00eates int\u00e9ress\u00e9.e.s par Mir\u00f3, Joan, L'Antit\u00eate, III Le D\u00e9sesp\u00e9ranto, 1949 merci de nous contacter \u00e0 contact@galerie-institut.com","breadcrumb":{"@id":"https:\/\/galerie-institut.com\/en\/produit\/miro-joan-lantitete-1949\/#breadcrumb"},"inLanguage":"en-US","potentialAction":[{"@type":"ReadAction","target":["https:\/\/galerie-institut.com\/en\/produit\/miro-joan-lantitete-1949\/"]}]},{"@type":"ImageObject","inLanguage":"en-US","@id":"https:\/\/galerie-institut.com\/en\/produit\/miro-joan-lantitete-1949\/#primaryimage","url":"https:\/\/galerie-institut.com\/wp-content\/uploads\/2021\/10\/miro-joan-1947-l_antitete-9.jpg","contentUrl":"https:\/\/galerie-institut.com\/wp-content\/uploads\/2021\/10\/miro-joan-1947-l_antitete-9.jpg","width":1000,"height":1000},{"@type":"BreadcrumbList","@id":"https:\/\/galerie-institut.com\/en\/produit\/miro-joan-lantitete-1949\/#breadcrumb","itemListElement":[{"@type":"ListItem","position":1,"name":"Accueil","item":"https:\/\/galerie-institut.com\/en\/accueil\/"},{"@type":"ListItem","position":2,"name":"Boutique","item":"https:\/\/galerie-institut.com\/?page_id=8607"},{"@type":"ListItem","position":3,"name":"Mir\u00f3, Joan, L&#8217;Antit\u00eate, III Le D\u00e9sesp\u00e9ranto, 1949"}]},{"@type":"WebSite","@id":"https:\/\/galerie-institut.com\/en\/#website","url":"https:\/\/galerie-institut.com\/en\/","name":"Galerie Institut","description":"","potentialAction":[{"@type":"SearchAction","target":{"@type":"EntryPoint","urlTemplate":"https:\/\/galerie-institut.com\/en\/?s={search_term_string}"},"query-input":{"@type":"PropertyValueSpecification","valueRequired":true,"valueName":"search_term_string"}}],"inLanguage":"en-US"}]}},"_links":{"self":[{"href":"https:\/\/galerie-institut.com\/en\/wp-json\/wp\/v2\/product\/17952","targetHints":{"allow":["GET"]}}],"collection":[{"href":"https:\/\/galerie-institut.com\/en\/wp-json\/wp\/v2\/product"}],"about":[{"href":"https:\/\/galerie-institut.com\/en\/wp-json\/wp\/v2\/types\/product"}],"replies":[{"embeddable":true,"href":"https:\/\/galerie-institut.com\/en\/wp-json\/wp\/v2\/comments?post=17952"}],"wp:featuredmedia":[{"embeddable":true,"href":"https:\/\/galerie-institut.com\/en\/wp-json\/wp\/v2\/media\/17965"}],"wp:attachment":[{"href":"https:\/\/galerie-institut.com\/en\/wp-json\/wp\/v2\/media?parent=17952"}],"wp:term":[{"taxonomy":"product_brand","embeddable":true,"href":"https:\/\/galerie-institut.com\/en\/wp-json\/wp\/v2\/product_brand?post=17952"},{"taxonomy":"product_cat","embeddable":true,"href":"https:\/\/galerie-institut.com\/en\/wp-json\/wp\/v2\/product_cat?post=17952"},{"taxonomy":"product_tag","embeddable":true,"href":"https:\/\/galerie-institut.com\/en\/wp-json\/wp\/v2\/product_tag?post=17952"}],"curies":[{"name":"wp","href":"https:\/\/api.w.org\/{rel}","templated":true}]}}