{"id":17942,"date":"2021-10-26T14:51:33","date_gmt":"2021-10-26T14:51:33","guid":{"rendered":"https:\/\/galerie-institut.com\/produit\/picasso-pablo-large-womans-head-with-ornamented-hat-1962\/"},"modified":"2025-11-21T17:08:03","modified_gmt":"2025-11-21T17:08:03","slug":"picasso-pablo-grande-tete-de-femme-au-chapeau-orne-1962","status":"publish","type":"product","link":"https:\/\/galerie-institut.com\/en\/produit\/picasso-pablo-grande-tete-de-femme-au-chapeau-orne-1962\/","title":{"rendered":"Picasso, Pablo, Large Woman&#8217;s Head with Ornamented Hat, 1962"},"content":{"rendered":"<p>1962<\/p>\n<p>Original two-colour linocut on Arches paper<\/p>\n<p>75.2 x 62.2 cm<\/p>\n<p>Unsigned<\/p>\n<p>Arn\u00e9ra print; Galerie Louise Leiris \u00e9diteur, Paris 1963<\/p>\n<p>Catalogue raisonn\u00e9: Bloch 1077; Baer 1317: <em>Grande t\u00eate de Jacqueline au chapeau<\/em><\/p>\n<p>\u00a9 Succession Picasso 2025<\/p>\n","protected":false},"excerpt":{"rendered":"<p>Each time he tried a new technique, Picasso demonstrated particularly rewarding innovations. In <em>Grande t\u00eate de femme au chapeau orn\u00e9<\/em>, the fine parallel stripes in ochre-pink that create a sense of material, akin to marquetry, result from the artist&#8217;s use of a horse currycomb, like a scraper. <\/p>\n","protected":false},"featured_media":17943,"comment_status":"open","ping_status":"closed","template":"","meta":{"_et_pb_use_builder":"","_et_pb_old_content":"","_et_gb_content_width":""},"product_brand":[],"product_cat":[267,266],"product_tag":[269,268],"class_list":{"0":"post-17942","1":"product","2":"type-product","3":"status-publish","4":"has-post-thumbnail","6":"product_cat-estampes","7":"product_cat-works-of-art-by-pablo-picasso","8":"product_tag-linocut","9":"product_tag-print","11":"first","12":"instock","13":"shipping-taxable","14":"product-type-simple"},"yoast_head":"<!-- This site is optimized with the Yoast SEO plugin v27.3 - https:\/\/yoast.com\/product\/yoast-seo-wordpress\/ -->\n<title>Picasso, Pablo, Large Woman&#039;s Head with Ornamented Hat, 1962 - Galerie Institut<\/title>\n<meta name=\"description\" content=\"D\u00e9couvrez l&#039;oeuvre Picasso, Pablo, Large Woman&#039;s Head with Ornamented Hat, 1962 disponible \u00e0 la Galerie de l&#039;Institut. Si vous \u00eates int\u00e9ress\u00e9.e.s par Picasso, Pablo, Large Woman&#039;s Head with Ornamented Hat, 1962 merci de nous contacter \u00e0 contact@galerie-institut.com\" \/>\n<meta name=\"robots\" content=\"index, follow, max-snippet:-1, max-image-preview:large, max-video-preview:-1\" \/>\n<link rel=\"canonical\" href=\"https:\/\/galerie-institut.com\/en\/produit\/picasso-pablo-grande-tete-de-femme-au-chapeau-orne-1962\/\" \/>\n<meta property=\"og:locale\" content=\"en_US\" \/>\n<meta property=\"og:type\" content=\"article\" \/>\n<meta property=\"og:title\" content=\"Picasso, Pablo, Large Woman&#039;s Head with Ornamented Hat, 1962 - Galerie Institut\" \/>\n<meta property=\"og:description\" content=\"D\u00e9couvrez l&#039;oeuvre Picasso, Pablo, Large Woman&#039;s Head with Ornamented Hat, 1962 disponible \u00e0 la Galerie de l&#039;Institut. Si vous \u00eates int\u00e9ress\u00e9.e.s par Picasso, Pablo, Large Woman&#039;s Head with Ornamented Hat, 1962 merci de nous contacter \u00e0 contact@galerie-institut.com\" \/>\n<meta property=\"og:url\" content=\"https:\/\/galerie-institut.com\/en\/produit\/picasso-pablo-grande-tete-de-femme-au-chapeau-orne-1962\/\" \/>\n<meta property=\"og:site_name\" content=\"Galerie Institut\" \/>\n<meta property=\"article:modified_time\" content=\"2025-11-21T17:08:03+00:00\" \/>\n<meta property=\"og:image\" content=\"https:\/\/galerie-institut.com\/wp-content\/uploads\/2021\/10\/picasso-pablo-1962-grande-tete-de-femme-au-chapeau-orne.jpg\" \/>\n\t<meta property=\"og:image:width\" content=\"1000\" \/>\n\t<meta property=\"og:image:height\" content=\"1000\" \/>\n\t<meta property=\"og:image:type\" content=\"image\/jpeg\" \/>\n<meta name=\"twitter:card\" content=\"summary_large_image\" \/>\n<script type=\"application\/ld+json\" class=\"yoast-schema-graph\">{\"@context\":\"https:\\\/\\\/schema.org\",\"@graph\":[{\"@type\":\"WebPage\",\"@id\":\"https:\\\/\\\/galerie-institut.com\\\/en\\\/produit\\\/picasso-pablo-grande-tete-de-femme-au-chapeau-orne-1962\\\/\",\"url\":\"https:\\\/\\\/galerie-institut.com\\\/en\\\/produit\\\/picasso-pablo-grande-tete-de-femme-au-chapeau-orne-1962\\\/\",\"name\":\"Picasso, Pablo, Large Woman's Head with Ornamented Hat, 1962 - Galerie Institut\",\"isPartOf\":{\"@id\":\"https:\\\/\\\/galerie-institut.com\\\/en\\\/#website\"},\"primaryImageOfPage\":{\"@id\":\"https:\\\/\\\/galerie-institut.com\\\/en\\\/produit\\\/picasso-pablo-grande-tete-de-femme-au-chapeau-orne-1962\\\/#primaryimage\"},\"image\":{\"@id\":\"https:\\\/\\\/galerie-institut.com\\\/en\\\/produit\\\/picasso-pablo-grande-tete-de-femme-au-chapeau-orne-1962\\\/#primaryimage\"},\"thumbnailUrl\":\"https:\\\/\\\/galerie-institut.com\\\/wp-content\\\/uploads\\\/2021\\\/10\\\/picasso-pablo-1962-grande-tete-de-femme-au-chapeau-orne.jpg\",\"datePublished\":\"2021-10-26T14:51:33+00:00\",\"dateModified\":\"2025-11-21T17:08:03+00:00\",\"description\":\"D\u00e9couvrez l'oeuvre Picasso, Pablo, Large Woman's Head with Ornamented Hat, 1962 disponible \u00e0 la Galerie de l'Institut. Si vous \u00eates int\u00e9ress\u00e9.e.s par Picasso, Pablo, Large Woman's Head with Ornamented Hat, 1962 merci de nous contacter \u00e0 contact@galerie-institut.com\",\"breadcrumb\":{\"@id\":\"https:\\\/\\\/galerie-institut.com\\\/en\\\/produit\\\/picasso-pablo-grande-tete-de-femme-au-chapeau-orne-1962\\\/#breadcrumb\"},\"inLanguage\":\"en-US\",\"potentialAction\":[{\"@type\":\"ReadAction\",\"target\":[\"https:\\\/\\\/galerie-institut.com\\\/en\\\/produit\\\/picasso-pablo-grande-tete-de-femme-au-chapeau-orne-1962\\\/\"]}]},{\"@type\":\"ImageObject\",\"inLanguage\":\"en-US\",\"@id\":\"https:\\\/\\\/galerie-institut.com\\\/en\\\/produit\\\/picasso-pablo-grande-tete-de-femme-au-chapeau-orne-1962\\\/#primaryimage\",\"url\":\"https:\\\/\\\/galerie-institut.com\\\/wp-content\\\/uploads\\\/2021\\\/10\\\/picasso-pablo-1962-grande-tete-de-femme-au-chapeau-orne.jpg\",\"contentUrl\":\"https:\\\/\\\/galerie-institut.com\\\/wp-content\\\/uploads\\\/2021\\\/10\\\/picasso-pablo-1962-grande-tete-de-femme-au-chapeau-orne.jpg\",\"width\":1000,\"height\":1000},{\"@type\":\"BreadcrumbList\",\"@id\":\"https:\\\/\\\/galerie-institut.com\\\/en\\\/produit\\\/picasso-pablo-grande-tete-de-femme-au-chapeau-orne-1962\\\/#breadcrumb\",\"itemListElement\":[{\"@type\":\"ListItem\",\"position\":1,\"name\":\"Accueil\",\"item\":\"https:\\\/\\\/galerie-institut.com\\\/en\\\/accueil\\\/\"},{\"@type\":\"ListItem\",\"position\":2,\"name\":\"Boutique\",\"item\":\"https:\\\/\\\/galerie-institut.com\\\/?page_id=8607\"},{\"@type\":\"ListItem\",\"position\":3,\"name\":\"Picasso, Pablo, Large Woman&#8217;s Head with Ornamented Hat, 1962\"}]},{\"@type\":\"WebSite\",\"@id\":\"https:\\\/\\\/galerie-institut.com\\\/en\\\/#website\",\"url\":\"https:\\\/\\\/galerie-institut.com\\\/en\\\/\",\"name\":\"Galerie Institut\",\"description\":\"\",\"potentialAction\":[{\"@type\":\"SearchAction\",\"target\":{\"@type\":\"EntryPoint\",\"urlTemplate\":\"https:\\\/\\\/galerie-institut.com\\\/en\\\/?s={search_term_string}\"},\"query-input\":{\"@type\":\"PropertyValueSpecification\",\"valueRequired\":true,\"valueName\":\"search_term_string\"}}],\"inLanguage\":\"en-US\"}]}<\/script>\n<!-- \/ Yoast SEO plugin. -->","yoast_head_json":{"title":"Picasso, Pablo, Large Woman's Head with Ornamented Hat, 1962 - Galerie Institut","description":"D\u00e9couvrez l'oeuvre Picasso, Pablo, Large Woman's Head with Ornamented Hat, 1962 disponible \u00e0 la Galerie de l'Institut. Si vous \u00eates int\u00e9ress\u00e9.e.s par Picasso, Pablo, Large Woman's Head with Ornamented Hat, 1962 merci de nous contacter \u00e0 contact@galerie-institut.com","robots":{"index":"index","follow":"follow","max-snippet":"max-snippet:-1","max-image-preview":"max-image-preview:large","max-video-preview":"max-video-preview:-1"},"canonical":"https:\/\/galerie-institut.com\/en\/produit\/picasso-pablo-grande-tete-de-femme-au-chapeau-orne-1962\/","og_locale":"en_US","og_type":"article","og_title":"Picasso, Pablo, Large Woman's Head with Ornamented Hat, 1962 - Galerie Institut","og_description":"D\u00e9couvrez l'oeuvre Picasso, Pablo, Large Woman's Head with Ornamented Hat, 1962 disponible \u00e0 la Galerie de l'Institut. Si vous \u00eates int\u00e9ress\u00e9.e.s par Picasso, Pablo, Large Woman's Head with Ornamented Hat, 1962 merci de nous contacter \u00e0 contact@galerie-institut.com","og_url":"https:\/\/galerie-institut.com\/en\/produit\/picasso-pablo-grande-tete-de-femme-au-chapeau-orne-1962\/","og_site_name":"Galerie Institut","article_modified_time":"2025-11-21T17:08:03+00:00","og_image":[{"width":1000,"height":1000,"url":"https:\/\/galerie-institut.com\/wp-content\/uploads\/2021\/10\/picasso-pablo-1962-grande-tete-de-femme-au-chapeau-orne.jpg","type":"image\/jpeg"}],"twitter_card":"summary_large_image","schema":{"@context":"https:\/\/schema.org","@graph":[{"@type":"WebPage","@id":"https:\/\/galerie-institut.com\/en\/produit\/picasso-pablo-grande-tete-de-femme-au-chapeau-orne-1962\/","url":"https:\/\/galerie-institut.com\/en\/produit\/picasso-pablo-grande-tete-de-femme-au-chapeau-orne-1962\/","name":"Picasso, Pablo, Large Woman's Head with Ornamented Hat, 1962 - Galerie Institut","isPartOf":{"@id":"https:\/\/galerie-institut.com\/en\/#website"},"primaryImageOfPage":{"@id":"https:\/\/galerie-institut.com\/en\/produit\/picasso-pablo-grande-tete-de-femme-au-chapeau-orne-1962\/#primaryimage"},"image":{"@id":"https:\/\/galerie-institut.com\/en\/produit\/picasso-pablo-grande-tete-de-femme-au-chapeau-orne-1962\/#primaryimage"},"thumbnailUrl":"https:\/\/galerie-institut.com\/wp-content\/uploads\/2021\/10\/picasso-pablo-1962-grande-tete-de-femme-au-chapeau-orne.jpg","datePublished":"2021-10-26T14:51:33+00:00","dateModified":"2025-11-21T17:08:03+00:00","description":"D\u00e9couvrez l'oeuvre Picasso, Pablo, Large Woman's Head with Ornamented Hat, 1962 disponible \u00e0 la Galerie de l'Institut. Si vous \u00eates int\u00e9ress\u00e9.e.s par Picasso, Pablo, Large Woman's Head with Ornamented Hat, 1962 merci de nous contacter \u00e0 contact@galerie-institut.com","breadcrumb":{"@id":"https:\/\/galerie-institut.com\/en\/produit\/picasso-pablo-grande-tete-de-femme-au-chapeau-orne-1962\/#breadcrumb"},"inLanguage":"en-US","potentialAction":[{"@type":"ReadAction","target":["https:\/\/galerie-institut.com\/en\/produit\/picasso-pablo-grande-tete-de-femme-au-chapeau-orne-1962\/"]}]},{"@type":"ImageObject","inLanguage":"en-US","@id":"https:\/\/galerie-institut.com\/en\/produit\/picasso-pablo-grande-tete-de-femme-au-chapeau-orne-1962\/#primaryimage","url":"https:\/\/galerie-institut.com\/wp-content\/uploads\/2021\/10\/picasso-pablo-1962-grande-tete-de-femme-au-chapeau-orne.jpg","contentUrl":"https:\/\/galerie-institut.com\/wp-content\/uploads\/2021\/10\/picasso-pablo-1962-grande-tete-de-femme-au-chapeau-orne.jpg","width":1000,"height":1000},{"@type":"BreadcrumbList","@id":"https:\/\/galerie-institut.com\/en\/produit\/picasso-pablo-grande-tete-de-femme-au-chapeau-orne-1962\/#breadcrumb","itemListElement":[{"@type":"ListItem","position":1,"name":"Accueil","item":"https:\/\/galerie-institut.com\/en\/accueil\/"},{"@type":"ListItem","position":2,"name":"Boutique","item":"https:\/\/galerie-institut.com\/?page_id=8607"},{"@type":"ListItem","position":3,"name":"Picasso, Pablo, Large Woman&#8217;s Head with Ornamented Hat, 1962"}]},{"@type":"WebSite","@id":"https:\/\/galerie-institut.com\/en\/#website","url":"https:\/\/galerie-institut.com\/en\/","name":"Galerie Institut","description":"","potentialAction":[{"@type":"SearchAction","target":{"@type":"EntryPoint","urlTemplate":"https:\/\/galerie-institut.com\/en\/?s={search_term_string}"},"query-input":{"@type":"PropertyValueSpecification","valueRequired":true,"valueName":"search_term_string"}}],"inLanguage":"en-US"}]}},"_links":{"self":[{"href":"https:\/\/galerie-institut.com\/en\/wp-json\/wp\/v2\/product\/17942","targetHints":{"allow":["GET"]}}],"collection":[{"href":"https:\/\/galerie-institut.com\/en\/wp-json\/wp\/v2\/product"}],"about":[{"href":"https:\/\/galerie-institut.com\/en\/wp-json\/wp\/v2\/types\/product"}],"replies":[{"embeddable":true,"href":"https:\/\/galerie-institut.com\/en\/wp-json\/wp\/v2\/comments?post=17942"}],"wp:featuredmedia":[{"embeddable":true,"href":"https:\/\/galerie-institut.com\/en\/wp-json\/wp\/v2\/media\/17943"}],"wp:attachment":[{"href":"https:\/\/galerie-institut.com\/en\/wp-json\/wp\/v2\/media?parent=17942"}],"wp:term":[{"taxonomy":"product_brand","embeddable":true,"href":"https:\/\/galerie-institut.com\/en\/wp-json\/wp\/v2\/product_brand?post=17942"},{"taxonomy":"product_cat","embeddable":true,"href":"https:\/\/galerie-institut.com\/en\/wp-json\/wp\/v2\/product_cat?post=17942"},{"taxonomy":"product_tag","embeddable":true,"href":"https:\/\/galerie-institut.com\/en\/wp-json\/wp\/v2\/product_tag?post=17942"}],"curies":[{"name":"wp","href":"https:\/\/api.w.org\/{rel}","templated":true}]}}