{"id":17933,"date":"2021-10-26T13:25:18","date_gmt":"2021-10-26T13:25:18","guid":{"rendered":"https:\/\/galerie-institut.com\/produit\/leger-fernand-model-for-circus-1950\/"},"modified":"2025-11-21T17:07:17","modified_gmt":"2025-11-21T17:07:17","slug":"leger-fernand-maquette-pour-le-cirque-1950","status":"publish","type":"product","link":"https:\/\/galerie-institut.com\/en\/produit\/leger-fernand-maquette-pour-le-cirque-1950\/","title":{"rendered":"L\u00e9ger, Fernand, Model for Circus, 1950"},"content":{"rendered":"<p>1950<\/p>\n<p>Model for <em>Cirque, <\/em>Paris<\/p>\n<p>T\u00e9riade \u00e9diteur, 1950, p. 90<\/p>\n<p>Pencil, gouache, Indian ink on paper<\/p>\n<p>31.9 x 23.3 cm<\/p>\n<p>Signed by the artist in India ink, lower center<\/p>\n<p>Catalog raisonn\u00e9: Saphire 94<\/p>\n","protected":false},"excerpt":{"rendered":"<p>The publisher T\u00e9riade commissions Fernand L\u00e9ger to produce the illustrated book <em>Cirque<\/em>, with both text and images printed in lithography by Mourlot. In this book, Fernand L\u00e9ger compares the exciting life of the country cyclist (himself) with that of the acrobat. <\/p>\n<p>The circus is a recurring theme in the artist&#8217;s pictorial universe. Like many moderns, he often went to the Cirque d&#8217;Hiver and the Medrano circus. But the show is above all a pretext for reflection on art: it is a metaphor for modern life, as it condenses agitation and simultaneity into a single performance.  <\/p>\n<p><em>&#8220;Nothing is as round as the circus (&#8230;) It doesn&#8217;t stop, everything follows on. The ring dominates, commands, absorbs.&#8221;<\/em><\/p>\n<p>This original plate is the definitive model for one of the 63 lithographs in the book. The image is part of the episode on fortune-telling: <\/p>\n<p><em>&#8220;Your future is in your hand, give your hand. Miss Athena, Miskouska, Dania will tell you your fate. In the shadow of the circus, at a respectful distance, the mysterious little shack has (&#8230;)&#8221;.  <\/em><\/p>\n<p>Vivid colors and interwoven shapes convey the intensity of this experience, where all the senses are heightened.<\/p>\n<p>&nbsp;<\/p>\n","protected":false},"featured_media":17934,"comment_status":"open","ping_status":"closed","template":"","meta":{"_et_pb_use_builder":"","_et_pb_old_content":"","_et_gb_content_width":""},"product_brand":[],"product_cat":[312,272],"product_tag":[162,177,310,298],"class_list":{"0":"post-17933","1":"product","2":"type-product","3":"status-publish","4":"has-post-thumbnail","6":"product_cat-light","7":"product_cat-unique-works","8":"product_tag-drawing","9":"product_tag-gouache-en","10":"product_tag-indian-ink","11":"product_tag-watercolor","13":"first","14":"instock","15":"shipping-taxable","16":"product-type-simple"},"yoast_head":"<!-- This site is optimized with the Yoast SEO plugin v27.3 - https:\/\/yoast.com\/product\/yoast-seo-wordpress\/ -->\n<title>L\u00e9ger, Fernand, Model for Circus, 1950 - Galerie Institut<\/title>\n<meta name=\"description\" content=\"D\u00e9couvrez l&#039;oeuvre L\u00e9ger, Fernand, Model for Circus, 1950 disponible \u00e0 la Galerie de l&#039;Institut. Si vous \u00eates int\u00e9ress\u00e9.e.s par L\u00e9ger, Fernand, Model for Circus, 1950 merci de nous contacter \u00e0 contact@galerie-institut.com\" \/>\n<meta name=\"robots\" content=\"index, follow, max-snippet:-1, max-image-preview:large, max-video-preview:-1\" \/>\n<link rel=\"canonical\" href=\"https:\/\/galerie-institut.com\/en\/produit\/leger-fernand-maquette-pour-le-cirque-1950\/\" \/>\n<meta property=\"og:locale\" content=\"en_US\" \/>\n<meta property=\"og:type\" content=\"article\" \/>\n<meta property=\"og:title\" content=\"L\u00e9ger, Fernand, Model for Circus, 1950 - Galerie Institut\" \/>\n<meta property=\"og:description\" content=\"D\u00e9couvrez l&#039;oeuvre L\u00e9ger, Fernand, Model for Circus, 1950 disponible \u00e0 la Galerie de l&#039;Institut. Si vous \u00eates int\u00e9ress\u00e9.e.s par L\u00e9ger, Fernand, Model for Circus, 1950 merci de nous contacter \u00e0 contact@galerie-institut.com\" \/>\n<meta property=\"og:url\" content=\"https:\/\/galerie-institut.com\/en\/produit\/leger-fernand-maquette-pour-le-cirque-1950\/\" \/>\n<meta property=\"og:site_name\" content=\"Galerie Institut\" \/>\n<meta property=\"article:modified_time\" content=\"2025-11-21T17:07:17+00:00\" \/>\n<meta property=\"og:image\" content=\"https:\/\/galerie-institut.com\/wp-content\/uploads\/2021\/10\/leger-fernand-1950-maquette-pour-le-cirque.jpg\" \/>\n\t<meta property=\"og:image:width\" content=\"1000\" \/>\n\t<meta property=\"og:image:height\" content=\"1000\" \/>\n\t<meta property=\"og:image:type\" content=\"image\/jpeg\" \/>\n<meta name=\"twitter:card\" content=\"summary_large_image\" \/>\n<script type=\"application\/ld+json\" class=\"yoast-schema-graph\">{\"@context\":\"https:\\\/\\\/schema.org\",\"@graph\":[{\"@type\":\"WebPage\",\"@id\":\"https:\\\/\\\/galerie-institut.com\\\/en\\\/produit\\\/leger-fernand-maquette-pour-le-cirque-1950\\\/\",\"url\":\"https:\\\/\\\/galerie-institut.com\\\/en\\\/produit\\\/leger-fernand-maquette-pour-le-cirque-1950\\\/\",\"name\":\"L\u00e9ger, Fernand, Model for Circus, 1950 - Galerie Institut\",\"isPartOf\":{\"@id\":\"https:\\\/\\\/galerie-institut.com\\\/en\\\/#website\"},\"primaryImageOfPage\":{\"@id\":\"https:\\\/\\\/galerie-institut.com\\\/en\\\/produit\\\/leger-fernand-maquette-pour-le-cirque-1950\\\/#primaryimage\"},\"image\":{\"@id\":\"https:\\\/\\\/galerie-institut.com\\\/en\\\/produit\\\/leger-fernand-maquette-pour-le-cirque-1950\\\/#primaryimage\"},\"thumbnailUrl\":\"https:\\\/\\\/galerie-institut.com\\\/wp-content\\\/uploads\\\/2021\\\/10\\\/leger-fernand-1950-maquette-pour-le-cirque.jpg\",\"datePublished\":\"2021-10-26T13:25:18+00:00\",\"dateModified\":\"2025-11-21T17:07:17+00:00\",\"description\":\"D\u00e9couvrez l'oeuvre L\u00e9ger, Fernand, Model for Circus, 1950 disponible \u00e0 la Galerie de l'Institut. Si vous \u00eates int\u00e9ress\u00e9.e.s par L\u00e9ger, Fernand, Model for Circus, 1950 merci de nous contacter \u00e0 contact@galerie-institut.com\",\"breadcrumb\":{\"@id\":\"https:\\\/\\\/galerie-institut.com\\\/en\\\/produit\\\/leger-fernand-maquette-pour-le-cirque-1950\\\/#breadcrumb\"},\"inLanguage\":\"en-US\",\"potentialAction\":[{\"@type\":\"ReadAction\",\"target\":[\"https:\\\/\\\/galerie-institut.com\\\/en\\\/produit\\\/leger-fernand-maquette-pour-le-cirque-1950\\\/\"]}]},{\"@type\":\"ImageObject\",\"inLanguage\":\"en-US\",\"@id\":\"https:\\\/\\\/galerie-institut.com\\\/en\\\/produit\\\/leger-fernand-maquette-pour-le-cirque-1950\\\/#primaryimage\",\"url\":\"https:\\\/\\\/galerie-institut.com\\\/wp-content\\\/uploads\\\/2021\\\/10\\\/leger-fernand-1950-maquette-pour-le-cirque.jpg\",\"contentUrl\":\"https:\\\/\\\/galerie-institut.com\\\/wp-content\\\/uploads\\\/2021\\\/10\\\/leger-fernand-1950-maquette-pour-le-cirque.jpg\",\"width\":1000,\"height\":1000},{\"@type\":\"BreadcrumbList\",\"@id\":\"https:\\\/\\\/galerie-institut.com\\\/en\\\/produit\\\/leger-fernand-maquette-pour-le-cirque-1950\\\/#breadcrumb\",\"itemListElement\":[{\"@type\":\"ListItem\",\"position\":1,\"name\":\"Accueil\",\"item\":\"https:\\\/\\\/galerie-institut.com\\\/en\\\/accueil\\\/\"},{\"@type\":\"ListItem\",\"position\":2,\"name\":\"Boutique\",\"item\":\"https:\\\/\\\/galerie-institut.com\\\/?page_id=8607\"},{\"@type\":\"ListItem\",\"position\":3,\"name\":\"L\u00e9ger, Fernand, Model for Circus, 1950\"}]},{\"@type\":\"WebSite\",\"@id\":\"https:\\\/\\\/galerie-institut.com\\\/en\\\/#website\",\"url\":\"https:\\\/\\\/galerie-institut.com\\\/en\\\/\",\"name\":\"Galerie Institut\",\"description\":\"\",\"potentialAction\":[{\"@type\":\"SearchAction\",\"target\":{\"@type\":\"EntryPoint\",\"urlTemplate\":\"https:\\\/\\\/galerie-institut.com\\\/en\\\/?s={search_term_string}\"},\"query-input\":{\"@type\":\"PropertyValueSpecification\",\"valueRequired\":true,\"valueName\":\"search_term_string\"}}],\"inLanguage\":\"en-US\"}]}<\/script>\n<!-- \/ Yoast SEO plugin. -->","yoast_head_json":{"title":"L\u00e9ger, Fernand, Model for Circus, 1950 - Galerie Institut","description":"D\u00e9couvrez l'oeuvre L\u00e9ger, Fernand, Model for Circus, 1950 disponible \u00e0 la Galerie de l'Institut. Si vous \u00eates int\u00e9ress\u00e9.e.s par L\u00e9ger, Fernand, Model for Circus, 1950 merci de nous contacter \u00e0 contact@galerie-institut.com","robots":{"index":"index","follow":"follow","max-snippet":"max-snippet:-1","max-image-preview":"max-image-preview:large","max-video-preview":"max-video-preview:-1"},"canonical":"https:\/\/galerie-institut.com\/en\/produit\/leger-fernand-maquette-pour-le-cirque-1950\/","og_locale":"en_US","og_type":"article","og_title":"L\u00e9ger, Fernand, Model for Circus, 1950 - Galerie Institut","og_description":"D\u00e9couvrez l'oeuvre L\u00e9ger, Fernand, Model for Circus, 1950 disponible \u00e0 la Galerie de l'Institut. Si vous \u00eates int\u00e9ress\u00e9.e.s par L\u00e9ger, Fernand, Model for Circus, 1950 merci de nous contacter \u00e0 contact@galerie-institut.com","og_url":"https:\/\/galerie-institut.com\/en\/produit\/leger-fernand-maquette-pour-le-cirque-1950\/","og_site_name":"Galerie Institut","article_modified_time":"2025-11-21T17:07:17+00:00","og_image":[{"width":1000,"height":1000,"url":"https:\/\/galerie-institut.com\/wp-content\/uploads\/2021\/10\/leger-fernand-1950-maquette-pour-le-cirque.jpg","type":"image\/jpeg"}],"twitter_card":"summary_large_image","schema":{"@context":"https:\/\/schema.org","@graph":[{"@type":"WebPage","@id":"https:\/\/galerie-institut.com\/en\/produit\/leger-fernand-maquette-pour-le-cirque-1950\/","url":"https:\/\/galerie-institut.com\/en\/produit\/leger-fernand-maquette-pour-le-cirque-1950\/","name":"L\u00e9ger, Fernand, Model for Circus, 1950 - Galerie Institut","isPartOf":{"@id":"https:\/\/galerie-institut.com\/en\/#website"},"primaryImageOfPage":{"@id":"https:\/\/galerie-institut.com\/en\/produit\/leger-fernand-maquette-pour-le-cirque-1950\/#primaryimage"},"image":{"@id":"https:\/\/galerie-institut.com\/en\/produit\/leger-fernand-maquette-pour-le-cirque-1950\/#primaryimage"},"thumbnailUrl":"https:\/\/galerie-institut.com\/wp-content\/uploads\/2021\/10\/leger-fernand-1950-maquette-pour-le-cirque.jpg","datePublished":"2021-10-26T13:25:18+00:00","dateModified":"2025-11-21T17:07:17+00:00","description":"D\u00e9couvrez l'oeuvre L\u00e9ger, Fernand, Model for Circus, 1950 disponible \u00e0 la Galerie de l'Institut. Si vous \u00eates int\u00e9ress\u00e9.e.s par L\u00e9ger, Fernand, Model for Circus, 1950 merci de nous contacter \u00e0 contact@galerie-institut.com","breadcrumb":{"@id":"https:\/\/galerie-institut.com\/en\/produit\/leger-fernand-maquette-pour-le-cirque-1950\/#breadcrumb"},"inLanguage":"en-US","potentialAction":[{"@type":"ReadAction","target":["https:\/\/galerie-institut.com\/en\/produit\/leger-fernand-maquette-pour-le-cirque-1950\/"]}]},{"@type":"ImageObject","inLanguage":"en-US","@id":"https:\/\/galerie-institut.com\/en\/produit\/leger-fernand-maquette-pour-le-cirque-1950\/#primaryimage","url":"https:\/\/galerie-institut.com\/wp-content\/uploads\/2021\/10\/leger-fernand-1950-maquette-pour-le-cirque.jpg","contentUrl":"https:\/\/galerie-institut.com\/wp-content\/uploads\/2021\/10\/leger-fernand-1950-maquette-pour-le-cirque.jpg","width":1000,"height":1000},{"@type":"BreadcrumbList","@id":"https:\/\/galerie-institut.com\/en\/produit\/leger-fernand-maquette-pour-le-cirque-1950\/#breadcrumb","itemListElement":[{"@type":"ListItem","position":1,"name":"Accueil","item":"https:\/\/galerie-institut.com\/en\/accueil\/"},{"@type":"ListItem","position":2,"name":"Boutique","item":"https:\/\/galerie-institut.com\/?page_id=8607"},{"@type":"ListItem","position":3,"name":"L\u00e9ger, Fernand, Model for Circus, 1950"}]},{"@type":"WebSite","@id":"https:\/\/galerie-institut.com\/en\/#website","url":"https:\/\/galerie-institut.com\/en\/","name":"Galerie Institut","description":"","potentialAction":[{"@type":"SearchAction","target":{"@type":"EntryPoint","urlTemplate":"https:\/\/galerie-institut.com\/en\/?s={search_term_string}"},"query-input":{"@type":"PropertyValueSpecification","valueRequired":true,"valueName":"search_term_string"}}],"inLanguage":"en-US"}]}},"_links":{"self":[{"href":"https:\/\/galerie-institut.com\/en\/wp-json\/wp\/v2\/product\/17933","targetHints":{"allow":["GET"]}}],"collection":[{"href":"https:\/\/galerie-institut.com\/en\/wp-json\/wp\/v2\/product"}],"about":[{"href":"https:\/\/galerie-institut.com\/en\/wp-json\/wp\/v2\/types\/product"}],"replies":[{"embeddable":true,"href":"https:\/\/galerie-institut.com\/en\/wp-json\/wp\/v2\/comments?post=17933"}],"wp:featuredmedia":[{"embeddable":true,"href":"https:\/\/galerie-institut.com\/en\/wp-json\/wp\/v2\/media\/17934"}],"wp:attachment":[{"href":"https:\/\/galerie-institut.com\/en\/wp-json\/wp\/v2\/media?parent=17933"}],"wp:term":[{"taxonomy":"product_brand","embeddable":true,"href":"https:\/\/galerie-institut.com\/en\/wp-json\/wp\/v2\/product_brand?post=17933"},{"taxonomy":"product_cat","embeddable":true,"href":"https:\/\/galerie-institut.com\/en\/wp-json\/wp\/v2\/product_cat?post=17933"},{"taxonomy":"product_tag","embeddable":true,"href":"https:\/\/galerie-institut.com\/en\/wp-json\/wp\/v2\/product_tag?post=17933"}],"curies":[{"name":"wp","href":"https:\/\/api.w.org\/{rel}","templated":true}]}}