{"id":17929,"date":"2021-10-26T15:34:12","date_gmt":"2021-10-26T15:34:12","guid":{"rendered":"https:\/\/galerie-institut.com\/produit\/muhl-roger-still-life-with-peonies-1990\/"},"modified":"2025-11-21T17:07:11","modified_gmt":"2025-11-21T17:07:11","slug":"muhl-roger-nature-morte-aux-pivoines-1990","status":"publish","type":"product","link":"https:\/\/galerie-institut.com\/en\/produit\/muhl-roger-nature-morte-aux-pivoines-1990\/","title":{"rendered":"M\u00fchl, Roger, Still life with peonies, 1990"},"content":{"rendered":"<p>1990<\/p>\n<p>Oil on canvas<\/p>\n<p>50 x 100 cm<\/p>\n<p>Signed by the artist lower right<\/p>\n<p>&nbsp;<\/p>\n","protected":false},"excerpt":{"rendered":"<blockquote><p>&#8220;I think every subject has its own color. The most important thing is to get it out. The most important thing is its maturation. It&#8217;s not a matter of bringing a color to life with a complementary or an opposite, but, through superimposed layers that give it its inner breath, it must suffice and live in itself.&#8221; Roger M\u00fchl<\/p><\/blockquote>\n","protected":false},"featured_media":17930,"comment_status":"open","ping_status":"closed","template":"","meta":{"_et_pb_use_builder":"","_et_pb_old_content":"","_et_gb_content_width":""},"product_brand":[],"product_cat":[286,272],"product_tag":[165,274],"class_list":{"0":"post-17929","1":"product","2":"type-product","3":"status-publish","4":"has-post-thumbnail","6":"product_cat-muhl","7":"product_cat-unique-works","8":"product_tag-oil-on-canvas","9":"product_tag-table","11":"first","12":"instock","13":"shipping-taxable","14":"product-type-simple"},"yoast_head":"<!-- This site is optimized with the Yoast SEO plugin v27.3 - https:\/\/yoast.com\/product\/yoast-seo-wordpress\/ -->\n<title>M\u00fchl, Roger, Still life with peonies, 1990 - Galerie Institut<\/title>\n<meta name=\"description\" content=\"D\u00e9couvrez l&#039;oeuvre M\u00fchl, Roger, Still life with peonies, 1990 disponible \u00e0 la Galerie de l&#039;Institut. Si vous \u00eates int\u00e9ress\u00e9.e.s par M\u00fchl, Roger, Still life with peonies, 1990 merci de nous contacter \u00e0 contact@galerie-institut.com\" \/>\n<meta name=\"robots\" content=\"index, follow, max-snippet:-1, max-image-preview:large, max-video-preview:-1\" \/>\n<link rel=\"canonical\" href=\"https:\/\/galerie-institut.com\/en\/produit\/muhl-roger-nature-morte-aux-pivoines-1990\/\" \/>\n<meta property=\"og:locale\" content=\"en_US\" \/>\n<meta property=\"og:type\" content=\"article\" \/>\n<meta property=\"og:title\" content=\"M\u00fchl, Roger, Still life with peonies, 1990 - Galerie Institut\" \/>\n<meta property=\"og:description\" content=\"D\u00e9couvrez l&#039;oeuvre M\u00fchl, Roger, Still life with peonies, 1990 disponible \u00e0 la Galerie de l&#039;Institut. Si vous \u00eates int\u00e9ress\u00e9.e.s par M\u00fchl, Roger, Still life with peonies, 1990 merci de nous contacter \u00e0 contact@galerie-institut.com\" \/>\n<meta property=\"og:url\" content=\"https:\/\/galerie-institut.com\/en\/produit\/muhl-roger-nature-morte-aux-pivoines-1990\/\" \/>\n<meta property=\"og:site_name\" content=\"Galerie Institut\" \/>\n<meta property=\"article:modified_time\" content=\"2025-11-21T17:07:11+00:00\" \/>\n<meta property=\"og:image\" content=\"https:\/\/galerie-institut.com\/wp-content\/uploads\/2021\/10\/Mu\u0308hl-Nature-morte-aux-pivoines-1990.jpg\" \/>\n\t<meta property=\"og:image:width\" content=\"1000\" \/>\n\t<meta property=\"og:image:height\" content=\"1000\" \/>\n\t<meta property=\"og:image:type\" content=\"image\/jpeg\" \/>\n<meta name=\"twitter:card\" content=\"summary_large_image\" \/>\n<script type=\"application\/ld+json\" class=\"yoast-schema-graph\">{\"@context\":\"https:\\\/\\\/schema.org\",\"@graph\":[{\"@type\":\"WebPage\",\"@id\":\"https:\\\/\\\/galerie-institut.com\\\/en\\\/produit\\\/muhl-roger-nature-morte-aux-pivoines-1990\\\/\",\"url\":\"https:\\\/\\\/galerie-institut.com\\\/en\\\/produit\\\/muhl-roger-nature-morte-aux-pivoines-1990\\\/\",\"name\":\"M\u00fchl, Roger, Still life with peonies, 1990 - Galerie Institut\",\"isPartOf\":{\"@id\":\"https:\\\/\\\/galerie-institut.com\\\/en\\\/#website\"},\"primaryImageOfPage\":{\"@id\":\"https:\\\/\\\/galerie-institut.com\\\/en\\\/produit\\\/muhl-roger-nature-morte-aux-pivoines-1990\\\/#primaryimage\"},\"image\":{\"@id\":\"https:\\\/\\\/galerie-institut.com\\\/en\\\/produit\\\/muhl-roger-nature-morte-aux-pivoines-1990\\\/#primaryimage\"},\"thumbnailUrl\":\"https:\\\/\\\/galerie-institut.com\\\/wp-content\\\/uploads\\\/2021\\\/10\\\/Mu\u0308hl-Nature-morte-aux-pivoines-1990.jpg\",\"datePublished\":\"2021-10-26T15:34:12+00:00\",\"dateModified\":\"2025-11-21T17:07:11+00:00\",\"description\":\"D\u00e9couvrez l'oeuvre M\u00fchl, Roger, Still life with peonies, 1990 disponible \u00e0 la Galerie de l'Institut. Si vous \u00eates int\u00e9ress\u00e9.e.s par M\u00fchl, Roger, Still life with peonies, 1990 merci de nous contacter \u00e0 contact@galerie-institut.com\",\"breadcrumb\":{\"@id\":\"https:\\\/\\\/galerie-institut.com\\\/en\\\/produit\\\/muhl-roger-nature-morte-aux-pivoines-1990\\\/#breadcrumb\"},\"inLanguage\":\"en-US\",\"potentialAction\":[{\"@type\":\"ReadAction\",\"target\":[\"https:\\\/\\\/galerie-institut.com\\\/en\\\/produit\\\/muhl-roger-nature-morte-aux-pivoines-1990\\\/\"]}]},{\"@type\":\"ImageObject\",\"inLanguage\":\"en-US\",\"@id\":\"https:\\\/\\\/galerie-institut.com\\\/en\\\/produit\\\/muhl-roger-nature-morte-aux-pivoines-1990\\\/#primaryimage\",\"url\":\"https:\\\/\\\/galerie-institut.com\\\/wp-content\\\/uploads\\\/2021\\\/10\\\/Mu\u0308hl-Nature-morte-aux-pivoines-1990.jpg\",\"contentUrl\":\"https:\\\/\\\/galerie-institut.com\\\/wp-content\\\/uploads\\\/2021\\\/10\\\/Mu\u0308hl-Nature-morte-aux-pivoines-1990.jpg\",\"width\":1000,\"height\":1000},{\"@type\":\"BreadcrumbList\",\"@id\":\"https:\\\/\\\/galerie-institut.com\\\/en\\\/produit\\\/muhl-roger-nature-morte-aux-pivoines-1990\\\/#breadcrumb\",\"itemListElement\":[{\"@type\":\"ListItem\",\"position\":1,\"name\":\"Accueil\",\"item\":\"https:\\\/\\\/galerie-institut.com\\\/en\\\/accueil\\\/\"},{\"@type\":\"ListItem\",\"position\":2,\"name\":\"Boutique\",\"item\":\"https:\\\/\\\/galerie-institut.com\\\/?page_id=8607\"},{\"@type\":\"ListItem\",\"position\":3,\"name\":\"M\u00fchl, Roger, Still life with peonies, 1990\"}]},{\"@type\":\"WebSite\",\"@id\":\"https:\\\/\\\/galerie-institut.com\\\/en\\\/#website\",\"url\":\"https:\\\/\\\/galerie-institut.com\\\/en\\\/\",\"name\":\"Galerie Institut\",\"description\":\"\",\"potentialAction\":[{\"@type\":\"SearchAction\",\"target\":{\"@type\":\"EntryPoint\",\"urlTemplate\":\"https:\\\/\\\/galerie-institut.com\\\/en\\\/?s={search_term_string}\"},\"query-input\":{\"@type\":\"PropertyValueSpecification\",\"valueRequired\":true,\"valueName\":\"search_term_string\"}}],\"inLanguage\":\"en-US\"}]}<\/script>\n<!-- \/ Yoast SEO plugin. -->","yoast_head_json":{"title":"M\u00fchl, Roger, Still life with peonies, 1990 - Galerie Institut","description":"D\u00e9couvrez l'oeuvre M\u00fchl, Roger, Still life with peonies, 1990 disponible \u00e0 la Galerie de l'Institut. Si vous \u00eates int\u00e9ress\u00e9.e.s par M\u00fchl, Roger, Still life with peonies, 1990 merci de nous contacter \u00e0 contact@galerie-institut.com","robots":{"index":"index","follow":"follow","max-snippet":"max-snippet:-1","max-image-preview":"max-image-preview:large","max-video-preview":"max-video-preview:-1"},"canonical":"https:\/\/galerie-institut.com\/en\/produit\/muhl-roger-nature-morte-aux-pivoines-1990\/","og_locale":"en_US","og_type":"article","og_title":"M\u00fchl, Roger, Still life with peonies, 1990 - Galerie Institut","og_description":"D\u00e9couvrez l'oeuvre M\u00fchl, Roger, Still life with peonies, 1990 disponible \u00e0 la Galerie de l'Institut. Si vous \u00eates int\u00e9ress\u00e9.e.s par M\u00fchl, Roger, Still life with peonies, 1990 merci de nous contacter \u00e0 contact@galerie-institut.com","og_url":"https:\/\/galerie-institut.com\/en\/produit\/muhl-roger-nature-morte-aux-pivoines-1990\/","og_site_name":"Galerie Institut","article_modified_time":"2025-11-21T17:07:11+00:00","og_image":[{"width":1000,"height":1000,"url":"https:\/\/galerie-institut.com\/wp-content\/uploads\/2021\/10\/Mu\u0308hl-Nature-morte-aux-pivoines-1990.jpg","type":"image\/jpeg"}],"twitter_card":"summary_large_image","schema":{"@context":"https:\/\/schema.org","@graph":[{"@type":"WebPage","@id":"https:\/\/galerie-institut.com\/en\/produit\/muhl-roger-nature-morte-aux-pivoines-1990\/","url":"https:\/\/galerie-institut.com\/en\/produit\/muhl-roger-nature-morte-aux-pivoines-1990\/","name":"M\u00fchl, Roger, Still life with peonies, 1990 - Galerie Institut","isPartOf":{"@id":"https:\/\/galerie-institut.com\/en\/#website"},"primaryImageOfPage":{"@id":"https:\/\/galerie-institut.com\/en\/produit\/muhl-roger-nature-morte-aux-pivoines-1990\/#primaryimage"},"image":{"@id":"https:\/\/galerie-institut.com\/en\/produit\/muhl-roger-nature-morte-aux-pivoines-1990\/#primaryimage"},"thumbnailUrl":"https:\/\/galerie-institut.com\/wp-content\/uploads\/2021\/10\/Mu\u0308hl-Nature-morte-aux-pivoines-1990.jpg","datePublished":"2021-10-26T15:34:12+00:00","dateModified":"2025-11-21T17:07:11+00:00","description":"D\u00e9couvrez l'oeuvre M\u00fchl, Roger, Still life with peonies, 1990 disponible \u00e0 la Galerie de l'Institut. Si vous \u00eates int\u00e9ress\u00e9.e.s par M\u00fchl, Roger, Still life with peonies, 1990 merci de nous contacter \u00e0 contact@galerie-institut.com","breadcrumb":{"@id":"https:\/\/galerie-institut.com\/en\/produit\/muhl-roger-nature-morte-aux-pivoines-1990\/#breadcrumb"},"inLanguage":"en-US","potentialAction":[{"@type":"ReadAction","target":["https:\/\/galerie-institut.com\/en\/produit\/muhl-roger-nature-morte-aux-pivoines-1990\/"]}]},{"@type":"ImageObject","inLanguage":"en-US","@id":"https:\/\/galerie-institut.com\/en\/produit\/muhl-roger-nature-morte-aux-pivoines-1990\/#primaryimage","url":"https:\/\/galerie-institut.com\/wp-content\/uploads\/2021\/10\/Mu\u0308hl-Nature-morte-aux-pivoines-1990.jpg","contentUrl":"https:\/\/galerie-institut.com\/wp-content\/uploads\/2021\/10\/Mu\u0308hl-Nature-morte-aux-pivoines-1990.jpg","width":1000,"height":1000},{"@type":"BreadcrumbList","@id":"https:\/\/galerie-institut.com\/en\/produit\/muhl-roger-nature-morte-aux-pivoines-1990\/#breadcrumb","itemListElement":[{"@type":"ListItem","position":1,"name":"Accueil","item":"https:\/\/galerie-institut.com\/en\/accueil\/"},{"@type":"ListItem","position":2,"name":"Boutique","item":"https:\/\/galerie-institut.com\/?page_id=8607"},{"@type":"ListItem","position":3,"name":"M\u00fchl, Roger, Still life with peonies, 1990"}]},{"@type":"WebSite","@id":"https:\/\/galerie-institut.com\/en\/#website","url":"https:\/\/galerie-institut.com\/en\/","name":"Galerie Institut","description":"","potentialAction":[{"@type":"SearchAction","target":{"@type":"EntryPoint","urlTemplate":"https:\/\/galerie-institut.com\/en\/?s={search_term_string}"},"query-input":{"@type":"PropertyValueSpecification","valueRequired":true,"valueName":"search_term_string"}}],"inLanguage":"en-US"}]}},"_links":{"self":[{"href":"https:\/\/galerie-institut.com\/en\/wp-json\/wp\/v2\/product\/17929","targetHints":{"allow":["GET"]}}],"collection":[{"href":"https:\/\/galerie-institut.com\/en\/wp-json\/wp\/v2\/product"}],"about":[{"href":"https:\/\/galerie-institut.com\/en\/wp-json\/wp\/v2\/types\/product"}],"replies":[{"embeddable":true,"href":"https:\/\/galerie-institut.com\/en\/wp-json\/wp\/v2\/comments?post=17929"}],"wp:featuredmedia":[{"embeddable":true,"href":"https:\/\/galerie-institut.com\/en\/wp-json\/wp\/v2\/media\/17930"}],"wp:attachment":[{"href":"https:\/\/galerie-institut.com\/en\/wp-json\/wp\/v2\/media?parent=17929"}],"wp:term":[{"taxonomy":"product_brand","embeddable":true,"href":"https:\/\/galerie-institut.com\/en\/wp-json\/wp\/v2\/product_brand?post=17929"},{"taxonomy":"product_cat","embeddable":true,"href":"https:\/\/galerie-institut.com\/en\/wp-json\/wp\/v2\/product_cat?post=17929"},{"taxonomy":"product_tag","embeddable":true,"href":"https:\/\/galerie-institut.com\/en\/wp-json\/wp\/v2\/product_tag?post=17929"}],"curies":[{"name":"wp","href":"https:\/\/api.w.org\/{rel}","templated":true}]}}