{"id":17599,"date":"2005-03-29T10:54:50","date_gmt":"2005-03-29T10:54:50","guid":{"rendered":"https:\/\/galerie-institut.com\/produit\/picasso-pablo-bust-1971\/"},"modified":"2025-11-21T16:42:20","modified_gmt":"2025-11-21T16:42:20","slug":"picasso-pablo-buste","status":"publish","type":"product","link":"https:\/\/galerie-institut.com\/en\/produit\/picasso-pablo-buste\/","title":{"rendered":"Picasso, Pablo, Bust, 1971"},"content":{"rendered":"<p>1971<\/p>\n<p>Oil on canvas<\/p>\n<p>116 x 89 cm<\/p>\n<p>Dated on Sunday reverse &#8220;12.9.71.&#8221; Unsigned <\/p>\n<p>Catalog raisonn\u00e9 : Zervos XXXIII n\u00b0178<\/p>\n<p>Succession Picasso 2025<\/p>\n","protected":false},"excerpt":{"rendered":"<p>In the final years of his career, Picasso used a palette rich in color. In <em>Buste d&#8217;homme \u00e0 la fl\u00fbte<\/em> arborant un chapeau <em>(Bust of a Man with a Flute<\/em> and Hat), a layer of light paint, quickly applied, covers painted elements that can be seen through. This structure of layers and material contrasts with the few unpainted parts of the painting (the hat, the cheek, the bust), which nonetheless carry the same weight in the composition. The work was included in the major <em>Picasso 1970-1972<\/em> exhibition at the Palais des Papes in Avignon in 1973.   <\/p>\n","protected":false},"featured_media":18548,"comment_status":"open","ping_status":"closed","template":"","meta":{"_et_pb_use_builder":"","_et_pb_old_content":"","_et_gb_content_width":""},"product_brand":[],"product_cat":[272,266],"product_tag":[165,274],"class_list":{"0":"post-17599","1":"product","2":"type-product","3":"status-publish","4":"has-post-thumbnail","6":"product_cat-unique-works","7":"product_cat-works-of-art-by-pablo-picasso","8":"product_tag-oil-on-canvas","9":"product_tag-table","11":"first","12":"instock","13":"shipping-taxable","14":"product-type-simple"},"yoast_head":"<!-- This site is optimized with the Yoast SEO plugin v27.4 - https:\/\/yoast.com\/product\/yoast-seo-wordpress\/ -->\n<title>Picasso, Pablo, Bust, 1971 - Galerie Institut<\/title>\n<meta name=\"description\" content=\"D\u00e9couvrez l&#039;oeuvre Picasso, Pablo, Bust, 1971 disponible \u00e0 la Galerie de l&#039;Institut. Si vous \u00eates int\u00e9ress\u00e9.e.s par Picasso, Pablo, Bust, 1971 merci de nous contacter \u00e0 contact@galerie-institut.com\" \/>\n<meta name=\"robots\" content=\"index, follow, max-snippet:-1, max-image-preview:large, max-video-preview:-1\" \/>\n<link rel=\"canonical\" href=\"https:\/\/galerie-institut.com\/en\/produit\/picasso-pablo-buste\/\" \/>\n<meta property=\"og:locale\" content=\"en_US\" \/>\n<meta property=\"og:type\" content=\"article\" \/>\n<meta property=\"og:title\" content=\"Picasso, Pablo, Bust, 1971 - Galerie Institut\" \/>\n<meta property=\"og:description\" content=\"D\u00e9couvrez l&#039;oeuvre Picasso, Pablo, Bust, 1971 disponible \u00e0 la Galerie de l&#039;Institut. Si vous \u00eates int\u00e9ress\u00e9.e.s par Picasso, Pablo, Bust, 1971 merci de nous contacter \u00e0 contact@galerie-institut.com\" \/>\n<meta property=\"og:url\" content=\"https:\/\/galerie-institut.com\/en\/produit\/picasso-pablo-buste\/\" \/>\n<meta property=\"og:site_name\" content=\"Galerie Institut\" \/>\n<meta property=\"article:modified_time\" content=\"2025-11-21T16:42:20+00:00\" \/>\n<meta property=\"og:image\" content=\"https:\/\/galerie-institut.com\/wp-content\/uploads\/2021\/03\/Picasso_Pablo_Buste_1971-copie.jpg\" \/>\n\t<meta property=\"og:image:width\" content=\"1000\" \/>\n\t<meta property=\"og:image:height\" content=\"1000\" \/>\n\t<meta property=\"og:image:type\" content=\"image\/jpeg\" \/>\n<meta name=\"twitter:card\" content=\"summary_large_image\" \/>\n<script type=\"application\/ld+json\" class=\"yoast-schema-graph\">{\"@context\":\"https:\\\/\\\/schema.org\",\"@graph\":[{\"@type\":\"WebPage\",\"@id\":\"https:\\\/\\\/galerie-institut.com\\\/en\\\/produit\\\/picasso-pablo-buste\\\/\",\"url\":\"https:\\\/\\\/galerie-institut.com\\\/en\\\/produit\\\/picasso-pablo-buste\\\/\",\"name\":\"Picasso, Pablo, Bust, 1971 - Galerie Institut\",\"isPartOf\":{\"@id\":\"https:\\\/\\\/galerie-institut.com\\\/en\\\/#website\"},\"primaryImageOfPage\":{\"@id\":\"https:\\\/\\\/galerie-institut.com\\\/en\\\/produit\\\/picasso-pablo-buste\\\/#primaryimage\"},\"image\":{\"@id\":\"https:\\\/\\\/galerie-institut.com\\\/en\\\/produit\\\/picasso-pablo-buste\\\/#primaryimage\"},\"thumbnailUrl\":\"https:\\\/\\\/galerie-institut.com\\\/wp-content\\\/uploads\\\/2021\\\/03\\\/Picasso_Pablo_Buste_1971.jpg\",\"datePublished\":\"2005-03-29T10:54:50+00:00\",\"dateModified\":\"2025-11-21T16:42:20+00:00\",\"description\":\"D\u00e9couvrez l'oeuvre Picasso, Pablo, Bust, 1971 disponible \u00e0 la Galerie de l'Institut. Si vous \u00eates int\u00e9ress\u00e9.e.s par Picasso, Pablo, Bust, 1971 merci de nous contacter \u00e0 contact@galerie-institut.com\",\"breadcrumb\":{\"@id\":\"https:\\\/\\\/galerie-institut.com\\\/en\\\/produit\\\/picasso-pablo-buste\\\/#breadcrumb\"},\"inLanguage\":\"en-US\",\"potentialAction\":[{\"@type\":\"ReadAction\",\"target\":[\"https:\\\/\\\/galerie-institut.com\\\/en\\\/produit\\\/picasso-pablo-buste\\\/\"]}]},{\"@type\":\"ImageObject\",\"inLanguage\":\"en-US\",\"@id\":\"https:\\\/\\\/galerie-institut.com\\\/en\\\/produit\\\/picasso-pablo-buste\\\/#primaryimage\",\"url\":\"https:\\\/\\\/galerie-institut.com\\\/wp-content\\\/uploads\\\/2021\\\/03\\\/Picasso_Pablo_Buste_1971.jpg\",\"contentUrl\":\"https:\\\/\\\/galerie-institut.com\\\/wp-content\\\/uploads\\\/2021\\\/03\\\/Picasso_Pablo_Buste_1971.jpg\",\"width\":1000,\"height\":1000},{\"@type\":\"BreadcrumbList\",\"@id\":\"https:\\\/\\\/galerie-institut.com\\\/en\\\/produit\\\/picasso-pablo-buste\\\/#breadcrumb\",\"itemListElement\":[{\"@type\":\"ListItem\",\"position\":1,\"name\":\"Accueil\",\"item\":\"https:\\\/\\\/galerie-institut.com\\\/en\\\/accueil\\\/\"},{\"@type\":\"ListItem\",\"position\":2,\"name\":\"Boutique\",\"item\":\"https:\\\/\\\/galerie-institut.com\\\/?page_id=8607\"},{\"@type\":\"ListItem\",\"position\":3,\"name\":\"Picasso, Pablo, Bust, 1971\"}]},{\"@type\":\"WebSite\",\"@id\":\"https:\\\/\\\/galerie-institut.com\\\/en\\\/#website\",\"url\":\"https:\\\/\\\/galerie-institut.com\\\/en\\\/\",\"name\":\"Galerie Institut\",\"description\":\"\",\"potentialAction\":[{\"@type\":\"SearchAction\",\"target\":{\"@type\":\"EntryPoint\",\"urlTemplate\":\"https:\\\/\\\/galerie-institut.com\\\/en\\\/?s={search_term_string}\"},\"query-input\":{\"@type\":\"PropertyValueSpecification\",\"valueRequired\":true,\"valueName\":\"search_term_string\"}}],\"inLanguage\":\"en-US\"}]}<\/script>\n<!-- \/ Yoast SEO plugin. -->","yoast_head_json":{"title":"Picasso, Pablo, Bust, 1971 - Galerie Institut","description":"D\u00e9couvrez l'oeuvre Picasso, Pablo, Bust, 1971 disponible \u00e0 la Galerie de l'Institut. Si vous \u00eates int\u00e9ress\u00e9.e.s par Picasso, Pablo, Bust, 1971 merci de nous contacter \u00e0 contact@galerie-institut.com","robots":{"index":"index","follow":"follow","max-snippet":"max-snippet:-1","max-image-preview":"max-image-preview:large","max-video-preview":"max-video-preview:-1"},"canonical":"https:\/\/galerie-institut.com\/en\/produit\/picasso-pablo-buste\/","og_locale":"en_US","og_type":"article","og_title":"Picasso, Pablo, Bust, 1971 - Galerie Institut","og_description":"D\u00e9couvrez l'oeuvre Picasso, Pablo, Bust, 1971 disponible \u00e0 la Galerie de l'Institut. Si vous \u00eates int\u00e9ress\u00e9.e.s par Picasso, Pablo, Bust, 1971 merci de nous contacter \u00e0 contact@galerie-institut.com","og_url":"https:\/\/galerie-institut.com\/en\/produit\/picasso-pablo-buste\/","og_site_name":"Galerie Institut","article_modified_time":"2025-11-21T16:42:20+00:00","og_image":[{"width":1000,"height":1000,"url":"https:\/\/galerie-institut.com\/wp-content\/uploads\/2021\/03\/Picasso_Pablo_Buste_1971-copie.jpg","type":"image\/jpeg"}],"twitter_card":"summary_large_image","schema":{"@context":"https:\/\/schema.org","@graph":[{"@type":"WebPage","@id":"https:\/\/galerie-institut.com\/en\/produit\/picasso-pablo-buste\/","url":"https:\/\/galerie-institut.com\/en\/produit\/picasso-pablo-buste\/","name":"Picasso, Pablo, Bust, 1971 - Galerie Institut","isPartOf":{"@id":"https:\/\/galerie-institut.com\/en\/#website"},"primaryImageOfPage":{"@id":"https:\/\/galerie-institut.com\/en\/produit\/picasso-pablo-buste\/#primaryimage"},"image":{"@id":"https:\/\/galerie-institut.com\/en\/produit\/picasso-pablo-buste\/#primaryimage"},"thumbnailUrl":"https:\/\/galerie-institut.com\/wp-content\/uploads\/2021\/03\/Picasso_Pablo_Buste_1971.jpg","datePublished":"2005-03-29T10:54:50+00:00","dateModified":"2025-11-21T16:42:20+00:00","description":"D\u00e9couvrez l'oeuvre Picasso, Pablo, Bust, 1971 disponible \u00e0 la Galerie de l'Institut. Si vous \u00eates int\u00e9ress\u00e9.e.s par Picasso, Pablo, Bust, 1971 merci de nous contacter \u00e0 contact@galerie-institut.com","breadcrumb":{"@id":"https:\/\/galerie-institut.com\/en\/produit\/picasso-pablo-buste\/#breadcrumb"},"inLanguage":"en-US","potentialAction":[{"@type":"ReadAction","target":["https:\/\/galerie-institut.com\/en\/produit\/picasso-pablo-buste\/"]}]},{"@type":"ImageObject","inLanguage":"en-US","@id":"https:\/\/galerie-institut.com\/en\/produit\/picasso-pablo-buste\/#primaryimage","url":"https:\/\/galerie-institut.com\/wp-content\/uploads\/2021\/03\/Picasso_Pablo_Buste_1971.jpg","contentUrl":"https:\/\/galerie-institut.com\/wp-content\/uploads\/2021\/03\/Picasso_Pablo_Buste_1971.jpg","width":1000,"height":1000},{"@type":"BreadcrumbList","@id":"https:\/\/galerie-institut.com\/en\/produit\/picasso-pablo-buste\/#breadcrumb","itemListElement":[{"@type":"ListItem","position":1,"name":"Accueil","item":"https:\/\/galerie-institut.com\/en\/accueil\/"},{"@type":"ListItem","position":2,"name":"Boutique","item":"https:\/\/galerie-institut.com\/?page_id=8607"},{"@type":"ListItem","position":3,"name":"Picasso, Pablo, Bust, 1971"}]},{"@type":"WebSite","@id":"https:\/\/galerie-institut.com\/en\/#website","url":"https:\/\/galerie-institut.com\/en\/","name":"Galerie Institut","description":"","potentialAction":[{"@type":"SearchAction","target":{"@type":"EntryPoint","urlTemplate":"https:\/\/galerie-institut.com\/en\/?s={search_term_string}"},"query-input":{"@type":"PropertyValueSpecification","valueRequired":true,"valueName":"search_term_string"}}],"inLanguage":"en-US"}]}},"_links":{"self":[{"href":"https:\/\/galerie-institut.com\/en\/wp-json\/wp\/v2\/product\/17599","targetHints":{"allow":["GET"]}}],"collection":[{"href":"https:\/\/galerie-institut.com\/en\/wp-json\/wp\/v2\/product"}],"about":[{"href":"https:\/\/galerie-institut.com\/en\/wp-json\/wp\/v2\/types\/product"}],"replies":[{"embeddable":true,"href":"https:\/\/galerie-institut.com\/en\/wp-json\/wp\/v2\/comments?post=17599"}],"wp:featuredmedia":[{"embeddable":true,"href":"https:\/\/galerie-institut.com\/en\/wp-json\/wp\/v2\/media\/18548"}],"wp:attachment":[{"href":"https:\/\/galerie-institut.com\/en\/wp-json\/wp\/v2\/media?parent=17599"}],"wp:term":[{"taxonomy":"product_brand","embeddable":true,"href":"https:\/\/galerie-institut.com\/en\/wp-json\/wp\/v2\/product_brand?post=17599"},{"taxonomy":"product_cat","embeddable":true,"href":"https:\/\/galerie-institut.com\/en\/wp-json\/wp\/v2\/product_cat?post=17599"},{"taxonomy":"product_tag","embeddable":true,"href":"https:\/\/galerie-institut.com\/en\/wp-json\/wp\/v2\/product_tag?post=17599"}],"curies":[{"name":"wp","href":"https:\/\/api.w.org\/{rel}","templated":true}]}}