{"id":17593,"date":"2021-03-03T16:18:51","date_gmt":"2021-03-03T16:18:51","guid":{"rendered":"https:\/\/galerie-institut.com\/produit\/picasso-pablo-minotaure-aveugle-guide-par-une-fillette-dans-la-nuit-suite-vollard-1934\/"},"modified":"2025-11-21T16:42:18","modified_gmt":"2025-11-21T16:42:18","slug":"picasso-pablo-minotaure-aveugle-guide-par-une-fillette-dans-la-nuit","status":"publish","type":"product","link":"https:\/\/galerie-institut.com\/en\/produit\/picasso-pablo-minotaure-aveugle-guide-par-une-fillette-dans-la-nuit\/","title":{"rendered":"Picasso, Pablo, Minotaure aveugle guid\u00e9 par une fillette dans la nuit Suite Vollard, 1934"},"content":{"rendered":"<p>1934-1935<\/p>\n<p>Original aquatint and drypoint on Montval filigree laid paper<\/p>\n<p>24.7 x 34.7 cm<\/p>\n<p>Signed by the artist in pencil lower right<\/p>\n<p>Edition Roger Lacouri\u00e8re; Vollard \u00e9diteur, Paris<\/p>\n<p>References: Bloch 225; Baer 437: <em>Minotaure aveugle guid\u00e9 par Marie-Th\u00e9r\u00e8se au pigeon dans une nuit \u00e9toil\u00e9e<\/em><\/p>\n<p>\u00a9Succession Picasso 2025<\/p>\n","protected":false},"excerpt":{"rendered":"<p><em>Blind Minotaur guided by a little girl in the night<\/em> is one of the masterpieces of the <em>Suite Vollard<\/em> and of Picasso&#8217;s engraved work. Vulnerable, crippled and guided by a little girl with the features of Marie-Th\u00e9r\u00e8se, the Minotaur takes on a tragic, even pathetic dimension. The work has given rise to a wide range of interpretations, reflecting both Picasso&#8217;s private life, which was tumultuous at the time, and the particularly threatening historical context of the time.  <\/p>\n","protected":false},"featured_media":17594,"comment_status":"open","ping_status":"closed","template":"","meta":{"_et_pb_use_builder":"","_et_pb_old_content":"","_et_gb_content_width":""},"product_brand":[],"product_cat":[267,266],"product_tag":[159,268],"class_list":{"0":"post-17593","1":"product","2":"type-product","3":"status-publish","4":"has-post-thumbnail","6":"product_cat-estampes","7":"product_cat-works-of-art-by-pablo-picasso","8":"product_tag-aquatint","9":"product_tag-print","11":"first","12":"instock","13":"shipping-taxable","14":"product-type-simple"},"yoast_head":"<!-- This site is optimized with the Yoast SEO plugin v27.3 - https:\/\/yoast.com\/product\/yoast-seo-wordpress\/ -->\n<title>Picasso, Pablo, Minotaure aveugle guid\u00e9 par une fillette dans la nuit Suite Vollard, 1934 - Galerie Institut<\/title>\n<meta name=\"description\" content=\"Discover the artwork Picasso, Pablo, Minotaure aveugle guid\u00e9 par une fillette dans la nuit Suite Vollard, 1934 available at the Galerie de l&#039;Institut. If you are interested in this work, please contact us at contact@galerie-institut.com\" \/>\n<meta name=\"robots\" content=\"index, follow, max-snippet:-1, max-image-preview:large, max-video-preview:-1\" \/>\n<link rel=\"canonical\" href=\"https:\/\/galerie-institut.com\/en\/produit\/picasso-pablo-minotaure-aveugle-guide-par-une-fillette-dans-la-nuit\/\" \/>\n<meta property=\"og:locale\" content=\"en_US\" \/>\n<meta property=\"og:type\" content=\"article\" \/>\n<meta property=\"og:title\" content=\"Picasso, Pablo, Minotaure aveugle guid\u00e9 par une fillette dans la nuit Suite Vollard, 1934 - Galerie Institut\" \/>\n<meta property=\"og:description\" content=\"Discover the artwork Picasso, Pablo, Minotaure aveugle guid\u00e9 par une fillette dans la nuit Suite Vollard, 1934 available at the Galerie de l&#039;Institut. If you are interested in this work, please contact us at contact@galerie-institut.com\" \/>\n<meta property=\"og:url\" content=\"https:\/\/galerie-institut.com\/en\/produit\/picasso-pablo-minotaure-aveugle-guide-par-une-fillette-dans-la-nuit\/\" \/>\n<meta property=\"og:site_name\" content=\"Galerie Institut\" \/>\n<meta property=\"article:modified_time\" content=\"2025-11-21T16:42:18+00:00\" \/>\n<meta property=\"og:image\" content=\"https:\/\/galerie-institut.com\/wp-content\/uploads\/2021\/03\/Picasso_Pablo_Le_Minotaure_aveugle_conduite_dans_la_nuit_par_une_fillette_tenant_une_colombe_aux_ailes_de\u0301ploye\u0301es_1935.jpg\" \/>\n\t<meta property=\"og:image:width\" content=\"1000\" \/>\n\t<meta property=\"og:image:height\" content=\"1000\" \/>\n\t<meta property=\"og:image:type\" content=\"image\/jpeg\" \/>\n<meta name=\"twitter:card\" content=\"summary_large_image\" \/>\n<script type=\"application\/ld+json\" class=\"yoast-schema-graph\">{\"@context\":\"https:\\\/\\\/schema.org\",\"@graph\":[{\"@type\":\"WebPage\",\"@id\":\"https:\\\/\\\/galerie-institut.com\\\/en\\\/produit\\\/picasso-pablo-minotaure-aveugle-guide-par-une-fillette-dans-la-nuit\\\/\",\"url\":\"https:\\\/\\\/galerie-institut.com\\\/en\\\/produit\\\/picasso-pablo-minotaure-aveugle-guide-par-une-fillette-dans-la-nuit\\\/\",\"name\":\"Picasso, Pablo, Minotaure aveugle guid\u00e9 par une fillette dans la nuit Suite Vollard, 1934 - Galerie Institut\",\"isPartOf\":{\"@id\":\"https:\\\/\\\/galerie-institut.com\\\/en\\\/#website\"},\"primaryImageOfPage\":{\"@id\":\"https:\\\/\\\/galerie-institut.com\\\/en\\\/produit\\\/picasso-pablo-minotaure-aveugle-guide-par-une-fillette-dans-la-nuit\\\/#primaryimage\"},\"image\":{\"@id\":\"https:\\\/\\\/galerie-institut.com\\\/en\\\/produit\\\/picasso-pablo-minotaure-aveugle-guide-par-une-fillette-dans-la-nuit\\\/#primaryimage\"},\"thumbnailUrl\":\"https:\\\/\\\/galerie-institut.com\\\/wp-content\\\/uploads\\\/2021\\\/03\\\/Picasso_Pablo_Le_Minotaure_aveugle_conduite_dans_la_nuit_par_une_fillette_tenant_une_colombe_aux_ailes_de\u0301ploye\u0301es_1935.jpg\",\"datePublished\":\"2021-03-03T16:18:51+00:00\",\"dateModified\":\"2025-11-21T16:42:18+00:00\",\"description\":\"Discover the artwork Picasso, Pablo, Minotaure aveugle guid\u00e9 par une fillette dans la nuit Suite Vollard, 1934 available at the Galerie de l'Institut. If you are interested in this work, please contact us at contact@galerie-institut.com\",\"breadcrumb\":{\"@id\":\"https:\\\/\\\/galerie-institut.com\\\/en\\\/produit\\\/picasso-pablo-minotaure-aveugle-guide-par-une-fillette-dans-la-nuit\\\/#breadcrumb\"},\"inLanguage\":\"en-US\",\"potentialAction\":[{\"@type\":\"ReadAction\",\"target\":[\"https:\\\/\\\/galerie-institut.com\\\/en\\\/produit\\\/picasso-pablo-minotaure-aveugle-guide-par-une-fillette-dans-la-nuit\\\/\"]}]},{\"@type\":\"ImageObject\",\"inLanguage\":\"en-US\",\"@id\":\"https:\\\/\\\/galerie-institut.com\\\/en\\\/produit\\\/picasso-pablo-minotaure-aveugle-guide-par-une-fillette-dans-la-nuit\\\/#primaryimage\",\"url\":\"https:\\\/\\\/galerie-institut.com\\\/wp-content\\\/uploads\\\/2021\\\/03\\\/Picasso_Pablo_Le_Minotaure_aveugle_conduite_dans_la_nuit_par_une_fillette_tenant_une_colombe_aux_ailes_de\u0301ploye\u0301es_1935.jpg\",\"contentUrl\":\"https:\\\/\\\/galerie-institut.com\\\/wp-content\\\/uploads\\\/2021\\\/03\\\/Picasso_Pablo_Le_Minotaure_aveugle_conduite_dans_la_nuit_par_une_fillette_tenant_une_colombe_aux_ailes_de\u0301ploye\u0301es_1935.jpg\",\"width\":1000,\"height\":1000},{\"@type\":\"BreadcrumbList\",\"@id\":\"https:\\\/\\\/galerie-institut.com\\\/en\\\/produit\\\/picasso-pablo-minotaure-aveugle-guide-par-une-fillette-dans-la-nuit\\\/#breadcrumb\",\"itemListElement\":[{\"@type\":\"ListItem\",\"position\":1,\"name\":\"Accueil\",\"item\":\"https:\\\/\\\/galerie-institut.com\\\/en\\\/accueil\\\/\"},{\"@type\":\"ListItem\",\"position\":2,\"name\":\"Boutique\",\"item\":\"https:\\\/\\\/galerie-institut.com\\\/?page_id=8607\"},{\"@type\":\"ListItem\",\"position\":3,\"name\":\"Picasso, Pablo, Minotaure aveugle guid\u00e9 par une fillette dans la nuit Suite Vollard, 1934\"}]},{\"@type\":\"WebSite\",\"@id\":\"https:\\\/\\\/galerie-institut.com\\\/en\\\/#website\",\"url\":\"https:\\\/\\\/galerie-institut.com\\\/en\\\/\",\"name\":\"Galerie Institut\",\"description\":\"\",\"potentialAction\":[{\"@type\":\"SearchAction\",\"target\":{\"@type\":\"EntryPoint\",\"urlTemplate\":\"https:\\\/\\\/galerie-institut.com\\\/en\\\/?s={search_term_string}\"},\"query-input\":{\"@type\":\"PropertyValueSpecification\",\"valueRequired\":true,\"valueName\":\"search_term_string\"}}],\"inLanguage\":\"en-US\"}]}<\/script>\n<!-- \/ Yoast SEO plugin. -->","yoast_head_json":{"title":"Picasso, Pablo, Minotaure aveugle guid\u00e9 par une fillette dans la nuit Suite Vollard, 1934 - Galerie Institut","description":"Discover the artwork Picasso, Pablo, Minotaure aveugle guid\u00e9 par une fillette dans la nuit Suite Vollard, 1934 available at the Galerie de l'Institut. If you are interested in this work, please contact us at contact@galerie-institut.com","robots":{"index":"index","follow":"follow","max-snippet":"max-snippet:-1","max-image-preview":"max-image-preview:large","max-video-preview":"max-video-preview:-1"},"canonical":"https:\/\/galerie-institut.com\/en\/produit\/picasso-pablo-minotaure-aveugle-guide-par-une-fillette-dans-la-nuit\/","og_locale":"en_US","og_type":"article","og_title":"Picasso, Pablo, Minotaure aveugle guid\u00e9 par une fillette dans la nuit Suite Vollard, 1934 - Galerie Institut","og_description":"Discover the artwork Picasso, Pablo, Minotaure aveugle guid\u00e9 par une fillette dans la nuit Suite Vollard, 1934 available at the Galerie de l'Institut. If you are interested in this work, please contact us at contact@galerie-institut.com","og_url":"https:\/\/galerie-institut.com\/en\/produit\/picasso-pablo-minotaure-aveugle-guide-par-une-fillette-dans-la-nuit\/","og_site_name":"Galerie Institut","article_modified_time":"2025-11-21T16:42:18+00:00","og_image":[{"width":1000,"height":1000,"url":"https:\/\/galerie-institut.com\/wp-content\/uploads\/2021\/03\/Picasso_Pablo_Le_Minotaure_aveugle_conduite_dans_la_nuit_par_une_fillette_tenant_une_colombe_aux_ailes_de\u0301ploye\u0301es_1935.jpg","type":"image\/jpeg"}],"twitter_card":"summary_large_image","schema":{"@context":"https:\/\/schema.org","@graph":[{"@type":"WebPage","@id":"https:\/\/galerie-institut.com\/en\/produit\/picasso-pablo-minotaure-aveugle-guide-par-une-fillette-dans-la-nuit\/","url":"https:\/\/galerie-institut.com\/en\/produit\/picasso-pablo-minotaure-aveugle-guide-par-une-fillette-dans-la-nuit\/","name":"Picasso, Pablo, Minotaure aveugle guid\u00e9 par une fillette dans la nuit Suite Vollard, 1934 - Galerie Institut","isPartOf":{"@id":"https:\/\/galerie-institut.com\/en\/#website"},"primaryImageOfPage":{"@id":"https:\/\/galerie-institut.com\/en\/produit\/picasso-pablo-minotaure-aveugle-guide-par-une-fillette-dans-la-nuit\/#primaryimage"},"image":{"@id":"https:\/\/galerie-institut.com\/en\/produit\/picasso-pablo-minotaure-aveugle-guide-par-une-fillette-dans-la-nuit\/#primaryimage"},"thumbnailUrl":"https:\/\/galerie-institut.com\/wp-content\/uploads\/2021\/03\/Picasso_Pablo_Le_Minotaure_aveugle_conduite_dans_la_nuit_par_une_fillette_tenant_une_colombe_aux_ailes_de\u0301ploye\u0301es_1935.jpg","datePublished":"2021-03-03T16:18:51+00:00","dateModified":"2025-11-21T16:42:18+00:00","description":"Discover the artwork Picasso, Pablo, Minotaure aveugle guid\u00e9 par une fillette dans la nuit Suite Vollard, 1934 available at the Galerie de l'Institut. If you are interested in this work, please contact us at contact@galerie-institut.com","breadcrumb":{"@id":"https:\/\/galerie-institut.com\/en\/produit\/picasso-pablo-minotaure-aveugle-guide-par-une-fillette-dans-la-nuit\/#breadcrumb"},"inLanguage":"en-US","potentialAction":[{"@type":"ReadAction","target":["https:\/\/galerie-institut.com\/en\/produit\/picasso-pablo-minotaure-aveugle-guide-par-une-fillette-dans-la-nuit\/"]}]},{"@type":"ImageObject","inLanguage":"en-US","@id":"https:\/\/galerie-institut.com\/en\/produit\/picasso-pablo-minotaure-aveugle-guide-par-une-fillette-dans-la-nuit\/#primaryimage","url":"https:\/\/galerie-institut.com\/wp-content\/uploads\/2021\/03\/Picasso_Pablo_Le_Minotaure_aveugle_conduite_dans_la_nuit_par_une_fillette_tenant_une_colombe_aux_ailes_de\u0301ploye\u0301es_1935.jpg","contentUrl":"https:\/\/galerie-institut.com\/wp-content\/uploads\/2021\/03\/Picasso_Pablo_Le_Minotaure_aveugle_conduite_dans_la_nuit_par_une_fillette_tenant_une_colombe_aux_ailes_de\u0301ploye\u0301es_1935.jpg","width":1000,"height":1000},{"@type":"BreadcrumbList","@id":"https:\/\/galerie-institut.com\/en\/produit\/picasso-pablo-minotaure-aveugle-guide-par-une-fillette-dans-la-nuit\/#breadcrumb","itemListElement":[{"@type":"ListItem","position":1,"name":"Accueil","item":"https:\/\/galerie-institut.com\/en\/accueil\/"},{"@type":"ListItem","position":2,"name":"Boutique","item":"https:\/\/galerie-institut.com\/?page_id=8607"},{"@type":"ListItem","position":3,"name":"Picasso, Pablo, Minotaure aveugle guid\u00e9 par une fillette dans la nuit Suite Vollard, 1934"}]},{"@type":"WebSite","@id":"https:\/\/galerie-institut.com\/en\/#website","url":"https:\/\/galerie-institut.com\/en\/","name":"Galerie Institut","description":"","potentialAction":[{"@type":"SearchAction","target":{"@type":"EntryPoint","urlTemplate":"https:\/\/galerie-institut.com\/en\/?s={search_term_string}"},"query-input":{"@type":"PropertyValueSpecification","valueRequired":true,"valueName":"search_term_string"}}],"inLanguage":"en-US"}]}},"_links":{"self":[{"href":"https:\/\/galerie-institut.com\/en\/wp-json\/wp\/v2\/product\/17593","targetHints":{"allow":["GET"]}}],"collection":[{"href":"https:\/\/galerie-institut.com\/en\/wp-json\/wp\/v2\/product"}],"about":[{"href":"https:\/\/galerie-institut.com\/en\/wp-json\/wp\/v2\/types\/product"}],"replies":[{"embeddable":true,"href":"https:\/\/galerie-institut.com\/en\/wp-json\/wp\/v2\/comments?post=17593"}],"wp:featuredmedia":[{"embeddable":true,"href":"https:\/\/galerie-institut.com\/en\/wp-json\/wp\/v2\/media\/17594"}],"wp:attachment":[{"href":"https:\/\/galerie-institut.com\/en\/wp-json\/wp\/v2\/media?parent=17593"}],"wp:term":[{"taxonomy":"product_brand","embeddable":true,"href":"https:\/\/galerie-institut.com\/en\/wp-json\/wp\/v2\/product_brand?post=17593"},{"taxonomy":"product_cat","embeddable":true,"href":"https:\/\/galerie-institut.com\/en\/wp-json\/wp\/v2\/product_cat?post=17593"},{"taxonomy":"product_tag","embeddable":true,"href":"https:\/\/galerie-institut.com\/en\/wp-json\/wp\/v2\/product_tag?post=17593"}],"curies":[{"name":"wp","href":"https:\/\/api.w.org\/{rel}","templated":true}]}}