{"id":17587,"date":"2021-03-03T16:18:54","date_gmt":"2021-03-03T16:18:54","guid":{"rendered":"https:\/\/galerie-institut.com\/produit\/cassigneul-jean-pierre-toquades-1991\/"},"modified":"2025-11-21T16:42:06","modified_gmt":"2025-11-21T16:42:06","slug":"cassigneul-jean-pierre-toquades","status":"publish","type":"product","link":"https:\/\/galerie-institut.com\/en\/produit\/cassigneul-jean-pierre-toquades\/","title":{"rendered":"Cassigneul, Jean-Pierre, Toquades, 1991"},"content":{"rendered":"<p>Illustrated book<\/p>\n<p>1991<\/p>\n<p>60 x 43 cm<\/p>\n<p>Text by Fran\u00e7oise Sagan, Toquades, illustrated by Jean-Pierre Cassigneul, Paris, Mazo-Lebouc \u00e9ditions, 1991,<\/p>\n<p>Ten original lithographs in color: eight full-page, signed and numbered, one headband and one endpaper<\/p>\n<p>Catalogue raisonn\u00e9 : Lebouc et Takahashi 3 to 10<\/p>\n<p>&nbsp;<\/p>\n","protected":false},"excerpt":{"rendered":"<div class=\"flex-col gap-1 md:gap-3\">\n<div class=\"flex flex-grow flex-col max-w-full\">\n<div class=\"min-h-[20px] text-message flex flex-col items-start whitespace-pre-wrap break-words [.text-message+&amp;]:mt-5 juice:w-full juice:items-end overflow-x-auto gap-3\" dir=\"auto\" data-message-author-role=\"assistant\" data-message-id=\"8cbc976a-92e3-4926-8109-2a3a136531fc\">\n<div class=\"markdown prose w-full break-words dark:prose-invert light\">\n<p>The color lithograph of a young woman turning towards a twilight horizon in reddish tones is featured on the frontispiece of Fran\u00e7oise Sagan&#8217;s book &#8220;Toquades&#8221;, published in 1991. This composition is imbued with melancholy, recalling the sense of sadness often found in Jean-Pierre Cassigneul&#8217;s work. The use of bright, bold colors is a distinctive feature of Jean-Pierre Cassigneul&#8217;s paintings. He uses rich, vibrant tones to create visual compositions that capture the viewer&#8217;s attention and add depth to his works.   <\/p>\n<\/div>\n<\/div>\n<\/div>\n<\/div>\n<p>&#8220;I met her the other day, and she burst into tears when she realized she&#8217;d forgotten me. She also introduced me to my replacement, a big, friendly jerk who, she told me, was so charming with her, that he made her so happy&#8230; so happy&#8230; that it was too good&#8230; too good to last!&#8230; I ran away.&#8221; [1]<\/p>\n<p>[1] Cassigneul, lithographs, 1989-1996, ed. M. Lebouc, Paris, M. Takahashi, Tokyo. <\/p>\n","protected":false},"featured_media":17588,"comment_status":"open","ping_status":"closed","template":"","meta":{"_et_pb_use_builder":"","_et_pb_old_content":"","_et_gb_content_width":""},"product_brand":[],"product_cat":[301,282],"product_tag":[296],"class_list":{"0":"post-17587","1":"product","2":"type-product","3":"status-publish","4":"has-post-thumbnail","6":"product_cat-cassigneul","7":"product_cat-illustrated-books","8":"product_tag-illustrated-books","10":"first","11":"instock","12":"shipping-taxable","13":"product-type-simple"},"yoast_head":"<!-- This site is optimized with the Yoast SEO plugin v27.3 - https:\/\/yoast.com\/product\/yoast-seo-wordpress\/ -->\n<title>Cassigneul, Jean-Pierre, Toquades, 1991 - Galerie Institut<\/title>\n<meta name=\"description\" content=\"D\u00e9couvrez l&#039;oeuvre Cassigneul, Jean-Pierre, Toquades, 1991 disponible \u00e0 la Galerie de l&#039;Institut. Si vous \u00eates int\u00e9ress\u00e9.e.s par Cassigneul, Jean-Pierre, Toquades, 1991 merci de nous contacter \u00e0 contact@galerie-institut.com\" \/>\n<meta name=\"robots\" content=\"index, follow, max-snippet:-1, max-image-preview:large, max-video-preview:-1\" \/>\n<link rel=\"canonical\" href=\"https:\/\/galerie-institut.com\/en\/produit\/cassigneul-jean-pierre-toquades\/\" \/>\n<meta property=\"og:locale\" content=\"en_US\" \/>\n<meta property=\"og:type\" content=\"article\" \/>\n<meta property=\"og:title\" content=\"Cassigneul, Jean-Pierre, Toquades, 1991 - Galerie Institut\" \/>\n<meta property=\"og:description\" content=\"D\u00e9couvrez l&#039;oeuvre Cassigneul, Jean-Pierre, Toquades, 1991 disponible \u00e0 la Galerie de l&#039;Institut. Si vous \u00eates int\u00e9ress\u00e9.e.s par Cassigneul, Jean-Pierre, Toquades, 1991 merci de nous contacter \u00e0 contact@galerie-institut.com\" \/>\n<meta property=\"og:url\" content=\"https:\/\/galerie-institut.com\/en\/produit\/cassigneul-jean-pierre-toquades\/\" \/>\n<meta property=\"og:site_name\" content=\"Galerie Institut\" \/>\n<meta property=\"article:modified_time\" content=\"2025-11-21T16:42:06+00:00\" \/>\n<meta property=\"og:image\" content=\"https:\/\/galerie-institut.com\/wp-content\/uploads\/2021\/03\/Cassigneul_Jean_Pierre_Toquades_1991.jpg\" \/>\n\t<meta property=\"og:image:width\" content=\"1000\" \/>\n\t<meta property=\"og:image:height\" content=\"1000\" \/>\n\t<meta property=\"og:image:type\" content=\"image\/jpeg\" \/>\n<meta name=\"twitter:card\" content=\"summary_large_image\" \/>\n<script type=\"application\/ld+json\" class=\"yoast-schema-graph\">{\"@context\":\"https:\\\/\\\/schema.org\",\"@graph\":[{\"@type\":\"WebPage\",\"@id\":\"https:\\\/\\\/galerie-institut.com\\\/en\\\/produit\\\/cassigneul-jean-pierre-toquades\\\/\",\"url\":\"https:\\\/\\\/galerie-institut.com\\\/en\\\/produit\\\/cassigneul-jean-pierre-toquades\\\/\",\"name\":\"Cassigneul, Jean-Pierre, Toquades, 1991 - Galerie Institut\",\"isPartOf\":{\"@id\":\"https:\\\/\\\/galerie-institut.com\\\/en\\\/#website\"},\"primaryImageOfPage\":{\"@id\":\"https:\\\/\\\/galerie-institut.com\\\/en\\\/produit\\\/cassigneul-jean-pierre-toquades\\\/#primaryimage\"},\"image\":{\"@id\":\"https:\\\/\\\/galerie-institut.com\\\/en\\\/produit\\\/cassigneul-jean-pierre-toquades\\\/#primaryimage\"},\"thumbnailUrl\":\"https:\\\/\\\/galerie-institut.com\\\/wp-content\\\/uploads\\\/2021\\\/03\\\/Cassigneul_Jean_Pierre_Toquades_1991.jpg\",\"datePublished\":\"2021-03-03T16:18:54+00:00\",\"dateModified\":\"2025-11-21T16:42:06+00:00\",\"description\":\"D\u00e9couvrez l'oeuvre Cassigneul, Jean-Pierre, Toquades, 1991 disponible \u00e0 la Galerie de l'Institut. Si vous \u00eates int\u00e9ress\u00e9.e.s par Cassigneul, Jean-Pierre, Toquades, 1991 merci de nous contacter \u00e0 contact@galerie-institut.com\",\"breadcrumb\":{\"@id\":\"https:\\\/\\\/galerie-institut.com\\\/en\\\/produit\\\/cassigneul-jean-pierre-toquades\\\/#breadcrumb\"},\"inLanguage\":\"en-US\",\"potentialAction\":[{\"@type\":\"ReadAction\",\"target\":[\"https:\\\/\\\/galerie-institut.com\\\/en\\\/produit\\\/cassigneul-jean-pierre-toquades\\\/\"]}]},{\"@type\":\"ImageObject\",\"inLanguage\":\"en-US\",\"@id\":\"https:\\\/\\\/galerie-institut.com\\\/en\\\/produit\\\/cassigneul-jean-pierre-toquades\\\/#primaryimage\",\"url\":\"https:\\\/\\\/galerie-institut.com\\\/wp-content\\\/uploads\\\/2021\\\/03\\\/Cassigneul_Jean_Pierre_Toquades_1991.jpg\",\"contentUrl\":\"https:\\\/\\\/galerie-institut.com\\\/wp-content\\\/uploads\\\/2021\\\/03\\\/Cassigneul_Jean_Pierre_Toquades_1991.jpg\",\"width\":1000,\"height\":1000},{\"@type\":\"BreadcrumbList\",\"@id\":\"https:\\\/\\\/galerie-institut.com\\\/en\\\/produit\\\/cassigneul-jean-pierre-toquades\\\/#breadcrumb\",\"itemListElement\":[{\"@type\":\"ListItem\",\"position\":1,\"name\":\"Accueil\",\"item\":\"https:\\\/\\\/galerie-institut.com\\\/en\\\/accueil\\\/\"},{\"@type\":\"ListItem\",\"position\":2,\"name\":\"Boutique\",\"item\":\"https:\\\/\\\/galerie-institut.com\\\/?page_id=8607\"},{\"@type\":\"ListItem\",\"position\":3,\"name\":\"Cassigneul, Jean-Pierre, Toquades, 1991\"}]},{\"@type\":\"WebSite\",\"@id\":\"https:\\\/\\\/galerie-institut.com\\\/en\\\/#website\",\"url\":\"https:\\\/\\\/galerie-institut.com\\\/en\\\/\",\"name\":\"Galerie Institut\",\"description\":\"\",\"potentialAction\":[{\"@type\":\"SearchAction\",\"target\":{\"@type\":\"EntryPoint\",\"urlTemplate\":\"https:\\\/\\\/galerie-institut.com\\\/en\\\/?s={search_term_string}\"},\"query-input\":{\"@type\":\"PropertyValueSpecification\",\"valueRequired\":true,\"valueName\":\"search_term_string\"}}],\"inLanguage\":\"en-US\"}]}<\/script>\n<!-- \/ Yoast SEO plugin. -->","yoast_head_json":{"title":"Cassigneul, Jean-Pierre, Toquades, 1991 - Galerie Institut","description":"D\u00e9couvrez l'oeuvre Cassigneul, Jean-Pierre, Toquades, 1991 disponible \u00e0 la Galerie de l'Institut. Si vous \u00eates int\u00e9ress\u00e9.e.s par Cassigneul, Jean-Pierre, Toquades, 1991 merci de nous contacter \u00e0 contact@galerie-institut.com","robots":{"index":"index","follow":"follow","max-snippet":"max-snippet:-1","max-image-preview":"max-image-preview:large","max-video-preview":"max-video-preview:-1"},"canonical":"https:\/\/galerie-institut.com\/en\/produit\/cassigneul-jean-pierre-toquades\/","og_locale":"en_US","og_type":"article","og_title":"Cassigneul, Jean-Pierre, Toquades, 1991 - Galerie Institut","og_description":"D\u00e9couvrez l'oeuvre Cassigneul, Jean-Pierre, Toquades, 1991 disponible \u00e0 la Galerie de l'Institut. Si vous \u00eates int\u00e9ress\u00e9.e.s par Cassigneul, Jean-Pierre, Toquades, 1991 merci de nous contacter \u00e0 contact@galerie-institut.com","og_url":"https:\/\/galerie-institut.com\/en\/produit\/cassigneul-jean-pierre-toquades\/","og_site_name":"Galerie Institut","article_modified_time":"2025-11-21T16:42:06+00:00","og_image":[{"width":1000,"height":1000,"url":"https:\/\/galerie-institut.com\/wp-content\/uploads\/2021\/03\/Cassigneul_Jean_Pierre_Toquades_1991.jpg","type":"image\/jpeg"}],"twitter_card":"summary_large_image","schema":{"@context":"https:\/\/schema.org","@graph":[{"@type":"WebPage","@id":"https:\/\/galerie-institut.com\/en\/produit\/cassigneul-jean-pierre-toquades\/","url":"https:\/\/galerie-institut.com\/en\/produit\/cassigneul-jean-pierre-toquades\/","name":"Cassigneul, Jean-Pierre, Toquades, 1991 - Galerie Institut","isPartOf":{"@id":"https:\/\/galerie-institut.com\/en\/#website"},"primaryImageOfPage":{"@id":"https:\/\/galerie-institut.com\/en\/produit\/cassigneul-jean-pierre-toquades\/#primaryimage"},"image":{"@id":"https:\/\/galerie-institut.com\/en\/produit\/cassigneul-jean-pierre-toquades\/#primaryimage"},"thumbnailUrl":"https:\/\/galerie-institut.com\/wp-content\/uploads\/2021\/03\/Cassigneul_Jean_Pierre_Toquades_1991.jpg","datePublished":"2021-03-03T16:18:54+00:00","dateModified":"2025-11-21T16:42:06+00:00","description":"D\u00e9couvrez l'oeuvre Cassigneul, Jean-Pierre, Toquades, 1991 disponible \u00e0 la Galerie de l'Institut. Si vous \u00eates int\u00e9ress\u00e9.e.s par Cassigneul, Jean-Pierre, Toquades, 1991 merci de nous contacter \u00e0 contact@galerie-institut.com","breadcrumb":{"@id":"https:\/\/galerie-institut.com\/en\/produit\/cassigneul-jean-pierre-toquades\/#breadcrumb"},"inLanguage":"en-US","potentialAction":[{"@type":"ReadAction","target":["https:\/\/galerie-institut.com\/en\/produit\/cassigneul-jean-pierre-toquades\/"]}]},{"@type":"ImageObject","inLanguage":"en-US","@id":"https:\/\/galerie-institut.com\/en\/produit\/cassigneul-jean-pierre-toquades\/#primaryimage","url":"https:\/\/galerie-institut.com\/wp-content\/uploads\/2021\/03\/Cassigneul_Jean_Pierre_Toquades_1991.jpg","contentUrl":"https:\/\/galerie-institut.com\/wp-content\/uploads\/2021\/03\/Cassigneul_Jean_Pierre_Toquades_1991.jpg","width":1000,"height":1000},{"@type":"BreadcrumbList","@id":"https:\/\/galerie-institut.com\/en\/produit\/cassigneul-jean-pierre-toquades\/#breadcrumb","itemListElement":[{"@type":"ListItem","position":1,"name":"Accueil","item":"https:\/\/galerie-institut.com\/en\/accueil\/"},{"@type":"ListItem","position":2,"name":"Boutique","item":"https:\/\/galerie-institut.com\/?page_id=8607"},{"@type":"ListItem","position":3,"name":"Cassigneul, Jean-Pierre, Toquades, 1991"}]},{"@type":"WebSite","@id":"https:\/\/galerie-institut.com\/en\/#website","url":"https:\/\/galerie-institut.com\/en\/","name":"Galerie Institut","description":"","potentialAction":[{"@type":"SearchAction","target":{"@type":"EntryPoint","urlTemplate":"https:\/\/galerie-institut.com\/en\/?s={search_term_string}"},"query-input":{"@type":"PropertyValueSpecification","valueRequired":true,"valueName":"search_term_string"}}],"inLanguage":"en-US"}]}},"_links":{"self":[{"href":"https:\/\/galerie-institut.com\/en\/wp-json\/wp\/v2\/product\/17587","targetHints":{"allow":["GET"]}}],"collection":[{"href":"https:\/\/galerie-institut.com\/en\/wp-json\/wp\/v2\/product"}],"about":[{"href":"https:\/\/galerie-institut.com\/en\/wp-json\/wp\/v2\/types\/product"}],"replies":[{"embeddable":true,"href":"https:\/\/galerie-institut.com\/en\/wp-json\/wp\/v2\/comments?post=17587"}],"wp:featuredmedia":[{"embeddable":true,"href":"https:\/\/galerie-institut.com\/en\/wp-json\/wp\/v2\/media\/17588"}],"wp:attachment":[{"href":"https:\/\/galerie-institut.com\/en\/wp-json\/wp\/v2\/media?parent=17587"}],"wp:term":[{"taxonomy":"product_brand","embeddable":true,"href":"https:\/\/galerie-institut.com\/en\/wp-json\/wp\/v2\/product_brand?post=17587"},{"taxonomy":"product_cat","embeddable":true,"href":"https:\/\/galerie-institut.com\/en\/wp-json\/wp\/v2\/product_cat?post=17587"},{"taxonomy":"product_tag","embeddable":true,"href":"https:\/\/galerie-institut.com\/en\/wp-json\/wp\/v2\/product_tag?post=17587"}],"curies":[{"name":"wp","href":"https:\/\/api.w.org\/{rel}","templated":true}]}}