{"id":17585,"date":"2021-03-03T16:18:51","date_gmt":"2021-03-03T16:18:51","guid":{"rendered":"https:\/\/galerie-institut.com\/produit\/picasso-pablo-three-nude-women-by-a-window-suite-vollard-67-1933\/"},"modified":"2025-11-21T16:42:06","modified_gmt":"2025-11-21T16:42:06","slug":"picasso-pablo-trois-femmes-nues-pres-dune-fene%cc%82tre","status":"publish","type":"product","link":"https:\/\/galerie-institut.com\/en\/produit\/picasso-pablo-trois-femmes-nues-pres-dune-fene%cc%82tre\/","title":{"rendered":"Picasso, Pablo, Three Nude Women by a Window, Suite Vollard 67, 1933"},"content":{"rendered":"<p>1933<\/p>\n<p>Original etching on Montval watermarked laid paper<\/p>\n<p>36.7 x 29.8 cm<\/p>\n<p>Localized, dated in the plate lower right &#8220;Paris, April 6, XXXIII&#8221;, signed by the artist in pencil lower right<\/p>\n<p>Edition Roger Lacouri\u00e8re; Vollard \u00e9diteur, Paris<\/p>\n<p>Catalogue raisonn\u00e9: Bloch 176; Baer 329: <em>Trois femmes nues et une coupe d&#8217;an\u00e9mones <\/em><\/p>\n<p>\u00a9Picasso Succession 2025<\/p>\n","protected":false},"excerpt":{"rendered":"<p>This etching belongs to the <em>Suite Vollard<\/em>, a series of one hundred etchings produced by Picasso between mid-September 1930 and March 1937 in response to a commission from the merchant-publisher Ambroise Vollard. The face on the left resembles that of Marie-Th\u00e9r\u00e8se Walter, Picasso&#8217;s muse at the time. The foreshortened nose and hair are reminiscent of the sculpture <g id=\"gid_1\">Buste de femme<\/g>, 1931. The continuity between these three women gives the impression that they are one and the same, depicted from three different points of view.   <\/p>\n<p>&nbsp;<\/p>\n","protected":false},"featured_media":17586,"comment_status":"open","ping_status":"closed","template":"","meta":{"_et_pb_use_builder":"","_et_pb_old_content":"","_et_gb_content_width":""},"product_brand":[],"product_cat":[267,266],"product_tag":[174,268],"class_list":{"0":"post-17585","1":"product","2":"type-product","3":"status-publish","4":"has-post-thumbnail","6":"product_cat-estampes","7":"product_cat-works-of-art-by-pablo-picasso","8":"product_tag-etching","9":"product_tag-print","11":"first","12":"instock","13":"shipping-taxable","14":"product-type-simple"},"yoast_head":"<!-- This site is optimized with the Yoast SEO plugin v27.3 - https:\/\/yoast.com\/product\/yoast-seo-wordpress\/ -->\n<title>Picasso, Pablo, Three Nude Women by a Window, Suite Vollard 67, 1933 - Galerie Institut<\/title>\n<meta name=\"description\" content=\"D\u00e9couvrez l&#039;oeuvre Picasso, Pablo, Three Nude Women by a Window, Suite Vollard 67, 1933 disponible \u00e0 la Galerie de l&#039;Institut. Si vous \u00eates int\u00e9ress\u00e9.e.s par Picasso, Pablo, Three Nude Women by a Window, Suite Vollard 67, 1933 merci de nous contacter \u00e0 contact@galerie-institut.com\" \/>\n<meta name=\"robots\" content=\"index, follow, max-snippet:-1, max-image-preview:large, max-video-preview:-1\" \/>\n<link rel=\"canonical\" href=\"https:\/\/galerie-institut.com\/en\/produit\/picasso-pablo-trois-femmes-nues-pres-dune-fene%cc%82tre\/\" \/>\n<meta property=\"og:locale\" content=\"en_US\" \/>\n<meta property=\"og:type\" content=\"article\" \/>\n<meta property=\"og:title\" content=\"Picasso, Pablo, Three Nude Women by a Window, Suite Vollard 67, 1933 - Galerie Institut\" \/>\n<meta property=\"og:description\" content=\"D\u00e9couvrez l&#039;oeuvre Picasso, Pablo, Three Nude Women by a Window, Suite Vollard 67, 1933 disponible \u00e0 la Galerie de l&#039;Institut. Si vous \u00eates int\u00e9ress\u00e9.e.s par Picasso, Pablo, Three Nude Women by a Window, Suite Vollard 67, 1933 merci de nous contacter \u00e0 contact@galerie-institut.com\" \/>\n<meta property=\"og:url\" content=\"https:\/\/galerie-institut.com\/en\/produit\/picasso-pablo-trois-femmes-nues-pres-dune-fene%cc%82tre\/\" \/>\n<meta property=\"og:site_name\" content=\"Galerie Institut\" \/>\n<meta property=\"article:modified_time\" content=\"2025-11-21T16:42:06+00:00\" \/>\n<meta property=\"og:image\" content=\"https:\/\/galerie-institut.com\/wp-content\/uploads\/2021\/03\/Picasso_Pablo_Trois_femmes_nues_pre\u0300s_d_une_fene\u0302tre_1933.jpg\" \/>\n\t<meta property=\"og:image:width\" content=\"1000\" \/>\n\t<meta property=\"og:image:height\" content=\"1000\" \/>\n\t<meta property=\"og:image:type\" content=\"image\/jpeg\" \/>\n<meta name=\"twitter:card\" content=\"summary_large_image\" \/>\n<script type=\"application\/ld+json\" class=\"yoast-schema-graph\">{\"@context\":\"https:\\\/\\\/schema.org\",\"@graph\":[{\"@type\":\"WebPage\",\"@id\":\"https:\\\/\\\/galerie-institut.com\\\/en\\\/produit\\\/picasso-pablo-trois-femmes-nues-pres-dune-fene%cc%82tre\\\/\",\"url\":\"https:\\\/\\\/galerie-institut.com\\\/en\\\/produit\\\/picasso-pablo-trois-femmes-nues-pres-dune-fene%cc%82tre\\\/\",\"name\":\"Picasso, Pablo, Three Nude Women by a Window, Suite Vollard 67, 1933 - Galerie Institut\",\"isPartOf\":{\"@id\":\"https:\\\/\\\/galerie-institut.com\\\/en\\\/#website\"},\"primaryImageOfPage\":{\"@id\":\"https:\\\/\\\/galerie-institut.com\\\/en\\\/produit\\\/picasso-pablo-trois-femmes-nues-pres-dune-fene%cc%82tre\\\/#primaryimage\"},\"image\":{\"@id\":\"https:\\\/\\\/galerie-institut.com\\\/en\\\/produit\\\/picasso-pablo-trois-femmes-nues-pres-dune-fene%cc%82tre\\\/#primaryimage\"},\"thumbnailUrl\":\"https:\\\/\\\/galerie-institut.com\\\/wp-content\\\/uploads\\\/2021\\\/03\\\/Picasso_Pablo_Trois_femmes_nues_pre\u0300s_d_une_fene\u0302tre_1933.jpg\",\"datePublished\":\"2021-03-03T16:18:51+00:00\",\"dateModified\":\"2025-11-21T16:42:06+00:00\",\"description\":\"D\u00e9couvrez l'oeuvre Picasso, Pablo, Three Nude Women by a Window, Suite Vollard 67, 1933 disponible \u00e0 la Galerie de l'Institut. Si vous \u00eates int\u00e9ress\u00e9.e.s par Picasso, Pablo, Three Nude Women by a Window, Suite Vollard 67, 1933 merci de nous contacter \u00e0 contact@galerie-institut.com\",\"breadcrumb\":{\"@id\":\"https:\\\/\\\/galerie-institut.com\\\/en\\\/produit\\\/picasso-pablo-trois-femmes-nues-pres-dune-fene%cc%82tre\\\/#breadcrumb\"},\"inLanguage\":\"en-US\",\"potentialAction\":[{\"@type\":\"ReadAction\",\"target\":[\"https:\\\/\\\/galerie-institut.com\\\/en\\\/produit\\\/picasso-pablo-trois-femmes-nues-pres-dune-fene%cc%82tre\\\/\"]}]},{\"@type\":\"ImageObject\",\"inLanguage\":\"en-US\",\"@id\":\"https:\\\/\\\/galerie-institut.com\\\/en\\\/produit\\\/picasso-pablo-trois-femmes-nues-pres-dune-fene%cc%82tre\\\/#primaryimage\",\"url\":\"https:\\\/\\\/galerie-institut.com\\\/wp-content\\\/uploads\\\/2021\\\/03\\\/Picasso_Pablo_Trois_femmes_nues_pre\u0300s_d_une_fene\u0302tre_1933.jpg\",\"contentUrl\":\"https:\\\/\\\/galerie-institut.com\\\/wp-content\\\/uploads\\\/2021\\\/03\\\/Picasso_Pablo_Trois_femmes_nues_pre\u0300s_d_une_fene\u0302tre_1933.jpg\",\"width\":1000,\"height\":1000},{\"@type\":\"BreadcrumbList\",\"@id\":\"https:\\\/\\\/galerie-institut.com\\\/en\\\/produit\\\/picasso-pablo-trois-femmes-nues-pres-dune-fene%cc%82tre\\\/#breadcrumb\",\"itemListElement\":[{\"@type\":\"ListItem\",\"position\":1,\"name\":\"Accueil\",\"item\":\"https:\\\/\\\/galerie-institut.com\\\/en\\\/accueil\\\/\"},{\"@type\":\"ListItem\",\"position\":2,\"name\":\"Boutique\",\"item\":\"https:\\\/\\\/galerie-institut.com\\\/?page_id=8607\"},{\"@type\":\"ListItem\",\"position\":3,\"name\":\"Picasso, Pablo, Three Nude Women by a Window, Suite Vollard 67, 1933\"}]},{\"@type\":\"WebSite\",\"@id\":\"https:\\\/\\\/galerie-institut.com\\\/en\\\/#website\",\"url\":\"https:\\\/\\\/galerie-institut.com\\\/en\\\/\",\"name\":\"Galerie Institut\",\"description\":\"\",\"potentialAction\":[{\"@type\":\"SearchAction\",\"target\":{\"@type\":\"EntryPoint\",\"urlTemplate\":\"https:\\\/\\\/galerie-institut.com\\\/en\\\/?s={search_term_string}\"},\"query-input\":{\"@type\":\"PropertyValueSpecification\",\"valueRequired\":true,\"valueName\":\"search_term_string\"}}],\"inLanguage\":\"en-US\"}]}<\/script>\n<!-- \/ Yoast SEO plugin. -->","yoast_head_json":{"title":"Picasso, Pablo, Three Nude Women by a Window, Suite Vollard 67, 1933 - Galerie Institut","description":"D\u00e9couvrez l'oeuvre Picasso, Pablo, Three Nude Women by a Window, Suite Vollard 67, 1933 disponible \u00e0 la Galerie de l'Institut. Si vous \u00eates int\u00e9ress\u00e9.e.s par Picasso, Pablo, Three Nude Women by a Window, Suite Vollard 67, 1933 merci de nous contacter \u00e0 contact@galerie-institut.com","robots":{"index":"index","follow":"follow","max-snippet":"max-snippet:-1","max-image-preview":"max-image-preview:large","max-video-preview":"max-video-preview:-1"},"canonical":"https:\/\/galerie-institut.com\/en\/produit\/picasso-pablo-trois-femmes-nues-pres-dune-fene%cc%82tre\/","og_locale":"en_US","og_type":"article","og_title":"Picasso, Pablo, Three Nude Women by a Window, Suite Vollard 67, 1933 - Galerie Institut","og_description":"D\u00e9couvrez l'oeuvre Picasso, Pablo, Three Nude Women by a Window, Suite Vollard 67, 1933 disponible \u00e0 la Galerie de l'Institut. Si vous \u00eates int\u00e9ress\u00e9.e.s par Picasso, Pablo, Three Nude Women by a Window, Suite Vollard 67, 1933 merci de nous contacter \u00e0 contact@galerie-institut.com","og_url":"https:\/\/galerie-institut.com\/en\/produit\/picasso-pablo-trois-femmes-nues-pres-dune-fene%cc%82tre\/","og_site_name":"Galerie Institut","article_modified_time":"2025-11-21T16:42:06+00:00","og_image":[{"width":1000,"height":1000,"url":"https:\/\/galerie-institut.com\/wp-content\/uploads\/2021\/03\/Picasso_Pablo_Trois_femmes_nues_pre\u0300s_d_une_fene\u0302tre_1933.jpg","type":"image\/jpeg"}],"twitter_card":"summary_large_image","schema":{"@context":"https:\/\/schema.org","@graph":[{"@type":"WebPage","@id":"https:\/\/galerie-institut.com\/en\/produit\/picasso-pablo-trois-femmes-nues-pres-dune-fene%cc%82tre\/","url":"https:\/\/galerie-institut.com\/en\/produit\/picasso-pablo-trois-femmes-nues-pres-dune-fene%cc%82tre\/","name":"Picasso, Pablo, Three Nude Women by a Window, Suite Vollard 67, 1933 - Galerie Institut","isPartOf":{"@id":"https:\/\/galerie-institut.com\/en\/#website"},"primaryImageOfPage":{"@id":"https:\/\/galerie-institut.com\/en\/produit\/picasso-pablo-trois-femmes-nues-pres-dune-fene%cc%82tre\/#primaryimage"},"image":{"@id":"https:\/\/galerie-institut.com\/en\/produit\/picasso-pablo-trois-femmes-nues-pres-dune-fene%cc%82tre\/#primaryimage"},"thumbnailUrl":"https:\/\/galerie-institut.com\/wp-content\/uploads\/2021\/03\/Picasso_Pablo_Trois_femmes_nues_pre\u0300s_d_une_fene\u0302tre_1933.jpg","datePublished":"2021-03-03T16:18:51+00:00","dateModified":"2025-11-21T16:42:06+00:00","description":"D\u00e9couvrez l'oeuvre Picasso, Pablo, Three Nude Women by a Window, Suite Vollard 67, 1933 disponible \u00e0 la Galerie de l'Institut. Si vous \u00eates int\u00e9ress\u00e9.e.s par Picasso, Pablo, Three Nude Women by a Window, Suite Vollard 67, 1933 merci de nous contacter \u00e0 contact@galerie-institut.com","breadcrumb":{"@id":"https:\/\/galerie-institut.com\/en\/produit\/picasso-pablo-trois-femmes-nues-pres-dune-fene%cc%82tre\/#breadcrumb"},"inLanguage":"en-US","potentialAction":[{"@type":"ReadAction","target":["https:\/\/galerie-institut.com\/en\/produit\/picasso-pablo-trois-femmes-nues-pres-dune-fene%cc%82tre\/"]}]},{"@type":"ImageObject","inLanguage":"en-US","@id":"https:\/\/galerie-institut.com\/en\/produit\/picasso-pablo-trois-femmes-nues-pres-dune-fene%cc%82tre\/#primaryimage","url":"https:\/\/galerie-institut.com\/wp-content\/uploads\/2021\/03\/Picasso_Pablo_Trois_femmes_nues_pre\u0300s_d_une_fene\u0302tre_1933.jpg","contentUrl":"https:\/\/galerie-institut.com\/wp-content\/uploads\/2021\/03\/Picasso_Pablo_Trois_femmes_nues_pre\u0300s_d_une_fene\u0302tre_1933.jpg","width":1000,"height":1000},{"@type":"BreadcrumbList","@id":"https:\/\/galerie-institut.com\/en\/produit\/picasso-pablo-trois-femmes-nues-pres-dune-fene%cc%82tre\/#breadcrumb","itemListElement":[{"@type":"ListItem","position":1,"name":"Accueil","item":"https:\/\/galerie-institut.com\/en\/accueil\/"},{"@type":"ListItem","position":2,"name":"Boutique","item":"https:\/\/galerie-institut.com\/?page_id=8607"},{"@type":"ListItem","position":3,"name":"Picasso, Pablo, Three Nude Women by a Window, Suite Vollard 67, 1933"}]},{"@type":"WebSite","@id":"https:\/\/galerie-institut.com\/en\/#website","url":"https:\/\/galerie-institut.com\/en\/","name":"Galerie Institut","description":"","potentialAction":[{"@type":"SearchAction","target":{"@type":"EntryPoint","urlTemplate":"https:\/\/galerie-institut.com\/en\/?s={search_term_string}"},"query-input":{"@type":"PropertyValueSpecification","valueRequired":true,"valueName":"search_term_string"}}],"inLanguage":"en-US"}]}},"_links":{"self":[{"href":"https:\/\/galerie-institut.com\/en\/wp-json\/wp\/v2\/product\/17585","targetHints":{"allow":["GET"]}}],"collection":[{"href":"https:\/\/galerie-institut.com\/en\/wp-json\/wp\/v2\/product"}],"about":[{"href":"https:\/\/galerie-institut.com\/en\/wp-json\/wp\/v2\/types\/product"}],"replies":[{"embeddable":true,"href":"https:\/\/galerie-institut.com\/en\/wp-json\/wp\/v2\/comments?post=17585"}],"wp:featuredmedia":[{"embeddable":true,"href":"https:\/\/galerie-institut.com\/en\/wp-json\/wp\/v2\/media\/17586"}],"wp:attachment":[{"href":"https:\/\/galerie-institut.com\/en\/wp-json\/wp\/v2\/media?parent=17585"}],"wp:term":[{"taxonomy":"product_brand","embeddable":true,"href":"https:\/\/galerie-institut.com\/en\/wp-json\/wp\/v2\/product_brand?post=17585"},{"taxonomy":"product_cat","embeddable":true,"href":"https:\/\/galerie-institut.com\/en\/wp-json\/wp\/v2\/product_cat?post=17585"},{"taxonomy":"product_tag","embeddable":true,"href":"https:\/\/galerie-institut.com\/en\/wp-json\/wp\/v2\/product_tag?post=17585"}],"curies":[{"name":"wp","href":"https:\/\/api.w.org\/{rel}","templated":true}]}}