{"id":17573,"date":"2021-03-03T16:18:53","date_gmt":"2021-03-03T16:18:53","guid":{"rendered":"https:\/\/galerie-institut.com\/produit\/cassigneul-jean-pierre-murmures-1989\/"},"modified":"2025-11-21T16:42:02","modified_gmt":"2025-11-21T16:42:02","slug":"cassigneul-jean-pierre-murmures","status":"publish","type":"product","link":"https:\/\/galerie-institut.com\/en\/produit\/cassigneul-jean-pierre-murmures\/","title":{"rendered":"Cassigneul, Jean-Pierre, Murmures, 1989"},"content":{"rendered":"<p>1989<\/p>\n<p>Original lithograph in color on Rives paper<\/p>\n<p>66.5 x 82.5 cm.<\/p>\n<p>Numbered in pencil lower left of 200, signed by the artist in pencil lower right<\/p>\n<p>Catalogue raisonn\u00e9 : Lebouc et Takahashi 31<\/p>\n","protected":false},"excerpt":{"rendered":"<p>The lithograph illustrates Jean-Pierre Cassigneul&#8217;s two favorite themes: women and spaces bursting with a thousand flowers. The artist invites the viewer into the secret garden of two elegant silhouettes strolling down a path lined with bright colors and rich decorations. The omnipresence of this luxuriant vegetation incites the viewer to escape into warm landscapes. The viewer, amazed and curious, imagines the murmurs emanating from this composition.   <\/p>\n<blockquote><p>&#8220;Cassigneul is a magician who makes a mockery of time and space (&#8230;) in the end and at the end of all ends, he pushes with the tip of his brush the gateway to our secret gardens. A magician, we say, but also an enchanter&#8221; <a href=\"#_ftn1\" name=\"_ftnref1\">[1].<\/a><\/p><\/blockquote>\n<p>[<a href=\"#_ftnref1\" name=\"_ftn1\">1]<\/a> Jean Fran\u00e7ois Josselin, <em>Cassigneul Lithographe et Graveur<\/em>, Paris, 1989<\/p>\n<p>&nbsp;<\/p>\n","protected":false},"featured_media":17575,"comment_status":"open","ping_status":"closed","template":"","meta":{"_et_pb_use_builder":"","_et_pb_old_content":"","_et_gb_content_width":""},"product_brand":[],"product_cat":[301,267],"product_tag":[180,268],"class_list":{"0":"post-17573","1":"product","2":"type-product","3":"status-publish","4":"has-post-thumbnail","6":"product_cat-cassigneul","7":"product_cat-estampes","8":"product_tag-lithography","9":"product_tag-print","11":"first","12":"instock","13":"shipping-taxable","14":"product-type-simple"},"yoast_head":"<!-- This site is optimized with the Yoast SEO plugin v27.3 - https:\/\/yoast.com\/product\/yoast-seo-wordpress\/ -->\n<title>Cassigneul, Jean-Pierre, Murmures, 1989 - Galerie Institut<\/title>\n<meta name=\"description\" content=\"D\u00e9couvrez l&#039;oeuvre Cassigneul, Jean-Pierre, Murmures, 1989 disponible \u00e0 la Galerie de l&#039;Institut. Si vous \u00eates int\u00e9ress\u00e9.e.s par Cassigneul, Jean-Pierre, Murmures, 1989 merci de nous contacter \u00e0 contact@galerie-institut.com\" \/>\n<meta name=\"robots\" content=\"index, follow, max-snippet:-1, max-image-preview:large, max-video-preview:-1\" \/>\n<link rel=\"canonical\" href=\"https:\/\/galerie-institut.com\/en\/produit\/cassigneul-jean-pierre-murmures\/\" \/>\n<meta property=\"og:locale\" content=\"en_US\" \/>\n<meta property=\"og:type\" content=\"article\" \/>\n<meta property=\"og:title\" content=\"Cassigneul, Jean-Pierre, Murmures, 1989 - Galerie Institut\" \/>\n<meta property=\"og:description\" content=\"D\u00e9couvrez l&#039;oeuvre Cassigneul, Jean-Pierre, Murmures, 1989 disponible \u00e0 la Galerie de l&#039;Institut. Si vous \u00eates int\u00e9ress\u00e9.e.s par Cassigneul, Jean-Pierre, Murmures, 1989 merci de nous contacter \u00e0 contact@galerie-institut.com\" \/>\n<meta property=\"og:url\" content=\"https:\/\/galerie-institut.com\/en\/produit\/cassigneul-jean-pierre-murmures\/\" \/>\n<meta property=\"og:site_name\" content=\"Galerie Institut\" \/>\n<meta property=\"article:modified_time\" content=\"2025-11-21T16:42:02+00:00\" \/>\n<meta property=\"og:image\" content=\"https:\/\/galerie-institut.com\/wp-content\/uploads\/2021\/03\/Cassigneul_Jean_Pierre_Murmures.jpg\" \/>\n\t<meta property=\"og:image:width\" content=\"1000\" \/>\n\t<meta property=\"og:image:height\" content=\"1000\" \/>\n\t<meta property=\"og:image:type\" content=\"image\/jpeg\" \/>\n<meta name=\"twitter:card\" content=\"summary_large_image\" \/>\n<script type=\"application\/ld+json\" class=\"yoast-schema-graph\">{\"@context\":\"https:\\\/\\\/schema.org\",\"@graph\":[{\"@type\":\"WebPage\",\"@id\":\"https:\\\/\\\/galerie-institut.com\\\/en\\\/produit\\\/cassigneul-jean-pierre-murmures\\\/\",\"url\":\"https:\\\/\\\/galerie-institut.com\\\/en\\\/produit\\\/cassigneul-jean-pierre-murmures\\\/\",\"name\":\"Cassigneul, Jean-Pierre, Murmures, 1989 - Galerie Institut\",\"isPartOf\":{\"@id\":\"https:\\\/\\\/galerie-institut.com\\\/en\\\/#website\"},\"primaryImageOfPage\":{\"@id\":\"https:\\\/\\\/galerie-institut.com\\\/en\\\/produit\\\/cassigneul-jean-pierre-murmures\\\/#primaryimage\"},\"image\":{\"@id\":\"https:\\\/\\\/galerie-institut.com\\\/en\\\/produit\\\/cassigneul-jean-pierre-murmures\\\/#primaryimage\"},\"thumbnailUrl\":\"https:\\\/\\\/galerie-institut.com\\\/wp-content\\\/uploads\\\/2021\\\/03\\\/Cassigneul_Jean_Pierre_Murmures.jpg\",\"datePublished\":\"2021-03-03T16:18:53+00:00\",\"dateModified\":\"2025-11-21T16:42:02+00:00\",\"description\":\"D\u00e9couvrez l'oeuvre Cassigneul, Jean-Pierre, Murmures, 1989 disponible \u00e0 la Galerie de l'Institut. Si vous \u00eates int\u00e9ress\u00e9.e.s par Cassigneul, Jean-Pierre, Murmures, 1989 merci de nous contacter \u00e0 contact@galerie-institut.com\",\"breadcrumb\":{\"@id\":\"https:\\\/\\\/galerie-institut.com\\\/en\\\/produit\\\/cassigneul-jean-pierre-murmures\\\/#breadcrumb\"},\"inLanguage\":\"en-US\",\"potentialAction\":[{\"@type\":\"ReadAction\",\"target\":[\"https:\\\/\\\/galerie-institut.com\\\/en\\\/produit\\\/cassigneul-jean-pierre-murmures\\\/\"]}]},{\"@type\":\"ImageObject\",\"inLanguage\":\"en-US\",\"@id\":\"https:\\\/\\\/galerie-institut.com\\\/en\\\/produit\\\/cassigneul-jean-pierre-murmures\\\/#primaryimage\",\"url\":\"https:\\\/\\\/galerie-institut.com\\\/wp-content\\\/uploads\\\/2021\\\/03\\\/Cassigneul_Jean_Pierre_Murmures.jpg\",\"contentUrl\":\"https:\\\/\\\/galerie-institut.com\\\/wp-content\\\/uploads\\\/2021\\\/03\\\/Cassigneul_Jean_Pierre_Murmures.jpg\",\"width\":1000,\"height\":1000},{\"@type\":\"BreadcrumbList\",\"@id\":\"https:\\\/\\\/galerie-institut.com\\\/en\\\/produit\\\/cassigneul-jean-pierre-murmures\\\/#breadcrumb\",\"itemListElement\":[{\"@type\":\"ListItem\",\"position\":1,\"name\":\"Accueil\",\"item\":\"https:\\\/\\\/galerie-institut.com\\\/en\\\/accueil\\\/\"},{\"@type\":\"ListItem\",\"position\":2,\"name\":\"Boutique\",\"item\":\"https:\\\/\\\/galerie-institut.com\\\/?page_id=8607\"},{\"@type\":\"ListItem\",\"position\":3,\"name\":\"Cassigneul, Jean-Pierre, Murmures, 1989\"}]},{\"@type\":\"WebSite\",\"@id\":\"https:\\\/\\\/galerie-institut.com\\\/en\\\/#website\",\"url\":\"https:\\\/\\\/galerie-institut.com\\\/en\\\/\",\"name\":\"Galerie Institut\",\"description\":\"\",\"potentialAction\":[{\"@type\":\"SearchAction\",\"target\":{\"@type\":\"EntryPoint\",\"urlTemplate\":\"https:\\\/\\\/galerie-institut.com\\\/en\\\/?s={search_term_string}\"},\"query-input\":{\"@type\":\"PropertyValueSpecification\",\"valueRequired\":true,\"valueName\":\"search_term_string\"}}],\"inLanguage\":\"en-US\"}]}<\/script>\n<!-- \/ Yoast SEO plugin. -->","yoast_head_json":{"title":"Cassigneul, Jean-Pierre, Murmures, 1989 - Galerie Institut","description":"D\u00e9couvrez l'oeuvre Cassigneul, Jean-Pierre, Murmures, 1989 disponible \u00e0 la Galerie de l'Institut. Si vous \u00eates int\u00e9ress\u00e9.e.s par Cassigneul, Jean-Pierre, Murmures, 1989 merci de nous contacter \u00e0 contact@galerie-institut.com","robots":{"index":"index","follow":"follow","max-snippet":"max-snippet:-1","max-image-preview":"max-image-preview:large","max-video-preview":"max-video-preview:-1"},"canonical":"https:\/\/galerie-institut.com\/en\/produit\/cassigneul-jean-pierre-murmures\/","og_locale":"en_US","og_type":"article","og_title":"Cassigneul, Jean-Pierre, Murmures, 1989 - Galerie Institut","og_description":"D\u00e9couvrez l'oeuvre Cassigneul, Jean-Pierre, Murmures, 1989 disponible \u00e0 la Galerie de l'Institut. Si vous \u00eates int\u00e9ress\u00e9.e.s par Cassigneul, Jean-Pierre, Murmures, 1989 merci de nous contacter \u00e0 contact@galerie-institut.com","og_url":"https:\/\/galerie-institut.com\/en\/produit\/cassigneul-jean-pierre-murmures\/","og_site_name":"Galerie Institut","article_modified_time":"2025-11-21T16:42:02+00:00","og_image":[{"width":1000,"height":1000,"url":"https:\/\/galerie-institut.com\/wp-content\/uploads\/2021\/03\/Cassigneul_Jean_Pierre_Murmures.jpg","type":"image\/jpeg"}],"twitter_card":"summary_large_image","schema":{"@context":"https:\/\/schema.org","@graph":[{"@type":"WebPage","@id":"https:\/\/galerie-institut.com\/en\/produit\/cassigneul-jean-pierre-murmures\/","url":"https:\/\/galerie-institut.com\/en\/produit\/cassigneul-jean-pierre-murmures\/","name":"Cassigneul, Jean-Pierre, Murmures, 1989 - Galerie Institut","isPartOf":{"@id":"https:\/\/galerie-institut.com\/en\/#website"},"primaryImageOfPage":{"@id":"https:\/\/galerie-institut.com\/en\/produit\/cassigneul-jean-pierre-murmures\/#primaryimage"},"image":{"@id":"https:\/\/galerie-institut.com\/en\/produit\/cassigneul-jean-pierre-murmures\/#primaryimage"},"thumbnailUrl":"https:\/\/galerie-institut.com\/wp-content\/uploads\/2021\/03\/Cassigneul_Jean_Pierre_Murmures.jpg","datePublished":"2021-03-03T16:18:53+00:00","dateModified":"2025-11-21T16:42:02+00:00","description":"D\u00e9couvrez l'oeuvre Cassigneul, Jean-Pierre, Murmures, 1989 disponible \u00e0 la Galerie de l'Institut. Si vous \u00eates int\u00e9ress\u00e9.e.s par Cassigneul, Jean-Pierre, Murmures, 1989 merci de nous contacter \u00e0 contact@galerie-institut.com","breadcrumb":{"@id":"https:\/\/galerie-institut.com\/en\/produit\/cassigneul-jean-pierre-murmures\/#breadcrumb"},"inLanguage":"en-US","potentialAction":[{"@type":"ReadAction","target":["https:\/\/galerie-institut.com\/en\/produit\/cassigneul-jean-pierre-murmures\/"]}]},{"@type":"ImageObject","inLanguage":"en-US","@id":"https:\/\/galerie-institut.com\/en\/produit\/cassigneul-jean-pierre-murmures\/#primaryimage","url":"https:\/\/galerie-institut.com\/wp-content\/uploads\/2021\/03\/Cassigneul_Jean_Pierre_Murmures.jpg","contentUrl":"https:\/\/galerie-institut.com\/wp-content\/uploads\/2021\/03\/Cassigneul_Jean_Pierre_Murmures.jpg","width":1000,"height":1000},{"@type":"BreadcrumbList","@id":"https:\/\/galerie-institut.com\/en\/produit\/cassigneul-jean-pierre-murmures\/#breadcrumb","itemListElement":[{"@type":"ListItem","position":1,"name":"Accueil","item":"https:\/\/galerie-institut.com\/en\/accueil\/"},{"@type":"ListItem","position":2,"name":"Boutique","item":"https:\/\/galerie-institut.com\/?page_id=8607"},{"@type":"ListItem","position":3,"name":"Cassigneul, Jean-Pierre, Murmures, 1989"}]},{"@type":"WebSite","@id":"https:\/\/galerie-institut.com\/en\/#website","url":"https:\/\/galerie-institut.com\/en\/","name":"Galerie Institut","description":"","potentialAction":[{"@type":"SearchAction","target":{"@type":"EntryPoint","urlTemplate":"https:\/\/galerie-institut.com\/en\/?s={search_term_string}"},"query-input":{"@type":"PropertyValueSpecification","valueRequired":true,"valueName":"search_term_string"}}],"inLanguage":"en-US"}]}},"_links":{"self":[{"href":"https:\/\/galerie-institut.com\/en\/wp-json\/wp\/v2\/product\/17573","targetHints":{"allow":["GET"]}}],"collection":[{"href":"https:\/\/galerie-institut.com\/en\/wp-json\/wp\/v2\/product"}],"about":[{"href":"https:\/\/galerie-institut.com\/en\/wp-json\/wp\/v2\/types\/product"}],"replies":[{"embeddable":true,"href":"https:\/\/galerie-institut.com\/en\/wp-json\/wp\/v2\/comments?post=17573"}],"wp:featuredmedia":[{"embeddable":true,"href":"https:\/\/galerie-institut.com\/en\/wp-json\/wp\/v2\/media\/17575"}],"wp:attachment":[{"href":"https:\/\/galerie-institut.com\/en\/wp-json\/wp\/v2\/media?parent=17573"}],"wp:term":[{"taxonomy":"product_brand","embeddable":true,"href":"https:\/\/galerie-institut.com\/en\/wp-json\/wp\/v2\/product_brand?post=17573"},{"taxonomy":"product_cat","embeddable":true,"href":"https:\/\/galerie-institut.com\/en\/wp-json\/wp\/v2\/product_cat?post=17573"},{"taxonomy":"product_tag","embeddable":true,"href":"https:\/\/galerie-institut.com\/en\/wp-json\/wp\/v2\/product_tag?post=17573"}],"curies":[{"name":"wp","href":"https:\/\/api.w.org\/{rel}","templated":true}]}}