{"id":17571,"date":"2021-09-29T15:47:20","date_gmt":"2021-09-29T15:47:20","guid":{"rendered":"https:\/\/galerie-institut.com\/produit\/georges-braque-pal-bass-bottle-and-glass-on-a-table-1911\/"},"modified":"2025-11-21T16:41:56","modified_gmt":"2025-11-21T16:41:56","slug":"georges-braque-pal-bass","status":"publish","type":"product","link":"https:\/\/galerie-institut.com\/en\/produit\/georges-braque-pal-bass\/","title":{"rendered":"Georges, Braque, Pal (Bass bottle and glass on a table), 1911"},"content":{"rendered":"<p>1911<\/p>\n<p>Original etching in black on Arches paper<\/p>\n<p>66 x 50.5 cm<\/p>\n<p>Annotated in pencil lower left &#8220;H.C 4\/6&#8221;, signed by the artist in pencil lower right<\/p>\n<p>Tirage Georges Visat, 1950; Maeght \u00e9diteur, Paris<\/p>\n<p>Catalogue raisonn\u00e9: Vallier 7<\/p>\n<p>\u00a9Succession Picasso 2024<\/p>\n","protected":false},"excerpt":{"rendered":"<p>Pal (Bass bottle and glass on a table) the title is given by the inscription Pal, which is the truncated name of Pale Ale beer (Dora Vallier &#8211; Braque L&#8217;oeuvre grav\u00e9 &#8211; catalog raisonn\u00e9). In an oval composition, Braque places a bottle, discernible by its label, on a table with a glass, an extreme simplification of the object in a geometric form. This is what Georges Braque was looking for in Cubism. This period, from 1907 to 1914, more or less, saw exchanges with artists such as <a href=\"https:\/\/galerie-institut.com\/artistes\/pablo-picasso\/\">Pablo Picasso<\/a>.   <\/p>\n","protected":false},"featured_media":17572,"comment_status":"open","ping_status":"closed","template":"","meta":{"_et_pb_use_builder":"","_et_pb_old_content":"","_et_gb_content_width":""},"product_brand":[],"product_cat":[300,267],"product_tag":[174],"class_list":{"0":"post-17571","1":"product","2":"type-product","3":"status-publish","4":"has-post-thumbnail","6":"product_cat-braque","7":"product_cat-estampes","8":"product_tag-etching","10":"first","11":"instock","12":"shipping-taxable","13":"product-type-simple"},"yoast_head":"<!-- This site is optimized with the Yoast SEO plugin v27.4 - https:\/\/yoast.com\/product\/yoast-seo-wordpress\/ -->\n<title>Georges, Braque, Pal (Bass bottle and glass on a table), 1911 - Galerie Institut<\/title>\n<meta name=\"description\" content=\"D\u00e9couvrez l&#039;oeuvre Georges, Braque, Pal (Bass bottle and glass on a table), 1911 disponible \u00e0 la Galerie de l&#039;Institut. Si vous \u00eates int\u00e9ress\u00e9.e.s par Georges, Braque, Pal (Bass bottle and glass on a table), 1911 merci de nous contacter \u00e0 contact@galerie-institut.com\" \/>\n<meta name=\"robots\" content=\"index, follow, max-snippet:-1, max-image-preview:large, max-video-preview:-1\" \/>\n<link rel=\"canonical\" href=\"https:\/\/galerie-institut.com\/en\/produit\/georges-braque-pal-bass\/\" \/>\n<meta property=\"og:locale\" content=\"en_US\" \/>\n<meta property=\"og:type\" content=\"article\" \/>\n<meta property=\"og:title\" content=\"Georges, Braque, Pal (Bass bottle and glass on a table), 1911 - Galerie Institut\" \/>\n<meta property=\"og:description\" content=\"D\u00e9couvrez l&#039;oeuvre Georges, Braque, Pal (Bass bottle and glass on a table), 1911 disponible \u00e0 la Galerie de l&#039;Institut. Si vous \u00eates int\u00e9ress\u00e9.e.s par Georges, Braque, Pal (Bass bottle and glass on a table), 1911 merci de nous contacter \u00e0 contact@galerie-institut.com\" \/>\n<meta property=\"og:url\" content=\"https:\/\/galerie-institut.com\/en\/produit\/georges-braque-pal-bass\/\" \/>\n<meta property=\"og:site_name\" content=\"Galerie Institut\" \/>\n<meta property=\"article:modified_time\" content=\"2025-11-21T16:41:56+00:00\" \/>\n<meta property=\"og:image\" content=\"https:\/\/galerie-institut.com\/wp-content\/uploads\/2021\/09\/braque-georges-1911-bass.jpg\" \/>\n\t<meta property=\"og:image:width\" content=\"1000\" \/>\n\t<meta property=\"og:image:height\" content=\"1000\" \/>\n\t<meta property=\"og:image:type\" content=\"image\/jpeg\" \/>\n<meta name=\"twitter:card\" content=\"summary_large_image\" \/>\n<script type=\"application\/ld+json\" class=\"yoast-schema-graph\">{\"@context\":\"https:\\\/\\\/schema.org\",\"@graph\":[{\"@type\":\"WebPage\",\"@id\":\"https:\\\/\\\/galerie-institut.com\\\/en\\\/produit\\\/georges-braque-pal-bass\\\/\",\"url\":\"https:\\\/\\\/galerie-institut.com\\\/en\\\/produit\\\/georges-braque-pal-bass\\\/\",\"name\":\"Georges, Braque, Pal (Bass bottle and glass on a table), 1911 - Galerie Institut\",\"isPartOf\":{\"@id\":\"https:\\\/\\\/galerie-institut.com\\\/en\\\/#website\"},\"primaryImageOfPage\":{\"@id\":\"https:\\\/\\\/galerie-institut.com\\\/en\\\/produit\\\/georges-braque-pal-bass\\\/#primaryimage\"},\"image\":{\"@id\":\"https:\\\/\\\/galerie-institut.com\\\/en\\\/produit\\\/georges-braque-pal-bass\\\/#primaryimage\"},\"thumbnailUrl\":\"https:\\\/\\\/galerie-institut.com\\\/wp-content\\\/uploads\\\/2021\\\/09\\\/braque-georges-1911-bass.jpg\",\"datePublished\":\"2021-09-29T15:47:20+00:00\",\"dateModified\":\"2025-11-21T16:41:56+00:00\",\"description\":\"D\u00e9couvrez l'oeuvre Georges, Braque, Pal (Bass bottle and glass on a table), 1911 disponible \u00e0 la Galerie de l'Institut. Si vous \u00eates int\u00e9ress\u00e9.e.s par Georges, Braque, Pal (Bass bottle and glass on a table), 1911 merci de nous contacter \u00e0 contact@galerie-institut.com\",\"breadcrumb\":{\"@id\":\"https:\\\/\\\/galerie-institut.com\\\/en\\\/produit\\\/georges-braque-pal-bass\\\/#breadcrumb\"},\"inLanguage\":\"en-US\",\"potentialAction\":[{\"@type\":\"ReadAction\",\"target\":[\"https:\\\/\\\/galerie-institut.com\\\/en\\\/produit\\\/georges-braque-pal-bass\\\/\"]}]},{\"@type\":\"ImageObject\",\"inLanguage\":\"en-US\",\"@id\":\"https:\\\/\\\/galerie-institut.com\\\/en\\\/produit\\\/georges-braque-pal-bass\\\/#primaryimage\",\"url\":\"https:\\\/\\\/galerie-institut.com\\\/wp-content\\\/uploads\\\/2021\\\/09\\\/braque-georges-1911-bass.jpg\",\"contentUrl\":\"https:\\\/\\\/galerie-institut.com\\\/wp-content\\\/uploads\\\/2021\\\/09\\\/braque-georges-1911-bass.jpg\",\"width\":1000,\"height\":1000,\"caption\":\"bass georges braque\"},{\"@type\":\"BreadcrumbList\",\"@id\":\"https:\\\/\\\/galerie-institut.com\\\/en\\\/produit\\\/georges-braque-pal-bass\\\/#breadcrumb\",\"itemListElement\":[{\"@type\":\"ListItem\",\"position\":1,\"name\":\"Accueil\",\"item\":\"https:\\\/\\\/galerie-institut.com\\\/en\\\/accueil\\\/\"},{\"@type\":\"ListItem\",\"position\":2,\"name\":\"Boutique\",\"item\":\"https:\\\/\\\/galerie-institut.com\\\/?page_id=8607\"},{\"@type\":\"ListItem\",\"position\":3,\"name\":\"Georges, Braque, Pal (Bass bottle and glass on a table), 1911\"}]},{\"@type\":\"WebSite\",\"@id\":\"https:\\\/\\\/galerie-institut.com\\\/en\\\/#website\",\"url\":\"https:\\\/\\\/galerie-institut.com\\\/en\\\/\",\"name\":\"Galerie Institut\",\"description\":\"\",\"potentialAction\":[{\"@type\":\"SearchAction\",\"target\":{\"@type\":\"EntryPoint\",\"urlTemplate\":\"https:\\\/\\\/galerie-institut.com\\\/en\\\/?s={search_term_string}\"},\"query-input\":{\"@type\":\"PropertyValueSpecification\",\"valueRequired\":true,\"valueName\":\"search_term_string\"}}],\"inLanguage\":\"en-US\"}]}<\/script>\n<!-- \/ Yoast SEO plugin. -->","yoast_head_json":{"title":"Georges, Braque, Pal (Bass bottle and glass on a table), 1911 - Galerie Institut","description":"D\u00e9couvrez l'oeuvre Georges, Braque, Pal (Bass bottle and glass on a table), 1911 disponible \u00e0 la Galerie de l'Institut. Si vous \u00eates int\u00e9ress\u00e9.e.s par Georges, Braque, Pal (Bass bottle and glass on a table), 1911 merci de nous contacter \u00e0 contact@galerie-institut.com","robots":{"index":"index","follow":"follow","max-snippet":"max-snippet:-1","max-image-preview":"max-image-preview:large","max-video-preview":"max-video-preview:-1"},"canonical":"https:\/\/galerie-institut.com\/en\/produit\/georges-braque-pal-bass\/","og_locale":"en_US","og_type":"article","og_title":"Georges, Braque, Pal (Bass bottle and glass on a table), 1911 - Galerie Institut","og_description":"D\u00e9couvrez l'oeuvre Georges, Braque, Pal (Bass bottle and glass on a table), 1911 disponible \u00e0 la Galerie de l'Institut. Si vous \u00eates int\u00e9ress\u00e9.e.s par Georges, Braque, Pal (Bass bottle and glass on a table), 1911 merci de nous contacter \u00e0 contact@galerie-institut.com","og_url":"https:\/\/galerie-institut.com\/en\/produit\/georges-braque-pal-bass\/","og_site_name":"Galerie Institut","article_modified_time":"2025-11-21T16:41:56+00:00","og_image":[{"width":1000,"height":1000,"url":"https:\/\/galerie-institut.com\/wp-content\/uploads\/2021\/09\/braque-georges-1911-bass.jpg","type":"image\/jpeg"}],"twitter_card":"summary_large_image","schema":{"@context":"https:\/\/schema.org","@graph":[{"@type":"WebPage","@id":"https:\/\/galerie-institut.com\/en\/produit\/georges-braque-pal-bass\/","url":"https:\/\/galerie-institut.com\/en\/produit\/georges-braque-pal-bass\/","name":"Georges, Braque, Pal (Bass bottle and glass on a table), 1911 - Galerie Institut","isPartOf":{"@id":"https:\/\/galerie-institut.com\/en\/#website"},"primaryImageOfPage":{"@id":"https:\/\/galerie-institut.com\/en\/produit\/georges-braque-pal-bass\/#primaryimage"},"image":{"@id":"https:\/\/galerie-institut.com\/en\/produit\/georges-braque-pal-bass\/#primaryimage"},"thumbnailUrl":"https:\/\/galerie-institut.com\/wp-content\/uploads\/2021\/09\/braque-georges-1911-bass.jpg","datePublished":"2021-09-29T15:47:20+00:00","dateModified":"2025-11-21T16:41:56+00:00","description":"D\u00e9couvrez l'oeuvre Georges, Braque, Pal (Bass bottle and glass on a table), 1911 disponible \u00e0 la Galerie de l'Institut. Si vous \u00eates int\u00e9ress\u00e9.e.s par Georges, Braque, Pal (Bass bottle and glass on a table), 1911 merci de nous contacter \u00e0 contact@galerie-institut.com","breadcrumb":{"@id":"https:\/\/galerie-institut.com\/en\/produit\/georges-braque-pal-bass\/#breadcrumb"},"inLanguage":"en-US","potentialAction":[{"@type":"ReadAction","target":["https:\/\/galerie-institut.com\/en\/produit\/georges-braque-pal-bass\/"]}]},{"@type":"ImageObject","inLanguage":"en-US","@id":"https:\/\/galerie-institut.com\/en\/produit\/georges-braque-pal-bass\/#primaryimage","url":"https:\/\/galerie-institut.com\/wp-content\/uploads\/2021\/09\/braque-georges-1911-bass.jpg","contentUrl":"https:\/\/galerie-institut.com\/wp-content\/uploads\/2021\/09\/braque-georges-1911-bass.jpg","width":1000,"height":1000,"caption":"bass georges braque"},{"@type":"BreadcrumbList","@id":"https:\/\/galerie-institut.com\/en\/produit\/georges-braque-pal-bass\/#breadcrumb","itemListElement":[{"@type":"ListItem","position":1,"name":"Accueil","item":"https:\/\/galerie-institut.com\/en\/accueil\/"},{"@type":"ListItem","position":2,"name":"Boutique","item":"https:\/\/galerie-institut.com\/?page_id=8607"},{"@type":"ListItem","position":3,"name":"Georges, Braque, Pal (Bass bottle and glass on a table), 1911"}]},{"@type":"WebSite","@id":"https:\/\/galerie-institut.com\/en\/#website","url":"https:\/\/galerie-institut.com\/en\/","name":"Galerie Institut","description":"","potentialAction":[{"@type":"SearchAction","target":{"@type":"EntryPoint","urlTemplate":"https:\/\/galerie-institut.com\/en\/?s={search_term_string}"},"query-input":{"@type":"PropertyValueSpecification","valueRequired":true,"valueName":"search_term_string"}}],"inLanguage":"en-US"}]}},"_links":{"self":[{"href":"https:\/\/galerie-institut.com\/en\/wp-json\/wp\/v2\/product\/17571","targetHints":{"allow":["GET"]}}],"collection":[{"href":"https:\/\/galerie-institut.com\/en\/wp-json\/wp\/v2\/product"}],"about":[{"href":"https:\/\/galerie-institut.com\/en\/wp-json\/wp\/v2\/types\/product"}],"replies":[{"embeddable":true,"href":"https:\/\/galerie-institut.com\/en\/wp-json\/wp\/v2\/comments?post=17571"}],"wp:featuredmedia":[{"embeddable":true,"href":"https:\/\/galerie-institut.com\/en\/wp-json\/wp\/v2\/media\/17572"}],"wp:attachment":[{"href":"https:\/\/galerie-institut.com\/en\/wp-json\/wp\/v2\/media?parent=17571"}],"wp:term":[{"taxonomy":"product_brand","embeddable":true,"href":"https:\/\/galerie-institut.com\/en\/wp-json\/wp\/v2\/product_brand?post=17571"},{"taxonomy":"product_cat","embeddable":true,"href":"https:\/\/galerie-institut.com\/en\/wp-json\/wp\/v2\/product_cat?post=17571"},{"taxonomy":"product_tag","embeddable":true,"href":"https:\/\/galerie-institut.com\/en\/wp-json\/wp\/v2\/product_tag?post=17571"}],"curies":[{"name":"wp","href":"https:\/\/api.w.org\/{rel}","templated":true}]}}