{"id":17567,"date":"2021-09-29T19:13:17","date_gmt":"2021-09-29T19:13:17","guid":{"rendered":"https:\/\/galerie-institut.com\/produit\/georges-braque-si-je-mourais-la-bas-p-31-1962\/"},"modified":"2025-11-21T16:41:55","modified_gmt":"2025-11-21T16:41:55","slug":"georges-braque-in-si-je-mourais-la-bas-p-31","status":"publish","type":"product","link":"https:\/\/galerie-institut.com\/en\/produit\/georges-braque-in-si-je-mourais-la-bas-p-31\/","title":{"rendered":"Georges, Braque, Si je mourais l\u00e0-bas (p.31), 1962"},"content":{"rendered":"<p>1962<\/p>\n<p>Original woodcut in color on pure wove paper for Guillaume Apollinaire&#8217;s <em>Si je mourrais l\u00e0-bas <\/em>, Paris, Louis Broder \u00e9diteur, 1962<\/p>\n<p>48 x 36 cm<\/p>\n<p>Numbered lower left in pencil on X, signed by the artist lower right<\/p>\n<p>Edition F\u00e9quet et Baudier, Paris<\/p>\n<p>Catalogue raisonn\u00e9 : Vallier 181<\/p>\n","protected":false},"excerpt":{"rendered":"<p><em>Si je mourais l\u00e0-bas <\/em>is a poem from Guillaume Apollinaire&#8217;s collection <em>Po\u00e8mes \u00e0 Lou<\/em>, written in 1915, in which the poet imagines his death at the front and confides in his beloved. In the book, illustrated by Georges Braque, 11 poems are illustrated with 18 original woodcuts by the artist. This woodcut, depicting flowers and foliage, is a signed and numbered large-margin proof.  <\/p>\n","protected":false},"featured_media":17568,"comment_status":"open","ping_status":"closed","template":"","meta":{"_et_pb_use_builder":"","_et_pb_old_content":"","_et_gb_content_width":""},"product_brand":[],"product_cat":[300,267],"product_tag":[297,268],"class_list":{"0":"post-17567","1":"product","2":"type-product","3":"status-publish","4":"has-post-thumbnail","6":"product_cat-braque","7":"product_cat-estampes","8":"product_tag-engraving","9":"product_tag-print","11":"first","12":"instock","13":"shipping-taxable","14":"product-type-simple"},"yoast_head":"<!-- This site is optimized with the Yoast SEO plugin v27.4 - https:\/\/yoast.com\/product\/yoast-seo-wordpress\/ -->\n<title>Georges, Braque, Si je mourais l\u00e0-bas (p.31), 1962 - Galerie Institut<\/title>\n<meta name=\"description\" content=\"D\u00e9couvrez l&#039;oeuvre Georges, Braque, Si je mourais l\u00e0-bas (p.31), 1962 disponible \u00e0 la Galerie de l&#039;Institut. Si vous \u00eates int\u00e9ress\u00e9.e.s par Georges, Braque, Si je mourais l\u00e0-bas (p.31), 1962 merci de nous contacter \u00e0 contact@galerie-institut.com\" \/>\n<meta name=\"robots\" content=\"index, follow, max-snippet:-1, max-image-preview:large, max-video-preview:-1\" \/>\n<link rel=\"canonical\" href=\"https:\/\/galerie-institut.com\/en\/produit\/georges-braque-in-si-je-mourais-la-bas-p-31\/\" \/>\n<meta property=\"og:locale\" content=\"en_US\" \/>\n<meta property=\"og:type\" content=\"article\" \/>\n<meta property=\"og:title\" content=\"Georges, Braque, Si je mourais l\u00e0-bas (p.31), 1962 - Galerie Institut\" \/>\n<meta property=\"og:description\" content=\"D\u00e9couvrez l&#039;oeuvre Georges, Braque, Si je mourais l\u00e0-bas (p.31), 1962 disponible \u00e0 la Galerie de l&#039;Institut. Si vous \u00eates int\u00e9ress\u00e9.e.s par Georges, Braque, Si je mourais l\u00e0-bas (p.31), 1962 merci de nous contacter \u00e0 contact@galerie-institut.com\" \/>\n<meta property=\"og:url\" content=\"https:\/\/galerie-institut.com\/en\/produit\/georges-braque-in-si-je-mourais-la-bas-p-31\/\" \/>\n<meta property=\"og:site_name\" content=\"Galerie Institut\" \/>\n<meta property=\"article:modified_time\" content=\"2025-11-21T16:41:55+00:00\" \/>\n<meta property=\"og:image\" content=\"https:\/\/galerie-institut.com\/wp-content\/uploads\/2021\/09\/braque-georges-1962-in-si-je-mourais-la-bas-p31.jpg\" \/>\n\t<meta property=\"og:image:width\" content=\"1000\" \/>\n\t<meta property=\"og:image:height\" content=\"1000\" \/>\n\t<meta property=\"og:image:type\" content=\"image\/jpeg\" \/>\n<meta name=\"twitter:card\" content=\"summary_large_image\" \/>\n<script type=\"application\/ld+json\" class=\"yoast-schema-graph\">{\"@context\":\"https:\\\/\\\/schema.org\",\"@graph\":[{\"@type\":\"WebPage\",\"@id\":\"https:\\\/\\\/galerie-institut.com\\\/en\\\/produit\\\/georges-braque-in-si-je-mourais-la-bas-p-31\\\/\",\"url\":\"https:\\\/\\\/galerie-institut.com\\\/en\\\/produit\\\/georges-braque-in-si-je-mourais-la-bas-p-31\\\/\",\"name\":\"Georges, Braque, Si je mourais l\u00e0-bas (p.31), 1962 - Galerie Institut\",\"isPartOf\":{\"@id\":\"https:\\\/\\\/galerie-institut.com\\\/en\\\/#website\"},\"primaryImageOfPage\":{\"@id\":\"https:\\\/\\\/galerie-institut.com\\\/en\\\/produit\\\/georges-braque-in-si-je-mourais-la-bas-p-31\\\/#primaryimage\"},\"image\":{\"@id\":\"https:\\\/\\\/galerie-institut.com\\\/en\\\/produit\\\/georges-braque-in-si-je-mourais-la-bas-p-31\\\/#primaryimage\"},\"thumbnailUrl\":\"https:\\\/\\\/galerie-institut.com\\\/wp-content\\\/uploads\\\/2021\\\/09\\\/braque-georges-1962-in-si-je-mourais-la-bas-p31.jpg\",\"datePublished\":\"2021-09-29T19:13:17+00:00\",\"dateModified\":\"2025-11-21T16:41:55+00:00\",\"description\":\"D\u00e9couvrez l'oeuvre Georges, Braque, Si je mourais l\u00e0-bas (p.31), 1962 disponible \u00e0 la Galerie de l'Institut. Si vous \u00eates int\u00e9ress\u00e9.e.s par Georges, Braque, Si je mourais l\u00e0-bas (p.31), 1962 merci de nous contacter \u00e0 contact@galerie-institut.com\",\"breadcrumb\":{\"@id\":\"https:\\\/\\\/galerie-institut.com\\\/en\\\/produit\\\/georges-braque-in-si-je-mourais-la-bas-p-31\\\/#breadcrumb\"},\"inLanguage\":\"en-US\",\"potentialAction\":[{\"@type\":\"ReadAction\",\"target\":[\"https:\\\/\\\/galerie-institut.com\\\/en\\\/produit\\\/georges-braque-in-si-je-mourais-la-bas-p-31\\\/\"]}]},{\"@type\":\"ImageObject\",\"inLanguage\":\"en-US\",\"@id\":\"https:\\\/\\\/galerie-institut.com\\\/en\\\/produit\\\/georges-braque-in-si-je-mourais-la-bas-p-31\\\/#primaryimage\",\"url\":\"https:\\\/\\\/galerie-institut.com\\\/wp-content\\\/uploads\\\/2021\\\/09\\\/braque-georges-1962-in-si-je-mourais-la-bas-p31.jpg\",\"contentUrl\":\"https:\\\/\\\/galerie-institut.com\\\/wp-content\\\/uploads\\\/2021\\\/09\\\/braque-georges-1962-in-si-je-mourais-la-bas-p31.jpg\",\"width\":1000,\"height\":1000},{\"@type\":\"BreadcrumbList\",\"@id\":\"https:\\\/\\\/galerie-institut.com\\\/en\\\/produit\\\/georges-braque-in-si-je-mourais-la-bas-p-31\\\/#breadcrumb\",\"itemListElement\":[{\"@type\":\"ListItem\",\"position\":1,\"name\":\"Accueil\",\"item\":\"https:\\\/\\\/galerie-institut.com\\\/en\\\/accueil\\\/\"},{\"@type\":\"ListItem\",\"position\":2,\"name\":\"Boutique\",\"item\":\"https:\\\/\\\/galerie-institut.com\\\/?page_id=8607\"},{\"@type\":\"ListItem\",\"position\":3,\"name\":\"Georges, Braque, Si je mourais l\u00e0-bas (p.31), 1962\"}]},{\"@type\":\"WebSite\",\"@id\":\"https:\\\/\\\/galerie-institut.com\\\/en\\\/#website\",\"url\":\"https:\\\/\\\/galerie-institut.com\\\/en\\\/\",\"name\":\"Galerie Institut\",\"description\":\"\",\"potentialAction\":[{\"@type\":\"SearchAction\",\"target\":{\"@type\":\"EntryPoint\",\"urlTemplate\":\"https:\\\/\\\/galerie-institut.com\\\/en\\\/?s={search_term_string}\"},\"query-input\":{\"@type\":\"PropertyValueSpecification\",\"valueRequired\":true,\"valueName\":\"search_term_string\"}}],\"inLanguage\":\"en-US\"}]}<\/script>\n<!-- \/ Yoast SEO plugin. -->","yoast_head_json":{"title":"Georges, Braque, Si je mourais l\u00e0-bas (p.31), 1962 - Galerie Institut","description":"D\u00e9couvrez l'oeuvre Georges, Braque, Si je mourais l\u00e0-bas (p.31), 1962 disponible \u00e0 la Galerie de l'Institut. Si vous \u00eates int\u00e9ress\u00e9.e.s par Georges, Braque, Si je mourais l\u00e0-bas (p.31), 1962 merci de nous contacter \u00e0 contact@galerie-institut.com","robots":{"index":"index","follow":"follow","max-snippet":"max-snippet:-1","max-image-preview":"max-image-preview:large","max-video-preview":"max-video-preview:-1"},"canonical":"https:\/\/galerie-institut.com\/en\/produit\/georges-braque-in-si-je-mourais-la-bas-p-31\/","og_locale":"en_US","og_type":"article","og_title":"Georges, Braque, Si je mourais l\u00e0-bas (p.31), 1962 - Galerie Institut","og_description":"D\u00e9couvrez l'oeuvre Georges, Braque, Si je mourais l\u00e0-bas (p.31), 1962 disponible \u00e0 la Galerie de l'Institut. Si vous \u00eates int\u00e9ress\u00e9.e.s par Georges, Braque, Si je mourais l\u00e0-bas (p.31), 1962 merci de nous contacter \u00e0 contact@galerie-institut.com","og_url":"https:\/\/galerie-institut.com\/en\/produit\/georges-braque-in-si-je-mourais-la-bas-p-31\/","og_site_name":"Galerie Institut","article_modified_time":"2025-11-21T16:41:55+00:00","og_image":[{"width":1000,"height":1000,"url":"https:\/\/galerie-institut.com\/wp-content\/uploads\/2021\/09\/braque-georges-1962-in-si-je-mourais-la-bas-p31.jpg","type":"image\/jpeg"}],"twitter_card":"summary_large_image","schema":{"@context":"https:\/\/schema.org","@graph":[{"@type":"WebPage","@id":"https:\/\/galerie-institut.com\/en\/produit\/georges-braque-in-si-je-mourais-la-bas-p-31\/","url":"https:\/\/galerie-institut.com\/en\/produit\/georges-braque-in-si-je-mourais-la-bas-p-31\/","name":"Georges, Braque, Si je mourais l\u00e0-bas (p.31), 1962 - Galerie Institut","isPartOf":{"@id":"https:\/\/galerie-institut.com\/en\/#website"},"primaryImageOfPage":{"@id":"https:\/\/galerie-institut.com\/en\/produit\/georges-braque-in-si-je-mourais-la-bas-p-31\/#primaryimage"},"image":{"@id":"https:\/\/galerie-institut.com\/en\/produit\/georges-braque-in-si-je-mourais-la-bas-p-31\/#primaryimage"},"thumbnailUrl":"https:\/\/galerie-institut.com\/wp-content\/uploads\/2021\/09\/braque-georges-1962-in-si-je-mourais-la-bas-p31.jpg","datePublished":"2021-09-29T19:13:17+00:00","dateModified":"2025-11-21T16:41:55+00:00","description":"D\u00e9couvrez l'oeuvre Georges, Braque, Si je mourais l\u00e0-bas (p.31), 1962 disponible \u00e0 la Galerie de l'Institut. Si vous \u00eates int\u00e9ress\u00e9.e.s par Georges, Braque, Si je mourais l\u00e0-bas (p.31), 1962 merci de nous contacter \u00e0 contact@galerie-institut.com","breadcrumb":{"@id":"https:\/\/galerie-institut.com\/en\/produit\/georges-braque-in-si-je-mourais-la-bas-p-31\/#breadcrumb"},"inLanguage":"en-US","potentialAction":[{"@type":"ReadAction","target":["https:\/\/galerie-institut.com\/en\/produit\/georges-braque-in-si-je-mourais-la-bas-p-31\/"]}]},{"@type":"ImageObject","inLanguage":"en-US","@id":"https:\/\/galerie-institut.com\/en\/produit\/georges-braque-in-si-je-mourais-la-bas-p-31\/#primaryimage","url":"https:\/\/galerie-institut.com\/wp-content\/uploads\/2021\/09\/braque-georges-1962-in-si-je-mourais-la-bas-p31.jpg","contentUrl":"https:\/\/galerie-institut.com\/wp-content\/uploads\/2021\/09\/braque-georges-1962-in-si-je-mourais-la-bas-p31.jpg","width":1000,"height":1000},{"@type":"BreadcrumbList","@id":"https:\/\/galerie-institut.com\/en\/produit\/georges-braque-in-si-je-mourais-la-bas-p-31\/#breadcrumb","itemListElement":[{"@type":"ListItem","position":1,"name":"Accueil","item":"https:\/\/galerie-institut.com\/en\/accueil\/"},{"@type":"ListItem","position":2,"name":"Boutique","item":"https:\/\/galerie-institut.com\/?page_id=8607"},{"@type":"ListItem","position":3,"name":"Georges, Braque, Si je mourais l\u00e0-bas (p.31), 1962"}]},{"@type":"WebSite","@id":"https:\/\/galerie-institut.com\/en\/#website","url":"https:\/\/galerie-institut.com\/en\/","name":"Galerie Institut","description":"","potentialAction":[{"@type":"SearchAction","target":{"@type":"EntryPoint","urlTemplate":"https:\/\/galerie-institut.com\/en\/?s={search_term_string}"},"query-input":{"@type":"PropertyValueSpecification","valueRequired":true,"valueName":"search_term_string"}}],"inLanguage":"en-US"}]}},"_links":{"self":[{"href":"https:\/\/galerie-institut.com\/en\/wp-json\/wp\/v2\/product\/17567","targetHints":{"allow":["GET"]}}],"collection":[{"href":"https:\/\/galerie-institut.com\/en\/wp-json\/wp\/v2\/product"}],"about":[{"href":"https:\/\/galerie-institut.com\/en\/wp-json\/wp\/v2\/types\/product"}],"replies":[{"embeddable":true,"href":"https:\/\/galerie-institut.com\/en\/wp-json\/wp\/v2\/comments?post=17567"}],"wp:featuredmedia":[{"embeddable":true,"href":"https:\/\/galerie-institut.com\/en\/wp-json\/wp\/v2\/media\/17568"}],"wp:attachment":[{"href":"https:\/\/galerie-institut.com\/en\/wp-json\/wp\/v2\/media?parent=17567"}],"wp:term":[{"taxonomy":"product_brand","embeddable":true,"href":"https:\/\/galerie-institut.com\/en\/wp-json\/wp\/v2\/product_brand?post=17567"},{"taxonomy":"product_cat","embeddable":true,"href":"https:\/\/galerie-institut.com\/en\/wp-json\/wp\/v2\/product_cat?post=17567"},{"taxonomy":"product_tag","embeddable":true,"href":"https:\/\/galerie-institut.com\/en\/wp-json\/wp\/v2\/product_tag?post=17567"}],"curies":[{"name":"wp","href":"https:\/\/api.w.org\/{rel}","templated":true}]}}