{"id":17558,"date":"2021-09-29T19:30:06","date_gmt":"2021-09-29T19:30:06","guid":{"rendered":"https:\/\/galerie-institut.com\/produit\/georges-braque-archery-1960\/"},"modified":"2025-11-21T16:41:54","modified_gmt":"2025-11-21T16:41:54","slug":"georges-braque-le-tir-a-larc","status":"publish","type":"product","link":"https:\/\/galerie-institut.com\/en\/produit\/georges-braque-le-tir-a-larc\/","title":{"rendered":"Georges, Braque, Archery, 1960"},"content":{"rendered":"<p>1960<\/p>\n<p>Illustrated book in sheets<\/p>\n<p>23 x 16 cm<\/p>\n<p>Texts by D.T. Suzuki, E. Herrigel and G. Braque, Louis Broder \u00e9diteur, Paris, 1960, including eight original color lithographs, an original etching on the cover, two original woodcuts on the protective pages at the beginning and end of the volume. <\/p>\n<p>Catalog raisonn\u00e9 : Vallier 153<\/p>\n<p>&nbsp;<\/p>\n","protected":false},"excerpt":{"rendered":"<p>In the catalog presenting the Tir \u00e0 l&#8217;arc exhibition at Galerie G\u00e9rald Cramer in May 1960, Jean Paulhan wrote: &#8220;&#8230;. In my opinion, it is one of these signs, and the most pressing, that the meeting, at this extreme point where art and life merge, of a Japanese Zen master, a German philosopher and a French painter&#8230;&#8221;. Like a dialogue between these texts and Georges Braque&#8217;s aphorisms and thoughts, the book is illustrated by the artist with lithographs, etchings and woodcuts.<\/p>\n","protected":false},"featured_media":17560,"comment_status":"open","ping_status":"closed","template":"","meta":{"_et_pb_use_builder":"","_et_pb_old_content":"","_et_gb_content_width":""},"product_brand":[],"product_cat":[300,282],"product_tag":[283],"class_list":{"0":"post-17558","1":"product","2":"type-product","3":"status-publish","4":"has-post-thumbnail","6":"product_cat-braque","7":"product_cat-illustrated-books","8":"product_tag-book","10":"first","11":"instock","12":"shipping-taxable","13":"product-type-simple"},"yoast_head":"<!-- This site is optimized with the Yoast SEO plugin v27.4 - https:\/\/yoast.com\/product\/yoast-seo-wordpress\/ -->\n<title>Georges, Braque, Archery, 1960 - Galerie Institut<\/title>\n<meta name=\"description\" content=\"D\u00e9couvrez l&#039;oeuvre Georges, Braque, Archery, 1960 disponible \u00e0 la Galerie de l&#039;Institut. Si vous \u00eates int\u00e9ress\u00e9.e.s par Georges, Braque, Archery, 1960 merci de nous contacter \u00e0 contact@galerie-institut.com\" \/>\n<meta name=\"robots\" content=\"index, follow, max-snippet:-1, max-image-preview:large, max-video-preview:-1\" \/>\n<link rel=\"canonical\" href=\"https:\/\/galerie-institut.com\/en\/produit\/georges-braque-le-tir-a-larc\/\" \/>\n<meta property=\"og:locale\" content=\"en_US\" \/>\n<meta property=\"og:type\" content=\"article\" \/>\n<meta property=\"og:title\" content=\"Georges, Braque, Archery, 1960 - Galerie Institut\" \/>\n<meta property=\"og:description\" content=\"D\u00e9couvrez l&#039;oeuvre Georges, Braque, Archery, 1960 disponible \u00e0 la Galerie de l&#039;Institut. Si vous \u00eates int\u00e9ress\u00e9.e.s par Georges, Braque, Archery, 1960 merci de nous contacter \u00e0 contact@galerie-institut.com\" \/>\n<meta property=\"og:url\" content=\"https:\/\/galerie-institut.com\/en\/produit\/georges-braque-le-tir-a-larc\/\" \/>\n<meta property=\"og:site_name\" content=\"Galerie Institut\" \/>\n<meta property=\"article:modified_time\" content=\"2025-11-21T16:41:54+00:00\" \/>\n<meta property=\"og:image\" content=\"https:\/\/galerie-institut.com\/wp-content\/uploads\/2021\/09\/braque-georges-1960-le-tir-a-l_arc.jpg\" \/>\n\t<meta property=\"og:image:width\" content=\"1000\" \/>\n\t<meta property=\"og:image:height\" content=\"1000\" \/>\n\t<meta property=\"og:image:type\" content=\"image\/jpeg\" \/>\n<meta name=\"twitter:card\" content=\"summary_large_image\" \/>\n<script type=\"application\/ld+json\" class=\"yoast-schema-graph\">{\"@context\":\"https:\\\/\\\/schema.org\",\"@graph\":[{\"@type\":\"WebPage\",\"@id\":\"https:\\\/\\\/galerie-institut.com\\\/en\\\/produit\\\/georges-braque-le-tir-a-larc\\\/\",\"url\":\"https:\\\/\\\/galerie-institut.com\\\/en\\\/produit\\\/georges-braque-le-tir-a-larc\\\/\",\"name\":\"Georges, Braque, Archery, 1960 - Galerie Institut\",\"isPartOf\":{\"@id\":\"https:\\\/\\\/galerie-institut.com\\\/en\\\/#website\"},\"primaryImageOfPage\":{\"@id\":\"https:\\\/\\\/galerie-institut.com\\\/en\\\/produit\\\/georges-braque-le-tir-a-larc\\\/#primaryimage\"},\"image\":{\"@id\":\"https:\\\/\\\/galerie-institut.com\\\/en\\\/produit\\\/georges-braque-le-tir-a-larc\\\/#primaryimage\"},\"thumbnailUrl\":\"https:\\\/\\\/galerie-institut.com\\\/wp-content\\\/uploads\\\/2021\\\/09\\\/braque-georges-1960-le-tir-a-l_arc.jpg\",\"datePublished\":\"2021-09-29T19:30:06+00:00\",\"dateModified\":\"2025-11-21T16:41:54+00:00\",\"description\":\"D\u00e9couvrez l'oeuvre Georges, Braque, Archery, 1960 disponible \u00e0 la Galerie de l'Institut. Si vous \u00eates int\u00e9ress\u00e9.e.s par Georges, Braque, Archery, 1960 merci de nous contacter \u00e0 contact@galerie-institut.com\",\"breadcrumb\":{\"@id\":\"https:\\\/\\\/galerie-institut.com\\\/en\\\/produit\\\/georges-braque-le-tir-a-larc\\\/#breadcrumb\"},\"inLanguage\":\"en-US\",\"potentialAction\":[{\"@type\":\"ReadAction\",\"target\":[\"https:\\\/\\\/galerie-institut.com\\\/en\\\/produit\\\/georges-braque-le-tir-a-larc\\\/\"]}]},{\"@type\":\"ImageObject\",\"inLanguage\":\"en-US\",\"@id\":\"https:\\\/\\\/galerie-institut.com\\\/en\\\/produit\\\/georges-braque-le-tir-a-larc\\\/#primaryimage\",\"url\":\"https:\\\/\\\/galerie-institut.com\\\/wp-content\\\/uploads\\\/2021\\\/09\\\/braque-georges-1960-le-tir-a-l_arc.jpg\",\"contentUrl\":\"https:\\\/\\\/galerie-institut.com\\\/wp-content\\\/uploads\\\/2021\\\/09\\\/braque-georges-1960-le-tir-a-l_arc.jpg\",\"width\":1000,\"height\":1000},{\"@type\":\"BreadcrumbList\",\"@id\":\"https:\\\/\\\/galerie-institut.com\\\/en\\\/produit\\\/georges-braque-le-tir-a-larc\\\/#breadcrumb\",\"itemListElement\":[{\"@type\":\"ListItem\",\"position\":1,\"name\":\"Accueil\",\"item\":\"https:\\\/\\\/galerie-institut.com\\\/en\\\/accueil\\\/\"},{\"@type\":\"ListItem\",\"position\":2,\"name\":\"Boutique\",\"item\":\"https:\\\/\\\/galerie-institut.com\\\/?page_id=8607\"},{\"@type\":\"ListItem\",\"position\":3,\"name\":\"Georges, Braque, Archery, 1960\"}]},{\"@type\":\"WebSite\",\"@id\":\"https:\\\/\\\/galerie-institut.com\\\/en\\\/#website\",\"url\":\"https:\\\/\\\/galerie-institut.com\\\/en\\\/\",\"name\":\"Galerie Institut\",\"description\":\"\",\"potentialAction\":[{\"@type\":\"SearchAction\",\"target\":{\"@type\":\"EntryPoint\",\"urlTemplate\":\"https:\\\/\\\/galerie-institut.com\\\/en\\\/?s={search_term_string}\"},\"query-input\":{\"@type\":\"PropertyValueSpecification\",\"valueRequired\":true,\"valueName\":\"search_term_string\"}}],\"inLanguage\":\"en-US\"}]}<\/script>\n<!-- \/ Yoast SEO plugin. -->","yoast_head_json":{"title":"Georges, Braque, Archery, 1960 - Galerie Institut","description":"D\u00e9couvrez l'oeuvre Georges, Braque, Archery, 1960 disponible \u00e0 la Galerie de l'Institut. Si vous \u00eates int\u00e9ress\u00e9.e.s par Georges, Braque, Archery, 1960 merci de nous contacter \u00e0 contact@galerie-institut.com","robots":{"index":"index","follow":"follow","max-snippet":"max-snippet:-1","max-image-preview":"max-image-preview:large","max-video-preview":"max-video-preview:-1"},"canonical":"https:\/\/galerie-institut.com\/en\/produit\/georges-braque-le-tir-a-larc\/","og_locale":"en_US","og_type":"article","og_title":"Georges, Braque, Archery, 1960 - Galerie Institut","og_description":"D\u00e9couvrez l'oeuvre Georges, Braque, Archery, 1960 disponible \u00e0 la Galerie de l'Institut. Si vous \u00eates int\u00e9ress\u00e9.e.s par Georges, Braque, Archery, 1960 merci de nous contacter \u00e0 contact@galerie-institut.com","og_url":"https:\/\/galerie-institut.com\/en\/produit\/georges-braque-le-tir-a-larc\/","og_site_name":"Galerie Institut","article_modified_time":"2025-11-21T16:41:54+00:00","og_image":[{"width":1000,"height":1000,"url":"https:\/\/galerie-institut.com\/wp-content\/uploads\/2021\/09\/braque-georges-1960-le-tir-a-l_arc.jpg","type":"image\/jpeg"}],"twitter_card":"summary_large_image","schema":{"@context":"https:\/\/schema.org","@graph":[{"@type":"WebPage","@id":"https:\/\/galerie-institut.com\/en\/produit\/georges-braque-le-tir-a-larc\/","url":"https:\/\/galerie-institut.com\/en\/produit\/georges-braque-le-tir-a-larc\/","name":"Georges, Braque, Archery, 1960 - Galerie Institut","isPartOf":{"@id":"https:\/\/galerie-institut.com\/en\/#website"},"primaryImageOfPage":{"@id":"https:\/\/galerie-institut.com\/en\/produit\/georges-braque-le-tir-a-larc\/#primaryimage"},"image":{"@id":"https:\/\/galerie-institut.com\/en\/produit\/georges-braque-le-tir-a-larc\/#primaryimage"},"thumbnailUrl":"https:\/\/galerie-institut.com\/wp-content\/uploads\/2021\/09\/braque-georges-1960-le-tir-a-l_arc.jpg","datePublished":"2021-09-29T19:30:06+00:00","dateModified":"2025-11-21T16:41:54+00:00","description":"D\u00e9couvrez l'oeuvre Georges, Braque, Archery, 1960 disponible \u00e0 la Galerie de l'Institut. Si vous \u00eates int\u00e9ress\u00e9.e.s par Georges, Braque, Archery, 1960 merci de nous contacter \u00e0 contact@galerie-institut.com","breadcrumb":{"@id":"https:\/\/galerie-institut.com\/en\/produit\/georges-braque-le-tir-a-larc\/#breadcrumb"},"inLanguage":"en-US","potentialAction":[{"@type":"ReadAction","target":["https:\/\/galerie-institut.com\/en\/produit\/georges-braque-le-tir-a-larc\/"]}]},{"@type":"ImageObject","inLanguage":"en-US","@id":"https:\/\/galerie-institut.com\/en\/produit\/georges-braque-le-tir-a-larc\/#primaryimage","url":"https:\/\/galerie-institut.com\/wp-content\/uploads\/2021\/09\/braque-georges-1960-le-tir-a-l_arc.jpg","contentUrl":"https:\/\/galerie-institut.com\/wp-content\/uploads\/2021\/09\/braque-georges-1960-le-tir-a-l_arc.jpg","width":1000,"height":1000},{"@type":"BreadcrumbList","@id":"https:\/\/galerie-institut.com\/en\/produit\/georges-braque-le-tir-a-larc\/#breadcrumb","itemListElement":[{"@type":"ListItem","position":1,"name":"Accueil","item":"https:\/\/galerie-institut.com\/en\/accueil\/"},{"@type":"ListItem","position":2,"name":"Boutique","item":"https:\/\/galerie-institut.com\/?page_id=8607"},{"@type":"ListItem","position":3,"name":"Georges, Braque, Archery, 1960"}]},{"@type":"WebSite","@id":"https:\/\/galerie-institut.com\/en\/#website","url":"https:\/\/galerie-institut.com\/en\/","name":"Galerie Institut","description":"","potentialAction":[{"@type":"SearchAction","target":{"@type":"EntryPoint","urlTemplate":"https:\/\/galerie-institut.com\/en\/?s={search_term_string}"},"query-input":{"@type":"PropertyValueSpecification","valueRequired":true,"valueName":"search_term_string"}}],"inLanguage":"en-US"}]}},"_links":{"self":[{"href":"https:\/\/galerie-institut.com\/en\/wp-json\/wp\/v2\/product\/17558","targetHints":{"allow":["GET"]}}],"collection":[{"href":"https:\/\/galerie-institut.com\/en\/wp-json\/wp\/v2\/product"}],"about":[{"href":"https:\/\/galerie-institut.com\/en\/wp-json\/wp\/v2\/types\/product"}],"replies":[{"embeddable":true,"href":"https:\/\/galerie-institut.com\/en\/wp-json\/wp\/v2\/comments?post=17558"}],"wp:featuredmedia":[{"embeddable":true,"href":"https:\/\/galerie-institut.com\/en\/wp-json\/wp\/v2\/media\/17560"}],"wp:attachment":[{"href":"https:\/\/galerie-institut.com\/en\/wp-json\/wp\/v2\/media?parent=17558"}],"wp:term":[{"taxonomy":"product_brand","embeddable":true,"href":"https:\/\/galerie-institut.com\/en\/wp-json\/wp\/v2\/product_brand?post=17558"},{"taxonomy":"product_cat","embeddable":true,"href":"https:\/\/galerie-institut.com\/en\/wp-json\/wp\/v2\/product_cat?post=17558"},{"taxonomy":"product_tag","embeddable":true,"href":"https:\/\/galerie-institut.com\/en\/wp-json\/wp\/v2\/product_tag?post=17558"}],"curies":[{"name":"wp","href":"https:\/\/api.w.org\/{rel}","templated":true}]}}