{"id":17547,"date":"2021-10-08T10:11:06","date_gmt":"2021-10-08T10:11:06","guid":{"rendered":"https:\/\/galerie-institut.com\/produit\/cathelin-bernard-nude-with-white-casaquin-and-bouquet-1974\/"},"modified":"2025-11-21T16:41:42","modified_gmt":"2025-11-21T16:41:42","slug":"cathelin-bernard-hortensias-roses-au-fond-vert-1991","status":"publish","type":"product","link":"https:\/\/galerie-institut.com\/en\/produit\/cathelin-bernard-hortensias-roses-au-fond-vert-1991\/","title":{"rendered":"Cathelin, Bernard, Nude with White Casaquin and Bouquet, 1974"},"content":{"rendered":"<p>1974<\/p>\n<p>Original lithograph in color on Arches paper<\/p>\n<p>76 x 51 cm<\/p>\n<p>Annotated lower left &#8220;Epreuve d&#8217;artiste&#8221;, dedicated to Charles and Pierrette Sorlier, signed and dated by the artist in black ink lower right<\/p>\n<p>Bernard Cathelin \u00c9diteur.<\/p>\n<p>Catalogue raisonn\u00e9 : Passeron 83<\/p>\n","protected":false},"excerpt":{"rendered":"<p>1974 Original lithograph in color on Arches paper 76 x 51 cm Annotated lower left &#8220;Epreuve d&#8217;artiste&#8221;, dedicated to Charles and Pierrette Sorlier, signed and dated by the artist in black ink lower right Bernard Cathelin \u00c9diteur. Catalogue raisonn\u00e9 : Passeron 83<\/p>\n","protected":false},"featured_media":17553,"comment_status":"open","ping_status":"closed","template":"","meta":{"_et_pb_use_builder":"","_et_pb_old_content":"","_et_gb_content_width":""},"product_brand":[],"product_cat":[284,267],"product_tag":[180,268],"class_list":{"0":"post-17547","1":"product","2":"type-product","3":"status-publish","4":"has-post-thumbnail","6":"product_cat-cathelin","7":"product_cat-estampes","8":"product_tag-lithography","9":"product_tag-print","11":"first","12":"instock","13":"shipping-taxable","14":"product-type-simple"},"yoast_head":"<!-- This site is optimized with the Yoast SEO plugin v27.3 - https:\/\/yoast.com\/product\/yoast-seo-wordpress\/ -->\n<title>Cathelin, Bernard, Nude with White Casaquin and Bouquet, 1974 - Galerie Institut<\/title>\n<meta name=\"description\" content=\"D\u00e9couvrez l&#039;oeuvre Cathelin, Bernard, Nude with White Casaquin and Bouquet, 1974 disponible \u00e0 la Galerie de l&#039;Institut. Si vous \u00eates int\u00e9ress\u00e9.e.s par Cathelin, Bernard, Nude with White Casaquin and Bouquet, 1974 merci de nous contacter \u00e0 contact@galerie-institut.com\" \/>\n<meta name=\"robots\" content=\"index, follow, max-snippet:-1, max-image-preview:large, max-video-preview:-1\" \/>\n<link rel=\"canonical\" href=\"https:\/\/galerie-institut.com\/en\/produit\/cathelin-bernard-hortensias-roses-au-fond-vert-1991\/\" \/>\n<meta property=\"og:locale\" content=\"en_US\" \/>\n<meta property=\"og:type\" content=\"article\" \/>\n<meta property=\"og:title\" content=\"Cathelin, Bernard, Nude with White Casaquin and Bouquet, 1974 - Galerie Institut\" \/>\n<meta property=\"og:description\" content=\"D\u00e9couvrez l&#039;oeuvre Cathelin, Bernard, Nude with White Casaquin and Bouquet, 1974 disponible \u00e0 la Galerie de l&#039;Institut. Si vous \u00eates int\u00e9ress\u00e9.e.s par Cathelin, Bernard, Nude with White Casaquin and Bouquet, 1974 merci de nous contacter \u00e0 contact@galerie-institut.com\" \/>\n<meta property=\"og:url\" content=\"https:\/\/galerie-institut.com\/en\/produit\/cathelin-bernard-hortensias-roses-au-fond-vert-1991\/\" \/>\n<meta property=\"og:site_name\" content=\"Galerie Institut\" \/>\n<meta property=\"article:modified_time\" content=\"2025-11-21T16:41:42+00:00\" \/>\n<meta property=\"og:image\" content=\"https:\/\/galerie-institut.com\/wp-content\/uploads\/2021\/10\/1669-copie-scaled.webp\" \/>\n\t<meta property=\"og:image:width\" content=\"2000\" \/>\n\t<meta property=\"og:image:height\" content=\"2000\" \/>\n\t<meta property=\"og:image:type\" content=\"image\/webp\" \/>\n<meta name=\"twitter:card\" content=\"summary_large_image\" \/>\n<script type=\"application\/ld+json\" class=\"yoast-schema-graph\">{\"@context\":\"https:\\\/\\\/schema.org\",\"@graph\":[{\"@type\":\"WebPage\",\"@id\":\"https:\\\/\\\/galerie-institut.com\\\/en\\\/produit\\\/cathelin-bernard-hortensias-roses-au-fond-vert-1991\\\/\",\"url\":\"https:\\\/\\\/galerie-institut.com\\\/en\\\/produit\\\/cathelin-bernard-hortensias-roses-au-fond-vert-1991\\\/\",\"name\":\"Cathelin, Bernard, Nude with White Casaquin and Bouquet, 1974 - Galerie Institut\",\"isPartOf\":{\"@id\":\"https:\\\/\\\/galerie-institut.com\\\/en\\\/#website\"},\"primaryImageOfPage\":{\"@id\":\"https:\\\/\\\/galerie-institut.com\\\/en\\\/produit\\\/cathelin-bernard-hortensias-roses-au-fond-vert-1991\\\/#primaryimage\"},\"image\":{\"@id\":\"https:\\\/\\\/galerie-institut.com\\\/en\\\/produit\\\/cathelin-bernard-hortensias-roses-au-fond-vert-1991\\\/#primaryimage\"},\"thumbnailUrl\":\"https:\\\/\\\/galerie-institut.com\\\/wp-content\\\/uploads\\\/2021\\\/10\\\/1669-copie-scaled.webp\",\"datePublished\":\"2021-10-08T10:11:06+00:00\",\"dateModified\":\"2025-11-21T16:41:42+00:00\",\"description\":\"D\u00e9couvrez l'oeuvre Cathelin, Bernard, Nude with White Casaquin and Bouquet, 1974 disponible \u00e0 la Galerie de l'Institut. Si vous \u00eates int\u00e9ress\u00e9.e.s par Cathelin, Bernard, Nude with White Casaquin and Bouquet, 1974 merci de nous contacter \u00e0 contact@galerie-institut.com\",\"breadcrumb\":{\"@id\":\"https:\\\/\\\/galerie-institut.com\\\/en\\\/produit\\\/cathelin-bernard-hortensias-roses-au-fond-vert-1991\\\/#breadcrumb\"},\"inLanguage\":\"en-US\",\"potentialAction\":[{\"@type\":\"ReadAction\",\"target\":[\"https:\\\/\\\/galerie-institut.com\\\/en\\\/produit\\\/cathelin-bernard-hortensias-roses-au-fond-vert-1991\\\/\"]}]},{\"@type\":\"ImageObject\",\"inLanguage\":\"en-US\",\"@id\":\"https:\\\/\\\/galerie-institut.com\\\/en\\\/produit\\\/cathelin-bernard-hortensias-roses-au-fond-vert-1991\\\/#primaryimage\",\"url\":\"https:\\\/\\\/galerie-institut.com\\\/wp-content\\\/uploads\\\/2021\\\/10\\\/1669-copie-scaled.webp\",\"contentUrl\":\"https:\\\/\\\/galerie-institut.com\\\/wp-content\\\/uploads\\\/2021\\\/10\\\/1669-copie-scaled.webp\",\"width\":2000,\"height\":2000,\"caption\":\"1669 copie\"},{\"@type\":\"BreadcrumbList\",\"@id\":\"https:\\\/\\\/galerie-institut.com\\\/en\\\/produit\\\/cathelin-bernard-hortensias-roses-au-fond-vert-1991\\\/#breadcrumb\",\"itemListElement\":[{\"@type\":\"ListItem\",\"position\":1,\"name\":\"Accueil\",\"item\":\"https:\\\/\\\/galerie-institut.com\\\/en\\\/accueil\\\/\"},{\"@type\":\"ListItem\",\"position\":2,\"name\":\"Boutique\",\"item\":\"https:\\\/\\\/galerie-institut.com\\\/?page_id=8607\"},{\"@type\":\"ListItem\",\"position\":3,\"name\":\"Cathelin, Bernard, Nude with White Casaquin and Bouquet, 1974\"}]},{\"@type\":\"WebSite\",\"@id\":\"https:\\\/\\\/galerie-institut.com\\\/en\\\/#website\",\"url\":\"https:\\\/\\\/galerie-institut.com\\\/en\\\/\",\"name\":\"Galerie Institut\",\"description\":\"\",\"potentialAction\":[{\"@type\":\"SearchAction\",\"target\":{\"@type\":\"EntryPoint\",\"urlTemplate\":\"https:\\\/\\\/galerie-institut.com\\\/en\\\/?s={search_term_string}\"},\"query-input\":{\"@type\":\"PropertyValueSpecification\",\"valueRequired\":true,\"valueName\":\"search_term_string\"}}],\"inLanguage\":\"en-US\"}]}<\/script>\n<!-- \/ Yoast SEO plugin. -->","yoast_head_json":{"title":"Cathelin, Bernard, Nude with White Casaquin and Bouquet, 1974 - Galerie Institut","description":"D\u00e9couvrez l'oeuvre Cathelin, Bernard, Nude with White Casaquin and Bouquet, 1974 disponible \u00e0 la Galerie de l'Institut. Si vous \u00eates int\u00e9ress\u00e9.e.s par Cathelin, Bernard, Nude with White Casaquin and Bouquet, 1974 merci de nous contacter \u00e0 contact@galerie-institut.com","robots":{"index":"index","follow":"follow","max-snippet":"max-snippet:-1","max-image-preview":"max-image-preview:large","max-video-preview":"max-video-preview:-1"},"canonical":"https:\/\/galerie-institut.com\/en\/produit\/cathelin-bernard-hortensias-roses-au-fond-vert-1991\/","og_locale":"en_US","og_type":"article","og_title":"Cathelin, Bernard, Nude with White Casaquin and Bouquet, 1974 - Galerie Institut","og_description":"D\u00e9couvrez l'oeuvre Cathelin, Bernard, Nude with White Casaquin and Bouquet, 1974 disponible \u00e0 la Galerie de l'Institut. Si vous \u00eates int\u00e9ress\u00e9.e.s par Cathelin, Bernard, Nude with White Casaquin and Bouquet, 1974 merci de nous contacter \u00e0 contact@galerie-institut.com","og_url":"https:\/\/galerie-institut.com\/en\/produit\/cathelin-bernard-hortensias-roses-au-fond-vert-1991\/","og_site_name":"Galerie Institut","article_modified_time":"2025-11-21T16:41:42+00:00","og_image":[{"width":2000,"height":2000,"url":"https:\/\/galerie-institut.com\/wp-content\/uploads\/2021\/10\/1669-copie-scaled.webp","type":"image\/webp"}],"twitter_card":"summary_large_image","schema":{"@context":"https:\/\/schema.org","@graph":[{"@type":"WebPage","@id":"https:\/\/galerie-institut.com\/en\/produit\/cathelin-bernard-hortensias-roses-au-fond-vert-1991\/","url":"https:\/\/galerie-institut.com\/en\/produit\/cathelin-bernard-hortensias-roses-au-fond-vert-1991\/","name":"Cathelin, Bernard, Nude with White Casaquin and Bouquet, 1974 - Galerie Institut","isPartOf":{"@id":"https:\/\/galerie-institut.com\/en\/#website"},"primaryImageOfPage":{"@id":"https:\/\/galerie-institut.com\/en\/produit\/cathelin-bernard-hortensias-roses-au-fond-vert-1991\/#primaryimage"},"image":{"@id":"https:\/\/galerie-institut.com\/en\/produit\/cathelin-bernard-hortensias-roses-au-fond-vert-1991\/#primaryimage"},"thumbnailUrl":"https:\/\/galerie-institut.com\/wp-content\/uploads\/2021\/10\/1669-copie-scaled.webp","datePublished":"2021-10-08T10:11:06+00:00","dateModified":"2025-11-21T16:41:42+00:00","description":"D\u00e9couvrez l'oeuvre Cathelin, Bernard, Nude with White Casaquin and Bouquet, 1974 disponible \u00e0 la Galerie de l'Institut. Si vous \u00eates int\u00e9ress\u00e9.e.s par Cathelin, Bernard, Nude with White Casaquin and Bouquet, 1974 merci de nous contacter \u00e0 contact@galerie-institut.com","breadcrumb":{"@id":"https:\/\/galerie-institut.com\/en\/produit\/cathelin-bernard-hortensias-roses-au-fond-vert-1991\/#breadcrumb"},"inLanguage":"en-US","potentialAction":[{"@type":"ReadAction","target":["https:\/\/galerie-institut.com\/en\/produit\/cathelin-bernard-hortensias-roses-au-fond-vert-1991\/"]}]},{"@type":"ImageObject","inLanguage":"en-US","@id":"https:\/\/galerie-institut.com\/en\/produit\/cathelin-bernard-hortensias-roses-au-fond-vert-1991\/#primaryimage","url":"https:\/\/galerie-institut.com\/wp-content\/uploads\/2021\/10\/1669-copie-scaled.webp","contentUrl":"https:\/\/galerie-institut.com\/wp-content\/uploads\/2021\/10\/1669-copie-scaled.webp","width":2000,"height":2000,"caption":"1669 copie"},{"@type":"BreadcrumbList","@id":"https:\/\/galerie-institut.com\/en\/produit\/cathelin-bernard-hortensias-roses-au-fond-vert-1991\/#breadcrumb","itemListElement":[{"@type":"ListItem","position":1,"name":"Accueil","item":"https:\/\/galerie-institut.com\/en\/accueil\/"},{"@type":"ListItem","position":2,"name":"Boutique","item":"https:\/\/galerie-institut.com\/?page_id=8607"},{"@type":"ListItem","position":3,"name":"Cathelin, Bernard, Nude with White Casaquin and Bouquet, 1974"}]},{"@type":"WebSite","@id":"https:\/\/galerie-institut.com\/en\/#website","url":"https:\/\/galerie-institut.com\/en\/","name":"Galerie Institut","description":"","potentialAction":[{"@type":"SearchAction","target":{"@type":"EntryPoint","urlTemplate":"https:\/\/galerie-institut.com\/en\/?s={search_term_string}"},"query-input":{"@type":"PropertyValueSpecification","valueRequired":true,"valueName":"search_term_string"}}],"inLanguage":"en-US"}]}},"_links":{"self":[{"href":"https:\/\/galerie-institut.com\/en\/wp-json\/wp\/v2\/product\/17547","targetHints":{"allow":["GET"]}}],"collection":[{"href":"https:\/\/galerie-institut.com\/en\/wp-json\/wp\/v2\/product"}],"about":[{"href":"https:\/\/galerie-institut.com\/en\/wp-json\/wp\/v2\/types\/product"}],"replies":[{"embeddable":true,"href":"https:\/\/galerie-institut.com\/en\/wp-json\/wp\/v2\/comments?post=17547"}],"wp:featuredmedia":[{"embeddable":true,"href":"https:\/\/galerie-institut.com\/en\/wp-json\/wp\/v2\/media\/17553"}],"wp:attachment":[{"href":"https:\/\/galerie-institut.com\/en\/wp-json\/wp\/v2\/media?parent=17547"}],"wp:term":[{"taxonomy":"product_brand","embeddable":true,"href":"https:\/\/galerie-institut.com\/en\/wp-json\/wp\/v2\/product_brand?post=17547"},{"taxonomy":"product_cat","embeddable":true,"href":"https:\/\/galerie-institut.com\/en\/wp-json\/wp\/v2\/product_cat?post=17547"},{"taxonomy":"product_tag","embeddable":true,"href":"https:\/\/galerie-institut.com\/en\/wp-json\/wp\/v2\/product_tag?post=17547"}],"curies":[{"name":"wp","href":"https:\/\/api.w.org\/{rel}","templated":true}]}}