{"id":17543,"date":"2021-10-08T10:24:21","date_gmt":"2021-10-08T10:24:21","guid":{"rendered":"https:\/\/galerie-institut.com\/produit\/cathelin-bernard-farm-with-fields-of-rapeseed-1998\/"},"modified":"2025-11-21T16:41:42","modified_gmt":"2025-11-21T16:41:42","slug":"cathelin-bernard-ferme-au-champ-de-colza-1998","status":"publish","type":"product","link":"https:\/\/galerie-institut.com\/en\/produit\/cathelin-bernard-ferme-au-champ-de-colza-1998\/","title":{"rendered":"Cathelin, Bernard, Farm with fields of rapeseed, 1998"},"content":{"rendered":"<p>1998<\/p>\n<p>Original lithograph in color on Japan<\/p>\n<p>37.5 x 56.5 cm<\/p>\n<p>Annotated in pencil lower left &#8220;E.A.&#8221;, signed by the artist in pencil lower right<\/p>\n<p>Bernard Cathelin, \u00e9diteur<\/p>\n<p>Catalogue raisonn\u00e9 : Passeron 397<\/p>\n","protected":false},"excerpt":{"rendered":"<p>1998 Original lithograph in color on Japan 37.5 x 56.5 cm Annotated in pencil lower left &#8220;E.A.&#8221;, signed by the artist in pencil lower right Bernard Cathelin, \u00e9diteur Catalogue raisonn\u00e9 : Passeron 397<\/p>\n","protected":false},"featured_media":17545,"comment_status":"open","ping_status":"closed","template":"","meta":{"_et_pb_use_builder":"","_et_pb_old_content":"","_et_gb_content_width":""},"product_brand":[],"product_cat":[284,267],"product_tag":[180,268],"class_list":{"0":"post-17543","1":"product","2":"type-product","3":"status-publish","4":"has-post-thumbnail","6":"product_cat-cathelin","7":"product_cat-estampes","8":"product_tag-lithography","9":"product_tag-print","11":"first","12":"instock","13":"shipping-taxable","14":"product-type-simple"},"yoast_head":"<!-- This site is optimized with the Yoast SEO plugin v27.5 - https:\/\/yoast.com\/product\/yoast-seo-wordpress\/ -->\n<title>Cathelin, Bernard, Farm with fields of rapeseed, 1998 - Galerie Institut<\/title>\n<meta name=\"description\" content=\"D\u00e9couvrez l&#039;oeuvre Cathelin, Bernard, Farm with fields of rapeseed, 1998 disponible \u00e0 la Galerie de l&#039;Institut. Si vous \u00eates int\u00e9ress\u00e9.e.s par Cathelin, Bernard, Farm with fields of rapeseed, 1998 merci de nous contacter \u00e0 contact@galerie-institut.com\" \/>\n<meta name=\"robots\" content=\"index, follow, max-snippet:-1, max-image-preview:large, max-video-preview:-1\" \/>\n<link rel=\"canonical\" href=\"https:\/\/galerie-institut.com\/en\/produit\/cathelin-bernard-ferme-au-champ-de-colza-1998\/\" \/>\n<meta property=\"og:locale\" content=\"en_US\" \/>\n<meta property=\"og:type\" content=\"article\" \/>\n<meta property=\"og:title\" content=\"Cathelin, Bernard, Farm with fields of rapeseed, 1998 - Galerie Institut\" \/>\n<meta property=\"og:description\" content=\"D\u00e9couvrez l&#039;oeuvre Cathelin, Bernard, Farm with fields of rapeseed, 1998 disponible \u00e0 la Galerie de l&#039;Institut. Si vous \u00eates int\u00e9ress\u00e9.e.s par Cathelin, Bernard, Farm with fields of rapeseed, 1998 merci de nous contacter \u00e0 contact@galerie-institut.com\" \/>\n<meta property=\"og:url\" content=\"https:\/\/galerie-institut.com\/en\/produit\/cathelin-bernard-ferme-au-champ-de-colza-1998\/\" \/>\n<meta property=\"og:site_name\" content=\"Galerie Institut\" \/>\n<meta property=\"article:modified_time\" content=\"2025-11-21T16:41:42+00:00\" \/>\n<meta property=\"og:image\" content=\"https:\/\/galerie-institut.com\/wp-content\/uploads\/2021\/10\/Cathelin-1998-ferme-au-champ-de-colza.jpg\" \/>\n\t<meta property=\"og:image:width\" content=\"1000\" \/>\n\t<meta property=\"og:image:height\" content=\"1000\" \/>\n\t<meta property=\"og:image:type\" content=\"image\/jpeg\" \/>\n<meta name=\"twitter:card\" content=\"summary_large_image\" \/>\n<script type=\"application\/ld+json\" class=\"yoast-schema-graph\">{\"@context\":\"https:\\\/\\\/schema.org\",\"@graph\":[{\"@type\":\"WebPage\",\"@id\":\"https:\\\/\\\/galerie-institut.com\\\/en\\\/produit\\\/cathelin-bernard-ferme-au-champ-de-colza-1998\\\/\",\"url\":\"https:\\\/\\\/galerie-institut.com\\\/en\\\/produit\\\/cathelin-bernard-ferme-au-champ-de-colza-1998\\\/\",\"name\":\"Cathelin, Bernard, Farm with fields of rapeseed, 1998 - Galerie Institut\",\"isPartOf\":{\"@id\":\"https:\\\/\\\/galerie-institut.com\\\/en\\\/#website\"},\"primaryImageOfPage\":{\"@id\":\"https:\\\/\\\/galerie-institut.com\\\/en\\\/produit\\\/cathelin-bernard-ferme-au-champ-de-colza-1998\\\/#primaryimage\"},\"image\":{\"@id\":\"https:\\\/\\\/galerie-institut.com\\\/en\\\/produit\\\/cathelin-bernard-ferme-au-champ-de-colza-1998\\\/#primaryimage\"},\"thumbnailUrl\":\"https:\\\/\\\/galerie-institut.com\\\/wp-content\\\/uploads\\\/2021\\\/10\\\/Cathelin-1998-ferme-au-champ-de-colza.jpg\",\"datePublished\":\"2021-10-08T10:24:21+00:00\",\"dateModified\":\"2025-11-21T16:41:42+00:00\",\"description\":\"D\u00e9couvrez l'oeuvre Cathelin, Bernard, Farm with fields of rapeseed, 1998 disponible \u00e0 la Galerie de l'Institut. Si vous \u00eates int\u00e9ress\u00e9.e.s par Cathelin, Bernard, Farm with fields of rapeseed, 1998 merci de nous contacter \u00e0 contact@galerie-institut.com\",\"breadcrumb\":{\"@id\":\"https:\\\/\\\/galerie-institut.com\\\/en\\\/produit\\\/cathelin-bernard-ferme-au-champ-de-colza-1998\\\/#breadcrumb\"},\"inLanguage\":\"en-US\",\"potentialAction\":[{\"@type\":\"ReadAction\",\"target\":[\"https:\\\/\\\/galerie-institut.com\\\/en\\\/produit\\\/cathelin-bernard-ferme-au-champ-de-colza-1998\\\/\"]}]},{\"@type\":\"ImageObject\",\"inLanguage\":\"en-US\",\"@id\":\"https:\\\/\\\/galerie-institut.com\\\/en\\\/produit\\\/cathelin-bernard-ferme-au-champ-de-colza-1998\\\/#primaryimage\",\"url\":\"https:\\\/\\\/galerie-institut.com\\\/wp-content\\\/uploads\\\/2021\\\/10\\\/Cathelin-1998-ferme-au-champ-de-colza.jpg\",\"contentUrl\":\"https:\\\/\\\/galerie-institut.com\\\/wp-content\\\/uploads\\\/2021\\\/10\\\/Cathelin-1998-ferme-au-champ-de-colza.jpg\",\"width\":1000,\"height\":1000},{\"@type\":\"BreadcrumbList\",\"@id\":\"https:\\\/\\\/galerie-institut.com\\\/en\\\/produit\\\/cathelin-bernard-ferme-au-champ-de-colza-1998\\\/#breadcrumb\",\"itemListElement\":[{\"@type\":\"ListItem\",\"position\":1,\"name\":\"Accueil\",\"item\":\"https:\\\/\\\/galerie-institut.com\\\/en\\\/accueil\\\/\"},{\"@type\":\"ListItem\",\"position\":2,\"name\":\"Boutique\",\"item\":\"https:\\\/\\\/galerie-institut.com\\\/?page_id=8607\"},{\"@type\":\"ListItem\",\"position\":3,\"name\":\"Cathelin, Bernard, Farm with fields of rapeseed, 1998\"}]},{\"@type\":\"WebSite\",\"@id\":\"https:\\\/\\\/galerie-institut.com\\\/en\\\/#website\",\"url\":\"https:\\\/\\\/galerie-institut.com\\\/en\\\/\",\"name\":\"Galerie Institut\",\"description\":\"\",\"potentialAction\":[{\"@type\":\"SearchAction\",\"target\":{\"@type\":\"EntryPoint\",\"urlTemplate\":\"https:\\\/\\\/galerie-institut.com\\\/en\\\/?s={search_term_string}\"},\"query-input\":{\"@type\":\"PropertyValueSpecification\",\"valueRequired\":true,\"valueName\":\"search_term_string\"}}],\"inLanguage\":\"en-US\"}]}<\/script>\n<!-- \/ Yoast SEO plugin. -->","yoast_head_json":{"title":"Cathelin, Bernard, Farm with fields of rapeseed, 1998 - Galerie Institut","description":"D\u00e9couvrez l'oeuvre Cathelin, Bernard, Farm with fields of rapeseed, 1998 disponible \u00e0 la Galerie de l'Institut. Si vous \u00eates int\u00e9ress\u00e9.e.s par Cathelin, Bernard, Farm with fields of rapeseed, 1998 merci de nous contacter \u00e0 contact@galerie-institut.com","robots":{"index":"index","follow":"follow","max-snippet":"max-snippet:-1","max-image-preview":"max-image-preview:large","max-video-preview":"max-video-preview:-1"},"canonical":"https:\/\/galerie-institut.com\/en\/produit\/cathelin-bernard-ferme-au-champ-de-colza-1998\/","og_locale":"en_US","og_type":"article","og_title":"Cathelin, Bernard, Farm with fields of rapeseed, 1998 - Galerie Institut","og_description":"D\u00e9couvrez l'oeuvre Cathelin, Bernard, Farm with fields of rapeseed, 1998 disponible \u00e0 la Galerie de l'Institut. Si vous \u00eates int\u00e9ress\u00e9.e.s par Cathelin, Bernard, Farm with fields of rapeseed, 1998 merci de nous contacter \u00e0 contact@galerie-institut.com","og_url":"https:\/\/galerie-institut.com\/en\/produit\/cathelin-bernard-ferme-au-champ-de-colza-1998\/","og_site_name":"Galerie Institut","article_modified_time":"2025-11-21T16:41:42+00:00","og_image":[{"width":1000,"height":1000,"url":"https:\/\/galerie-institut.com\/wp-content\/uploads\/2021\/10\/Cathelin-1998-ferme-au-champ-de-colza.jpg","type":"image\/jpeg"}],"twitter_card":"summary_large_image","schema":{"@context":"https:\/\/schema.org","@graph":[{"@type":"WebPage","@id":"https:\/\/galerie-institut.com\/en\/produit\/cathelin-bernard-ferme-au-champ-de-colza-1998\/","url":"https:\/\/galerie-institut.com\/en\/produit\/cathelin-bernard-ferme-au-champ-de-colza-1998\/","name":"Cathelin, Bernard, Farm with fields of rapeseed, 1998 - Galerie Institut","isPartOf":{"@id":"https:\/\/galerie-institut.com\/en\/#website"},"primaryImageOfPage":{"@id":"https:\/\/galerie-institut.com\/en\/produit\/cathelin-bernard-ferme-au-champ-de-colza-1998\/#primaryimage"},"image":{"@id":"https:\/\/galerie-institut.com\/en\/produit\/cathelin-bernard-ferme-au-champ-de-colza-1998\/#primaryimage"},"thumbnailUrl":"https:\/\/galerie-institut.com\/wp-content\/uploads\/2021\/10\/Cathelin-1998-ferme-au-champ-de-colza.jpg","datePublished":"2021-10-08T10:24:21+00:00","dateModified":"2025-11-21T16:41:42+00:00","description":"D\u00e9couvrez l'oeuvre Cathelin, Bernard, Farm with fields of rapeseed, 1998 disponible \u00e0 la Galerie de l'Institut. Si vous \u00eates int\u00e9ress\u00e9.e.s par Cathelin, Bernard, Farm with fields of rapeseed, 1998 merci de nous contacter \u00e0 contact@galerie-institut.com","breadcrumb":{"@id":"https:\/\/galerie-institut.com\/en\/produit\/cathelin-bernard-ferme-au-champ-de-colza-1998\/#breadcrumb"},"inLanguage":"en-US","potentialAction":[{"@type":"ReadAction","target":["https:\/\/galerie-institut.com\/en\/produit\/cathelin-bernard-ferme-au-champ-de-colza-1998\/"]}]},{"@type":"ImageObject","inLanguage":"en-US","@id":"https:\/\/galerie-institut.com\/en\/produit\/cathelin-bernard-ferme-au-champ-de-colza-1998\/#primaryimage","url":"https:\/\/galerie-institut.com\/wp-content\/uploads\/2021\/10\/Cathelin-1998-ferme-au-champ-de-colza.jpg","contentUrl":"https:\/\/galerie-institut.com\/wp-content\/uploads\/2021\/10\/Cathelin-1998-ferme-au-champ-de-colza.jpg","width":1000,"height":1000},{"@type":"BreadcrumbList","@id":"https:\/\/galerie-institut.com\/en\/produit\/cathelin-bernard-ferme-au-champ-de-colza-1998\/#breadcrumb","itemListElement":[{"@type":"ListItem","position":1,"name":"Accueil","item":"https:\/\/galerie-institut.com\/en\/accueil\/"},{"@type":"ListItem","position":2,"name":"Boutique","item":"https:\/\/galerie-institut.com\/?page_id=8607"},{"@type":"ListItem","position":3,"name":"Cathelin, Bernard, Farm with fields of rapeseed, 1998"}]},{"@type":"WebSite","@id":"https:\/\/galerie-institut.com\/en\/#website","url":"https:\/\/galerie-institut.com\/en\/","name":"Galerie Institut","description":"","potentialAction":[{"@type":"SearchAction","target":{"@type":"EntryPoint","urlTemplate":"https:\/\/galerie-institut.com\/en\/?s={search_term_string}"},"query-input":{"@type":"PropertyValueSpecification","valueRequired":true,"valueName":"search_term_string"}}],"inLanguage":"en-US"}]}},"_links":{"self":[{"href":"https:\/\/galerie-institut.com\/en\/wp-json\/wp\/v2\/product\/17543","targetHints":{"allow":["GET"]}}],"collection":[{"href":"https:\/\/galerie-institut.com\/en\/wp-json\/wp\/v2\/product"}],"about":[{"href":"https:\/\/galerie-institut.com\/en\/wp-json\/wp\/v2\/types\/product"}],"replies":[{"embeddable":true,"href":"https:\/\/galerie-institut.com\/en\/wp-json\/wp\/v2\/comments?post=17543"}],"wp:featuredmedia":[{"embeddable":true,"href":"https:\/\/galerie-institut.com\/en\/wp-json\/wp\/v2\/media\/17545"}],"wp:attachment":[{"href":"https:\/\/galerie-institut.com\/en\/wp-json\/wp\/v2\/media?parent=17543"}],"wp:term":[{"taxonomy":"product_brand","embeddable":true,"href":"https:\/\/galerie-institut.com\/en\/wp-json\/wp\/v2\/product_brand?post=17543"},{"taxonomy":"product_cat","embeddable":true,"href":"https:\/\/galerie-institut.com\/en\/wp-json\/wp\/v2\/product_cat?post=17543"},{"taxonomy":"product_tag","embeddable":true,"href":"https:\/\/galerie-institut.com\/en\/wp-json\/wp\/v2\/product_tag?post=17543"}],"curies":[{"name":"wp","href":"https:\/\/api.w.org\/{rel}","templated":true}]}}