{"id":17538,"date":"2021-10-09T15:26:17","date_gmt":"2021-10-09T15:26:17","guid":{"rendered":"https:\/\/galerie-institut.com\/produit\/cathelin-bernard-clairiere-de-ceylan-1972\/"},"modified":"2025-11-21T16:41:41","modified_gmt":"2025-11-21T16:41:41","slug":"cathelin-bernard-clairiere-de-ceylan-1972","status":"publish","type":"product","link":"https:\/\/galerie-institut.com\/en\/produit\/cathelin-bernard-clairiere-de-ceylan-1972\/","title":{"rendered":"Cathelin, Bernard, Clairi\u00e8re de Ceylan, 1972"},"content":{"rendered":"<p>1972<\/p>\n<p>Oil on canvas<\/p>\n<p>55 x 38 cm<\/p>\n<p>Signed by the artist lower right<\/p>\n","protected":false},"excerpt":{"rendered":"<p>1972 Oil on canvas 55 x 38 cm Signed by the artist lower right<\/p>\n","protected":false},"featured_media":17542,"comment_status":"open","ping_status":"closed","template":"","meta":{"_et_pb_use_builder":"","_et_pb_old_content":"","_et_gb_content_width":""},"product_brand":[],"product_cat":[284,267,272],"product_tag":[274],"class_list":{"0":"post-17538","1":"product","2":"type-product","3":"status-publish","4":"has-post-thumbnail","6":"product_cat-cathelin","7":"product_cat-estampes","8":"product_cat-unique-works","9":"product_tag-table","11":"first","12":"instock","13":"shipping-taxable","14":"product-type-simple"},"yoast_head":"<!-- This site is optimized with the Yoast SEO plugin v27.3 - https:\/\/yoast.com\/product\/yoast-seo-wordpress\/ -->\n<title>Cathelin, Bernard, Clairi\u00e8re de Ceylan, 1972 - Galerie Institut<\/title>\n<meta name=\"description\" content=\"D\u00e9couvrez l&#039;oeuvre Cathelin, Bernard, Clairi\u00e8re de Ceylan, 1972 disponible \u00e0 la Galerie de l&#039;Institut. Si vous \u00eates int\u00e9ress\u00e9.e.s par Cathelin, Bernard, Clairi\u00e8re de Ceylan, 1972 merci de nous contacter \u00e0 contact@galerie-institut.com\" \/>\n<meta name=\"robots\" content=\"index, follow, max-snippet:-1, max-image-preview:large, max-video-preview:-1\" \/>\n<link rel=\"canonical\" href=\"https:\/\/galerie-institut.com\/en\/produit\/cathelin-bernard-clairiere-de-ceylan-1972\/\" \/>\n<meta property=\"og:locale\" content=\"en_US\" \/>\n<meta property=\"og:type\" content=\"article\" \/>\n<meta property=\"og:title\" content=\"Cathelin, Bernard, Clairi\u00e8re de Ceylan, 1972 - Galerie Institut\" \/>\n<meta property=\"og:description\" content=\"D\u00e9couvrez l&#039;oeuvre Cathelin, Bernard, Clairi\u00e8re de Ceylan, 1972 disponible \u00e0 la Galerie de l&#039;Institut. Si vous \u00eates int\u00e9ress\u00e9.e.s par Cathelin, Bernard, Clairi\u00e8re de Ceylan, 1972 merci de nous contacter \u00e0 contact@galerie-institut.com\" \/>\n<meta property=\"og:url\" content=\"https:\/\/galerie-institut.com\/en\/produit\/cathelin-bernard-clairiere-de-ceylan-1972\/\" \/>\n<meta property=\"og:site_name\" content=\"Galerie Institut\" \/>\n<meta property=\"article:modified_time\" content=\"2025-11-21T16:41:41+00:00\" \/>\n<meta property=\"og:image\" content=\"https:\/\/galerie-institut.com\/wp-content\/uploads\/2021\/10\/Cathelin-1972-clairiere-de-ceylan-1.jpg\" \/>\n\t<meta property=\"og:image:width\" content=\"1000\" \/>\n\t<meta property=\"og:image:height\" content=\"1000\" \/>\n\t<meta property=\"og:image:type\" content=\"image\/jpeg\" \/>\n<meta name=\"twitter:card\" content=\"summary_large_image\" \/>\n<script type=\"application\/ld+json\" class=\"yoast-schema-graph\">{\"@context\":\"https:\\\/\\\/schema.org\",\"@graph\":[{\"@type\":\"WebPage\",\"@id\":\"https:\\\/\\\/galerie-institut.com\\\/en\\\/produit\\\/cathelin-bernard-clairiere-de-ceylan-1972\\\/\",\"url\":\"https:\\\/\\\/galerie-institut.com\\\/en\\\/produit\\\/cathelin-bernard-clairiere-de-ceylan-1972\\\/\",\"name\":\"Cathelin, Bernard, Clairi\u00e8re de Ceylan, 1972 - Galerie Institut\",\"isPartOf\":{\"@id\":\"https:\\\/\\\/galerie-institut.com\\\/en\\\/#website\"},\"primaryImageOfPage\":{\"@id\":\"https:\\\/\\\/galerie-institut.com\\\/en\\\/produit\\\/cathelin-bernard-clairiere-de-ceylan-1972\\\/#primaryimage\"},\"image\":{\"@id\":\"https:\\\/\\\/galerie-institut.com\\\/en\\\/produit\\\/cathelin-bernard-clairiere-de-ceylan-1972\\\/#primaryimage\"},\"thumbnailUrl\":\"https:\\\/\\\/galerie-institut.com\\\/wp-content\\\/uploads\\\/2021\\\/10\\\/Cathelin-1972-clairiere-de-ceylan-1.jpg\",\"datePublished\":\"2021-10-09T15:26:17+00:00\",\"dateModified\":\"2025-11-21T16:41:41+00:00\",\"description\":\"D\u00e9couvrez l'oeuvre Cathelin, Bernard, Clairi\u00e8re de Ceylan, 1972 disponible \u00e0 la Galerie de l'Institut. Si vous \u00eates int\u00e9ress\u00e9.e.s par Cathelin, Bernard, Clairi\u00e8re de Ceylan, 1972 merci de nous contacter \u00e0 contact@galerie-institut.com\",\"breadcrumb\":{\"@id\":\"https:\\\/\\\/galerie-institut.com\\\/en\\\/produit\\\/cathelin-bernard-clairiere-de-ceylan-1972\\\/#breadcrumb\"},\"inLanguage\":\"en-US\",\"potentialAction\":[{\"@type\":\"ReadAction\",\"target\":[\"https:\\\/\\\/galerie-institut.com\\\/en\\\/produit\\\/cathelin-bernard-clairiere-de-ceylan-1972\\\/\"]}]},{\"@type\":\"ImageObject\",\"inLanguage\":\"en-US\",\"@id\":\"https:\\\/\\\/galerie-institut.com\\\/en\\\/produit\\\/cathelin-bernard-clairiere-de-ceylan-1972\\\/#primaryimage\",\"url\":\"https:\\\/\\\/galerie-institut.com\\\/wp-content\\\/uploads\\\/2021\\\/10\\\/Cathelin-1972-clairiere-de-ceylan-1.jpg\",\"contentUrl\":\"https:\\\/\\\/galerie-institut.com\\\/wp-content\\\/uploads\\\/2021\\\/10\\\/Cathelin-1972-clairiere-de-ceylan-1.jpg\",\"width\":1000,\"height\":1000},{\"@type\":\"BreadcrumbList\",\"@id\":\"https:\\\/\\\/galerie-institut.com\\\/en\\\/produit\\\/cathelin-bernard-clairiere-de-ceylan-1972\\\/#breadcrumb\",\"itemListElement\":[{\"@type\":\"ListItem\",\"position\":1,\"name\":\"Accueil\",\"item\":\"https:\\\/\\\/galerie-institut.com\\\/en\\\/accueil\\\/\"},{\"@type\":\"ListItem\",\"position\":2,\"name\":\"Boutique\",\"item\":\"https:\\\/\\\/galerie-institut.com\\\/?page_id=8607\"},{\"@type\":\"ListItem\",\"position\":3,\"name\":\"Cathelin, Bernard, Clairi\u00e8re de Ceylan, 1972\"}]},{\"@type\":\"WebSite\",\"@id\":\"https:\\\/\\\/galerie-institut.com\\\/en\\\/#website\",\"url\":\"https:\\\/\\\/galerie-institut.com\\\/en\\\/\",\"name\":\"Galerie Institut\",\"description\":\"\",\"potentialAction\":[{\"@type\":\"SearchAction\",\"target\":{\"@type\":\"EntryPoint\",\"urlTemplate\":\"https:\\\/\\\/galerie-institut.com\\\/en\\\/?s={search_term_string}\"},\"query-input\":{\"@type\":\"PropertyValueSpecification\",\"valueRequired\":true,\"valueName\":\"search_term_string\"}}],\"inLanguage\":\"en-US\"}]}<\/script>\n<!-- \/ Yoast SEO plugin. -->","yoast_head_json":{"title":"Cathelin, Bernard, Clairi\u00e8re de Ceylan, 1972 - Galerie Institut","description":"D\u00e9couvrez l'oeuvre Cathelin, Bernard, Clairi\u00e8re de Ceylan, 1972 disponible \u00e0 la Galerie de l'Institut. Si vous \u00eates int\u00e9ress\u00e9.e.s par Cathelin, Bernard, Clairi\u00e8re de Ceylan, 1972 merci de nous contacter \u00e0 contact@galerie-institut.com","robots":{"index":"index","follow":"follow","max-snippet":"max-snippet:-1","max-image-preview":"max-image-preview:large","max-video-preview":"max-video-preview:-1"},"canonical":"https:\/\/galerie-institut.com\/en\/produit\/cathelin-bernard-clairiere-de-ceylan-1972\/","og_locale":"en_US","og_type":"article","og_title":"Cathelin, Bernard, Clairi\u00e8re de Ceylan, 1972 - Galerie Institut","og_description":"D\u00e9couvrez l'oeuvre Cathelin, Bernard, Clairi\u00e8re de Ceylan, 1972 disponible \u00e0 la Galerie de l'Institut. Si vous \u00eates int\u00e9ress\u00e9.e.s par Cathelin, Bernard, Clairi\u00e8re de Ceylan, 1972 merci de nous contacter \u00e0 contact@galerie-institut.com","og_url":"https:\/\/galerie-institut.com\/en\/produit\/cathelin-bernard-clairiere-de-ceylan-1972\/","og_site_name":"Galerie Institut","article_modified_time":"2025-11-21T16:41:41+00:00","og_image":[{"width":1000,"height":1000,"url":"https:\/\/galerie-institut.com\/wp-content\/uploads\/2021\/10\/Cathelin-1972-clairiere-de-ceylan-1.jpg","type":"image\/jpeg"}],"twitter_card":"summary_large_image","schema":{"@context":"https:\/\/schema.org","@graph":[{"@type":"WebPage","@id":"https:\/\/galerie-institut.com\/en\/produit\/cathelin-bernard-clairiere-de-ceylan-1972\/","url":"https:\/\/galerie-institut.com\/en\/produit\/cathelin-bernard-clairiere-de-ceylan-1972\/","name":"Cathelin, Bernard, Clairi\u00e8re de Ceylan, 1972 - Galerie Institut","isPartOf":{"@id":"https:\/\/galerie-institut.com\/en\/#website"},"primaryImageOfPage":{"@id":"https:\/\/galerie-institut.com\/en\/produit\/cathelin-bernard-clairiere-de-ceylan-1972\/#primaryimage"},"image":{"@id":"https:\/\/galerie-institut.com\/en\/produit\/cathelin-bernard-clairiere-de-ceylan-1972\/#primaryimage"},"thumbnailUrl":"https:\/\/galerie-institut.com\/wp-content\/uploads\/2021\/10\/Cathelin-1972-clairiere-de-ceylan-1.jpg","datePublished":"2021-10-09T15:26:17+00:00","dateModified":"2025-11-21T16:41:41+00:00","description":"D\u00e9couvrez l'oeuvre Cathelin, Bernard, Clairi\u00e8re de Ceylan, 1972 disponible \u00e0 la Galerie de l'Institut. Si vous \u00eates int\u00e9ress\u00e9.e.s par Cathelin, Bernard, Clairi\u00e8re de Ceylan, 1972 merci de nous contacter \u00e0 contact@galerie-institut.com","breadcrumb":{"@id":"https:\/\/galerie-institut.com\/en\/produit\/cathelin-bernard-clairiere-de-ceylan-1972\/#breadcrumb"},"inLanguage":"en-US","potentialAction":[{"@type":"ReadAction","target":["https:\/\/galerie-institut.com\/en\/produit\/cathelin-bernard-clairiere-de-ceylan-1972\/"]}]},{"@type":"ImageObject","inLanguage":"en-US","@id":"https:\/\/galerie-institut.com\/en\/produit\/cathelin-bernard-clairiere-de-ceylan-1972\/#primaryimage","url":"https:\/\/galerie-institut.com\/wp-content\/uploads\/2021\/10\/Cathelin-1972-clairiere-de-ceylan-1.jpg","contentUrl":"https:\/\/galerie-institut.com\/wp-content\/uploads\/2021\/10\/Cathelin-1972-clairiere-de-ceylan-1.jpg","width":1000,"height":1000},{"@type":"BreadcrumbList","@id":"https:\/\/galerie-institut.com\/en\/produit\/cathelin-bernard-clairiere-de-ceylan-1972\/#breadcrumb","itemListElement":[{"@type":"ListItem","position":1,"name":"Accueil","item":"https:\/\/galerie-institut.com\/en\/accueil\/"},{"@type":"ListItem","position":2,"name":"Boutique","item":"https:\/\/galerie-institut.com\/?page_id=8607"},{"@type":"ListItem","position":3,"name":"Cathelin, Bernard, Clairi\u00e8re de Ceylan, 1972"}]},{"@type":"WebSite","@id":"https:\/\/galerie-institut.com\/en\/#website","url":"https:\/\/galerie-institut.com\/en\/","name":"Galerie Institut","description":"","potentialAction":[{"@type":"SearchAction","target":{"@type":"EntryPoint","urlTemplate":"https:\/\/galerie-institut.com\/en\/?s={search_term_string}"},"query-input":{"@type":"PropertyValueSpecification","valueRequired":true,"valueName":"search_term_string"}}],"inLanguage":"en-US"}]}},"_links":{"self":[{"href":"https:\/\/galerie-institut.com\/en\/wp-json\/wp\/v2\/product\/17538","targetHints":{"allow":["GET"]}}],"collection":[{"href":"https:\/\/galerie-institut.com\/en\/wp-json\/wp\/v2\/product"}],"about":[{"href":"https:\/\/galerie-institut.com\/en\/wp-json\/wp\/v2\/types\/product"}],"replies":[{"embeddable":true,"href":"https:\/\/galerie-institut.com\/en\/wp-json\/wp\/v2\/comments?post=17538"}],"wp:featuredmedia":[{"embeddable":true,"href":"https:\/\/galerie-institut.com\/en\/wp-json\/wp\/v2\/media\/17542"}],"wp:attachment":[{"href":"https:\/\/galerie-institut.com\/en\/wp-json\/wp\/v2\/media?parent=17538"}],"wp:term":[{"taxonomy":"product_brand","embeddable":true,"href":"https:\/\/galerie-institut.com\/en\/wp-json\/wp\/v2\/product_brand?post=17538"},{"taxonomy":"product_cat","embeddable":true,"href":"https:\/\/galerie-institut.com\/en\/wp-json\/wp\/v2\/product_cat?post=17538"},{"taxonomy":"product_tag","embeddable":true,"href":"https:\/\/galerie-institut.com\/en\/wp-json\/wp\/v2\/product_tag?post=17538"}],"curies":[{"name":"wp","href":"https:\/\/api.w.org\/{rel}","templated":true}]}}