{"id":17531,"date":"2021-10-19T09:40:55","date_gmt":"2021-10-19T09:40:55","guid":{"rendered":"https:\/\/galerie-institut.com\/produit\/cassigneul-jean-pierre-frontispiece-to-pieces-condamnees-1977\/"},"modified":"2025-11-21T16:41:38","modified_gmt":"2025-11-21T16:41:38","slug":"cassigneul-jean-pierre-frontispice-in-les-pieces-condamnees-1977","status":"publish","type":"product","link":"https:\/\/galerie-institut.com\/en\/produit\/cassigneul-jean-pierre-frontispice-in-les-pieces-condamnees-1977\/","title":{"rendered":"Cassigneul, Jean-Pierre, Frontispiece to Pi\u00e8ces condamn\u00e9es, 1977"},"content":{"rendered":"<p>1977<\/p>\n<p>Original lithograph in color<\/p>\n<p>33 x 27 cm<\/p>\n<p>Lidis \u00e9diteur<\/p>\n<p>Catalogue raisonn\u00e9 : Sauret 143<\/p>\n<p>&nbsp;<\/p>\n<p>&nbsp;<\/p>\n<p>&nbsp;<\/p>\n","protected":false},"excerpt":{"rendered":"<blockquote><p>When we enter these <em>&#8220;Condemned Rooms&#8221;, <\/em>where dreamers succeed walkers, Baudelaire greets us. Naked, languid, solitary, the women of after love or of its expectation bathe in an air almost liquid and dark (..)&#8221; <a href=\"#_ftn1\" name=\"_ftnref1\">[1]<\/a> <\/p><\/blockquote>\n<p>This frontispiece represents one of the original lithographs Jean-Pierre Cassigneul produced for Les Pi\u00e8ces Condamn\u00e9es by Charles Baudelaire (1821-1867) in 1977, with a foreword by Jean-Louis Bory. The book is printed in an edition of 305 copies, including 250 numbered copies, 20 artist&#8217;s copies and 35 hors commerce on Arches paper, with 30 lithographs: a frontispiece, 6 double-page color plates, 23 full-page or in-text single-color compositions. Jean-Pierre Cassigneul&#8217;s works evoke a sense of grace and harmony, capturing the essence of feminine beauty and celebrating it through elegant, timeless compositions. His ability to skilfully combine tradition and modernity makes him one of the most appreciated contemporary artists in the field of figurative painting.   <\/p>\n<p>&nbsp;<\/p>\n<p>[<a href=\"#_ftnref1\" name=\"_ftn1\">1]<\/a> Jean Fran\u00e7ois Josselin, <em>Cassigneul Lithographe et Graveur<\/em>, Paris, 1989<\/p>\n","protected":false},"featured_media":17533,"comment_status":"open","ping_status":"closed","template":"","meta":{"_et_pb_use_builder":"","_et_pb_old_content":"","_et_gb_content_width":""},"product_brand":[],"product_cat":[301,267],"product_tag":[180,268],"class_list":{"0":"post-17531","1":"product","2":"type-product","3":"status-publish","4":"has-post-thumbnail","6":"product_cat-cassigneul","7":"product_cat-estampes","8":"product_tag-lithography","9":"product_tag-print","11":"first","12":"instock","13":"shipping-taxable","14":"product-type-simple"},"yoast_head":"<!-- This site is optimized with the Yoast SEO plugin v27.3 - https:\/\/yoast.com\/product\/yoast-seo-wordpress\/ -->\n<title>Cassigneul, Jean-Pierre, Frontispiece to Pi\u00e8ces condamn\u00e9es, 1977 - Galerie Institut<\/title>\n<meta name=\"description\" content=\"D\u00e9couvrez l&#039;oeuvre Cassigneul, Jean-Pierre, Frontispiece to Pi\u00e8ces condamn\u00e9es, 1977 disponible \u00e0 la Galerie de l&#039;Institut. Si vous \u00eates int\u00e9ress\u00e9.e.s par Cassigneul, Jean-Pierre, Frontispiece to Pi\u00e8ces condamn\u00e9es, 1977 merci de nous contacter \u00e0 contact@galerie-institut.com\" \/>\n<meta name=\"robots\" content=\"index, follow, max-snippet:-1, max-image-preview:large, max-video-preview:-1\" \/>\n<link rel=\"canonical\" href=\"https:\/\/galerie-institut.com\/en\/produit\/cassigneul-jean-pierre-frontispice-in-les-pieces-condamnees-1977\/\" \/>\n<meta property=\"og:locale\" content=\"en_US\" \/>\n<meta property=\"og:type\" content=\"article\" \/>\n<meta property=\"og:title\" content=\"Cassigneul, Jean-Pierre, Frontispiece to Pi\u00e8ces condamn\u00e9es, 1977 - Galerie Institut\" \/>\n<meta property=\"og:description\" content=\"D\u00e9couvrez l&#039;oeuvre Cassigneul, Jean-Pierre, Frontispiece to Pi\u00e8ces condamn\u00e9es, 1977 disponible \u00e0 la Galerie de l&#039;Institut. Si vous \u00eates int\u00e9ress\u00e9.e.s par Cassigneul, Jean-Pierre, Frontispiece to Pi\u00e8ces condamn\u00e9es, 1977 merci de nous contacter \u00e0 contact@galerie-institut.com\" \/>\n<meta property=\"og:url\" content=\"https:\/\/galerie-institut.com\/en\/produit\/cassigneul-jean-pierre-frontispice-in-les-pieces-condamnees-1977\/\" \/>\n<meta property=\"og:site_name\" content=\"Galerie Institut\" \/>\n<meta property=\"article:modified_time\" content=\"2025-11-21T16:41:38+00:00\" \/>\n<meta property=\"og:image\" content=\"https:\/\/galerie-institut.com\/wp-content\/uploads\/2021\/10\/Frontispice-in-Les-pie\u0300ces-condamne\u0301es-1977.jpg\" \/>\n\t<meta property=\"og:image:width\" content=\"1000\" \/>\n\t<meta property=\"og:image:height\" content=\"1000\" \/>\n\t<meta property=\"og:image:type\" content=\"image\/jpeg\" \/>\n<meta name=\"twitter:card\" content=\"summary_large_image\" \/>\n<script type=\"application\/ld+json\" class=\"yoast-schema-graph\">{\"@context\":\"https:\\\/\\\/schema.org\",\"@graph\":[{\"@type\":\"WebPage\",\"@id\":\"https:\\\/\\\/galerie-institut.com\\\/en\\\/produit\\\/cassigneul-jean-pierre-frontispice-in-les-pieces-condamnees-1977\\\/\",\"url\":\"https:\\\/\\\/galerie-institut.com\\\/en\\\/produit\\\/cassigneul-jean-pierre-frontispice-in-les-pieces-condamnees-1977\\\/\",\"name\":\"Cassigneul, Jean-Pierre, Frontispiece to Pi\u00e8ces condamn\u00e9es, 1977 - Galerie Institut\",\"isPartOf\":{\"@id\":\"https:\\\/\\\/galerie-institut.com\\\/en\\\/#website\"},\"primaryImageOfPage\":{\"@id\":\"https:\\\/\\\/galerie-institut.com\\\/en\\\/produit\\\/cassigneul-jean-pierre-frontispice-in-les-pieces-condamnees-1977\\\/#primaryimage\"},\"image\":{\"@id\":\"https:\\\/\\\/galerie-institut.com\\\/en\\\/produit\\\/cassigneul-jean-pierre-frontispice-in-les-pieces-condamnees-1977\\\/#primaryimage\"},\"thumbnailUrl\":\"https:\\\/\\\/galerie-institut.com\\\/wp-content\\\/uploads\\\/2021\\\/10\\\/Frontispice-in-Les-pie\u0300ces-condamne\u0301es-1977.jpg\",\"datePublished\":\"2021-10-19T09:40:55+00:00\",\"dateModified\":\"2025-11-21T16:41:38+00:00\",\"description\":\"D\u00e9couvrez l'oeuvre Cassigneul, Jean-Pierre, Frontispiece to Pi\u00e8ces condamn\u00e9es, 1977 disponible \u00e0 la Galerie de l'Institut. Si vous \u00eates int\u00e9ress\u00e9.e.s par Cassigneul, Jean-Pierre, Frontispiece to Pi\u00e8ces condamn\u00e9es, 1977 merci de nous contacter \u00e0 contact@galerie-institut.com\",\"breadcrumb\":{\"@id\":\"https:\\\/\\\/galerie-institut.com\\\/en\\\/produit\\\/cassigneul-jean-pierre-frontispice-in-les-pieces-condamnees-1977\\\/#breadcrumb\"},\"inLanguage\":\"en-US\",\"potentialAction\":[{\"@type\":\"ReadAction\",\"target\":[\"https:\\\/\\\/galerie-institut.com\\\/en\\\/produit\\\/cassigneul-jean-pierre-frontispice-in-les-pieces-condamnees-1977\\\/\"]}]},{\"@type\":\"ImageObject\",\"inLanguage\":\"en-US\",\"@id\":\"https:\\\/\\\/galerie-institut.com\\\/en\\\/produit\\\/cassigneul-jean-pierre-frontispice-in-les-pieces-condamnees-1977\\\/#primaryimage\",\"url\":\"https:\\\/\\\/galerie-institut.com\\\/wp-content\\\/uploads\\\/2021\\\/10\\\/Frontispice-in-Les-pie\u0300ces-condamne\u0301es-1977.jpg\",\"contentUrl\":\"https:\\\/\\\/galerie-institut.com\\\/wp-content\\\/uploads\\\/2021\\\/10\\\/Frontispice-in-Les-pie\u0300ces-condamne\u0301es-1977.jpg\",\"width\":1000,\"height\":1000},{\"@type\":\"BreadcrumbList\",\"@id\":\"https:\\\/\\\/galerie-institut.com\\\/en\\\/produit\\\/cassigneul-jean-pierre-frontispice-in-les-pieces-condamnees-1977\\\/#breadcrumb\",\"itemListElement\":[{\"@type\":\"ListItem\",\"position\":1,\"name\":\"Accueil\",\"item\":\"https:\\\/\\\/galerie-institut.com\\\/en\\\/accueil\\\/\"},{\"@type\":\"ListItem\",\"position\":2,\"name\":\"Boutique\",\"item\":\"https:\\\/\\\/galerie-institut.com\\\/?page_id=8607\"},{\"@type\":\"ListItem\",\"position\":3,\"name\":\"Cassigneul, Jean-Pierre, Frontispiece to Pi\u00e8ces condamn\u00e9es, 1977\"}]},{\"@type\":\"WebSite\",\"@id\":\"https:\\\/\\\/galerie-institut.com\\\/en\\\/#website\",\"url\":\"https:\\\/\\\/galerie-institut.com\\\/en\\\/\",\"name\":\"Galerie Institut\",\"description\":\"\",\"potentialAction\":[{\"@type\":\"SearchAction\",\"target\":{\"@type\":\"EntryPoint\",\"urlTemplate\":\"https:\\\/\\\/galerie-institut.com\\\/en\\\/?s={search_term_string}\"},\"query-input\":{\"@type\":\"PropertyValueSpecification\",\"valueRequired\":true,\"valueName\":\"search_term_string\"}}],\"inLanguage\":\"en-US\"}]}<\/script>\n<!-- \/ Yoast SEO plugin. -->","yoast_head_json":{"title":"Cassigneul, Jean-Pierre, Frontispiece to Pi\u00e8ces condamn\u00e9es, 1977 - Galerie Institut","description":"D\u00e9couvrez l'oeuvre Cassigneul, Jean-Pierre, Frontispiece to Pi\u00e8ces condamn\u00e9es, 1977 disponible \u00e0 la Galerie de l'Institut. Si vous \u00eates int\u00e9ress\u00e9.e.s par Cassigneul, Jean-Pierre, Frontispiece to Pi\u00e8ces condamn\u00e9es, 1977 merci de nous contacter \u00e0 contact@galerie-institut.com","robots":{"index":"index","follow":"follow","max-snippet":"max-snippet:-1","max-image-preview":"max-image-preview:large","max-video-preview":"max-video-preview:-1"},"canonical":"https:\/\/galerie-institut.com\/en\/produit\/cassigneul-jean-pierre-frontispice-in-les-pieces-condamnees-1977\/","og_locale":"en_US","og_type":"article","og_title":"Cassigneul, Jean-Pierre, Frontispiece to Pi\u00e8ces condamn\u00e9es, 1977 - Galerie Institut","og_description":"D\u00e9couvrez l'oeuvre Cassigneul, Jean-Pierre, Frontispiece to Pi\u00e8ces condamn\u00e9es, 1977 disponible \u00e0 la Galerie de l'Institut. Si vous \u00eates int\u00e9ress\u00e9.e.s par Cassigneul, Jean-Pierre, Frontispiece to Pi\u00e8ces condamn\u00e9es, 1977 merci de nous contacter \u00e0 contact@galerie-institut.com","og_url":"https:\/\/galerie-institut.com\/en\/produit\/cassigneul-jean-pierre-frontispice-in-les-pieces-condamnees-1977\/","og_site_name":"Galerie Institut","article_modified_time":"2025-11-21T16:41:38+00:00","og_image":[{"width":1000,"height":1000,"url":"https:\/\/galerie-institut.com\/wp-content\/uploads\/2021\/10\/Frontispice-in-Les-pie\u0300ces-condamne\u0301es-1977.jpg","type":"image\/jpeg"}],"twitter_card":"summary_large_image","schema":{"@context":"https:\/\/schema.org","@graph":[{"@type":"WebPage","@id":"https:\/\/galerie-institut.com\/en\/produit\/cassigneul-jean-pierre-frontispice-in-les-pieces-condamnees-1977\/","url":"https:\/\/galerie-institut.com\/en\/produit\/cassigneul-jean-pierre-frontispice-in-les-pieces-condamnees-1977\/","name":"Cassigneul, Jean-Pierre, Frontispiece to Pi\u00e8ces condamn\u00e9es, 1977 - Galerie Institut","isPartOf":{"@id":"https:\/\/galerie-institut.com\/en\/#website"},"primaryImageOfPage":{"@id":"https:\/\/galerie-institut.com\/en\/produit\/cassigneul-jean-pierre-frontispice-in-les-pieces-condamnees-1977\/#primaryimage"},"image":{"@id":"https:\/\/galerie-institut.com\/en\/produit\/cassigneul-jean-pierre-frontispice-in-les-pieces-condamnees-1977\/#primaryimage"},"thumbnailUrl":"https:\/\/galerie-institut.com\/wp-content\/uploads\/2021\/10\/Frontispice-in-Les-pie\u0300ces-condamne\u0301es-1977.jpg","datePublished":"2021-10-19T09:40:55+00:00","dateModified":"2025-11-21T16:41:38+00:00","description":"D\u00e9couvrez l'oeuvre Cassigneul, Jean-Pierre, Frontispiece to Pi\u00e8ces condamn\u00e9es, 1977 disponible \u00e0 la Galerie de l'Institut. Si vous \u00eates int\u00e9ress\u00e9.e.s par Cassigneul, Jean-Pierre, Frontispiece to Pi\u00e8ces condamn\u00e9es, 1977 merci de nous contacter \u00e0 contact@galerie-institut.com","breadcrumb":{"@id":"https:\/\/galerie-institut.com\/en\/produit\/cassigneul-jean-pierre-frontispice-in-les-pieces-condamnees-1977\/#breadcrumb"},"inLanguage":"en-US","potentialAction":[{"@type":"ReadAction","target":["https:\/\/galerie-institut.com\/en\/produit\/cassigneul-jean-pierre-frontispice-in-les-pieces-condamnees-1977\/"]}]},{"@type":"ImageObject","inLanguage":"en-US","@id":"https:\/\/galerie-institut.com\/en\/produit\/cassigneul-jean-pierre-frontispice-in-les-pieces-condamnees-1977\/#primaryimage","url":"https:\/\/galerie-institut.com\/wp-content\/uploads\/2021\/10\/Frontispice-in-Les-pie\u0300ces-condamne\u0301es-1977.jpg","contentUrl":"https:\/\/galerie-institut.com\/wp-content\/uploads\/2021\/10\/Frontispice-in-Les-pie\u0300ces-condamne\u0301es-1977.jpg","width":1000,"height":1000},{"@type":"BreadcrumbList","@id":"https:\/\/galerie-institut.com\/en\/produit\/cassigneul-jean-pierre-frontispice-in-les-pieces-condamnees-1977\/#breadcrumb","itemListElement":[{"@type":"ListItem","position":1,"name":"Accueil","item":"https:\/\/galerie-institut.com\/en\/accueil\/"},{"@type":"ListItem","position":2,"name":"Boutique","item":"https:\/\/galerie-institut.com\/?page_id=8607"},{"@type":"ListItem","position":3,"name":"Cassigneul, Jean-Pierre, Frontispiece to Pi\u00e8ces condamn\u00e9es, 1977"}]},{"@type":"WebSite","@id":"https:\/\/galerie-institut.com\/en\/#website","url":"https:\/\/galerie-institut.com\/en\/","name":"Galerie Institut","description":"","potentialAction":[{"@type":"SearchAction","target":{"@type":"EntryPoint","urlTemplate":"https:\/\/galerie-institut.com\/en\/?s={search_term_string}"},"query-input":{"@type":"PropertyValueSpecification","valueRequired":true,"valueName":"search_term_string"}}],"inLanguage":"en-US"}]}},"_links":{"self":[{"href":"https:\/\/galerie-institut.com\/en\/wp-json\/wp\/v2\/product\/17531","targetHints":{"allow":["GET"]}}],"collection":[{"href":"https:\/\/galerie-institut.com\/en\/wp-json\/wp\/v2\/product"}],"about":[{"href":"https:\/\/galerie-institut.com\/en\/wp-json\/wp\/v2\/types\/product"}],"replies":[{"embeddable":true,"href":"https:\/\/galerie-institut.com\/en\/wp-json\/wp\/v2\/comments?post=17531"}],"wp:featuredmedia":[{"embeddable":true,"href":"https:\/\/galerie-institut.com\/en\/wp-json\/wp\/v2\/media\/17533"}],"wp:attachment":[{"href":"https:\/\/galerie-institut.com\/en\/wp-json\/wp\/v2\/media?parent=17531"}],"wp:term":[{"taxonomy":"product_brand","embeddable":true,"href":"https:\/\/galerie-institut.com\/en\/wp-json\/wp\/v2\/product_brand?post=17531"},{"taxonomy":"product_cat","embeddable":true,"href":"https:\/\/galerie-institut.com\/en\/wp-json\/wp\/v2\/product_cat?post=17531"},{"taxonomy":"product_tag","embeddable":true,"href":"https:\/\/galerie-institut.com\/en\/wp-json\/wp\/v2\/product_tag?post=17531"}],"curies":[{"name":"wp","href":"https:\/\/api.w.org\/{rel}","templated":true}]}}