{"id":17520,"date":"2021-10-22T15:55:05","date_gmt":"2021-10-22T15:55:05","guid":{"rendered":"https:\/\/galerie-institut.com\/produit\/jenkins-paul-phenomena-edge-of-august\/"},"modified":"2025-11-21T16:41:24","modified_gmt":"2025-11-21T16:41:24","slug":"jenkins-paul-phenomena-edge-of-august-xxxx","status":"publish","type":"product","link":"https:\/\/galerie-institut.com\/en\/produit\/jenkins-paul-phenomena-edge-of-august-xxxx\/","title":{"rendered":"Jenkins, Paul, Phenomena Edge of August"},"content":{"rendered":"<p>Watercolor<\/p>\n<p>76 x 57.5 cm<\/p>\n<p>Signed by the artist lower center right<\/p>\n<p>&nbsp;<\/p>\n","protected":false},"excerpt":{"rendered":"<p>According to Paul Jenkins himself, this title, alone or followed by a phrase or key words, illustrates: &#8220;the capture of reality in its perpetual metamorphoses, both the act of painting and its final result&#8221;.<\/p>\n<p>Paper thus becomes a space for redefining color, light and space. The act of painting becomes a subject in itself: &#8220;Color is a sensation, not an external manifestation of nature&#8221;. This is why a poetic form emerges from this vibrant composition, where paint flows, bleeds and accumulates.  <\/p>\n<p>&nbsp;<\/p>\n","protected":false},"featured_media":17521,"comment_status":"open","ping_status":"closed","template":"","meta":{"_et_pb_use_builder":"on","_et_pb_old_content":"Watercolor\n\n76 x 57.5 cm\n\nSigned by the artist lower center right\n\n\u00a0","_et_gb_content_width":""},"product_brand":[],"product_cat":[316,272],"product_tag":[274,298],"class_list":{"0":"post-17520","1":"product","2":"type-product","3":"status-publish","4":"has-post-thumbnail","6":"product_cat-jenkins","7":"product_cat-unique-works","8":"product_tag-table","9":"product_tag-watercolor","11":"first","12":"instock","13":"shipping-taxable","14":"product-type-simple"},"yoast_head":"<!-- This site is optimized with the Yoast SEO plugin v27.4 - https:\/\/yoast.com\/product\/yoast-seo-wordpress\/ -->\n<title>Jenkins, Paul, Phenomena Edge of August - Galerie Institut<\/title>\n<meta name=\"description\" content=\"D\u00e9couvrez l&#039;oeuvre Jenkins, Paul, Phenomena Edge of August disponible \u00e0 la Galerie de l&#039;Institut. Si vous \u00eates int\u00e9ress\u00e9.e.s par Jenkins, Paul, Phenomena Edge of August merci de nous contacter \u00e0 contact@galerie-institut.com\" \/>\n<meta name=\"robots\" content=\"index, follow, max-snippet:-1, max-image-preview:large, max-video-preview:-1\" \/>\n<link rel=\"canonical\" href=\"https:\/\/galerie-institut.com\/en\/produit\/jenkins-paul-phenomena-edge-of-august-xxxx\/\" \/>\n<meta property=\"og:locale\" content=\"en_US\" \/>\n<meta property=\"og:type\" content=\"article\" \/>\n<meta property=\"og:title\" content=\"Jenkins, Paul, Phenomena Edge of August - Galerie Institut\" \/>\n<meta property=\"og:description\" content=\"D\u00e9couvrez l&#039;oeuvre Jenkins, Paul, Phenomena Edge of August disponible \u00e0 la Galerie de l&#039;Institut. Si vous \u00eates int\u00e9ress\u00e9.e.s par Jenkins, Paul, Phenomena Edge of August merci de nous contacter \u00e0 contact@galerie-institut.com\" \/>\n<meta property=\"og:url\" content=\"https:\/\/galerie-institut.com\/en\/produit\/jenkins-paul-phenomena-edge-of-august-xxxx\/\" \/>\n<meta property=\"og:site_name\" content=\"Galerie Institut\" \/>\n<meta property=\"article:modified_time\" content=\"2025-11-21T16:41:24+00:00\" \/>\n<meta property=\"og:image\" content=\"https:\/\/galerie-institut.com\/wp-content\/uploads\/2021\/10\/jenkins-paul-phenomena-edge-of-august.jpg\" \/>\n\t<meta property=\"og:image:width\" content=\"1000\" \/>\n\t<meta property=\"og:image:height\" content=\"1000\" \/>\n\t<meta property=\"og:image:type\" content=\"image\/jpeg\" \/>\n<meta name=\"twitter:card\" content=\"summary_large_image\" \/>\n<script type=\"application\/ld+json\" class=\"yoast-schema-graph\">{\"@context\":\"https:\\\/\\\/schema.org\",\"@graph\":[{\"@type\":\"WebPage\",\"@id\":\"https:\\\/\\\/galerie-institut.com\\\/en\\\/produit\\\/jenkins-paul-phenomena-edge-of-august-xxxx\\\/\",\"url\":\"https:\\\/\\\/galerie-institut.com\\\/en\\\/produit\\\/jenkins-paul-phenomena-edge-of-august-xxxx\\\/\",\"name\":\"Jenkins, Paul, Phenomena Edge of August - Galerie Institut\",\"isPartOf\":{\"@id\":\"https:\\\/\\\/galerie-institut.com\\\/en\\\/#website\"},\"primaryImageOfPage\":{\"@id\":\"https:\\\/\\\/galerie-institut.com\\\/en\\\/produit\\\/jenkins-paul-phenomena-edge-of-august-xxxx\\\/#primaryimage\"},\"image\":{\"@id\":\"https:\\\/\\\/galerie-institut.com\\\/en\\\/produit\\\/jenkins-paul-phenomena-edge-of-august-xxxx\\\/#primaryimage\"},\"thumbnailUrl\":\"https:\\\/\\\/galerie-institut.com\\\/wp-content\\\/uploads\\\/2021\\\/10\\\/jenkins-paul-phenomena-edge-of-august.jpg\",\"datePublished\":\"2021-10-22T15:55:05+00:00\",\"dateModified\":\"2025-11-21T16:41:24+00:00\",\"description\":\"D\u00e9couvrez l'oeuvre Jenkins, Paul, Phenomena Edge of August disponible \u00e0 la Galerie de l'Institut. Si vous \u00eates int\u00e9ress\u00e9.e.s par Jenkins, Paul, Phenomena Edge of August merci de nous contacter \u00e0 contact@galerie-institut.com\",\"breadcrumb\":{\"@id\":\"https:\\\/\\\/galerie-institut.com\\\/en\\\/produit\\\/jenkins-paul-phenomena-edge-of-august-xxxx\\\/#breadcrumb\"},\"inLanguage\":\"en-US\",\"potentialAction\":[{\"@type\":\"ReadAction\",\"target\":[\"https:\\\/\\\/galerie-institut.com\\\/en\\\/produit\\\/jenkins-paul-phenomena-edge-of-august-xxxx\\\/\"]}]},{\"@type\":\"ImageObject\",\"inLanguage\":\"en-US\",\"@id\":\"https:\\\/\\\/galerie-institut.com\\\/en\\\/produit\\\/jenkins-paul-phenomena-edge-of-august-xxxx\\\/#primaryimage\",\"url\":\"https:\\\/\\\/galerie-institut.com\\\/wp-content\\\/uploads\\\/2021\\\/10\\\/jenkins-paul-phenomena-edge-of-august.jpg\",\"contentUrl\":\"https:\\\/\\\/galerie-institut.com\\\/wp-content\\\/uploads\\\/2021\\\/10\\\/jenkins-paul-phenomena-edge-of-august.jpg\",\"width\":1000,\"height\":1000},{\"@type\":\"BreadcrumbList\",\"@id\":\"https:\\\/\\\/galerie-institut.com\\\/en\\\/produit\\\/jenkins-paul-phenomena-edge-of-august-xxxx\\\/#breadcrumb\",\"itemListElement\":[{\"@type\":\"ListItem\",\"position\":1,\"name\":\"Accueil\",\"item\":\"https:\\\/\\\/galerie-institut.com\\\/en\\\/accueil\\\/\"},{\"@type\":\"ListItem\",\"position\":2,\"name\":\"Boutique\",\"item\":\"https:\\\/\\\/galerie-institut.com\\\/?page_id=8607\"},{\"@type\":\"ListItem\",\"position\":3,\"name\":\"Jenkins, Paul, Phenomena Edge of August\"}]},{\"@type\":\"WebSite\",\"@id\":\"https:\\\/\\\/galerie-institut.com\\\/en\\\/#website\",\"url\":\"https:\\\/\\\/galerie-institut.com\\\/en\\\/\",\"name\":\"Galerie Institut\",\"description\":\"\",\"potentialAction\":[{\"@type\":\"SearchAction\",\"target\":{\"@type\":\"EntryPoint\",\"urlTemplate\":\"https:\\\/\\\/galerie-institut.com\\\/en\\\/?s={search_term_string}\"},\"query-input\":{\"@type\":\"PropertyValueSpecification\",\"valueRequired\":true,\"valueName\":\"search_term_string\"}}],\"inLanguage\":\"en-US\"}]}<\/script>\n<!-- \/ Yoast SEO plugin. -->","yoast_head_json":{"title":"Jenkins, Paul, Phenomena Edge of August - Galerie Institut","description":"D\u00e9couvrez l'oeuvre Jenkins, Paul, Phenomena Edge of August disponible \u00e0 la Galerie de l'Institut. Si vous \u00eates int\u00e9ress\u00e9.e.s par Jenkins, Paul, Phenomena Edge of August merci de nous contacter \u00e0 contact@galerie-institut.com","robots":{"index":"index","follow":"follow","max-snippet":"max-snippet:-1","max-image-preview":"max-image-preview:large","max-video-preview":"max-video-preview:-1"},"canonical":"https:\/\/galerie-institut.com\/en\/produit\/jenkins-paul-phenomena-edge-of-august-xxxx\/","og_locale":"en_US","og_type":"article","og_title":"Jenkins, Paul, Phenomena Edge of August - Galerie Institut","og_description":"D\u00e9couvrez l'oeuvre Jenkins, Paul, Phenomena Edge of August disponible \u00e0 la Galerie de l'Institut. Si vous \u00eates int\u00e9ress\u00e9.e.s par Jenkins, Paul, Phenomena Edge of August merci de nous contacter \u00e0 contact@galerie-institut.com","og_url":"https:\/\/galerie-institut.com\/en\/produit\/jenkins-paul-phenomena-edge-of-august-xxxx\/","og_site_name":"Galerie Institut","article_modified_time":"2025-11-21T16:41:24+00:00","og_image":[{"width":1000,"height":1000,"url":"https:\/\/galerie-institut.com\/wp-content\/uploads\/2021\/10\/jenkins-paul-phenomena-edge-of-august.jpg","type":"image\/jpeg"}],"twitter_card":"summary_large_image","schema":{"@context":"https:\/\/schema.org","@graph":[{"@type":"WebPage","@id":"https:\/\/galerie-institut.com\/en\/produit\/jenkins-paul-phenomena-edge-of-august-xxxx\/","url":"https:\/\/galerie-institut.com\/en\/produit\/jenkins-paul-phenomena-edge-of-august-xxxx\/","name":"Jenkins, Paul, Phenomena Edge of August - Galerie Institut","isPartOf":{"@id":"https:\/\/galerie-institut.com\/en\/#website"},"primaryImageOfPage":{"@id":"https:\/\/galerie-institut.com\/en\/produit\/jenkins-paul-phenomena-edge-of-august-xxxx\/#primaryimage"},"image":{"@id":"https:\/\/galerie-institut.com\/en\/produit\/jenkins-paul-phenomena-edge-of-august-xxxx\/#primaryimage"},"thumbnailUrl":"https:\/\/galerie-institut.com\/wp-content\/uploads\/2021\/10\/jenkins-paul-phenomena-edge-of-august.jpg","datePublished":"2021-10-22T15:55:05+00:00","dateModified":"2025-11-21T16:41:24+00:00","description":"D\u00e9couvrez l'oeuvre Jenkins, Paul, Phenomena Edge of August disponible \u00e0 la Galerie de l'Institut. Si vous \u00eates int\u00e9ress\u00e9.e.s par Jenkins, Paul, Phenomena Edge of August merci de nous contacter \u00e0 contact@galerie-institut.com","breadcrumb":{"@id":"https:\/\/galerie-institut.com\/en\/produit\/jenkins-paul-phenomena-edge-of-august-xxxx\/#breadcrumb"},"inLanguage":"en-US","potentialAction":[{"@type":"ReadAction","target":["https:\/\/galerie-institut.com\/en\/produit\/jenkins-paul-phenomena-edge-of-august-xxxx\/"]}]},{"@type":"ImageObject","inLanguage":"en-US","@id":"https:\/\/galerie-institut.com\/en\/produit\/jenkins-paul-phenomena-edge-of-august-xxxx\/#primaryimage","url":"https:\/\/galerie-institut.com\/wp-content\/uploads\/2021\/10\/jenkins-paul-phenomena-edge-of-august.jpg","contentUrl":"https:\/\/galerie-institut.com\/wp-content\/uploads\/2021\/10\/jenkins-paul-phenomena-edge-of-august.jpg","width":1000,"height":1000},{"@type":"BreadcrumbList","@id":"https:\/\/galerie-institut.com\/en\/produit\/jenkins-paul-phenomena-edge-of-august-xxxx\/#breadcrumb","itemListElement":[{"@type":"ListItem","position":1,"name":"Accueil","item":"https:\/\/galerie-institut.com\/en\/accueil\/"},{"@type":"ListItem","position":2,"name":"Boutique","item":"https:\/\/galerie-institut.com\/?page_id=8607"},{"@type":"ListItem","position":3,"name":"Jenkins, Paul, Phenomena Edge of August"}]},{"@type":"WebSite","@id":"https:\/\/galerie-institut.com\/en\/#website","url":"https:\/\/galerie-institut.com\/en\/","name":"Galerie Institut","description":"","potentialAction":[{"@type":"SearchAction","target":{"@type":"EntryPoint","urlTemplate":"https:\/\/galerie-institut.com\/en\/?s={search_term_string}"},"query-input":{"@type":"PropertyValueSpecification","valueRequired":true,"valueName":"search_term_string"}}],"inLanguage":"en-US"}]}},"_links":{"self":[{"href":"https:\/\/galerie-institut.com\/en\/wp-json\/wp\/v2\/product\/17520","targetHints":{"allow":["GET"]}}],"collection":[{"href":"https:\/\/galerie-institut.com\/en\/wp-json\/wp\/v2\/product"}],"about":[{"href":"https:\/\/galerie-institut.com\/en\/wp-json\/wp\/v2\/types\/product"}],"replies":[{"embeddable":true,"href":"https:\/\/galerie-institut.com\/en\/wp-json\/wp\/v2\/comments?post=17520"}],"wp:featuredmedia":[{"embeddable":true,"href":"https:\/\/galerie-institut.com\/en\/wp-json\/wp\/v2\/media\/17521"}],"wp:attachment":[{"href":"https:\/\/galerie-institut.com\/en\/wp-json\/wp\/v2\/media?parent=17520"}],"wp:term":[{"taxonomy":"product_brand","embeddable":true,"href":"https:\/\/galerie-institut.com\/en\/wp-json\/wp\/v2\/product_brand?post=17520"},{"taxonomy":"product_cat","embeddable":true,"href":"https:\/\/galerie-institut.com\/en\/wp-json\/wp\/v2\/product_cat?post=17520"},{"taxonomy":"product_tag","embeddable":true,"href":"https:\/\/galerie-institut.com\/en\/wp-json\/wp\/v2\/product_tag?post=17520"}],"curies":[{"name":"wp","href":"https:\/\/api.w.org\/{rel}","templated":true}]}}