{"id":17510,"date":"2021-10-23T08:17:04","date_gmt":"2021-10-23T08:17:04","guid":{"rendered":"https:\/\/galerie-institut.com\/produit\/miro-joan-the-powerful-thinker-1969\/"},"modified":"2025-11-21T16:41:07","modified_gmt":"2025-11-21T16:41:07","slug":"miro-joan-la-fronde-1969","status":"publish","type":"product","link":"https:\/\/galerie-institut.com\/en\/produit\/miro-joan-la-fronde-1969\/","title":{"rendered":"Mir\u00f3, Joan, The Powerful Thinker, 1969"},"content":{"rendered":"<p>1969<\/p>\n<p>Original etching, drypoint, aquatint and carborundum on Arches paper<\/p>\n<p>105.5 x 68.2 cm<\/p>\n<p>Annotated in pencil lower left &#8220;HC&#8221;, signed by the artist in pencil lower right<\/p>\n<p>Maeght \u00e9diteur, Paris<\/p>\n<p>Catalogue raisonn\u00e9 Dupin 514<\/p>\n","protected":false},"excerpt":{"rendered":"<p>Of the hundred or so prints in Volume III of Joan Miro&#8217;s etchings, seventy-two use the carborundum technique. The powerful thinker captures the viewer with the depth of black, the vividness of red and the contrast created between the two. From the lines and shapes drawn by the black appears the silhouette of a man with a shy smile, probably &#8220;The Powerful Thinker&#8221;. This power comes from the red spread almost violently across the paper, but also from the figure that imposes itself from all sides, even in the margins.   <\/p>\n<p>&nbsp;<\/p>\n","protected":false},"featured_media":17511,"comment_status":"open","ping_status":"closed","template":"","meta":{"_et_pb_use_builder":"","_et_pb_old_content":"","_et_gb_content_width":""},"product_brand":[],"product_cat":[275,267],"product_tag":[174,268],"class_list":{"0":"post-17510","1":"product","2":"type-product","3":"status-publish","4":"has-post-thumbnail","6":"product_cat-miro","7":"product_cat-estampes","8":"product_tag-etching","9":"product_tag-print","11":"first","12":"instock","13":"shipping-taxable","14":"product-type-simple"},"yoast_head":"<!-- This site is optimized with the Yoast SEO plugin v27.4 - https:\/\/yoast.com\/product\/yoast-seo-wordpress\/ -->\n<title>Mir\u00f3, Joan, The Powerful Thinker, 1969 - Galerie Institut<\/title>\n<meta name=\"description\" content=\"D\u00e9couvrez l&#039;oeuvre Mir\u00f3, Joan, The Powerful Thinker, 1969 disponible \u00e0 la Galerie de l&#039;Institut. Si vous \u00eates int\u00e9ress\u00e9.e.s par Mir\u00f3, Joan, The Powerful Thinker, 1969 merci de nous contacter \u00e0 contact@galerie-institut.com\" \/>\n<meta name=\"robots\" content=\"index, follow, max-snippet:-1, max-image-preview:large, max-video-preview:-1\" \/>\n<link rel=\"canonical\" href=\"https:\/\/galerie-institut.com\/en\/produit\/miro-joan-la-fronde-1969\/\" \/>\n<meta property=\"og:locale\" content=\"en_US\" \/>\n<meta property=\"og:type\" content=\"article\" \/>\n<meta property=\"og:title\" content=\"Mir\u00f3, Joan, The Powerful Thinker, 1969 - Galerie Institut\" \/>\n<meta property=\"og:description\" content=\"D\u00e9couvrez l&#039;oeuvre Mir\u00f3, Joan, The Powerful Thinker, 1969 disponible \u00e0 la Galerie de l&#039;Institut. Si vous \u00eates int\u00e9ress\u00e9.e.s par Mir\u00f3, Joan, The Powerful Thinker, 1969 merci de nous contacter \u00e0 contact@galerie-institut.com\" \/>\n<meta property=\"og:url\" content=\"https:\/\/galerie-institut.com\/en\/produit\/miro-joan-la-fronde-1969\/\" \/>\n<meta property=\"og:site_name\" content=\"Galerie Institut\" \/>\n<meta property=\"article:modified_time\" content=\"2025-11-21T16:41:07+00:00\" \/>\n<meta property=\"og:image\" content=\"https:\/\/galerie-institut.com\/wp-content\/uploads\/2021\/10\/miro-joan-1969-le-penseur-puissant.jpg\" \/>\n\t<meta property=\"og:image:width\" content=\"1000\" \/>\n\t<meta property=\"og:image:height\" content=\"1000\" \/>\n\t<meta property=\"og:image:type\" content=\"image\/jpeg\" \/>\n<meta name=\"twitter:card\" content=\"summary_large_image\" \/>\n<script type=\"application\/ld+json\" class=\"yoast-schema-graph\">{\"@context\":\"https:\\\/\\\/schema.org\",\"@graph\":[{\"@type\":\"WebPage\",\"@id\":\"https:\\\/\\\/galerie-institut.com\\\/en\\\/produit\\\/miro-joan-la-fronde-1969\\\/\",\"url\":\"https:\\\/\\\/galerie-institut.com\\\/en\\\/produit\\\/miro-joan-la-fronde-1969\\\/\",\"name\":\"Mir\u00f3, Joan, The Powerful Thinker, 1969 - Galerie Institut\",\"isPartOf\":{\"@id\":\"https:\\\/\\\/galerie-institut.com\\\/en\\\/#website\"},\"primaryImageOfPage\":{\"@id\":\"https:\\\/\\\/galerie-institut.com\\\/en\\\/produit\\\/miro-joan-la-fronde-1969\\\/#primaryimage\"},\"image\":{\"@id\":\"https:\\\/\\\/galerie-institut.com\\\/en\\\/produit\\\/miro-joan-la-fronde-1969\\\/#primaryimage\"},\"thumbnailUrl\":\"https:\\\/\\\/galerie-institut.com\\\/wp-content\\\/uploads\\\/2021\\\/10\\\/miro-joan-1969-le-penseur-puissant.jpg\",\"datePublished\":\"2021-10-23T08:17:04+00:00\",\"dateModified\":\"2025-11-21T16:41:07+00:00\",\"description\":\"D\u00e9couvrez l'oeuvre Mir\u00f3, Joan, The Powerful Thinker, 1969 disponible \u00e0 la Galerie de l'Institut. Si vous \u00eates int\u00e9ress\u00e9.e.s par Mir\u00f3, Joan, The Powerful Thinker, 1969 merci de nous contacter \u00e0 contact@galerie-institut.com\",\"breadcrumb\":{\"@id\":\"https:\\\/\\\/galerie-institut.com\\\/en\\\/produit\\\/miro-joan-la-fronde-1969\\\/#breadcrumb\"},\"inLanguage\":\"en-US\",\"potentialAction\":[{\"@type\":\"ReadAction\",\"target\":[\"https:\\\/\\\/galerie-institut.com\\\/en\\\/produit\\\/miro-joan-la-fronde-1969\\\/\"]}]},{\"@type\":\"ImageObject\",\"inLanguage\":\"en-US\",\"@id\":\"https:\\\/\\\/galerie-institut.com\\\/en\\\/produit\\\/miro-joan-la-fronde-1969\\\/#primaryimage\",\"url\":\"https:\\\/\\\/galerie-institut.com\\\/wp-content\\\/uploads\\\/2021\\\/10\\\/miro-joan-1969-le-penseur-puissant.jpg\",\"contentUrl\":\"https:\\\/\\\/galerie-institut.com\\\/wp-content\\\/uploads\\\/2021\\\/10\\\/miro-joan-1969-le-penseur-puissant.jpg\",\"width\":1000,\"height\":1000},{\"@type\":\"BreadcrumbList\",\"@id\":\"https:\\\/\\\/galerie-institut.com\\\/en\\\/produit\\\/miro-joan-la-fronde-1969\\\/#breadcrumb\",\"itemListElement\":[{\"@type\":\"ListItem\",\"position\":1,\"name\":\"Accueil\",\"item\":\"https:\\\/\\\/galerie-institut.com\\\/en\\\/accueil\\\/\"},{\"@type\":\"ListItem\",\"position\":2,\"name\":\"Boutique\",\"item\":\"https:\\\/\\\/galerie-institut.com\\\/?page_id=8607\"},{\"@type\":\"ListItem\",\"position\":3,\"name\":\"Mir\u00f3, Joan, The Powerful Thinker, 1969\"}]},{\"@type\":\"WebSite\",\"@id\":\"https:\\\/\\\/galerie-institut.com\\\/en\\\/#website\",\"url\":\"https:\\\/\\\/galerie-institut.com\\\/en\\\/\",\"name\":\"Galerie Institut\",\"description\":\"\",\"potentialAction\":[{\"@type\":\"SearchAction\",\"target\":{\"@type\":\"EntryPoint\",\"urlTemplate\":\"https:\\\/\\\/galerie-institut.com\\\/en\\\/?s={search_term_string}\"},\"query-input\":{\"@type\":\"PropertyValueSpecification\",\"valueRequired\":true,\"valueName\":\"search_term_string\"}}],\"inLanguage\":\"en-US\"}]}<\/script>\n<!-- \/ Yoast SEO plugin. -->","yoast_head_json":{"title":"Mir\u00f3, Joan, The Powerful Thinker, 1969 - Galerie Institut","description":"D\u00e9couvrez l'oeuvre Mir\u00f3, Joan, The Powerful Thinker, 1969 disponible \u00e0 la Galerie de l'Institut. Si vous \u00eates int\u00e9ress\u00e9.e.s par Mir\u00f3, Joan, The Powerful Thinker, 1969 merci de nous contacter \u00e0 contact@galerie-institut.com","robots":{"index":"index","follow":"follow","max-snippet":"max-snippet:-1","max-image-preview":"max-image-preview:large","max-video-preview":"max-video-preview:-1"},"canonical":"https:\/\/galerie-institut.com\/en\/produit\/miro-joan-la-fronde-1969\/","og_locale":"en_US","og_type":"article","og_title":"Mir\u00f3, Joan, The Powerful Thinker, 1969 - Galerie Institut","og_description":"D\u00e9couvrez l'oeuvre Mir\u00f3, Joan, The Powerful Thinker, 1969 disponible \u00e0 la Galerie de l'Institut. Si vous \u00eates int\u00e9ress\u00e9.e.s par Mir\u00f3, Joan, The Powerful Thinker, 1969 merci de nous contacter \u00e0 contact@galerie-institut.com","og_url":"https:\/\/galerie-institut.com\/en\/produit\/miro-joan-la-fronde-1969\/","og_site_name":"Galerie Institut","article_modified_time":"2025-11-21T16:41:07+00:00","og_image":[{"width":1000,"height":1000,"url":"https:\/\/galerie-institut.com\/wp-content\/uploads\/2021\/10\/miro-joan-1969-le-penseur-puissant.jpg","type":"image\/jpeg"}],"twitter_card":"summary_large_image","schema":{"@context":"https:\/\/schema.org","@graph":[{"@type":"WebPage","@id":"https:\/\/galerie-institut.com\/en\/produit\/miro-joan-la-fronde-1969\/","url":"https:\/\/galerie-institut.com\/en\/produit\/miro-joan-la-fronde-1969\/","name":"Mir\u00f3, Joan, The Powerful Thinker, 1969 - Galerie Institut","isPartOf":{"@id":"https:\/\/galerie-institut.com\/en\/#website"},"primaryImageOfPage":{"@id":"https:\/\/galerie-institut.com\/en\/produit\/miro-joan-la-fronde-1969\/#primaryimage"},"image":{"@id":"https:\/\/galerie-institut.com\/en\/produit\/miro-joan-la-fronde-1969\/#primaryimage"},"thumbnailUrl":"https:\/\/galerie-institut.com\/wp-content\/uploads\/2021\/10\/miro-joan-1969-le-penseur-puissant.jpg","datePublished":"2021-10-23T08:17:04+00:00","dateModified":"2025-11-21T16:41:07+00:00","description":"D\u00e9couvrez l'oeuvre Mir\u00f3, Joan, The Powerful Thinker, 1969 disponible \u00e0 la Galerie de l'Institut. Si vous \u00eates int\u00e9ress\u00e9.e.s par Mir\u00f3, Joan, The Powerful Thinker, 1969 merci de nous contacter \u00e0 contact@galerie-institut.com","breadcrumb":{"@id":"https:\/\/galerie-institut.com\/en\/produit\/miro-joan-la-fronde-1969\/#breadcrumb"},"inLanguage":"en-US","potentialAction":[{"@type":"ReadAction","target":["https:\/\/galerie-institut.com\/en\/produit\/miro-joan-la-fronde-1969\/"]}]},{"@type":"ImageObject","inLanguage":"en-US","@id":"https:\/\/galerie-institut.com\/en\/produit\/miro-joan-la-fronde-1969\/#primaryimage","url":"https:\/\/galerie-institut.com\/wp-content\/uploads\/2021\/10\/miro-joan-1969-le-penseur-puissant.jpg","contentUrl":"https:\/\/galerie-institut.com\/wp-content\/uploads\/2021\/10\/miro-joan-1969-le-penseur-puissant.jpg","width":1000,"height":1000},{"@type":"BreadcrumbList","@id":"https:\/\/galerie-institut.com\/en\/produit\/miro-joan-la-fronde-1969\/#breadcrumb","itemListElement":[{"@type":"ListItem","position":1,"name":"Accueil","item":"https:\/\/galerie-institut.com\/en\/accueil\/"},{"@type":"ListItem","position":2,"name":"Boutique","item":"https:\/\/galerie-institut.com\/?page_id=8607"},{"@type":"ListItem","position":3,"name":"Mir\u00f3, Joan, The Powerful Thinker, 1969"}]},{"@type":"WebSite","@id":"https:\/\/galerie-institut.com\/en\/#website","url":"https:\/\/galerie-institut.com\/en\/","name":"Galerie Institut","description":"","potentialAction":[{"@type":"SearchAction","target":{"@type":"EntryPoint","urlTemplate":"https:\/\/galerie-institut.com\/en\/?s={search_term_string}"},"query-input":{"@type":"PropertyValueSpecification","valueRequired":true,"valueName":"search_term_string"}}],"inLanguage":"en-US"}]}},"_links":{"self":[{"href":"https:\/\/galerie-institut.com\/en\/wp-json\/wp\/v2\/product\/17510","targetHints":{"allow":["GET"]}}],"collection":[{"href":"https:\/\/galerie-institut.com\/en\/wp-json\/wp\/v2\/product"}],"about":[{"href":"https:\/\/galerie-institut.com\/en\/wp-json\/wp\/v2\/types\/product"}],"replies":[{"embeddable":true,"href":"https:\/\/galerie-institut.com\/en\/wp-json\/wp\/v2\/comments?post=17510"}],"wp:featuredmedia":[{"embeddable":true,"href":"https:\/\/galerie-institut.com\/en\/wp-json\/wp\/v2\/media\/17511"}],"wp:attachment":[{"href":"https:\/\/galerie-institut.com\/en\/wp-json\/wp\/v2\/media?parent=17510"}],"wp:term":[{"taxonomy":"product_brand","embeddable":true,"href":"https:\/\/galerie-institut.com\/en\/wp-json\/wp\/v2\/product_brand?post=17510"},{"taxonomy":"product_cat","embeddable":true,"href":"https:\/\/galerie-institut.com\/en\/wp-json\/wp\/v2\/product_cat?post=17510"},{"taxonomy":"product_tag","embeddable":true,"href":"https:\/\/galerie-institut.com\/en\/wp-json\/wp\/v2\/product_tag?post=17510"}],"curies":[{"name":"wp","href":"https:\/\/api.w.org\/{rel}","templated":true}]}}