{"id":17502,"date":"2021-10-23T10:28:12","date_gmt":"2021-10-23T10:28:12","guid":{"rendered":"https:\/\/galerie-institut.com\/produit\/lurcat-jean-surrealist-landscape-1939\/"},"modified":"2025-11-21T16:41:05","modified_gmt":"2025-11-21T16:41:05","slug":"lurcat-jean-paysage-surrealiste-1939","status":"publish","type":"product","link":"https:\/\/galerie-institut.com\/en\/produit\/lurcat-jean-paysage-surrealiste-1939\/","title":{"rendered":"Lur\u00e7at, Jean, Surrealist Landscape, 1939"},"content":{"rendered":"<p>1939<\/p>\n<p>Oil on canvas<\/p>\n<p>129 x 195 cm<\/p>\n<p>Signed and dated by the artist lower right<\/p>\n","protected":false},"excerpt":{"rendered":"<blockquote><p>&#8220;Desolation seemed at that moment to occupy all his thoughts, but he couldn&#8217;t help externalizing it with all the beauty he could impart by painting it&#8221;. J. Catesby Jones, American lawyer, collector and friend of the artist. <\/p><\/blockquote>\n<p>By 1939, Lur\u00e7at was aware of the irreversible nature of rising peril. The coalition governments that succeeded the Front Populaire lost interest in the wreckage of the Spanish Republic. In the arts, this betrayal was denounced in numerous works. Added to this was the increasingly worrying threat of fascism in Europe.   <\/p>\n<p>&#8220;Jean Lur\u00e7at] reacts as an artist, multiplying scenes of combat on the heavy sands of dark beaches, under the massive clouds of a tormented sky: spears, ladders, banners form both the stakes and the instruments of the furious clashes between men struck by madness&#8221;<em>(Catalogue raisonn\u00e9<\/em>).<\/p>\n<p>The landscape is one of desolation. The sea is the color of blood, the clouds allegorically evoke a French nation going up in smoke, and on the sand, masts and holes herald a macabre event. <\/p>\n<p>&nbsp;<\/p>\n<p>Information from the exhibition book <em>Jean Lur\u00e7at, Au Seul Bruit du Soleil<\/em>.<\/p>\n","protected":false},"featured_media":17505,"comment_status":"open","ping_status":"closed","template":"","meta":{"_et_pb_use_builder":"","_et_pb_old_content":"","_et_gb_content_width":""},"product_brand":[],"product_cat":[314,272],"product_tag":[165,274],"class_list":{"0":"post-17502","1":"product","2":"type-product","3":"status-publish","4":"has-post-thumbnail","6":"product_cat-lurcat","7":"product_cat-unique-works","8":"product_tag-oil-on-canvas","9":"product_tag-table","11":"first","12":"instock","13":"shipping-taxable","14":"product-type-simple"},"yoast_head":"<!-- This site is optimized with the Yoast SEO plugin v27.4 - https:\/\/yoast.com\/product\/yoast-seo-wordpress\/ -->\n<title>Lur\u00e7at, Jean, Surrealist Landscape, 1939 - Galerie Institut<\/title>\n<meta name=\"description\" content=\"D\u00e9couvrez l&#039;oeuvre Lur\u00e7at, Jean, Surrealist Landscape, 1939 disponible \u00e0 la Galerie de l&#039;Institut. Si vous \u00eates int\u00e9ress\u00e9.e.s par Lur\u00e7at, Jean, Surrealist Landscape, 1939 merci de nous contacter \u00e0 contact@galerie-institut.com\" \/>\n<meta name=\"robots\" content=\"index, follow, max-snippet:-1, max-image-preview:large, max-video-preview:-1\" \/>\n<link rel=\"canonical\" href=\"https:\/\/galerie-institut.com\/en\/produit\/lurcat-jean-paysage-surrealiste-1939\/\" \/>\n<meta property=\"og:locale\" content=\"en_US\" \/>\n<meta property=\"og:type\" content=\"article\" \/>\n<meta property=\"og:title\" content=\"Lur\u00e7at, Jean, Surrealist Landscape, 1939 - Galerie Institut\" \/>\n<meta property=\"og:description\" content=\"D\u00e9couvrez l&#039;oeuvre Lur\u00e7at, Jean, Surrealist Landscape, 1939 disponible \u00e0 la Galerie de l&#039;Institut. Si vous \u00eates int\u00e9ress\u00e9.e.s par Lur\u00e7at, Jean, Surrealist Landscape, 1939 merci de nous contacter \u00e0 contact@galerie-institut.com\" \/>\n<meta property=\"og:url\" content=\"https:\/\/galerie-institut.com\/en\/produit\/lurcat-jean-paysage-surrealiste-1939\/\" \/>\n<meta property=\"og:site_name\" content=\"Galerie Institut\" \/>\n<meta property=\"article:modified_time\" content=\"2025-11-21T16:41:05+00:00\" \/>\n<meta property=\"og:image\" content=\"https:\/\/galerie-institut.com\/wp-content\/uploads\/2021\/10\/lurcat-jean-1939-paysage-surrealiste.jpg\" \/>\n\t<meta property=\"og:image:width\" content=\"1000\" \/>\n\t<meta property=\"og:image:height\" content=\"1000\" \/>\n\t<meta property=\"og:image:type\" content=\"image\/jpeg\" \/>\n<meta name=\"twitter:card\" content=\"summary_large_image\" \/>\n<script type=\"application\/ld+json\" class=\"yoast-schema-graph\">{\"@context\":\"https:\\\/\\\/schema.org\",\"@graph\":[{\"@type\":\"WebPage\",\"@id\":\"https:\\\/\\\/galerie-institut.com\\\/en\\\/produit\\\/lurcat-jean-paysage-surrealiste-1939\\\/\",\"url\":\"https:\\\/\\\/galerie-institut.com\\\/en\\\/produit\\\/lurcat-jean-paysage-surrealiste-1939\\\/\",\"name\":\"Lur\u00e7at, Jean, Surrealist Landscape, 1939 - Galerie Institut\",\"isPartOf\":{\"@id\":\"https:\\\/\\\/galerie-institut.com\\\/en\\\/#website\"},\"primaryImageOfPage\":{\"@id\":\"https:\\\/\\\/galerie-institut.com\\\/en\\\/produit\\\/lurcat-jean-paysage-surrealiste-1939\\\/#primaryimage\"},\"image\":{\"@id\":\"https:\\\/\\\/galerie-institut.com\\\/en\\\/produit\\\/lurcat-jean-paysage-surrealiste-1939\\\/#primaryimage\"},\"thumbnailUrl\":\"https:\\\/\\\/galerie-institut.com\\\/wp-content\\\/uploads\\\/2021\\\/10\\\/lurcat-jean-1939-paysage-surrealiste.jpg\",\"datePublished\":\"2021-10-23T10:28:12+00:00\",\"dateModified\":\"2025-11-21T16:41:05+00:00\",\"description\":\"D\u00e9couvrez l'oeuvre Lur\u00e7at, Jean, Surrealist Landscape, 1939 disponible \u00e0 la Galerie de l'Institut. Si vous \u00eates int\u00e9ress\u00e9.e.s par Lur\u00e7at, Jean, Surrealist Landscape, 1939 merci de nous contacter \u00e0 contact@galerie-institut.com\",\"breadcrumb\":{\"@id\":\"https:\\\/\\\/galerie-institut.com\\\/en\\\/produit\\\/lurcat-jean-paysage-surrealiste-1939\\\/#breadcrumb\"},\"inLanguage\":\"en-US\",\"potentialAction\":[{\"@type\":\"ReadAction\",\"target\":[\"https:\\\/\\\/galerie-institut.com\\\/en\\\/produit\\\/lurcat-jean-paysage-surrealiste-1939\\\/\"]}]},{\"@type\":\"ImageObject\",\"inLanguage\":\"en-US\",\"@id\":\"https:\\\/\\\/galerie-institut.com\\\/en\\\/produit\\\/lurcat-jean-paysage-surrealiste-1939\\\/#primaryimage\",\"url\":\"https:\\\/\\\/galerie-institut.com\\\/wp-content\\\/uploads\\\/2021\\\/10\\\/lurcat-jean-1939-paysage-surrealiste.jpg\",\"contentUrl\":\"https:\\\/\\\/galerie-institut.com\\\/wp-content\\\/uploads\\\/2021\\\/10\\\/lurcat-jean-1939-paysage-surrealiste.jpg\",\"width\":1000,\"height\":1000},{\"@type\":\"BreadcrumbList\",\"@id\":\"https:\\\/\\\/galerie-institut.com\\\/en\\\/produit\\\/lurcat-jean-paysage-surrealiste-1939\\\/#breadcrumb\",\"itemListElement\":[{\"@type\":\"ListItem\",\"position\":1,\"name\":\"Accueil\",\"item\":\"https:\\\/\\\/galerie-institut.com\\\/en\\\/accueil\\\/\"},{\"@type\":\"ListItem\",\"position\":2,\"name\":\"Boutique\",\"item\":\"https:\\\/\\\/galerie-institut.com\\\/?page_id=8607\"},{\"@type\":\"ListItem\",\"position\":3,\"name\":\"Lur\u00e7at, Jean, Surrealist Landscape, 1939\"}]},{\"@type\":\"WebSite\",\"@id\":\"https:\\\/\\\/galerie-institut.com\\\/en\\\/#website\",\"url\":\"https:\\\/\\\/galerie-institut.com\\\/en\\\/\",\"name\":\"Galerie Institut\",\"description\":\"\",\"potentialAction\":[{\"@type\":\"SearchAction\",\"target\":{\"@type\":\"EntryPoint\",\"urlTemplate\":\"https:\\\/\\\/galerie-institut.com\\\/en\\\/?s={search_term_string}\"},\"query-input\":{\"@type\":\"PropertyValueSpecification\",\"valueRequired\":true,\"valueName\":\"search_term_string\"}}],\"inLanguage\":\"en-US\"}]}<\/script>\n<!-- \/ Yoast SEO plugin. -->","yoast_head_json":{"title":"Lur\u00e7at, Jean, Surrealist Landscape, 1939 - Galerie Institut","description":"D\u00e9couvrez l'oeuvre Lur\u00e7at, Jean, Surrealist Landscape, 1939 disponible \u00e0 la Galerie de l'Institut. Si vous \u00eates int\u00e9ress\u00e9.e.s par Lur\u00e7at, Jean, Surrealist Landscape, 1939 merci de nous contacter \u00e0 contact@galerie-institut.com","robots":{"index":"index","follow":"follow","max-snippet":"max-snippet:-1","max-image-preview":"max-image-preview:large","max-video-preview":"max-video-preview:-1"},"canonical":"https:\/\/galerie-institut.com\/en\/produit\/lurcat-jean-paysage-surrealiste-1939\/","og_locale":"en_US","og_type":"article","og_title":"Lur\u00e7at, Jean, Surrealist Landscape, 1939 - Galerie Institut","og_description":"D\u00e9couvrez l'oeuvre Lur\u00e7at, Jean, Surrealist Landscape, 1939 disponible \u00e0 la Galerie de l'Institut. Si vous \u00eates int\u00e9ress\u00e9.e.s par Lur\u00e7at, Jean, Surrealist Landscape, 1939 merci de nous contacter \u00e0 contact@galerie-institut.com","og_url":"https:\/\/galerie-institut.com\/en\/produit\/lurcat-jean-paysage-surrealiste-1939\/","og_site_name":"Galerie Institut","article_modified_time":"2025-11-21T16:41:05+00:00","og_image":[{"width":1000,"height":1000,"url":"https:\/\/galerie-institut.com\/wp-content\/uploads\/2021\/10\/lurcat-jean-1939-paysage-surrealiste.jpg","type":"image\/jpeg"}],"twitter_card":"summary_large_image","schema":{"@context":"https:\/\/schema.org","@graph":[{"@type":"WebPage","@id":"https:\/\/galerie-institut.com\/en\/produit\/lurcat-jean-paysage-surrealiste-1939\/","url":"https:\/\/galerie-institut.com\/en\/produit\/lurcat-jean-paysage-surrealiste-1939\/","name":"Lur\u00e7at, Jean, Surrealist Landscape, 1939 - Galerie Institut","isPartOf":{"@id":"https:\/\/galerie-institut.com\/en\/#website"},"primaryImageOfPage":{"@id":"https:\/\/galerie-institut.com\/en\/produit\/lurcat-jean-paysage-surrealiste-1939\/#primaryimage"},"image":{"@id":"https:\/\/galerie-institut.com\/en\/produit\/lurcat-jean-paysage-surrealiste-1939\/#primaryimage"},"thumbnailUrl":"https:\/\/galerie-institut.com\/wp-content\/uploads\/2021\/10\/lurcat-jean-1939-paysage-surrealiste.jpg","datePublished":"2021-10-23T10:28:12+00:00","dateModified":"2025-11-21T16:41:05+00:00","description":"D\u00e9couvrez l'oeuvre Lur\u00e7at, Jean, Surrealist Landscape, 1939 disponible \u00e0 la Galerie de l'Institut. Si vous \u00eates int\u00e9ress\u00e9.e.s par Lur\u00e7at, Jean, Surrealist Landscape, 1939 merci de nous contacter \u00e0 contact@galerie-institut.com","breadcrumb":{"@id":"https:\/\/galerie-institut.com\/en\/produit\/lurcat-jean-paysage-surrealiste-1939\/#breadcrumb"},"inLanguage":"en-US","potentialAction":[{"@type":"ReadAction","target":["https:\/\/galerie-institut.com\/en\/produit\/lurcat-jean-paysage-surrealiste-1939\/"]}]},{"@type":"ImageObject","inLanguage":"en-US","@id":"https:\/\/galerie-institut.com\/en\/produit\/lurcat-jean-paysage-surrealiste-1939\/#primaryimage","url":"https:\/\/galerie-institut.com\/wp-content\/uploads\/2021\/10\/lurcat-jean-1939-paysage-surrealiste.jpg","contentUrl":"https:\/\/galerie-institut.com\/wp-content\/uploads\/2021\/10\/lurcat-jean-1939-paysage-surrealiste.jpg","width":1000,"height":1000},{"@type":"BreadcrumbList","@id":"https:\/\/galerie-institut.com\/en\/produit\/lurcat-jean-paysage-surrealiste-1939\/#breadcrumb","itemListElement":[{"@type":"ListItem","position":1,"name":"Accueil","item":"https:\/\/galerie-institut.com\/en\/accueil\/"},{"@type":"ListItem","position":2,"name":"Boutique","item":"https:\/\/galerie-institut.com\/?page_id=8607"},{"@type":"ListItem","position":3,"name":"Lur\u00e7at, Jean, Surrealist Landscape, 1939"}]},{"@type":"WebSite","@id":"https:\/\/galerie-institut.com\/en\/#website","url":"https:\/\/galerie-institut.com\/en\/","name":"Galerie Institut","description":"","potentialAction":[{"@type":"SearchAction","target":{"@type":"EntryPoint","urlTemplate":"https:\/\/galerie-institut.com\/en\/?s={search_term_string}"},"query-input":{"@type":"PropertyValueSpecification","valueRequired":true,"valueName":"search_term_string"}}],"inLanguage":"en-US"}]}},"_links":{"self":[{"href":"https:\/\/galerie-institut.com\/en\/wp-json\/wp\/v2\/product\/17502","targetHints":{"allow":["GET"]}}],"collection":[{"href":"https:\/\/galerie-institut.com\/en\/wp-json\/wp\/v2\/product"}],"about":[{"href":"https:\/\/galerie-institut.com\/en\/wp-json\/wp\/v2\/types\/product"}],"replies":[{"embeddable":true,"href":"https:\/\/galerie-institut.com\/en\/wp-json\/wp\/v2\/comments?post=17502"}],"wp:featuredmedia":[{"embeddable":true,"href":"https:\/\/galerie-institut.com\/en\/wp-json\/wp\/v2\/media\/17505"}],"wp:attachment":[{"href":"https:\/\/galerie-institut.com\/en\/wp-json\/wp\/v2\/media?parent=17502"}],"wp:term":[{"taxonomy":"product_brand","embeddable":true,"href":"https:\/\/galerie-institut.com\/en\/wp-json\/wp\/v2\/product_brand?post=17502"},{"taxonomy":"product_cat","embeddable":true,"href":"https:\/\/galerie-institut.com\/en\/wp-json\/wp\/v2\/product_cat?post=17502"},{"taxonomy":"product_tag","embeddable":true,"href":"https:\/\/galerie-institut.com\/en\/wp-json\/wp\/v2\/product_tag?post=17502"}],"curies":[{"name":"wp","href":"https:\/\/api.w.org\/{rel}","templated":true}]}}