{"id":17486,"date":"2021-10-26T09:57:49","date_gmt":"2021-10-26T09:57:49","guid":{"rendered":"https:\/\/galerie-institut.com\/produit\/miro-joan-engraved-and-lithographed-work-1969\/"},"modified":"2025-11-21T16:41:03","modified_gmt":"2025-11-21T16:41:03","slug":"miro-joan-oeuvre-gravee-et-lithographiee-1969","status":"publish","type":"product","link":"https:\/\/galerie-institut.com\/en\/produit\/miro-joan-oeuvre-gravee-et-lithographiee-1969\/","title":{"rendered":"Mir\u00f3, Joan, Engraved and lithographed work, 1969"},"content":{"rendered":"<p>1969<\/p>\n<p><em>Joan Mir<\/em> exhibition catalog<em>\u00f3. Engraved and lithographed work <\/em>Geneva, Galerie G\u00e9rald Cramer, June &#8211; September 1969<\/p>\n<p>21, 7 x 29, 2 cm<\/p>\n<p>On the cover, <em>L&#8217;Oiseau mangeant le feu<\/em>, color lithograph, 33, 6 x 69, 3 cm, covering boards, spine and fillings.<\/p>\n<p>Colored pencil drawing on title page, autographed, signed and dated by the artist in pencil in the lower right-hand corner.<\/p>\n<p>Catalog raisonn\u00e9: Cramer 127<\/p>\n","protected":false},"excerpt":{"rendered":"<p>This catalog, written for an exhibition of Joan Miro&#8217;s work at the Galerie Cremer in Geneva, is a true work of art. The cover features a color lithograph entitled <em>L&#8217;Oiseau mangeant le feu. <\/em>The deep black outlines the bird&#8217;s silhouette, while the bright blue-green, yellow and red splashes of color create a marvelous universe. <\/p>\n<p>This copy is enriched by an original drawing on the title page, making it a unique work. It features the artist&#8217;s best-known motifs and fetish colors, which echo, more lightly, those on the cover. <\/p>\n","protected":false},"featured_media":17488,"comment_status":"open","ping_status":"closed","template":"","meta":{"_et_pb_use_builder":"","_et_pb_old_content":"","_et_gb_content_width":""},"product_brand":[],"product_cat":[282,275],"product_tag":[283],"class_list":{"0":"post-17486","1":"product","2":"type-product","3":"status-publish","4":"has-post-thumbnail","6":"product_cat-illustrated-books","7":"product_cat-miro","8":"product_tag-book","10":"first","11":"instock","12":"shipping-taxable","13":"product-type-simple"},"yoast_head":"<!-- This site is optimized with the Yoast SEO plugin v27.4 - https:\/\/yoast.com\/product\/yoast-seo-wordpress\/ -->\n<title>Mir\u00f3, Joan, Engraved and lithographed work, 1969 - Galerie Institut<\/title>\n<meta name=\"description\" content=\"D\u00e9couvrez l&#039;oeuvre Mir\u00f3, Joan, Engraved and lithographed work, 1969 disponible \u00e0 la Galerie de l&#039;Institut. Si vous \u00eates int\u00e9ress\u00e9.e.s par Mir\u00f3, Joan, Engraved and lithographed work, 1969 merci de nous contacter \u00e0 contact@galerie-institut.com\" \/>\n<meta name=\"robots\" content=\"index, follow, max-snippet:-1, max-image-preview:large, max-video-preview:-1\" \/>\n<link rel=\"canonical\" href=\"https:\/\/galerie-institut.com\/en\/produit\/miro-joan-oeuvre-gravee-et-lithographiee-1969\/\" \/>\n<meta property=\"og:locale\" content=\"en_US\" \/>\n<meta property=\"og:type\" content=\"article\" \/>\n<meta property=\"og:title\" content=\"Mir\u00f3, Joan, Engraved and lithographed work, 1969 - Galerie Institut\" \/>\n<meta property=\"og:description\" content=\"D\u00e9couvrez l&#039;oeuvre Mir\u00f3, Joan, Engraved and lithographed work, 1969 disponible \u00e0 la Galerie de l&#039;Institut. Si vous \u00eates int\u00e9ress\u00e9.e.s par Mir\u00f3, Joan, Engraved and lithographed work, 1969 merci de nous contacter \u00e0 contact@galerie-institut.com\" \/>\n<meta property=\"og:url\" content=\"https:\/\/galerie-institut.com\/en\/produit\/miro-joan-oeuvre-gravee-et-lithographiee-1969\/\" \/>\n<meta property=\"og:site_name\" content=\"Galerie Institut\" \/>\n<meta property=\"article:modified_time\" content=\"2025-11-21T16:41:03+00:00\" \/>\n<meta property=\"og:image\" content=\"https:\/\/galerie-institut.com\/wp-content\/uploads\/2021\/10\/miro-joan-1969-miro-oeuvre-grave-et-lithographie.jpg\" \/>\n\t<meta property=\"og:image:width\" content=\"1000\" \/>\n\t<meta property=\"og:image:height\" content=\"1000\" \/>\n\t<meta property=\"og:image:type\" content=\"image\/jpeg\" \/>\n<meta name=\"twitter:card\" content=\"summary_large_image\" \/>\n<script type=\"application\/ld+json\" class=\"yoast-schema-graph\">{\"@context\":\"https:\\\/\\\/schema.org\",\"@graph\":[{\"@type\":\"WebPage\",\"@id\":\"https:\\\/\\\/galerie-institut.com\\\/en\\\/produit\\\/miro-joan-oeuvre-gravee-et-lithographiee-1969\\\/\",\"url\":\"https:\\\/\\\/galerie-institut.com\\\/en\\\/produit\\\/miro-joan-oeuvre-gravee-et-lithographiee-1969\\\/\",\"name\":\"Mir\u00f3, Joan, Engraved and lithographed work, 1969 - Galerie Institut\",\"isPartOf\":{\"@id\":\"https:\\\/\\\/galerie-institut.com\\\/en\\\/#website\"},\"primaryImageOfPage\":{\"@id\":\"https:\\\/\\\/galerie-institut.com\\\/en\\\/produit\\\/miro-joan-oeuvre-gravee-et-lithographiee-1969\\\/#primaryimage\"},\"image\":{\"@id\":\"https:\\\/\\\/galerie-institut.com\\\/en\\\/produit\\\/miro-joan-oeuvre-gravee-et-lithographiee-1969\\\/#primaryimage\"},\"thumbnailUrl\":\"https:\\\/\\\/galerie-institut.com\\\/wp-content\\\/uploads\\\/2021\\\/10\\\/miro-joan-1969-miro-oeuvre-grave-et-lithographie.jpg\",\"datePublished\":\"2021-10-26T09:57:49+00:00\",\"dateModified\":\"2025-11-21T16:41:03+00:00\",\"description\":\"D\u00e9couvrez l'oeuvre Mir\u00f3, Joan, Engraved and lithographed work, 1969 disponible \u00e0 la Galerie de l'Institut. Si vous \u00eates int\u00e9ress\u00e9.e.s par Mir\u00f3, Joan, Engraved and lithographed work, 1969 merci de nous contacter \u00e0 contact@galerie-institut.com\",\"breadcrumb\":{\"@id\":\"https:\\\/\\\/galerie-institut.com\\\/en\\\/produit\\\/miro-joan-oeuvre-gravee-et-lithographiee-1969\\\/#breadcrumb\"},\"inLanguage\":\"en-US\",\"potentialAction\":[{\"@type\":\"ReadAction\",\"target\":[\"https:\\\/\\\/galerie-institut.com\\\/en\\\/produit\\\/miro-joan-oeuvre-gravee-et-lithographiee-1969\\\/\"]}]},{\"@type\":\"ImageObject\",\"inLanguage\":\"en-US\",\"@id\":\"https:\\\/\\\/galerie-institut.com\\\/en\\\/produit\\\/miro-joan-oeuvre-gravee-et-lithographiee-1969\\\/#primaryimage\",\"url\":\"https:\\\/\\\/galerie-institut.com\\\/wp-content\\\/uploads\\\/2021\\\/10\\\/miro-joan-1969-miro-oeuvre-grave-et-lithographie.jpg\",\"contentUrl\":\"https:\\\/\\\/galerie-institut.com\\\/wp-content\\\/uploads\\\/2021\\\/10\\\/miro-joan-1969-miro-oeuvre-grave-et-lithographie.jpg\",\"width\":1000,\"height\":1000},{\"@type\":\"BreadcrumbList\",\"@id\":\"https:\\\/\\\/galerie-institut.com\\\/en\\\/produit\\\/miro-joan-oeuvre-gravee-et-lithographiee-1969\\\/#breadcrumb\",\"itemListElement\":[{\"@type\":\"ListItem\",\"position\":1,\"name\":\"Accueil\",\"item\":\"https:\\\/\\\/galerie-institut.com\\\/en\\\/accueil\\\/\"},{\"@type\":\"ListItem\",\"position\":2,\"name\":\"Boutique\",\"item\":\"https:\\\/\\\/galerie-institut.com\\\/?page_id=8607\"},{\"@type\":\"ListItem\",\"position\":3,\"name\":\"Mir\u00f3, Joan, Engraved and lithographed work, 1969\"}]},{\"@type\":\"WebSite\",\"@id\":\"https:\\\/\\\/galerie-institut.com\\\/en\\\/#website\",\"url\":\"https:\\\/\\\/galerie-institut.com\\\/en\\\/\",\"name\":\"Galerie Institut\",\"description\":\"\",\"potentialAction\":[{\"@type\":\"SearchAction\",\"target\":{\"@type\":\"EntryPoint\",\"urlTemplate\":\"https:\\\/\\\/galerie-institut.com\\\/en\\\/?s={search_term_string}\"},\"query-input\":{\"@type\":\"PropertyValueSpecification\",\"valueRequired\":true,\"valueName\":\"search_term_string\"}}],\"inLanguage\":\"en-US\"}]}<\/script>\n<!-- \/ Yoast SEO plugin. -->","yoast_head_json":{"title":"Mir\u00f3, Joan, Engraved and lithographed work, 1969 - Galerie Institut","description":"D\u00e9couvrez l'oeuvre Mir\u00f3, Joan, Engraved and lithographed work, 1969 disponible \u00e0 la Galerie de l'Institut. Si vous \u00eates int\u00e9ress\u00e9.e.s par Mir\u00f3, Joan, Engraved and lithographed work, 1969 merci de nous contacter \u00e0 contact@galerie-institut.com","robots":{"index":"index","follow":"follow","max-snippet":"max-snippet:-1","max-image-preview":"max-image-preview:large","max-video-preview":"max-video-preview:-1"},"canonical":"https:\/\/galerie-institut.com\/en\/produit\/miro-joan-oeuvre-gravee-et-lithographiee-1969\/","og_locale":"en_US","og_type":"article","og_title":"Mir\u00f3, Joan, Engraved and lithographed work, 1969 - Galerie Institut","og_description":"D\u00e9couvrez l'oeuvre Mir\u00f3, Joan, Engraved and lithographed work, 1969 disponible \u00e0 la Galerie de l'Institut. Si vous \u00eates int\u00e9ress\u00e9.e.s par Mir\u00f3, Joan, Engraved and lithographed work, 1969 merci de nous contacter \u00e0 contact@galerie-institut.com","og_url":"https:\/\/galerie-institut.com\/en\/produit\/miro-joan-oeuvre-gravee-et-lithographiee-1969\/","og_site_name":"Galerie Institut","article_modified_time":"2025-11-21T16:41:03+00:00","og_image":[{"width":1000,"height":1000,"url":"https:\/\/galerie-institut.com\/wp-content\/uploads\/2021\/10\/miro-joan-1969-miro-oeuvre-grave-et-lithographie.jpg","type":"image\/jpeg"}],"twitter_card":"summary_large_image","schema":{"@context":"https:\/\/schema.org","@graph":[{"@type":"WebPage","@id":"https:\/\/galerie-institut.com\/en\/produit\/miro-joan-oeuvre-gravee-et-lithographiee-1969\/","url":"https:\/\/galerie-institut.com\/en\/produit\/miro-joan-oeuvre-gravee-et-lithographiee-1969\/","name":"Mir\u00f3, Joan, Engraved and lithographed work, 1969 - Galerie Institut","isPartOf":{"@id":"https:\/\/galerie-institut.com\/en\/#website"},"primaryImageOfPage":{"@id":"https:\/\/galerie-institut.com\/en\/produit\/miro-joan-oeuvre-gravee-et-lithographiee-1969\/#primaryimage"},"image":{"@id":"https:\/\/galerie-institut.com\/en\/produit\/miro-joan-oeuvre-gravee-et-lithographiee-1969\/#primaryimage"},"thumbnailUrl":"https:\/\/galerie-institut.com\/wp-content\/uploads\/2021\/10\/miro-joan-1969-miro-oeuvre-grave-et-lithographie.jpg","datePublished":"2021-10-26T09:57:49+00:00","dateModified":"2025-11-21T16:41:03+00:00","description":"D\u00e9couvrez l'oeuvre Mir\u00f3, Joan, Engraved and lithographed work, 1969 disponible \u00e0 la Galerie de l'Institut. Si vous \u00eates int\u00e9ress\u00e9.e.s par Mir\u00f3, Joan, Engraved and lithographed work, 1969 merci de nous contacter \u00e0 contact@galerie-institut.com","breadcrumb":{"@id":"https:\/\/galerie-institut.com\/en\/produit\/miro-joan-oeuvre-gravee-et-lithographiee-1969\/#breadcrumb"},"inLanguage":"en-US","potentialAction":[{"@type":"ReadAction","target":["https:\/\/galerie-institut.com\/en\/produit\/miro-joan-oeuvre-gravee-et-lithographiee-1969\/"]}]},{"@type":"ImageObject","inLanguage":"en-US","@id":"https:\/\/galerie-institut.com\/en\/produit\/miro-joan-oeuvre-gravee-et-lithographiee-1969\/#primaryimage","url":"https:\/\/galerie-institut.com\/wp-content\/uploads\/2021\/10\/miro-joan-1969-miro-oeuvre-grave-et-lithographie.jpg","contentUrl":"https:\/\/galerie-institut.com\/wp-content\/uploads\/2021\/10\/miro-joan-1969-miro-oeuvre-grave-et-lithographie.jpg","width":1000,"height":1000},{"@type":"BreadcrumbList","@id":"https:\/\/galerie-institut.com\/en\/produit\/miro-joan-oeuvre-gravee-et-lithographiee-1969\/#breadcrumb","itemListElement":[{"@type":"ListItem","position":1,"name":"Accueil","item":"https:\/\/galerie-institut.com\/en\/accueil\/"},{"@type":"ListItem","position":2,"name":"Boutique","item":"https:\/\/galerie-institut.com\/?page_id=8607"},{"@type":"ListItem","position":3,"name":"Mir\u00f3, Joan, Engraved and lithographed work, 1969"}]},{"@type":"WebSite","@id":"https:\/\/galerie-institut.com\/en\/#website","url":"https:\/\/galerie-institut.com\/en\/","name":"Galerie Institut","description":"","potentialAction":[{"@type":"SearchAction","target":{"@type":"EntryPoint","urlTemplate":"https:\/\/galerie-institut.com\/en\/?s={search_term_string}"},"query-input":{"@type":"PropertyValueSpecification","valueRequired":true,"valueName":"search_term_string"}}],"inLanguage":"en-US"}]}},"_links":{"self":[{"href":"https:\/\/galerie-institut.com\/en\/wp-json\/wp\/v2\/product\/17486","targetHints":{"allow":["GET"]}}],"collection":[{"href":"https:\/\/galerie-institut.com\/en\/wp-json\/wp\/v2\/product"}],"about":[{"href":"https:\/\/galerie-institut.com\/en\/wp-json\/wp\/v2\/types\/product"}],"replies":[{"embeddable":true,"href":"https:\/\/galerie-institut.com\/en\/wp-json\/wp\/v2\/comments?post=17486"}],"wp:featuredmedia":[{"embeddable":true,"href":"https:\/\/galerie-institut.com\/en\/wp-json\/wp\/v2\/media\/17488"}],"wp:attachment":[{"href":"https:\/\/galerie-institut.com\/en\/wp-json\/wp\/v2\/media?parent=17486"}],"wp:term":[{"taxonomy":"product_brand","embeddable":true,"href":"https:\/\/galerie-institut.com\/en\/wp-json\/wp\/v2\/product_brand?post=17486"},{"taxonomy":"product_cat","embeddable":true,"href":"https:\/\/galerie-institut.com\/en\/wp-json\/wp\/v2\/product_cat?post=17486"},{"taxonomy":"product_tag","embeddable":true,"href":"https:\/\/galerie-institut.com\/en\/wp-json\/wp\/v2\/product_tag?post=17486"}],"curies":[{"name":"wp","href":"https:\/\/api.w.org\/{rel}","templated":true}]}}