{"id":17477,"date":"2021-10-26T13:13:45","date_gmt":"2021-10-26T13:13:45","guid":{"rendered":"https:\/\/galerie-institut.com\/produit\/dubuffet-jean-memorable-facts-ii-1978\/"},"modified":"2025-11-21T16:40:51","modified_gmt":"2025-11-21T16:40:51","slug":"dubuffet-jean-faits-memorables-ii-1978","status":"publish","type":"product","link":"https:\/\/galerie-institut.com\/en\/produit\/dubuffet-jean-faits-memorables-ii-1978\/","title":{"rendered":"Dubuffet, Jean, Memorable Facts II, 1978"},"content":{"rendered":"<p>1978<\/p>\n<p>Original silkscreen in color (62 passages), on Arches paper<\/p>\n<p>75 x 98 cm<\/p>\n<p>Numbered in pencil lower left on 70, signed and dated by the artist in pencil lower right<\/p>\n<p>&nbsp;<\/p>\n","protected":false},"excerpt":{"rendered":"<p>&#8220;These &#8220;Theatres of Memory&#8221; aim to depict &#8211; or rather, to evoke &#8211; the cacophonous form in which our perceptions and memories emerge pell-mell in the theater of our thoughts. The aim is to bring together in a tableau scenes and events from different places and times (and in different moods) as they occur in our memory. <\/p>\n<p>Letter to Turkish journalist Ferit Edg\u00fc, February 3, 1979, quoted in the catalog of the exhibition <em>Dubuffet, Les derni\u00e8res ann\u00e9es<\/em> (Jeu de Paume, 1991)<\/p>\n<p>&nbsp;<\/p>\n","protected":false},"featured_media":17479,"comment_status":"open","ping_status":"closed","template":"","meta":{"_et_pb_use_builder":"","_et_pb_old_content":"","_et_gb_content_width":""},"product_brand":[],"product_cat":[290,267],"product_tag":[268,291],"class_list":{"0":"post-17477","1":"product","2":"type-product","3":"status-publish","4":"has-post-thumbnail","6":"product_cat-dubuffet","7":"product_cat-estampes","8":"product_tag-print","9":"product_tag-screen-printing","11":"first","12":"instock","13":"shipping-taxable","14":"product-type-simple"},"yoast_head":"<!-- This site is optimized with the Yoast SEO plugin v27.4 - https:\/\/yoast.com\/product\/yoast-seo-wordpress\/ -->\n<title>Dubuffet, Jean, Memorable Facts II, 1978 - Galerie Institut<\/title>\n<meta name=\"description\" content=\"D\u00e9couvrez l&#039;oeuvre Dubuffet, Jean, Memorable Facts II, 1978 disponible \u00e0 la Galerie de l&#039;Institut. Si vous \u00eates int\u00e9ress\u00e9.e.s par Dubuffet, Jean, Memorable Facts II, 1978 merci de nous contacter \u00e0 contact@galerie-institut.com\" \/>\n<meta name=\"robots\" content=\"index, follow, max-snippet:-1, max-image-preview:large, max-video-preview:-1\" \/>\n<link rel=\"canonical\" href=\"https:\/\/galerie-institut.com\/en\/produit\/dubuffet-jean-faits-memorables-ii-1978\/\" \/>\n<meta property=\"og:locale\" content=\"en_US\" \/>\n<meta property=\"og:type\" content=\"article\" \/>\n<meta property=\"og:title\" content=\"Dubuffet, Jean, Memorable Facts II, 1978 - Galerie Institut\" \/>\n<meta property=\"og:description\" content=\"D\u00e9couvrez l&#039;oeuvre Dubuffet, Jean, Memorable Facts II, 1978 disponible \u00e0 la Galerie de l&#039;Institut. Si vous \u00eates int\u00e9ress\u00e9.e.s par Dubuffet, Jean, Memorable Facts II, 1978 merci de nous contacter \u00e0 contact@galerie-institut.com\" \/>\n<meta property=\"og:url\" content=\"https:\/\/galerie-institut.com\/en\/produit\/dubuffet-jean-faits-memorables-ii-1978\/\" \/>\n<meta property=\"og:site_name\" content=\"Galerie Institut\" \/>\n<meta property=\"article:modified_time\" content=\"2025-11-21T16:40:51+00:00\" \/>\n<meta property=\"og:image\" content=\"https:\/\/galerie-institut.com\/wp-content\/uploads\/2021\/10\/dubuffet-jean-1978-faits-memorables-ii.jpg\" \/>\n\t<meta property=\"og:image:width\" content=\"1000\" \/>\n\t<meta property=\"og:image:height\" content=\"1000\" \/>\n\t<meta property=\"og:image:type\" content=\"image\/jpeg\" \/>\n<meta name=\"twitter:card\" content=\"summary_large_image\" \/>\n<script type=\"application\/ld+json\" class=\"yoast-schema-graph\">{\"@context\":\"https:\\\/\\\/schema.org\",\"@graph\":[{\"@type\":\"WebPage\",\"@id\":\"https:\\\/\\\/galerie-institut.com\\\/en\\\/produit\\\/dubuffet-jean-faits-memorables-ii-1978\\\/\",\"url\":\"https:\\\/\\\/galerie-institut.com\\\/en\\\/produit\\\/dubuffet-jean-faits-memorables-ii-1978\\\/\",\"name\":\"Dubuffet, Jean, Memorable Facts II, 1978 - Galerie Institut\",\"isPartOf\":{\"@id\":\"https:\\\/\\\/galerie-institut.com\\\/en\\\/#website\"},\"primaryImageOfPage\":{\"@id\":\"https:\\\/\\\/galerie-institut.com\\\/en\\\/produit\\\/dubuffet-jean-faits-memorables-ii-1978\\\/#primaryimage\"},\"image\":{\"@id\":\"https:\\\/\\\/galerie-institut.com\\\/en\\\/produit\\\/dubuffet-jean-faits-memorables-ii-1978\\\/#primaryimage\"},\"thumbnailUrl\":\"https:\\\/\\\/galerie-institut.com\\\/wp-content\\\/uploads\\\/2021\\\/10\\\/dubuffet-jean-1978-faits-memorables-ii.jpg\",\"datePublished\":\"2021-10-26T13:13:45+00:00\",\"dateModified\":\"2025-11-21T16:40:51+00:00\",\"description\":\"D\u00e9couvrez l'oeuvre Dubuffet, Jean, Memorable Facts II, 1978 disponible \u00e0 la Galerie de l'Institut. Si vous \u00eates int\u00e9ress\u00e9.e.s par Dubuffet, Jean, Memorable Facts II, 1978 merci de nous contacter \u00e0 contact@galerie-institut.com\",\"breadcrumb\":{\"@id\":\"https:\\\/\\\/galerie-institut.com\\\/en\\\/produit\\\/dubuffet-jean-faits-memorables-ii-1978\\\/#breadcrumb\"},\"inLanguage\":\"en-US\",\"potentialAction\":[{\"@type\":\"ReadAction\",\"target\":[\"https:\\\/\\\/galerie-institut.com\\\/en\\\/produit\\\/dubuffet-jean-faits-memorables-ii-1978\\\/\"]}]},{\"@type\":\"ImageObject\",\"inLanguage\":\"en-US\",\"@id\":\"https:\\\/\\\/galerie-institut.com\\\/en\\\/produit\\\/dubuffet-jean-faits-memorables-ii-1978\\\/#primaryimage\",\"url\":\"https:\\\/\\\/galerie-institut.com\\\/wp-content\\\/uploads\\\/2021\\\/10\\\/dubuffet-jean-1978-faits-memorables-ii.jpg\",\"contentUrl\":\"https:\\\/\\\/galerie-institut.com\\\/wp-content\\\/uploads\\\/2021\\\/10\\\/dubuffet-jean-1978-faits-memorables-ii.jpg\",\"width\":1000,\"height\":1000},{\"@type\":\"BreadcrumbList\",\"@id\":\"https:\\\/\\\/galerie-institut.com\\\/en\\\/produit\\\/dubuffet-jean-faits-memorables-ii-1978\\\/#breadcrumb\",\"itemListElement\":[{\"@type\":\"ListItem\",\"position\":1,\"name\":\"Accueil\",\"item\":\"https:\\\/\\\/galerie-institut.com\\\/en\\\/accueil\\\/\"},{\"@type\":\"ListItem\",\"position\":2,\"name\":\"Boutique\",\"item\":\"https:\\\/\\\/galerie-institut.com\\\/?page_id=8607\"},{\"@type\":\"ListItem\",\"position\":3,\"name\":\"Dubuffet, Jean, Memorable Facts II, 1978\"}]},{\"@type\":\"WebSite\",\"@id\":\"https:\\\/\\\/galerie-institut.com\\\/en\\\/#website\",\"url\":\"https:\\\/\\\/galerie-institut.com\\\/en\\\/\",\"name\":\"Galerie Institut\",\"description\":\"\",\"potentialAction\":[{\"@type\":\"SearchAction\",\"target\":{\"@type\":\"EntryPoint\",\"urlTemplate\":\"https:\\\/\\\/galerie-institut.com\\\/en\\\/?s={search_term_string}\"},\"query-input\":{\"@type\":\"PropertyValueSpecification\",\"valueRequired\":true,\"valueName\":\"search_term_string\"}}],\"inLanguage\":\"en-US\"}]}<\/script>\n<!-- \/ Yoast SEO plugin. -->","yoast_head_json":{"title":"Dubuffet, Jean, Memorable Facts II, 1978 - Galerie Institut","description":"D\u00e9couvrez l'oeuvre Dubuffet, Jean, Memorable Facts II, 1978 disponible \u00e0 la Galerie de l'Institut. Si vous \u00eates int\u00e9ress\u00e9.e.s par Dubuffet, Jean, Memorable Facts II, 1978 merci de nous contacter \u00e0 contact@galerie-institut.com","robots":{"index":"index","follow":"follow","max-snippet":"max-snippet:-1","max-image-preview":"max-image-preview:large","max-video-preview":"max-video-preview:-1"},"canonical":"https:\/\/galerie-institut.com\/en\/produit\/dubuffet-jean-faits-memorables-ii-1978\/","og_locale":"en_US","og_type":"article","og_title":"Dubuffet, Jean, Memorable Facts II, 1978 - Galerie Institut","og_description":"D\u00e9couvrez l'oeuvre Dubuffet, Jean, Memorable Facts II, 1978 disponible \u00e0 la Galerie de l'Institut. Si vous \u00eates int\u00e9ress\u00e9.e.s par Dubuffet, Jean, Memorable Facts II, 1978 merci de nous contacter \u00e0 contact@galerie-institut.com","og_url":"https:\/\/galerie-institut.com\/en\/produit\/dubuffet-jean-faits-memorables-ii-1978\/","og_site_name":"Galerie Institut","article_modified_time":"2025-11-21T16:40:51+00:00","og_image":[{"width":1000,"height":1000,"url":"https:\/\/galerie-institut.com\/wp-content\/uploads\/2021\/10\/dubuffet-jean-1978-faits-memorables-ii.jpg","type":"image\/jpeg"}],"twitter_card":"summary_large_image","schema":{"@context":"https:\/\/schema.org","@graph":[{"@type":"WebPage","@id":"https:\/\/galerie-institut.com\/en\/produit\/dubuffet-jean-faits-memorables-ii-1978\/","url":"https:\/\/galerie-institut.com\/en\/produit\/dubuffet-jean-faits-memorables-ii-1978\/","name":"Dubuffet, Jean, Memorable Facts II, 1978 - Galerie Institut","isPartOf":{"@id":"https:\/\/galerie-institut.com\/en\/#website"},"primaryImageOfPage":{"@id":"https:\/\/galerie-institut.com\/en\/produit\/dubuffet-jean-faits-memorables-ii-1978\/#primaryimage"},"image":{"@id":"https:\/\/galerie-institut.com\/en\/produit\/dubuffet-jean-faits-memorables-ii-1978\/#primaryimage"},"thumbnailUrl":"https:\/\/galerie-institut.com\/wp-content\/uploads\/2021\/10\/dubuffet-jean-1978-faits-memorables-ii.jpg","datePublished":"2021-10-26T13:13:45+00:00","dateModified":"2025-11-21T16:40:51+00:00","description":"D\u00e9couvrez l'oeuvre Dubuffet, Jean, Memorable Facts II, 1978 disponible \u00e0 la Galerie de l'Institut. Si vous \u00eates int\u00e9ress\u00e9.e.s par Dubuffet, Jean, Memorable Facts II, 1978 merci de nous contacter \u00e0 contact@galerie-institut.com","breadcrumb":{"@id":"https:\/\/galerie-institut.com\/en\/produit\/dubuffet-jean-faits-memorables-ii-1978\/#breadcrumb"},"inLanguage":"en-US","potentialAction":[{"@type":"ReadAction","target":["https:\/\/galerie-institut.com\/en\/produit\/dubuffet-jean-faits-memorables-ii-1978\/"]}]},{"@type":"ImageObject","inLanguage":"en-US","@id":"https:\/\/galerie-institut.com\/en\/produit\/dubuffet-jean-faits-memorables-ii-1978\/#primaryimage","url":"https:\/\/galerie-institut.com\/wp-content\/uploads\/2021\/10\/dubuffet-jean-1978-faits-memorables-ii.jpg","contentUrl":"https:\/\/galerie-institut.com\/wp-content\/uploads\/2021\/10\/dubuffet-jean-1978-faits-memorables-ii.jpg","width":1000,"height":1000},{"@type":"BreadcrumbList","@id":"https:\/\/galerie-institut.com\/en\/produit\/dubuffet-jean-faits-memorables-ii-1978\/#breadcrumb","itemListElement":[{"@type":"ListItem","position":1,"name":"Accueil","item":"https:\/\/galerie-institut.com\/en\/accueil\/"},{"@type":"ListItem","position":2,"name":"Boutique","item":"https:\/\/galerie-institut.com\/?page_id=8607"},{"@type":"ListItem","position":3,"name":"Dubuffet, Jean, Memorable Facts II, 1978"}]},{"@type":"WebSite","@id":"https:\/\/galerie-institut.com\/en\/#website","url":"https:\/\/galerie-institut.com\/en\/","name":"Galerie Institut","description":"","potentialAction":[{"@type":"SearchAction","target":{"@type":"EntryPoint","urlTemplate":"https:\/\/galerie-institut.com\/en\/?s={search_term_string}"},"query-input":{"@type":"PropertyValueSpecification","valueRequired":true,"valueName":"search_term_string"}}],"inLanguage":"en-US"}]}},"_links":{"self":[{"href":"https:\/\/galerie-institut.com\/en\/wp-json\/wp\/v2\/product\/17477","targetHints":{"allow":["GET"]}}],"collection":[{"href":"https:\/\/galerie-institut.com\/en\/wp-json\/wp\/v2\/product"}],"about":[{"href":"https:\/\/galerie-institut.com\/en\/wp-json\/wp\/v2\/types\/product"}],"replies":[{"embeddable":true,"href":"https:\/\/galerie-institut.com\/en\/wp-json\/wp\/v2\/comments?post=17477"}],"wp:featuredmedia":[{"embeddable":true,"href":"https:\/\/galerie-institut.com\/en\/wp-json\/wp\/v2\/media\/17479"}],"wp:attachment":[{"href":"https:\/\/galerie-institut.com\/en\/wp-json\/wp\/v2\/media?parent=17477"}],"wp:term":[{"taxonomy":"product_brand","embeddable":true,"href":"https:\/\/galerie-institut.com\/en\/wp-json\/wp\/v2\/product_brand?post=17477"},{"taxonomy":"product_cat","embeddable":true,"href":"https:\/\/galerie-institut.com\/en\/wp-json\/wp\/v2\/product_cat?post=17477"},{"taxonomy":"product_tag","embeddable":true,"href":"https:\/\/galerie-institut.com\/en\/wp-json\/wp\/v2\/product_tag?post=17477"}],"curies":[{"name":"wp","href":"https:\/\/api.w.org\/{rel}","templated":true}]}}