{"id":17463,"date":"2021-11-02T15:49:31","date_gmt":"2021-11-02T15:49:31","guid":{"rendered":"https:\/\/galerie-institut.com\/produit\/rouault-georges-clown-who-doesnt-claw-himself-1963\/"},"modified":"2025-11-21T16:36:22","modified_gmt":"2025-11-21T16:36:22","slug":"rouault-georges-clown-qui-ne-se-grime-pas-1963","status":"publish","type":"product","link":"https:\/\/galerie-institut.com\/en\/produit\/rouault-georges-clown-qui-ne-se-grime-pas-1963\/","title":{"rendered":"Rouault, Georges, Clown who doesn&#8217;t claw himself, 1963"},"content":{"rendered":"<p>1963<\/p>\n<p>Original heliogravure, sugar aquatint, drypoint for <em>Miserere<\/em>, Paris, Edition L&#8217;Etoile filante, 1948, pl. VIII <\/p>\n<p>65 x 50 cm<\/p>\n<p>Signed and dated by the artist in the plate lower left<\/p>\n<p>Catalog raisonn\u00e9: Rouault 61<\/p>\n","protected":false},"excerpt":{"rendered":"<p><em>Miserere<\/em>, the ancient word for imploring divine mercy, is a vast fresco of the human condition imagined by Georges Rouault. The artist makes misery, in the sense of both indigence and baseness, the common thread running through the human race. Christ is omnipresent in this work. Both human and divine, he is mankind&#8217;s clearest link with God and the hope of mercy.   <\/p>\n<p>The work was extremely long and tedious for the artist, as can be seen from the various states<em>(see catalog raisonn\u00e9<\/em>). The first plates were designed as early as 1914. Printing took place from 1922 to 1927, under the close supervision of Georges Rouault, before <em>Miserere<\/em> was finally published in 1948.  <\/p>\n<p>The clown&#8217;s emaciated, destitute face fills the spectator with melancholy. All that remains of his costume is his hat and a trace of white make-up, the smile having faded once the performance was over. <\/p>\n","protected":false},"featured_media":17464,"comment_status":"open","ping_status":"closed","template":"","meta":{"_et_pb_use_builder":"","_et_pb_old_content":"","_et_gb_content_width":""},"product_brand":[],"product_cat":[267,285],"product_tag":[159,311,268],"class_list":{"0":"post-17463","1":"product","2":"type-product","3":"status-publish","4":"has-post-thumbnail","6":"product_cat-estampes","7":"product_cat-rouault","8":"product_tag-aquatint","9":"product_tag-gravure-printing","10":"product_tag-print","12":"first","13":"instock","14":"shipping-taxable","15":"product-type-simple"},"yoast_head":"<!-- This site is optimized with the Yoast SEO plugin v27.3 - https:\/\/yoast.com\/product\/yoast-seo-wordpress\/ -->\n<title>Rouault, Georges, Clown who doesn&#039;t claw himself, 1963 - Galerie Institut<\/title>\n<meta name=\"description\" content=\"D\u00e9couvrez l&#039;oeuvre Rouault, Georges, Clown who doesn&#039;t claw himself, 1963 disponible \u00e0 la Galerie de l&#039;Institut. Si vous \u00eates int\u00e9ress\u00e9.e.s par Rouault, Georges, Clown who doesn&#039;t claw himself, 1963 merci de nous contacter \u00e0 contact@galerie-institut.com\" \/>\n<meta name=\"robots\" content=\"index, follow, max-snippet:-1, max-image-preview:large, max-video-preview:-1\" \/>\n<link rel=\"canonical\" href=\"https:\/\/galerie-institut.com\/en\/produit\/rouault-georges-clown-qui-ne-se-grime-pas-1963\/\" \/>\n<meta property=\"og:locale\" content=\"en_US\" \/>\n<meta property=\"og:type\" content=\"article\" \/>\n<meta property=\"og:title\" content=\"Rouault, Georges, Clown who doesn&#039;t claw himself, 1963 - Galerie Institut\" \/>\n<meta property=\"og:description\" content=\"D\u00e9couvrez l&#039;oeuvre Rouault, Georges, Clown who doesn&#039;t claw himself, 1963 disponible \u00e0 la Galerie de l&#039;Institut. Si vous \u00eates int\u00e9ress\u00e9.e.s par Rouault, Georges, Clown who doesn&#039;t claw himself, 1963 merci de nous contacter \u00e0 contact@galerie-institut.com\" \/>\n<meta property=\"og:url\" content=\"https:\/\/galerie-institut.com\/en\/produit\/rouault-georges-clown-qui-ne-se-grime-pas-1963\/\" \/>\n<meta property=\"og:site_name\" content=\"Galerie Institut\" \/>\n<meta property=\"article:modified_time\" content=\"2025-11-21T16:36:22+00:00\" \/>\n<meta property=\"og:image\" content=\"https:\/\/galerie-institut.com\/wp-content\/uploads\/2021\/11\/rouault-georges-1963-clown-qui-ne-se-grime-pas.jpg\" \/>\n\t<meta property=\"og:image:width\" content=\"1000\" \/>\n\t<meta property=\"og:image:height\" content=\"1000\" \/>\n\t<meta property=\"og:image:type\" content=\"image\/jpeg\" \/>\n<meta name=\"twitter:card\" content=\"summary_large_image\" \/>\n<script type=\"application\/ld+json\" class=\"yoast-schema-graph\">{\"@context\":\"https:\\\/\\\/schema.org\",\"@graph\":[{\"@type\":\"WebPage\",\"@id\":\"https:\\\/\\\/galerie-institut.com\\\/en\\\/produit\\\/rouault-georges-clown-qui-ne-se-grime-pas-1963\\\/\",\"url\":\"https:\\\/\\\/galerie-institut.com\\\/en\\\/produit\\\/rouault-georges-clown-qui-ne-se-grime-pas-1963\\\/\",\"name\":\"Rouault, Georges, Clown who doesn't claw himself, 1963 - Galerie Institut\",\"isPartOf\":{\"@id\":\"https:\\\/\\\/galerie-institut.com\\\/en\\\/#website\"},\"primaryImageOfPage\":{\"@id\":\"https:\\\/\\\/galerie-institut.com\\\/en\\\/produit\\\/rouault-georges-clown-qui-ne-se-grime-pas-1963\\\/#primaryimage\"},\"image\":{\"@id\":\"https:\\\/\\\/galerie-institut.com\\\/en\\\/produit\\\/rouault-georges-clown-qui-ne-se-grime-pas-1963\\\/#primaryimage\"},\"thumbnailUrl\":\"https:\\\/\\\/galerie-institut.com\\\/wp-content\\\/uploads\\\/2021\\\/11\\\/rouault-georges-1963-clown-qui-ne-se-grime-pas.jpg\",\"datePublished\":\"2021-11-02T15:49:31+00:00\",\"dateModified\":\"2025-11-21T16:36:22+00:00\",\"description\":\"D\u00e9couvrez l'oeuvre Rouault, Georges, Clown who doesn't claw himself, 1963 disponible \u00e0 la Galerie de l'Institut. Si vous \u00eates int\u00e9ress\u00e9.e.s par Rouault, Georges, Clown who doesn't claw himself, 1963 merci de nous contacter \u00e0 contact@galerie-institut.com\",\"breadcrumb\":{\"@id\":\"https:\\\/\\\/galerie-institut.com\\\/en\\\/produit\\\/rouault-georges-clown-qui-ne-se-grime-pas-1963\\\/#breadcrumb\"},\"inLanguage\":\"en-US\",\"potentialAction\":[{\"@type\":\"ReadAction\",\"target\":[\"https:\\\/\\\/galerie-institut.com\\\/en\\\/produit\\\/rouault-georges-clown-qui-ne-se-grime-pas-1963\\\/\"]}]},{\"@type\":\"ImageObject\",\"inLanguage\":\"en-US\",\"@id\":\"https:\\\/\\\/galerie-institut.com\\\/en\\\/produit\\\/rouault-georges-clown-qui-ne-se-grime-pas-1963\\\/#primaryimage\",\"url\":\"https:\\\/\\\/galerie-institut.com\\\/wp-content\\\/uploads\\\/2021\\\/11\\\/rouault-georges-1963-clown-qui-ne-se-grime-pas.jpg\",\"contentUrl\":\"https:\\\/\\\/galerie-institut.com\\\/wp-content\\\/uploads\\\/2021\\\/11\\\/rouault-georges-1963-clown-qui-ne-se-grime-pas.jpg\",\"width\":1000,\"height\":1000},{\"@type\":\"BreadcrumbList\",\"@id\":\"https:\\\/\\\/galerie-institut.com\\\/en\\\/produit\\\/rouault-georges-clown-qui-ne-se-grime-pas-1963\\\/#breadcrumb\",\"itemListElement\":[{\"@type\":\"ListItem\",\"position\":1,\"name\":\"Accueil\",\"item\":\"https:\\\/\\\/galerie-institut.com\\\/en\\\/accueil\\\/\"},{\"@type\":\"ListItem\",\"position\":2,\"name\":\"Boutique\",\"item\":\"https:\\\/\\\/galerie-institut.com\\\/?page_id=8607\"},{\"@type\":\"ListItem\",\"position\":3,\"name\":\"Rouault, Georges, Clown who doesn&#8217;t claw himself, 1963\"}]},{\"@type\":\"WebSite\",\"@id\":\"https:\\\/\\\/galerie-institut.com\\\/en\\\/#website\",\"url\":\"https:\\\/\\\/galerie-institut.com\\\/en\\\/\",\"name\":\"Galerie Institut\",\"description\":\"\",\"potentialAction\":[{\"@type\":\"SearchAction\",\"target\":{\"@type\":\"EntryPoint\",\"urlTemplate\":\"https:\\\/\\\/galerie-institut.com\\\/en\\\/?s={search_term_string}\"},\"query-input\":{\"@type\":\"PropertyValueSpecification\",\"valueRequired\":true,\"valueName\":\"search_term_string\"}}],\"inLanguage\":\"en-US\"}]}<\/script>\n<!-- \/ Yoast SEO plugin. -->","yoast_head_json":{"title":"Rouault, Georges, Clown who doesn't claw himself, 1963 - Galerie Institut","description":"D\u00e9couvrez l'oeuvre Rouault, Georges, Clown who doesn't claw himself, 1963 disponible \u00e0 la Galerie de l'Institut. Si vous \u00eates int\u00e9ress\u00e9.e.s par Rouault, Georges, Clown who doesn't claw himself, 1963 merci de nous contacter \u00e0 contact@galerie-institut.com","robots":{"index":"index","follow":"follow","max-snippet":"max-snippet:-1","max-image-preview":"max-image-preview:large","max-video-preview":"max-video-preview:-1"},"canonical":"https:\/\/galerie-institut.com\/en\/produit\/rouault-georges-clown-qui-ne-se-grime-pas-1963\/","og_locale":"en_US","og_type":"article","og_title":"Rouault, Georges, Clown who doesn't claw himself, 1963 - Galerie Institut","og_description":"D\u00e9couvrez l'oeuvre Rouault, Georges, Clown who doesn't claw himself, 1963 disponible \u00e0 la Galerie de l'Institut. Si vous \u00eates int\u00e9ress\u00e9.e.s par Rouault, Georges, Clown who doesn't claw himself, 1963 merci de nous contacter \u00e0 contact@galerie-institut.com","og_url":"https:\/\/galerie-institut.com\/en\/produit\/rouault-georges-clown-qui-ne-se-grime-pas-1963\/","og_site_name":"Galerie Institut","article_modified_time":"2025-11-21T16:36:22+00:00","og_image":[{"width":1000,"height":1000,"url":"https:\/\/galerie-institut.com\/wp-content\/uploads\/2021\/11\/rouault-georges-1963-clown-qui-ne-se-grime-pas.jpg","type":"image\/jpeg"}],"twitter_card":"summary_large_image","schema":{"@context":"https:\/\/schema.org","@graph":[{"@type":"WebPage","@id":"https:\/\/galerie-institut.com\/en\/produit\/rouault-georges-clown-qui-ne-se-grime-pas-1963\/","url":"https:\/\/galerie-institut.com\/en\/produit\/rouault-georges-clown-qui-ne-se-grime-pas-1963\/","name":"Rouault, Georges, Clown who doesn't claw himself, 1963 - Galerie Institut","isPartOf":{"@id":"https:\/\/galerie-institut.com\/en\/#website"},"primaryImageOfPage":{"@id":"https:\/\/galerie-institut.com\/en\/produit\/rouault-georges-clown-qui-ne-se-grime-pas-1963\/#primaryimage"},"image":{"@id":"https:\/\/galerie-institut.com\/en\/produit\/rouault-georges-clown-qui-ne-se-grime-pas-1963\/#primaryimage"},"thumbnailUrl":"https:\/\/galerie-institut.com\/wp-content\/uploads\/2021\/11\/rouault-georges-1963-clown-qui-ne-se-grime-pas.jpg","datePublished":"2021-11-02T15:49:31+00:00","dateModified":"2025-11-21T16:36:22+00:00","description":"D\u00e9couvrez l'oeuvre Rouault, Georges, Clown who doesn't claw himself, 1963 disponible \u00e0 la Galerie de l'Institut. Si vous \u00eates int\u00e9ress\u00e9.e.s par Rouault, Georges, Clown who doesn't claw himself, 1963 merci de nous contacter \u00e0 contact@galerie-institut.com","breadcrumb":{"@id":"https:\/\/galerie-institut.com\/en\/produit\/rouault-georges-clown-qui-ne-se-grime-pas-1963\/#breadcrumb"},"inLanguage":"en-US","potentialAction":[{"@type":"ReadAction","target":["https:\/\/galerie-institut.com\/en\/produit\/rouault-georges-clown-qui-ne-se-grime-pas-1963\/"]}]},{"@type":"ImageObject","inLanguage":"en-US","@id":"https:\/\/galerie-institut.com\/en\/produit\/rouault-georges-clown-qui-ne-se-grime-pas-1963\/#primaryimage","url":"https:\/\/galerie-institut.com\/wp-content\/uploads\/2021\/11\/rouault-georges-1963-clown-qui-ne-se-grime-pas.jpg","contentUrl":"https:\/\/galerie-institut.com\/wp-content\/uploads\/2021\/11\/rouault-georges-1963-clown-qui-ne-se-grime-pas.jpg","width":1000,"height":1000},{"@type":"BreadcrumbList","@id":"https:\/\/galerie-institut.com\/en\/produit\/rouault-georges-clown-qui-ne-se-grime-pas-1963\/#breadcrumb","itemListElement":[{"@type":"ListItem","position":1,"name":"Accueil","item":"https:\/\/galerie-institut.com\/en\/accueil\/"},{"@type":"ListItem","position":2,"name":"Boutique","item":"https:\/\/galerie-institut.com\/?page_id=8607"},{"@type":"ListItem","position":3,"name":"Rouault, Georges, Clown who doesn&#8217;t claw himself, 1963"}]},{"@type":"WebSite","@id":"https:\/\/galerie-institut.com\/en\/#website","url":"https:\/\/galerie-institut.com\/en\/","name":"Galerie Institut","description":"","potentialAction":[{"@type":"SearchAction","target":{"@type":"EntryPoint","urlTemplate":"https:\/\/galerie-institut.com\/en\/?s={search_term_string}"},"query-input":{"@type":"PropertyValueSpecification","valueRequired":true,"valueName":"search_term_string"}}],"inLanguage":"en-US"}]}},"_links":{"self":[{"href":"https:\/\/galerie-institut.com\/en\/wp-json\/wp\/v2\/product\/17463","targetHints":{"allow":["GET"]}}],"collection":[{"href":"https:\/\/galerie-institut.com\/en\/wp-json\/wp\/v2\/product"}],"about":[{"href":"https:\/\/galerie-institut.com\/en\/wp-json\/wp\/v2\/types\/product"}],"replies":[{"embeddable":true,"href":"https:\/\/galerie-institut.com\/en\/wp-json\/wp\/v2\/comments?post=17463"}],"wp:featuredmedia":[{"embeddable":true,"href":"https:\/\/galerie-institut.com\/en\/wp-json\/wp\/v2\/media\/17464"}],"wp:attachment":[{"href":"https:\/\/galerie-institut.com\/en\/wp-json\/wp\/v2\/media?parent=17463"}],"wp:term":[{"taxonomy":"product_brand","embeddable":true,"href":"https:\/\/galerie-institut.com\/en\/wp-json\/wp\/v2\/product_brand?post=17463"},{"taxonomy":"product_cat","embeddable":true,"href":"https:\/\/galerie-institut.com\/en\/wp-json\/wp\/v2\/product_cat?post=17463"},{"taxonomy":"product_tag","embeddable":true,"href":"https:\/\/galerie-institut.com\/en\/wp-json\/wp\/v2\/product_tag?post=17463"}],"curies":[{"name":"wp","href":"https:\/\/api.w.org\/{rel}","templated":true}]}}