{"id":17445,"date":"2021-11-02T16:54:01","date_gmt":"2021-11-02T16:54:01","guid":{"rendered":"https:\/\/galerie-institut.com\/produit\/haas-michel-fleur-1997\/"},"modified":"2025-11-21T16:19:59","modified_gmt":"2025-11-21T16:19:59","slug":"haas-michel-fleur-1997","status":"publish","type":"product","link":"https:\/\/galerie-institut.com\/en\/produit\/haas-michel-fleur-1997\/","title":{"rendered":"Haas, Michel, Fleur, 1997"},"content":{"rendered":"<p>1997<\/p>\n<p>Mixed media on paper<\/p>\n<p>75 x 60 cm<\/p>\n<p>Signed by the artist lower right<\/p>\n","protected":false},"excerpt":{"rendered":"<p>&#8220;Water, paper and charcoal are the stuff of everyday life; and the flesh of painting is the magic that suddenly emerges. Without it, painting would be no more than a speech or a demonstration&#8221;.<\/p>\n<p>Interview for <em>Lib\u00e9ration<\/em> with Henri-Fran\u00e7ois Debailleux.<\/p>\n","protected":false},"featured_media":17446,"comment_status":"open","ping_status":"closed","template":"","meta":{"_et_pb_use_builder":"","_et_pb_old_content":"","_et_gb_content_width":""},"product_brand":[],"product_cat":[292,272],"product_tag":[274],"class_list":{"0":"post-17445","1":"product","2":"type-product","3":"status-publish","4":"has-post-thumbnail","6":"product_cat-haas","7":"product_cat-unique-works","8":"product_tag-table","10":"first","11":"instock","12":"shipping-taxable","13":"product-type-simple"},"yoast_head":"<!-- This site is optimized with the Yoast SEO plugin v27.4 - https:\/\/yoast.com\/product\/yoast-seo-wordpress\/ -->\n<title>Haas, Michel, Fleur, 1997 - Galerie Institut<\/title>\n<meta name=\"description\" content=\"D\u00e9couvrez l&#039;oeuvre Haas, Michel, Fleur, 1997 disponible \u00e0 la Galerie de l&#039;Institut. Si vous \u00eates int\u00e9ress\u00e9.e.s par Haas, Michel, Fleur, 1997 merci de nous contacter \u00e0 contact@galerie-institut.com\" \/>\n<meta name=\"robots\" content=\"index, follow, max-snippet:-1, max-image-preview:large, max-video-preview:-1\" \/>\n<link rel=\"canonical\" href=\"https:\/\/galerie-institut.com\/en\/produit\/haas-michel-fleur-1997\/\" \/>\n<meta property=\"og:locale\" content=\"en_US\" \/>\n<meta property=\"og:type\" content=\"article\" \/>\n<meta property=\"og:title\" content=\"Haas, Michel, Fleur, 1997 - Galerie Institut\" \/>\n<meta property=\"og:description\" content=\"D\u00e9couvrez l&#039;oeuvre Haas, Michel, Fleur, 1997 disponible \u00e0 la Galerie de l&#039;Institut. Si vous \u00eates int\u00e9ress\u00e9.e.s par Haas, Michel, Fleur, 1997 merci de nous contacter \u00e0 contact@galerie-institut.com\" \/>\n<meta property=\"og:url\" content=\"https:\/\/galerie-institut.com\/en\/produit\/haas-michel-fleur-1997\/\" \/>\n<meta property=\"og:site_name\" content=\"Galerie Institut\" \/>\n<meta property=\"article:modified_time\" content=\"2025-11-21T16:19:59+00:00\" \/>\n<meta property=\"og:image\" content=\"https:\/\/galerie-institut.com\/wp-content\/uploads\/2021\/11\/haas-michel-1997-fleur.jpg\" \/>\n\t<meta property=\"og:image:width\" content=\"1000\" \/>\n\t<meta property=\"og:image:height\" content=\"1000\" \/>\n\t<meta property=\"og:image:type\" content=\"image\/jpeg\" \/>\n<meta name=\"twitter:card\" content=\"summary_large_image\" \/>\n<script type=\"application\/ld+json\" class=\"yoast-schema-graph\">{\"@context\":\"https:\\\/\\\/schema.org\",\"@graph\":[{\"@type\":\"WebPage\",\"@id\":\"https:\\\/\\\/galerie-institut.com\\\/en\\\/produit\\\/haas-michel-fleur-1997\\\/\",\"url\":\"https:\\\/\\\/galerie-institut.com\\\/en\\\/produit\\\/haas-michel-fleur-1997\\\/\",\"name\":\"Haas, Michel, Fleur, 1997 - Galerie Institut\",\"isPartOf\":{\"@id\":\"https:\\\/\\\/galerie-institut.com\\\/en\\\/#website\"},\"primaryImageOfPage\":{\"@id\":\"https:\\\/\\\/galerie-institut.com\\\/en\\\/produit\\\/haas-michel-fleur-1997\\\/#primaryimage\"},\"image\":{\"@id\":\"https:\\\/\\\/galerie-institut.com\\\/en\\\/produit\\\/haas-michel-fleur-1997\\\/#primaryimage\"},\"thumbnailUrl\":\"https:\\\/\\\/galerie-institut.com\\\/wp-content\\\/uploads\\\/2021\\\/11\\\/haas-michel-1997-fleur.jpg\",\"datePublished\":\"2021-11-02T16:54:01+00:00\",\"dateModified\":\"2025-11-21T16:19:59+00:00\",\"description\":\"D\u00e9couvrez l'oeuvre Haas, Michel, Fleur, 1997 disponible \u00e0 la Galerie de l'Institut. Si vous \u00eates int\u00e9ress\u00e9.e.s par Haas, Michel, Fleur, 1997 merci de nous contacter \u00e0 contact@galerie-institut.com\",\"breadcrumb\":{\"@id\":\"https:\\\/\\\/galerie-institut.com\\\/en\\\/produit\\\/haas-michel-fleur-1997\\\/#breadcrumb\"},\"inLanguage\":\"en-US\",\"potentialAction\":[{\"@type\":\"ReadAction\",\"target\":[\"https:\\\/\\\/galerie-institut.com\\\/en\\\/produit\\\/haas-michel-fleur-1997\\\/\"]}]},{\"@type\":\"ImageObject\",\"inLanguage\":\"en-US\",\"@id\":\"https:\\\/\\\/galerie-institut.com\\\/en\\\/produit\\\/haas-michel-fleur-1997\\\/#primaryimage\",\"url\":\"https:\\\/\\\/galerie-institut.com\\\/wp-content\\\/uploads\\\/2021\\\/11\\\/haas-michel-1997-fleur.jpg\",\"contentUrl\":\"https:\\\/\\\/galerie-institut.com\\\/wp-content\\\/uploads\\\/2021\\\/11\\\/haas-michel-1997-fleur.jpg\",\"width\":1000,\"height\":1000},{\"@type\":\"BreadcrumbList\",\"@id\":\"https:\\\/\\\/galerie-institut.com\\\/en\\\/produit\\\/haas-michel-fleur-1997\\\/#breadcrumb\",\"itemListElement\":[{\"@type\":\"ListItem\",\"position\":1,\"name\":\"Accueil\",\"item\":\"https:\\\/\\\/galerie-institut.com\\\/en\\\/accueil\\\/\"},{\"@type\":\"ListItem\",\"position\":2,\"name\":\"Boutique\",\"item\":\"https:\\\/\\\/galerie-institut.com\\\/?page_id=8607\"},{\"@type\":\"ListItem\",\"position\":3,\"name\":\"Haas, Michel, Fleur, 1997\"}]},{\"@type\":\"WebSite\",\"@id\":\"https:\\\/\\\/galerie-institut.com\\\/en\\\/#website\",\"url\":\"https:\\\/\\\/galerie-institut.com\\\/en\\\/\",\"name\":\"Galerie Institut\",\"description\":\"\",\"potentialAction\":[{\"@type\":\"SearchAction\",\"target\":{\"@type\":\"EntryPoint\",\"urlTemplate\":\"https:\\\/\\\/galerie-institut.com\\\/en\\\/?s={search_term_string}\"},\"query-input\":{\"@type\":\"PropertyValueSpecification\",\"valueRequired\":true,\"valueName\":\"search_term_string\"}}],\"inLanguage\":\"en-US\"}]}<\/script>\n<!-- \/ Yoast SEO plugin. -->","yoast_head_json":{"title":"Haas, Michel, Fleur, 1997 - Galerie Institut","description":"D\u00e9couvrez l'oeuvre Haas, Michel, Fleur, 1997 disponible \u00e0 la Galerie de l'Institut. Si vous \u00eates int\u00e9ress\u00e9.e.s par Haas, Michel, Fleur, 1997 merci de nous contacter \u00e0 contact@galerie-institut.com","robots":{"index":"index","follow":"follow","max-snippet":"max-snippet:-1","max-image-preview":"max-image-preview:large","max-video-preview":"max-video-preview:-1"},"canonical":"https:\/\/galerie-institut.com\/en\/produit\/haas-michel-fleur-1997\/","og_locale":"en_US","og_type":"article","og_title":"Haas, Michel, Fleur, 1997 - Galerie Institut","og_description":"D\u00e9couvrez l'oeuvre Haas, Michel, Fleur, 1997 disponible \u00e0 la Galerie de l'Institut. Si vous \u00eates int\u00e9ress\u00e9.e.s par Haas, Michel, Fleur, 1997 merci de nous contacter \u00e0 contact@galerie-institut.com","og_url":"https:\/\/galerie-institut.com\/en\/produit\/haas-michel-fleur-1997\/","og_site_name":"Galerie Institut","article_modified_time":"2025-11-21T16:19:59+00:00","og_image":[{"width":1000,"height":1000,"url":"https:\/\/galerie-institut.com\/wp-content\/uploads\/2021\/11\/haas-michel-1997-fleur.jpg","type":"image\/jpeg"}],"twitter_card":"summary_large_image","schema":{"@context":"https:\/\/schema.org","@graph":[{"@type":"WebPage","@id":"https:\/\/galerie-institut.com\/en\/produit\/haas-michel-fleur-1997\/","url":"https:\/\/galerie-institut.com\/en\/produit\/haas-michel-fleur-1997\/","name":"Haas, Michel, Fleur, 1997 - Galerie Institut","isPartOf":{"@id":"https:\/\/galerie-institut.com\/en\/#website"},"primaryImageOfPage":{"@id":"https:\/\/galerie-institut.com\/en\/produit\/haas-michel-fleur-1997\/#primaryimage"},"image":{"@id":"https:\/\/galerie-institut.com\/en\/produit\/haas-michel-fleur-1997\/#primaryimage"},"thumbnailUrl":"https:\/\/galerie-institut.com\/wp-content\/uploads\/2021\/11\/haas-michel-1997-fleur.jpg","datePublished":"2021-11-02T16:54:01+00:00","dateModified":"2025-11-21T16:19:59+00:00","description":"D\u00e9couvrez l'oeuvre Haas, Michel, Fleur, 1997 disponible \u00e0 la Galerie de l'Institut. Si vous \u00eates int\u00e9ress\u00e9.e.s par Haas, Michel, Fleur, 1997 merci de nous contacter \u00e0 contact@galerie-institut.com","breadcrumb":{"@id":"https:\/\/galerie-institut.com\/en\/produit\/haas-michel-fleur-1997\/#breadcrumb"},"inLanguage":"en-US","potentialAction":[{"@type":"ReadAction","target":["https:\/\/galerie-institut.com\/en\/produit\/haas-michel-fleur-1997\/"]}]},{"@type":"ImageObject","inLanguage":"en-US","@id":"https:\/\/galerie-institut.com\/en\/produit\/haas-michel-fleur-1997\/#primaryimage","url":"https:\/\/galerie-institut.com\/wp-content\/uploads\/2021\/11\/haas-michel-1997-fleur.jpg","contentUrl":"https:\/\/galerie-institut.com\/wp-content\/uploads\/2021\/11\/haas-michel-1997-fleur.jpg","width":1000,"height":1000},{"@type":"BreadcrumbList","@id":"https:\/\/galerie-institut.com\/en\/produit\/haas-michel-fleur-1997\/#breadcrumb","itemListElement":[{"@type":"ListItem","position":1,"name":"Accueil","item":"https:\/\/galerie-institut.com\/en\/accueil\/"},{"@type":"ListItem","position":2,"name":"Boutique","item":"https:\/\/galerie-institut.com\/?page_id=8607"},{"@type":"ListItem","position":3,"name":"Haas, Michel, Fleur, 1997"}]},{"@type":"WebSite","@id":"https:\/\/galerie-institut.com\/en\/#website","url":"https:\/\/galerie-institut.com\/en\/","name":"Galerie Institut","description":"","potentialAction":[{"@type":"SearchAction","target":{"@type":"EntryPoint","urlTemplate":"https:\/\/galerie-institut.com\/en\/?s={search_term_string}"},"query-input":{"@type":"PropertyValueSpecification","valueRequired":true,"valueName":"search_term_string"}}],"inLanguage":"en-US"}]}},"_links":{"self":[{"href":"https:\/\/galerie-institut.com\/en\/wp-json\/wp\/v2\/product\/17445","targetHints":{"allow":["GET"]}}],"collection":[{"href":"https:\/\/galerie-institut.com\/en\/wp-json\/wp\/v2\/product"}],"about":[{"href":"https:\/\/galerie-institut.com\/en\/wp-json\/wp\/v2\/types\/product"}],"replies":[{"embeddable":true,"href":"https:\/\/galerie-institut.com\/en\/wp-json\/wp\/v2\/comments?post=17445"}],"wp:featuredmedia":[{"embeddable":true,"href":"https:\/\/galerie-institut.com\/en\/wp-json\/wp\/v2\/media\/17446"}],"wp:attachment":[{"href":"https:\/\/galerie-institut.com\/en\/wp-json\/wp\/v2\/media?parent=17445"}],"wp:term":[{"taxonomy":"product_brand","embeddable":true,"href":"https:\/\/galerie-institut.com\/en\/wp-json\/wp\/v2\/product_brand?post=17445"},{"taxonomy":"product_cat","embeddable":true,"href":"https:\/\/galerie-institut.com\/en\/wp-json\/wp\/v2\/product_cat?post=17445"},{"taxonomy":"product_tag","embeddable":true,"href":"https:\/\/galerie-institut.com\/en\/wp-json\/wp\/v2\/product_tag?post=17445"}],"curies":[{"name":"wp","href":"https:\/\/api.w.org\/{rel}","templated":true}]}}