{"id":17424,"date":"2021-11-03T10:02:46","date_gmt":"2021-11-03T10:02:46","guid":{"rendered":"https:\/\/galerie-institut.com\/produit\/muhl-roger-couchant-1996\/"},"modified":"2025-11-21T16:10:47","modified_gmt":"2025-11-21T16:10:47","slug":"muhl-roger-couchant-1996","status":"publish","type":"product","link":"https:\/\/galerie-institut.com\/en\/produit\/muhl-roger-couchant-1996\/","title":{"rendered":"M\u00fchl, Roger, Couchant, 1996"},"content":{"rendered":"<p>1996<\/p>\n<p>Oil on canvas<\/p>\n<p>150 x 160 cm<\/p>\n<p>Signed by the artist lower right<\/p>\n","protected":false},"excerpt":{"rendered":"<p>This landscape, imbued with an air of the South of France, is characteristic of the work of painter Roger M\u00fchl, who strives to reproduce reality while enriching it with his personal impressions. The gradation of colors down to the light blue of the most distant mountains evokes the clouds of heat that, after the scorching summer days of the South, envelop the hills, obliterating all relief. The sun has set, but the soft light still allows us to contemplate this undulating landscape.  <\/p>\n","protected":false},"featured_media":17426,"comment_status":"open","ping_status":"closed","template":"","meta":{"_et_pb_use_builder":"","_et_pb_old_content":"","_et_gb_content_width":""},"product_brand":[],"product_cat":[286,272],"product_tag":[274],"class_list":{"0":"post-17424","1":"product","2":"type-product","3":"status-publish","4":"has-post-thumbnail","6":"product_cat-muhl","7":"product_cat-unique-works","8":"product_tag-table","10":"first","11":"instock","12":"shipping-taxable","13":"product-type-simple"},"yoast_head":"<!-- This site is optimized with the Yoast SEO plugin v27.3 - https:\/\/yoast.com\/product\/yoast-seo-wordpress\/ -->\n<title>M\u00fchl, Roger, Couchant, 1996 - Galerie Institut<\/title>\n<meta name=\"description\" content=\"D\u00e9couvrez l&#039;oeuvre M\u00fchl, Roger, Couchant, 1996 disponible \u00e0 la Galerie de l&#039;Institut. Si vous \u00eates int\u00e9ress\u00e9.e.s par M\u00fchl, Roger, Couchant, 1996 merci de nous contacter \u00e0 contact@galerie-institut.com\" \/>\n<meta name=\"robots\" content=\"index, follow, max-snippet:-1, max-image-preview:large, max-video-preview:-1\" \/>\n<link rel=\"canonical\" href=\"https:\/\/galerie-institut.com\/en\/produit\/muhl-roger-couchant-1996\/\" \/>\n<meta property=\"og:locale\" content=\"en_US\" \/>\n<meta property=\"og:type\" content=\"article\" \/>\n<meta property=\"og:title\" content=\"M\u00fchl, Roger, Couchant, 1996 - Galerie Institut\" \/>\n<meta property=\"og:description\" content=\"D\u00e9couvrez l&#039;oeuvre M\u00fchl, Roger, Couchant, 1996 disponible \u00e0 la Galerie de l&#039;Institut. Si vous \u00eates int\u00e9ress\u00e9.e.s par M\u00fchl, Roger, Couchant, 1996 merci de nous contacter \u00e0 contact@galerie-institut.com\" \/>\n<meta property=\"og:url\" content=\"https:\/\/galerie-institut.com\/en\/produit\/muhl-roger-couchant-1996\/\" \/>\n<meta property=\"og:site_name\" content=\"Galerie Institut\" \/>\n<meta property=\"article:modified_time\" content=\"2025-11-21T16:10:47+00:00\" \/>\n<meta property=\"og:image\" content=\"https:\/\/galerie-institut.com\/wp-content\/uploads\/2021\/11\/Muhl-Couchant-1996.jpg\" \/>\n\t<meta property=\"og:image:width\" content=\"1000\" \/>\n\t<meta property=\"og:image:height\" content=\"1000\" \/>\n\t<meta property=\"og:image:type\" content=\"image\/jpeg\" \/>\n<meta name=\"twitter:card\" content=\"summary_large_image\" \/>\n<script type=\"application\/ld+json\" class=\"yoast-schema-graph\">{\"@context\":\"https:\\\/\\\/schema.org\",\"@graph\":[{\"@type\":\"WebPage\",\"@id\":\"https:\\\/\\\/galerie-institut.com\\\/en\\\/produit\\\/muhl-roger-couchant-1996\\\/\",\"url\":\"https:\\\/\\\/galerie-institut.com\\\/en\\\/produit\\\/muhl-roger-couchant-1996\\\/\",\"name\":\"M\u00fchl, Roger, Couchant, 1996 - Galerie Institut\",\"isPartOf\":{\"@id\":\"https:\\\/\\\/galerie-institut.com\\\/en\\\/#website\"},\"primaryImageOfPage\":{\"@id\":\"https:\\\/\\\/galerie-institut.com\\\/en\\\/produit\\\/muhl-roger-couchant-1996\\\/#primaryimage\"},\"image\":{\"@id\":\"https:\\\/\\\/galerie-institut.com\\\/en\\\/produit\\\/muhl-roger-couchant-1996\\\/#primaryimage\"},\"thumbnailUrl\":\"https:\\\/\\\/galerie-institut.com\\\/wp-content\\\/uploads\\\/2021\\\/11\\\/Muhl-Couchant-1996.jpg\",\"datePublished\":\"2021-11-03T10:02:46+00:00\",\"dateModified\":\"2025-11-21T16:10:47+00:00\",\"description\":\"D\u00e9couvrez l'oeuvre M\u00fchl, Roger, Couchant, 1996 disponible \u00e0 la Galerie de l'Institut. Si vous \u00eates int\u00e9ress\u00e9.e.s par M\u00fchl, Roger, Couchant, 1996 merci de nous contacter \u00e0 contact@galerie-institut.com\",\"breadcrumb\":{\"@id\":\"https:\\\/\\\/galerie-institut.com\\\/en\\\/produit\\\/muhl-roger-couchant-1996\\\/#breadcrumb\"},\"inLanguage\":\"en-US\",\"potentialAction\":[{\"@type\":\"ReadAction\",\"target\":[\"https:\\\/\\\/galerie-institut.com\\\/en\\\/produit\\\/muhl-roger-couchant-1996\\\/\"]}]},{\"@type\":\"ImageObject\",\"inLanguage\":\"en-US\",\"@id\":\"https:\\\/\\\/galerie-institut.com\\\/en\\\/produit\\\/muhl-roger-couchant-1996\\\/#primaryimage\",\"url\":\"https:\\\/\\\/galerie-institut.com\\\/wp-content\\\/uploads\\\/2021\\\/11\\\/Muhl-Couchant-1996.jpg\",\"contentUrl\":\"https:\\\/\\\/galerie-institut.com\\\/wp-content\\\/uploads\\\/2021\\\/11\\\/Muhl-Couchant-1996.jpg\",\"width\":1000,\"height\":1000},{\"@type\":\"BreadcrumbList\",\"@id\":\"https:\\\/\\\/galerie-institut.com\\\/en\\\/produit\\\/muhl-roger-couchant-1996\\\/#breadcrumb\",\"itemListElement\":[{\"@type\":\"ListItem\",\"position\":1,\"name\":\"Accueil\",\"item\":\"https:\\\/\\\/galerie-institut.com\\\/en\\\/accueil\\\/\"},{\"@type\":\"ListItem\",\"position\":2,\"name\":\"Boutique\",\"item\":\"https:\\\/\\\/galerie-institut.com\\\/?page_id=8607\"},{\"@type\":\"ListItem\",\"position\":3,\"name\":\"M\u00fchl, Roger, Couchant, 1996\"}]},{\"@type\":\"WebSite\",\"@id\":\"https:\\\/\\\/galerie-institut.com\\\/en\\\/#website\",\"url\":\"https:\\\/\\\/galerie-institut.com\\\/en\\\/\",\"name\":\"Galerie Institut\",\"description\":\"\",\"potentialAction\":[{\"@type\":\"SearchAction\",\"target\":{\"@type\":\"EntryPoint\",\"urlTemplate\":\"https:\\\/\\\/galerie-institut.com\\\/en\\\/?s={search_term_string}\"},\"query-input\":{\"@type\":\"PropertyValueSpecification\",\"valueRequired\":true,\"valueName\":\"search_term_string\"}}],\"inLanguage\":\"en-US\"}]}<\/script>\n<!-- \/ Yoast SEO plugin. -->","yoast_head_json":{"title":"M\u00fchl, Roger, Couchant, 1996 - Galerie Institut","description":"D\u00e9couvrez l'oeuvre M\u00fchl, Roger, Couchant, 1996 disponible \u00e0 la Galerie de l'Institut. Si vous \u00eates int\u00e9ress\u00e9.e.s par M\u00fchl, Roger, Couchant, 1996 merci de nous contacter \u00e0 contact@galerie-institut.com","robots":{"index":"index","follow":"follow","max-snippet":"max-snippet:-1","max-image-preview":"max-image-preview:large","max-video-preview":"max-video-preview:-1"},"canonical":"https:\/\/galerie-institut.com\/en\/produit\/muhl-roger-couchant-1996\/","og_locale":"en_US","og_type":"article","og_title":"M\u00fchl, Roger, Couchant, 1996 - Galerie Institut","og_description":"D\u00e9couvrez l'oeuvre M\u00fchl, Roger, Couchant, 1996 disponible \u00e0 la Galerie de l'Institut. Si vous \u00eates int\u00e9ress\u00e9.e.s par M\u00fchl, Roger, Couchant, 1996 merci de nous contacter \u00e0 contact@galerie-institut.com","og_url":"https:\/\/galerie-institut.com\/en\/produit\/muhl-roger-couchant-1996\/","og_site_name":"Galerie Institut","article_modified_time":"2025-11-21T16:10:47+00:00","og_image":[{"width":1000,"height":1000,"url":"https:\/\/galerie-institut.com\/wp-content\/uploads\/2021\/11\/Muhl-Couchant-1996.jpg","type":"image\/jpeg"}],"twitter_card":"summary_large_image","schema":{"@context":"https:\/\/schema.org","@graph":[{"@type":"WebPage","@id":"https:\/\/galerie-institut.com\/en\/produit\/muhl-roger-couchant-1996\/","url":"https:\/\/galerie-institut.com\/en\/produit\/muhl-roger-couchant-1996\/","name":"M\u00fchl, Roger, Couchant, 1996 - Galerie Institut","isPartOf":{"@id":"https:\/\/galerie-institut.com\/en\/#website"},"primaryImageOfPage":{"@id":"https:\/\/galerie-institut.com\/en\/produit\/muhl-roger-couchant-1996\/#primaryimage"},"image":{"@id":"https:\/\/galerie-institut.com\/en\/produit\/muhl-roger-couchant-1996\/#primaryimage"},"thumbnailUrl":"https:\/\/galerie-institut.com\/wp-content\/uploads\/2021\/11\/Muhl-Couchant-1996.jpg","datePublished":"2021-11-03T10:02:46+00:00","dateModified":"2025-11-21T16:10:47+00:00","description":"D\u00e9couvrez l'oeuvre M\u00fchl, Roger, Couchant, 1996 disponible \u00e0 la Galerie de l'Institut. Si vous \u00eates int\u00e9ress\u00e9.e.s par M\u00fchl, Roger, Couchant, 1996 merci de nous contacter \u00e0 contact@galerie-institut.com","breadcrumb":{"@id":"https:\/\/galerie-institut.com\/en\/produit\/muhl-roger-couchant-1996\/#breadcrumb"},"inLanguage":"en-US","potentialAction":[{"@type":"ReadAction","target":["https:\/\/galerie-institut.com\/en\/produit\/muhl-roger-couchant-1996\/"]}]},{"@type":"ImageObject","inLanguage":"en-US","@id":"https:\/\/galerie-institut.com\/en\/produit\/muhl-roger-couchant-1996\/#primaryimage","url":"https:\/\/galerie-institut.com\/wp-content\/uploads\/2021\/11\/Muhl-Couchant-1996.jpg","contentUrl":"https:\/\/galerie-institut.com\/wp-content\/uploads\/2021\/11\/Muhl-Couchant-1996.jpg","width":1000,"height":1000},{"@type":"BreadcrumbList","@id":"https:\/\/galerie-institut.com\/en\/produit\/muhl-roger-couchant-1996\/#breadcrumb","itemListElement":[{"@type":"ListItem","position":1,"name":"Accueil","item":"https:\/\/galerie-institut.com\/en\/accueil\/"},{"@type":"ListItem","position":2,"name":"Boutique","item":"https:\/\/galerie-institut.com\/?page_id=8607"},{"@type":"ListItem","position":3,"name":"M\u00fchl, Roger, Couchant, 1996"}]},{"@type":"WebSite","@id":"https:\/\/galerie-institut.com\/en\/#website","url":"https:\/\/galerie-institut.com\/en\/","name":"Galerie Institut","description":"","potentialAction":[{"@type":"SearchAction","target":{"@type":"EntryPoint","urlTemplate":"https:\/\/galerie-institut.com\/en\/?s={search_term_string}"},"query-input":{"@type":"PropertyValueSpecification","valueRequired":true,"valueName":"search_term_string"}}],"inLanguage":"en-US"}]}},"_links":{"self":[{"href":"https:\/\/galerie-institut.com\/en\/wp-json\/wp\/v2\/product\/17424","targetHints":{"allow":["GET"]}}],"collection":[{"href":"https:\/\/galerie-institut.com\/en\/wp-json\/wp\/v2\/product"}],"about":[{"href":"https:\/\/galerie-institut.com\/en\/wp-json\/wp\/v2\/types\/product"}],"replies":[{"embeddable":true,"href":"https:\/\/galerie-institut.com\/en\/wp-json\/wp\/v2\/comments?post=17424"}],"wp:featuredmedia":[{"embeddable":true,"href":"https:\/\/galerie-institut.com\/en\/wp-json\/wp\/v2\/media\/17426"}],"wp:attachment":[{"href":"https:\/\/galerie-institut.com\/en\/wp-json\/wp\/v2\/media?parent=17424"}],"wp:term":[{"taxonomy":"product_brand","embeddable":true,"href":"https:\/\/galerie-institut.com\/en\/wp-json\/wp\/v2\/product_brand?post=17424"},{"taxonomy":"product_cat","embeddable":true,"href":"https:\/\/galerie-institut.com\/en\/wp-json\/wp\/v2\/product_cat?post=17424"},{"taxonomy":"product_tag","embeddable":true,"href":"https:\/\/galerie-institut.com\/en\/wp-json\/wp\/v2\/product_tag?post=17424"}],"curies":[{"name":"wp","href":"https:\/\/api.w.org\/{rel}","templated":true}]}}