{"id":17398,"date":"2021-11-03T10:51:02","date_gmt":"2021-11-03T10:51:02","guid":{"rendered":"https:\/\/galerie-institut.com\/produit\/secheret-jean-baptiste-homage-to-goya-1997\/"},"modified":"2025-11-21T16:04:52","modified_gmt":"2025-11-21T16:04:52","slug":"secheret-jean-baptiste-hommage-a-goya-1997","status":"publish","type":"product","link":"https:\/\/galerie-institut.com\/en\/produit\/secheret-jean-baptiste-hommage-a-goya-1997\/","title":{"rendered":"S\u00e9cheret, Jean-Baptiste, Homage to Goya, 1997"},"content":{"rendered":"<p>1997<\/p>\n<p>Original etching and aquatint on copper in black<\/p>\n<p>36.5 x 44.5 cm<\/p>\n<p>Numbered in pencil lower right out of 50, titled in pencil lower center, signed, dated by the artist in pencil lower right<\/p>\n<p>Reference catalog: Plumart G 74<\/p>\n","protected":false},"excerpt":{"rendered":"<p>Like the Spanish painter Francisco de Goya, <a href=\"http:\/\/galerie-institut.com\/artistes\/jean-baptiste-secheret\/\">Jean-Baptiste S\u00e9cheret<\/a> lived in Madrid for several years, which explains his proximity to and knowledge of the artist. They also share a substantial body of engraved work. <\/p>\n<p>The infinite number of fine strokes creates a realistic print in which the play of light and shade is central, a technique that follows in the painter&#8217;s footsteps.<\/p>\n<p>The skull certainly evokes death, but more broadly, it echoes the Hispanic artist&#8217;s entire oeuvre, which was dark, tormented and marked by violence. In the background, a bust refers to a self-portrait of Goya in a high hat, which he printed as the frontispiece to his first published suite of engravings, <em>Los Caprichos <\/em>(1). <\/p>\n<p>&nbsp;<\/p>\n<p>(1) <a href=\"http:\/\/bdh-rd.bne.es\/viewer.vm?id=0000051045&amp;page=1\">http:\/\/bdh-rd.bne.es\/viewer.vm?id=0000051045&amp;page=1<\/a><\/p>\n","protected":false},"featured_media":17399,"comment_status":"open","ping_status":"closed","template":"","meta":{"_et_pb_use_builder":"","_et_pb_old_content":"","_et_gb_content_width":""},"product_brand":[],"product_cat":[267,302],"product_tag":[174,268],"class_list":{"0":"post-17398","1":"product","2":"type-product","3":"status-publish","4":"has-post-thumbnail","6":"product_cat-estampes","7":"product_cat-secheret","8":"product_tag-etching","9":"product_tag-print","11":"first","12":"instock","13":"shipping-taxable","14":"product-type-simple"},"yoast_head":"<!-- This site is optimized with the Yoast SEO plugin v27.4 - https:\/\/yoast.com\/product\/yoast-seo-wordpress\/ -->\n<title>S\u00e9cheret, Jean-Baptiste, Homage to Goya, 1997 - Galerie Institut<\/title>\n<meta name=\"description\" content=\"D\u00e9couvrez l&#039;oeuvre S\u00e9cheret, Jean-Baptiste, Homage to Goya, 1997 disponible \u00e0 la Galerie de l&#039;Institut. Si vous \u00eates int\u00e9ress\u00e9.e.s par S\u00e9cheret, Jean-Baptiste, Homage to Goya, 1997 merci de nous contacter \u00e0 contact@galerie-institut.com\" \/>\n<meta name=\"robots\" content=\"index, follow, max-snippet:-1, max-image-preview:large, max-video-preview:-1\" \/>\n<link rel=\"canonical\" href=\"https:\/\/galerie-institut.com\/en\/produit\/secheret-jean-baptiste-hommage-a-goya-1997\/\" \/>\n<meta property=\"og:locale\" content=\"en_US\" \/>\n<meta property=\"og:type\" content=\"article\" \/>\n<meta property=\"og:title\" content=\"S\u00e9cheret, Jean-Baptiste, Homage to Goya, 1997 - Galerie Institut\" \/>\n<meta property=\"og:description\" content=\"D\u00e9couvrez l&#039;oeuvre S\u00e9cheret, Jean-Baptiste, Homage to Goya, 1997 disponible \u00e0 la Galerie de l&#039;Institut. Si vous \u00eates int\u00e9ress\u00e9.e.s par S\u00e9cheret, Jean-Baptiste, Homage to Goya, 1997 merci de nous contacter \u00e0 contact@galerie-institut.com\" \/>\n<meta property=\"og:url\" content=\"https:\/\/galerie-institut.com\/en\/produit\/secheret-jean-baptiste-hommage-a-goya-1997\/\" \/>\n<meta property=\"og:site_name\" content=\"Galerie Institut\" \/>\n<meta property=\"article:modified_time\" content=\"2025-11-21T16:04:52+00:00\" \/>\n<meta property=\"og:image\" content=\"https:\/\/galerie-institut.com\/wp-content\/uploads\/2021\/11\/secheret-jean-baptiste-1997-hommage-a-goya.jpg\" \/>\n\t<meta property=\"og:image:width\" content=\"1000\" \/>\n\t<meta property=\"og:image:height\" content=\"1000\" \/>\n\t<meta property=\"og:image:type\" content=\"image\/jpeg\" \/>\n<meta name=\"twitter:card\" content=\"summary_large_image\" \/>\n<script type=\"application\/ld+json\" class=\"yoast-schema-graph\">{\"@context\":\"https:\\\/\\\/schema.org\",\"@graph\":[{\"@type\":\"WebPage\",\"@id\":\"https:\\\/\\\/galerie-institut.com\\\/en\\\/produit\\\/secheret-jean-baptiste-hommage-a-goya-1997\\\/\",\"url\":\"https:\\\/\\\/galerie-institut.com\\\/en\\\/produit\\\/secheret-jean-baptiste-hommage-a-goya-1997\\\/\",\"name\":\"S\u00e9cheret, Jean-Baptiste, Homage to Goya, 1997 - Galerie Institut\",\"isPartOf\":{\"@id\":\"https:\\\/\\\/galerie-institut.com\\\/en\\\/#website\"},\"primaryImageOfPage\":{\"@id\":\"https:\\\/\\\/galerie-institut.com\\\/en\\\/produit\\\/secheret-jean-baptiste-hommage-a-goya-1997\\\/#primaryimage\"},\"image\":{\"@id\":\"https:\\\/\\\/galerie-institut.com\\\/en\\\/produit\\\/secheret-jean-baptiste-hommage-a-goya-1997\\\/#primaryimage\"},\"thumbnailUrl\":\"https:\\\/\\\/galerie-institut.com\\\/wp-content\\\/uploads\\\/2021\\\/11\\\/secheret-jean-baptiste-1997-hommage-a-goya.jpg\",\"datePublished\":\"2021-11-03T10:51:02+00:00\",\"dateModified\":\"2025-11-21T16:04:52+00:00\",\"description\":\"D\u00e9couvrez l'oeuvre S\u00e9cheret, Jean-Baptiste, Homage to Goya, 1997 disponible \u00e0 la Galerie de l'Institut. Si vous \u00eates int\u00e9ress\u00e9.e.s par S\u00e9cheret, Jean-Baptiste, Homage to Goya, 1997 merci de nous contacter \u00e0 contact@galerie-institut.com\",\"breadcrumb\":{\"@id\":\"https:\\\/\\\/galerie-institut.com\\\/en\\\/produit\\\/secheret-jean-baptiste-hommage-a-goya-1997\\\/#breadcrumb\"},\"inLanguage\":\"en-US\",\"potentialAction\":[{\"@type\":\"ReadAction\",\"target\":[\"https:\\\/\\\/galerie-institut.com\\\/en\\\/produit\\\/secheret-jean-baptiste-hommage-a-goya-1997\\\/\"]}]},{\"@type\":\"ImageObject\",\"inLanguage\":\"en-US\",\"@id\":\"https:\\\/\\\/galerie-institut.com\\\/en\\\/produit\\\/secheret-jean-baptiste-hommage-a-goya-1997\\\/#primaryimage\",\"url\":\"https:\\\/\\\/galerie-institut.com\\\/wp-content\\\/uploads\\\/2021\\\/11\\\/secheret-jean-baptiste-1997-hommage-a-goya.jpg\",\"contentUrl\":\"https:\\\/\\\/galerie-institut.com\\\/wp-content\\\/uploads\\\/2021\\\/11\\\/secheret-jean-baptiste-1997-hommage-a-goya.jpg\",\"width\":1000,\"height\":1000},{\"@type\":\"BreadcrumbList\",\"@id\":\"https:\\\/\\\/galerie-institut.com\\\/en\\\/produit\\\/secheret-jean-baptiste-hommage-a-goya-1997\\\/#breadcrumb\",\"itemListElement\":[{\"@type\":\"ListItem\",\"position\":1,\"name\":\"Accueil\",\"item\":\"https:\\\/\\\/galerie-institut.com\\\/en\\\/accueil\\\/\"},{\"@type\":\"ListItem\",\"position\":2,\"name\":\"Boutique\",\"item\":\"https:\\\/\\\/galerie-institut.com\\\/?page_id=8607\"},{\"@type\":\"ListItem\",\"position\":3,\"name\":\"S\u00e9cheret, Jean-Baptiste, Homage to Goya, 1997\"}]},{\"@type\":\"WebSite\",\"@id\":\"https:\\\/\\\/galerie-institut.com\\\/en\\\/#website\",\"url\":\"https:\\\/\\\/galerie-institut.com\\\/en\\\/\",\"name\":\"Galerie Institut\",\"description\":\"\",\"potentialAction\":[{\"@type\":\"SearchAction\",\"target\":{\"@type\":\"EntryPoint\",\"urlTemplate\":\"https:\\\/\\\/galerie-institut.com\\\/en\\\/?s={search_term_string}\"},\"query-input\":{\"@type\":\"PropertyValueSpecification\",\"valueRequired\":true,\"valueName\":\"search_term_string\"}}],\"inLanguage\":\"en-US\"}]}<\/script>\n<!-- \/ Yoast SEO plugin. -->","yoast_head_json":{"title":"S\u00e9cheret, Jean-Baptiste, Homage to Goya, 1997 - Galerie Institut","description":"D\u00e9couvrez l'oeuvre S\u00e9cheret, Jean-Baptiste, Homage to Goya, 1997 disponible \u00e0 la Galerie de l'Institut. Si vous \u00eates int\u00e9ress\u00e9.e.s par S\u00e9cheret, Jean-Baptiste, Homage to Goya, 1997 merci de nous contacter \u00e0 contact@galerie-institut.com","robots":{"index":"index","follow":"follow","max-snippet":"max-snippet:-1","max-image-preview":"max-image-preview:large","max-video-preview":"max-video-preview:-1"},"canonical":"https:\/\/galerie-institut.com\/en\/produit\/secheret-jean-baptiste-hommage-a-goya-1997\/","og_locale":"en_US","og_type":"article","og_title":"S\u00e9cheret, Jean-Baptiste, Homage to Goya, 1997 - Galerie Institut","og_description":"D\u00e9couvrez l'oeuvre S\u00e9cheret, Jean-Baptiste, Homage to Goya, 1997 disponible \u00e0 la Galerie de l'Institut. Si vous \u00eates int\u00e9ress\u00e9.e.s par S\u00e9cheret, Jean-Baptiste, Homage to Goya, 1997 merci de nous contacter \u00e0 contact@galerie-institut.com","og_url":"https:\/\/galerie-institut.com\/en\/produit\/secheret-jean-baptiste-hommage-a-goya-1997\/","og_site_name":"Galerie Institut","article_modified_time":"2025-11-21T16:04:52+00:00","og_image":[{"width":1000,"height":1000,"url":"https:\/\/galerie-institut.com\/wp-content\/uploads\/2021\/11\/secheret-jean-baptiste-1997-hommage-a-goya.jpg","type":"image\/jpeg"}],"twitter_card":"summary_large_image","schema":{"@context":"https:\/\/schema.org","@graph":[{"@type":"WebPage","@id":"https:\/\/galerie-institut.com\/en\/produit\/secheret-jean-baptiste-hommage-a-goya-1997\/","url":"https:\/\/galerie-institut.com\/en\/produit\/secheret-jean-baptiste-hommage-a-goya-1997\/","name":"S\u00e9cheret, Jean-Baptiste, Homage to Goya, 1997 - Galerie Institut","isPartOf":{"@id":"https:\/\/galerie-institut.com\/en\/#website"},"primaryImageOfPage":{"@id":"https:\/\/galerie-institut.com\/en\/produit\/secheret-jean-baptiste-hommage-a-goya-1997\/#primaryimage"},"image":{"@id":"https:\/\/galerie-institut.com\/en\/produit\/secheret-jean-baptiste-hommage-a-goya-1997\/#primaryimage"},"thumbnailUrl":"https:\/\/galerie-institut.com\/wp-content\/uploads\/2021\/11\/secheret-jean-baptiste-1997-hommage-a-goya.jpg","datePublished":"2021-11-03T10:51:02+00:00","dateModified":"2025-11-21T16:04:52+00:00","description":"D\u00e9couvrez l'oeuvre S\u00e9cheret, Jean-Baptiste, Homage to Goya, 1997 disponible \u00e0 la Galerie de l'Institut. Si vous \u00eates int\u00e9ress\u00e9.e.s par S\u00e9cheret, Jean-Baptiste, Homage to Goya, 1997 merci de nous contacter \u00e0 contact@galerie-institut.com","breadcrumb":{"@id":"https:\/\/galerie-institut.com\/en\/produit\/secheret-jean-baptiste-hommage-a-goya-1997\/#breadcrumb"},"inLanguage":"en-US","potentialAction":[{"@type":"ReadAction","target":["https:\/\/galerie-institut.com\/en\/produit\/secheret-jean-baptiste-hommage-a-goya-1997\/"]}]},{"@type":"ImageObject","inLanguage":"en-US","@id":"https:\/\/galerie-institut.com\/en\/produit\/secheret-jean-baptiste-hommage-a-goya-1997\/#primaryimage","url":"https:\/\/galerie-institut.com\/wp-content\/uploads\/2021\/11\/secheret-jean-baptiste-1997-hommage-a-goya.jpg","contentUrl":"https:\/\/galerie-institut.com\/wp-content\/uploads\/2021\/11\/secheret-jean-baptiste-1997-hommage-a-goya.jpg","width":1000,"height":1000},{"@type":"BreadcrumbList","@id":"https:\/\/galerie-institut.com\/en\/produit\/secheret-jean-baptiste-hommage-a-goya-1997\/#breadcrumb","itemListElement":[{"@type":"ListItem","position":1,"name":"Accueil","item":"https:\/\/galerie-institut.com\/en\/accueil\/"},{"@type":"ListItem","position":2,"name":"Boutique","item":"https:\/\/galerie-institut.com\/?page_id=8607"},{"@type":"ListItem","position":3,"name":"S\u00e9cheret, Jean-Baptiste, Homage to Goya, 1997"}]},{"@type":"WebSite","@id":"https:\/\/galerie-institut.com\/en\/#website","url":"https:\/\/galerie-institut.com\/en\/","name":"Galerie Institut","description":"","potentialAction":[{"@type":"SearchAction","target":{"@type":"EntryPoint","urlTemplate":"https:\/\/galerie-institut.com\/en\/?s={search_term_string}"},"query-input":{"@type":"PropertyValueSpecification","valueRequired":true,"valueName":"search_term_string"}}],"inLanguage":"en-US"}]}},"_links":{"self":[{"href":"https:\/\/galerie-institut.com\/en\/wp-json\/wp\/v2\/product\/17398","targetHints":{"allow":["GET"]}}],"collection":[{"href":"https:\/\/galerie-institut.com\/en\/wp-json\/wp\/v2\/product"}],"about":[{"href":"https:\/\/galerie-institut.com\/en\/wp-json\/wp\/v2\/types\/product"}],"replies":[{"embeddable":true,"href":"https:\/\/galerie-institut.com\/en\/wp-json\/wp\/v2\/comments?post=17398"}],"wp:featuredmedia":[{"embeddable":true,"href":"https:\/\/galerie-institut.com\/en\/wp-json\/wp\/v2\/media\/17399"}],"wp:attachment":[{"href":"https:\/\/galerie-institut.com\/en\/wp-json\/wp\/v2\/media?parent=17398"}],"wp:term":[{"taxonomy":"product_brand","embeddable":true,"href":"https:\/\/galerie-institut.com\/en\/wp-json\/wp\/v2\/product_brand?post=17398"},{"taxonomy":"product_cat","embeddable":true,"href":"https:\/\/galerie-institut.com\/en\/wp-json\/wp\/v2\/product_cat?post=17398"},{"taxonomy":"product_tag","embeddable":true,"href":"https:\/\/galerie-institut.com\/en\/wp-json\/wp\/v2\/product_tag?post=17398"}],"curies":[{"name":"wp","href":"https:\/\/api.w.org\/{rel}","templated":true}]}}