{"id":17387,"date":"2021-11-03T10:32:26","date_gmt":"2021-11-03T10:32:26","guid":{"rendered":"https:\/\/galerie-institut.com\/produit\/secheret-jean-baptiste-oval-composition-1-1992\/"},"modified":"2025-11-21T16:04:43","modified_gmt":"2025-11-21T16:04:43","slug":"secheret-jean-baptiste-composition-ovale-1992","status":"publish","type":"product","link":"https:\/\/galerie-institut.com\/en\/produit\/secheret-jean-baptiste-composition-ovale-1992\/","title":{"rendered":"S\u00e9cheret, Jean-Baptiste, Oval Composition 1, 1992"},"content":{"rendered":"<p>1992<\/p>\n<p>Original lithograph enhanced with pastel<\/p>\n<p>69 x 55 cm<\/p>\n<p>Numbered in pencil lower left on 40, signed and dated by the artist in pencil lower right<\/p>\n<p>Reference catalog: Plumart L 65<\/p>\n","protected":false},"excerpt":{"rendered":"<blockquote><p>&#8220;He likes to quote Ingres: &#8220;Resemblance is the least of things&#8221;. He learned this at the age of twenty at the Beaux-Arts in Paris. He makes a point of mastering it. It&#8217;s the humble, formidable objects &#8211; all objects are formidable &#8211; that he reproduces, by every means possible, in his studio: funnels, marbled cones from the South Seas, cut-off fish heads&#8221;.   <\/p><\/blockquote>\n<p>Preface to the catalog of<em>\u0152uvre Grav\u00e9 Et Lithographi\u00e9 2002-2014<\/em> written by Pierre Bergounioux.<\/p>\n<p>Find out more about <a href=\"http:\/\/galerie-institut.com\/artistes\/jean-baptiste-secheret\/\">the history of<span data-sheets-root=\"1\">Jean-Baptiste S\u00e9cheret<\/span><\/a><\/p>\n","protected":false},"featured_media":17388,"comment_status":"open","ping_status":"closed","template":"","meta":{"_et_pb_use_builder":"","_et_pb_old_content":"","_et_gb_content_width":""},"product_brand":[],"product_cat":[267,302],"product_tag":[281,268],"class_list":{"0":"post-17387","1":"product","2":"type-product","3":"status-publish","4":"has-post-thumbnail","6":"product_cat-estampes","7":"product_cat-secheret","8":"product_tag-pastel","9":"product_tag-print","11":"first","12":"instock","13":"shipping-taxable","14":"product-type-simple"},"yoast_head":"<!-- This site is optimized with the Yoast SEO plugin v27.4 - https:\/\/yoast.com\/product\/yoast-seo-wordpress\/ -->\n<title>S\u00e9cheret, Jean-Baptiste, Composition ovale 1, 1992 - Galerie Institut<\/title>\n<meta name=\"description\" content=\"D\u00e9couvrez l&#039;oeuvre S\u00e9cheret, Jean-Baptiste, Oval Composition 1, 1992 disponible \u00e0 la Galerie de l&#039;Institut. Si vous \u00eates int\u00e9ress\u00e9.e.s par S\u00e9cheret, Jean-Baptiste, Oval Composition 1, 1992 merci de nous contacter \u00e0 contact@galerie-institut.com\" \/>\n<meta name=\"robots\" content=\"index, follow, max-snippet:-1, max-image-preview:large, max-video-preview:-1\" \/>\n<link rel=\"canonical\" href=\"https:\/\/galerie-institut.com\/en\/produit\/secheret-jean-baptiste-composition-ovale-1992\/\" \/>\n<meta property=\"og:locale\" content=\"en_US\" \/>\n<meta property=\"og:type\" content=\"article\" \/>\n<meta property=\"og:title\" content=\"S\u00e9cheret, Jean-Baptiste, Composition ovale 1, 1992 - Galerie Institut\" \/>\n<meta property=\"og:description\" content=\"D\u00e9couvrez l&#039;oeuvre S\u00e9cheret, Jean-Baptiste, Oval Composition 1, 1992 disponible \u00e0 la Galerie de l&#039;Institut. Si vous \u00eates int\u00e9ress\u00e9.e.s par S\u00e9cheret, Jean-Baptiste, Oval Composition 1, 1992 merci de nous contacter \u00e0 contact@galerie-institut.com\" \/>\n<meta property=\"og:url\" content=\"https:\/\/galerie-institut.com\/en\/produit\/secheret-jean-baptiste-composition-ovale-1992\/\" \/>\n<meta property=\"og:site_name\" content=\"Galerie Institut\" \/>\n<meta property=\"article:modified_time\" content=\"2025-11-21T16:04:43+00:00\" \/>\n<meta property=\"og:image\" content=\"https:\/\/galerie-institut.com\/wp-content\/uploads\/2021\/11\/secheret-jean-baptiste-1992-composition-ovale-3.jpg\" \/>\n\t<meta property=\"og:image:width\" content=\"1000\" \/>\n\t<meta property=\"og:image:height\" content=\"1000\" \/>\n\t<meta property=\"og:image:type\" content=\"image\/jpeg\" \/>\n<meta name=\"twitter:card\" content=\"summary_large_image\" \/>\n<script type=\"application\/ld+json\" class=\"yoast-schema-graph\">{\"@context\":\"https:\\\/\\\/schema.org\",\"@graph\":[{\"@type\":\"WebPage\",\"@id\":\"https:\\\/\\\/galerie-institut.com\\\/en\\\/produit\\\/secheret-jean-baptiste-composition-ovale-1992\\\/\",\"url\":\"https:\\\/\\\/galerie-institut.com\\\/en\\\/produit\\\/secheret-jean-baptiste-composition-ovale-1992\\\/\",\"name\":\"S\u00e9cheret, Jean-Baptiste, Composition ovale 1, 1992 - Galerie Institut\",\"isPartOf\":{\"@id\":\"https:\\\/\\\/galerie-institut.com\\\/en\\\/#website\"},\"primaryImageOfPage\":{\"@id\":\"https:\\\/\\\/galerie-institut.com\\\/en\\\/produit\\\/secheret-jean-baptiste-composition-ovale-1992\\\/#primaryimage\"},\"image\":{\"@id\":\"https:\\\/\\\/galerie-institut.com\\\/en\\\/produit\\\/secheret-jean-baptiste-composition-ovale-1992\\\/#primaryimage\"},\"thumbnailUrl\":\"https:\\\/\\\/galerie-institut.com\\\/wp-content\\\/uploads\\\/2021\\\/11\\\/secheret-jean-baptiste-1992-composition-ovale-3.jpg\",\"datePublished\":\"2021-11-03T10:32:26+00:00\",\"dateModified\":\"2025-11-21T16:04:43+00:00\",\"description\":\"D\u00e9couvrez l'oeuvre S\u00e9cheret, Jean-Baptiste, Oval Composition 1, 1992 disponible \u00e0 la Galerie de l'Institut. Si vous \u00eates int\u00e9ress\u00e9.e.s par S\u00e9cheret, Jean-Baptiste, Oval Composition 1, 1992 merci de nous contacter \u00e0 contact@galerie-institut.com\",\"breadcrumb\":{\"@id\":\"https:\\\/\\\/galerie-institut.com\\\/en\\\/produit\\\/secheret-jean-baptiste-composition-ovale-1992\\\/#breadcrumb\"},\"inLanguage\":\"en-US\",\"potentialAction\":[{\"@type\":\"ReadAction\",\"target\":[\"https:\\\/\\\/galerie-institut.com\\\/en\\\/produit\\\/secheret-jean-baptiste-composition-ovale-1992\\\/\"]}]},{\"@type\":\"ImageObject\",\"inLanguage\":\"en-US\",\"@id\":\"https:\\\/\\\/galerie-institut.com\\\/en\\\/produit\\\/secheret-jean-baptiste-composition-ovale-1992\\\/#primaryimage\",\"url\":\"https:\\\/\\\/galerie-institut.com\\\/wp-content\\\/uploads\\\/2021\\\/11\\\/secheret-jean-baptiste-1992-composition-ovale-3.jpg\",\"contentUrl\":\"https:\\\/\\\/galerie-institut.com\\\/wp-content\\\/uploads\\\/2021\\\/11\\\/secheret-jean-baptiste-1992-composition-ovale-3.jpg\",\"width\":1000,\"height\":1000},{\"@type\":\"BreadcrumbList\",\"@id\":\"https:\\\/\\\/galerie-institut.com\\\/en\\\/produit\\\/secheret-jean-baptiste-composition-ovale-1992\\\/#breadcrumb\",\"itemListElement\":[{\"@type\":\"ListItem\",\"position\":1,\"name\":\"Accueil\",\"item\":\"https:\\\/\\\/galerie-institut.com\\\/en\\\/accueil\\\/\"},{\"@type\":\"ListItem\",\"position\":2,\"name\":\"Boutique\",\"item\":\"https:\\\/\\\/galerie-institut.com\\\/?page_id=8607\"},{\"@type\":\"ListItem\",\"position\":3,\"name\":\"S\u00e9cheret, Jean-Baptiste, Oval Composition 1, 1992\"}]},{\"@type\":\"WebSite\",\"@id\":\"https:\\\/\\\/galerie-institut.com\\\/en\\\/#website\",\"url\":\"https:\\\/\\\/galerie-institut.com\\\/en\\\/\",\"name\":\"Galerie Institut\",\"description\":\"\",\"potentialAction\":[{\"@type\":\"SearchAction\",\"target\":{\"@type\":\"EntryPoint\",\"urlTemplate\":\"https:\\\/\\\/galerie-institut.com\\\/en\\\/?s={search_term_string}\"},\"query-input\":{\"@type\":\"PropertyValueSpecification\",\"valueRequired\":true,\"valueName\":\"search_term_string\"}}],\"inLanguage\":\"en-US\"}]}<\/script>\n<!-- \/ Yoast SEO plugin. -->","yoast_head_json":{"title":"S\u00e9cheret, Jean-Baptiste, Composition ovale 1, 1992 - Galerie Institut","description":"D\u00e9couvrez l'oeuvre S\u00e9cheret, Jean-Baptiste, Oval Composition 1, 1992 disponible \u00e0 la Galerie de l'Institut. Si vous \u00eates int\u00e9ress\u00e9.e.s par S\u00e9cheret, Jean-Baptiste, Oval Composition 1, 1992 merci de nous contacter \u00e0 contact@galerie-institut.com","robots":{"index":"index","follow":"follow","max-snippet":"max-snippet:-1","max-image-preview":"max-image-preview:large","max-video-preview":"max-video-preview:-1"},"canonical":"https:\/\/galerie-institut.com\/en\/produit\/secheret-jean-baptiste-composition-ovale-1992\/","og_locale":"en_US","og_type":"article","og_title":"S\u00e9cheret, Jean-Baptiste, Composition ovale 1, 1992 - Galerie Institut","og_description":"D\u00e9couvrez l'oeuvre S\u00e9cheret, Jean-Baptiste, Oval Composition 1, 1992 disponible \u00e0 la Galerie de l'Institut. Si vous \u00eates int\u00e9ress\u00e9.e.s par S\u00e9cheret, Jean-Baptiste, Oval Composition 1, 1992 merci de nous contacter \u00e0 contact@galerie-institut.com","og_url":"https:\/\/galerie-institut.com\/en\/produit\/secheret-jean-baptiste-composition-ovale-1992\/","og_site_name":"Galerie Institut","article_modified_time":"2025-11-21T16:04:43+00:00","og_image":[{"width":1000,"height":1000,"url":"https:\/\/galerie-institut.com\/wp-content\/uploads\/2021\/11\/secheret-jean-baptiste-1992-composition-ovale-3.jpg","type":"image\/jpeg"}],"twitter_card":"summary_large_image","schema":{"@context":"https:\/\/schema.org","@graph":[{"@type":"WebPage","@id":"https:\/\/galerie-institut.com\/en\/produit\/secheret-jean-baptiste-composition-ovale-1992\/","url":"https:\/\/galerie-institut.com\/en\/produit\/secheret-jean-baptiste-composition-ovale-1992\/","name":"S\u00e9cheret, Jean-Baptiste, Composition ovale 1, 1992 - Galerie Institut","isPartOf":{"@id":"https:\/\/galerie-institut.com\/en\/#website"},"primaryImageOfPage":{"@id":"https:\/\/galerie-institut.com\/en\/produit\/secheret-jean-baptiste-composition-ovale-1992\/#primaryimage"},"image":{"@id":"https:\/\/galerie-institut.com\/en\/produit\/secheret-jean-baptiste-composition-ovale-1992\/#primaryimage"},"thumbnailUrl":"https:\/\/galerie-institut.com\/wp-content\/uploads\/2021\/11\/secheret-jean-baptiste-1992-composition-ovale-3.jpg","datePublished":"2021-11-03T10:32:26+00:00","dateModified":"2025-11-21T16:04:43+00:00","description":"D\u00e9couvrez l'oeuvre S\u00e9cheret, Jean-Baptiste, Oval Composition 1, 1992 disponible \u00e0 la Galerie de l'Institut. Si vous \u00eates int\u00e9ress\u00e9.e.s par S\u00e9cheret, Jean-Baptiste, Oval Composition 1, 1992 merci de nous contacter \u00e0 contact@galerie-institut.com","breadcrumb":{"@id":"https:\/\/galerie-institut.com\/en\/produit\/secheret-jean-baptiste-composition-ovale-1992\/#breadcrumb"},"inLanguage":"en-US","potentialAction":[{"@type":"ReadAction","target":["https:\/\/galerie-institut.com\/en\/produit\/secheret-jean-baptiste-composition-ovale-1992\/"]}]},{"@type":"ImageObject","inLanguage":"en-US","@id":"https:\/\/galerie-institut.com\/en\/produit\/secheret-jean-baptiste-composition-ovale-1992\/#primaryimage","url":"https:\/\/galerie-institut.com\/wp-content\/uploads\/2021\/11\/secheret-jean-baptiste-1992-composition-ovale-3.jpg","contentUrl":"https:\/\/galerie-institut.com\/wp-content\/uploads\/2021\/11\/secheret-jean-baptiste-1992-composition-ovale-3.jpg","width":1000,"height":1000},{"@type":"BreadcrumbList","@id":"https:\/\/galerie-institut.com\/en\/produit\/secheret-jean-baptiste-composition-ovale-1992\/#breadcrumb","itemListElement":[{"@type":"ListItem","position":1,"name":"Accueil","item":"https:\/\/galerie-institut.com\/en\/accueil\/"},{"@type":"ListItem","position":2,"name":"Boutique","item":"https:\/\/galerie-institut.com\/?page_id=8607"},{"@type":"ListItem","position":3,"name":"S\u00e9cheret, Jean-Baptiste, Oval Composition 1, 1992"}]},{"@type":"WebSite","@id":"https:\/\/galerie-institut.com\/en\/#website","url":"https:\/\/galerie-institut.com\/en\/","name":"Galerie Institut","description":"","potentialAction":[{"@type":"SearchAction","target":{"@type":"EntryPoint","urlTemplate":"https:\/\/galerie-institut.com\/en\/?s={search_term_string}"},"query-input":{"@type":"PropertyValueSpecification","valueRequired":true,"valueName":"search_term_string"}}],"inLanguage":"en-US"}]}},"_links":{"self":[{"href":"https:\/\/galerie-institut.com\/en\/wp-json\/wp\/v2\/product\/17387","targetHints":{"allow":["GET"]}}],"collection":[{"href":"https:\/\/galerie-institut.com\/en\/wp-json\/wp\/v2\/product"}],"about":[{"href":"https:\/\/galerie-institut.com\/en\/wp-json\/wp\/v2\/types\/product"}],"replies":[{"embeddable":true,"href":"https:\/\/galerie-institut.com\/en\/wp-json\/wp\/v2\/comments?post=17387"}],"wp:featuredmedia":[{"embeddable":true,"href":"https:\/\/galerie-institut.com\/en\/wp-json\/wp\/v2\/media\/17388"}],"wp:attachment":[{"href":"https:\/\/galerie-institut.com\/en\/wp-json\/wp\/v2\/media?parent=17387"}],"wp:term":[{"taxonomy":"product_brand","embeddable":true,"href":"https:\/\/galerie-institut.com\/en\/wp-json\/wp\/v2\/product_brand?post=17387"},{"taxonomy":"product_cat","embeddable":true,"href":"https:\/\/galerie-institut.com\/en\/wp-json\/wp\/v2\/product_cat?post=17387"},{"taxonomy":"product_tag","embeddable":true,"href":"https:\/\/galerie-institut.com\/en\/wp-json\/wp\/v2\/product_tag?post=17387"}],"curies":[{"name":"wp","href":"https:\/\/api.w.org\/{rel}","templated":true}]}}