{"id":17384,"date":"2021-11-03T10:30:50","date_gmt":"2021-11-03T10:30:50","guid":{"rendered":"https:\/\/galerie-institut.com\/produit\/secheret-jean-baptiste-boxes-and-funnels-1986\/"},"modified":"2025-11-21T16:04:42","modified_gmt":"2025-11-21T16:04:42","slug":"secheret-jean-baptiste-boite-et-entonnoirs-1986","status":"publish","type":"product","link":"https:\/\/galerie-institut.com\/en\/produit\/secheret-jean-baptiste-boite-et-entonnoirs-1986\/","title":{"rendered":"S\u00e9cheret, Jean-Baptiste, Boxes and Funnels, 1986"},"content":{"rendered":"<p>1986<\/p>\n<p>Original etching and aquatint on copper in black<\/p>\n<p>17.8 x 23.9 cm<\/p>\n<p>Numbered in pencil lower left of 30, titled in pencil lower center, signed, dated by the artist in pencil lower right<\/p>\n<p>Reference catalog: Plumart G 21<\/p>\n","protected":false},"excerpt":{"rendered":"<p>This black-and-white composition is hyper-realistic, despite the absence of color and the visibility of certain features. <a href=\"http:\/\/galerie-institut.com\/artistes\/jean-baptiste-secheret\/\">Jean-Baptiste S\u00e9cheret<\/a> has succeeded in retranscribing the lustrous material of the metal, which becomes reflective in the slightest ray of light. With lighter or darker shades of black and finer or finer strokes, he allows the viewer to discern the various elements of the composition: mirror, box, table and reflection. <\/p>\n","protected":false},"featured_media":17385,"comment_status":"open","ping_status":"closed","template":"","meta":{"_et_pb_use_builder":"","_et_pb_old_content":"","_et_gb_content_width":""},"product_brand":[],"product_cat":[267,302],"product_tag":[174,268],"class_list":{"0":"post-17384","1":"product","2":"type-product","3":"status-publish","4":"has-post-thumbnail","6":"product_cat-estampes","7":"product_cat-secheret","8":"product_tag-etching","9":"product_tag-print","11":"first","12":"instock","13":"shipping-taxable","14":"product-type-simple"},"yoast_head":"<!-- This site is optimized with the Yoast SEO plugin v27.4 - https:\/\/yoast.com\/product\/yoast-seo-wordpress\/ -->\n<title>S\u00e9cheret, Jean-Baptiste, Boxes and Funnels, 1986 - Galerie Institut<\/title>\n<meta name=\"description\" content=\"D\u00e9couvrez l&#039;oeuvre S\u00e9cheret, Jean-Baptiste, Boxes and Funnels, 1986 disponible \u00e0 la Galerie de l&#039;Institut. Si vous \u00eates int\u00e9ress\u00e9.e.s par S\u00e9cheret, Jean-Baptiste, Boxes and Funnels, 1986 merci de nous contacter \u00e0 contact@galerie-institut.com\" \/>\n<meta name=\"robots\" content=\"index, follow, max-snippet:-1, max-image-preview:large, max-video-preview:-1\" \/>\n<link rel=\"canonical\" href=\"https:\/\/galerie-institut.com\/en\/produit\/secheret-jean-baptiste-boite-et-entonnoirs-1986\/\" \/>\n<meta property=\"og:locale\" content=\"en_US\" \/>\n<meta property=\"og:type\" content=\"article\" \/>\n<meta property=\"og:title\" content=\"S\u00e9cheret, Jean-Baptiste, Boxes and Funnels, 1986 - Galerie Institut\" \/>\n<meta property=\"og:description\" content=\"D\u00e9couvrez l&#039;oeuvre S\u00e9cheret, Jean-Baptiste, Boxes and Funnels, 1986 disponible \u00e0 la Galerie de l&#039;Institut. Si vous \u00eates int\u00e9ress\u00e9.e.s par S\u00e9cheret, Jean-Baptiste, Boxes and Funnels, 1986 merci de nous contacter \u00e0 contact@galerie-institut.com\" \/>\n<meta property=\"og:url\" content=\"https:\/\/galerie-institut.com\/en\/produit\/secheret-jean-baptiste-boite-et-entonnoirs-1986\/\" \/>\n<meta property=\"og:site_name\" content=\"Galerie Institut\" \/>\n<meta property=\"article:modified_time\" content=\"2025-11-21T16:04:42+00:00\" \/>\n<meta property=\"og:image\" content=\"https:\/\/galerie-institut.com\/wp-content\/uploads\/2021\/11\/secheret-jean-baptiste-1986-boite-et-entonnoirs.jpg\" \/>\n\t<meta property=\"og:image:width\" content=\"1000\" \/>\n\t<meta property=\"og:image:height\" content=\"1000\" \/>\n\t<meta property=\"og:image:type\" content=\"image\/jpeg\" \/>\n<meta name=\"twitter:card\" content=\"summary_large_image\" \/>\n<script type=\"application\/ld+json\" class=\"yoast-schema-graph\">{\"@context\":\"https:\\\/\\\/schema.org\",\"@graph\":[{\"@type\":\"WebPage\",\"@id\":\"https:\\\/\\\/galerie-institut.com\\\/en\\\/produit\\\/secheret-jean-baptiste-boite-et-entonnoirs-1986\\\/\",\"url\":\"https:\\\/\\\/galerie-institut.com\\\/en\\\/produit\\\/secheret-jean-baptiste-boite-et-entonnoirs-1986\\\/\",\"name\":\"S\u00e9cheret, Jean-Baptiste, Boxes and Funnels, 1986 - Galerie Institut\",\"isPartOf\":{\"@id\":\"https:\\\/\\\/galerie-institut.com\\\/en\\\/#website\"},\"primaryImageOfPage\":{\"@id\":\"https:\\\/\\\/galerie-institut.com\\\/en\\\/produit\\\/secheret-jean-baptiste-boite-et-entonnoirs-1986\\\/#primaryimage\"},\"image\":{\"@id\":\"https:\\\/\\\/galerie-institut.com\\\/en\\\/produit\\\/secheret-jean-baptiste-boite-et-entonnoirs-1986\\\/#primaryimage\"},\"thumbnailUrl\":\"https:\\\/\\\/galerie-institut.com\\\/wp-content\\\/uploads\\\/2021\\\/11\\\/secheret-jean-baptiste-1986-boite-et-entonnoirs.jpg\",\"datePublished\":\"2021-11-03T10:30:50+00:00\",\"dateModified\":\"2025-11-21T16:04:42+00:00\",\"description\":\"D\u00e9couvrez l'oeuvre S\u00e9cheret, Jean-Baptiste, Boxes and Funnels, 1986 disponible \u00e0 la Galerie de l'Institut. Si vous \u00eates int\u00e9ress\u00e9.e.s par S\u00e9cheret, Jean-Baptiste, Boxes and Funnels, 1986 merci de nous contacter \u00e0 contact@galerie-institut.com\",\"breadcrumb\":{\"@id\":\"https:\\\/\\\/galerie-institut.com\\\/en\\\/produit\\\/secheret-jean-baptiste-boite-et-entonnoirs-1986\\\/#breadcrumb\"},\"inLanguage\":\"en-US\",\"potentialAction\":[{\"@type\":\"ReadAction\",\"target\":[\"https:\\\/\\\/galerie-institut.com\\\/en\\\/produit\\\/secheret-jean-baptiste-boite-et-entonnoirs-1986\\\/\"]}]},{\"@type\":\"ImageObject\",\"inLanguage\":\"en-US\",\"@id\":\"https:\\\/\\\/galerie-institut.com\\\/en\\\/produit\\\/secheret-jean-baptiste-boite-et-entonnoirs-1986\\\/#primaryimage\",\"url\":\"https:\\\/\\\/galerie-institut.com\\\/wp-content\\\/uploads\\\/2021\\\/11\\\/secheret-jean-baptiste-1986-boite-et-entonnoirs.jpg\",\"contentUrl\":\"https:\\\/\\\/galerie-institut.com\\\/wp-content\\\/uploads\\\/2021\\\/11\\\/secheret-jean-baptiste-1986-boite-et-entonnoirs.jpg\",\"width\":1000,\"height\":1000},{\"@type\":\"BreadcrumbList\",\"@id\":\"https:\\\/\\\/galerie-institut.com\\\/en\\\/produit\\\/secheret-jean-baptiste-boite-et-entonnoirs-1986\\\/#breadcrumb\",\"itemListElement\":[{\"@type\":\"ListItem\",\"position\":1,\"name\":\"Accueil\",\"item\":\"https:\\\/\\\/galerie-institut.com\\\/en\\\/accueil\\\/\"},{\"@type\":\"ListItem\",\"position\":2,\"name\":\"Boutique\",\"item\":\"https:\\\/\\\/galerie-institut.com\\\/?page_id=8607\"},{\"@type\":\"ListItem\",\"position\":3,\"name\":\"S\u00e9cheret, Jean-Baptiste, Boxes and Funnels, 1986\"}]},{\"@type\":\"WebSite\",\"@id\":\"https:\\\/\\\/galerie-institut.com\\\/en\\\/#website\",\"url\":\"https:\\\/\\\/galerie-institut.com\\\/en\\\/\",\"name\":\"Galerie Institut\",\"description\":\"\",\"potentialAction\":[{\"@type\":\"SearchAction\",\"target\":{\"@type\":\"EntryPoint\",\"urlTemplate\":\"https:\\\/\\\/galerie-institut.com\\\/en\\\/?s={search_term_string}\"},\"query-input\":{\"@type\":\"PropertyValueSpecification\",\"valueRequired\":true,\"valueName\":\"search_term_string\"}}],\"inLanguage\":\"en-US\"}]}<\/script>\n<!-- \/ Yoast SEO plugin. -->","yoast_head_json":{"title":"S\u00e9cheret, Jean-Baptiste, Boxes and Funnels, 1986 - Galerie Institut","description":"D\u00e9couvrez l'oeuvre S\u00e9cheret, Jean-Baptiste, Boxes and Funnels, 1986 disponible \u00e0 la Galerie de l'Institut. Si vous \u00eates int\u00e9ress\u00e9.e.s par S\u00e9cheret, Jean-Baptiste, Boxes and Funnels, 1986 merci de nous contacter \u00e0 contact@galerie-institut.com","robots":{"index":"index","follow":"follow","max-snippet":"max-snippet:-1","max-image-preview":"max-image-preview:large","max-video-preview":"max-video-preview:-1"},"canonical":"https:\/\/galerie-institut.com\/en\/produit\/secheret-jean-baptiste-boite-et-entonnoirs-1986\/","og_locale":"en_US","og_type":"article","og_title":"S\u00e9cheret, Jean-Baptiste, Boxes and Funnels, 1986 - Galerie Institut","og_description":"D\u00e9couvrez l'oeuvre S\u00e9cheret, Jean-Baptiste, Boxes and Funnels, 1986 disponible \u00e0 la Galerie de l'Institut. Si vous \u00eates int\u00e9ress\u00e9.e.s par S\u00e9cheret, Jean-Baptiste, Boxes and Funnels, 1986 merci de nous contacter \u00e0 contact@galerie-institut.com","og_url":"https:\/\/galerie-institut.com\/en\/produit\/secheret-jean-baptiste-boite-et-entonnoirs-1986\/","og_site_name":"Galerie Institut","article_modified_time":"2025-11-21T16:04:42+00:00","og_image":[{"width":1000,"height":1000,"url":"https:\/\/galerie-institut.com\/wp-content\/uploads\/2021\/11\/secheret-jean-baptiste-1986-boite-et-entonnoirs.jpg","type":"image\/jpeg"}],"twitter_card":"summary_large_image","schema":{"@context":"https:\/\/schema.org","@graph":[{"@type":"WebPage","@id":"https:\/\/galerie-institut.com\/en\/produit\/secheret-jean-baptiste-boite-et-entonnoirs-1986\/","url":"https:\/\/galerie-institut.com\/en\/produit\/secheret-jean-baptiste-boite-et-entonnoirs-1986\/","name":"S\u00e9cheret, Jean-Baptiste, Boxes and Funnels, 1986 - Galerie Institut","isPartOf":{"@id":"https:\/\/galerie-institut.com\/en\/#website"},"primaryImageOfPage":{"@id":"https:\/\/galerie-institut.com\/en\/produit\/secheret-jean-baptiste-boite-et-entonnoirs-1986\/#primaryimage"},"image":{"@id":"https:\/\/galerie-institut.com\/en\/produit\/secheret-jean-baptiste-boite-et-entonnoirs-1986\/#primaryimage"},"thumbnailUrl":"https:\/\/galerie-institut.com\/wp-content\/uploads\/2021\/11\/secheret-jean-baptiste-1986-boite-et-entonnoirs.jpg","datePublished":"2021-11-03T10:30:50+00:00","dateModified":"2025-11-21T16:04:42+00:00","description":"D\u00e9couvrez l'oeuvre S\u00e9cheret, Jean-Baptiste, Boxes and Funnels, 1986 disponible \u00e0 la Galerie de l'Institut. Si vous \u00eates int\u00e9ress\u00e9.e.s par S\u00e9cheret, Jean-Baptiste, Boxes and Funnels, 1986 merci de nous contacter \u00e0 contact@galerie-institut.com","breadcrumb":{"@id":"https:\/\/galerie-institut.com\/en\/produit\/secheret-jean-baptiste-boite-et-entonnoirs-1986\/#breadcrumb"},"inLanguage":"en-US","potentialAction":[{"@type":"ReadAction","target":["https:\/\/galerie-institut.com\/en\/produit\/secheret-jean-baptiste-boite-et-entonnoirs-1986\/"]}]},{"@type":"ImageObject","inLanguage":"en-US","@id":"https:\/\/galerie-institut.com\/en\/produit\/secheret-jean-baptiste-boite-et-entonnoirs-1986\/#primaryimage","url":"https:\/\/galerie-institut.com\/wp-content\/uploads\/2021\/11\/secheret-jean-baptiste-1986-boite-et-entonnoirs.jpg","contentUrl":"https:\/\/galerie-institut.com\/wp-content\/uploads\/2021\/11\/secheret-jean-baptiste-1986-boite-et-entonnoirs.jpg","width":1000,"height":1000},{"@type":"BreadcrumbList","@id":"https:\/\/galerie-institut.com\/en\/produit\/secheret-jean-baptiste-boite-et-entonnoirs-1986\/#breadcrumb","itemListElement":[{"@type":"ListItem","position":1,"name":"Accueil","item":"https:\/\/galerie-institut.com\/en\/accueil\/"},{"@type":"ListItem","position":2,"name":"Boutique","item":"https:\/\/galerie-institut.com\/?page_id=8607"},{"@type":"ListItem","position":3,"name":"S\u00e9cheret, Jean-Baptiste, Boxes and Funnels, 1986"}]},{"@type":"WebSite","@id":"https:\/\/galerie-institut.com\/en\/#website","url":"https:\/\/galerie-institut.com\/en\/","name":"Galerie Institut","description":"","potentialAction":[{"@type":"SearchAction","target":{"@type":"EntryPoint","urlTemplate":"https:\/\/galerie-institut.com\/en\/?s={search_term_string}"},"query-input":{"@type":"PropertyValueSpecification","valueRequired":true,"valueName":"search_term_string"}}],"inLanguage":"en-US"}]}},"_links":{"self":[{"href":"https:\/\/galerie-institut.com\/en\/wp-json\/wp\/v2\/product\/17384","targetHints":{"allow":["GET"]}}],"collection":[{"href":"https:\/\/galerie-institut.com\/en\/wp-json\/wp\/v2\/product"}],"about":[{"href":"https:\/\/galerie-institut.com\/en\/wp-json\/wp\/v2\/types\/product"}],"replies":[{"embeddable":true,"href":"https:\/\/galerie-institut.com\/en\/wp-json\/wp\/v2\/comments?post=17384"}],"wp:featuredmedia":[{"embeddable":true,"href":"https:\/\/galerie-institut.com\/en\/wp-json\/wp\/v2\/media\/17385"}],"wp:attachment":[{"href":"https:\/\/galerie-institut.com\/en\/wp-json\/wp\/v2\/media?parent=17384"}],"wp:term":[{"taxonomy":"product_brand","embeddable":true,"href":"https:\/\/galerie-institut.com\/en\/wp-json\/wp\/v2\/product_brand?post=17384"},{"taxonomy":"product_cat","embeddable":true,"href":"https:\/\/galerie-institut.com\/en\/wp-json\/wp\/v2\/product_cat?post=17384"},{"taxonomy":"product_tag","embeddable":true,"href":"https:\/\/galerie-institut.com\/en\/wp-json\/wp\/v2\/product_tag?post=17384"}],"curies":[{"name":"wp","href":"https:\/\/api.w.org\/{rel}","templated":true}]}}