{"id":17368,"date":"2021-11-03T14:32:38","date_gmt":"2021-11-03T14:32:38","guid":{"rendered":"https:\/\/galerie-institut.com\/produit\/matisse-henri-veiled-figure-with-four-bracelets-1929\/"},"modified":"2025-11-21T15:43:17","modified_gmt":"2025-11-21T15:43:17","slug":"matisse-henri-figure-voilee-aux-quatre-bracelets-1929","status":"publish","type":"product","link":"https:\/\/galerie-institut.com\/en\/produit\/matisse-henri-figure-voilee-aux-quatre-bracelets-1929\/","title":{"rendered":"Matisse, Henri, Veiled Figure with Four Bracelets, 1929"},"content":{"rendered":"<p>1929<\/p>\n<p>Original lithograph in black on Arches<\/p>\n<p>65.5 x 50.5 cm<\/p>\n<p>Signed and dedicated by the artist in pencil lower right<\/p>\n<p>Catalogue raisonn\u00e9 : Duthuit 506<\/p>\n","protected":false},"excerpt":{"rendered":"<p><em>Figure voil\u00e9e aux quatre bracelets (Veiled figure with four bracelets<\/em> ) relates to the oriental theme of odalisques, which dominated Matissian iconography for a decade. The model is probably \u00c9lise L\u00f6wengard, known as Lisette, who posed for Matisse from 1928 to 1933. Lisette is also the inspiration for the lithograph <em>La Persane<\/em>, also from 1929 (D.507).  <\/p>\n","protected":false},"featured_media":17369,"comment_status":"open","ping_status":"closed","template":"","meta":{"_et_pb_use_builder":"","_et_pb_old_content":"","_et_gb_content_width":""},"product_brand":[],"product_cat":[279,267],"product_tag":[180,268],"class_list":{"0":"post-17368","1":"product","2":"type-product","3":"status-publish","4":"has-post-thumbnail","6":"product_cat-matisse","7":"product_cat-estampes","8":"product_tag-lithography","9":"product_tag-print","11":"first","12":"instock","13":"shipping-taxable","14":"product-type-simple"},"yoast_head":"<!-- This site is optimized with the Yoast SEO plugin v27.3 - https:\/\/yoast.com\/product\/yoast-seo-wordpress\/ -->\n<title>Matisse, Henri, Veiled Figure with Four Bracelets, 1929 - Galerie Institut<\/title>\n<meta name=\"description\" content=\"D\u00e9couvrez l&#039;oeuvre Matisse, Henri, Veiled Figure with Four Bracelets, 1929 disponible \u00e0 la Galerie de l&#039;Institut. Si vous \u00eates int\u00e9ress\u00e9.e.s par Matisse, Henri, Veiled Figure with Four Bracelets, 1929 merci de nous contacter \u00e0 contact@galerie-institut.com\" \/>\n<meta name=\"robots\" content=\"index, follow, max-snippet:-1, max-image-preview:large, max-video-preview:-1\" \/>\n<link rel=\"canonical\" href=\"https:\/\/galerie-institut.com\/en\/produit\/matisse-henri-figure-voilee-aux-quatre-bracelets-1929\/\" \/>\n<meta property=\"og:locale\" content=\"en_US\" \/>\n<meta property=\"og:type\" content=\"article\" \/>\n<meta property=\"og:title\" content=\"Matisse, Henri, Veiled Figure with Four Bracelets, 1929 - Galerie Institut\" \/>\n<meta property=\"og:description\" content=\"D\u00e9couvrez l&#039;oeuvre Matisse, Henri, Veiled Figure with Four Bracelets, 1929 disponible \u00e0 la Galerie de l&#039;Institut. Si vous \u00eates int\u00e9ress\u00e9.e.s par Matisse, Henri, Veiled Figure with Four Bracelets, 1929 merci de nous contacter \u00e0 contact@galerie-institut.com\" \/>\n<meta property=\"og:url\" content=\"https:\/\/galerie-institut.com\/en\/produit\/matisse-henri-figure-voilee-aux-quatre-bracelets-1929\/\" \/>\n<meta property=\"og:site_name\" content=\"Galerie Institut\" \/>\n<meta property=\"article:modified_time\" content=\"2025-11-21T15:43:17+00:00\" \/>\n<meta property=\"og:image\" content=\"https:\/\/galerie-institut.com\/wp-content\/uploads\/2021\/11\/matisse-henri-1929-figure-voilee-aux-quatre-bracelets-ep-dedicacee.jpg\" \/>\n\t<meta property=\"og:image:width\" content=\"1000\" \/>\n\t<meta property=\"og:image:height\" content=\"1000\" \/>\n\t<meta property=\"og:image:type\" content=\"image\/jpeg\" \/>\n<meta name=\"twitter:card\" content=\"summary_large_image\" \/>\n<script type=\"application\/ld+json\" class=\"yoast-schema-graph\">{\"@context\":\"https:\\\/\\\/schema.org\",\"@graph\":[{\"@type\":\"WebPage\",\"@id\":\"https:\\\/\\\/galerie-institut.com\\\/en\\\/produit\\\/matisse-henri-figure-voilee-aux-quatre-bracelets-1929\\\/\",\"url\":\"https:\\\/\\\/galerie-institut.com\\\/en\\\/produit\\\/matisse-henri-figure-voilee-aux-quatre-bracelets-1929\\\/\",\"name\":\"Matisse, Henri, Veiled Figure with Four Bracelets, 1929 - Galerie Institut\",\"isPartOf\":{\"@id\":\"https:\\\/\\\/galerie-institut.com\\\/en\\\/#website\"},\"primaryImageOfPage\":{\"@id\":\"https:\\\/\\\/galerie-institut.com\\\/en\\\/produit\\\/matisse-henri-figure-voilee-aux-quatre-bracelets-1929\\\/#primaryimage\"},\"image\":{\"@id\":\"https:\\\/\\\/galerie-institut.com\\\/en\\\/produit\\\/matisse-henri-figure-voilee-aux-quatre-bracelets-1929\\\/#primaryimage\"},\"thumbnailUrl\":\"https:\\\/\\\/galerie-institut.com\\\/wp-content\\\/uploads\\\/2021\\\/11\\\/matisse-henri-1929-figure-voilee-aux-quatre-bracelets-ep-dedicacee.jpg\",\"datePublished\":\"2021-11-03T14:32:38+00:00\",\"dateModified\":\"2025-11-21T15:43:17+00:00\",\"description\":\"D\u00e9couvrez l'oeuvre Matisse, Henri, Veiled Figure with Four Bracelets, 1929 disponible \u00e0 la Galerie de l'Institut. Si vous \u00eates int\u00e9ress\u00e9.e.s par Matisse, Henri, Veiled Figure with Four Bracelets, 1929 merci de nous contacter \u00e0 contact@galerie-institut.com\",\"breadcrumb\":{\"@id\":\"https:\\\/\\\/galerie-institut.com\\\/en\\\/produit\\\/matisse-henri-figure-voilee-aux-quatre-bracelets-1929\\\/#breadcrumb\"},\"inLanguage\":\"en-US\",\"potentialAction\":[{\"@type\":\"ReadAction\",\"target\":[\"https:\\\/\\\/galerie-institut.com\\\/en\\\/produit\\\/matisse-henri-figure-voilee-aux-quatre-bracelets-1929\\\/\"]}]},{\"@type\":\"ImageObject\",\"inLanguage\":\"en-US\",\"@id\":\"https:\\\/\\\/galerie-institut.com\\\/en\\\/produit\\\/matisse-henri-figure-voilee-aux-quatre-bracelets-1929\\\/#primaryimage\",\"url\":\"https:\\\/\\\/galerie-institut.com\\\/wp-content\\\/uploads\\\/2021\\\/11\\\/matisse-henri-1929-figure-voilee-aux-quatre-bracelets-ep-dedicacee.jpg\",\"contentUrl\":\"https:\\\/\\\/galerie-institut.com\\\/wp-content\\\/uploads\\\/2021\\\/11\\\/matisse-henri-1929-figure-voilee-aux-quatre-bracelets-ep-dedicacee.jpg\",\"width\":1000,\"height\":1000},{\"@type\":\"BreadcrumbList\",\"@id\":\"https:\\\/\\\/galerie-institut.com\\\/en\\\/produit\\\/matisse-henri-figure-voilee-aux-quatre-bracelets-1929\\\/#breadcrumb\",\"itemListElement\":[{\"@type\":\"ListItem\",\"position\":1,\"name\":\"Accueil\",\"item\":\"https:\\\/\\\/galerie-institut.com\\\/en\\\/accueil\\\/\"},{\"@type\":\"ListItem\",\"position\":2,\"name\":\"Boutique\",\"item\":\"https:\\\/\\\/galerie-institut.com\\\/?page_id=8607\"},{\"@type\":\"ListItem\",\"position\":3,\"name\":\"Matisse, Henri, Veiled Figure with Four Bracelets, 1929\"}]},{\"@type\":\"WebSite\",\"@id\":\"https:\\\/\\\/galerie-institut.com\\\/en\\\/#website\",\"url\":\"https:\\\/\\\/galerie-institut.com\\\/en\\\/\",\"name\":\"Galerie Institut\",\"description\":\"\",\"potentialAction\":[{\"@type\":\"SearchAction\",\"target\":{\"@type\":\"EntryPoint\",\"urlTemplate\":\"https:\\\/\\\/galerie-institut.com\\\/en\\\/?s={search_term_string}\"},\"query-input\":{\"@type\":\"PropertyValueSpecification\",\"valueRequired\":true,\"valueName\":\"search_term_string\"}}],\"inLanguage\":\"en-US\"}]}<\/script>\n<!-- \/ Yoast SEO plugin. -->","yoast_head_json":{"title":"Matisse, Henri, Veiled Figure with Four Bracelets, 1929 - Galerie Institut","description":"D\u00e9couvrez l'oeuvre Matisse, Henri, Veiled Figure with Four Bracelets, 1929 disponible \u00e0 la Galerie de l'Institut. Si vous \u00eates int\u00e9ress\u00e9.e.s par Matisse, Henri, Veiled Figure with Four Bracelets, 1929 merci de nous contacter \u00e0 contact@galerie-institut.com","robots":{"index":"index","follow":"follow","max-snippet":"max-snippet:-1","max-image-preview":"max-image-preview:large","max-video-preview":"max-video-preview:-1"},"canonical":"https:\/\/galerie-institut.com\/en\/produit\/matisse-henri-figure-voilee-aux-quatre-bracelets-1929\/","og_locale":"en_US","og_type":"article","og_title":"Matisse, Henri, Veiled Figure with Four Bracelets, 1929 - Galerie Institut","og_description":"D\u00e9couvrez l'oeuvre Matisse, Henri, Veiled Figure with Four Bracelets, 1929 disponible \u00e0 la Galerie de l'Institut. Si vous \u00eates int\u00e9ress\u00e9.e.s par Matisse, Henri, Veiled Figure with Four Bracelets, 1929 merci de nous contacter \u00e0 contact@galerie-institut.com","og_url":"https:\/\/galerie-institut.com\/en\/produit\/matisse-henri-figure-voilee-aux-quatre-bracelets-1929\/","og_site_name":"Galerie Institut","article_modified_time":"2025-11-21T15:43:17+00:00","og_image":[{"width":1000,"height":1000,"url":"https:\/\/galerie-institut.com\/wp-content\/uploads\/2021\/11\/matisse-henri-1929-figure-voilee-aux-quatre-bracelets-ep-dedicacee.jpg","type":"image\/jpeg"}],"twitter_card":"summary_large_image","schema":{"@context":"https:\/\/schema.org","@graph":[{"@type":"WebPage","@id":"https:\/\/galerie-institut.com\/en\/produit\/matisse-henri-figure-voilee-aux-quatre-bracelets-1929\/","url":"https:\/\/galerie-institut.com\/en\/produit\/matisse-henri-figure-voilee-aux-quatre-bracelets-1929\/","name":"Matisse, Henri, Veiled Figure with Four Bracelets, 1929 - Galerie Institut","isPartOf":{"@id":"https:\/\/galerie-institut.com\/en\/#website"},"primaryImageOfPage":{"@id":"https:\/\/galerie-institut.com\/en\/produit\/matisse-henri-figure-voilee-aux-quatre-bracelets-1929\/#primaryimage"},"image":{"@id":"https:\/\/galerie-institut.com\/en\/produit\/matisse-henri-figure-voilee-aux-quatre-bracelets-1929\/#primaryimage"},"thumbnailUrl":"https:\/\/galerie-institut.com\/wp-content\/uploads\/2021\/11\/matisse-henri-1929-figure-voilee-aux-quatre-bracelets-ep-dedicacee.jpg","datePublished":"2021-11-03T14:32:38+00:00","dateModified":"2025-11-21T15:43:17+00:00","description":"D\u00e9couvrez l'oeuvre Matisse, Henri, Veiled Figure with Four Bracelets, 1929 disponible \u00e0 la Galerie de l'Institut. Si vous \u00eates int\u00e9ress\u00e9.e.s par Matisse, Henri, Veiled Figure with Four Bracelets, 1929 merci de nous contacter \u00e0 contact@galerie-institut.com","breadcrumb":{"@id":"https:\/\/galerie-institut.com\/en\/produit\/matisse-henri-figure-voilee-aux-quatre-bracelets-1929\/#breadcrumb"},"inLanguage":"en-US","potentialAction":[{"@type":"ReadAction","target":["https:\/\/galerie-institut.com\/en\/produit\/matisse-henri-figure-voilee-aux-quatre-bracelets-1929\/"]}]},{"@type":"ImageObject","inLanguage":"en-US","@id":"https:\/\/galerie-institut.com\/en\/produit\/matisse-henri-figure-voilee-aux-quatre-bracelets-1929\/#primaryimage","url":"https:\/\/galerie-institut.com\/wp-content\/uploads\/2021\/11\/matisse-henri-1929-figure-voilee-aux-quatre-bracelets-ep-dedicacee.jpg","contentUrl":"https:\/\/galerie-institut.com\/wp-content\/uploads\/2021\/11\/matisse-henri-1929-figure-voilee-aux-quatre-bracelets-ep-dedicacee.jpg","width":1000,"height":1000},{"@type":"BreadcrumbList","@id":"https:\/\/galerie-institut.com\/en\/produit\/matisse-henri-figure-voilee-aux-quatre-bracelets-1929\/#breadcrumb","itemListElement":[{"@type":"ListItem","position":1,"name":"Accueil","item":"https:\/\/galerie-institut.com\/en\/accueil\/"},{"@type":"ListItem","position":2,"name":"Boutique","item":"https:\/\/galerie-institut.com\/?page_id=8607"},{"@type":"ListItem","position":3,"name":"Matisse, Henri, Veiled Figure with Four Bracelets, 1929"}]},{"@type":"WebSite","@id":"https:\/\/galerie-institut.com\/en\/#website","url":"https:\/\/galerie-institut.com\/en\/","name":"Galerie Institut","description":"","potentialAction":[{"@type":"SearchAction","target":{"@type":"EntryPoint","urlTemplate":"https:\/\/galerie-institut.com\/en\/?s={search_term_string}"},"query-input":{"@type":"PropertyValueSpecification","valueRequired":true,"valueName":"search_term_string"}}],"inLanguage":"en-US"}]}},"_links":{"self":[{"href":"https:\/\/galerie-institut.com\/en\/wp-json\/wp\/v2\/product\/17368","targetHints":{"allow":["GET"]}}],"collection":[{"href":"https:\/\/galerie-institut.com\/en\/wp-json\/wp\/v2\/product"}],"about":[{"href":"https:\/\/galerie-institut.com\/en\/wp-json\/wp\/v2\/types\/product"}],"replies":[{"embeddable":true,"href":"https:\/\/galerie-institut.com\/en\/wp-json\/wp\/v2\/comments?post=17368"}],"wp:featuredmedia":[{"embeddable":true,"href":"https:\/\/galerie-institut.com\/en\/wp-json\/wp\/v2\/media\/17369"}],"wp:attachment":[{"href":"https:\/\/galerie-institut.com\/en\/wp-json\/wp\/v2\/media?parent=17368"}],"wp:term":[{"taxonomy":"product_brand","embeddable":true,"href":"https:\/\/galerie-institut.com\/en\/wp-json\/wp\/v2\/product_brand?post=17368"},{"taxonomy":"product_cat","embeddable":true,"href":"https:\/\/galerie-institut.com\/en\/wp-json\/wp\/v2\/product_cat?post=17368"},{"taxonomy":"product_tag","embeddable":true,"href":"https:\/\/galerie-institut.com\/en\/wp-json\/wp\/v2\/product_tag?post=17368"}],"curies":[{"name":"wp","href":"https:\/\/api.w.org\/{rel}","templated":true}]}}