{"id":17366,"date":"2021-11-03T14:28:59","date_gmt":"2021-11-03T14:28:59","guid":{"rendered":"https:\/\/galerie-institut.com\/produit\/matisse-henri-dancer-reflected-in-the-mirror-1927\/"},"modified":"2025-11-21T15:43:16","modified_gmt":"2025-11-21T15:43:16","slug":"matisse-henri-danseuse-refletee-dans-la-glace-1927","status":"publish","type":"product","link":"https:\/\/galerie-institut.com\/en\/produit\/matisse-henri-danseuse-refletee-dans-la-glace-1927\/","title":{"rendered":"Matisse, Henri, Dancer reflected in the mirror, 1927"},"content":{"rendered":"<p>1927<\/p>\n<p>Lithograph in black on Arches paper<\/p>\n<p>49.3 x 34 cm<\/p>\n<p>Numbered in pencil lower right on 50 and signed by the artist<\/p>\n<p>Catalogue raisonn\u00e9 : Duthuit 490<\/p>\n","protected":false},"excerpt":{"rendered":"<p><em>Danseuse refl\u00e9t\u00e9e dans la glace (Dancer reflected in the mirror<\/em>), also by Henriette Darricarr\u00e8re, is exactly contemporary with the <em>Dix danseuses (Ten dancers<\/em> ) album series. The young woman is dressed in the same tutu. However, Matisse has given more space to black.  <\/p>\n","protected":false},"featured_media":17367,"comment_status":"open","ping_status":"closed","template":"","meta":{"_et_pb_use_builder":"on","_et_pb_old_content":"1927\n\nLithograph in black on Arches paper\n\n49.3 x 34 cm\n\nNumbered in pencil lower right on 50 and signed by the artist\n\nCatalogue raisonn\u00e9 : Duthuit 490","_et_gb_content_width":""},"product_brand":[],"product_cat":[279,267],"product_tag":[180,268],"class_list":{"0":"post-17366","1":"product","2":"type-product","3":"status-publish","4":"has-post-thumbnail","6":"product_cat-matisse","7":"product_cat-estampes","8":"product_tag-lithography","9":"product_tag-print","11":"first","12":"instock","13":"shipping-taxable","14":"product-type-simple"},"yoast_head":"<!-- This site is optimized with the Yoast SEO plugin v27.4 - https:\/\/yoast.com\/product\/yoast-seo-wordpress\/ -->\n<title>Matisse, Henri, Dancer reflected in the mirror, 1927 - Galerie Institut<\/title>\n<meta name=\"description\" content=\"D\u00e9couvrez l&#039;oeuvre Matisse, Henri, Dancer reflected in the mirror, 1927 disponible \u00e0 la Galerie de l&#039;Institut. Si vous \u00eates int\u00e9ress\u00e9.e.s par Matisse, Henri, Dancer reflected in the mirror, 1927 merci de nous contacter \u00e0 contact@galerie-institut.com\" \/>\n<meta name=\"robots\" content=\"index, follow, max-snippet:-1, max-image-preview:large, max-video-preview:-1\" \/>\n<link rel=\"canonical\" href=\"https:\/\/galerie-institut.com\/en\/produit\/matisse-henri-danseuse-refletee-dans-la-glace-1927\/\" \/>\n<meta property=\"og:locale\" content=\"en_US\" \/>\n<meta property=\"og:type\" content=\"article\" \/>\n<meta property=\"og:title\" content=\"Matisse, Henri, Dancer reflected in the mirror, 1927 - Galerie Institut\" \/>\n<meta property=\"og:description\" content=\"D\u00e9couvrez l&#039;oeuvre Matisse, Henri, Dancer reflected in the mirror, 1927 disponible \u00e0 la Galerie de l&#039;Institut. Si vous \u00eates int\u00e9ress\u00e9.e.s par Matisse, Henri, Dancer reflected in the mirror, 1927 merci de nous contacter \u00e0 contact@galerie-institut.com\" \/>\n<meta property=\"og:url\" content=\"https:\/\/galerie-institut.com\/en\/produit\/matisse-henri-danseuse-refletee-dans-la-glace-1927\/\" \/>\n<meta property=\"og:site_name\" content=\"Galerie Institut\" \/>\n<meta property=\"article:modified_time\" content=\"2025-11-21T15:43:16+00:00\" \/>\n<meta property=\"og:image\" content=\"https:\/\/galerie-institut.com\/wp-content\/uploads\/2021\/11\/matisse-henri-1927-danseuse-refletee-dans-la-glace.jpg\" \/>\n\t<meta property=\"og:image:width\" content=\"1000\" \/>\n\t<meta property=\"og:image:height\" content=\"1000\" \/>\n\t<meta property=\"og:image:type\" content=\"image\/jpeg\" \/>\n<meta name=\"twitter:card\" content=\"summary_large_image\" \/>\n<script type=\"application\/ld+json\" class=\"yoast-schema-graph\">{\"@context\":\"https:\\\/\\\/schema.org\",\"@graph\":[{\"@type\":\"WebPage\",\"@id\":\"https:\\\/\\\/galerie-institut.com\\\/en\\\/produit\\\/matisse-henri-danseuse-refletee-dans-la-glace-1927\\\/\",\"url\":\"https:\\\/\\\/galerie-institut.com\\\/en\\\/produit\\\/matisse-henri-danseuse-refletee-dans-la-glace-1927\\\/\",\"name\":\"Matisse, Henri, Dancer reflected in the mirror, 1927 - Galerie Institut\",\"isPartOf\":{\"@id\":\"https:\\\/\\\/galerie-institut.com\\\/en\\\/#website\"},\"primaryImageOfPage\":{\"@id\":\"https:\\\/\\\/galerie-institut.com\\\/en\\\/produit\\\/matisse-henri-danseuse-refletee-dans-la-glace-1927\\\/#primaryimage\"},\"image\":{\"@id\":\"https:\\\/\\\/galerie-institut.com\\\/en\\\/produit\\\/matisse-henri-danseuse-refletee-dans-la-glace-1927\\\/#primaryimage\"},\"thumbnailUrl\":\"https:\\\/\\\/galerie-institut.com\\\/wp-content\\\/uploads\\\/2021\\\/11\\\/matisse-henri-1927-danseuse-refletee-dans-la-glace.jpg\",\"datePublished\":\"2021-11-03T14:28:59+00:00\",\"dateModified\":\"2025-11-21T15:43:16+00:00\",\"description\":\"D\u00e9couvrez l'oeuvre Matisse, Henri, Dancer reflected in the mirror, 1927 disponible \u00e0 la Galerie de l'Institut. Si vous \u00eates int\u00e9ress\u00e9.e.s par Matisse, Henri, Dancer reflected in the mirror, 1927 merci de nous contacter \u00e0 contact@galerie-institut.com\",\"breadcrumb\":{\"@id\":\"https:\\\/\\\/galerie-institut.com\\\/en\\\/produit\\\/matisse-henri-danseuse-refletee-dans-la-glace-1927\\\/#breadcrumb\"},\"inLanguage\":\"en-US\",\"potentialAction\":[{\"@type\":\"ReadAction\",\"target\":[\"https:\\\/\\\/galerie-institut.com\\\/en\\\/produit\\\/matisse-henri-danseuse-refletee-dans-la-glace-1927\\\/\"]}]},{\"@type\":\"ImageObject\",\"inLanguage\":\"en-US\",\"@id\":\"https:\\\/\\\/galerie-institut.com\\\/en\\\/produit\\\/matisse-henri-danseuse-refletee-dans-la-glace-1927\\\/#primaryimage\",\"url\":\"https:\\\/\\\/galerie-institut.com\\\/wp-content\\\/uploads\\\/2021\\\/11\\\/matisse-henri-1927-danseuse-refletee-dans-la-glace.jpg\",\"contentUrl\":\"https:\\\/\\\/galerie-institut.com\\\/wp-content\\\/uploads\\\/2021\\\/11\\\/matisse-henri-1927-danseuse-refletee-dans-la-glace.jpg\",\"width\":1000,\"height\":1000},{\"@type\":\"BreadcrumbList\",\"@id\":\"https:\\\/\\\/galerie-institut.com\\\/en\\\/produit\\\/matisse-henri-danseuse-refletee-dans-la-glace-1927\\\/#breadcrumb\",\"itemListElement\":[{\"@type\":\"ListItem\",\"position\":1,\"name\":\"Accueil\",\"item\":\"https:\\\/\\\/galerie-institut.com\\\/en\\\/accueil\\\/\"},{\"@type\":\"ListItem\",\"position\":2,\"name\":\"Boutique\",\"item\":\"https:\\\/\\\/galerie-institut.com\\\/?page_id=8607\"},{\"@type\":\"ListItem\",\"position\":3,\"name\":\"Matisse, Henri, Dancer reflected in the mirror, 1927\"}]},{\"@type\":\"WebSite\",\"@id\":\"https:\\\/\\\/galerie-institut.com\\\/en\\\/#website\",\"url\":\"https:\\\/\\\/galerie-institut.com\\\/en\\\/\",\"name\":\"Galerie Institut\",\"description\":\"\",\"potentialAction\":[{\"@type\":\"SearchAction\",\"target\":{\"@type\":\"EntryPoint\",\"urlTemplate\":\"https:\\\/\\\/galerie-institut.com\\\/en\\\/?s={search_term_string}\"},\"query-input\":{\"@type\":\"PropertyValueSpecification\",\"valueRequired\":true,\"valueName\":\"search_term_string\"}}],\"inLanguage\":\"en-US\"}]}<\/script>\n<!-- \/ Yoast SEO plugin. -->","yoast_head_json":{"title":"Matisse, Henri, Dancer reflected in the mirror, 1927 - Galerie Institut","description":"D\u00e9couvrez l'oeuvre Matisse, Henri, Dancer reflected in the mirror, 1927 disponible \u00e0 la Galerie de l'Institut. Si vous \u00eates int\u00e9ress\u00e9.e.s par Matisse, Henri, Dancer reflected in the mirror, 1927 merci de nous contacter \u00e0 contact@galerie-institut.com","robots":{"index":"index","follow":"follow","max-snippet":"max-snippet:-1","max-image-preview":"max-image-preview:large","max-video-preview":"max-video-preview:-1"},"canonical":"https:\/\/galerie-institut.com\/en\/produit\/matisse-henri-danseuse-refletee-dans-la-glace-1927\/","og_locale":"en_US","og_type":"article","og_title":"Matisse, Henri, Dancer reflected in the mirror, 1927 - Galerie Institut","og_description":"D\u00e9couvrez l'oeuvre Matisse, Henri, Dancer reflected in the mirror, 1927 disponible \u00e0 la Galerie de l'Institut. Si vous \u00eates int\u00e9ress\u00e9.e.s par Matisse, Henri, Dancer reflected in the mirror, 1927 merci de nous contacter \u00e0 contact@galerie-institut.com","og_url":"https:\/\/galerie-institut.com\/en\/produit\/matisse-henri-danseuse-refletee-dans-la-glace-1927\/","og_site_name":"Galerie Institut","article_modified_time":"2025-11-21T15:43:16+00:00","og_image":[{"width":1000,"height":1000,"url":"https:\/\/galerie-institut.com\/wp-content\/uploads\/2021\/11\/matisse-henri-1927-danseuse-refletee-dans-la-glace.jpg","type":"image\/jpeg"}],"twitter_card":"summary_large_image","schema":{"@context":"https:\/\/schema.org","@graph":[{"@type":"WebPage","@id":"https:\/\/galerie-institut.com\/en\/produit\/matisse-henri-danseuse-refletee-dans-la-glace-1927\/","url":"https:\/\/galerie-institut.com\/en\/produit\/matisse-henri-danseuse-refletee-dans-la-glace-1927\/","name":"Matisse, Henri, Dancer reflected in the mirror, 1927 - Galerie Institut","isPartOf":{"@id":"https:\/\/galerie-institut.com\/en\/#website"},"primaryImageOfPage":{"@id":"https:\/\/galerie-institut.com\/en\/produit\/matisse-henri-danseuse-refletee-dans-la-glace-1927\/#primaryimage"},"image":{"@id":"https:\/\/galerie-institut.com\/en\/produit\/matisse-henri-danseuse-refletee-dans-la-glace-1927\/#primaryimage"},"thumbnailUrl":"https:\/\/galerie-institut.com\/wp-content\/uploads\/2021\/11\/matisse-henri-1927-danseuse-refletee-dans-la-glace.jpg","datePublished":"2021-11-03T14:28:59+00:00","dateModified":"2025-11-21T15:43:16+00:00","description":"D\u00e9couvrez l'oeuvre Matisse, Henri, Dancer reflected in the mirror, 1927 disponible \u00e0 la Galerie de l'Institut. Si vous \u00eates int\u00e9ress\u00e9.e.s par Matisse, Henri, Dancer reflected in the mirror, 1927 merci de nous contacter \u00e0 contact@galerie-institut.com","breadcrumb":{"@id":"https:\/\/galerie-institut.com\/en\/produit\/matisse-henri-danseuse-refletee-dans-la-glace-1927\/#breadcrumb"},"inLanguage":"en-US","potentialAction":[{"@type":"ReadAction","target":["https:\/\/galerie-institut.com\/en\/produit\/matisse-henri-danseuse-refletee-dans-la-glace-1927\/"]}]},{"@type":"ImageObject","inLanguage":"en-US","@id":"https:\/\/galerie-institut.com\/en\/produit\/matisse-henri-danseuse-refletee-dans-la-glace-1927\/#primaryimage","url":"https:\/\/galerie-institut.com\/wp-content\/uploads\/2021\/11\/matisse-henri-1927-danseuse-refletee-dans-la-glace.jpg","contentUrl":"https:\/\/galerie-institut.com\/wp-content\/uploads\/2021\/11\/matisse-henri-1927-danseuse-refletee-dans-la-glace.jpg","width":1000,"height":1000},{"@type":"BreadcrumbList","@id":"https:\/\/galerie-institut.com\/en\/produit\/matisse-henri-danseuse-refletee-dans-la-glace-1927\/#breadcrumb","itemListElement":[{"@type":"ListItem","position":1,"name":"Accueil","item":"https:\/\/galerie-institut.com\/en\/accueil\/"},{"@type":"ListItem","position":2,"name":"Boutique","item":"https:\/\/galerie-institut.com\/?page_id=8607"},{"@type":"ListItem","position":3,"name":"Matisse, Henri, Dancer reflected in the mirror, 1927"}]},{"@type":"WebSite","@id":"https:\/\/galerie-institut.com\/en\/#website","url":"https:\/\/galerie-institut.com\/en\/","name":"Galerie Institut","description":"","potentialAction":[{"@type":"SearchAction","target":{"@type":"EntryPoint","urlTemplate":"https:\/\/galerie-institut.com\/en\/?s={search_term_string}"},"query-input":{"@type":"PropertyValueSpecification","valueRequired":true,"valueName":"search_term_string"}}],"inLanguage":"en-US"}]}},"_links":{"self":[{"href":"https:\/\/galerie-institut.com\/en\/wp-json\/wp\/v2\/product\/17366","targetHints":{"allow":["GET"]}}],"collection":[{"href":"https:\/\/galerie-institut.com\/en\/wp-json\/wp\/v2\/product"}],"about":[{"href":"https:\/\/galerie-institut.com\/en\/wp-json\/wp\/v2\/types\/product"}],"replies":[{"embeddable":true,"href":"https:\/\/galerie-institut.com\/en\/wp-json\/wp\/v2\/comments?post=17366"}],"wp:featuredmedia":[{"embeddable":true,"href":"https:\/\/galerie-institut.com\/en\/wp-json\/wp\/v2\/media\/17367"}],"wp:attachment":[{"href":"https:\/\/galerie-institut.com\/en\/wp-json\/wp\/v2\/media?parent=17366"}],"wp:term":[{"taxonomy":"product_brand","embeddable":true,"href":"https:\/\/galerie-institut.com\/en\/wp-json\/wp\/v2\/product_brand?post=17366"},{"taxonomy":"product_cat","embeddable":true,"href":"https:\/\/galerie-institut.com\/en\/wp-json\/wp\/v2\/product_cat?post=17366"},{"taxonomy":"product_tag","embeddable":true,"href":"https:\/\/galerie-institut.com\/en\/wp-json\/wp\/v2\/product_tag?post=17366"}],"curies":[{"name":"wp","href":"https:\/\/api.w.org\/{rel}","templated":true}]}}