{"id":17359,"date":"2021-11-03T11:06:58","date_gmt":"2021-11-03T11:06:58","guid":{"rendered":"https:\/\/galerie-institut.com\/produit\/secheret-jean-baptiste-central-park-mist-2008\/"},"modified":"2025-11-21T15:43:10","modified_gmt":"2025-11-21T15:43:10","slug":"secheret-jean-baptiste-central-park-brume-2008","status":"publish","type":"product","link":"https:\/\/galerie-institut.com\/en\/produit\/secheret-jean-baptiste-central-park-brume-2008\/","title":{"rendered":"S\u00e9cheret, Jean-Baptiste, Central Park, mist, 2008"},"content":{"rendered":"<p>2008<\/p>\n<p>Original lithograph in black<\/p>\n<p>69.5 x 49 cm<\/p>\n<p>Print signed, numbered on 75, titled and dated<\/p>\n<p>&nbsp;<\/p>\n","protected":false},"excerpt":{"rendered":"<p>This vantage point, overlooking Central Park, highlights New York&#8217;s characteristic geometric shapes, and the work reflects the architecture professor&#8217;s view of the city. The two imposing towers create both a contrast and a link with the streets bordering the park. Contrast through the difference in scale and plan, link through the similarity of the rectangular shapes. The mist creates movement in the composition as it tends to cover everything, right up to the viewer.   <\/p>\n<p>Find out more about<a href=\"http:\/\/galerie-institut.com\/artistes\/jean-baptiste-secheret\/\"> the history of<span data-sheets-root=\"1\">Jean-Baptiste S\u00e9cheret<\/span><\/a><\/p>\n","protected":false},"featured_media":17361,"comment_status":"open","ping_status":"closed","template":"","meta":{"_et_pb_use_builder":"","_et_pb_old_content":"","_et_gb_content_width":""},"product_brand":[],"product_cat":[267,302],"product_tag":[180,268],"class_list":{"0":"post-17359","1":"product","2":"type-product","3":"status-publish","4":"has-post-thumbnail","6":"product_cat-estampes","7":"product_cat-secheret","8":"product_tag-lithography","9":"product_tag-print","11":"first","12":"instock","13":"shipping-taxable","14":"product-type-simple"},"yoast_head":"<!-- This site is optimized with the Yoast SEO plugin v27.4 - https:\/\/yoast.com\/product\/yoast-seo-wordpress\/ -->\n<title>S\u00e9cheret, Jean-Baptiste, Central Park, mist, 2008 - Galerie Institut<\/title>\n<meta name=\"description\" content=\"D\u00e9couvrez l&#039;oeuvre S\u00e9cheret, Jean-Baptiste, Central Park, mist, 2008 disponible \u00e0 la Galerie de l&#039;Institut. Si vous \u00eates int\u00e9ress\u00e9.e.s par S\u00e9cheret, Jean-Baptiste, Central Park, mist, 2008 merci de nous contacter \u00e0 contact@galerie-institut.com\" \/>\n<meta name=\"robots\" content=\"index, follow, max-snippet:-1, max-image-preview:large, max-video-preview:-1\" \/>\n<link rel=\"canonical\" href=\"https:\/\/galerie-institut.com\/en\/produit\/secheret-jean-baptiste-central-park-brume-2008\/\" \/>\n<meta property=\"og:locale\" content=\"en_US\" \/>\n<meta property=\"og:type\" content=\"article\" \/>\n<meta property=\"og:title\" content=\"S\u00e9cheret, Jean-Baptiste, Central Park, mist, 2008 - Galerie Institut\" \/>\n<meta property=\"og:description\" content=\"D\u00e9couvrez l&#039;oeuvre S\u00e9cheret, Jean-Baptiste, Central Park, mist, 2008 disponible \u00e0 la Galerie de l&#039;Institut. Si vous \u00eates int\u00e9ress\u00e9.e.s par S\u00e9cheret, Jean-Baptiste, Central Park, mist, 2008 merci de nous contacter \u00e0 contact@galerie-institut.com\" \/>\n<meta property=\"og:url\" content=\"https:\/\/galerie-institut.com\/en\/produit\/secheret-jean-baptiste-central-park-brume-2008\/\" \/>\n<meta property=\"og:site_name\" content=\"Galerie Institut\" \/>\n<meta property=\"article:modified_time\" content=\"2025-11-21T15:43:10+00:00\" \/>\n<meta property=\"og:image\" content=\"https:\/\/galerie-institut.com\/wp-content\/uploads\/2021\/11\/secheret-jean-baptiste-2008-central-park-brume.jpg\" \/>\n\t<meta property=\"og:image:width\" content=\"1000\" \/>\n\t<meta property=\"og:image:height\" content=\"1000\" \/>\n\t<meta property=\"og:image:type\" content=\"image\/jpeg\" \/>\n<meta name=\"twitter:card\" content=\"summary_large_image\" \/>\n<script type=\"application\/ld+json\" class=\"yoast-schema-graph\">{\"@context\":\"https:\\\/\\\/schema.org\",\"@graph\":[{\"@type\":\"WebPage\",\"@id\":\"https:\\\/\\\/galerie-institut.com\\\/en\\\/produit\\\/secheret-jean-baptiste-central-park-brume-2008\\\/\",\"url\":\"https:\\\/\\\/galerie-institut.com\\\/en\\\/produit\\\/secheret-jean-baptiste-central-park-brume-2008\\\/\",\"name\":\"S\u00e9cheret, Jean-Baptiste, Central Park, mist, 2008 - Galerie Institut\",\"isPartOf\":{\"@id\":\"https:\\\/\\\/galerie-institut.com\\\/en\\\/#website\"},\"primaryImageOfPage\":{\"@id\":\"https:\\\/\\\/galerie-institut.com\\\/en\\\/produit\\\/secheret-jean-baptiste-central-park-brume-2008\\\/#primaryimage\"},\"image\":{\"@id\":\"https:\\\/\\\/galerie-institut.com\\\/en\\\/produit\\\/secheret-jean-baptiste-central-park-brume-2008\\\/#primaryimage\"},\"thumbnailUrl\":\"https:\\\/\\\/galerie-institut.com\\\/wp-content\\\/uploads\\\/2021\\\/11\\\/secheret-jean-baptiste-2008-central-park-brume.jpg\",\"datePublished\":\"2021-11-03T11:06:58+00:00\",\"dateModified\":\"2025-11-21T15:43:10+00:00\",\"description\":\"D\u00e9couvrez l'oeuvre S\u00e9cheret, Jean-Baptiste, Central Park, mist, 2008 disponible \u00e0 la Galerie de l'Institut. Si vous \u00eates int\u00e9ress\u00e9.e.s par S\u00e9cheret, Jean-Baptiste, Central Park, mist, 2008 merci de nous contacter \u00e0 contact@galerie-institut.com\",\"breadcrumb\":{\"@id\":\"https:\\\/\\\/galerie-institut.com\\\/en\\\/produit\\\/secheret-jean-baptiste-central-park-brume-2008\\\/#breadcrumb\"},\"inLanguage\":\"en-US\",\"potentialAction\":[{\"@type\":\"ReadAction\",\"target\":[\"https:\\\/\\\/galerie-institut.com\\\/en\\\/produit\\\/secheret-jean-baptiste-central-park-brume-2008\\\/\"]}]},{\"@type\":\"ImageObject\",\"inLanguage\":\"en-US\",\"@id\":\"https:\\\/\\\/galerie-institut.com\\\/en\\\/produit\\\/secheret-jean-baptiste-central-park-brume-2008\\\/#primaryimage\",\"url\":\"https:\\\/\\\/galerie-institut.com\\\/wp-content\\\/uploads\\\/2021\\\/11\\\/secheret-jean-baptiste-2008-central-park-brume.jpg\",\"contentUrl\":\"https:\\\/\\\/galerie-institut.com\\\/wp-content\\\/uploads\\\/2021\\\/11\\\/secheret-jean-baptiste-2008-central-park-brume.jpg\",\"width\":1000,\"height\":1000},{\"@type\":\"BreadcrumbList\",\"@id\":\"https:\\\/\\\/galerie-institut.com\\\/en\\\/produit\\\/secheret-jean-baptiste-central-park-brume-2008\\\/#breadcrumb\",\"itemListElement\":[{\"@type\":\"ListItem\",\"position\":1,\"name\":\"Accueil\",\"item\":\"https:\\\/\\\/galerie-institut.com\\\/en\\\/accueil\\\/\"},{\"@type\":\"ListItem\",\"position\":2,\"name\":\"Boutique\",\"item\":\"https:\\\/\\\/galerie-institut.com\\\/?page_id=8607\"},{\"@type\":\"ListItem\",\"position\":3,\"name\":\"S\u00e9cheret, Jean-Baptiste, Central Park, mist, 2008\"}]},{\"@type\":\"WebSite\",\"@id\":\"https:\\\/\\\/galerie-institut.com\\\/en\\\/#website\",\"url\":\"https:\\\/\\\/galerie-institut.com\\\/en\\\/\",\"name\":\"Galerie Institut\",\"description\":\"\",\"potentialAction\":[{\"@type\":\"SearchAction\",\"target\":{\"@type\":\"EntryPoint\",\"urlTemplate\":\"https:\\\/\\\/galerie-institut.com\\\/en\\\/?s={search_term_string}\"},\"query-input\":{\"@type\":\"PropertyValueSpecification\",\"valueRequired\":true,\"valueName\":\"search_term_string\"}}],\"inLanguage\":\"en-US\"}]}<\/script>\n<!-- \/ Yoast SEO plugin. -->","yoast_head_json":{"title":"S\u00e9cheret, Jean-Baptiste, Central Park, mist, 2008 - Galerie Institut","description":"D\u00e9couvrez l'oeuvre S\u00e9cheret, Jean-Baptiste, Central Park, mist, 2008 disponible \u00e0 la Galerie de l'Institut. Si vous \u00eates int\u00e9ress\u00e9.e.s par S\u00e9cheret, Jean-Baptiste, Central Park, mist, 2008 merci de nous contacter \u00e0 contact@galerie-institut.com","robots":{"index":"index","follow":"follow","max-snippet":"max-snippet:-1","max-image-preview":"max-image-preview:large","max-video-preview":"max-video-preview:-1"},"canonical":"https:\/\/galerie-institut.com\/en\/produit\/secheret-jean-baptiste-central-park-brume-2008\/","og_locale":"en_US","og_type":"article","og_title":"S\u00e9cheret, Jean-Baptiste, Central Park, mist, 2008 - Galerie Institut","og_description":"D\u00e9couvrez l'oeuvre S\u00e9cheret, Jean-Baptiste, Central Park, mist, 2008 disponible \u00e0 la Galerie de l'Institut. Si vous \u00eates int\u00e9ress\u00e9.e.s par S\u00e9cheret, Jean-Baptiste, Central Park, mist, 2008 merci de nous contacter \u00e0 contact@galerie-institut.com","og_url":"https:\/\/galerie-institut.com\/en\/produit\/secheret-jean-baptiste-central-park-brume-2008\/","og_site_name":"Galerie Institut","article_modified_time":"2025-11-21T15:43:10+00:00","og_image":[{"width":1000,"height":1000,"url":"https:\/\/galerie-institut.com\/wp-content\/uploads\/2021\/11\/secheret-jean-baptiste-2008-central-park-brume.jpg","type":"image\/jpeg"}],"twitter_card":"summary_large_image","schema":{"@context":"https:\/\/schema.org","@graph":[{"@type":"WebPage","@id":"https:\/\/galerie-institut.com\/en\/produit\/secheret-jean-baptiste-central-park-brume-2008\/","url":"https:\/\/galerie-institut.com\/en\/produit\/secheret-jean-baptiste-central-park-brume-2008\/","name":"S\u00e9cheret, Jean-Baptiste, Central Park, mist, 2008 - Galerie Institut","isPartOf":{"@id":"https:\/\/galerie-institut.com\/en\/#website"},"primaryImageOfPage":{"@id":"https:\/\/galerie-institut.com\/en\/produit\/secheret-jean-baptiste-central-park-brume-2008\/#primaryimage"},"image":{"@id":"https:\/\/galerie-institut.com\/en\/produit\/secheret-jean-baptiste-central-park-brume-2008\/#primaryimage"},"thumbnailUrl":"https:\/\/galerie-institut.com\/wp-content\/uploads\/2021\/11\/secheret-jean-baptiste-2008-central-park-brume.jpg","datePublished":"2021-11-03T11:06:58+00:00","dateModified":"2025-11-21T15:43:10+00:00","description":"D\u00e9couvrez l'oeuvre S\u00e9cheret, Jean-Baptiste, Central Park, mist, 2008 disponible \u00e0 la Galerie de l'Institut. Si vous \u00eates int\u00e9ress\u00e9.e.s par S\u00e9cheret, Jean-Baptiste, Central Park, mist, 2008 merci de nous contacter \u00e0 contact@galerie-institut.com","breadcrumb":{"@id":"https:\/\/galerie-institut.com\/en\/produit\/secheret-jean-baptiste-central-park-brume-2008\/#breadcrumb"},"inLanguage":"en-US","potentialAction":[{"@type":"ReadAction","target":["https:\/\/galerie-institut.com\/en\/produit\/secheret-jean-baptiste-central-park-brume-2008\/"]}]},{"@type":"ImageObject","inLanguage":"en-US","@id":"https:\/\/galerie-institut.com\/en\/produit\/secheret-jean-baptiste-central-park-brume-2008\/#primaryimage","url":"https:\/\/galerie-institut.com\/wp-content\/uploads\/2021\/11\/secheret-jean-baptiste-2008-central-park-brume.jpg","contentUrl":"https:\/\/galerie-institut.com\/wp-content\/uploads\/2021\/11\/secheret-jean-baptiste-2008-central-park-brume.jpg","width":1000,"height":1000},{"@type":"BreadcrumbList","@id":"https:\/\/galerie-institut.com\/en\/produit\/secheret-jean-baptiste-central-park-brume-2008\/#breadcrumb","itemListElement":[{"@type":"ListItem","position":1,"name":"Accueil","item":"https:\/\/galerie-institut.com\/en\/accueil\/"},{"@type":"ListItem","position":2,"name":"Boutique","item":"https:\/\/galerie-institut.com\/?page_id=8607"},{"@type":"ListItem","position":3,"name":"S\u00e9cheret, Jean-Baptiste, Central Park, mist, 2008"}]},{"@type":"WebSite","@id":"https:\/\/galerie-institut.com\/en\/#website","url":"https:\/\/galerie-institut.com\/en\/","name":"Galerie Institut","description":"","potentialAction":[{"@type":"SearchAction","target":{"@type":"EntryPoint","urlTemplate":"https:\/\/galerie-institut.com\/en\/?s={search_term_string}"},"query-input":{"@type":"PropertyValueSpecification","valueRequired":true,"valueName":"search_term_string"}}],"inLanguage":"en-US"}]}},"_links":{"self":[{"href":"https:\/\/galerie-institut.com\/en\/wp-json\/wp\/v2\/product\/17359","targetHints":{"allow":["GET"]}}],"collection":[{"href":"https:\/\/galerie-institut.com\/en\/wp-json\/wp\/v2\/product"}],"about":[{"href":"https:\/\/galerie-institut.com\/en\/wp-json\/wp\/v2\/types\/product"}],"replies":[{"embeddable":true,"href":"https:\/\/galerie-institut.com\/en\/wp-json\/wp\/v2\/comments?post=17359"}],"wp:featuredmedia":[{"embeddable":true,"href":"https:\/\/galerie-institut.com\/en\/wp-json\/wp\/v2\/media\/17361"}],"wp:attachment":[{"href":"https:\/\/galerie-institut.com\/en\/wp-json\/wp\/v2\/media?parent=17359"}],"wp:term":[{"taxonomy":"product_brand","embeddable":true,"href":"https:\/\/galerie-institut.com\/en\/wp-json\/wp\/v2\/product_brand?post=17359"},{"taxonomy":"product_cat","embeddable":true,"href":"https:\/\/galerie-institut.com\/en\/wp-json\/wp\/v2\/product_cat?post=17359"},{"taxonomy":"product_tag","embeddable":true,"href":"https:\/\/galerie-institut.com\/en\/wp-json\/wp\/v2\/product_tag?post=17359"}],"curies":[{"name":"wp","href":"https:\/\/api.w.org\/{rel}","templated":true}]}}