{"id":17336,"date":"2021-11-03T16:57:34","date_gmt":"2021-11-03T16:57:34","guid":{"rendered":"https:\/\/galerie-institut.com\/produit\/sorlier-pierre-le-pays-dou-elle-vient-2006\/"},"modified":"2025-11-21T15:08:33","modified_gmt":"2025-11-21T15:08:33","slug":"sorlier-pierre-le-pays-dou-elle-vient-2006","status":"publish","type":"product","link":"https:\/\/galerie-institut.com\/en\/produit\/sorlier-pierre-le-pays-dou-elle-vient-2006\/","title":{"rendered":"Sorlier, Pierre, Le Pays d&#8217;o\u00f9 elle vient, 2006"},"content":{"rendered":"<p>2006<\/p>\n<p>Oil on canvas<\/p>\n<p>100 x 81 cm<\/p>\n<p>Signed by the artist at the foot of the flower, lower center<\/p>\n","protected":false},"excerpt":{"rendered":"<p>2006 Oil on canvas 100 x 81 cm Signed by the artist at the foot of the flower, lower center<\/p>\n","protected":false},"featured_media":17337,"comment_status":"open","ping_status":"closed","template":"","meta":{"_et_pb_use_builder":"","_et_pb_old_content":"","_et_gb_content_width":""},"product_brand":[],"product_cat":[307,272],"product_tag":[165],"class_list":{"0":"post-17336","1":"product","2":"type-product","3":"status-publish","4":"has-post-thumbnail","6":"product_cat-sorlier","7":"product_cat-unique-works","8":"product_tag-oil-on-canvas","10":"first","11":"instock","12":"shipping-taxable","13":"product-type-simple"},"yoast_head":"<!-- This site is optimized with the Yoast SEO plugin v27.5 - https:\/\/yoast.com\/product\/yoast-seo-wordpress\/ -->\n<title>Sorlier, Pierre, Le Pays d&#039;o\u00f9 elle vient, 2006 - Galerie Institut<\/title>\n<meta name=\"description\" content=\"D\u00e9couvrez l&#039;oeuvre Sorlier, Pierre, Le Pays d&#039;o\u00f9 elle vient, 2006 disponible \u00e0 la Galerie de l&#039;Institut. Si vous \u00eates int\u00e9ress\u00e9.e.s par Sorlier, Pierre, Le Pays d&#039;o\u00f9 elle vient, 2006 merci de nous contacter \u00e0 contact@galerie-institut.com\" \/>\n<meta name=\"robots\" content=\"index, follow, max-snippet:-1, max-image-preview:large, max-video-preview:-1\" \/>\n<link rel=\"canonical\" href=\"https:\/\/galerie-institut.com\/en\/produit\/sorlier-pierre-le-pays-dou-elle-vient-2006\/\" \/>\n<meta property=\"og:locale\" content=\"en_US\" \/>\n<meta property=\"og:type\" content=\"article\" \/>\n<meta property=\"og:title\" content=\"Sorlier, Pierre, Le Pays d&#039;o\u00f9 elle vient, 2006 - Galerie Institut\" \/>\n<meta property=\"og:description\" content=\"D\u00e9couvrez l&#039;oeuvre Sorlier, Pierre, Le Pays d&#039;o\u00f9 elle vient, 2006 disponible \u00e0 la Galerie de l&#039;Institut. Si vous \u00eates int\u00e9ress\u00e9.e.s par Sorlier, Pierre, Le Pays d&#039;o\u00f9 elle vient, 2006 merci de nous contacter \u00e0 contact@galerie-institut.com\" \/>\n<meta property=\"og:url\" content=\"https:\/\/galerie-institut.com\/en\/produit\/sorlier-pierre-le-pays-dou-elle-vient-2006\/\" \/>\n<meta property=\"og:site_name\" content=\"Galerie Institut\" \/>\n<meta property=\"article:modified_time\" content=\"2025-11-21T15:08:33+00:00\" \/>\n<meta property=\"og:image\" content=\"https:\/\/galerie-institut.com\/wp-content\/uploads\/2021\/11\/sorlier-7.jpg\" \/>\n\t<meta property=\"og:image:width\" content=\"1000\" \/>\n\t<meta property=\"og:image:height\" content=\"1000\" \/>\n\t<meta property=\"og:image:type\" content=\"image\/jpeg\" \/>\n<meta name=\"twitter:card\" content=\"summary_large_image\" \/>\n<script type=\"application\/ld+json\" class=\"yoast-schema-graph\">{\"@context\":\"https:\\\/\\\/schema.org\",\"@graph\":[{\"@type\":\"WebPage\",\"@id\":\"https:\\\/\\\/galerie-institut.com\\\/en\\\/produit\\\/sorlier-pierre-le-pays-dou-elle-vient-2006\\\/\",\"url\":\"https:\\\/\\\/galerie-institut.com\\\/en\\\/produit\\\/sorlier-pierre-le-pays-dou-elle-vient-2006\\\/\",\"name\":\"Sorlier, Pierre, Le Pays d'o\u00f9 elle vient, 2006 - Galerie Institut\",\"isPartOf\":{\"@id\":\"https:\\\/\\\/galerie-institut.com\\\/en\\\/#website\"},\"primaryImageOfPage\":{\"@id\":\"https:\\\/\\\/galerie-institut.com\\\/en\\\/produit\\\/sorlier-pierre-le-pays-dou-elle-vient-2006\\\/#primaryimage\"},\"image\":{\"@id\":\"https:\\\/\\\/galerie-institut.com\\\/en\\\/produit\\\/sorlier-pierre-le-pays-dou-elle-vient-2006\\\/#primaryimage\"},\"thumbnailUrl\":\"https:\\\/\\\/galerie-institut.com\\\/wp-content\\\/uploads\\\/2021\\\/11\\\/sorlier-7.jpg\",\"datePublished\":\"2021-11-03T16:57:34+00:00\",\"dateModified\":\"2025-11-21T15:08:33+00:00\",\"description\":\"D\u00e9couvrez l'oeuvre Sorlier, Pierre, Le Pays d'o\u00f9 elle vient, 2006 disponible \u00e0 la Galerie de l'Institut. Si vous \u00eates int\u00e9ress\u00e9.e.s par Sorlier, Pierre, Le Pays d'o\u00f9 elle vient, 2006 merci de nous contacter \u00e0 contact@galerie-institut.com\",\"breadcrumb\":{\"@id\":\"https:\\\/\\\/galerie-institut.com\\\/en\\\/produit\\\/sorlier-pierre-le-pays-dou-elle-vient-2006\\\/#breadcrumb\"},\"inLanguage\":\"en-US\",\"potentialAction\":[{\"@type\":\"ReadAction\",\"target\":[\"https:\\\/\\\/galerie-institut.com\\\/en\\\/produit\\\/sorlier-pierre-le-pays-dou-elle-vient-2006\\\/\"]}]},{\"@type\":\"ImageObject\",\"inLanguage\":\"en-US\",\"@id\":\"https:\\\/\\\/galerie-institut.com\\\/en\\\/produit\\\/sorlier-pierre-le-pays-dou-elle-vient-2006\\\/#primaryimage\",\"url\":\"https:\\\/\\\/galerie-institut.com\\\/wp-content\\\/uploads\\\/2021\\\/11\\\/sorlier-7.jpg\",\"contentUrl\":\"https:\\\/\\\/galerie-institut.com\\\/wp-content\\\/uploads\\\/2021\\\/11\\\/sorlier-7.jpg\",\"width\":1000,\"height\":1000},{\"@type\":\"BreadcrumbList\",\"@id\":\"https:\\\/\\\/galerie-institut.com\\\/en\\\/produit\\\/sorlier-pierre-le-pays-dou-elle-vient-2006\\\/#breadcrumb\",\"itemListElement\":[{\"@type\":\"ListItem\",\"position\":1,\"name\":\"Accueil\",\"item\":\"https:\\\/\\\/galerie-institut.com\\\/en\\\/accueil\\\/\"},{\"@type\":\"ListItem\",\"position\":2,\"name\":\"Boutique\",\"item\":\"https:\\\/\\\/galerie-institut.com\\\/?page_id=8607\"},{\"@type\":\"ListItem\",\"position\":3,\"name\":\"Sorlier, Pierre, Le Pays d&#8217;o\u00f9 elle vient, 2006\"}]},{\"@type\":\"WebSite\",\"@id\":\"https:\\\/\\\/galerie-institut.com\\\/en\\\/#website\",\"url\":\"https:\\\/\\\/galerie-institut.com\\\/en\\\/\",\"name\":\"Galerie Institut\",\"description\":\"\",\"potentialAction\":[{\"@type\":\"SearchAction\",\"target\":{\"@type\":\"EntryPoint\",\"urlTemplate\":\"https:\\\/\\\/galerie-institut.com\\\/en\\\/?s={search_term_string}\"},\"query-input\":{\"@type\":\"PropertyValueSpecification\",\"valueRequired\":true,\"valueName\":\"search_term_string\"}}],\"inLanguage\":\"en-US\"}]}<\/script>\n<!-- \/ Yoast SEO plugin. -->","yoast_head_json":{"title":"Sorlier, Pierre, Le Pays d'o\u00f9 elle vient, 2006 - Galerie Institut","description":"D\u00e9couvrez l'oeuvre Sorlier, Pierre, Le Pays d'o\u00f9 elle vient, 2006 disponible \u00e0 la Galerie de l'Institut. Si vous \u00eates int\u00e9ress\u00e9.e.s par Sorlier, Pierre, Le Pays d'o\u00f9 elle vient, 2006 merci de nous contacter \u00e0 contact@galerie-institut.com","robots":{"index":"index","follow":"follow","max-snippet":"max-snippet:-1","max-image-preview":"max-image-preview:large","max-video-preview":"max-video-preview:-1"},"canonical":"https:\/\/galerie-institut.com\/en\/produit\/sorlier-pierre-le-pays-dou-elle-vient-2006\/","og_locale":"en_US","og_type":"article","og_title":"Sorlier, Pierre, Le Pays d'o\u00f9 elle vient, 2006 - Galerie Institut","og_description":"D\u00e9couvrez l'oeuvre Sorlier, Pierre, Le Pays d'o\u00f9 elle vient, 2006 disponible \u00e0 la Galerie de l'Institut. Si vous \u00eates int\u00e9ress\u00e9.e.s par Sorlier, Pierre, Le Pays d'o\u00f9 elle vient, 2006 merci de nous contacter \u00e0 contact@galerie-institut.com","og_url":"https:\/\/galerie-institut.com\/en\/produit\/sorlier-pierre-le-pays-dou-elle-vient-2006\/","og_site_name":"Galerie Institut","article_modified_time":"2025-11-21T15:08:33+00:00","og_image":[{"width":1000,"height":1000,"url":"https:\/\/galerie-institut.com\/wp-content\/uploads\/2021\/11\/sorlier-7.jpg","type":"image\/jpeg"}],"twitter_card":"summary_large_image","schema":{"@context":"https:\/\/schema.org","@graph":[{"@type":"WebPage","@id":"https:\/\/galerie-institut.com\/en\/produit\/sorlier-pierre-le-pays-dou-elle-vient-2006\/","url":"https:\/\/galerie-institut.com\/en\/produit\/sorlier-pierre-le-pays-dou-elle-vient-2006\/","name":"Sorlier, Pierre, Le Pays d'o\u00f9 elle vient, 2006 - Galerie Institut","isPartOf":{"@id":"https:\/\/galerie-institut.com\/en\/#website"},"primaryImageOfPage":{"@id":"https:\/\/galerie-institut.com\/en\/produit\/sorlier-pierre-le-pays-dou-elle-vient-2006\/#primaryimage"},"image":{"@id":"https:\/\/galerie-institut.com\/en\/produit\/sorlier-pierre-le-pays-dou-elle-vient-2006\/#primaryimage"},"thumbnailUrl":"https:\/\/galerie-institut.com\/wp-content\/uploads\/2021\/11\/sorlier-7.jpg","datePublished":"2021-11-03T16:57:34+00:00","dateModified":"2025-11-21T15:08:33+00:00","description":"D\u00e9couvrez l'oeuvre Sorlier, Pierre, Le Pays d'o\u00f9 elle vient, 2006 disponible \u00e0 la Galerie de l'Institut. Si vous \u00eates int\u00e9ress\u00e9.e.s par Sorlier, Pierre, Le Pays d'o\u00f9 elle vient, 2006 merci de nous contacter \u00e0 contact@galerie-institut.com","breadcrumb":{"@id":"https:\/\/galerie-institut.com\/en\/produit\/sorlier-pierre-le-pays-dou-elle-vient-2006\/#breadcrumb"},"inLanguage":"en-US","potentialAction":[{"@type":"ReadAction","target":["https:\/\/galerie-institut.com\/en\/produit\/sorlier-pierre-le-pays-dou-elle-vient-2006\/"]}]},{"@type":"ImageObject","inLanguage":"en-US","@id":"https:\/\/galerie-institut.com\/en\/produit\/sorlier-pierre-le-pays-dou-elle-vient-2006\/#primaryimage","url":"https:\/\/galerie-institut.com\/wp-content\/uploads\/2021\/11\/sorlier-7.jpg","contentUrl":"https:\/\/galerie-institut.com\/wp-content\/uploads\/2021\/11\/sorlier-7.jpg","width":1000,"height":1000},{"@type":"BreadcrumbList","@id":"https:\/\/galerie-institut.com\/en\/produit\/sorlier-pierre-le-pays-dou-elle-vient-2006\/#breadcrumb","itemListElement":[{"@type":"ListItem","position":1,"name":"Accueil","item":"https:\/\/galerie-institut.com\/en\/accueil\/"},{"@type":"ListItem","position":2,"name":"Boutique","item":"https:\/\/galerie-institut.com\/?page_id=8607"},{"@type":"ListItem","position":3,"name":"Sorlier, Pierre, Le Pays d&#8217;o\u00f9 elle vient, 2006"}]},{"@type":"WebSite","@id":"https:\/\/galerie-institut.com\/en\/#website","url":"https:\/\/galerie-institut.com\/en\/","name":"Galerie Institut","description":"","potentialAction":[{"@type":"SearchAction","target":{"@type":"EntryPoint","urlTemplate":"https:\/\/galerie-institut.com\/en\/?s={search_term_string}"},"query-input":{"@type":"PropertyValueSpecification","valueRequired":true,"valueName":"search_term_string"}}],"inLanguage":"en-US"}]}},"_links":{"self":[{"href":"https:\/\/galerie-institut.com\/en\/wp-json\/wp\/v2\/product\/17336","targetHints":{"allow":["GET"]}}],"collection":[{"href":"https:\/\/galerie-institut.com\/en\/wp-json\/wp\/v2\/product"}],"about":[{"href":"https:\/\/galerie-institut.com\/en\/wp-json\/wp\/v2\/types\/product"}],"replies":[{"embeddable":true,"href":"https:\/\/galerie-institut.com\/en\/wp-json\/wp\/v2\/comments?post=17336"}],"wp:featuredmedia":[{"embeddable":true,"href":"https:\/\/galerie-institut.com\/en\/wp-json\/wp\/v2\/media\/17337"}],"wp:attachment":[{"href":"https:\/\/galerie-institut.com\/en\/wp-json\/wp\/v2\/media?parent=17336"}],"wp:term":[{"taxonomy":"product_brand","embeddable":true,"href":"https:\/\/galerie-institut.com\/en\/wp-json\/wp\/v2\/product_brand?post=17336"},{"taxonomy":"product_cat","embeddable":true,"href":"https:\/\/galerie-institut.com\/en\/wp-json\/wp\/v2\/product_cat?post=17336"},{"taxonomy":"product_tag","embeddable":true,"href":"https:\/\/galerie-institut.com\/en\/wp-json\/wp\/v2\/product_tag?post=17336"}],"curies":[{"name":"wp","href":"https:\/\/api.w.org\/{rel}","templated":true}]}}