{"id":17322,"date":"2021-11-03T14:42:35","date_gmt":"2021-11-03T14:42:35","guid":{"rendered":"https:\/\/galerie-institut.com\/produit\/matisse-henri-une-religieuse-a-lexpression-ironique-1945\/"},"modified":"2025-11-21T15:08:30","modified_gmt":"2025-11-21T15:08:30","slug":"matisse-henri-une-religieuse-a-lexpression-ironique-1945","status":"publish","type":"product","link":"https:\/\/galerie-institut.com\/en\/produit\/matisse-henri-une-religieuse-a-lexpression-ironique-1945\/","title":{"rendered":"Matisse, Henri, Une religieuse \u00e0 l&#8217;expression ironique, 1945"},"content":{"rendered":"<p>1945<\/p>\n<p>\u00c9tude pour l&#8217;illustration des <em>Lettres portugaises <\/em>de Marianna Alcaforado, Paris, T\u00e9riade \u00e9diteur, 1946<\/p>\n<p>Original etching in black on China paper applied to wove paper<\/p>\n<p>28.7 x 22.5 cm<\/p>\n<p>Numbered in pencil lower right of 25 and signed by the artist<\/p>\n<p>Catalogue raisonn\u00e9 : Duthuit 278<\/p>\n","protected":false},"excerpt":{"rendered":"<p><em>Une religieuse \u00e0 l&#8217;expression ironique<\/em> is, along with two other contemporary etchings of the same subject (D.276 and D.277), a study for the illustration of <em>Lettres d&#8217;une religieuse portugaise<\/em>, Marianna Alcaforado, published by T\u00e9riade in 1946.<\/p>\n","protected":false},"featured_media":17324,"comment_status":"open","ping_status":"closed","template":"","meta":{"_et_pb_use_builder":"","_et_pb_old_content":"","_et_gb_content_width":""},"product_brand":[],"product_cat":[279,267],"product_tag":[174,268],"class_list":{"0":"post-17322","1":"product","2":"type-product","3":"status-publish","4":"has-post-thumbnail","6":"product_cat-matisse","7":"product_cat-estampes","8":"product_tag-etching","9":"product_tag-print","11":"first","12":"instock","13":"shipping-taxable","14":"product-type-simple"},"yoast_head":"<!-- This site is optimized with the Yoast SEO plugin v27.4 - https:\/\/yoast.com\/product\/yoast-seo-wordpress\/ -->\n<title>Matisse, Henri, Une religieuse \u00e0 l&#039;expression ironique, 1945 - Galerie Institut<\/title>\n<meta name=\"description\" content=\"D\u00e9couvrez l&#039;oeuvre Matisse, Henri, Une religieuse \u00e0 l&#039;expression ironique, 1945 disponible \u00e0 la Galerie de l&#039;Institut. Si vous \u00eates int\u00e9ress\u00e9.e.s par Matisse, Henri, Une religieuse \u00e0 l&#039;expression ironique, 1945 merci de nous contacter \u00e0 contact@galerie-institut.com\" \/>\n<meta name=\"robots\" content=\"index, follow, max-snippet:-1, max-image-preview:large, max-video-preview:-1\" \/>\n<link rel=\"canonical\" href=\"https:\/\/galerie-institut.com\/en\/produit\/matisse-henri-une-religieuse-a-lexpression-ironique-1945\/\" \/>\n<meta property=\"og:locale\" content=\"en_US\" \/>\n<meta property=\"og:type\" content=\"article\" \/>\n<meta property=\"og:title\" content=\"Matisse, Henri, Une religieuse \u00e0 l&#039;expression ironique, 1945 - Galerie Institut\" \/>\n<meta property=\"og:description\" content=\"D\u00e9couvrez l&#039;oeuvre Matisse, Henri, Une religieuse \u00e0 l&#039;expression ironique, 1945 disponible \u00e0 la Galerie de l&#039;Institut. Si vous \u00eates int\u00e9ress\u00e9.e.s par Matisse, Henri, Une religieuse \u00e0 l&#039;expression ironique, 1945 merci de nous contacter \u00e0 contact@galerie-institut.com\" \/>\n<meta property=\"og:url\" content=\"https:\/\/galerie-institut.com\/en\/produit\/matisse-henri-une-religieuse-a-lexpression-ironique-1945\/\" \/>\n<meta property=\"og:site_name\" content=\"Galerie Institut\" \/>\n<meta property=\"article:modified_time\" content=\"2025-11-21T15:08:30+00:00\" \/>\n<meta property=\"og:image\" content=\"https:\/\/galerie-institut.com\/wp-content\/uploads\/2021\/11\/matisse-henri-1945-une-religieuse-a-l_expression-ironique.jpg\" \/>\n\t<meta property=\"og:image:width\" content=\"1000\" \/>\n\t<meta property=\"og:image:height\" content=\"1000\" \/>\n\t<meta property=\"og:image:type\" content=\"image\/jpeg\" \/>\n<meta name=\"twitter:card\" content=\"summary_large_image\" \/>\n<script type=\"application\/ld+json\" class=\"yoast-schema-graph\">{\"@context\":\"https:\\\/\\\/schema.org\",\"@graph\":[{\"@type\":\"WebPage\",\"@id\":\"https:\\\/\\\/galerie-institut.com\\\/en\\\/produit\\\/matisse-henri-une-religieuse-a-lexpression-ironique-1945\\\/\",\"url\":\"https:\\\/\\\/galerie-institut.com\\\/en\\\/produit\\\/matisse-henri-une-religieuse-a-lexpression-ironique-1945\\\/\",\"name\":\"Matisse, Henri, Une religieuse \u00e0 l'expression ironique, 1945 - Galerie Institut\",\"isPartOf\":{\"@id\":\"https:\\\/\\\/galerie-institut.com\\\/en\\\/#website\"},\"primaryImageOfPage\":{\"@id\":\"https:\\\/\\\/galerie-institut.com\\\/en\\\/produit\\\/matisse-henri-une-religieuse-a-lexpression-ironique-1945\\\/#primaryimage\"},\"image\":{\"@id\":\"https:\\\/\\\/galerie-institut.com\\\/en\\\/produit\\\/matisse-henri-une-religieuse-a-lexpression-ironique-1945\\\/#primaryimage\"},\"thumbnailUrl\":\"https:\\\/\\\/galerie-institut.com\\\/wp-content\\\/uploads\\\/2021\\\/11\\\/matisse-henri-1945-une-religieuse-a-l_expression-ironique.jpg\",\"datePublished\":\"2021-11-03T14:42:35+00:00\",\"dateModified\":\"2025-11-21T15:08:30+00:00\",\"description\":\"D\u00e9couvrez l'oeuvre Matisse, Henri, Une religieuse \u00e0 l'expression ironique, 1945 disponible \u00e0 la Galerie de l'Institut. Si vous \u00eates int\u00e9ress\u00e9.e.s par Matisse, Henri, Une religieuse \u00e0 l'expression ironique, 1945 merci de nous contacter \u00e0 contact@galerie-institut.com\",\"breadcrumb\":{\"@id\":\"https:\\\/\\\/galerie-institut.com\\\/en\\\/produit\\\/matisse-henri-une-religieuse-a-lexpression-ironique-1945\\\/#breadcrumb\"},\"inLanguage\":\"en-US\",\"potentialAction\":[{\"@type\":\"ReadAction\",\"target\":[\"https:\\\/\\\/galerie-institut.com\\\/en\\\/produit\\\/matisse-henri-une-religieuse-a-lexpression-ironique-1945\\\/\"]}]},{\"@type\":\"ImageObject\",\"inLanguage\":\"en-US\",\"@id\":\"https:\\\/\\\/galerie-institut.com\\\/en\\\/produit\\\/matisse-henri-une-religieuse-a-lexpression-ironique-1945\\\/#primaryimage\",\"url\":\"https:\\\/\\\/galerie-institut.com\\\/wp-content\\\/uploads\\\/2021\\\/11\\\/matisse-henri-1945-une-religieuse-a-l_expression-ironique.jpg\",\"contentUrl\":\"https:\\\/\\\/galerie-institut.com\\\/wp-content\\\/uploads\\\/2021\\\/11\\\/matisse-henri-1945-une-religieuse-a-l_expression-ironique.jpg\",\"width\":1000,\"height\":1000},{\"@type\":\"BreadcrumbList\",\"@id\":\"https:\\\/\\\/galerie-institut.com\\\/en\\\/produit\\\/matisse-henri-une-religieuse-a-lexpression-ironique-1945\\\/#breadcrumb\",\"itemListElement\":[{\"@type\":\"ListItem\",\"position\":1,\"name\":\"Accueil\",\"item\":\"https:\\\/\\\/galerie-institut.com\\\/en\\\/accueil\\\/\"},{\"@type\":\"ListItem\",\"position\":2,\"name\":\"Boutique\",\"item\":\"https:\\\/\\\/galerie-institut.com\\\/?page_id=8607\"},{\"@type\":\"ListItem\",\"position\":3,\"name\":\"Matisse, Henri, Une religieuse \u00e0 l&#8217;expression ironique, 1945\"}]},{\"@type\":\"WebSite\",\"@id\":\"https:\\\/\\\/galerie-institut.com\\\/en\\\/#website\",\"url\":\"https:\\\/\\\/galerie-institut.com\\\/en\\\/\",\"name\":\"Galerie Institut\",\"description\":\"\",\"potentialAction\":[{\"@type\":\"SearchAction\",\"target\":{\"@type\":\"EntryPoint\",\"urlTemplate\":\"https:\\\/\\\/galerie-institut.com\\\/en\\\/?s={search_term_string}\"},\"query-input\":{\"@type\":\"PropertyValueSpecification\",\"valueRequired\":true,\"valueName\":\"search_term_string\"}}],\"inLanguage\":\"en-US\"}]}<\/script>\n<!-- \/ Yoast SEO plugin. -->","yoast_head_json":{"title":"Matisse, Henri, Une religieuse \u00e0 l'expression ironique, 1945 - Galerie Institut","description":"D\u00e9couvrez l'oeuvre Matisse, Henri, Une religieuse \u00e0 l'expression ironique, 1945 disponible \u00e0 la Galerie de l'Institut. Si vous \u00eates int\u00e9ress\u00e9.e.s par Matisse, Henri, Une religieuse \u00e0 l'expression ironique, 1945 merci de nous contacter \u00e0 contact@galerie-institut.com","robots":{"index":"index","follow":"follow","max-snippet":"max-snippet:-1","max-image-preview":"max-image-preview:large","max-video-preview":"max-video-preview:-1"},"canonical":"https:\/\/galerie-institut.com\/en\/produit\/matisse-henri-une-religieuse-a-lexpression-ironique-1945\/","og_locale":"en_US","og_type":"article","og_title":"Matisse, Henri, Une religieuse \u00e0 l'expression ironique, 1945 - Galerie Institut","og_description":"D\u00e9couvrez l'oeuvre Matisse, Henri, Une religieuse \u00e0 l'expression ironique, 1945 disponible \u00e0 la Galerie de l'Institut. Si vous \u00eates int\u00e9ress\u00e9.e.s par Matisse, Henri, Une religieuse \u00e0 l'expression ironique, 1945 merci de nous contacter \u00e0 contact@galerie-institut.com","og_url":"https:\/\/galerie-institut.com\/en\/produit\/matisse-henri-une-religieuse-a-lexpression-ironique-1945\/","og_site_name":"Galerie Institut","article_modified_time":"2025-11-21T15:08:30+00:00","og_image":[{"width":1000,"height":1000,"url":"https:\/\/galerie-institut.com\/wp-content\/uploads\/2021\/11\/matisse-henri-1945-une-religieuse-a-l_expression-ironique.jpg","type":"image\/jpeg"}],"twitter_card":"summary_large_image","schema":{"@context":"https:\/\/schema.org","@graph":[{"@type":"WebPage","@id":"https:\/\/galerie-institut.com\/en\/produit\/matisse-henri-une-religieuse-a-lexpression-ironique-1945\/","url":"https:\/\/galerie-institut.com\/en\/produit\/matisse-henri-une-religieuse-a-lexpression-ironique-1945\/","name":"Matisse, Henri, Une religieuse \u00e0 l'expression ironique, 1945 - Galerie Institut","isPartOf":{"@id":"https:\/\/galerie-institut.com\/en\/#website"},"primaryImageOfPage":{"@id":"https:\/\/galerie-institut.com\/en\/produit\/matisse-henri-une-religieuse-a-lexpression-ironique-1945\/#primaryimage"},"image":{"@id":"https:\/\/galerie-institut.com\/en\/produit\/matisse-henri-une-religieuse-a-lexpression-ironique-1945\/#primaryimage"},"thumbnailUrl":"https:\/\/galerie-institut.com\/wp-content\/uploads\/2021\/11\/matisse-henri-1945-une-religieuse-a-l_expression-ironique.jpg","datePublished":"2021-11-03T14:42:35+00:00","dateModified":"2025-11-21T15:08:30+00:00","description":"D\u00e9couvrez l'oeuvre Matisse, Henri, Une religieuse \u00e0 l'expression ironique, 1945 disponible \u00e0 la Galerie de l'Institut. Si vous \u00eates int\u00e9ress\u00e9.e.s par Matisse, Henri, Une religieuse \u00e0 l'expression ironique, 1945 merci de nous contacter \u00e0 contact@galerie-institut.com","breadcrumb":{"@id":"https:\/\/galerie-institut.com\/en\/produit\/matisse-henri-une-religieuse-a-lexpression-ironique-1945\/#breadcrumb"},"inLanguage":"en-US","potentialAction":[{"@type":"ReadAction","target":["https:\/\/galerie-institut.com\/en\/produit\/matisse-henri-une-religieuse-a-lexpression-ironique-1945\/"]}]},{"@type":"ImageObject","inLanguage":"en-US","@id":"https:\/\/galerie-institut.com\/en\/produit\/matisse-henri-une-religieuse-a-lexpression-ironique-1945\/#primaryimage","url":"https:\/\/galerie-institut.com\/wp-content\/uploads\/2021\/11\/matisse-henri-1945-une-religieuse-a-l_expression-ironique.jpg","contentUrl":"https:\/\/galerie-institut.com\/wp-content\/uploads\/2021\/11\/matisse-henri-1945-une-religieuse-a-l_expression-ironique.jpg","width":1000,"height":1000},{"@type":"BreadcrumbList","@id":"https:\/\/galerie-institut.com\/en\/produit\/matisse-henri-une-religieuse-a-lexpression-ironique-1945\/#breadcrumb","itemListElement":[{"@type":"ListItem","position":1,"name":"Accueil","item":"https:\/\/galerie-institut.com\/en\/accueil\/"},{"@type":"ListItem","position":2,"name":"Boutique","item":"https:\/\/galerie-institut.com\/?page_id=8607"},{"@type":"ListItem","position":3,"name":"Matisse, Henri, Une religieuse \u00e0 l&#8217;expression ironique, 1945"}]},{"@type":"WebSite","@id":"https:\/\/galerie-institut.com\/en\/#website","url":"https:\/\/galerie-institut.com\/en\/","name":"Galerie Institut","description":"","potentialAction":[{"@type":"SearchAction","target":{"@type":"EntryPoint","urlTemplate":"https:\/\/galerie-institut.com\/en\/?s={search_term_string}"},"query-input":{"@type":"PropertyValueSpecification","valueRequired":true,"valueName":"search_term_string"}}],"inLanguage":"en-US"}]}},"_links":{"self":[{"href":"https:\/\/galerie-institut.com\/en\/wp-json\/wp\/v2\/product\/17322","targetHints":{"allow":["GET"]}}],"collection":[{"href":"https:\/\/galerie-institut.com\/en\/wp-json\/wp\/v2\/product"}],"about":[{"href":"https:\/\/galerie-institut.com\/en\/wp-json\/wp\/v2\/types\/product"}],"replies":[{"embeddable":true,"href":"https:\/\/galerie-institut.com\/en\/wp-json\/wp\/v2\/comments?post=17322"}],"wp:featuredmedia":[{"embeddable":true,"href":"https:\/\/galerie-institut.com\/en\/wp-json\/wp\/v2\/media\/17324"}],"wp:attachment":[{"href":"https:\/\/galerie-institut.com\/en\/wp-json\/wp\/v2\/media?parent=17322"}],"wp:term":[{"taxonomy":"product_brand","embeddable":true,"href":"https:\/\/galerie-institut.com\/en\/wp-json\/wp\/v2\/product_brand?post=17322"},{"taxonomy":"product_cat","embeddable":true,"href":"https:\/\/galerie-institut.com\/en\/wp-json\/wp\/v2\/product_cat?post=17322"},{"taxonomy":"product_tag","embeddable":true,"href":"https:\/\/galerie-institut.com\/en\/wp-json\/wp\/v2\/product_tag?post=17322"}],"curies":[{"name":"wp","href":"https:\/\/api.w.org\/{rel}","templated":true}]}}