{"id":17309,"date":"2023-03-16T15:52:45","date_gmt":"2023-03-16T15:52:45","guid":{"rendered":"https:\/\/galerie-institut.com\/produit\/miro-joan-the-grotesque-courtesan-1975\/"},"modified":"2025-11-21T15:01:47","modified_gmt":"2025-11-21T15:01:47","slug":"miro-courtisan-grotesque-1975","status":"publish","type":"product","link":"https:\/\/galerie-institut.com\/en\/produit\/miro-courtisan-grotesque-1975\/","title":{"rendered":"Mir\u00f3, Joan, The Grotesque Courtesan, 1975"},"content":{"rendered":"<p>1975<\/p>\n<p>Full-page drawing in colored wax crayon on paper<\/p>\n<p>43.5 x 62 cm (43.5 x 31 cm for the part with the drawing)<\/p>\n<p>Signed, dated and dedicated<\/p>\n<p>Page from the album &#8220;Le Courtisan Grotesque&#8221;, Mir\u00f3-Adrian de Monluc, Iliazd, 1974<\/p>\n","protected":false},"excerpt":{"rendered":"<p><em>Information taken from the preface to the catalog raisonn\u00e9.  <\/em><\/p>\n<p>For Joan Miro, publisher Iliazd unearths an unknown text by an unknown 17th-century author, Adrian de Monluc, known as the Comte de Cramail. The text, <em>Le Courtisan grotesque<\/em>, comique et extravagant, begins as follows: <\/p>\n<p>&#8220;The grotesque courtier came out of the palace of the mouth one day in between, dressed in verd de gris, he had a cardinal&#8217;s hat, a fireplace mantle lined with the frieze of a column, a jeu de paume flap, a bastion shirt and a prison lattice pourpoint&#8230;&#8221;. A series of erotico-warlike adventures follow, ending with the courtier&#8217;s death. <\/p>\n<p>The layout features bold, radical typography. Miro is free to deploy his most vivid lyricism. His drawing is scratchy, modulated and casual, with flat, projected and sprayed color, guiding the light.  <\/p>\n<p>This autographed page announces the book&#8217;s cheerfulness and lightness, with colorful shapes that echo and respond to each other.<\/p>\n<p>&nbsp;<\/p>\n","protected":false},"featured_media":17310,"comment_status":"open","ping_status":"closed","template":"","meta":{"_et_pb_use_builder":"","_et_pb_old_content":"","_et_gb_content_width":""},"product_brand":[],"product_cat":[275,272],"product_tag":[162],"class_list":{"0":"post-17309","1":"product","2":"type-product","3":"status-publish","4":"has-post-thumbnail","6":"product_cat-miro","7":"product_cat-unique-works","8":"product_tag-drawing","10":"first","11":"instock","12":"shipping-taxable","13":"product-type-simple"},"yoast_head":"<!-- This site is optimized with the Yoast SEO plugin v27.3 - https:\/\/yoast.com\/product\/yoast-seo-wordpress\/ -->\n<title>Mir\u00f3, Joan, The Grotesque Courtesan, 1975 - Galerie Institut<\/title>\n<meta name=\"description\" content=\"D\u00e9couvrez l&#039;oeuvre Mir\u00f3, Joan, The Grotesque Courtesan, 1975 disponible \u00e0 la Galerie de l&#039;Institut. Si vous \u00eates int\u00e9ress\u00e9.e.s par Mir\u00f3, Joan, The Grotesque Courtesan, 1975 merci de nous contacter \u00e0 contact@galerie-institut.com\" \/>\n<meta name=\"robots\" content=\"index, follow, max-snippet:-1, max-image-preview:large, max-video-preview:-1\" \/>\n<link rel=\"canonical\" href=\"https:\/\/galerie-institut.com\/en\/produit\/miro-courtisan-grotesque-1975\/\" \/>\n<meta property=\"og:locale\" content=\"en_US\" \/>\n<meta property=\"og:type\" content=\"article\" \/>\n<meta property=\"og:title\" content=\"Mir\u00f3, Joan, The Grotesque Courtesan, 1975 - Galerie Institut\" \/>\n<meta property=\"og:description\" content=\"D\u00e9couvrez l&#039;oeuvre Mir\u00f3, Joan, The Grotesque Courtesan, 1975 disponible \u00e0 la Galerie de l&#039;Institut. Si vous \u00eates int\u00e9ress\u00e9.e.s par Mir\u00f3, Joan, The Grotesque Courtesan, 1975 merci de nous contacter \u00e0 contact@galerie-institut.com\" \/>\n<meta property=\"og:url\" content=\"https:\/\/galerie-institut.com\/en\/produit\/miro-courtisan-grotesque-1975\/\" \/>\n<meta property=\"og:site_name\" content=\"Galerie Institut\" \/>\n<meta property=\"article:modified_time\" content=\"2025-11-21T15:01:47+00:00\" \/>\n<meta property=\"og:image\" content=\"https:\/\/galerie-institut.com\/wp-content\/uploads\/2023\/03\/miro-joan-1975-courtisan-grotesque.jpg\" \/>\n\t<meta property=\"og:image:width\" content=\"1000\" \/>\n\t<meta property=\"og:image:height\" content=\"1000\" \/>\n\t<meta property=\"og:image:type\" content=\"image\/jpeg\" \/>\n<meta name=\"twitter:card\" content=\"summary_large_image\" \/>\n<script type=\"application\/ld+json\" class=\"yoast-schema-graph\">{\"@context\":\"https:\\\/\\\/schema.org\",\"@graph\":[{\"@type\":\"WebPage\",\"@id\":\"https:\\\/\\\/galerie-institut.com\\\/en\\\/produit\\\/miro-courtisan-grotesque-1975\\\/\",\"url\":\"https:\\\/\\\/galerie-institut.com\\\/en\\\/produit\\\/miro-courtisan-grotesque-1975\\\/\",\"name\":\"Mir\u00f3, Joan, The Grotesque Courtesan, 1975 - Galerie Institut\",\"isPartOf\":{\"@id\":\"https:\\\/\\\/galerie-institut.com\\\/en\\\/#website\"},\"primaryImageOfPage\":{\"@id\":\"https:\\\/\\\/galerie-institut.com\\\/en\\\/produit\\\/miro-courtisan-grotesque-1975\\\/#primaryimage\"},\"image\":{\"@id\":\"https:\\\/\\\/galerie-institut.com\\\/en\\\/produit\\\/miro-courtisan-grotesque-1975\\\/#primaryimage\"},\"thumbnailUrl\":\"https:\\\/\\\/galerie-institut.com\\\/wp-content\\\/uploads\\\/2023\\\/03\\\/miro-joan-1975-courtisan-grotesque.jpg\",\"datePublished\":\"2023-03-16T15:52:45+00:00\",\"dateModified\":\"2025-11-21T15:01:47+00:00\",\"description\":\"D\u00e9couvrez l'oeuvre Mir\u00f3, Joan, The Grotesque Courtesan, 1975 disponible \u00e0 la Galerie de l'Institut. Si vous \u00eates int\u00e9ress\u00e9.e.s par Mir\u00f3, Joan, The Grotesque Courtesan, 1975 merci de nous contacter \u00e0 contact@galerie-institut.com\",\"breadcrumb\":{\"@id\":\"https:\\\/\\\/galerie-institut.com\\\/en\\\/produit\\\/miro-courtisan-grotesque-1975\\\/#breadcrumb\"},\"inLanguage\":\"en-US\",\"potentialAction\":[{\"@type\":\"ReadAction\",\"target\":[\"https:\\\/\\\/galerie-institut.com\\\/en\\\/produit\\\/miro-courtisan-grotesque-1975\\\/\"]}]},{\"@type\":\"ImageObject\",\"inLanguage\":\"en-US\",\"@id\":\"https:\\\/\\\/galerie-institut.com\\\/en\\\/produit\\\/miro-courtisan-grotesque-1975\\\/#primaryimage\",\"url\":\"https:\\\/\\\/galerie-institut.com\\\/wp-content\\\/uploads\\\/2023\\\/03\\\/miro-joan-1975-courtisan-grotesque.jpg\",\"contentUrl\":\"https:\\\/\\\/galerie-institut.com\\\/wp-content\\\/uploads\\\/2023\\\/03\\\/miro-joan-1975-courtisan-grotesque.jpg\",\"width\":1000,\"height\":1000,\"caption\":\"Dessin et d\u00e9dicace de Joan Mir\u00f3\"},{\"@type\":\"BreadcrumbList\",\"@id\":\"https:\\\/\\\/galerie-institut.com\\\/en\\\/produit\\\/miro-courtisan-grotesque-1975\\\/#breadcrumb\",\"itemListElement\":[{\"@type\":\"ListItem\",\"position\":1,\"name\":\"Accueil\",\"item\":\"https:\\\/\\\/galerie-institut.com\\\/en\\\/accueil\\\/\"},{\"@type\":\"ListItem\",\"position\":2,\"name\":\"Boutique\",\"item\":\"https:\\\/\\\/galerie-institut.com\\\/?page_id=8607\"},{\"@type\":\"ListItem\",\"position\":3,\"name\":\"Mir\u00f3, Joan, The Grotesque Courtesan, 1975\"}]},{\"@type\":\"WebSite\",\"@id\":\"https:\\\/\\\/galerie-institut.com\\\/en\\\/#website\",\"url\":\"https:\\\/\\\/galerie-institut.com\\\/en\\\/\",\"name\":\"Galerie Institut\",\"description\":\"\",\"potentialAction\":[{\"@type\":\"SearchAction\",\"target\":{\"@type\":\"EntryPoint\",\"urlTemplate\":\"https:\\\/\\\/galerie-institut.com\\\/en\\\/?s={search_term_string}\"},\"query-input\":{\"@type\":\"PropertyValueSpecification\",\"valueRequired\":true,\"valueName\":\"search_term_string\"}}],\"inLanguage\":\"en-US\"}]}<\/script>\n<!-- \/ Yoast SEO plugin. -->","yoast_head_json":{"title":"Mir\u00f3, Joan, The Grotesque Courtesan, 1975 - Galerie Institut","description":"D\u00e9couvrez l'oeuvre Mir\u00f3, Joan, The Grotesque Courtesan, 1975 disponible \u00e0 la Galerie de l'Institut. Si vous \u00eates int\u00e9ress\u00e9.e.s par Mir\u00f3, Joan, The Grotesque Courtesan, 1975 merci de nous contacter \u00e0 contact@galerie-institut.com","robots":{"index":"index","follow":"follow","max-snippet":"max-snippet:-1","max-image-preview":"max-image-preview:large","max-video-preview":"max-video-preview:-1"},"canonical":"https:\/\/galerie-institut.com\/en\/produit\/miro-courtisan-grotesque-1975\/","og_locale":"en_US","og_type":"article","og_title":"Mir\u00f3, Joan, The Grotesque Courtesan, 1975 - Galerie Institut","og_description":"D\u00e9couvrez l'oeuvre Mir\u00f3, Joan, The Grotesque Courtesan, 1975 disponible \u00e0 la Galerie de l'Institut. Si vous \u00eates int\u00e9ress\u00e9.e.s par Mir\u00f3, Joan, The Grotesque Courtesan, 1975 merci de nous contacter \u00e0 contact@galerie-institut.com","og_url":"https:\/\/galerie-institut.com\/en\/produit\/miro-courtisan-grotesque-1975\/","og_site_name":"Galerie Institut","article_modified_time":"2025-11-21T15:01:47+00:00","og_image":[{"width":1000,"height":1000,"url":"https:\/\/galerie-institut.com\/wp-content\/uploads\/2023\/03\/miro-joan-1975-courtisan-grotesque.jpg","type":"image\/jpeg"}],"twitter_card":"summary_large_image","schema":{"@context":"https:\/\/schema.org","@graph":[{"@type":"WebPage","@id":"https:\/\/galerie-institut.com\/en\/produit\/miro-courtisan-grotesque-1975\/","url":"https:\/\/galerie-institut.com\/en\/produit\/miro-courtisan-grotesque-1975\/","name":"Mir\u00f3, Joan, The Grotesque Courtesan, 1975 - Galerie Institut","isPartOf":{"@id":"https:\/\/galerie-institut.com\/en\/#website"},"primaryImageOfPage":{"@id":"https:\/\/galerie-institut.com\/en\/produit\/miro-courtisan-grotesque-1975\/#primaryimage"},"image":{"@id":"https:\/\/galerie-institut.com\/en\/produit\/miro-courtisan-grotesque-1975\/#primaryimage"},"thumbnailUrl":"https:\/\/galerie-institut.com\/wp-content\/uploads\/2023\/03\/miro-joan-1975-courtisan-grotesque.jpg","datePublished":"2023-03-16T15:52:45+00:00","dateModified":"2025-11-21T15:01:47+00:00","description":"D\u00e9couvrez l'oeuvre Mir\u00f3, Joan, The Grotesque Courtesan, 1975 disponible \u00e0 la Galerie de l'Institut. Si vous \u00eates int\u00e9ress\u00e9.e.s par Mir\u00f3, Joan, The Grotesque Courtesan, 1975 merci de nous contacter \u00e0 contact@galerie-institut.com","breadcrumb":{"@id":"https:\/\/galerie-institut.com\/en\/produit\/miro-courtisan-grotesque-1975\/#breadcrumb"},"inLanguage":"en-US","potentialAction":[{"@type":"ReadAction","target":["https:\/\/galerie-institut.com\/en\/produit\/miro-courtisan-grotesque-1975\/"]}]},{"@type":"ImageObject","inLanguage":"en-US","@id":"https:\/\/galerie-institut.com\/en\/produit\/miro-courtisan-grotesque-1975\/#primaryimage","url":"https:\/\/galerie-institut.com\/wp-content\/uploads\/2023\/03\/miro-joan-1975-courtisan-grotesque.jpg","contentUrl":"https:\/\/galerie-institut.com\/wp-content\/uploads\/2023\/03\/miro-joan-1975-courtisan-grotesque.jpg","width":1000,"height":1000,"caption":"Dessin et d\u00e9dicace de Joan Mir\u00f3"},{"@type":"BreadcrumbList","@id":"https:\/\/galerie-institut.com\/en\/produit\/miro-courtisan-grotesque-1975\/#breadcrumb","itemListElement":[{"@type":"ListItem","position":1,"name":"Accueil","item":"https:\/\/galerie-institut.com\/en\/accueil\/"},{"@type":"ListItem","position":2,"name":"Boutique","item":"https:\/\/galerie-institut.com\/?page_id=8607"},{"@type":"ListItem","position":3,"name":"Mir\u00f3, Joan, The Grotesque Courtesan, 1975"}]},{"@type":"WebSite","@id":"https:\/\/galerie-institut.com\/en\/#website","url":"https:\/\/galerie-institut.com\/en\/","name":"Galerie Institut","description":"","potentialAction":[{"@type":"SearchAction","target":{"@type":"EntryPoint","urlTemplate":"https:\/\/galerie-institut.com\/en\/?s={search_term_string}"},"query-input":{"@type":"PropertyValueSpecification","valueRequired":true,"valueName":"search_term_string"}}],"inLanguage":"en-US"}]}},"_links":{"self":[{"href":"https:\/\/galerie-institut.com\/en\/wp-json\/wp\/v2\/product\/17309","targetHints":{"allow":["GET"]}}],"collection":[{"href":"https:\/\/galerie-institut.com\/en\/wp-json\/wp\/v2\/product"}],"about":[{"href":"https:\/\/galerie-institut.com\/en\/wp-json\/wp\/v2\/types\/product"}],"replies":[{"embeddable":true,"href":"https:\/\/galerie-institut.com\/en\/wp-json\/wp\/v2\/comments?post=17309"}],"wp:featuredmedia":[{"embeddable":true,"href":"https:\/\/galerie-institut.com\/en\/wp-json\/wp\/v2\/media\/17310"}],"wp:attachment":[{"href":"https:\/\/galerie-institut.com\/en\/wp-json\/wp\/v2\/media?parent=17309"}],"wp:term":[{"taxonomy":"product_brand","embeddable":true,"href":"https:\/\/galerie-institut.com\/en\/wp-json\/wp\/v2\/product_brand?post=17309"},{"taxonomy":"product_cat","embeddable":true,"href":"https:\/\/galerie-institut.com\/en\/wp-json\/wp\/v2\/product_cat?post=17309"},{"taxonomy":"product_tag","embeddable":true,"href":"https:\/\/galerie-institut.com\/en\/wp-json\/wp\/v2\/product_tag?post=17309"}],"curies":[{"name":"wp","href":"https:\/\/api.w.org\/{rel}","templated":true}]}}