{"id":17301,"date":"2023-01-11T10:44:16","date_gmt":"2023-01-11T10:44:16","guid":{"rendered":"https:\/\/galerie-institut.com\/produit\/delvaux-paul-le-bout-du-monde-1968\/"},"modified":"2025-11-21T15:01:41","modified_gmt":"2025-11-21T15:01:41","slug":"delvaux-paul-le-bout-du-monde-1968","status":"publish","type":"product","link":"https:\/\/galerie-institut.com\/en\/produit\/delvaux-paul-le-bout-du-monde-1968\/","title":{"rendered":"Delvaux, Paul, Le Bout du monde, 1968"},"content":{"rendered":"<p>1968<\/p>\n<p>Original lithograph in color<\/p>\n<p>65 x 86 cm<\/p>\n<p>Numbered in pencil lower left on 75 and signed by the artist in pencil lower right<\/p>\n<p>Catalogue raisonn\u00e9: Jacob n\u00b023<\/p>\n","protected":false},"excerpt":{"rendered":"<p>1968 Original lithograph in color 65 x 86 cm Numbered in pencil lower left on 75 and signed by the artist in pencil lower right Catalogue raisonn\u00e9: Jacob n\u00b023<\/p>\n","protected":false},"featured_media":17290,"comment_status":"open","ping_status":"closed","template":"","meta":{"_et_pb_use_builder":"","_et_pb_old_content":"","_et_gb_content_width":""},"product_brand":[],"product_cat":[303,267],"product_tag":[180],"class_list":{"0":"post-17301","1":"product","2":"type-product","3":"status-publish","4":"has-post-thumbnail","6":"product_cat-delvaux","7":"product_cat-estampes","8":"product_tag-lithography","10":"first","11":"instock","12":"shipping-taxable","13":"product-type-simple"},"yoast_head":"<!-- This site is optimized with the Yoast SEO plugin v27.4 - https:\/\/yoast.com\/product\/yoast-seo-wordpress\/ -->\n<title>Delvaux, Paul, Le Bout du monde, 1968 - Galerie Institut<\/title>\n<meta name=\"description\" content=\"D\u00e9couvrez l&#039;oeuvre Delvaux, Paul, Le Bout du monde, 1968 disponible \u00e0 la Galerie de l&#039;Institut. Si vous \u00eates int\u00e9ress\u00e9.e.s par Delvaux, Paul, Le Bout du monde, 1968 merci de nous contacter \u00e0 contact@galerie-institut.com\" \/>\n<meta name=\"robots\" content=\"index, follow, max-snippet:-1, max-image-preview:large, max-video-preview:-1\" \/>\n<link rel=\"canonical\" href=\"https:\/\/galerie-institut.com\/en\/produit\/delvaux-paul-le-bout-du-monde-1968\/\" \/>\n<meta property=\"og:locale\" content=\"en_US\" \/>\n<meta property=\"og:type\" content=\"article\" \/>\n<meta property=\"og:title\" content=\"Delvaux, Paul, Le Bout du monde, 1968 - Galerie Institut\" \/>\n<meta property=\"og:description\" content=\"D\u00e9couvrez l&#039;oeuvre Delvaux, Paul, Le Bout du monde, 1968 disponible \u00e0 la Galerie de l&#039;Institut. Si vous \u00eates int\u00e9ress\u00e9.e.s par Delvaux, Paul, Le Bout du monde, 1968 merci de nous contacter \u00e0 contact@galerie-institut.com\" \/>\n<meta property=\"og:url\" content=\"https:\/\/galerie-institut.com\/en\/produit\/delvaux-paul-le-bout-du-monde-1968\/\" \/>\n<meta property=\"og:site_name\" content=\"Galerie Institut\" \/>\n<meta property=\"article:modified_time\" content=\"2025-11-21T15:01:41+00:00\" \/>\n<meta property=\"og:image\" content=\"https:\/\/galerie-institut.com\/wp-content\/uploads\/2023\/01\/pas-de-visuel-3-V3-copie.jpg\" \/>\n\t<meta property=\"og:image:width\" content=\"1000\" \/>\n\t<meta property=\"og:image:height\" content=\"1000\" \/>\n\t<meta property=\"og:image:type\" content=\"image\/jpeg\" \/>\n<meta name=\"twitter:card\" content=\"summary_large_image\" \/>\n<script type=\"application\/ld+json\" class=\"yoast-schema-graph\">{\"@context\":\"https:\\\/\\\/schema.org\",\"@graph\":[{\"@type\":\"WebPage\",\"@id\":\"https:\\\/\\\/galerie-institut.com\\\/en\\\/produit\\\/delvaux-paul-le-bout-du-monde-1968\\\/\",\"url\":\"https:\\\/\\\/galerie-institut.com\\\/en\\\/produit\\\/delvaux-paul-le-bout-du-monde-1968\\\/\",\"name\":\"Delvaux, Paul, Le Bout du monde, 1968 - Galerie Institut\",\"isPartOf\":{\"@id\":\"https:\\\/\\\/galerie-institut.com\\\/en\\\/#website\"},\"primaryImageOfPage\":{\"@id\":\"https:\\\/\\\/galerie-institut.com\\\/en\\\/produit\\\/delvaux-paul-le-bout-du-monde-1968\\\/#primaryimage\"},\"image\":{\"@id\":\"https:\\\/\\\/galerie-institut.com\\\/en\\\/produit\\\/delvaux-paul-le-bout-du-monde-1968\\\/#primaryimage\"},\"thumbnailUrl\":\"https:\\\/\\\/galerie-institut.com\\\/wp-content\\\/uploads\\\/2023\\\/01\\\/pas-de-visuel-3-V3-copie.jpg\",\"datePublished\":\"2023-01-11T10:44:16+00:00\",\"dateModified\":\"2025-11-21T15:01:41+00:00\",\"description\":\"D\u00e9couvrez l'oeuvre Delvaux, Paul, Le Bout du monde, 1968 disponible \u00e0 la Galerie de l'Institut. Si vous \u00eates int\u00e9ress\u00e9.e.s par Delvaux, Paul, Le Bout du monde, 1968 merci de nous contacter \u00e0 contact@galerie-institut.com\",\"breadcrumb\":{\"@id\":\"https:\\\/\\\/galerie-institut.com\\\/en\\\/produit\\\/delvaux-paul-le-bout-du-monde-1968\\\/#breadcrumb\"},\"inLanguage\":\"en-US\",\"potentialAction\":[{\"@type\":\"ReadAction\",\"target\":[\"https:\\\/\\\/galerie-institut.com\\\/en\\\/produit\\\/delvaux-paul-le-bout-du-monde-1968\\\/\"]}]},{\"@type\":\"ImageObject\",\"inLanguage\":\"en-US\",\"@id\":\"https:\\\/\\\/galerie-institut.com\\\/en\\\/produit\\\/delvaux-paul-le-bout-du-monde-1968\\\/#primaryimage\",\"url\":\"https:\\\/\\\/galerie-institut.com\\\/wp-content\\\/uploads\\\/2023\\\/01\\\/pas-de-visuel-3-V3-copie.jpg\",\"contentUrl\":\"https:\\\/\\\/galerie-institut.com\\\/wp-content\\\/uploads\\\/2023\\\/01\\\/pas-de-visuel-3-V3-copie.jpg\",\"width\":1000,\"height\":1000},{\"@type\":\"BreadcrumbList\",\"@id\":\"https:\\\/\\\/galerie-institut.com\\\/en\\\/produit\\\/delvaux-paul-le-bout-du-monde-1968\\\/#breadcrumb\",\"itemListElement\":[{\"@type\":\"ListItem\",\"position\":1,\"name\":\"Accueil\",\"item\":\"https:\\\/\\\/galerie-institut.com\\\/en\\\/accueil\\\/\"},{\"@type\":\"ListItem\",\"position\":2,\"name\":\"Boutique\",\"item\":\"https:\\\/\\\/galerie-institut.com\\\/?page_id=8607\"},{\"@type\":\"ListItem\",\"position\":3,\"name\":\"Delvaux, Paul, Le Bout du monde, 1968\"}]},{\"@type\":\"WebSite\",\"@id\":\"https:\\\/\\\/galerie-institut.com\\\/en\\\/#website\",\"url\":\"https:\\\/\\\/galerie-institut.com\\\/en\\\/\",\"name\":\"Galerie Institut\",\"description\":\"\",\"potentialAction\":[{\"@type\":\"SearchAction\",\"target\":{\"@type\":\"EntryPoint\",\"urlTemplate\":\"https:\\\/\\\/galerie-institut.com\\\/en\\\/?s={search_term_string}\"},\"query-input\":{\"@type\":\"PropertyValueSpecification\",\"valueRequired\":true,\"valueName\":\"search_term_string\"}}],\"inLanguage\":\"en-US\"}]}<\/script>\n<!-- \/ Yoast SEO plugin. -->","yoast_head_json":{"title":"Delvaux, Paul, Le Bout du monde, 1968 - Galerie Institut","description":"D\u00e9couvrez l'oeuvre Delvaux, Paul, Le Bout du monde, 1968 disponible \u00e0 la Galerie de l'Institut. Si vous \u00eates int\u00e9ress\u00e9.e.s par Delvaux, Paul, Le Bout du monde, 1968 merci de nous contacter \u00e0 contact@galerie-institut.com","robots":{"index":"index","follow":"follow","max-snippet":"max-snippet:-1","max-image-preview":"max-image-preview:large","max-video-preview":"max-video-preview:-1"},"canonical":"https:\/\/galerie-institut.com\/en\/produit\/delvaux-paul-le-bout-du-monde-1968\/","og_locale":"en_US","og_type":"article","og_title":"Delvaux, Paul, Le Bout du monde, 1968 - Galerie Institut","og_description":"D\u00e9couvrez l'oeuvre Delvaux, Paul, Le Bout du monde, 1968 disponible \u00e0 la Galerie de l'Institut. Si vous \u00eates int\u00e9ress\u00e9.e.s par Delvaux, Paul, Le Bout du monde, 1968 merci de nous contacter \u00e0 contact@galerie-institut.com","og_url":"https:\/\/galerie-institut.com\/en\/produit\/delvaux-paul-le-bout-du-monde-1968\/","og_site_name":"Galerie Institut","article_modified_time":"2025-11-21T15:01:41+00:00","og_image":[{"width":1000,"height":1000,"url":"https:\/\/galerie-institut.com\/wp-content\/uploads\/2023\/01\/pas-de-visuel-3-V3-copie.jpg","type":"image\/jpeg"}],"twitter_card":"summary_large_image","schema":{"@context":"https:\/\/schema.org","@graph":[{"@type":"WebPage","@id":"https:\/\/galerie-institut.com\/en\/produit\/delvaux-paul-le-bout-du-monde-1968\/","url":"https:\/\/galerie-institut.com\/en\/produit\/delvaux-paul-le-bout-du-monde-1968\/","name":"Delvaux, Paul, Le Bout du monde, 1968 - Galerie Institut","isPartOf":{"@id":"https:\/\/galerie-institut.com\/en\/#website"},"primaryImageOfPage":{"@id":"https:\/\/galerie-institut.com\/en\/produit\/delvaux-paul-le-bout-du-monde-1968\/#primaryimage"},"image":{"@id":"https:\/\/galerie-institut.com\/en\/produit\/delvaux-paul-le-bout-du-monde-1968\/#primaryimage"},"thumbnailUrl":"https:\/\/galerie-institut.com\/wp-content\/uploads\/2023\/01\/pas-de-visuel-3-V3-copie.jpg","datePublished":"2023-01-11T10:44:16+00:00","dateModified":"2025-11-21T15:01:41+00:00","description":"D\u00e9couvrez l'oeuvre Delvaux, Paul, Le Bout du monde, 1968 disponible \u00e0 la Galerie de l'Institut. Si vous \u00eates int\u00e9ress\u00e9.e.s par Delvaux, Paul, Le Bout du monde, 1968 merci de nous contacter \u00e0 contact@galerie-institut.com","breadcrumb":{"@id":"https:\/\/galerie-institut.com\/en\/produit\/delvaux-paul-le-bout-du-monde-1968\/#breadcrumb"},"inLanguage":"en-US","potentialAction":[{"@type":"ReadAction","target":["https:\/\/galerie-institut.com\/en\/produit\/delvaux-paul-le-bout-du-monde-1968\/"]}]},{"@type":"ImageObject","inLanguage":"en-US","@id":"https:\/\/galerie-institut.com\/en\/produit\/delvaux-paul-le-bout-du-monde-1968\/#primaryimage","url":"https:\/\/galerie-institut.com\/wp-content\/uploads\/2023\/01\/pas-de-visuel-3-V3-copie.jpg","contentUrl":"https:\/\/galerie-institut.com\/wp-content\/uploads\/2023\/01\/pas-de-visuel-3-V3-copie.jpg","width":1000,"height":1000},{"@type":"BreadcrumbList","@id":"https:\/\/galerie-institut.com\/en\/produit\/delvaux-paul-le-bout-du-monde-1968\/#breadcrumb","itemListElement":[{"@type":"ListItem","position":1,"name":"Accueil","item":"https:\/\/galerie-institut.com\/en\/accueil\/"},{"@type":"ListItem","position":2,"name":"Boutique","item":"https:\/\/galerie-institut.com\/?page_id=8607"},{"@type":"ListItem","position":3,"name":"Delvaux, Paul, Le Bout du monde, 1968"}]},{"@type":"WebSite","@id":"https:\/\/galerie-institut.com\/en\/#website","url":"https:\/\/galerie-institut.com\/en\/","name":"Galerie Institut","description":"","potentialAction":[{"@type":"SearchAction","target":{"@type":"EntryPoint","urlTemplate":"https:\/\/galerie-institut.com\/en\/?s={search_term_string}"},"query-input":{"@type":"PropertyValueSpecification","valueRequired":true,"valueName":"search_term_string"}}],"inLanguage":"en-US"}]}},"_links":{"self":[{"href":"https:\/\/galerie-institut.com\/en\/wp-json\/wp\/v2\/product\/17301","targetHints":{"allow":["GET"]}}],"collection":[{"href":"https:\/\/galerie-institut.com\/en\/wp-json\/wp\/v2\/product"}],"about":[{"href":"https:\/\/galerie-institut.com\/en\/wp-json\/wp\/v2\/types\/product"}],"replies":[{"embeddable":true,"href":"https:\/\/galerie-institut.com\/en\/wp-json\/wp\/v2\/comments?post=17301"}],"wp:featuredmedia":[{"embeddable":true,"href":"https:\/\/galerie-institut.com\/en\/wp-json\/wp\/v2\/media\/17290"}],"wp:attachment":[{"href":"https:\/\/galerie-institut.com\/en\/wp-json\/wp\/v2\/media?parent=17301"}],"wp:term":[{"taxonomy":"product_brand","embeddable":true,"href":"https:\/\/galerie-institut.com\/en\/wp-json\/wp\/v2\/product_brand?post=17301"},{"taxonomy":"product_cat","embeddable":true,"href":"https:\/\/galerie-institut.com\/en\/wp-json\/wp\/v2\/product_cat?post=17301"},{"taxonomy":"product_tag","embeddable":true,"href":"https:\/\/galerie-institut.com\/en\/wp-json\/wp\/v2\/product_tag?post=17301"}],"curies":[{"name":"wp","href":"https:\/\/api.w.org\/{rel}","templated":true}]}}