{"id":17206,"date":"2025-11-21T14:51:19","date_gmt":"2025-11-21T14:51:19","guid":{"rendered":"https:\/\/galerie-institut.com\/produit\/chagall-marc-large-fruit-basket-1975\/"},"modified":"2025-11-21T14:51:20","modified_gmt":"2025-11-21T14:51:20","slug":"chagall-marc-grande-corbeille-de-fruits-1975","status":"publish","type":"product","link":"https:\/\/galerie-institut.com\/en\/produit\/chagall-marc-grande-corbeille-de-fruits-1975\/","title":{"rendered":"Chagall, Marc, Large Fruit Basket, 1975"},"content":{"rendered":"<p>[et_pb_section fb_built=&#8221;1&#8243; _builder_version=&#8221;4.16&#8243; custom_padding=&#8221;0px||||false|false&#8221; global_colors_info=&#8221;{}&#8221;][et_pb_row _builder_version=&#8221;4.16&#8243; background_size=&#8221;initial&#8221; background_position=&#8221;top_left&#8221; background_repeat=&#8221;repeat&#8221; width=&#8221;100%&#8221; custom_padding=&#8221;0px||0px||false|false&#8221; global_colors_info=&#8221;{}&#8221;][et_pb_column type=&#8221;4_4&#8243; _builder_version=&#8221;4.16&#8243; custom_padding=&#8221;|||&#8221; global_colors_info=&#8221;{}&#8221; custom_padding__hover=&#8221;|||&#8221;][et_pb_wc_breadcrumb _builder_version=&#8221;4.16&#8243; global_colors_info=&#8221;{}&#8221;][\/et_pb_wc_breadcrumb][et_pb_wc_cart_notice _builder_version=&#8221;4.16&#8243; global_colors_info=&#8221;{}&#8221;][\/et_pb_wc_cart_notice][\/et_pb_column][\/et_pb_row][et_pb_row _builder_version=&#8221;4.16&#8243; background_size=&#8221;initial&#8221; background_position=&#8221;top_left&#8221; background_repeat=&#8221;repeat&#8221; width=&#8221;100%&#8221; custom_padding=&#8221;0px||||false|false&#8221; global_colors_info=&#8221;{}&#8221; column_structure=&#8221;1_2,1_2&#8243;][et_pb_column type=&#8221;1_2&#8243; _builder_version=&#8221;4.16&#8243; custom_padding=&#8221;|||&#8221; global_colors_info=&#8221;{}&#8221; custom_padding__hover=&#8221;|||&#8221;][et_pb_wc_images _builder_version=&#8221;4.16&#8243; global_colors_info=&#8221;{}&#8221;][\/et_pb_wc_images][\/et_pb_column][et_pb_column type=&#8221;1_2&#8243; _builder_version=&#8221;4.16&#8243; custom_padding=&#8221;|||&#8221; global_colors_info=&#8221;{}&#8221; custom_padding__hover=&#8221;|||&#8221;][et_pb_wc_title _builder_version=&#8221;4.16&#8243; hover_enabled=&#8221;0&#8243; global_colors_info=&#8221;{}&#8221; sticky_enabled=&#8221;0&#8243;][\/et_pb_wc_title][et_pb_wc_rating _builder_version=&#8221;4.16&#8243; global_colors_info=&#8221;{}&#8221;][\/et_pb_wc_rating][et_pb_wc_price _builder_version=&#8221;4.16&#8243; global_colors_info=&#8221;{}&#8221;][\/et_pb_wc_price][et_pb_wc_description _builder_version=&#8221;4.16&#8243; global_colors_info=&#8221;{}&#8221;][\/et_pb_wc_description][et_pb_wc_add_to_cart _builder_version=&#8221;4.16&#8243; global_colors_info=&#8221;{}&#8221;][\/et_pb_wc_add_to_cart][et_pb_wc_meta _builder_version=&#8221;4.16&#8243; global_colors_info=&#8221;{}&#8221;][\/et_pb_wc_meta][\/et_pb_column][\/et_pb_row][et_pb_row _builder_version=&#8221;4.16&#8243; background_size=&#8221;initial&#8221; background_position=&#8221;top_left&#8221; background_repeat=&#8221;repeat&#8221; width=&#8221;100%&#8221; global_colors_info=&#8221;{}&#8221;][et_pb_column type=&#8221;4_4&#8243; _builder_version=&#8221;4.16&#8243; custom_padding=&#8221;|||&#8221; global_colors_info=&#8221;{}&#8221; custom_padding__hover=&#8221;|||&#8221;][et_pb_wc_tabs _builder_version=&#8221;4.16&#8243; global_colors_info=&#8221;{}&#8221;]\t\t\t\t\t[\/et_pb_wc_tabs][et_pb_wc_upsells _builder_version=&#8221;4.16&#8243; global_colors_info=&#8221;{}&#8221;][\/et_pb_wc_upsells][et_pb_wc_related_products _builder_version=&#8221;4.16&#8243; global_colors_info=&#8221;{}&#8221;][\/et_pb_wc_related_products][\/et_pb_column][\/et_pb_row][\/et_pb_section]<\/p>\n","protected":false},"excerpt":{"rendered":"<p>This original large-format lithograph depicts a picnic scene, with a fruit basket enthroned in the middle of a tablecloth. It is filled with a variety of fruits: grapes, bananas, oranges and apples. This symbol is close to the ancient cornucopia and celebrates opulence, as <a href=\"https:\/\/galerie-institut.com\/artistes\/marc-chagall\/\">Marc Chagall<\/a> is known for his joyful, dreamlike depictions of love and life.  <\/p>\n","protected":false},"featured_media":17208,"comment_status":"open","ping_status":"closed","template":"","meta":{"_et_pb_use_builder":"on","_et_pb_old_content":"1975\n\nOriginal lithograph in color on Arches paper\n\n84.7 x 65 cm\n\nAnnotated \"\u00c9preuve d'artiste\" lower left, signed by the artist in pencil lower right\n\nMourlot Imprimeur, Paris.\n\nCatalogue raisonn\u00e9 : Sorlier 747","_et_gb_content_width":""},"product_brand":[],"product_cat":[271,267],"product_tag":[180,268],"class_list":{"0":"post-17206","1":"product","2":"type-product","3":"status-publish","4":"has-post-thumbnail","6":"product_cat-chagall","7":"product_cat-estampes","8":"product_tag-lithography","9":"product_tag-print","11":"first","12":"instock","13":"shipping-taxable","14":"product-type-simple"},"yoast_head":"<!-- This site is optimized with the Yoast SEO plugin v27.4 - https:\/\/yoast.com\/product\/yoast-seo-wordpress\/ -->\n<title>Chagall, Marc, Large Fruit Basket, 1975 - Galerie Institut<\/title>\n<meta name=\"description\" content=\"D\u00e9couvrez l&#039;oeuvre Chagall, Marc, Large Fruit Basket, 1975 disponible \u00e0 la Galerie de l&#039;Institut. Si vous \u00eates int\u00e9ress\u00e9.e.s par Chagall, Marc, Large Fruit Basket, 1975 merci de nous contacter \u00e0 contact@galerie-institut.com\" \/>\n<meta name=\"robots\" content=\"index, follow, max-snippet:-1, max-image-preview:large, max-video-preview:-1\" \/>\n<link rel=\"canonical\" href=\"https:\/\/galerie-institut.com\/en\/produit\/chagall-marc-grande-corbeille-de-fruits-1975\/\" \/>\n<meta property=\"og:locale\" content=\"en_US\" \/>\n<meta property=\"og:type\" content=\"article\" \/>\n<meta property=\"og:title\" content=\"Chagall, Marc, Large Fruit Basket, 1975 - Galerie Institut\" \/>\n<meta property=\"og:description\" content=\"D\u00e9couvrez l&#039;oeuvre Chagall, Marc, Large Fruit Basket, 1975 disponible \u00e0 la Galerie de l&#039;Institut. Si vous \u00eates int\u00e9ress\u00e9.e.s par Chagall, Marc, Large Fruit Basket, 1975 merci de nous contacter \u00e0 contact@galerie-institut.com\" \/>\n<meta property=\"og:url\" content=\"https:\/\/galerie-institut.com\/en\/produit\/chagall-marc-grande-corbeille-de-fruits-1975\/\" \/>\n<meta property=\"og:site_name\" content=\"Galerie Institut\" \/>\n<meta property=\"article:modified_time\" content=\"2025-11-21T14:51:20+00:00\" \/>\n<meta property=\"og:image\" content=\"https:\/\/galerie-institut.com\/wp-content\/uploads\/2023\/06\/chagall-marc-1975-grande-corbeille-de-fruits.jpg\" \/>\n\t<meta property=\"og:image:width\" content=\"1000\" \/>\n\t<meta property=\"og:image:height\" content=\"1000\" \/>\n\t<meta property=\"og:image:type\" content=\"image\/jpeg\" \/>\n<meta name=\"twitter:card\" content=\"summary_large_image\" \/>\n<meta name=\"twitter:label1\" content=\"Est. reading time\" \/>\n\t<meta name=\"twitter:data1\" content=\"2 minutes\" \/>\n<script type=\"application\/ld+json\" class=\"yoast-schema-graph\">{\"@context\":\"https:\\\/\\\/schema.org\",\"@graph\":[{\"@type\":\"WebPage\",\"@id\":\"https:\\\/\\\/galerie-institut.com\\\/en\\\/produit\\\/chagall-marc-grande-corbeille-de-fruits-1975\\\/\",\"url\":\"https:\\\/\\\/galerie-institut.com\\\/en\\\/produit\\\/chagall-marc-grande-corbeille-de-fruits-1975\\\/\",\"name\":\"Chagall, Marc, Large Fruit Basket, 1975 - Galerie Institut\",\"isPartOf\":{\"@id\":\"https:\\\/\\\/galerie-institut.com\\\/en\\\/#website\"},\"primaryImageOfPage\":{\"@id\":\"https:\\\/\\\/galerie-institut.com\\\/en\\\/produit\\\/chagall-marc-grande-corbeille-de-fruits-1975\\\/#primaryimage\"},\"image\":{\"@id\":\"https:\\\/\\\/galerie-institut.com\\\/en\\\/produit\\\/chagall-marc-grande-corbeille-de-fruits-1975\\\/#primaryimage\"},\"thumbnailUrl\":\"https:\\\/\\\/galerie-institut.com\\\/wp-content\\\/uploads\\\/2023\\\/06\\\/chagall-marc-1975-grande-corbeille-de-fruits.jpg\",\"datePublished\":\"2025-11-21T14:51:19+00:00\",\"dateModified\":\"2025-11-21T14:51:20+00:00\",\"description\":\"D\u00e9couvrez l'oeuvre Chagall, Marc, Large Fruit Basket, 1975 disponible \u00e0 la Galerie de l'Institut. Si vous \u00eates int\u00e9ress\u00e9.e.s par Chagall, Marc, Large Fruit Basket, 1975 merci de nous contacter \u00e0 contact@galerie-institut.com\",\"breadcrumb\":{\"@id\":\"https:\\\/\\\/galerie-institut.com\\\/en\\\/produit\\\/chagall-marc-grande-corbeille-de-fruits-1975\\\/#breadcrumb\"},\"inLanguage\":\"en-US\",\"potentialAction\":[{\"@type\":\"ReadAction\",\"target\":[\"https:\\\/\\\/galerie-institut.com\\\/en\\\/produit\\\/chagall-marc-grande-corbeille-de-fruits-1975\\\/\"]}]},{\"@type\":\"ImageObject\",\"inLanguage\":\"en-US\",\"@id\":\"https:\\\/\\\/galerie-institut.com\\\/en\\\/produit\\\/chagall-marc-grande-corbeille-de-fruits-1975\\\/#primaryimage\",\"url\":\"https:\\\/\\\/galerie-institut.com\\\/wp-content\\\/uploads\\\/2023\\\/06\\\/chagall-marc-1975-grande-corbeille-de-fruits.jpg\",\"contentUrl\":\"https:\\\/\\\/galerie-institut.com\\\/wp-content\\\/uploads\\\/2023\\\/06\\\/chagall-marc-1975-grande-corbeille-de-fruits.jpg\",\"width\":1000,\"height\":1000},{\"@type\":\"BreadcrumbList\",\"@id\":\"https:\\\/\\\/galerie-institut.com\\\/en\\\/produit\\\/chagall-marc-grande-corbeille-de-fruits-1975\\\/#breadcrumb\",\"itemListElement\":[{\"@type\":\"ListItem\",\"position\":1,\"name\":\"Accueil\",\"item\":\"https:\\\/\\\/galerie-institut.com\\\/en\\\/accueil\\\/\"},{\"@type\":\"ListItem\",\"position\":2,\"name\":\"Boutique\",\"item\":\"https:\\\/\\\/galerie-institut.com\\\/?page_id=8607\"},{\"@type\":\"ListItem\",\"position\":3,\"name\":\"Chagall, Marc, Large Fruit Basket, 1975\"}]},{\"@type\":\"WebSite\",\"@id\":\"https:\\\/\\\/galerie-institut.com\\\/en\\\/#website\",\"url\":\"https:\\\/\\\/galerie-institut.com\\\/en\\\/\",\"name\":\"Galerie Institut\",\"description\":\"\",\"potentialAction\":[{\"@type\":\"SearchAction\",\"target\":{\"@type\":\"EntryPoint\",\"urlTemplate\":\"https:\\\/\\\/galerie-institut.com\\\/en\\\/?s={search_term_string}\"},\"query-input\":{\"@type\":\"PropertyValueSpecification\",\"valueRequired\":true,\"valueName\":\"search_term_string\"}}],\"inLanguage\":\"en-US\"}]}<\/script>\n<!-- \/ Yoast SEO plugin. -->","yoast_head_json":{"title":"Chagall, Marc, Large Fruit Basket, 1975 - Galerie Institut","description":"D\u00e9couvrez l'oeuvre Chagall, Marc, Large Fruit Basket, 1975 disponible \u00e0 la Galerie de l'Institut. Si vous \u00eates int\u00e9ress\u00e9.e.s par Chagall, Marc, Large Fruit Basket, 1975 merci de nous contacter \u00e0 contact@galerie-institut.com","robots":{"index":"index","follow":"follow","max-snippet":"max-snippet:-1","max-image-preview":"max-image-preview:large","max-video-preview":"max-video-preview:-1"},"canonical":"https:\/\/galerie-institut.com\/en\/produit\/chagall-marc-grande-corbeille-de-fruits-1975\/","og_locale":"en_US","og_type":"article","og_title":"Chagall, Marc, Large Fruit Basket, 1975 - Galerie Institut","og_description":"D\u00e9couvrez l'oeuvre Chagall, Marc, Large Fruit Basket, 1975 disponible \u00e0 la Galerie de l'Institut. Si vous \u00eates int\u00e9ress\u00e9.e.s par Chagall, Marc, Large Fruit Basket, 1975 merci de nous contacter \u00e0 contact@galerie-institut.com","og_url":"https:\/\/galerie-institut.com\/en\/produit\/chagall-marc-grande-corbeille-de-fruits-1975\/","og_site_name":"Galerie Institut","article_modified_time":"2025-11-21T14:51:20+00:00","og_image":[{"width":1000,"height":1000,"url":"https:\/\/galerie-institut.com\/wp-content\/uploads\/2023\/06\/chagall-marc-1975-grande-corbeille-de-fruits.jpg","type":"image\/jpeg"}],"twitter_card":"summary_large_image","twitter_misc":{"Est. reading time":"2 minutes"},"schema":{"@context":"https:\/\/schema.org","@graph":[{"@type":"WebPage","@id":"https:\/\/galerie-institut.com\/en\/produit\/chagall-marc-grande-corbeille-de-fruits-1975\/","url":"https:\/\/galerie-institut.com\/en\/produit\/chagall-marc-grande-corbeille-de-fruits-1975\/","name":"Chagall, Marc, Large Fruit Basket, 1975 - Galerie Institut","isPartOf":{"@id":"https:\/\/galerie-institut.com\/en\/#website"},"primaryImageOfPage":{"@id":"https:\/\/galerie-institut.com\/en\/produit\/chagall-marc-grande-corbeille-de-fruits-1975\/#primaryimage"},"image":{"@id":"https:\/\/galerie-institut.com\/en\/produit\/chagall-marc-grande-corbeille-de-fruits-1975\/#primaryimage"},"thumbnailUrl":"https:\/\/galerie-institut.com\/wp-content\/uploads\/2023\/06\/chagall-marc-1975-grande-corbeille-de-fruits.jpg","datePublished":"2025-11-21T14:51:19+00:00","dateModified":"2025-11-21T14:51:20+00:00","description":"D\u00e9couvrez l'oeuvre Chagall, Marc, Large Fruit Basket, 1975 disponible \u00e0 la Galerie de l'Institut. Si vous \u00eates int\u00e9ress\u00e9.e.s par Chagall, Marc, Large Fruit Basket, 1975 merci de nous contacter \u00e0 contact@galerie-institut.com","breadcrumb":{"@id":"https:\/\/galerie-institut.com\/en\/produit\/chagall-marc-grande-corbeille-de-fruits-1975\/#breadcrumb"},"inLanguage":"en-US","potentialAction":[{"@type":"ReadAction","target":["https:\/\/galerie-institut.com\/en\/produit\/chagall-marc-grande-corbeille-de-fruits-1975\/"]}]},{"@type":"ImageObject","inLanguage":"en-US","@id":"https:\/\/galerie-institut.com\/en\/produit\/chagall-marc-grande-corbeille-de-fruits-1975\/#primaryimage","url":"https:\/\/galerie-institut.com\/wp-content\/uploads\/2023\/06\/chagall-marc-1975-grande-corbeille-de-fruits.jpg","contentUrl":"https:\/\/galerie-institut.com\/wp-content\/uploads\/2023\/06\/chagall-marc-1975-grande-corbeille-de-fruits.jpg","width":1000,"height":1000},{"@type":"BreadcrumbList","@id":"https:\/\/galerie-institut.com\/en\/produit\/chagall-marc-grande-corbeille-de-fruits-1975\/#breadcrumb","itemListElement":[{"@type":"ListItem","position":1,"name":"Accueil","item":"https:\/\/galerie-institut.com\/en\/accueil\/"},{"@type":"ListItem","position":2,"name":"Boutique","item":"https:\/\/galerie-institut.com\/?page_id=8607"},{"@type":"ListItem","position":3,"name":"Chagall, Marc, Large Fruit Basket, 1975"}]},{"@type":"WebSite","@id":"https:\/\/galerie-institut.com\/en\/#website","url":"https:\/\/galerie-institut.com\/en\/","name":"Galerie Institut","description":"","potentialAction":[{"@type":"SearchAction","target":{"@type":"EntryPoint","urlTemplate":"https:\/\/galerie-institut.com\/en\/?s={search_term_string}"},"query-input":{"@type":"PropertyValueSpecification","valueRequired":true,"valueName":"search_term_string"}}],"inLanguage":"en-US"}]}},"_links":{"self":[{"href":"https:\/\/galerie-institut.com\/en\/wp-json\/wp\/v2\/product\/17206","targetHints":{"allow":["GET"]}}],"collection":[{"href":"https:\/\/galerie-institut.com\/en\/wp-json\/wp\/v2\/product"}],"about":[{"href":"https:\/\/galerie-institut.com\/en\/wp-json\/wp\/v2\/types\/product"}],"replies":[{"embeddable":true,"href":"https:\/\/galerie-institut.com\/en\/wp-json\/wp\/v2\/comments?post=17206"}],"wp:featuredmedia":[{"embeddable":true,"href":"https:\/\/galerie-institut.com\/en\/wp-json\/wp\/v2\/media\/17208"}],"wp:attachment":[{"href":"https:\/\/galerie-institut.com\/en\/wp-json\/wp\/v2\/media?parent=17206"}],"wp:term":[{"taxonomy":"product_brand","embeddable":true,"href":"https:\/\/galerie-institut.com\/en\/wp-json\/wp\/v2\/product_brand?post=17206"},{"taxonomy":"product_cat","embeddable":true,"href":"https:\/\/galerie-institut.com\/en\/wp-json\/wp\/v2\/product_cat?post=17206"},{"taxonomy":"product_tag","embeddable":true,"href":"https:\/\/galerie-institut.com\/en\/wp-json\/wp\/v2\/product_tag?post=17206"}],"curies":[{"name":"wp","href":"https:\/\/api.w.org\/{rel}","templated":true}]}}