{"id":17178,"date":"2023-04-27T13:00:36","date_gmt":"2023-04-27T13:00:36","guid":{"rendered":"https:\/\/galerie-institut.com\/produit\/chagall-marc-paris-from-the-window-1969\/"},"modified":"2025-11-21T14:51:03","modified_gmt":"2025-11-21T14:51:03","slug":"chagall-marc-paris-de-la-fenetre-1969","status":"publish","type":"product","link":"https:\/\/galerie-institut.com\/en\/produit\/chagall-marc-paris-de-la-fenetre-1969\/","title":{"rendered":"Chagall, Marc, Paris from the Window, 1969"},"content":{"rendered":"<p>1969<\/p>\n<p>Original lithograph in color on Arches paper<\/p>\n<p>Subject: 83 x 60 cm<\/p>\n<p>Sheet: 100.5 x 70 cm<\/p>\n<p>Annotated &#8220;\u00c9preuve d&#8217;artiste VI\/XXV&#8221; lower left, signed by the artist in pencil lower right<\/p>\n<p>Mourlot Imprimeur, Paris.<\/p>\n<p>Catalogue raisonn\u00e9 : Sorlier 599<\/p>\n","protected":false},"excerpt":{"rendered":"<p>During 1969, <a href=\"https:\/\/galerie-institut.com\/en\/marc-chagall\/\">Marc Chagall<\/a> produced several original lithographs on the theme of Paris, including <em>Paris from the Window<\/em> and <a href=\"https:\/\/galerie-institut.com\/en\/produit\/chagall-marc-the-magician-of-paris-i-1969\/\"><u>The Magician of Paris I<\/u><\/a>. Here, the artist depicts an embracing couple in front of a window overlooking Paris&#8217;s main monuments &#8211; the Eiffel Tower and Notre-Dame-de-Paris. Marc Chagall&#8217;s usual onirism is present: a horse flies through the skies over the capital.  <\/p>\n","protected":false},"featured_media":17179,"comment_status":"open","ping_status":"closed","template":"","meta":{"_et_pb_use_builder":"","_et_pb_old_content":"","_et_gb_content_width":""},"product_brand":[],"product_cat":[271,267],"product_tag":[180,268],"class_list":{"0":"post-17178","1":"product","2":"type-product","3":"status-publish","4":"has-post-thumbnail","6":"product_cat-chagall","7":"product_cat-estampes","8":"product_tag-lithography","9":"product_tag-print","11":"first","12":"instock","13":"shipping-taxable","14":"product-type-simple"},"yoast_head":"<!-- This site is optimized with the Yoast SEO plugin v27.4 - https:\/\/yoast.com\/product\/yoast-seo-wordpress\/ -->\n<title>Chagall, Marc, Paris from the Window, 1969 - Galerie Institut<\/title>\n<meta name=\"description\" content=\"D\u00e9couvrez l&#039;oeuvre Chagall, Marc, Paris from the Window, 1969 disponible \u00e0 la Galerie de l&#039;Institut. Si vous \u00eates int\u00e9ress\u00e9.e.s par Chagall, Marc, Paris from the Window, 1969 merci de nous contacter \u00e0 contact@galerie-institut.com\" \/>\n<meta name=\"robots\" content=\"index, follow, max-snippet:-1, max-image-preview:large, max-video-preview:-1\" \/>\n<link rel=\"canonical\" href=\"https:\/\/galerie-institut.com\/en\/produit\/chagall-marc-paris-de-la-fenetre-1969\/\" \/>\n<meta property=\"og:locale\" content=\"en_US\" \/>\n<meta property=\"og:type\" content=\"article\" \/>\n<meta property=\"og:title\" content=\"Chagall, Marc, Paris from the Window, 1969 - Galerie Institut\" \/>\n<meta property=\"og:description\" content=\"D\u00e9couvrez l&#039;oeuvre Chagall, Marc, Paris from the Window, 1969 disponible \u00e0 la Galerie de l&#039;Institut. Si vous \u00eates int\u00e9ress\u00e9.e.s par Chagall, Marc, Paris from the Window, 1969 merci de nous contacter \u00e0 contact@galerie-institut.com\" \/>\n<meta property=\"og:url\" content=\"https:\/\/galerie-institut.com\/en\/produit\/chagall-marc-paris-de-la-fenetre-1969\/\" \/>\n<meta property=\"og:site_name\" content=\"Galerie Institut\" \/>\n<meta property=\"article:modified_time\" content=\"2025-11-21T14:51:03+00:00\" \/>\n<meta property=\"og:image\" content=\"https:\/\/galerie-institut.com\/wp-content\/uploads\/2023\/04\/chagall-marc-1969-paris-de-la-fenetre.jpg\" \/>\n\t<meta property=\"og:image:width\" content=\"1000\" \/>\n\t<meta property=\"og:image:height\" content=\"1000\" \/>\n\t<meta property=\"og:image:type\" content=\"image\/jpeg\" \/>\n<meta name=\"twitter:card\" content=\"summary_large_image\" \/>\n<script type=\"application\/ld+json\" class=\"yoast-schema-graph\">{\"@context\":\"https:\\\/\\\/schema.org\",\"@graph\":[{\"@type\":\"WebPage\",\"@id\":\"https:\\\/\\\/galerie-institut.com\\\/en\\\/produit\\\/chagall-marc-paris-de-la-fenetre-1969\\\/\",\"url\":\"https:\\\/\\\/galerie-institut.com\\\/en\\\/produit\\\/chagall-marc-paris-de-la-fenetre-1969\\\/\",\"name\":\"Chagall, Marc, Paris from the Window, 1969 - Galerie Institut\",\"isPartOf\":{\"@id\":\"https:\\\/\\\/galerie-institut.com\\\/en\\\/#website\"},\"primaryImageOfPage\":{\"@id\":\"https:\\\/\\\/galerie-institut.com\\\/en\\\/produit\\\/chagall-marc-paris-de-la-fenetre-1969\\\/#primaryimage\"},\"image\":{\"@id\":\"https:\\\/\\\/galerie-institut.com\\\/en\\\/produit\\\/chagall-marc-paris-de-la-fenetre-1969\\\/#primaryimage\"},\"thumbnailUrl\":\"https:\\\/\\\/galerie-institut.com\\\/wp-content\\\/uploads\\\/2023\\\/04\\\/chagall-marc-1969-paris-de-la-fenetre.jpg\",\"datePublished\":\"2023-04-27T13:00:36+00:00\",\"dateModified\":\"2025-11-21T14:51:03+00:00\",\"description\":\"D\u00e9couvrez l'oeuvre Chagall, Marc, Paris from the Window, 1969 disponible \u00e0 la Galerie de l'Institut. Si vous \u00eates int\u00e9ress\u00e9.e.s par Chagall, Marc, Paris from the Window, 1969 merci de nous contacter \u00e0 contact@galerie-institut.com\",\"breadcrumb\":{\"@id\":\"https:\\\/\\\/galerie-institut.com\\\/en\\\/produit\\\/chagall-marc-paris-de-la-fenetre-1969\\\/#breadcrumb\"},\"inLanguage\":\"en-US\",\"potentialAction\":[{\"@type\":\"ReadAction\",\"target\":[\"https:\\\/\\\/galerie-institut.com\\\/en\\\/produit\\\/chagall-marc-paris-de-la-fenetre-1969\\\/\"]}]},{\"@type\":\"ImageObject\",\"inLanguage\":\"en-US\",\"@id\":\"https:\\\/\\\/galerie-institut.com\\\/en\\\/produit\\\/chagall-marc-paris-de-la-fenetre-1969\\\/#primaryimage\",\"url\":\"https:\\\/\\\/galerie-institut.com\\\/wp-content\\\/uploads\\\/2023\\\/04\\\/chagall-marc-1969-paris-de-la-fenetre.jpg\",\"contentUrl\":\"https:\\\/\\\/galerie-institut.com\\\/wp-content\\\/uploads\\\/2023\\\/04\\\/chagall-marc-1969-paris-de-la-fenetre.jpg\",\"width\":1000,\"height\":1000,\"caption\":\"Lithographie Paris de la Fen\u00eatre de Marc Chagall\"},{\"@type\":\"BreadcrumbList\",\"@id\":\"https:\\\/\\\/galerie-institut.com\\\/en\\\/produit\\\/chagall-marc-paris-de-la-fenetre-1969\\\/#breadcrumb\",\"itemListElement\":[{\"@type\":\"ListItem\",\"position\":1,\"name\":\"Accueil\",\"item\":\"https:\\\/\\\/galerie-institut.com\\\/en\\\/accueil\\\/\"},{\"@type\":\"ListItem\",\"position\":2,\"name\":\"Boutique\",\"item\":\"https:\\\/\\\/galerie-institut.com\\\/?page_id=8607\"},{\"@type\":\"ListItem\",\"position\":3,\"name\":\"Chagall, Marc, Paris from the Window, 1969\"}]},{\"@type\":\"WebSite\",\"@id\":\"https:\\\/\\\/galerie-institut.com\\\/en\\\/#website\",\"url\":\"https:\\\/\\\/galerie-institut.com\\\/en\\\/\",\"name\":\"Galerie Institut\",\"description\":\"\",\"potentialAction\":[{\"@type\":\"SearchAction\",\"target\":{\"@type\":\"EntryPoint\",\"urlTemplate\":\"https:\\\/\\\/galerie-institut.com\\\/en\\\/?s={search_term_string}\"},\"query-input\":{\"@type\":\"PropertyValueSpecification\",\"valueRequired\":true,\"valueName\":\"search_term_string\"}}],\"inLanguage\":\"en-US\"}]}<\/script>\n<!-- \/ Yoast SEO plugin. -->","yoast_head_json":{"title":"Chagall, Marc, Paris from the Window, 1969 - Galerie Institut","description":"D\u00e9couvrez l'oeuvre Chagall, Marc, Paris from the Window, 1969 disponible \u00e0 la Galerie de l'Institut. Si vous \u00eates int\u00e9ress\u00e9.e.s par Chagall, Marc, Paris from the Window, 1969 merci de nous contacter \u00e0 contact@galerie-institut.com","robots":{"index":"index","follow":"follow","max-snippet":"max-snippet:-1","max-image-preview":"max-image-preview:large","max-video-preview":"max-video-preview:-1"},"canonical":"https:\/\/galerie-institut.com\/en\/produit\/chagall-marc-paris-de-la-fenetre-1969\/","og_locale":"en_US","og_type":"article","og_title":"Chagall, Marc, Paris from the Window, 1969 - Galerie Institut","og_description":"D\u00e9couvrez l'oeuvre Chagall, Marc, Paris from the Window, 1969 disponible \u00e0 la Galerie de l'Institut. Si vous \u00eates int\u00e9ress\u00e9.e.s par Chagall, Marc, Paris from the Window, 1969 merci de nous contacter \u00e0 contact@galerie-institut.com","og_url":"https:\/\/galerie-institut.com\/en\/produit\/chagall-marc-paris-de-la-fenetre-1969\/","og_site_name":"Galerie Institut","article_modified_time":"2025-11-21T14:51:03+00:00","og_image":[{"width":1000,"height":1000,"url":"https:\/\/galerie-institut.com\/wp-content\/uploads\/2023\/04\/chagall-marc-1969-paris-de-la-fenetre.jpg","type":"image\/jpeg"}],"twitter_card":"summary_large_image","schema":{"@context":"https:\/\/schema.org","@graph":[{"@type":"WebPage","@id":"https:\/\/galerie-institut.com\/en\/produit\/chagall-marc-paris-de-la-fenetre-1969\/","url":"https:\/\/galerie-institut.com\/en\/produit\/chagall-marc-paris-de-la-fenetre-1969\/","name":"Chagall, Marc, Paris from the Window, 1969 - Galerie Institut","isPartOf":{"@id":"https:\/\/galerie-institut.com\/en\/#website"},"primaryImageOfPage":{"@id":"https:\/\/galerie-institut.com\/en\/produit\/chagall-marc-paris-de-la-fenetre-1969\/#primaryimage"},"image":{"@id":"https:\/\/galerie-institut.com\/en\/produit\/chagall-marc-paris-de-la-fenetre-1969\/#primaryimage"},"thumbnailUrl":"https:\/\/galerie-institut.com\/wp-content\/uploads\/2023\/04\/chagall-marc-1969-paris-de-la-fenetre.jpg","datePublished":"2023-04-27T13:00:36+00:00","dateModified":"2025-11-21T14:51:03+00:00","description":"D\u00e9couvrez l'oeuvre Chagall, Marc, Paris from the Window, 1969 disponible \u00e0 la Galerie de l'Institut. Si vous \u00eates int\u00e9ress\u00e9.e.s par Chagall, Marc, Paris from the Window, 1969 merci de nous contacter \u00e0 contact@galerie-institut.com","breadcrumb":{"@id":"https:\/\/galerie-institut.com\/en\/produit\/chagall-marc-paris-de-la-fenetre-1969\/#breadcrumb"},"inLanguage":"en-US","potentialAction":[{"@type":"ReadAction","target":["https:\/\/galerie-institut.com\/en\/produit\/chagall-marc-paris-de-la-fenetre-1969\/"]}]},{"@type":"ImageObject","inLanguage":"en-US","@id":"https:\/\/galerie-institut.com\/en\/produit\/chagall-marc-paris-de-la-fenetre-1969\/#primaryimage","url":"https:\/\/galerie-institut.com\/wp-content\/uploads\/2023\/04\/chagall-marc-1969-paris-de-la-fenetre.jpg","contentUrl":"https:\/\/galerie-institut.com\/wp-content\/uploads\/2023\/04\/chagall-marc-1969-paris-de-la-fenetre.jpg","width":1000,"height":1000,"caption":"Lithographie Paris de la Fen\u00eatre de Marc Chagall"},{"@type":"BreadcrumbList","@id":"https:\/\/galerie-institut.com\/en\/produit\/chagall-marc-paris-de-la-fenetre-1969\/#breadcrumb","itemListElement":[{"@type":"ListItem","position":1,"name":"Accueil","item":"https:\/\/galerie-institut.com\/en\/accueil\/"},{"@type":"ListItem","position":2,"name":"Boutique","item":"https:\/\/galerie-institut.com\/?page_id=8607"},{"@type":"ListItem","position":3,"name":"Chagall, Marc, Paris from the Window, 1969"}]},{"@type":"WebSite","@id":"https:\/\/galerie-institut.com\/en\/#website","url":"https:\/\/galerie-institut.com\/en\/","name":"Galerie Institut","description":"","potentialAction":[{"@type":"SearchAction","target":{"@type":"EntryPoint","urlTemplate":"https:\/\/galerie-institut.com\/en\/?s={search_term_string}"},"query-input":{"@type":"PropertyValueSpecification","valueRequired":true,"valueName":"search_term_string"}}],"inLanguage":"en-US"}]}},"_links":{"self":[{"href":"https:\/\/galerie-institut.com\/en\/wp-json\/wp\/v2\/product\/17178","targetHints":{"allow":["GET"]}}],"collection":[{"href":"https:\/\/galerie-institut.com\/en\/wp-json\/wp\/v2\/product"}],"about":[{"href":"https:\/\/galerie-institut.com\/en\/wp-json\/wp\/v2\/types\/product"}],"replies":[{"embeddable":true,"href":"https:\/\/galerie-institut.com\/en\/wp-json\/wp\/v2\/comments?post=17178"}],"wp:featuredmedia":[{"embeddable":true,"href":"https:\/\/galerie-institut.com\/en\/wp-json\/wp\/v2\/media\/17179"}],"wp:attachment":[{"href":"https:\/\/galerie-institut.com\/en\/wp-json\/wp\/v2\/media?parent=17178"}],"wp:term":[{"taxonomy":"product_brand","embeddable":true,"href":"https:\/\/galerie-institut.com\/en\/wp-json\/wp\/v2\/product_brand?post=17178"},{"taxonomy":"product_cat","embeddable":true,"href":"https:\/\/galerie-institut.com\/en\/wp-json\/wp\/v2\/product_cat?post=17178"},{"taxonomy":"product_tag","embeddable":true,"href":"https:\/\/galerie-institut.com\/en\/wp-json\/wp\/v2\/product_tag?post=17178"}],"curies":[{"name":"wp","href":"https:\/\/api.w.org\/{rel}","templated":true}]}}