{"id":17168,"date":"2023-04-26T16:03:33","date_gmt":"2023-04-26T16:03:33","guid":{"rendered":"https:\/\/galerie-institut.com\/produit\/chagall-marc-the-fables-1952\/"},"modified":"2025-11-21T14:51:03","modified_gmt":"2025-11-21T14:51:03","slug":"chagall-marc-fables-1952","status":"publish","type":"product","link":"https:\/\/galerie-institut.com\/en\/produit\/chagall-marc-fables-1952\/","title":{"rendered":"Chagall, Marc, The Fables, 1952"},"content":{"rendered":"<p>1952<\/p>\n<p>Illustrated book<\/p>\n<p>Two volumes, 38.5 x 29.5 cm.<\/p>\n<p>Illustrated with 100 original etchings in black.<br \/>\nOne of 15 hors commerce copies reserved for contributors, n\u00b0XV, signed by the artist in ink.<br \/>\nExceptional binding by Monique Mathieu.<\/p>\n<p>\u00c9d. T\u00e9riade, Paris. <\/p>\n<p>Catalog raisonn\u00e9: Cramer 22.<\/p>\n","protected":false},"excerpt":{"rendered":"<p>After taking an interest in Gogol&#8217;s <em>Dead Souls<\/em> at the suggestion of art dealer and publisher Ambroise Vollard, <a href=\"https:\/\/galerie-institut.com\/en\/marc-chagall\/\">Chagall<\/a> decided to tackle a classic of French literature, Jean de la Fontaine&#8217;s <em>Fables<\/em>. The author wrote two hundred and forty-three fables, the most famous of which are <g id=\"gid_3\">Le Corbeau et le Renard (The Raven and the Fox<\/g> ) and <g id=\"gid_4\">La Cigale et la Fourmi (The Cicada and the Ant)<\/g>. Marc Chagall drew on his personal references to Russian folklore and blended them with French culture to create the book&#8217;s engraving illustrations.  <\/p>\n","protected":false},"featured_media":17170,"comment_status":"open","ping_status":"closed","template":"","meta":{"_et_pb_use_builder":"","_et_pb_old_content":"","_et_gb_content_width":""},"product_brand":[],"product_cat":[271,282],"product_tag":[296],"class_list":{"0":"post-17168","1":"product","2":"type-product","3":"status-publish","4":"has-post-thumbnail","6":"product_cat-chagall","7":"product_cat-illustrated-books","8":"product_tag-illustrated-books","10":"first","11":"instock","12":"shipping-taxable","13":"product-type-simple"},"yoast_head":"<!-- This site is optimized with the Yoast SEO plugin v27.4 - https:\/\/yoast.com\/product\/yoast-seo-wordpress\/ -->\n<title>Chagall, Marc, The Fables, 1952 - Galerie Institut<\/title>\n<meta name=\"description\" content=\"D\u00e9couvrez l&#039;oeuvre Chagall, Marc, The Fables, 1952 disponible \u00e0 la Galerie de l&#039;Institut. Si vous \u00eates int\u00e9ress\u00e9.e.s par Chagall, Marc, The Fables, 1952 merci de nous contacter \u00e0 contact@galerie-institut.com\" \/>\n<meta name=\"robots\" content=\"index, follow, max-snippet:-1, max-image-preview:large, max-video-preview:-1\" \/>\n<link rel=\"canonical\" href=\"https:\/\/galerie-institut.com\/en\/produit\/chagall-marc-fables-1952\/\" \/>\n<meta property=\"og:locale\" content=\"en_US\" \/>\n<meta property=\"og:type\" content=\"article\" \/>\n<meta property=\"og:title\" content=\"Chagall, Marc, The Fables, 1952 - Galerie Institut\" \/>\n<meta property=\"og:description\" content=\"D\u00e9couvrez l&#039;oeuvre Chagall, Marc, The Fables, 1952 disponible \u00e0 la Galerie de l&#039;Institut. Si vous \u00eates int\u00e9ress\u00e9.e.s par Chagall, Marc, The Fables, 1952 merci de nous contacter \u00e0 contact@galerie-institut.com\" \/>\n<meta property=\"og:url\" content=\"https:\/\/galerie-institut.com\/en\/produit\/chagall-marc-fables-1952\/\" \/>\n<meta property=\"og:site_name\" content=\"Galerie Institut\" \/>\n<meta property=\"article:modified_time\" content=\"2025-11-21T14:51:03+00:00\" \/>\n<meta property=\"og:image\" content=\"https:\/\/galerie-institut.com\/wp-content\/uploads\/2023\/04\/chagall-marc-1952-fables-4.jpg\" \/>\n\t<meta property=\"og:image:width\" content=\"1000\" \/>\n\t<meta property=\"og:image:height\" content=\"1000\" \/>\n\t<meta property=\"og:image:type\" content=\"image\/jpeg\" \/>\n<meta name=\"twitter:card\" content=\"summary_large_image\" \/>\n<script type=\"application\/ld+json\" class=\"yoast-schema-graph\">{\"@context\":\"https:\\\/\\\/schema.org\",\"@graph\":[{\"@type\":\"WebPage\",\"@id\":\"https:\\\/\\\/galerie-institut.com\\\/en\\\/produit\\\/chagall-marc-fables-1952\\\/\",\"url\":\"https:\\\/\\\/galerie-institut.com\\\/en\\\/produit\\\/chagall-marc-fables-1952\\\/\",\"name\":\"Chagall, Marc, The Fables, 1952 - Galerie Institut\",\"isPartOf\":{\"@id\":\"https:\\\/\\\/galerie-institut.com\\\/en\\\/#website\"},\"primaryImageOfPage\":{\"@id\":\"https:\\\/\\\/galerie-institut.com\\\/en\\\/produit\\\/chagall-marc-fables-1952\\\/#primaryimage\"},\"image\":{\"@id\":\"https:\\\/\\\/galerie-institut.com\\\/en\\\/produit\\\/chagall-marc-fables-1952\\\/#primaryimage\"},\"thumbnailUrl\":\"https:\\\/\\\/galerie-institut.com\\\/wp-content\\\/uploads\\\/2023\\\/04\\\/chagall-marc-1952-fables-4.jpg\",\"datePublished\":\"2023-04-26T16:03:33+00:00\",\"dateModified\":\"2025-11-21T14:51:03+00:00\",\"description\":\"D\u00e9couvrez l'oeuvre Chagall, Marc, The Fables, 1952 disponible \u00e0 la Galerie de l'Institut. Si vous \u00eates int\u00e9ress\u00e9.e.s par Chagall, Marc, The Fables, 1952 merci de nous contacter \u00e0 contact@galerie-institut.com\",\"breadcrumb\":{\"@id\":\"https:\\\/\\\/galerie-institut.com\\\/en\\\/produit\\\/chagall-marc-fables-1952\\\/#breadcrumb\"},\"inLanguage\":\"en-US\",\"potentialAction\":[{\"@type\":\"ReadAction\",\"target\":[\"https:\\\/\\\/galerie-institut.com\\\/en\\\/produit\\\/chagall-marc-fables-1952\\\/\"]}]},{\"@type\":\"ImageObject\",\"inLanguage\":\"en-US\",\"@id\":\"https:\\\/\\\/galerie-institut.com\\\/en\\\/produit\\\/chagall-marc-fables-1952\\\/#primaryimage\",\"url\":\"https:\\\/\\\/galerie-institut.com\\\/wp-content\\\/uploads\\\/2023\\\/04\\\/chagall-marc-1952-fables-4.jpg\",\"contentUrl\":\"https:\\\/\\\/galerie-institut.com\\\/wp-content\\\/uploads\\\/2023\\\/04\\\/chagall-marc-1952-fables-4.jpg\",\"width\":1000,\"height\":1000,\"caption\":\"Frontispice des Fables de la Fontaine par Marc Chagall\"},{\"@type\":\"BreadcrumbList\",\"@id\":\"https:\\\/\\\/galerie-institut.com\\\/en\\\/produit\\\/chagall-marc-fables-1952\\\/#breadcrumb\",\"itemListElement\":[{\"@type\":\"ListItem\",\"position\":1,\"name\":\"Accueil\",\"item\":\"https:\\\/\\\/galerie-institut.com\\\/en\\\/accueil\\\/\"},{\"@type\":\"ListItem\",\"position\":2,\"name\":\"Boutique\",\"item\":\"https:\\\/\\\/galerie-institut.com\\\/?page_id=8607\"},{\"@type\":\"ListItem\",\"position\":3,\"name\":\"Chagall, Marc, The Fables, 1952\"}]},{\"@type\":\"WebSite\",\"@id\":\"https:\\\/\\\/galerie-institut.com\\\/en\\\/#website\",\"url\":\"https:\\\/\\\/galerie-institut.com\\\/en\\\/\",\"name\":\"Galerie Institut\",\"description\":\"\",\"potentialAction\":[{\"@type\":\"SearchAction\",\"target\":{\"@type\":\"EntryPoint\",\"urlTemplate\":\"https:\\\/\\\/galerie-institut.com\\\/en\\\/?s={search_term_string}\"},\"query-input\":{\"@type\":\"PropertyValueSpecification\",\"valueRequired\":true,\"valueName\":\"search_term_string\"}}],\"inLanguage\":\"en-US\"}]}<\/script>\n<!-- \/ Yoast SEO plugin. -->","yoast_head_json":{"title":"Chagall, Marc, The Fables, 1952 - Galerie Institut","description":"D\u00e9couvrez l'oeuvre Chagall, Marc, The Fables, 1952 disponible \u00e0 la Galerie de l'Institut. Si vous \u00eates int\u00e9ress\u00e9.e.s par Chagall, Marc, The Fables, 1952 merci de nous contacter \u00e0 contact@galerie-institut.com","robots":{"index":"index","follow":"follow","max-snippet":"max-snippet:-1","max-image-preview":"max-image-preview:large","max-video-preview":"max-video-preview:-1"},"canonical":"https:\/\/galerie-institut.com\/en\/produit\/chagall-marc-fables-1952\/","og_locale":"en_US","og_type":"article","og_title":"Chagall, Marc, The Fables, 1952 - Galerie Institut","og_description":"D\u00e9couvrez l'oeuvre Chagall, Marc, The Fables, 1952 disponible \u00e0 la Galerie de l'Institut. Si vous \u00eates int\u00e9ress\u00e9.e.s par Chagall, Marc, The Fables, 1952 merci de nous contacter \u00e0 contact@galerie-institut.com","og_url":"https:\/\/galerie-institut.com\/en\/produit\/chagall-marc-fables-1952\/","og_site_name":"Galerie Institut","article_modified_time":"2025-11-21T14:51:03+00:00","og_image":[{"width":1000,"height":1000,"url":"https:\/\/galerie-institut.com\/wp-content\/uploads\/2023\/04\/chagall-marc-1952-fables-4.jpg","type":"image\/jpeg"}],"twitter_card":"summary_large_image","schema":{"@context":"https:\/\/schema.org","@graph":[{"@type":"WebPage","@id":"https:\/\/galerie-institut.com\/en\/produit\/chagall-marc-fables-1952\/","url":"https:\/\/galerie-institut.com\/en\/produit\/chagall-marc-fables-1952\/","name":"Chagall, Marc, The Fables, 1952 - Galerie Institut","isPartOf":{"@id":"https:\/\/galerie-institut.com\/en\/#website"},"primaryImageOfPage":{"@id":"https:\/\/galerie-institut.com\/en\/produit\/chagall-marc-fables-1952\/#primaryimage"},"image":{"@id":"https:\/\/galerie-institut.com\/en\/produit\/chagall-marc-fables-1952\/#primaryimage"},"thumbnailUrl":"https:\/\/galerie-institut.com\/wp-content\/uploads\/2023\/04\/chagall-marc-1952-fables-4.jpg","datePublished":"2023-04-26T16:03:33+00:00","dateModified":"2025-11-21T14:51:03+00:00","description":"D\u00e9couvrez l'oeuvre Chagall, Marc, The Fables, 1952 disponible \u00e0 la Galerie de l'Institut. Si vous \u00eates int\u00e9ress\u00e9.e.s par Chagall, Marc, The Fables, 1952 merci de nous contacter \u00e0 contact@galerie-institut.com","breadcrumb":{"@id":"https:\/\/galerie-institut.com\/en\/produit\/chagall-marc-fables-1952\/#breadcrumb"},"inLanguage":"en-US","potentialAction":[{"@type":"ReadAction","target":["https:\/\/galerie-institut.com\/en\/produit\/chagall-marc-fables-1952\/"]}]},{"@type":"ImageObject","inLanguage":"en-US","@id":"https:\/\/galerie-institut.com\/en\/produit\/chagall-marc-fables-1952\/#primaryimage","url":"https:\/\/galerie-institut.com\/wp-content\/uploads\/2023\/04\/chagall-marc-1952-fables-4.jpg","contentUrl":"https:\/\/galerie-institut.com\/wp-content\/uploads\/2023\/04\/chagall-marc-1952-fables-4.jpg","width":1000,"height":1000,"caption":"Frontispice des Fables de la Fontaine par Marc Chagall"},{"@type":"BreadcrumbList","@id":"https:\/\/galerie-institut.com\/en\/produit\/chagall-marc-fables-1952\/#breadcrumb","itemListElement":[{"@type":"ListItem","position":1,"name":"Accueil","item":"https:\/\/galerie-institut.com\/en\/accueil\/"},{"@type":"ListItem","position":2,"name":"Boutique","item":"https:\/\/galerie-institut.com\/?page_id=8607"},{"@type":"ListItem","position":3,"name":"Chagall, Marc, The Fables, 1952"}]},{"@type":"WebSite","@id":"https:\/\/galerie-institut.com\/en\/#website","url":"https:\/\/galerie-institut.com\/en\/","name":"Galerie Institut","description":"","potentialAction":[{"@type":"SearchAction","target":{"@type":"EntryPoint","urlTemplate":"https:\/\/galerie-institut.com\/en\/?s={search_term_string}"},"query-input":{"@type":"PropertyValueSpecification","valueRequired":true,"valueName":"search_term_string"}}],"inLanguage":"en-US"}]}},"_links":{"self":[{"href":"https:\/\/galerie-institut.com\/en\/wp-json\/wp\/v2\/product\/17168","targetHints":{"allow":["GET"]}}],"collection":[{"href":"https:\/\/galerie-institut.com\/en\/wp-json\/wp\/v2\/product"}],"about":[{"href":"https:\/\/galerie-institut.com\/en\/wp-json\/wp\/v2\/types\/product"}],"replies":[{"embeddable":true,"href":"https:\/\/galerie-institut.com\/en\/wp-json\/wp\/v2\/comments?post=17168"}],"wp:featuredmedia":[{"embeddable":true,"href":"https:\/\/galerie-institut.com\/en\/wp-json\/wp\/v2\/media\/17170"}],"wp:attachment":[{"href":"https:\/\/galerie-institut.com\/en\/wp-json\/wp\/v2\/media?parent=17168"}],"wp:term":[{"taxonomy":"product_brand","embeddable":true,"href":"https:\/\/galerie-institut.com\/en\/wp-json\/wp\/v2\/product_brand?post=17168"},{"taxonomy":"product_cat","embeddable":true,"href":"https:\/\/galerie-institut.com\/en\/wp-json\/wp\/v2\/product_cat?post=17168"},{"taxonomy":"product_tag","embeddable":true,"href":"https:\/\/galerie-institut.com\/en\/wp-json\/wp\/v2\/product_tag?post=17168"}],"curies":[{"name":"wp","href":"https:\/\/api.w.org\/{rel}","templated":true}]}}