{"id":17167,"date":"2023-04-27T12:37:59","date_gmt":"2023-04-27T12:37:59","guid":{"rendered":"https:\/\/galerie-institut.com\/produit\/chagall-marc-chloes-judgment-1961\/"},"modified":"2025-11-21T14:51:03","modified_gmt":"2025-11-21T14:51:03","slug":"chagall-marc-jugement-de-chloe-1961","status":"publish","type":"product","link":"https:\/\/galerie-institut.com\/en\/produit\/chagall-marc-jugement-de-chloe-1961\/","title":{"rendered":"Chagall, Marc, Chloe&#8217;s Judgment, 1961"},"content":{"rendered":"<p>1961<\/p>\n<p>Original color lithograph on Arches paper<\/p>\n<p>53.8 x 76 cm<\/p>\n<p>Signed by the artist in pencil lower right<\/p>\n<p>For the book published by T\u00e9riade, 250 signed and numbered copies on Arches + 20 H.C.<\/p>\n<p>One of 60 large-margin proofs. Plate VII of the illustrations. Unjustified proof.  <\/p>\n<p>Catalog raisonn\u00e9: Sorlier 315<\/p>\n","protected":false},"excerpt":{"rendered":"<p>This original lithograph is taken from <a href=\"https:\/\/galerie-institut.com\/en\/produit\/chagall-marc-daphnis-and-chloe-1961\/\">the book <em>Daphnis et Chlo\u00e9<\/em><\/a> by the ancient author Longus, which <a href=\"https:\/\/galerie-institut.com\/marc-chagall-1887-1985-biographie\/\">Marc Chagall<\/a> spent four years illustrating, from 1957 to 1961. The artist traveled to Greece to immerse himself in the country&#8217;s landscapes and light, as well as its architecture &#8211; an ancient temple is featured on this lithograph. The process was also lengthy, due to the complexity of the printing work, involving a total of twenty-five colors.  <\/p>\n","protected":false},"featured_media":17169,"comment_status":"open","ping_status":"closed","template":"","meta":{"_et_pb_use_builder":"","_et_pb_old_content":"","_et_gb_content_width":""},"product_brand":[],"product_cat":[271,267],"product_tag":[180,268],"class_list":{"0":"post-17167","1":"product","2":"type-product","3":"status-publish","4":"has-post-thumbnail","6":"product_cat-chagall","7":"product_cat-estampes","8":"product_tag-lithography","9":"product_tag-print","11":"first","12":"instock","13":"shipping-taxable","14":"product-type-simple"},"yoast_head":"<!-- This site is optimized with the Yoast SEO plugin v27.4 - https:\/\/yoast.com\/product\/yoast-seo-wordpress\/ -->\n<title>Chagall, Marc, Chloe&#039;s Judgment, 1961 - Galerie Institut<\/title>\n<meta name=\"description\" content=\"D\u00e9couvrez l&#039;oeuvre Chagall, Marc, Chloe&#039;s Judgment, 1961 disponible \u00e0 la Galerie de l&#039;Institut. Si vous \u00eates int\u00e9ress\u00e9.e.s par Chagall, Marc, Chloe&#039;s Judgment, 1961 merci de nous contacter \u00e0 contact@galerie-institut.com\" \/>\n<meta name=\"robots\" content=\"index, follow, max-snippet:-1, max-image-preview:large, max-video-preview:-1\" \/>\n<link rel=\"canonical\" href=\"https:\/\/galerie-institut.com\/en\/produit\/chagall-marc-jugement-de-chloe-1961\/\" \/>\n<meta property=\"og:locale\" content=\"en_US\" \/>\n<meta property=\"og:type\" content=\"article\" \/>\n<meta property=\"og:title\" content=\"Chagall, Marc, Chloe&#039;s Judgment, 1961 - Galerie Institut\" \/>\n<meta property=\"og:description\" content=\"D\u00e9couvrez l&#039;oeuvre Chagall, Marc, Chloe&#039;s Judgment, 1961 disponible \u00e0 la Galerie de l&#039;Institut. Si vous \u00eates int\u00e9ress\u00e9.e.s par Chagall, Marc, Chloe&#039;s Judgment, 1961 merci de nous contacter \u00e0 contact@galerie-institut.com\" \/>\n<meta property=\"og:url\" content=\"https:\/\/galerie-institut.com\/en\/produit\/chagall-marc-jugement-de-chloe-1961\/\" \/>\n<meta property=\"og:site_name\" content=\"Galerie Institut\" \/>\n<meta property=\"article:modified_time\" content=\"2025-11-21T14:51:03+00:00\" \/>\n<meta property=\"og:image\" content=\"https:\/\/galerie-institut.com\/wp-content\/uploads\/2023\/04\/chagall-marc-1961-le-jugement-de-chloe.jpg\" \/>\n\t<meta property=\"og:image:width\" content=\"1000\" \/>\n\t<meta property=\"og:image:height\" content=\"1000\" \/>\n\t<meta property=\"og:image:type\" content=\"image\/jpeg\" \/>\n<meta name=\"twitter:card\" content=\"summary_large_image\" \/>\n<script type=\"application\/ld+json\" class=\"yoast-schema-graph\">{\"@context\":\"https:\\\/\\\/schema.org\",\"@graph\":[{\"@type\":\"WebPage\",\"@id\":\"https:\\\/\\\/galerie-institut.com\\\/en\\\/produit\\\/chagall-marc-jugement-de-chloe-1961\\\/\",\"url\":\"https:\\\/\\\/galerie-institut.com\\\/en\\\/produit\\\/chagall-marc-jugement-de-chloe-1961\\\/\",\"name\":\"Chagall, Marc, Chloe's Judgment, 1961 - Galerie Institut\",\"isPartOf\":{\"@id\":\"https:\\\/\\\/galerie-institut.com\\\/en\\\/#website\"},\"primaryImageOfPage\":{\"@id\":\"https:\\\/\\\/galerie-institut.com\\\/en\\\/produit\\\/chagall-marc-jugement-de-chloe-1961\\\/#primaryimage\"},\"image\":{\"@id\":\"https:\\\/\\\/galerie-institut.com\\\/en\\\/produit\\\/chagall-marc-jugement-de-chloe-1961\\\/#primaryimage\"},\"thumbnailUrl\":\"https:\\\/\\\/galerie-institut.com\\\/wp-content\\\/uploads\\\/2023\\\/04\\\/chagall-marc-1961-le-jugement-de-chloe.jpg\",\"datePublished\":\"2023-04-27T12:37:59+00:00\",\"dateModified\":\"2025-11-21T14:51:03+00:00\",\"description\":\"D\u00e9couvrez l'oeuvre Chagall, Marc, Chloe's Judgment, 1961 disponible \u00e0 la Galerie de l'Institut. Si vous \u00eates int\u00e9ress\u00e9.e.s par Chagall, Marc, Chloe's Judgment, 1961 merci de nous contacter \u00e0 contact@galerie-institut.com\",\"breadcrumb\":{\"@id\":\"https:\\\/\\\/galerie-institut.com\\\/en\\\/produit\\\/chagall-marc-jugement-de-chloe-1961\\\/#breadcrumb\"},\"inLanguage\":\"en-US\",\"potentialAction\":[{\"@type\":\"ReadAction\",\"target\":[\"https:\\\/\\\/galerie-institut.com\\\/en\\\/produit\\\/chagall-marc-jugement-de-chloe-1961\\\/\"]}]},{\"@type\":\"ImageObject\",\"inLanguage\":\"en-US\",\"@id\":\"https:\\\/\\\/galerie-institut.com\\\/en\\\/produit\\\/chagall-marc-jugement-de-chloe-1961\\\/#primaryimage\",\"url\":\"https:\\\/\\\/galerie-institut.com\\\/wp-content\\\/uploads\\\/2023\\\/04\\\/chagall-marc-1961-le-jugement-de-chloe.jpg\",\"contentUrl\":\"https:\\\/\\\/galerie-institut.com\\\/wp-content\\\/uploads\\\/2023\\\/04\\\/chagall-marc-1961-le-jugement-de-chloe.jpg\",\"width\":1000,\"height\":1000,\"caption\":\"Lithographie Jugement de Chlo\u00e9 par Marc Chagall\"},{\"@type\":\"BreadcrumbList\",\"@id\":\"https:\\\/\\\/galerie-institut.com\\\/en\\\/produit\\\/chagall-marc-jugement-de-chloe-1961\\\/#breadcrumb\",\"itemListElement\":[{\"@type\":\"ListItem\",\"position\":1,\"name\":\"Accueil\",\"item\":\"https:\\\/\\\/galerie-institut.com\\\/en\\\/accueil\\\/\"},{\"@type\":\"ListItem\",\"position\":2,\"name\":\"Boutique\",\"item\":\"https:\\\/\\\/galerie-institut.com\\\/?page_id=8607\"},{\"@type\":\"ListItem\",\"position\":3,\"name\":\"Chagall, Marc, Chloe&#8217;s Judgment, 1961\"}]},{\"@type\":\"WebSite\",\"@id\":\"https:\\\/\\\/galerie-institut.com\\\/en\\\/#website\",\"url\":\"https:\\\/\\\/galerie-institut.com\\\/en\\\/\",\"name\":\"Galerie Institut\",\"description\":\"\",\"potentialAction\":[{\"@type\":\"SearchAction\",\"target\":{\"@type\":\"EntryPoint\",\"urlTemplate\":\"https:\\\/\\\/galerie-institut.com\\\/en\\\/?s={search_term_string}\"},\"query-input\":{\"@type\":\"PropertyValueSpecification\",\"valueRequired\":true,\"valueName\":\"search_term_string\"}}],\"inLanguage\":\"en-US\"}]}<\/script>\n<!-- \/ Yoast SEO plugin. -->","yoast_head_json":{"title":"Chagall, Marc, Chloe's Judgment, 1961 - Galerie Institut","description":"D\u00e9couvrez l'oeuvre Chagall, Marc, Chloe's Judgment, 1961 disponible \u00e0 la Galerie de l'Institut. Si vous \u00eates int\u00e9ress\u00e9.e.s par Chagall, Marc, Chloe's Judgment, 1961 merci de nous contacter \u00e0 contact@galerie-institut.com","robots":{"index":"index","follow":"follow","max-snippet":"max-snippet:-1","max-image-preview":"max-image-preview:large","max-video-preview":"max-video-preview:-1"},"canonical":"https:\/\/galerie-institut.com\/en\/produit\/chagall-marc-jugement-de-chloe-1961\/","og_locale":"en_US","og_type":"article","og_title":"Chagall, Marc, Chloe's Judgment, 1961 - Galerie Institut","og_description":"D\u00e9couvrez l'oeuvre Chagall, Marc, Chloe's Judgment, 1961 disponible \u00e0 la Galerie de l'Institut. Si vous \u00eates int\u00e9ress\u00e9.e.s par Chagall, Marc, Chloe's Judgment, 1961 merci de nous contacter \u00e0 contact@galerie-institut.com","og_url":"https:\/\/galerie-institut.com\/en\/produit\/chagall-marc-jugement-de-chloe-1961\/","og_site_name":"Galerie Institut","article_modified_time":"2025-11-21T14:51:03+00:00","og_image":[{"width":1000,"height":1000,"url":"https:\/\/galerie-institut.com\/wp-content\/uploads\/2023\/04\/chagall-marc-1961-le-jugement-de-chloe.jpg","type":"image\/jpeg"}],"twitter_card":"summary_large_image","schema":{"@context":"https:\/\/schema.org","@graph":[{"@type":"WebPage","@id":"https:\/\/galerie-institut.com\/en\/produit\/chagall-marc-jugement-de-chloe-1961\/","url":"https:\/\/galerie-institut.com\/en\/produit\/chagall-marc-jugement-de-chloe-1961\/","name":"Chagall, Marc, Chloe's Judgment, 1961 - Galerie Institut","isPartOf":{"@id":"https:\/\/galerie-institut.com\/en\/#website"},"primaryImageOfPage":{"@id":"https:\/\/galerie-institut.com\/en\/produit\/chagall-marc-jugement-de-chloe-1961\/#primaryimage"},"image":{"@id":"https:\/\/galerie-institut.com\/en\/produit\/chagall-marc-jugement-de-chloe-1961\/#primaryimage"},"thumbnailUrl":"https:\/\/galerie-institut.com\/wp-content\/uploads\/2023\/04\/chagall-marc-1961-le-jugement-de-chloe.jpg","datePublished":"2023-04-27T12:37:59+00:00","dateModified":"2025-11-21T14:51:03+00:00","description":"D\u00e9couvrez l'oeuvre Chagall, Marc, Chloe's Judgment, 1961 disponible \u00e0 la Galerie de l'Institut. Si vous \u00eates int\u00e9ress\u00e9.e.s par Chagall, Marc, Chloe's Judgment, 1961 merci de nous contacter \u00e0 contact@galerie-institut.com","breadcrumb":{"@id":"https:\/\/galerie-institut.com\/en\/produit\/chagall-marc-jugement-de-chloe-1961\/#breadcrumb"},"inLanguage":"en-US","potentialAction":[{"@type":"ReadAction","target":["https:\/\/galerie-institut.com\/en\/produit\/chagall-marc-jugement-de-chloe-1961\/"]}]},{"@type":"ImageObject","inLanguage":"en-US","@id":"https:\/\/galerie-institut.com\/en\/produit\/chagall-marc-jugement-de-chloe-1961\/#primaryimage","url":"https:\/\/galerie-institut.com\/wp-content\/uploads\/2023\/04\/chagall-marc-1961-le-jugement-de-chloe.jpg","contentUrl":"https:\/\/galerie-institut.com\/wp-content\/uploads\/2023\/04\/chagall-marc-1961-le-jugement-de-chloe.jpg","width":1000,"height":1000,"caption":"Lithographie Jugement de Chlo\u00e9 par Marc Chagall"},{"@type":"BreadcrumbList","@id":"https:\/\/galerie-institut.com\/en\/produit\/chagall-marc-jugement-de-chloe-1961\/#breadcrumb","itemListElement":[{"@type":"ListItem","position":1,"name":"Accueil","item":"https:\/\/galerie-institut.com\/en\/accueil\/"},{"@type":"ListItem","position":2,"name":"Boutique","item":"https:\/\/galerie-institut.com\/?page_id=8607"},{"@type":"ListItem","position":3,"name":"Chagall, Marc, Chloe&#8217;s Judgment, 1961"}]},{"@type":"WebSite","@id":"https:\/\/galerie-institut.com\/en\/#website","url":"https:\/\/galerie-institut.com\/en\/","name":"Galerie Institut","description":"","potentialAction":[{"@type":"SearchAction","target":{"@type":"EntryPoint","urlTemplate":"https:\/\/galerie-institut.com\/en\/?s={search_term_string}"},"query-input":{"@type":"PropertyValueSpecification","valueRequired":true,"valueName":"search_term_string"}}],"inLanguage":"en-US"}]}},"_links":{"self":[{"href":"https:\/\/galerie-institut.com\/en\/wp-json\/wp\/v2\/product\/17167","targetHints":{"allow":["GET"]}}],"collection":[{"href":"https:\/\/galerie-institut.com\/en\/wp-json\/wp\/v2\/product"}],"about":[{"href":"https:\/\/galerie-institut.com\/en\/wp-json\/wp\/v2\/types\/product"}],"replies":[{"embeddable":true,"href":"https:\/\/galerie-institut.com\/en\/wp-json\/wp\/v2\/comments?post=17167"}],"wp:featuredmedia":[{"embeddable":true,"href":"https:\/\/galerie-institut.com\/en\/wp-json\/wp\/v2\/media\/17169"}],"wp:attachment":[{"href":"https:\/\/galerie-institut.com\/en\/wp-json\/wp\/v2\/media?parent=17167"}],"wp:term":[{"taxonomy":"product_brand","embeddable":true,"href":"https:\/\/galerie-institut.com\/en\/wp-json\/wp\/v2\/product_brand?post=17167"},{"taxonomy":"product_cat","embeddable":true,"href":"https:\/\/galerie-institut.com\/en\/wp-json\/wp\/v2\/product_cat?post=17167"},{"taxonomy":"product_tag","embeddable":true,"href":"https:\/\/galerie-institut.com\/en\/wp-json\/wp\/v2\/product_tag?post=17167"}],"curies":[{"name":"wp","href":"https:\/\/api.w.org\/{rel}","templated":true}]}}