{"id":17138,"date":"2023-07-07T12:40:31","date_gmt":"2023-07-07T12:40:31","guid":{"rendered":"https:\/\/galerie-institut.com\/produit\/buffet-bernard-saint-tropez-bathers-at-tahiti-1979\/"},"modified":"2025-11-21T13:54:04","modified_gmt":"2025-11-21T13:54:04","slug":"buffet-bernard-saint-tropez-baigneuses-tahiti-1979","status":"publish","type":"product","link":"https:\/\/galerie-institut.com\/en\/produit\/buffet-bernard-saint-tropez-baigneuses-tahiti-1979\/","title":{"rendered":"Buffet, Bernard, Saint-Tropez &#8211; Bathers at &#8220;Tahiti&#8221;, 1979"},"content":{"rendered":"<p>1979<\/p>\n<p>Original lithograph in colors, in <em>Saint-Tropez<\/em>, Paris, A.C. Mazo et Cie \u00e9diteur, 1979, pl. 18<\/p>\n<p>54 x 71.5 cm (47 x 64 cm)<\/p>\n<p>Print annotated E.A. lower left and signed by the artist in pencil lower center<\/p>\n<p>Catalogue raisonn\u00e9 : Sorlier 292<\/p>\n","protected":false},"excerpt":{"rendered":"<p><em>Baigneuses \u00e0 &#8220;Tahiti<\/em>&#8220;, an original lithograph by Bernard Buffet, features the vivid colors typical of the artist&#8217;s work. The scene evokes the bright Mediterranean sunlight with the presence of a vacationing couple, perhaps a self-portrait with Annabel. The woman, lying on her back with her hands covering her eyes to protect herself from the sun, and the man, casually lying on his stomach, embody the calm and relaxation of a day at the beach.<\/p>\n","protected":false},"featured_media":17140,"comment_status":"open","ping_status":"closed","template":"","meta":{"_et_pb_use_builder":"","_et_pb_old_content":"","_et_gb_content_width":""},"product_brand":[],"product_cat":[273,267],"product_tag":[180,268],"class_list":{"0":"post-17138","1":"product","2":"type-product","3":"status-publish","4":"has-post-thumbnail","6":"product_cat-buffet","7":"product_cat-estampes","8":"product_tag-lithography","9":"product_tag-print","11":"first","12":"instock","13":"shipping-taxable","14":"product-type-simple"},"yoast_head":"<!-- This site is optimized with the Yoast SEO plugin v27.4 - https:\/\/yoast.com\/product\/yoast-seo-wordpress\/ -->\n<title>Buffet, Bernard, Saint-Tropez - Bathers at &quot;Tahiti&quot;, 1979 - Galerie Institut<\/title>\n<meta name=\"description\" content=\"D\u00e9couvrez l&#039;oeuvre Buffet, Bernard, Saint-Tropez - Bathers at &quot;Tahiti&quot;, 1979 disponible \u00e0 la Galerie de l&#039;Institut. Si vous \u00eates int\u00e9ress\u00e9.e.s par Buffet, Bernard, Saint-Tropez - Bathers at &quot;Tahiti&quot;, 1979 merci de nous contacter \u00e0 contact@galerie-institut.com\" \/>\n<meta name=\"robots\" content=\"index, follow, max-snippet:-1, max-image-preview:large, max-video-preview:-1\" \/>\n<link rel=\"canonical\" href=\"https:\/\/galerie-institut.com\/en\/produit\/buffet-bernard-saint-tropez-baigneuses-tahiti-1979\/\" \/>\n<meta property=\"og:locale\" content=\"en_US\" \/>\n<meta property=\"og:type\" content=\"article\" \/>\n<meta property=\"og:title\" content=\"Buffet, Bernard, Saint-Tropez - Bathers at &quot;Tahiti&quot;, 1979 - Galerie Institut\" \/>\n<meta property=\"og:description\" content=\"D\u00e9couvrez l&#039;oeuvre Buffet, Bernard, Saint-Tropez - Bathers at &quot;Tahiti&quot;, 1979 disponible \u00e0 la Galerie de l&#039;Institut. Si vous \u00eates int\u00e9ress\u00e9.e.s par Buffet, Bernard, Saint-Tropez - Bathers at &quot;Tahiti&quot;, 1979 merci de nous contacter \u00e0 contact@galerie-institut.com\" \/>\n<meta property=\"og:url\" content=\"https:\/\/galerie-institut.com\/en\/produit\/buffet-bernard-saint-tropez-baigneuses-tahiti-1979\/\" \/>\n<meta property=\"og:site_name\" content=\"Galerie Institut\" \/>\n<meta property=\"article:modified_time\" content=\"2025-11-21T13:54:04+00:00\" \/>\n<meta property=\"og:image\" content=\"https:\/\/galerie-institut.com\/wp-content\/uploads\/2023\/06\/buffet-bernard-baigneurs-a-tahiti.jpg\" \/>\n\t<meta property=\"og:image:width\" content=\"1000\" \/>\n\t<meta property=\"og:image:height\" content=\"1000\" \/>\n\t<meta property=\"og:image:type\" content=\"image\/jpeg\" \/>\n<meta name=\"twitter:card\" content=\"summary_large_image\" \/>\n<script type=\"application\/ld+json\" class=\"yoast-schema-graph\">{\"@context\":\"https:\\\/\\\/schema.org\",\"@graph\":[{\"@type\":\"WebPage\",\"@id\":\"https:\\\/\\\/galerie-institut.com\\\/en\\\/produit\\\/buffet-bernard-saint-tropez-baigneuses-tahiti-1979\\\/\",\"url\":\"https:\\\/\\\/galerie-institut.com\\\/en\\\/produit\\\/buffet-bernard-saint-tropez-baigneuses-tahiti-1979\\\/\",\"name\":\"Buffet, Bernard, Saint-Tropez - Bathers at \\\"Tahiti\\\", 1979 - Galerie Institut\",\"isPartOf\":{\"@id\":\"https:\\\/\\\/galerie-institut.com\\\/en\\\/#website\"},\"primaryImageOfPage\":{\"@id\":\"https:\\\/\\\/galerie-institut.com\\\/en\\\/produit\\\/buffet-bernard-saint-tropez-baigneuses-tahiti-1979\\\/#primaryimage\"},\"image\":{\"@id\":\"https:\\\/\\\/galerie-institut.com\\\/en\\\/produit\\\/buffet-bernard-saint-tropez-baigneuses-tahiti-1979\\\/#primaryimage\"},\"thumbnailUrl\":\"https:\\\/\\\/galerie-institut.com\\\/wp-content\\\/uploads\\\/2023\\\/06\\\/buffet-bernard-baigneurs-a-tahiti.jpg\",\"datePublished\":\"2023-07-07T12:40:31+00:00\",\"dateModified\":\"2025-11-21T13:54:04+00:00\",\"description\":\"D\u00e9couvrez l'oeuvre Buffet, Bernard, Saint-Tropez - Bathers at \\\"Tahiti\\\", 1979 disponible \u00e0 la Galerie de l'Institut. Si vous \u00eates int\u00e9ress\u00e9.e.s par Buffet, Bernard, Saint-Tropez - Bathers at \\\"Tahiti\\\", 1979 merci de nous contacter \u00e0 contact@galerie-institut.com\",\"breadcrumb\":{\"@id\":\"https:\\\/\\\/galerie-institut.com\\\/en\\\/produit\\\/buffet-bernard-saint-tropez-baigneuses-tahiti-1979\\\/#breadcrumb\"},\"inLanguage\":\"en-US\",\"potentialAction\":[{\"@type\":\"ReadAction\",\"target\":[\"https:\\\/\\\/galerie-institut.com\\\/en\\\/produit\\\/buffet-bernard-saint-tropez-baigneuses-tahiti-1979\\\/\"]}]},{\"@type\":\"ImageObject\",\"inLanguage\":\"en-US\",\"@id\":\"https:\\\/\\\/galerie-institut.com\\\/en\\\/produit\\\/buffet-bernard-saint-tropez-baigneuses-tahiti-1979\\\/#primaryimage\",\"url\":\"https:\\\/\\\/galerie-institut.com\\\/wp-content\\\/uploads\\\/2023\\\/06\\\/buffet-bernard-baigneurs-a-tahiti.jpg\",\"contentUrl\":\"https:\\\/\\\/galerie-institut.com\\\/wp-content\\\/uploads\\\/2023\\\/06\\\/buffet-bernard-baigneurs-a-tahiti.jpg\",\"width\":1000,\"height\":1000,\"caption\":\"Lithographie Baigneuses \u00e0 \\\"Tahiti\\\", 1979\"},{\"@type\":\"BreadcrumbList\",\"@id\":\"https:\\\/\\\/galerie-institut.com\\\/en\\\/produit\\\/buffet-bernard-saint-tropez-baigneuses-tahiti-1979\\\/#breadcrumb\",\"itemListElement\":[{\"@type\":\"ListItem\",\"position\":1,\"name\":\"Accueil\",\"item\":\"https:\\\/\\\/galerie-institut.com\\\/en\\\/accueil\\\/\"},{\"@type\":\"ListItem\",\"position\":2,\"name\":\"Boutique\",\"item\":\"https:\\\/\\\/galerie-institut.com\\\/?page_id=8607\"},{\"@type\":\"ListItem\",\"position\":3,\"name\":\"Buffet, Bernard, Saint-Tropez &#8211; Bathers at &#8220;Tahiti&#8221;, 1979\"}]},{\"@type\":\"WebSite\",\"@id\":\"https:\\\/\\\/galerie-institut.com\\\/en\\\/#website\",\"url\":\"https:\\\/\\\/galerie-institut.com\\\/en\\\/\",\"name\":\"Galerie Institut\",\"description\":\"\",\"potentialAction\":[{\"@type\":\"SearchAction\",\"target\":{\"@type\":\"EntryPoint\",\"urlTemplate\":\"https:\\\/\\\/galerie-institut.com\\\/en\\\/?s={search_term_string}\"},\"query-input\":{\"@type\":\"PropertyValueSpecification\",\"valueRequired\":true,\"valueName\":\"search_term_string\"}}],\"inLanguage\":\"en-US\"}]}<\/script>\n<!-- \/ Yoast SEO plugin. -->","yoast_head_json":{"title":"Buffet, Bernard, Saint-Tropez - Bathers at \"Tahiti\", 1979 - Galerie Institut","description":"D\u00e9couvrez l'oeuvre Buffet, Bernard, Saint-Tropez - Bathers at \"Tahiti\", 1979 disponible \u00e0 la Galerie de l'Institut. Si vous \u00eates int\u00e9ress\u00e9.e.s par Buffet, Bernard, Saint-Tropez - Bathers at \"Tahiti\", 1979 merci de nous contacter \u00e0 contact@galerie-institut.com","robots":{"index":"index","follow":"follow","max-snippet":"max-snippet:-1","max-image-preview":"max-image-preview:large","max-video-preview":"max-video-preview:-1"},"canonical":"https:\/\/galerie-institut.com\/en\/produit\/buffet-bernard-saint-tropez-baigneuses-tahiti-1979\/","og_locale":"en_US","og_type":"article","og_title":"Buffet, Bernard, Saint-Tropez - Bathers at \"Tahiti\", 1979 - Galerie Institut","og_description":"D\u00e9couvrez l'oeuvre Buffet, Bernard, Saint-Tropez - Bathers at \"Tahiti\", 1979 disponible \u00e0 la Galerie de l'Institut. Si vous \u00eates int\u00e9ress\u00e9.e.s par Buffet, Bernard, Saint-Tropez - Bathers at \"Tahiti\", 1979 merci de nous contacter \u00e0 contact@galerie-institut.com","og_url":"https:\/\/galerie-institut.com\/en\/produit\/buffet-bernard-saint-tropez-baigneuses-tahiti-1979\/","og_site_name":"Galerie Institut","article_modified_time":"2025-11-21T13:54:04+00:00","og_image":[{"width":1000,"height":1000,"url":"https:\/\/galerie-institut.com\/wp-content\/uploads\/2023\/06\/buffet-bernard-baigneurs-a-tahiti.jpg","type":"image\/jpeg"}],"twitter_card":"summary_large_image","schema":{"@context":"https:\/\/schema.org","@graph":[{"@type":"WebPage","@id":"https:\/\/galerie-institut.com\/en\/produit\/buffet-bernard-saint-tropez-baigneuses-tahiti-1979\/","url":"https:\/\/galerie-institut.com\/en\/produit\/buffet-bernard-saint-tropez-baigneuses-tahiti-1979\/","name":"Buffet, Bernard, Saint-Tropez - Bathers at \"Tahiti\", 1979 - Galerie Institut","isPartOf":{"@id":"https:\/\/galerie-institut.com\/en\/#website"},"primaryImageOfPage":{"@id":"https:\/\/galerie-institut.com\/en\/produit\/buffet-bernard-saint-tropez-baigneuses-tahiti-1979\/#primaryimage"},"image":{"@id":"https:\/\/galerie-institut.com\/en\/produit\/buffet-bernard-saint-tropez-baigneuses-tahiti-1979\/#primaryimage"},"thumbnailUrl":"https:\/\/galerie-institut.com\/wp-content\/uploads\/2023\/06\/buffet-bernard-baigneurs-a-tahiti.jpg","datePublished":"2023-07-07T12:40:31+00:00","dateModified":"2025-11-21T13:54:04+00:00","description":"D\u00e9couvrez l'oeuvre Buffet, Bernard, Saint-Tropez - Bathers at \"Tahiti\", 1979 disponible \u00e0 la Galerie de l'Institut. Si vous \u00eates int\u00e9ress\u00e9.e.s par Buffet, Bernard, Saint-Tropez - Bathers at \"Tahiti\", 1979 merci de nous contacter \u00e0 contact@galerie-institut.com","breadcrumb":{"@id":"https:\/\/galerie-institut.com\/en\/produit\/buffet-bernard-saint-tropez-baigneuses-tahiti-1979\/#breadcrumb"},"inLanguage":"en-US","potentialAction":[{"@type":"ReadAction","target":["https:\/\/galerie-institut.com\/en\/produit\/buffet-bernard-saint-tropez-baigneuses-tahiti-1979\/"]}]},{"@type":"ImageObject","inLanguage":"en-US","@id":"https:\/\/galerie-institut.com\/en\/produit\/buffet-bernard-saint-tropez-baigneuses-tahiti-1979\/#primaryimage","url":"https:\/\/galerie-institut.com\/wp-content\/uploads\/2023\/06\/buffet-bernard-baigneurs-a-tahiti.jpg","contentUrl":"https:\/\/galerie-institut.com\/wp-content\/uploads\/2023\/06\/buffet-bernard-baigneurs-a-tahiti.jpg","width":1000,"height":1000,"caption":"Lithographie Baigneuses \u00e0 \"Tahiti\", 1979"},{"@type":"BreadcrumbList","@id":"https:\/\/galerie-institut.com\/en\/produit\/buffet-bernard-saint-tropez-baigneuses-tahiti-1979\/#breadcrumb","itemListElement":[{"@type":"ListItem","position":1,"name":"Accueil","item":"https:\/\/galerie-institut.com\/en\/accueil\/"},{"@type":"ListItem","position":2,"name":"Boutique","item":"https:\/\/galerie-institut.com\/?page_id=8607"},{"@type":"ListItem","position":3,"name":"Buffet, Bernard, Saint-Tropez &#8211; Bathers at &#8220;Tahiti&#8221;, 1979"}]},{"@type":"WebSite","@id":"https:\/\/galerie-institut.com\/en\/#website","url":"https:\/\/galerie-institut.com\/en\/","name":"Galerie Institut","description":"","potentialAction":[{"@type":"SearchAction","target":{"@type":"EntryPoint","urlTemplate":"https:\/\/galerie-institut.com\/en\/?s={search_term_string}"},"query-input":{"@type":"PropertyValueSpecification","valueRequired":true,"valueName":"search_term_string"}}],"inLanguage":"en-US"}]}},"_links":{"self":[{"href":"https:\/\/galerie-institut.com\/en\/wp-json\/wp\/v2\/product\/17138","targetHints":{"allow":["GET"]}}],"collection":[{"href":"https:\/\/galerie-institut.com\/en\/wp-json\/wp\/v2\/product"}],"about":[{"href":"https:\/\/galerie-institut.com\/en\/wp-json\/wp\/v2\/types\/product"}],"replies":[{"embeddable":true,"href":"https:\/\/galerie-institut.com\/en\/wp-json\/wp\/v2\/comments?post=17138"}],"wp:featuredmedia":[{"embeddable":true,"href":"https:\/\/galerie-institut.com\/en\/wp-json\/wp\/v2\/media\/17140"}],"wp:attachment":[{"href":"https:\/\/galerie-institut.com\/en\/wp-json\/wp\/v2\/media?parent=17138"}],"wp:term":[{"taxonomy":"product_brand","embeddable":true,"href":"https:\/\/galerie-institut.com\/en\/wp-json\/wp\/v2\/product_brand?post=17138"},{"taxonomy":"product_cat","embeddable":true,"href":"https:\/\/galerie-institut.com\/en\/wp-json\/wp\/v2\/product_cat?post=17138"},{"taxonomy":"product_tag","embeddable":true,"href":"https:\/\/galerie-institut.com\/en\/wp-json\/wp\/v2\/product_tag?post=17138"}],"curies":[{"name":"wp","href":"https:\/\/api.w.org\/{rel}","templated":true}]}}