{"id":17131,"date":"2023-07-18T16:12:01","date_gmt":"2023-07-18T16:12:01","guid":{"rendered":"https:\/\/galerie-institut.com\/produit\/buffet-bernardbathers-in-tahiti-mixed-media-1979\/"},"modified":"2025-11-21T13:54:01","modified_gmt":"2025-11-21T13:54:01","slug":"buffet-bernard-baigneuses-tahiti-technique-mixte-1979","status":"publish","type":"product","link":"https:\/\/galerie-institut.com\/en\/produit\/buffet-bernard-baigneuses-tahiti-technique-mixte-1979\/","title":{"rendered":"Buffet, Bernard,Bathers in &#8220;Tahiti&#8221; (mixed media), 1979"},"content":{"rendered":"<p>1979<\/p>\n<p>Gouache in preparation for the lithograph for <em>Saint-Tropez, <\/em>Paris, A.C. Mazo et Cie \u00e9diteur, 1979, pl.18<\/p>\n<p>46.9 x 63.8 cm.<\/p>\n<p>Signed by the artist top left<\/p>\n<p>Catalogue raisonn\u00e9 : Sorlier 292<\/p>\n","protected":false},"excerpt":{"rendered":"<p>1979 Gouache in preparation for the lithograph for Saint-Tropez, Paris, A.C. Mazo et Cie \u00e9diteur, 1979, pl.18 46.9 x 63.8 cm. Signed by the artist top left Catalogue raisonn\u00e9 : Sorlier 292<\/p>\n","protected":false},"featured_media":17132,"comment_status":"open","ping_status":"closed","template":"","meta":{"_et_pb_use_builder":"","_et_pb_old_content":"","_et_gb_content_width":""},"product_brand":[],"product_cat":[273,272],"product_tag":[177,274],"class_list":{"0":"post-17131","1":"product","2":"type-product","3":"status-publish","4":"has-post-thumbnail","6":"product_cat-buffet","7":"product_cat-unique-works","8":"product_tag-gouache-en","9":"product_tag-table","11":"first","12":"instock","13":"shipping-taxable","14":"product-type-simple"},"yoast_head":"<!-- This site is optimized with the Yoast SEO plugin v27.4 - https:\/\/yoast.com\/product\/yoast-seo-wordpress\/ -->\n<title>Buffet, Bernard,Bathers in &quot;Tahiti&quot; (mixed media), 1979 - Galerie Institut<\/title>\n<meta name=\"description\" content=\"D\u00e9couvrez l&#039;oeuvre Buffet, Bernard,Bathers in &quot;Tahiti&quot; (mixed media), 1979 disponible \u00e0 la Galerie de l&#039;Institut. Si vous \u00eates int\u00e9ress\u00e9.e.s par Buffet, Bernard,Bathers in &quot;Tahiti&quot; (mixed media), 1979 merci de nous contacter \u00e0 contact@galerie-institut.com\" \/>\n<meta name=\"robots\" content=\"index, follow, max-snippet:-1, max-image-preview:large, max-video-preview:-1\" \/>\n<link rel=\"canonical\" href=\"https:\/\/galerie-institut.com\/en\/produit\/buffet-bernard-baigneuses-tahiti-technique-mixte-1979\/\" \/>\n<meta property=\"og:locale\" content=\"en_US\" \/>\n<meta property=\"og:type\" content=\"article\" \/>\n<meta property=\"og:title\" content=\"Buffet, Bernard,Bathers in &quot;Tahiti&quot; (mixed media), 1979 - Galerie Institut\" \/>\n<meta property=\"og:description\" content=\"D\u00e9couvrez l&#039;oeuvre Buffet, Bernard,Bathers in &quot;Tahiti&quot; (mixed media), 1979 disponible \u00e0 la Galerie de l&#039;Institut. Si vous \u00eates int\u00e9ress\u00e9.e.s par Buffet, Bernard,Bathers in &quot;Tahiti&quot; (mixed media), 1979 merci de nous contacter \u00e0 contact@galerie-institut.com\" \/>\n<meta property=\"og:url\" content=\"https:\/\/galerie-institut.com\/en\/produit\/buffet-bernard-baigneuses-tahiti-technique-mixte-1979\/\" \/>\n<meta property=\"og:site_name\" content=\"Galerie Institut\" \/>\n<meta property=\"article:modified_time\" content=\"2025-11-21T13:54:01+00:00\" \/>\n<meta property=\"og:image\" content=\"https:\/\/galerie-institut.com\/wp-content\/uploads\/2023\/07\/baigneuses-tahiti-fd-blanc.jpg\" \/>\n\t<meta property=\"og:image:width\" content=\"1000\" \/>\n\t<meta property=\"og:image:height\" content=\"1000\" \/>\n\t<meta property=\"og:image:type\" content=\"image\/jpeg\" \/>\n<meta name=\"twitter:card\" content=\"summary_large_image\" \/>\n<script type=\"application\/ld+json\" class=\"yoast-schema-graph\">{\"@context\":\"https:\\\/\\\/schema.org\",\"@graph\":[{\"@type\":\"WebPage\",\"@id\":\"https:\\\/\\\/galerie-institut.com\\\/en\\\/produit\\\/buffet-bernard-baigneuses-tahiti-technique-mixte-1979\\\/\",\"url\":\"https:\\\/\\\/galerie-institut.com\\\/en\\\/produit\\\/buffet-bernard-baigneuses-tahiti-technique-mixte-1979\\\/\",\"name\":\"Buffet, Bernard,Bathers in \\\"Tahiti\\\" (mixed media), 1979 - Galerie Institut\",\"isPartOf\":{\"@id\":\"https:\\\/\\\/galerie-institut.com\\\/en\\\/#website\"},\"primaryImageOfPage\":{\"@id\":\"https:\\\/\\\/galerie-institut.com\\\/en\\\/produit\\\/buffet-bernard-baigneuses-tahiti-technique-mixte-1979\\\/#primaryimage\"},\"image\":{\"@id\":\"https:\\\/\\\/galerie-institut.com\\\/en\\\/produit\\\/buffet-bernard-baigneuses-tahiti-technique-mixte-1979\\\/#primaryimage\"},\"thumbnailUrl\":\"https:\\\/\\\/galerie-institut.com\\\/wp-content\\\/uploads\\\/2023\\\/07\\\/baigneuses-tahiti-fd-blanc.jpg\",\"datePublished\":\"2023-07-18T16:12:01+00:00\",\"dateModified\":\"2025-11-21T13:54:01+00:00\",\"description\":\"D\u00e9couvrez l'oeuvre Buffet, Bernard,Bathers in \\\"Tahiti\\\" (mixed media), 1979 disponible \u00e0 la Galerie de l'Institut. Si vous \u00eates int\u00e9ress\u00e9.e.s par Buffet, Bernard,Bathers in \\\"Tahiti\\\" (mixed media), 1979 merci de nous contacter \u00e0 contact@galerie-institut.com\",\"breadcrumb\":{\"@id\":\"https:\\\/\\\/galerie-institut.com\\\/en\\\/produit\\\/buffet-bernard-baigneuses-tahiti-technique-mixte-1979\\\/#breadcrumb\"},\"inLanguage\":\"en-US\",\"potentialAction\":[{\"@type\":\"ReadAction\",\"target\":[\"https:\\\/\\\/galerie-institut.com\\\/en\\\/produit\\\/buffet-bernard-baigneuses-tahiti-technique-mixte-1979\\\/\"]}]},{\"@type\":\"ImageObject\",\"inLanguage\":\"en-US\",\"@id\":\"https:\\\/\\\/galerie-institut.com\\\/en\\\/produit\\\/buffet-bernard-baigneuses-tahiti-technique-mixte-1979\\\/#primaryimage\",\"url\":\"https:\\\/\\\/galerie-institut.com\\\/wp-content\\\/uploads\\\/2023\\\/07\\\/baigneuses-tahiti-fd-blanc.jpg\",\"contentUrl\":\"https:\\\/\\\/galerie-institut.com\\\/wp-content\\\/uploads\\\/2023\\\/07\\\/baigneuses-tahiti-fd-blanc.jpg\",\"width\":1000,\"height\":1000,\"caption\":\"Technique mixte (gouache, encre de Chine, crayon) repr\u00e9sentant deux personnes allong\u00e9es sur une plage \u00e0 Saint-Tropez, avec un parasol orange, la mer en fond et un bateau (yacht) mouillant. Effet de perspective tr\u00e8s accentu\u00e9, couleurs tr\u00e8s vives\"},{\"@type\":\"BreadcrumbList\",\"@id\":\"https:\\\/\\\/galerie-institut.com\\\/en\\\/produit\\\/buffet-bernard-baigneuses-tahiti-technique-mixte-1979\\\/#breadcrumb\",\"itemListElement\":[{\"@type\":\"ListItem\",\"position\":1,\"name\":\"Accueil\",\"item\":\"https:\\\/\\\/galerie-institut.com\\\/en\\\/accueil\\\/\"},{\"@type\":\"ListItem\",\"position\":2,\"name\":\"Boutique\",\"item\":\"https:\\\/\\\/galerie-institut.com\\\/?page_id=8607\"},{\"@type\":\"ListItem\",\"position\":3,\"name\":\"Buffet, Bernard,Bathers in &#8220;Tahiti&#8221; (mixed media), 1979\"}]},{\"@type\":\"WebSite\",\"@id\":\"https:\\\/\\\/galerie-institut.com\\\/en\\\/#website\",\"url\":\"https:\\\/\\\/galerie-institut.com\\\/en\\\/\",\"name\":\"Galerie Institut\",\"description\":\"\",\"potentialAction\":[{\"@type\":\"SearchAction\",\"target\":{\"@type\":\"EntryPoint\",\"urlTemplate\":\"https:\\\/\\\/galerie-institut.com\\\/en\\\/?s={search_term_string}\"},\"query-input\":{\"@type\":\"PropertyValueSpecification\",\"valueRequired\":true,\"valueName\":\"search_term_string\"}}],\"inLanguage\":\"en-US\"}]}<\/script>\n<!-- \/ Yoast SEO plugin. -->","yoast_head_json":{"title":"Buffet, Bernard,Bathers in \"Tahiti\" (mixed media), 1979 - Galerie Institut","description":"D\u00e9couvrez l'oeuvre Buffet, Bernard,Bathers in \"Tahiti\" (mixed media), 1979 disponible \u00e0 la Galerie de l'Institut. Si vous \u00eates int\u00e9ress\u00e9.e.s par Buffet, Bernard,Bathers in \"Tahiti\" (mixed media), 1979 merci de nous contacter \u00e0 contact@galerie-institut.com","robots":{"index":"index","follow":"follow","max-snippet":"max-snippet:-1","max-image-preview":"max-image-preview:large","max-video-preview":"max-video-preview:-1"},"canonical":"https:\/\/galerie-institut.com\/en\/produit\/buffet-bernard-baigneuses-tahiti-technique-mixte-1979\/","og_locale":"en_US","og_type":"article","og_title":"Buffet, Bernard,Bathers in \"Tahiti\" (mixed media), 1979 - Galerie Institut","og_description":"D\u00e9couvrez l'oeuvre Buffet, Bernard,Bathers in \"Tahiti\" (mixed media), 1979 disponible \u00e0 la Galerie de l'Institut. Si vous \u00eates int\u00e9ress\u00e9.e.s par Buffet, Bernard,Bathers in \"Tahiti\" (mixed media), 1979 merci de nous contacter \u00e0 contact@galerie-institut.com","og_url":"https:\/\/galerie-institut.com\/en\/produit\/buffet-bernard-baigneuses-tahiti-technique-mixte-1979\/","og_site_name":"Galerie Institut","article_modified_time":"2025-11-21T13:54:01+00:00","og_image":[{"width":1000,"height":1000,"url":"https:\/\/galerie-institut.com\/wp-content\/uploads\/2023\/07\/baigneuses-tahiti-fd-blanc.jpg","type":"image\/jpeg"}],"twitter_card":"summary_large_image","schema":{"@context":"https:\/\/schema.org","@graph":[{"@type":"WebPage","@id":"https:\/\/galerie-institut.com\/en\/produit\/buffet-bernard-baigneuses-tahiti-technique-mixte-1979\/","url":"https:\/\/galerie-institut.com\/en\/produit\/buffet-bernard-baigneuses-tahiti-technique-mixte-1979\/","name":"Buffet, Bernard,Bathers in \"Tahiti\" (mixed media), 1979 - Galerie Institut","isPartOf":{"@id":"https:\/\/galerie-institut.com\/en\/#website"},"primaryImageOfPage":{"@id":"https:\/\/galerie-institut.com\/en\/produit\/buffet-bernard-baigneuses-tahiti-technique-mixte-1979\/#primaryimage"},"image":{"@id":"https:\/\/galerie-institut.com\/en\/produit\/buffet-bernard-baigneuses-tahiti-technique-mixte-1979\/#primaryimage"},"thumbnailUrl":"https:\/\/galerie-institut.com\/wp-content\/uploads\/2023\/07\/baigneuses-tahiti-fd-blanc.jpg","datePublished":"2023-07-18T16:12:01+00:00","dateModified":"2025-11-21T13:54:01+00:00","description":"D\u00e9couvrez l'oeuvre Buffet, Bernard,Bathers in \"Tahiti\" (mixed media), 1979 disponible \u00e0 la Galerie de l'Institut. Si vous \u00eates int\u00e9ress\u00e9.e.s par Buffet, Bernard,Bathers in \"Tahiti\" (mixed media), 1979 merci de nous contacter \u00e0 contact@galerie-institut.com","breadcrumb":{"@id":"https:\/\/galerie-institut.com\/en\/produit\/buffet-bernard-baigneuses-tahiti-technique-mixte-1979\/#breadcrumb"},"inLanguage":"en-US","potentialAction":[{"@type":"ReadAction","target":["https:\/\/galerie-institut.com\/en\/produit\/buffet-bernard-baigneuses-tahiti-technique-mixte-1979\/"]}]},{"@type":"ImageObject","inLanguage":"en-US","@id":"https:\/\/galerie-institut.com\/en\/produit\/buffet-bernard-baigneuses-tahiti-technique-mixte-1979\/#primaryimage","url":"https:\/\/galerie-institut.com\/wp-content\/uploads\/2023\/07\/baigneuses-tahiti-fd-blanc.jpg","contentUrl":"https:\/\/galerie-institut.com\/wp-content\/uploads\/2023\/07\/baigneuses-tahiti-fd-blanc.jpg","width":1000,"height":1000,"caption":"Technique mixte (gouache, encre de Chine, crayon) repr\u00e9sentant deux personnes allong\u00e9es sur une plage \u00e0 Saint-Tropez, avec un parasol orange, la mer en fond et un bateau (yacht) mouillant. Effet de perspective tr\u00e8s accentu\u00e9, couleurs tr\u00e8s vives"},{"@type":"BreadcrumbList","@id":"https:\/\/galerie-institut.com\/en\/produit\/buffet-bernard-baigneuses-tahiti-technique-mixte-1979\/#breadcrumb","itemListElement":[{"@type":"ListItem","position":1,"name":"Accueil","item":"https:\/\/galerie-institut.com\/en\/accueil\/"},{"@type":"ListItem","position":2,"name":"Boutique","item":"https:\/\/galerie-institut.com\/?page_id=8607"},{"@type":"ListItem","position":3,"name":"Buffet, Bernard,Bathers in &#8220;Tahiti&#8221; (mixed media), 1979"}]},{"@type":"WebSite","@id":"https:\/\/galerie-institut.com\/en\/#website","url":"https:\/\/galerie-institut.com\/en\/","name":"Galerie Institut","description":"","potentialAction":[{"@type":"SearchAction","target":{"@type":"EntryPoint","urlTemplate":"https:\/\/galerie-institut.com\/en\/?s={search_term_string}"},"query-input":{"@type":"PropertyValueSpecification","valueRequired":true,"valueName":"search_term_string"}}],"inLanguage":"en-US"}]}},"_links":{"self":[{"href":"https:\/\/galerie-institut.com\/en\/wp-json\/wp\/v2\/product\/17131","targetHints":{"allow":["GET"]}}],"collection":[{"href":"https:\/\/galerie-institut.com\/en\/wp-json\/wp\/v2\/product"}],"about":[{"href":"https:\/\/galerie-institut.com\/en\/wp-json\/wp\/v2\/types\/product"}],"replies":[{"embeddable":true,"href":"https:\/\/galerie-institut.com\/en\/wp-json\/wp\/v2\/comments?post=17131"}],"wp:featuredmedia":[{"embeddable":true,"href":"https:\/\/galerie-institut.com\/en\/wp-json\/wp\/v2\/media\/17132"}],"wp:attachment":[{"href":"https:\/\/galerie-institut.com\/en\/wp-json\/wp\/v2\/media?parent=17131"}],"wp:term":[{"taxonomy":"product_brand","embeddable":true,"href":"https:\/\/galerie-institut.com\/en\/wp-json\/wp\/v2\/product_brand?post=17131"},{"taxonomy":"product_cat","embeddable":true,"href":"https:\/\/galerie-institut.com\/en\/wp-json\/wp\/v2\/product_cat?post=17131"},{"taxonomy":"product_tag","embeddable":true,"href":"https:\/\/galerie-institut.com\/en\/wp-json\/wp\/v2\/product_tag?post=17131"}],"curies":[{"name":"wp","href":"https:\/\/api.w.org\/{rel}","templated":true}]}}