{"id":17127,"date":"2023-07-18T16:04:08","date_gmt":"2023-07-18T16:04:08","guid":{"rendered":"https:\/\/galerie-institut.com\/produit\/buffet-bernardle-clocher-de-la-misericorde-mixed-media-1978\/"},"modified":"2025-11-21T13:54:00","modified_gmt":"2025-11-21T13:54:00","slug":"buffet-bernard-clocher-misericorde-technique-mixte-1978","status":"publish","type":"product","link":"https:\/\/galerie-institut.com\/en\/produit\/buffet-bernard-clocher-misericorde-technique-mixte-1978\/","title":{"rendered":"Buffet, Bernard,Le Clocher de la Mis\u00e9ricorde (mixed media), 1978"},"content":{"rendered":"<p>1978<\/p>\n<p>Preparatory gouache for lithograph plate 17 for the album <em>Saint-Tropez, <\/em>Paris, A.C. Mazo et Cie \u00e9diteur, 1979.<\/p>\n<p>Mixed media on paper measuring 47&#215;64 cm and the subject measuring 47&#215;32 cm<\/p>\n<p>Signed and dated by the artist upper right<\/p>\n<p>Catalogue raisonn\u00e9 : Sorlier 291<\/p>\n","protected":false},"excerpt":{"rendered":"<p>This preparatory lithographic model presents a new perspective of the Chapelle de la Mis\u00e9ricorde, the former chapel of the Confr\u00e9rie des Penitents Noirs, dating from the mid-17th century and located in the town center, in the former district of the great sailing families. Its bell tower, with its glazed tile dome, is a remarkable architectural feature. <\/p>\n<p>The image is enlivened by the use of purple on the left-hand side of the composition, featuring a flowery wall, as well as light green for the shutters and luminous yellow on the right. Bernard Buffet&#8217;s signature and the year of production &#8220;78&#8221; (for 1978) blend into the black lines of the work. <\/p>\n","protected":false},"featured_media":17128,"comment_status":"open","ping_status":"closed","template":"","meta":{"_et_pb_use_builder":"","_et_pb_old_content":"","_et_gb_content_width":""},"product_brand":[],"product_cat":[273,272],"product_tag":[177,274],"class_list":{"0":"post-17127","1":"product","2":"type-product","3":"status-publish","4":"has-post-thumbnail","6":"product_cat-buffet","7":"product_cat-unique-works","8":"product_tag-gouache-en","9":"product_tag-table","11":"first","12":"instock","13":"shipping-taxable","14":"product-type-simple"},"yoast_head":"<!-- This site is optimized with the Yoast SEO plugin v27.4 - https:\/\/yoast.com\/product\/yoast-seo-wordpress\/ -->\n<title>Buffet, Bernard,Le Clocher de la Mis\u00e9ricorde (mixed media), 1978 - Galerie Institut<\/title>\n<meta name=\"description\" content=\"D\u00e9couvrez l&#039;oeuvre Buffet, Bernard,Le Clocher de la Mis\u00e9ricorde (mixed media), 1978 disponible \u00e0 la Galerie de l&#039;Institut. Si vous \u00eates int\u00e9ress\u00e9.e.s par Buffet, Bernard,Le Clocher de la Mis\u00e9ricorde (mixed media), 1978 merci de nous contacter \u00e0 contact@galerie-institut.com\" \/>\n<meta name=\"robots\" content=\"index, follow, max-snippet:-1, max-image-preview:large, max-video-preview:-1\" \/>\n<link rel=\"canonical\" href=\"https:\/\/galerie-institut.com\/en\/produit\/buffet-bernard-clocher-misericorde-technique-mixte-1978\/\" \/>\n<meta property=\"og:locale\" content=\"en_US\" \/>\n<meta property=\"og:type\" content=\"article\" \/>\n<meta property=\"og:title\" content=\"Buffet, Bernard,Le Clocher de la Mis\u00e9ricorde (mixed media), 1978 - Galerie Institut\" \/>\n<meta property=\"og:description\" content=\"D\u00e9couvrez l&#039;oeuvre Buffet, Bernard,Le Clocher de la Mis\u00e9ricorde (mixed media), 1978 disponible \u00e0 la Galerie de l&#039;Institut. Si vous \u00eates int\u00e9ress\u00e9.e.s par Buffet, Bernard,Le Clocher de la Mis\u00e9ricorde (mixed media), 1978 merci de nous contacter \u00e0 contact@galerie-institut.com\" \/>\n<meta property=\"og:url\" content=\"https:\/\/galerie-institut.com\/en\/produit\/buffet-bernard-clocher-misericorde-technique-mixte-1978\/\" \/>\n<meta property=\"og:site_name\" content=\"Galerie Institut\" \/>\n<meta property=\"article:modified_time\" content=\"2025-11-21T13:54:00+00:00\" \/>\n<meta property=\"og:image\" content=\"https:\/\/galerie-institut.com\/wp-content\/uploads\/2023\/07\/clocher-misericorde-fd-blanc.jpg\" \/>\n\t<meta property=\"og:image:width\" content=\"1000\" \/>\n\t<meta property=\"og:image:height\" content=\"1000\" \/>\n\t<meta property=\"og:image:type\" content=\"image\/jpeg\" \/>\n<meta name=\"twitter:card\" content=\"summary_large_image\" \/>\n<script type=\"application\/ld+json\" class=\"yoast-schema-graph\">{\"@context\":\"https:\\\/\\\/schema.org\",\"@graph\":[{\"@type\":\"WebPage\",\"@id\":\"https:\\\/\\\/galerie-institut.com\\\/en\\\/produit\\\/buffet-bernard-clocher-misericorde-technique-mixte-1978\\\/\",\"url\":\"https:\\\/\\\/galerie-institut.com\\\/en\\\/produit\\\/buffet-bernard-clocher-misericorde-technique-mixte-1978\\\/\",\"name\":\"Buffet, Bernard,Le Clocher de la Mis\u00e9ricorde (mixed media), 1978 - Galerie Institut\",\"isPartOf\":{\"@id\":\"https:\\\/\\\/galerie-institut.com\\\/en\\\/#website\"},\"primaryImageOfPage\":{\"@id\":\"https:\\\/\\\/galerie-institut.com\\\/en\\\/produit\\\/buffet-bernard-clocher-misericorde-technique-mixte-1978\\\/#primaryimage\"},\"image\":{\"@id\":\"https:\\\/\\\/galerie-institut.com\\\/en\\\/produit\\\/buffet-bernard-clocher-misericorde-technique-mixte-1978\\\/#primaryimage\"},\"thumbnailUrl\":\"https:\\\/\\\/galerie-institut.com\\\/wp-content\\\/uploads\\\/2023\\\/07\\\/clocher-misericorde-fd-blanc.jpg\",\"datePublished\":\"2023-07-18T16:04:08+00:00\",\"dateModified\":\"2025-11-21T13:54:00+00:00\",\"description\":\"D\u00e9couvrez l'oeuvre Buffet, Bernard,Le Clocher de la Mis\u00e9ricorde (mixed media), 1978 disponible \u00e0 la Galerie de l'Institut. Si vous \u00eates int\u00e9ress\u00e9.e.s par Buffet, Bernard,Le Clocher de la Mis\u00e9ricorde (mixed media), 1978 merci de nous contacter \u00e0 contact@galerie-institut.com\",\"breadcrumb\":{\"@id\":\"https:\\\/\\\/galerie-institut.com\\\/en\\\/produit\\\/buffet-bernard-clocher-misericorde-technique-mixte-1978\\\/#breadcrumb\"},\"inLanguage\":\"en-US\",\"potentialAction\":[{\"@type\":\"ReadAction\",\"target\":[\"https:\\\/\\\/galerie-institut.com\\\/en\\\/produit\\\/buffet-bernard-clocher-misericorde-technique-mixte-1978\\\/\"]}]},{\"@type\":\"ImageObject\",\"inLanguage\":\"en-US\",\"@id\":\"https:\\\/\\\/galerie-institut.com\\\/en\\\/produit\\\/buffet-bernard-clocher-misericorde-technique-mixte-1978\\\/#primaryimage\",\"url\":\"https:\\\/\\\/galerie-institut.com\\\/wp-content\\\/uploads\\\/2023\\\/07\\\/clocher-misericorde-fd-blanc.jpg\",\"contentUrl\":\"https:\\\/\\\/galerie-institut.com\\\/wp-content\\\/uploads\\\/2023\\\/07\\\/clocher-misericorde-fd-blanc.jpg\",\"width\":1000,\"height\":1000,\"caption\":\"Mixed media (gouache, Indian ink and pencil) depicting the Mis\u00e9ricorde bell tower in Saint-Tropez\"},{\"@type\":\"BreadcrumbList\",\"@id\":\"https:\\\/\\\/galerie-institut.com\\\/en\\\/produit\\\/buffet-bernard-clocher-misericorde-technique-mixte-1978\\\/#breadcrumb\",\"itemListElement\":[{\"@type\":\"ListItem\",\"position\":1,\"name\":\"Accueil\",\"item\":\"https:\\\/\\\/galerie-institut.com\\\/en\\\/accueil\\\/\"},{\"@type\":\"ListItem\",\"position\":2,\"name\":\"Boutique\",\"item\":\"https:\\\/\\\/galerie-institut.com\\\/?page_id=8607\"},{\"@type\":\"ListItem\",\"position\":3,\"name\":\"Buffet, Bernard,Le Clocher de la Mis\u00e9ricorde (mixed media), 1978\"}]},{\"@type\":\"WebSite\",\"@id\":\"https:\\\/\\\/galerie-institut.com\\\/en\\\/#website\",\"url\":\"https:\\\/\\\/galerie-institut.com\\\/en\\\/\",\"name\":\"Galerie Institut\",\"description\":\"\",\"potentialAction\":[{\"@type\":\"SearchAction\",\"target\":{\"@type\":\"EntryPoint\",\"urlTemplate\":\"https:\\\/\\\/galerie-institut.com\\\/en\\\/?s={search_term_string}\"},\"query-input\":{\"@type\":\"PropertyValueSpecification\",\"valueRequired\":true,\"valueName\":\"search_term_string\"}}],\"inLanguage\":\"en-US\"}]}<\/script>\n<!-- \/ Yoast SEO plugin. -->","yoast_head_json":{"title":"Buffet, Bernard,Le Clocher de la Mis\u00e9ricorde (mixed media), 1978 - Galerie Institut","description":"D\u00e9couvrez l'oeuvre Buffet, Bernard,Le Clocher de la Mis\u00e9ricorde (mixed media), 1978 disponible \u00e0 la Galerie de l'Institut. Si vous \u00eates int\u00e9ress\u00e9.e.s par Buffet, Bernard,Le Clocher de la Mis\u00e9ricorde (mixed media), 1978 merci de nous contacter \u00e0 contact@galerie-institut.com","robots":{"index":"index","follow":"follow","max-snippet":"max-snippet:-1","max-image-preview":"max-image-preview:large","max-video-preview":"max-video-preview:-1"},"canonical":"https:\/\/galerie-institut.com\/en\/produit\/buffet-bernard-clocher-misericorde-technique-mixte-1978\/","og_locale":"en_US","og_type":"article","og_title":"Buffet, Bernard,Le Clocher de la Mis\u00e9ricorde (mixed media), 1978 - Galerie Institut","og_description":"D\u00e9couvrez l'oeuvre Buffet, Bernard,Le Clocher de la Mis\u00e9ricorde (mixed media), 1978 disponible \u00e0 la Galerie de l'Institut. Si vous \u00eates int\u00e9ress\u00e9.e.s par Buffet, Bernard,Le Clocher de la Mis\u00e9ricorde (mixed media), 1978 merci de nous contacter \u00e0 contact@galerie-institut.com","og_url":"https:\/\/galerie-institut.com\/en\/produit\/buffet-bernard-clocher-misericorde-technique-mixte-1978\/","og_site_name":"Galerie Institut","article_modified_time":"2025-11-21T13:54:00+00:00","og_image":[{"width":1000,"height":1000,"url":"https:\/\/galerie-institut.com\/wp-content\/uploads\/2023\/07\/clocher-misericorde-fd-blanc.jpg","type":"image\/jpeg"}],"twitter_card":"summary_large_image","schema":{"@context":"https:\/\/schema.org","@graph":[{"@type":"WebPage","@id":"https:\/\/galerie-institut.com\/en\/produit\/buffet-bernard-clocher-misericorde-technique-mixte-1978\/","url":"https:\/\/galerie-institut.com\/en\/produit\/buffet-bernard-clocher-misericorde-technique-mixte-1978\/","name":"Buffet, Bernard,Le Clocher de la Mis\u00e9ricorde (mixed media), 1978 - Galerie Institut","isPartOf":{"@id":"https:\/\/galerie-institut.com\/en\/#website"},"primaryImageOfPage":{"@id":"https:\/\/galerie-institut.com\/en\/produit\/buffet-bernard-clocher-misericorde-technique-mixte-1978\/#primaryimage"},"image":{"@id":"https:\/\/galerie-institut.com\/en\/produit\/buffet-bernard-clocher-misericorde-technique-mixte-1978\/#primaryimage"},"thumbnailUrl":"https:\/\/galerie-institut.com\/wp-content\/uploads\/2023\/07\/clocher-misericorde-fd-blanc.jpg","datePublished":"2023-07-18T16:04:08+00:00","dateModified":"2025-11-21T13:54:00+00:00","description":"D\u00e9couvrez l'oeuvre Buffet, Bernard,Le Clocher de la Mis\u00e9ricorde (mixed media), 1978 disponible \u00e0 la Galerie de l'Institut. Si vous \u00eates int\u00e9ress\u00e9.e.s par Buffet, Bernard,Le Clocher de la Mis\u00e9ricorde (mixed media), 1978 merci de nous contacter \u00e0 contact@galerie-institut.com","breadcrumb":{"@id":"https:\/\/galerie-institut.com\/en\/produit\/buffet-bernard-clocher-misericorde-technique-mixte-1978\/#breadcrumb"},"inLanguage":"en-US","potentialAction":[{"@type":"ReadAction","target":["https:\/\/galerie-institut.com\/en\/produit\/buffet-bernard-clocher-misericorde-technique-mixte-1978\/"]}]},{"@type":"ImageObject","inLanguage":"en-US","@id":"https:\/\/galerie-institut.com\/en\/produit\/buffet-bernard-clocher-misericorde-technique-mixte-1978\/#primaryimage","url":"https:\/\/galerie-institut.com\/wp-content\/uploads\/2023\/07\/clocher-misericorde-fd-blanc.jpg","contentUrl":"https:\/\/galerie-institut.com\/wp-content\/uploads\/2023\/07\/clocher-misericorde-fd-blanc.jpg","width":1000,"height":1000,"caption":"Mixed media (gouache, Indian ink and pencil) depicting the Mis\u00e9ricorde bell tower in Saint-Tropez"},{"@type":"BreadcrumbList","@id":"https:\/\/galerie-institut.com\/en\/produit\/buffet-bernard-clocher-misericorde-technique-mixte-1978\/#breadcrumb","itemListElement":[{"@type":"ListItem","position":1,"name":"Accueil","item":"https:\/\/galerie-institut.com\/en\/accueil\/"},{"@type":"ListItem","position":2,"name":"Boutique","item":"https:\/\/galerie-institut.com\/?page_id=8607"},{"@type":"ListItem","position":3,"name":"Buffet, Bernard,Le Clocher de la Mis\u00e9ricorde (mixed media), 1978"}]},{"@type":"WebSite","@id":"https:\/\/galerie-institut.com\/en\/#website","url":"https:\/\/galerie-institut.com\/en\/","name":"Galerie Institut","description":"","potentialAction":[{"@type":"SearchAction","target":{"@type":"EntryPoint","urlTemplate":"https:\/\/galerie-institut.com\/en\/?s={search_term_string}"},"query-input":{"@type":"PropertyValueSpecification","valueRequired":true,"valueName":"search_term_string"}}],"inLanguage":"en-US"}]}},"_links":{"self":[{"href":"https:\/\/galerie-institut.com\/en\/wp-json\/wp\/v2\/product\/17127","targetHints":{"allow":["GET"]}}],"collection":[{"href":"https:\/\/galerie-institut.com\/en\/wp-json\/wp\/v2\/product"}],"about":[{"href":"https:\/\/galerie-institut.com\/en\/wp-json\/wp\/v2\/types\/product"}],"replies":[{"embeddable":true,"href":"https:\/\/galerie-institut.com\/en\/wp-json\/wp\/v2\/comments?post=17127"}],"wp:featuredmedia":[{"embeddable":true,"href":"https:\/\/galerie-institut.com\/en\/wp-json\/wp\/v2\/media\/17128"}],"wp:attachment":[{"href":"https:\/\/galerie-institut.com\/en\/wp-json\/wp\/v2\/media?parent=17127"}],"wp:term":[{"taxonomy":"product_brand","embeddable":true,"href":"https:\/\/galerie-institut.com\/en\/wp-json\/wp\/v2\/product_brand?post=17127"},{"taxonomy":"product_cat","embeddable":true,"href":"https:\/\/galerie-institut.com\/en\/wp-json\/wp\/v2\/product_cat?post=17127"},{"taxonomy":"product_tag","embeddable":true,"href":"https:\/\/galerie-institut.com\/en\/wp-json\/wp\/v2\/product_tag?post=17127"}],"curies":[{"name":"wp","href":"https:\/\/api.w.org\/{rel}","templated":true}]}}