{"id":17100,"date":"2023-07-22T09:40:24","date_gmt":"2023-07-22T09:40:24","guid":{"rendered":"https:\/\/galerie-institut.com\/produit\/picasso-pablo-buste-de-femme-avec-fichu-1939\/"},"modified":"2026-04-27T09:01:22","modified_gmt":"2026-04-27T09:01:22","slug":"picasso-pablo-buste-femme-fichu-1939","status":"publish","type":"product","link":"https:\/\/galerie-institut.com\/en\/produit\/picasso-pablo-buste-femme-fichu-1939\/","title":{"rendered":"Picasso, Pablo, Buste de femme avec fichu, 1939"},"content":{"rendered":"<p>1939<\/p>\n<p>Aquatint, scraper and burin on Vidalon white wove paper<\/p>\n<p>49.5 x 40.70 cm (25.8 x 22.2 cm)<\/p>\n<p>Signed and annotated &#8220;Bon \u00e0 tirer&#8221;<\/p>\n<p>Catalogue raisonn\u00e9: Bloch 324; Baer 672 II C<\/p>\n<p>\u00a9Succession Picasso 2026<\/p>\n","protected":false},"excerpt":{"rendered":"<p>1939 Aquatint, scraper and burin on Vidalon white wove paper 49.5 x 40.70 cm (25.8 x 22.2 cm) Signed and annotated &#8220;Bon \u00e0 tirer&#8221; Catalogue raisonn\u00e9: Bloch 324; Baer 672 II C \u00a9Succession Picasso 2026<\/p>\n","protected":false},"featured_media":17102,"comment_status":"open","ping_status":"closed","template":"","meta":{"_et_pb_use_builder":"","_et_pb_old_content":"","_et_gb_content_width":""},"product_brand":[],"product_cat":[267,266],"product_tag":[159,268],"class_list":{"0":"post-17100","1":"product","2":"type-product","3":"status-publish","4":"has-post-thumbnail","6":"product_cat-estampes","7":"product_cat-works-of-art-by-pablo-picasso","8":"product_tag-aquatint","9":"product_tag-print","11":"first","12":"instock","13":"shipping-taxable","14":"product-type-simple"},"yoast_head":"<!-- This site is optimized with the Yoast SEO plugin v27.5 - https:\/\/yoast.com\/product\/yoast-seo-wordpress\/ -->\n<title>Picasso, Pablo, Buste de femme avec fichu, 1939 - Galerie Institut<\/title>\n<meta name=\"description\" content=\"D\u00e9couvrez l&#039;oeuvre Picasso, Pablo, Buste de femme avec fichu, 1939 disponible \u00e0 la Galerie de l&#039;Institut. Si vous \u00eates int\u00e9ress\u00e9.e.s par Picasso, Pablo, Buste de femme avec fichu, 1939 merci de nous contacter \u00e0 contact@galerie-institut.com\" \/>\n<meta name=\"robots\" content=\"index, follow, max-snippet:-1, max-image-preview:large, max-video-preview:-1\" \/>\n<link rel=\"canonical\" href=\"https:\/\/galerie-institut.com\/en\/produit\/picasso-pablo-buste-femme-fichu-1939\/\" \/>\n<meta property=\"og:locale\" content=\"en_US\" \/>\n<meta property=\"og:type\" content=\"article\" \/>\n<meta property=\"og:title\" content=\"Picasso, Pablo, Buste de femme avec fichu, 1939 - Galerie Institut\" \/>\n<meta property=\"og:description\" content=\"D\u00e9couvrez l&#039;oeuvre Picasso, Pablo, Buste de femme avec fichu, 1939 disponible \u00e0 la Galerie de l&#039;Institut. Si vous \u00eates int\u00e9ress\u00e9.e.s par Picasso, Pablo, Buste de femme avec fichu, 1939 merci de nous contacter \u00e0 contact@galerie-institut.com\" \/>\n<meta property=\"og:url\" content=\"https:\/\/galerie-institut.com\/en\/produit\/picasso-pablo-buste-femme-fichu-1939\/\" \/>\n<meta property=\"og:site_name\" content=\"Galerie Institut\" \/>\n<meta property=\"article:modified_time\" content=\"2026-04-27T09:01:22+00:00\" \/>\n<meta property=\"og:image\" content=\"https:\/\/galerie-institut.com\/wp-content\/uploads\/2023\/07\/Bl.324-fd-blanc.jpg\" \/>\n\t<meta property=\"og:image:width\" content=\"1000\" \/>\n\t<meta property=\"og:image:height\" content=\"1000\" \/>\n\t<meta property=\"og:image:type\" content=\"image\/jpeg\" \/>\n<meta name=\"twitter:card\" content=\"summary_large_image\" \/>\n<script type=\"application\/ld+json\" class=\"yoast-schema-graph\">{\"@context\":\"https:\\\/\\\/schema.org\",\"@graph\":[{\"@type\":\"WebPage\",\"@id\":\"https:\\\/\\\/galerie-institut.com\\\/en\\\/produit\\\/picasso-pablo-buste-femme-fichu-1939\\\/\",\"url\":\"https:\\\/\\\/galerie-institut.com\\\/en\\\/produit\\\/picasso-pablo-buste-femme-fichu-1939\\\/\",\"name\":\"Picasso, Pablo, Buste de femme avec fichu, 1939 - Galerie Institut\",\"isPartOf\":{\"@id\":\"https:\\\/\\\/galerie-institut.com\\\/en\\\/#website\"},\"primaryImageOfPage\":{\"@id\":\"https:\\\/\\\/galerie-institut.com\\\/en\\\/produit\\\/picasso-pablo-buste-femme-fichu-1939\\\/#primaryimage\"},\"image\":{\"@id\":\"https:\\\/\\\/galerie-institut.com\\\/en\\\/produit\\\/picasso-pablo-buste-femme-fichu-1939\\\/#primaryimage\"},\"thumbnailUrl\":\"https:\\\/\\\/galerie-institut.com\\\/wp-content\\\/uploads\\\/2023\\\/07\\\/Bl.324-fd-blanc.jpg\",\"datePublished\":\"2023-07-22T09:40:24+00:00\",\"dateModified\":\"2026-04-27T09:01:22+00:00\",\"description\":\"D\u00e9couvrez l'oeuvre Picasso, Pablo, Buste de femme avec fichu, 1939 disponible \u00e0 la Galerie de l'Institut. Si vous \u00eates int\u00e9ress\u00e9.e.s par Picasso, Pablo, Buste de femme avec fichu, 1939 merci de nous contacter \u00e0 contact@galerie-institut.com\",\"breadcrumb\":{\"@id\":\"https:\\\/\\\/galerie-institut.com\\\/en\\\/produit\\\/picasso-pablo-buste-femme-fichu-1939\\\/#breadcrumb\"},\"inLanguage\":\"en-US\",\"potentialAction\":[{\"@type\":\"ReadAction\",\"target\":[\"https:\\\/\\\/galerie-institut.com\\\/en\\\/produit\\\/picasso-pablo-buste-femme-fichu-1939\\\/\"]}]},{\"@type\":\"ImageObject\",\"inLanguage\":\"en-US\",\"@id\":\"https:\\\/\\\/galerie-institut.com\\\/en\\\/produit\\\/picasso-pablo-buste-femme-fichu-1939\\\/#primaryimage\",\"url\":\"https:\\\/\\\/galerie-institut.com\\\/wp-content\\\/uploads\\\/2023\\\/07\\\/Bl.324-fd-blanc.jpg\",\"contentUrl\":\"https:\\\/\\\/galerie-institut.com\\\/wp-content\\\/uploads\\\/2023\\\/07\\\/Bl.324-fd-blanc.jpg\",\"width\":1000,\"height\":1000,\"caption\":\"Depicts a woman in profile with a kerchief over her head. Bon \u00e0 tirer for an aquatint engraving\"},{\"@type\":\"BreadcrumbList\",\"@id\":\"https:\\\/\\\/galerie-institut.com\\\/en\\\/produit\\\/picasso-pablo-buste-femme-fichu-1939\\\/#breadcrumb\",\"itemListElement\":[{\"@type\":\"ListItem\",\"position\":1,\"name\":\"Accueil\",\"item\":\"https:\\\/\\\/galerie-institut.com\\\/en\\\/accueil\\\/\"},{\"@type\":\"ListItem\",\"position\":2,\"name\":\"Boutique\",\"item\":\"https:\\\/\\\/galerie-institut.com\\\/?page_id=8607\"},{\"@type\":\"ListItem\",\"position\":3,\"name\":\"Picasso, Pablo, Buste de femme avec fichu, 1939\"}]},{\"@type\":\"WebSite\",\"@id\":\"https:\\\/\\\/galerie-institut.com\\\/en\\\/#website\",\"url\":\"https:\\\/\\\/galerie-institut.com\\\/en\\\/\",\"name\":\"Galerie Institut\",\"description\":\"\",\"potentialAction\":[{\"@type\":\"SearchAction\",\"target\":{\"@type\":\"EntryPoint\",\"urlTemplate\":\"https:\\\/\\\/galerie-institut.com\\\/en\\\/?s={search_term_string}\"},\"query-input\":{\"@type\":\"PropertyValueSpecification\",\"valueRequired\":true,\"valueName\":\"search_term_string\"}}],\"inLanguage\":\"en-US\"}]}<\/script>\n<!-- \/ Yoast SEO plugin. -->","yoast_head_json":{"title":"Picasso, Pablo, Buste de femme avec fichu, 1939 - Galerie Institut","description":"D\u00e9couvrez l'oeuvre Picasso, Pablo, Buste de femme avec fichu, 1939 disponible \u00e0 la Galerie de l'Institut. Si vous \u00eates int\u00e9ress\u00e9.e.s par Picasso, Pablo, Buste de femme avec fichu, 1939 merci de nous contacter \u00e0 contact@galerie-institut.com","robots":{"index":"index","follow":"follow","max-snippet":"max-snippet:-1","max-image-preview":"max-image-preview:large","max-video-preview":"max-video-preview:-1"},"canonical":"https:\/\/galerie-institut.com\/en\/produit\/picasso-pablo-buste-femme-fichu-1939\/","og_locale":"en_US","og_type":"article","og_title":"Picasso, Pablo, Buste de femme avec fichu, 1939 - Galerie Institut","og_description":"D\u00e9couvrez l'oeuvre Picasso, Pablo, Buste de femme avec fichu, 1939 disponible \u00e0 la Galerie de l'Institut. Si vous \u00eates int\u00e9ress\u00e9.e.s par Picasso, Pablo, Buste de femme avec fichu, 1939 merci de nous contacter \u00e0 contact@galerie-institut.com","og_url":"https:\/\/galerie-institut.com\/en\/produit\/picasso-pablo-buste-femme-fichu-1939\/","og_site_name":"Galerie Institut","article_modified_time":"2026-04-27T09:01:22+00:00","og_image":[{"width":1000,"height":1000,"url":"https:\/\/galerie-institut.com\/wp-content\/uploads\/2023\/07\/Bl.324-fd-blanc.jpg","type":"image\/jpeg"}],"twitter_card":"summary_large_image","schema":{"@context":"https:\/\/schema.org","@graph":[{"@type":"WebPage","@id":"https:\/\/galerie-institut.com\/en\/produit\/picasso-pablo-buste-femme-fichu-1939\/","url":"https:\/\/galerie-institut.com\/en\/produit\/picasso-pablo-buste-femme-fichu-1939\/","name":"Picasso, Pablo, Buste de femme avec fichu, 1939 - Galerie Institut","isPartOf":{"@id":"https:\/\/galerie-institut.com\/en\/#website"},"primaryImageOfPage":{"@id":"https:\/\/galerie-institut.com\/en\/produit\/picasso-pablo-buste-femme-fichu-1939\/#primaryimage"},"image":{"@id":"https:\/\/galerie-institut.com\/en\/produit\/picasso-pablo-buste-femme-fichu-1939\/#primaryimage"},"thumbnailUrl":"https:\/\/galerie-institut.com\/wp-content\/uploads\/2023\/07\/Bl.324-fd-blanc.jpg","datePublished":"2023-07-22T09:40:24+00:00","dateModified":"2026-04-27T09:01:22+00:00","description":"D\u00e9couvrez l'oeuvre Picasso, Pablo, Buste de femme avec fichu, 1939 disponible \u00e0 la Galerie de l'Institut. Si vous \u00eates int\u00e9ress\u00e9.e.s par Picasso, Pablo, Buste de femme avec fichu, 1939 merci de nous contacter \u00e0 contact@galerie-institut.com","breadcrumb":{"@id":"https:\/\/galerie-institut.com\/en\/produit\/picasso-pablo-buste-femme-fichu-1939\/#breadcrumb"},"inLanguage":"en-US","potentialAction":[{"@type":"ReadAction","target":["https:\/\/galerie-institut.com\/en\/produit\/picasso-pablo-buste-femme-fichu-1939\/"]}]},{"@type":"ImageObject","inLanguage":"en-US","@id":"https:\/\/galerie-institut.com\/en\/produit\/picasso-pablo-buste-femme-fichu-1939\/#primaryimage","url":"https:\/\/galerie-institut.com\/wp-content\/uploads\/2023\/07\/Bl.324-fd-blanc.jpg","contentUrl":"https:\/\/galerie-institut.com\/wp-content\/uploads\/2023\/07\/Bl.324-fd-blanc.jpg","width":1000,"height":1000,"caption":"Depicts a woman in profile with a kerchief over her head. Bon \u00e0 tirer for an aquatint engraving"},{"@type":"BreadcrumbList","@id":"https:\/\/galerie-institut.com\/en\/produit\/picasso-pablo-buste-femme-fichu-1939\/#breadcrumb","itemListElement":[{"@type":"ListItem","position":1,"name":"Accueil","item":"https:\/\/galerie-institut.com\/en\/accueil\/"},{"@type":"ListItem","position":2,"name":"Boutique","item":"https:\/\/galerie-institut.com\/?page_id=8607"},{"@type":"ListItem","position":3,"name":"Picasso, Pablo, Buste de femme avec fichu, 1939"}]},{"@type":"WebSite","@id":"https:\/\/galerie-institut.com\/en\/#website","url":"https:\/\/galerie-institut.com\/en\/","name":"Galerie Institut","description":"","potentialAction":[{"@type":"SearchAction","target":{"@type":"EntryPoint","urlTemplate":"https:\/\/galerie-institut.com\/en\/?s={search_term_string}"},"query-input":{"@type":"PropertyValueSpecification","valueRequired":true,"valueName":"search_term_string"}}],"inLanguage":"en-US"}]}},"_links":{"self":[{"href":"https:\/\/galerie-institut.com\/en\/wp-json\/wp\/v2\/product\/17100","targetHints":{"allow":["GET"]}}],"collection":[{"href":"https:\/\/galerie-institut.com\/en\/wp-json\/wp\/v2\/product"}],"about":[{"href":"https:\/\/galerie-institut.com\/en\/wp-json\/wp\/v2\/types\/product"}],"replies":[{"embeddable":true,"href":"https:\/\/galerie-institut.com\/en\/wp-json\/wp\/v2\/comments?post=17100"}],"wp:featuredmedia":[{"embeddable":true,"href":"https:\/\/galerie-institut.com\/en\/wp-json\/wp\/v2\/media\/17102"}],"wp:attachment":[{"href":"https:\/\/galerie-institut.com\/en\/wp-json\/wp\/v2\/media?parent=17100"}],"wp:term":[{"taxonomy":"product_brand","embeddable":true,"href":"https:\/\/galerie-institut.com\/en\/wp-json\/wp\/v2\/product_brand?post=17100"},{"taxonomy":"product_cat","embeddable":true,"href":"https:\/\/galerie-institut.com\/en\/wp-json\/wp\/v2\/product_cat?post=17100"},{"taxonomy":"product_tag","embeddable":true,"href":"https:\/\/galerie-institut.com\/en\/wp-json\/wp\/v2\/product_tag?post=17100"}],"curies":[{"name":"wp","href":"https:\/\/api.w.org\/{rel}","templated":true}]}}